{"id":19515,"date":"2025-04-07T06:51:49","date_gmt":"2025-04-07T06:51:49","guid":{"rendered":"https:\/\/www.hydraulic-cylinders.net\/product\/boom-cylinder-for-carter-ct60-8a-8b\/"},"modified":"2025-04-07T06:51:52","modified_gmt":"2025-04-07T06:51:52","slug":"boom-cylinder-for-carter-ct60-8a-8b","status":"publish","type":"product","link":"https:\/\/www.hydraulic-cylinders.net\/sk\/produkt\/boom-cylinder-for-carter-ct60-8a-8b\/","title":{"rendered":"Valec v\u00fdlo\u017en\u00edka pre Carter CT60-8A-8B"},"content":{"rendered":"<h1>Valec v\u00fdlo\u017en\u00edka pre Carter CT60-8A-8B<\/h1>\n<h2>\u00davod do valca v\u00fdlo\u017en\u00edka<\/h2>\n<p>Hydraulick\u00fd valec v\u00fdlo\u017en\u00edka je \u0161pecializovan\u00fd hydraulick\u00fd valec ur\u010den\u00fd na ovl\u00e1danie pohybu ly\u017e\u00edc v r\u00f4znych \u0165a\u017ek\u00fdch strojoch, ako s\u00fa r\u00fdpadl\u00e1, r\u00fdpadlo-naklada\u010de a \u010deln\u00e9 naklada\u010de. Tento hydraulick\u00fd komponent umo\u017e\u0148uje ly\u017eici zdv\u00edha\u0165, sp\u00fa\u0161\u0165a\u0165 a nakl\u00e1\u0148a\u0165, \u010do u\u013eah\u010duje manipul\u00e1ciu s materi\u00e1lom v stavebn\u00edctve a po\u013enohospod\u00e1rstve. Valec ly\u017eice zohr\u00e1va k\u013e\u00fa\u010dov\u00fa \u00falohu v hydraulickom syst\u00e9me a zabezpe\u010duje plynul\u00fd a efekt\u00edvny chod pri zdv\u00edhan\u00ed \u0165a\u017ek\u00fdch bremien.<\/p>\n<p><img decoding=\"async\" src=\"https:\/\/www.hydraulic-cylinders.net\/wp-content\/uploads\/2025\/04\/songte-company-1.webp\" alt=\"Valec v\u00fdlo\u017en\u00edka\" \/><\/p>\n<h2>Vlastnosti valca v\u00fdlo\u017en\u00edka<\/h2>\n<ul>\n<li>\n<h3>Vysok\u00e1 pevnos\u0165 a odolnos\u0165<\/h3>\n<p>    Tieto valce, ktor\u00e9 s\u00fa zvy\u010dajne vyroben\u00e9 z vysokopevnostnej ocele alebo hlin\u00edka, s\u00fa navrhnut\u00e9 tak, aby odolali vysok\u00e9mu tlaku a ve\u013ek\u00e9mu za\u0165a\u017eeniu, v\u010faka \u010domu s\u00fa vhodn\u00e9 do n\u00e1ro\u010dn\u00fdch pracovn\u00fdch prostred\u00ed. Ich kon\u0161trukcia tie\u017e zah\u0155\u0148a odolnos\u0165 proti opotrebovaniu a ochranu proti kor\u00f3zii, \u010do predl\u017euje ich \u017eivotnos\u0165.<\/li>\n<li>\n<h3>Efekt\u00edvna hydraulick\u00e1 prev\u00e1dzka<\/h3>\n<p>    V\u010faka tlaku hydraulick\u00e9ho oleja umo\u017e\u0148uje valec v\u00fdlo\u017en\u00edka plynul\u00e9 vys\u00favanie a zas\u00favanie, r\u00fdchlo reaguje na povely oper\u00e1tora a poskytuje siln\u00e9 tla\u010dn\u00e9 a \u0165a\u017en\u00e9 sily. V\u010faka tomu s\u00fa ide\u00e1lne na manipul\u00e1ciu s \u0165a\u017ek\u00fdmi materi\u00e1lmi a zlo\u017eit\u00fdmi \u00falohami.<\/li>\n<li>\n<h3>R\u00f4zne typy<\/h3>\n<p>    Valce v\u00fdlo\u017en\u00edka je mo\u017en\u00e9 vybra\u0165 na z\u00e1klade \u0161pecifick\u00fdch potrieb, vr\u00e1tane jedno\u010dinn\u00fdch (vyu\u017e\u00edvaj\u00facich hydraulick\u00fa silu v jednom smere) alebo dvoj\u010dinn\u00fdch (vyu\u017e\u00edvaj\u00facich hydraulick\u00fa silu v oboch smeroch). Niektor\u00e9 modely s\u00fa teleskopick\u00e9, \u010do umo\u017e\u0148uje v\u00e4\u010d\u0161ie vysunutie bez zv\u00e4\u010d\u0161enia vonkaj\u0161\u00edch rozmerov, vhodn\u00e9 pre aplik\u00e1cie s obmedzen\u00fdm priestorom.<\/li>\n<\/ul>\n<h2>V\u00fdrobn\u00e1 kapacita<\/h2>\n<p>Sme schopn\u00ed vyrobi\u0165 tento valec v\u00fdlo\u017en\u00edka s presnos\u0165ou a kvalitou, ktor\u00e1 dok\u00e1\u017ee dokonale nahradi\u0165 existuj\u00face hydraulick\u00e9 valce.<\/p>\n<p><img decoding=\"async\" src=\"https:\/\/www.hydraulic-cylinders.net\/wp-content\/uploads\/2025\/04\/songte-cylinder-head-with-all-kinds-excavator-models.webp\" alt=\"V\u00fdrobn\u00e1 kapacita\" \/><\/p>\n<h2>Aplik\u00e1cie valca v\u00fdlo\u017en\u00edka<\/h2>\n<h3>Stavebn\u00e9 stroje<\/h3>\n<p>V r\u00fdpadl\u00e1ch s\u00fa valce v\u00fdlo\u017en\u00edka nevyhnutn\u00e9 na kopanie, nakladanie a premiest\u0148ovanie zeminy alebo sutiny. Zohr\u00e1vaj\u00fa k\u013e\u00fa\u010dov\u00fa \u00falohu pri umo\u017e\u0148ovan\u00ed efekt\u00edvneho prenikania ly\u017eice do zeme, \u010do umo\u017e\u0148uje efekt\u00edvne v\u00fdkopov\u00e9 pr\u00e1ce a prepravu materi\u00e1lu.<\/p>\n<h3>Po\u013enohospod\u00e1rske stroje<\/h3>\n<p>V \u010deln\u00fdch naklada\u010doch pom\u00e1haj\u00fa valce v\u00fdlo\u017en\u00edka pri naberan\u00ed, zdv\u00edhan\u00ed a preprave p\u00f4dy, sena a in\u00fdch materi\u00e1lov. Ich spo\u013eahliv\u00e1 prev\u00e1dzka je k\u013e\u00fa\u010dov\u00e1 pre optimaliz\u00e1ciu po\u013enohospod\u00e1rskych \u00faloh a zvy\u0161ovanie produktivity na farm\u00e1ch.<\/p>\n<h3>R\u00fdpadl\u00e1<\/h3>\n<p>Valec v\u00fdlo\u017en\u00edka umo\u017e\u0148uje r\u00fdpadl\u00e1m vykon\u00e1va\u0165 kopacie \u010dinnosti t\u00fdm, \u017ee umo\u017e\u0148uje ly\u017eici \u013eahk\u00e9 prenikanie do p\u00f4dy. T\u00e1to funkcia je nevyhnutn\u00e1 pre r\u00f4zne stavebn\u00e9 a krajin\u00e1rske projekty.<\/p>\n<h3>Naklada\u010de<\/h3>\n<p>V \u010deln\u00fdch naklada\u010doch valec v\u00fdlo\u017en\u00edka \u00fa\u010dinne pom\u00e1ha pri zdv\u00edhan\u00ed a vykladan\u00ed materi\u00e1lov. To je k\u013e\u00fa\u010dov\u00e9 pre stavenisk\u00e1, kde je potrebn\u00e9 efekt\u00edvne premiest\u0148ova\u0165 \u0165a\u017ek\u00e9 materi\u00e1ly.<\/p>\n<h2>\u00davahy o dizajne a krit\u00e9ri\u00e1 v\u00fdberu<\/h2>\n<ul>\n<li>\n<h3>Nosnos\u0165<\/h3>\n<p>    Pri v\u00fdbere valca v\u00fdlo\u017en\u00edka je k\u013e\u00fa\u010dov\u00e9 pochopenie jeho nosnosti. Valec mus\u00ed by\u0165 schopn\u00fd zvl\u00e1dnu\u0165 maxim\u00e1lne za\u0165a\u017eenie, s ktor\u00fdm sa stretne po\u010das prev\u00e1dzky, bez kompromisov v oblasti bezpe\u010dnosti alebo v\u00fdkonu. Aby sa zabezpe\u010dilo, \u017ee valec je vhodne dimenzovan\u00fd na dan\u00e9 pou\u017eitie, je potrebn\u00e9 zv\u00e1\u017ei\u0165 faktory, ako je hmotnos\u0165 prepravovan\u00fdch materi\u00e1lov a sklon ter\u00e9nu.<\/h3>\n<\/li>\n<li>\n<h3>Tesnenie<\/h3>\n<p>    Tesniace syst\u00e9my pou\u017e\u00edvan\u00e9 vo valcoch v\u00fdlo\u017en\u00edka s\u00fa z\u00e1kladom ich v\u00fdkonu. Vysokokvalitn\u00e9 tesnenia zabra\u0148uj\u00fa \u00faniku hydraulickej kvapaliny, \u010do m\u00f4\u017ee vies\u0165 k zn\u00ed\u017eeniu \u00fa\u010dinnosti a mo\u017en\u00e9mu po\u0161kodeniu valca. R\u00f4zne materi\u00e1ly tesnen\u00ed, ako napr\u00edklad polyuret\u00e1n a nitrilov\u00e1 guma, sa vyberaj\u00fa pre svoju trvanlivos\u0165 a odolnos\u0165 vo\u010di opotrebovaniu, \u010d\u00edm sa zabezpe\u010duje dlh\u00e1 \u017eivotnos\u0165 valca.<\/h3>\n<\/li>\n<li>\n<h3>Trvanlivos\u0165<\/h3>\n<p>    Materi\u00e1ly pou\u017eit\u00e9 pri v\u00fdrobe valcov ramena v\u00fdrazne ovplyv\u0148uj\u00fa ich trvanlivos\u0165. Vysokopevnostn\u00e9 materi\u00e1ly s\u00fa nevyhnutn\u00e9 na odolanie n\u00e1ro\u010dn\u00fdm pracovn\u00fdm podmienkam a mechanick\u00e9mu nam\u00e1haniu. Pravideln\u00e9 hodnotenie opotrebovania m\u00f4\u017ee pom\u00f4c\u0165 pri identifik\u00e1cii, kedy je potrebn\u00e9 valec servisova\u0165 alebo vymeni\u0165.<\/h3>\n<\/li>\n<li>\n<h3>Bezpe\u010dnos\u0165<\/h3>\n<p>    Bezpe\u010dnostn\u00e9 prvky, ako s\u00fa pretlakov\u00e9 ventily a bezpe\u010dnostn\u00e9 z\u00e1mky, s\u00fa d\u00f4le\u017eit\u00fdmi faktormi pri kon\u0161trukcii valcov v\u00fdlo\u017en\u00edka. Tieto prvky pom\u00e1haj\u00fa predch\u00e1dza\u0165 nehod\u00e1m po\u010das prev\u00e1dzky a poskytuj\u00fa pokoj v du\u0161i obsluhe pracuj\u00facej s \u0165a\u017ek\u00fdmi strojmi.<\/h3>\n<\/li>\n<li>\n<h3>\u00dadr\u017eba<\/h3>\n<p>    V\u00fdber valca ramena navrhnut\u00e9ho pre jednoduch\u00fa \u00fadr\u017ebu m\u00f4\u017ee v\u00fdrazne skr\u00e1ti\u0165 prestoje. Funkcie, ktor\u00e9 umo\u017e\u0148uj\u00fa r\u00fdchle kontroly, mazanie a v\u00fdmenu tesnen\u00ed, m\u00f4\u017eu pred\u013a\u017ei\u0165 \u017eivotnos\u0165 valca a zabezpe\u010di\u0165 jeho dlh\u0161iu prev\u00e1dzku.<\/h3>\n<\/li>\n<\/ul>\n<p><img decoding=\"async\" src=\"https:\/\/www.hydraulic-cylinders.net\/wp-content\/uploads\/2025\/04\/songte-oil-pipes-and-spare-parts.webp\" alt=\"\u00davahy o dizajne\" \/><\/p>\n<h2>Tesnenie a mazanie valca<\/h2>\n<p>\u00da\u010dinn\u00e9 tesnenie je nevyhnutn\u00e9 pre v\u00fdkon valcov v\u00fdlo\u017en\u00edka. Na zadr\u017eanie hydraulickej kvapaliny a z\u00e1rove\u0148 na zabr\u00e1nenie vniknutia vonkaj\u0161\u00edch ne\u010dist\u00f4t do valca sa pou\u017e\u00edvaj\u00fa r\u00f4zne tesniace komponenty, ako s\u00fa tesnenia piestov a tesnenia ty\u010d\u00ed. Tesnenia vyroben\u00e9 z odoln\u00fdch materi\u00e1lov, ako je polyuret\u00e1n a nitrilov\u00fd kau\u010duk, poskytuj\u00fa odolnos\u0165 vo\u010di opotrebovaniu a drsn\u00fdm prev\u00e1dzkov\u00fdm podmienkam. Okrem toho teleso valca a z\u00e1vitov\u00e9 koncov\u00e9 plochy prech\u00e1dzaj\u00fa presn\u00fdm obr\u00e1ban\u00edm, aby sa zv\u00fd\u0161ila odolnos\u0165 proti opotrebovaniu. Pravideln\u00e9 mazanie hydraulick\u00fdm olejom je nevyhnutn\u00e9 na minimaliz\u00e1ciu trenia a zabezpe\u010denie plynul\u00e9ho chodu pohybliv\u00fdch \u010dast\u00ed.<\/p>\n<h2>Pravideln\u00e1 kontrola a prevent\u00edvna \u00fadr\u017eba<\/h2>\n<ul>\n<li>\n<h3>Rutinn\u00e1 kontrola<\/h3>\n<p>    Vykon\u00e1vanie pravideln\u00fdch kontrol valca ramena je nevyhnutn\u00e9 na identifik\u00e1ciu potenci\u00e1lnych probl\u00e9mov sk\u00f4r, ako sa stan\u00fa v\u00e1\u017enymi. Patria sem kontroly netesnost\u00ed, opotrebovania a po\u0161kodenia, ktor\u00e9 m\u00f4\u017eu nazna\u010dova\u0165 z\u00e1kladn\u00e9 mechanick\u00e9 poruchy. Pravideln\u00e9 monitorovanie zabezpe\u010duje, \u017ee zariadenie zostane v optim\u00e1lnom prev\u00e1dzkovom stave, \u010d\u00edm sa predl\u017euje jeho \u017eivotnos\u0165.<\/h3>\n<\/li>\n<li>\n<h3>Vhodn\u00e9 mazanie<\/h3>\n<p>    Spr\u00e1vne mazanie hydraulick\u00fdch valcov je k\u013e\u00fa\u010dov\u00e9 pre zn\u00ed\u017eenie trenia a opotrebenia medzi pohybliv\u00fdmi \u010das\u0165ami. Je nevyhnutn\u00e9 dodr\u017eiava\u0165 odpor\u00fa\u010dania v\u00fdrobcu t\u00fdkaj\u00face sa intervalov a mno\u017estiev mazania, aby sa zachoval v\u00fdkon valca. Dostato\u010dn\u00e9 mazanie nielen\u017ee zabra\u0148uje pred\u010dasn\u00e9mu opotrebovaniu, ale tie\u017e zvy\u0161uje \u00fa\u010dinnos\u0165 hydraulick\u00e9ho syst\u00e9mu.<\/h3>\n<\/li>\n<li>\n<h3>V\u00fdmena tesnenia<\/h3>\n<p>    Tesnenia s\u00fa be\u017enou s\u00fa\u010das\u0165ou opotrebovania hydraulick\u00fdch valcov a v\u010dasn\u00e1 v\u00fdmena je nevyhnutn\u00e1 na zabr\u00e1nenie \u00fanikom z hydraulick\u00e9ho syst\u00e9mu. Pravideln\u00e1 kontrola zn\u00e1mok opotrebovania alebo po\u0161kodenia m\u00f4\u017ee pom\u00f4c\u0165 ur\u010di\u0165, kedy je potrebn\u00e9 tesnenia vymeni\u0165. Mali by sa dodr\u017eiava\u0165 spr\u00e1vne postupy v\u00fdmeny tesnen\u00ed, aby sa zabezpe\u010dilo ich pevn\u00e9 ulo\u017eenie a predi\u0161lo sa bud\u00facim \u00fanikom.<\/h3>\n<\/li>\n<\/ul>\n<p><img decoding=\"async\" src=\"https:\/\/www.hydraulic-cylinders.net\/wp-content\/uploads\/2025\/04\/songte-chushion-collar.webp\" alt=\"\u00dalohy \u00fadr\u017eby\" \/><\/p>\n<h2>Bezpe\u010dnostn\u00e9 aspekty a faktory prostredia<\/h2>\n<p>Pri pr\u00e1ci s hydraulick\u00fdmi syst\u00e9mami s\u00fa bezpe\u010dnostn\u00e9 opatrenia prvorad\u00e9. Obsluha by mala by\u0165 vy\u0161kolen\u00e1 v spr\u00e1vnom pou\u017e\u00edvan\u00ed hydraulick\u00fdch zariaden\u00ed vr\u00e1tane riz\u00edk spojen\u00fdch s vysokotlakov\u00fdmi syst\u00e9mami. Okrem toho s\u00fa pravideln\u00e9 kontroly \u00fadr\u017eby nevyhnutn\u00e9 na zabezpe\u010denie spr\u00e1vnej funkcie v\u0161etk\u00fdch komponentov, \u010d\u00edm sa minimalizuje riziko neh\u00f4d. Je potrebn\u00e9 rie\u0161i\u0165 aj environment\u00e1lne faktory, ako s\u00fa \u00faniky oleja a kontamin\u00e1cia, pou\u017e\u00edvan\u00edm ekologick\u00fdch hydraulick\u00fdch kvapal\u00edn a implement\u00e1ciou spr\u00e1vnych postupov likvid\u00e1cie ak\u00e9hoko\u013evek odpadu vzniknut\u00e9ho po\u010das \u00fadr\u017eby.<\/p>\n<h2>Diagnostika por\u00fach a be\u017en\u00e9 probl\u00e9my<\/h2>\n<ul>\n<li>\n<h3>Hydraulick\u00e9 \u00faniky<\/h3>\n<p>    Jedn\u00fdm z naj\u010dastej\u0161\u00edch probl\u00e9mov s valcami v\u00fdlo\u017en\u00edka s\u00fa \u00faniky hydraulickej kvapaliny. M\u00f4\u017eu sa vyskytn\u00fa\u0165 v d\u00f4sledku opotrebovan\u00fdch tesnen\u00ed alebo po\u0161koden\u00fdch komponentov, \u010do vedie k zn\u00ed\u017eenej \u00fa\u010dinnosti a potenci\u00e1lnym bezpe\u010dnostn\u00fdm rizik\u00e1m. Pravideln\u00e9 kontroly m\u00f4\u017eu pom\u00f4c\u0165 v\u010das odhali\u0165 \u00faniky a umo\u017eni\u0165 r\u00fdchle opravy.<\/h3>\n<\/li>\n<li>\n<h3>Pomal\u00e1 doba odozvy<\/h3>\n<p>    Ak valec v\u00fdlo\u017en\u00edka reaguje na povely oper\u00e1tora pomaly, m\u00f4\u017ee to signalizova\u0165 vzduch v hydraulickom syst\u00e9me alebo n\u00edzku hladinu hydraulickej kvapaliny. Tento probl\u00e9m m\u00f4\u017ee vy\u017eadova\u0165 odvzdu\u0161nenie syst\u00e9mu alebo doplnenie hydraulickej kvapaliny, aby sa obnovila norm\u00e1lna funkcia.<\/h3>\n<\/li>\n<li>\n<h3>Zv\u00fd\u0161en\u00e1 hladina hluku<\/h3>\n<p>    Nezvy\u010dajn\u00fd hluk po\u010das prev\u00e1dzky m\u00f4\u017ee signalizova\u0165 mechanick\u00e9 probl\u00e9my, ako napr\u00edklad nespr\u00e1vne zarovnan\u00fd valec alebo nedostatok mazania. Obsluha by mala presk\u00fama\u0165 zdroj hluku, aby predi\u0161la \u010fal\u0161iemu po\u0161kodeniu hydraulick\u00e9ho syst\u00e9mu.<\/h3>\n<\/li>\n<\/ul>\n<h2>Tipy a rie\u0161enia probl\u00e9mov<\/h2>\n<p>Pre efekt\u00edvnu diagnostiku a rie\u0161enie probl\u00e9mov s valcami ramena by oper\u00e1tori mali dodr\u017eiava\u0165 \u0161trukt\u00farovan\u00fd pr\u00edstup. Za\u010dnite kontrolou vonkaj\u0161\u00edch netesnost\u00ed a kontrolou hladiny kvapal\u00edn. Ak sa zistia netesnosti, vyme\u0148te potrebn\u00e9 tesnenia a komponenty. V pr\u00edpade pomal\u00fdch reak\u010dn\u00fdch \u010dasov sa uistite, \u017ee hydraulick\u00fd syst\u00e9m je bez vzduchu a \u017ee hladiny kvapal\u00edn s\u00fa dostato\u010dn\u00e9. Okam\u017eit\u00e9 rie\u0161enie ak\u00e9hoko\u013evek nezvy\u010dajn\u00e9ho hluku zabr\u00e1ni komplik\u00e1ci\u00e1m a oper\u00e1tori by sa mali riadi\u0165 pokynmi v\u00fdrobcu, kde s\u00fa uveden\u00e9 konkr\u00e9tne postupy rie\u0161enia probl\u00e9mov. Prevent\u00edvne opatrenia, ako je pravideln\u00e1 \u00fadr\u017eba a kontroly, s\u00fa nevyhnutn\u00e9 na minimaliz\u00e1ciu potenci\u00e1lnych probl\u00e9mov a zabezpe\u010denie spo\u013eahlivej prev\u00e1dzky.<\/p>\n<p><img decoding=\"async\" src=\"https:\/\/www.hydraulic-cylinders.net\/wp-content\/uploads\/2025\/04\/songte-bushings-with-all-kinds-of-excavator-models.webp\" alt=\"Rie\u0161enie probl\u00e9mov\" \/><\/p>\n<h2>O na\u0161ej spolo\u010dnosti<\/h2>\n<p>Sme v\u00fdrobcom n\u00e1hradn\u00fdch hydraulick\u00fdch valcov a pon\u00fakame komplexn\u00fd sortiment produktov, v\u010faka ktor\u00fdm sme sa etablovali ako jeden z popredn\u00fdch v\u00fdrobcov a ve\u013ekoobchodn\u00edkov na dom\u00e1com aj medzin\u00e1rodnom trhu. Dodr\u017eiavame vynikaj\u00facu kvalitu prostredn\u00edctvom prepracovanej v\u00fdrobnej strat\u00e9gie, ktor\u00e1 kladie d\u00f4raz na riadenie priemyselnej v\u00fdroby. Na\u0161a spolo\u010dnos\u0165 neust\u00e1le zlep\u0161uje svoje v\u00fdrobn\u00e9 kapacity integr\u00e1ciou kvalifikovan\u00e9ho technick\u00e9ho person\u00e1lu, pokro\u010dil\u00fdch digit\u00e1lnych v\u00fdrobn\u00fdch zariaden\u00ed a profesion\u00e1lnych testovac\u00edch syst\u00e9mov. Tento z\u00e1v\u00e4zok ku kvalite a presnosti n\u00e1m umo\u017e\u0148uje efekt\u00edvne uspokojova\u0165 rozmanit\u00e9 potreby z\u00e1kazn\u00edkov.<\/p>\n<p><img decoding=\"async\" src=\"https:\/\/www.hydraulic-cylinders.net\/wp-content\/uploads\/2025\/04\/songte-company-4.webp\" alt=\"Preh\u013ead spolo\u010dnosti\" \/><br \/>\n<img decoding=\"async\" src=\"https:\/\/www.hydraulic-cylinders.net\/wp-content\/uploads\/2025\/04\/songte-company-3.webp\" alt=\"Preh\u013ead spolo\u010dnosti\" \/><\/p>\n<p>Na\u0161a spolo\u010dnos\u0165 sa p\u00fd\u0161i svojou profesionalitou, medzin\u00e1rodn\u00fdmi certifik\u00e1ciami, slu\u017ebami na mieru, najmodernej\u0161\u00edmi v\u00fdrobn\u00fdmi zariadeniami a v\u00fdnimo\u010dn\u00fdm popredajn\u00fdm servisom, \u010d\u00edm zabezpe\u010duje, \u017ee na\u0161i klienti dostan\u00fa tie najlep\u0161ie mo\u017en\u00e9 produkty a podporu.<\/p>\n<p>Autor: lyl<\/p>","protected":false},"excerpt":{"rendered":"<p>Boom Cylinder For Carter CT60-8A-8B Introduction to Boom Cylinder The Boom Cylinder is a specialized hydraulic cylinder designed to control the movement of buckets in various heavy machinery, such as excavators, backhoe loaders, and front loaders. This hydraulic component enables the bucket to lift, lower, and tilt, facilitating material handling tasks in construction and agriculture. [&hellip;]<\/p>","protected":false},"featured_media":17868,"comment_status":"open","ping_status":"closed","template":"","meta":{"_et_pb_use_builder":"","_et_pb_old_content":"","_et_gb_content_width":""},"product_brand":[],"product_cat":[1546],"product_tag":[1547,1496],"class_list":{"0":"post-19515","1":"product","2":"type-product","3":"status-publish","4":"has-post-thumbnail","6":"product_cat-boom-cylinders","7":"product_tag-boom-cylinders","8":"product_tag-hydraulic-cylinders","10":"first","11":"instock","12":"shipping-taxable","13":"product-type-simple"},"amp_enabled":true,"_links":{"self":[{"href":"https:\/\/www.hydraulic-cylinders.net\/sk\/wp-json\/wp\/v2\/product\/19515","targetHints":{"allow":["GET"]}}],"collection":[{"href":"https:\/\/www.hydraulic-cylinders.net\/sk\/wp-json\/wp\/v2\/product"}],"about":[{"href":"https:\/\/www.hydraulic-cylinders.net\/sk\/wp-json\/wp\/v2\/types\/product"}],"replies":[{"embeddable":true,"href":"https:\/\/www.hydraulic-cylinders.net\/sk\/wp-json\/wp\/v2\/comments?post=19515"}],"wp:featuredmedia":[{"embeddable":true,"href":"https:\/\/www.hydraulic-cylinders.net\/sk\/wp-json\/wp\/v2\/media\/17868"}],"wp:attachment":[{"href":"https:\/\/www.hydraulic-cylinders.net\/sk\/wp-json\/wp\/v2\/media?parent=19515"}],"wp:term":[{"taxonomy":"product_brand","embeddable":true,"href":"https:\/\/www.hydraulic-cylinders.net\/sk\/wp-json\/wp\/v2\/product_brand?post=19515"},{"taxonomy":"product_cat","embeddable":true,"href":"https:\/\/www.hydraulic-cylinders.net\/sk\/wp-json\/wp\/v2\/product_cat?post=19515"},{"taxonomy":"product_tag","embeddable":true,"href":"https:\/\/www.hydraulic-cylinders.net\/sk\/wp-json\/wp\/v2\/product_tag?post=19515"}],"curies":[{"name":"pracovn\u00fd list","href":"https:\/\/api.w.org\/{rel}","templated":true}]}}