{"id":19520,"date":"2025-04-07T06:52:01","date_gmt":"2025-04-07T06:52:01","guid":{"rendered":"https:\/\/www.hydraulic-cylinders.net\/product\/boom-cylinder-for-carter-ct70-8g\/"},"modified":"2025-04-07T06:52:03","modified_gmt":"2025-04-07T06:52:03","slug":"boom-cylinder-for-carter-ct70-8g","status":"publish","type":"product","link":"https:\/\/www.hydraulic-cylinders.net\/sk\/produkt\/boom-cylinder-for-carter-ct70-8g\/","title":{"rendered":"Valec v\u00fdlo\u017en\u00edka pre Carter CT70-8G"},"content":{"rendered":"<h1>Valec v\u00fdlo\u017en\u00edka pre Carter CT70-8G<\/h1>\n<h2>Pochopenie valca vedra<\/h2>\n<p>Hydraulick\u00fd valec v\u00fdlo\u017en\u00edka pre Carter CT70-8G je \u0161pecializovan\u00fd hydraulick\u00fd valec ur\u010den\u00fd na ovl\u00e1danie pohybu ly\u017e\u00edc v \u0165a\u017ek\u00fdch strojoch, ako s\u00fa r\u00fdpadl\u00e1, r\u00fdpadlo-naklada\u010de a \u010deln\u00e9 naklada\u010de. Tento hydraulick\u00fd komponent umo\u017e\u0148uje zdv\u00edhanie, sp\u00fa\u0161\u0165anie a nakl\u00e1\u0148anie ly\u017eice, \u010do u\u013eah\u010duje efekt\u00edvnu manipul\u00e1ciu s materi\u00e1lmi. Valec ly\u017eice zohr\u00e1va k\u013e\u00fa\u010dov\u00fa \u00falohu v hydraulick\u00fdch syst\u00e9moch, pri\u010dom vyu\u017e\u00edva tlakov\u00fa kvapalinu na zabezpe\u010denie presn\u00e9ho ovl\u00e1dania a siln\u00fdch pohybov potrebn\u00fdch pre r\u00f4zne stavebn\u00e9 a po\u013enohospod\u00e1rske \u00falohy.<\/p>\n<p><img decoding=\"async\" src=\"https:\/\/www.hydraulic-cylinders.net\/wp-content\/uploads\/2025\/04\/songte-company-1.webp\" alt=\"Obr\u00e1zok valca v\u00fdlo\u017en\u00edka\"><\/p>\n<h3>K\u013e\u00fa\u010dov\u00e9 vlastnosti<\/h3>\n<ul>\n<li><strong>Vysok\u00e1 pevnos\u0165 a odolnos\u0165:<\/strong> Tieto valce s\u00fa vyroben\u00e9 z vysokopevnostnej ocele alebo hlin\u00edka, odol\u00e1vaj\u00fa vysok\u00e9mu tlaku a \u0165a\u017ek\u00fdm za\u0165a\u017eeniam, s\u00fa vhodn\u00e9 do n\u00e1ro\u010dn\u00fdch pracovn\u00fdch prostred\u00ed a zais\u0165uj\u00fa dlhodob\u00fa \u017eivotnos\u0165.<\/li>\n<li><strong>Efekt\u00edvna hydraulick\u00e1 prev\u00e1dzka:<\/strong> Valec vyu\u017e\u00edva hydraulick\u00fd tlak oleja pre plynul\u00e9 vys\u00favanie a zas\u00favanie, r\u00fdchlo reaguje na ovl\u00e1dacie povely a poskytuje siln\u00e9 tla\u010dn\u00e9 a \u0165ahov\u00e9 sily potrebn\u00e9 na zvl\u00e1dnutie \u0165a\u017ek\u00fdch a zlo\u017eit\u00fdch \u00faloh.<\/li>\n<li><strong>R\u00f4zne typy:<\/strong> K dispoz\u00edcii s\u00fa jedno\u010dinn\u00e9 (funguje jedn\u00fdm smerom) a dvoj\u010dinn\u00e9 (funguje v oboch smeroch), \u010do umo\u017e\u0148uje prisp\u00f4sobenie na z\u00e1klade prev\u00e1dzkov\u00fdch potrieb, pri\u010dom niektor\u00e9 modely s\u00fa ur\u010den\u00e9 na teleskopick\u00e9 vys\u00favanie, ktor\u00e9 poskytuje roz\u0161\u00edren\u00fd dosah v obmedzen\u00fdch priestoroch.<\/li>\n<\/ul>\n<p>Tento produkt vyr\u00e1bame a na\u0161e valce dok\u00e1\u017eu dokonale nahradi\u0165 r\u00f4zne hydraulick\u00e9 valce.<\/p>\n<p><img decoding=\"async\" src=\"https:\/\/www.hydraulic-cylinders.net\/wp-content\/uploads\/2025\/04\/songte-cylinder-head-with-all-kinds-excavator-models.webp\" alt=\"V\u00fdmena hydraulick\u00e9ho valca\"><\/p>\n<h2>Aplik\u00e1cie valca v\u00fdlo\u017en\u00edka<\/h2>\n<h3>Stavebn\u00e9 stroje<\/h3>\n<p>V r\u00fdpadl\u00e1ch s\u00fa valce v\u00fdlo\u017en\u00edka nevyhnutn\u00e9 na kopanie, nakladanie a premiest\u0148ovanie zeminy alebo sutiny. Zohr\u00e1vaj\u00fa d\u00f4le\u017eit\u00fa \u00falohu pri v\u00fdkopov\u00fdch pr\u00e1cach aj zdv\u00edhan\u00ed v r\u00fdpadlo-naklada\u010doch, \u010d\u00edm zabezpe\u010duj\u00fa plynul\u00fa prev\u00e1dzku.<\/p>\n<h3>Po\u013enohospod\u00e1rske stroje<\/h3>\n<p>Valce v\u00fdlo\u017en\u00edka, ktor\u00e9 sa pou\u017e\u00edvaj\u00fa v \u010deln\u00fdch naklada\u010doch, s\u00fa k\u013e\u00fa\u010dov\u00e9 pre naberanie, zdv\u00edhanie a prepravu p\u00f4dy, sena a in\u00fdch materi\u00e1lov. Poskytuj\u00fa potrebn\u00fa silu na efekt\u00edvne zvl\u00e1dnutie r\u00f4znych po\u013enohospod\u00e1rskych \u00faloh.<\/p>\n<h3>R\u00fdpadl\u00e1<\/h3>\n<p>Valce v\u00fdlo\u017en\u00edka umo\u017e\u0148uj\u00fa ly\u017eici prenikn\u00fa\u0165 do p\u00f4dy po\u010das v\u00fdkopu, \u010do umo\u017e\u0148uje obsluhe kopa\u0165 hlb\u0161ie a efekt\u00edvnej\u0161ie, \u010do je nevyhnutn\u00e9 pre v\u00fdstavbu a pr\u00edpravu staveniska.<\/p>\n<h3>Naklada\u010de<\/h3>\n<p>V \u010deln\u00fdch naklada\u010doch tieto valce pom\u00e1haj\u00fa pri zdv\u00edhan\u00ed a vykladan\u00ed bremien, optimalizuj\u00fa manipul\u00e1ciu s materi\u00e1lom a zvy\u0161uj\u00fa produktivitu na pracovisk\u00e1ch.<\/p>\n<h2>\u00davahy o dizajne a krit\u00e9ri\u00e1 v\u00fdberu<\/h2>\n<h3>Nosnos\u0165<\/h3>\n<p>Pri v\u00fdbere valca v\u00fdlo\u017en\u00edka je d\u00f4le\u017eit\u00e9 zv\u00e1\u017ei\u0165 jeho nosnos\u0165, ktor\u00e1 ur\u010duje, ak\u00fa hmotnos\u0165 dok\u00e1\u017ee valec bezpe\u010dne zvl\u00e1dnu\u0165. Spr\u00e1vne dimenzovan\u00fd valec zais\u0165uje prev\u00e1dzkov\u00fa bezpe\u010dnos\u0165 a \u00fa\u010dinnos\u0165 a zabra\u0148uje poruch\u00e1m po\u010das prev\u00e1dzky s vysok\u00fdm za\u0165a\u017een\u00edm.<\/p>\n<h3>Tesnenie<\/h3>\n<p>Tesnenie je \u010fal\u0161\u00edm k\u013e\u00fa\u010dov\u00fdm aspektom, preto\u017ee vysoko kvalitn\u00e9 tesnenia zabra\u0148uj\u00fa \u00faniku kvapaliny a kontamin\u00e1cii, \u010d\u00edm zabezpe\u010duj\u00fa dlh\u00fa \u017eivotnos\u0165 a spo\u013eahlivos\u0165 hydraulick\u00e9ho syst\u00e9mu. V\u00fdber materi\u00e1lov tesnen\u00ed ovplyv\u0148uje v\u00fdkon, najm\u00e4 v n\u00e1ro\u010dn\u00fdch prostrediach.<\/p>\n<h3>Trvanlivos\u0165<\/h3>\n<p>Pre hydraulick\u00e9 valce, ktor\u00e9 pracuj\u00fa v n\u00e1ro\u010dn\u00fdch podmienkach, je nevyhnutn\u00e1 odolnos\u0165. Mali by sa zv\u00e1\u017ei\u0165 faktory, ako je odolnos\u0165 vo\u010di opotrebovaniu a kor\u00f3zii, preto\u017ee tieto prvky priamo ovplyv\u0148uj\u00fa \u017eivotnos\u0165 a v\u00fdkon valca.<\/p>\n<h3>Bezpe\u010dnos\u0165<\/h3>\n<p>Bezpe\u010dnostn\u00e9 prvky, ako s\u00fa pretlakov\u00e9 ventily a robustn\u00e1 kon\u0161trukcia, s\u00fa nevyhnutn\u00e9 na predch\u00e1dzanie nehod\u00e1m a zraneniam po\u010das prev\u00e1dzky. Zabezpe\u010denie ich funk\u010dnosti je nevyhnutn\u00e9 pre ka\u017ed\u00fd hydraulick\u00fd syst\u00e9m.<\/p>\n<h3>\u00dadr\u017eba<\/h3>\n<p>Jednoduch\u00e1 \u00fadr\u017eba je \u010fal\u0161\u00edm kritick\u00fdm faktorom. V\u00fdber valcov, ktor\u00e9 umo\u017e\u0148uj\u00fa jednoduch\u00fa kontrolu, mazanie a v\u00fdmenu dielov, zn\u00ed\u017ei prestoje a n\u00e1klady na \u00fadr\u017ebu, \u010d\u00edm sa zv\u00fd\u0161i celkov\u00e1 produktivita.<\/p>\n<p><img decoding=\"async\" src=\"https:\/\/www.hydraulic-cylinders.net\/wp-content\/uploads\/2025\/04\/songte-oil-pipes-and-spare-parts.webp\" alt=\"Olejov\u00e9 potrubia a n\u00e1hradn\u00e9 diely\"><\/p>\n<h2>Tesnenie a mazanie<\/h2>\n<p>Spr\u00e1vne tesnenie a mazanie s\u00fa nevyhnutn\u00e9 pre dlh\u00fa \u017eivotnos\u0165 a \u00fa\u010dinnos\u0165 hydraulick\u00fdch valcov. Na udr\u017eanie integrity kvapaliny sa pou\u017e\u00edvaj\u00fa r\u00f4zne tesnenia, ako s\u00fa piestne tesnenia a tesnenia ty\u010d\u00ed. Tesnenia vyroben\u00e9 z odoln\u00fdch materi\u00e1lov, ako je polyuret\u00e1n a nitrilov\u00fd kau\u010duk, zvy\u0161uj\u00fa odolnos\u0165 proti opotrebovaniu. Okrem toho teleso valca a z\u00e1vitov\u00e9 konce prech\u00e1dzaj\u00fa d\u00f4kladn\u00fdm spracovan\u00edm, aby sa zv\u00fd\u0161ila odolnos\u0165 proti oderu. Pravideln\u00e9 mazanie hydraulick\u00fdm olejom je nevyhnutn\u00e9 pre zabezpe\u010denie hladk\u00e9ho chodu a zabr\u00e1nenie opotrebovaniu.<\/p>\n<h2>Opatrenia prevent\u00edvnej \u00fadr\u017eby<\/h2>\n<ul>\n<li>Pravidelne kontrolujte hydraulick\u00e9 potrubia a spoje, \u010di nedoch\u00e1dza k \u00fanikom.<\/li>\n<li>Uistite sa, \u017ee tesnenia s\u00fa v dobrom stave a v pr\u00edpade potreby ich vyme\u0148te.<\/li>\n<li>Sledujte hladinu a kvalitu hydraulickej kvapaliny a v pr\u00edpade potreby ju dopl\u0148te alebo vyme\u0148te.<\/li>\n<\/ul>\n<h2>Pokyny na in\u0161tal\u00e1ciu<\/h2>\n<p>In\u0161tal\u00e1cia valca ramena si vy\u017eaduje presnos\u0165, aby sa zabezpe\u010dil optim\u00e1lny v\u00fdkon. Najprv sa uistite, \u017ee pracovn\u00fd priestor je vo\u013en\u00fd a \u017ee m\u00e1te k dispoz\u00edcii potrebn\u00e9 n\u00e1stroje. Zarovnajte valec s mont\u00e1\u017enymi konzolami a uistite sa, \u017ee v\u0161etky skrutky a spojovacie prvky s\u00fa spr\u00e1vne umiestnen\u00e9. Na pevn\u00e9 upevnenie valca pou\u017eite spr\u00e1vne mont\u00e1\u017ene konzoly. Po in\u0161tal\u00e1cii pred spusten\u00edm zariadenia skontrolujte zarovnanie a funk\u010dnos\u0165. Pravideln\u00e9 kontroly po in\u0161tal\u00e1cii pom\u00f4\u017eu v\u010das identifikova\u0165 ak\u00e9ko\u013evek probl\u00e9my.<\/p>\n<h2>Be\u017en\u00e9 \u00falohy \u00fadr\u017eby<\/h2>\n<h3>Pravideln\u00e9 kontroly<\/h3>\n<p>Vykon\u00e1vanie pravideln\u00fdch kontrol je nevyhnutn\u00e9 na identifik\u00e1ciu potenci\u00e1lnych probl\u00e9mov sk\u00f4r, ako sa vyhrotia. Skontrolujte, \u010di sa neobjavia ak\u00e9ko\u013evek zn\u00e1mky opotrebovania, netesnost\u00ed alebo po\u0161kodenia, ktor\u00e9 by mohli zhor\u0161i\u0165 funk\u010dnos\u0165. Dodr\u017eiavanie harmonogramu t\u00fdchto kontrol m\u00f4\u017ee vies\u0165 k proakt\u00edvnej \u00fadr\u017ebe a minimaliz\u00e1cii neo\u010dak\u00e1van\u00fdch prestojov.<\/p>\n<h3>Vhodn\u00e9 mazanie<\/h3>\n<p>Spr\u00e1vne mazanie je k\u013e\u00fa\u010dov\u00e9 pre zabezpe\u010denie hladk\u00e9ho chodu hydraulick\u00e9ho valca. Uistite sa, \u017ee hydraulick\u00fd olej je na odpor\u00fa\u010dan\u00fdch \u00farovniach a nan\u00e1\u0161ajte ho pravidelne, aby ste predi\u0161li treniu a opotrebovaniu medzi pohybliv\u00fdmi \u010das\u0165ami. Pravideln\u00e9 mazanie pred\u013a\u017ei \u017eivotnos\u0165 valca.<\/p>\n<h3>V\u00fdmena tesnenia<\/h3>\n<p>V\u00fdmena tesnen\u00ed je k\u013e\u00fa\u010dov\u00e1 pre udr\u017eanie integrity syst\u00e9mu. \u010casom sa tesnenia opotreb\u00favaj\u00fa, \u010do m\u00f4\u017ee vies\u0165 k \u00fanikom a zn\u00ed\u017eeniu v\u00fdkonu. Pravideln\u00e1 v\u00fdmena tesnen\u00ed pom\u00f4\u017ee udr\u017eiava\u0165 optim\u00e1lnu funkciu a zabr\u00e1ni\u0165 \u00faniku hydraulickej kvapaliny.<\/p>\n<p><img decoding=\"async\" src=\"https:\/\/www.hydraulic-cylinders.net\/wp-content\/uploads\/2025\/04\/songte-chushion-collar.webp\" alt=\"Obr\u00e1zok vank\u00fa\u0161ov\u00e9ho goliera\"><\/p>\n<h2>Bezpe\u010dnostn\u00e9 aspekty a faktory prostredia<\/h2>\n<p>Pri pr\u00e1ci s hydraulick\u00fdmi syst\u00e9mami s\u00fa bezpe\u010dnostn\u00e9 opatrenia prvorad\u00e9. V\u017edy dodr\u017eiavajte pokyny v\u00fdrobcu a pou\u017e\u00edvajte bezpe\u010dnostn\u00e9 vybavenie, aby ste predi\u0161li nehod\u00e1m. Okrem toho zv\u00e1\u017ete vplyv hydraulick\u00fdch kvapal\u00edn na \u017eivotn\u00e9 prostredie a implementujte met\u00f3dy recykl\u00e1cie a likvid\u00e1cie, ktor\u00e9 minimalizuj\u00fa \u0161kody na \u017eivotnom prostred\u00ed.<\/p>\n<h2>Rie\u0161enie be\u017en\u00fdch probl\u00e9mov<\/h2>\n<ul>\n<li><strong>\u00danik:<\/strong> Skontrolujte tesnenia a armat\u00fary, \u010di nie s\u00fa po\u0161koden\u00e9, v pr\u00edpade potreby ich vyme\u0148te.<\/li>\n<li><strong>Nereaguj\u00faca oper\u00e1cia:<\/strong> Uistite sa, \u017ee hladina hydraulickej kvapaliny je dostato\u010dn\u00e1 a skontrolujte, \u010di v syst\u00e9me nie s\u00fa \u017eiadne upchatia.<\/li>\n<li><strong>Nadmern\u00fd hluk:<\/strong> Skontrolujte, \u010di sa v syst\u00e9me nenach\u00e1dza vzduch alebo \u010di nie s\u00fa opotrebovan\u00e9 komponenty; odvzdu\u0161nite syst\u00e9m a v pr\u00edpade potreby vyme\u0148te po\u0161koden\u00e9 diely.<\/li>\n<\/ul>\n<h2>Tipy na rie\u0161enie probl\u00e9mov<\/h2>\n<p>Efekt\u00edvne rie\u0161enie probl\u00e9mov zah\u0155\u0148a systematick\u00e9 kontroly hydraulick\u00e9ho syst\u00e9mu. Za\u010dnite identifik\u00e1ciou ak\u00fdchko\u013evek nezvy\u010dajn\u00fdch pr\u00edznakov a ich sledovan\u00edm a\u017e k potenci\u00e1lnym pr\u00ed\u010din\u00e1m. Zave\u010fte prevent\u00edvne opatrenia, ako je pravideln\u00e1 \u00fadr\u017eba a kontroly, na zmiernenie be\u017en\u00fdch probl\u00e9mov a zabezpe\u010denie dlhodobej spo\u013eahlivosti a \u00fa\u010dinnosti.<\/p>\n<p><img decoding=\"async\" src=\"https:\/\/www.hydraulic-cylinders.net\/wp-content\/uploads\/2025\/04\/songte-bushings-with-all-kinds-of-excavator-models.webp\" alt=\"Obr\u00e1zok puzdier\"><\/p>\n<h2>O na\u0161ej spolo\u010dnosti<\/h2>\n<p>Sme popredn\u00fdm v\u00fdrobcom n\u00e1hradn\u00fdch hydraulick\u00fdch valcov a pon\u00fakame komplexn\u00fd sortiment produktov na dom\u00e1com aj medzin\u00e1rodnom trhu. N\u00e1\u0161 z\u00e1v\u00e4zok k excelentnosti je zrejm\u00fd z na\u0161ich prepracovan\u00fdch v\u00fdrobn\u00fdch strat\u00e9gi\u00ed a vyu\u017e\u00edvania pokro\u010dil\u00fdch digit\u00e1lnych v\u00fdrobn\u00fdch zariaden\u00ed a profesion\u00e1lnych testovac\u00edch syst\u00e9mov. S d\u00f4razom na kvalitu s\u00fa na\u0161e produkty navrhnut\u00e9 tak, aby efekt\u00edvne sp\u013a\u0148ali rozmanit\u00e9 potreby z\u00e1kazn\u00edkov.<\/p>\n<h3>Odbornos\u0165<\/h3>\n<p>Our team&#8217;s expertise in designing and producing hydraulic cylinders ensures high standards and performance reliability.<\/p>\n<h3>Medzin\u00e1rodn\u00e9 certifik\u00e1cie<\/h3>\n<p>Dodr\u017eiavame medzin\u00e1rodn\u00e9 \u0161tandardy, \u010d\u00edm zabezpe\u010dujeme, \u017ee na\u0161e v\u00fdrobky sp\u013a\u0148aj\u00fa pr\u00edsne po\u017eiadavky na kvalitu a bezpe\u010dnos\u0165.<\/p>\n<h3>Z\u00e1kazn\u00edcke slu\u017eby<\/h3>\n<p>Pon\u00fakame rie\u0161enia na mieru prisp\u00f4soben\u00e9 \u0161pecifick\u00fdm po\u017eiadavk\u00e1m z\u00e1kazn\u00edkov, \u010d\u00edm zvy\u0161ujeme flexibilitu aplik\u00e1ci\u00ed.<\/p>\n<h3>Pokro\u010dil\u00e9 v\u00fdrobn\u00e9 zariadenia<\/h3>\n<p>Na\u0161e najmodernej\u0161ie v\u00fdrobn\u00e9 zariadenia umo\u017e\u0148uj\u00fa presn\u00fa v\u00fdrobu a zabezpe\u010denie kvality.<\/p>\n<h3>Popredajn\u00e1 podpora<\/h3>\n<p>Poskytujeme komplexn\u00fa popredajn\u00fa podporu, aby sme zabezpe\u010dili spokojnos\u0165 z\u00e1kazn\u00edkov a spo\u013eahlivos\u0165 produktov.<\/p>\n<p><img decoding=\"async\" src=\"https:\/\/www.hydraulic-cylinders.net\/wp-content\/uploads\/2025\/04\/songte-company-4.webp\" alt=\"Obr\u00e1zok spolo\u010dnosti\"><br \/>\n<img decoding=\"async\" src=\"https:\/\/www.hydraulic-cylinders.net\/wp-content\/uploads\/2025\/04\/songte-company-3.webp\" alt=\"Obr\u00e1zok spolo\u010dnosti\"><\/p>\n<p>Autor lyl<\/p>","protected":false},"excerpt":{"rendered":"<p>Boom Cylinder For Carter CT70-8G Understanding the Bucket Cylinder The Boom Cylinder for Carter CT70-8G is a specialized hydraulic cylinder designed to control the movement of buckets in heavy machinery such as excavators, backhoe loaders, and front loaders. This hydraulic component allows the bucket to lift, lower, and tilt, facilitating the efficient handling of materials. [&hellip;]<\/p>","protected":false},"featured_media":17873,"comment_status":"open","ping_status":"closed","template":"","meta":{"_et_pb_use_builder":"","_et_pb_old_content":"","_et_gb_content_width":""},"product_brand":[],"product_cat":[1546],"product_tag":[1547,1496],"class_list":{"0":"post-19520","1":"product","2":"type-product","3":"status-publish","4":"has-post-thumbnail","6":"product_cat-boom-cylinders","7":"product_tag-boom-cylinders","8":"product_tag-hydraulic-cylinders","10":"first","11":"instock","12":"shipping-taxable","13":"product-type-simple"},"amp_enabled":true,"_links":{"self":[{"href":"https:\/\/www.hydraulic-cylinders.net\/sk\/wp-json\/wp\/v2\/product\/19520","targetHints":{"allow":["GET"]}}],"collection":[{"href":"https:\/\/www.hydraulic-cylinders.net\/sk\/wp-json\/wp\/v2\/product"}],"about":[{"href":"https:\/\/www.hydraulic-cylinders.net\/sk\/wp-json\/wp\/v2\/types\/product"}],"replies":[{"embeddable":true,"href":"https:\/\/www.hydraulic-cylinders.net\/sk\/wp-json\/wp\/v2\/comments?post=19520"}],"wp:featuredmedia":[{"embeddable":true,"href":"https:\/\/www.hydraulic-cylinders.net\/sk\/wp-json\/wp\/v2\/media\/17873"}],"wp:attachment":[{"href":"https:\/\/www.hydraulic-cylinders.net\/sk\/wp-json\/wp\/v2\/media?parent=19520"}],"wp:term":[{"taxonomy":"product_brand","embeddable":true,"href":"https:\/\/www.hydraulic-cylinders.net\/sk\/wp-json\/wp\/v2\/product_brand?post=19520"},{"taxonomy":"product_cat","embeddable":true,"href":"https:\/\/www.hydraulic-cylinders.net\/sk\/wp-json\/wp\/v2\/product_cat?post=19520"},{"taxonomy":"product_tag","embeddable":true,"href":"https:\/\/www.hydraulic-cylinders.net\/sk\/wp-json\/wp\/v2\/product_tag?post=19520"}],"curies":[{"name":"pracovn\u00fd list","href":"https:\/\/api.w.org\/{rel}","templated":true}]}}