{"id":19521,"date":"2025-04-07T06:52:03","date_gmt":"2025-04-07T06:52:03","guid":{"rendered":"https:\/\/www.hydraulic-cylinders.net\/product\/boom-cylinder-for-carter-ct85-8a-8b\/"},"modified":"2025-04-07T06:52:06","modified_gmt":"2025-04-07T06:52:06","slug":"boom-cylinder-for-carter-ct85-8a-8b","status":"publish","type":"product","link":"https:\/\/www.hydraulic-cylinders.net\/sk\/produkt\/boom-cylinder-for-carter-ct85-8a-8b\/","title":{"rendered":"Valec v\u00fdlo\u017en\u00edka pre Carter CT85-8A-8B"},"content":{"rendered":"<h1>Valec v\u00fdlo\u017en\u00edka pre Carter CT85-8A-8B<\/h1>\n<h2>\u00davod do valcov v\u00fdlo\u017en\u00edka<\/h2>\n<p>Ten\/T\u00e1\/To <strong>Valec v\u00fdlo\u017en\u00edka<\/strong> je k\u013e\u00fa\u010dovou s\u00fa\u010das\u0165ou hydraulick\u00fdch syst\u00e9mov, \u0161peci\u00e1lne navrhnut\u00fdch na ovl\u00e1danie pohybu ly\u017e\u00edc v r\u00f4znych \u0165a\u017ek\u00fdch strojoch, ako s\u00fa bagre, r\u00fdpadlo-naklada\u010de a \u010deln\u00e9 naklada\u010de. Tieto valce umo\u017e\u0148uj\u00fa zdv\u00edhanie, sp\u00fa\u0161\u0165anie a nakl\u00e1\u0148anie ly\u017eice, \u010do u\u013eah\u010duje manipul\u00e1ciu s materi\u00e1lom. Funk\u010dnos\u0165 valcov v\u00fdlo\u017en\u00edka je nevyhnutn\u00e1 pre efekt\u00edvnu a \u00fa\u010dinn\u00fa prev\u00e1dzku v stavebn\u00fdch a v\u00fdkopov\u00fdch projektoch.<\/p>\n<p><img decoding=\"async\" src=\"https:\/\/www.hydraulic-cylinders.net\/wp-content\/uploads\/2025\/04\/songte-company-1.webp\" alt=\"Valec v\u00fdlo\u017en\u00edka\" \/><\/p>\n<h3>\u010co je to valec v\u00fdlo\u017en\u00edka?<\/h3>\n<p>Hydraulick\u00fd valec v\u00fdlo\u017en\u00edka je typ hydraulick\u00e9ho valca pou\u017e\u00edvan\u00e9ho na riadenie vertik\u00e1lnych a horizont\u00e1lnych pohybov v\u00fdlo\u017en\u00edka alebo ramena v \u0165a\u017ek\u00fdch zariadeniach. Premenou hydraulick\u00e9ho tlaku na line\u00e1rny pohyb tieto valce poskytuj\u00fa potrebn\u00fd v\u00fdkon na vykon\u00e1vanie zdv\u00edhac\u00edch a kopac\u00edch oper\u00e1ci\u00ed. Dizajn a kon\u0161trukcia valcov v\u00fdlo\u017en\u00edka zah\u0155\u0148a vysokopevnostn\u00e9 materi\u00e1ly, ktor\u00e9 odol\u00e1vaj\u00fa extr\u00e9mnym prev\u00e1dzkov\u00fdm podmienkam a z\u00e1rove\u0148 zais\u0165uj\u00fa odolnos\u0165 a spo\u013eahlivos\u0165.<\/p>\n<h2>Vlastnosti valca v\u00fdlo\u017en\u00edka<\/h2>\n<ul>\n<li><strong>Vysok\u00e1 pevnos\u0165 a odolnos\u0165:<\/strong> Tieto valce, vyroben\u00e9 z vysokopevnostnej ocele alebo hlin\u00edka, znes\u00fa vysok\u00fd tlak a \u0165a\u017ek\u00e9 za\u0165a\u017eenie, v\u010faka \u010domu s\u00fa vhodn\u00e9 do n\u00e1ro\u010dn\u00fdch pracovn\u00fdch prostred\u00ed.<\/li>\n<li><strong>Efekt\u00edvna hydraulick\u00e1 prev\u00e1dzka:<\/strong> Valec v\u00fdlo\u017en\u00edka pracuje plynulo a vyu\u017e\u00edva tlak hydraulick\u00e9ho oleja na dosiahnutie r\u00fdchleho vys\u00favania a zas\u00favania, \u010d\u00edm poskytuje robustn\u00fa silu tla\u010denia a \u0165ahania na manipul\u00e1ciu s \u0165a\u017ek\u00fdmi materi\u00e1lmi.<\/li>\n<li><strong>R\u00f4zne typy:<\/strong> Valce s\u00fa dostupn\u00e9 v jedno\u010dinnom a dvoj\u010dinnom variante, aby sp\u013a\u0148ali r\u00f4zne prev\u00e1dzkov\u00e9 po\u017eiadavky, pri\u010dom niektor\u00e9 modely pon\u00fakaj\u00fa teleskopick\u00e9 prevedenie pre dlh\u0161\u00ed dosah bez zv\u00e4\u010d\u0161enia vonkaj\u0161\u00edch rozmerov.<\/li>\n<li><strong>Prisp\u00f4sobite\u013en\u00fd dizajn:<\/strong> Valce v\u00fdlo\u017en\u00edka je mo\u017en\u00e9 prisp\u00f4sobi\u0165 \u0161pecifick\u00fdm po\u017eiadavk\u00e1m stroja, \u010d\u00edm sa zabezpe\u010d\u00ed optim\u00e1lny v\u00fdkon v r\u00f4znych aplik\u00e1ci\u00e1ch.<\/li>\n<li><strong>Nen\u00e1ro\u010dn\u00e1 \u00fadr\u017eba:<\/strong> Tieto valce s\u00fa navrhnut\u00e9 pre jednoduch\u00fa \u00fadr\u017ebu a umo\u017e\u0148uj\u00fa jednoduch\u00e9 kontroly a opravy, \u010d\u00edm sa zabezpe\u010duje dlh\u00e1 \u017eivotnos\u0165.<\/li>\n<\/ul>\n<h2>Na\u0161e v\u00fdrobn\u00e9 kapacity<\/h2>\n<p>\u0160pecializujeme sa na v\u00fdrobu vysoko kvalitn\u00fdch hydraulick\u00fdch valcov v\u00fdlo\u017en\u00edka a vieme poskytn\u00fa\u0165 perfektn\u00e9 n\u00e1hrady za existuj\u00face hydraulick\u00e9 valce na trhu.<\/p>\n<p><img decoding=\"async\" src=\"https:\/\/www.hydraulic-cylinders.net\/wp-content\/uploads\/2025\/04\/songte-cylinder-head-with-all-kinds-excavator-models.webp\" alt=\"V\u00fdroba hydraulick\u00fdch valcov\" \/><\/p>\n<h2>Aplik\u00e1cie valca v\u00fdlo\u017en\u00edka<\/h2>\n<h3>Stavebn\u00e9 stroje<\/h3>\n<p>V r\u00fdpadl\u00e1ch s\u00fa valce v\u00fdlo\u017en\u00edka nevyhnutn\u00e9 na kopanie, nakladanie a premiest\u0148ovanie zeminy alebo sutiny. Poskytuj\u00fa potrebn\u00fa silu, aby ly\u017eica prenikla do zeme a efekt\u00edvne zdv\u00edhala \u0165a\u017ek\u00e9 bremen\u00e1. Presn\u00e9 ovl\u00e1danie, ktor\u00e9 tieto valce pon\u00fakaj\u00fa, umo\u017e\u0148uje obsluhe vykon\u00e1va\u0165 zlo\u017eit\u00e9 pohyby, v\u010faka \u010domu s\u00fa neocenite\u013en\u00e9 pri stavebn\u00fdch \u00faloh\u00e1ch.<\/p>\n<h3>Po\u013enohospod\u00e1rske stroje<\/h3>\n<p>V \u010deln\u00fdch naklada\u010doch s\u00fa valce v\u00fdlo\u017en\u00edka zodpovedn\u00e9 za naberanie, zdv\u00edhanie a prepravu p\u00f4dy, sena a in\u00fdch materi\u00e1lov. Schopnos\u0165 ovl\u00e1da\u0165 uhol a v\u00fd\u0161ku ly\u017eice zais\u0165uje efekt\u00edvne nakladanie a vykladanie, \u010do je k\u013e\u00fa\u010dov\u00e9 v po\u013enohospod\u00e1rskych oper\u00e1ci\u00e1ch, kde s\u00fa \u010das a efektivita nevyhnutn\u00e9.<\/p>\n<h3>R\u00fdpadl\u00e1<\/h3>\n<p>V\u010faka valcu v\u00fdlo\u017en\u00edka m\u00f4\u017eu r\u00fdpadl\u00e1 prenika\u0165 ly\u017eicou do p\u00f4dy, \u010do zr\u00fdch\u013euje a zefekt\u00edv\u0148uje v\u00fdkopov\u00e9 pr\u00e1ce. R\u00fdchlos\u0165 odozvy hydraulick\u00e9ho syst\u00e9mu umo\u017e\u0148uje detailn\u00e9 v\u00fdkopov\u00e9 pr\u00e1ce a zabezpe\u010duje dokon\u010denie projektov pod\u013ea \u0161pecifik\u00e1ci\u00ed a v stanoven\u00fdch term\u00ednoch.<\/p>\n<h3>Naklada\u010de<\/h3>\n<p>V \u010deln\u00fdch naklada\u010doch valce v\u00fdlo\u017en\u00edka \u00fa\u010dinne pom\u00e1haj\u00fa pri zdv\u00edhan\u00ed a vykladan\u00ed materi\u00e1lov. Hydraulick\u00fd v\u00fdkon, ktor\u00fd tieto valce poskytuj\u00fa, zais\u0165uje \u013eahk\u00fa manipul\u00e1ciu s \u0165a\u017ek\u00fdmi materi\u00e1lmi, \u010d\u00edm sa zvy\u0161uje produktivita na pracovisku.<\/p>\n<h2>\u00davahy o dizajne a krit\u00e9ri\u00e1 v\u00fdberu<\/h2>\n<h3>Nosnos\u0165<\/h3>\n<p>Pri v\u00fdbere valca v\u00fdlo\u017en\u00edka je nevyhnutn\u00e9 zv\u00e1\u017ei\u0165 jeho nosnos\u0165. Valec mus\u00ed by\u0165 schopn\u00fd zdvihn\u00fa\u0165 a unies\u0165 maxim\u00e1lnu hmotnos\u0165 materi\u00e1lov, s ktor\u00fdmi bude manipulova\u0165, bez rizika poruchy. To zah\u0155\u0148a nielen hmotnos\u0165 materi\u00e1lov, ale aj dynamick\u00e9 sily, ktor\u00e9 vznikaj\u00fa po\u010das prev\u00e1dzky.<\/p>\n<h3>Tesnenie a trvanlivos\u0165<\/h3>\n<p>\u00da\u010dinn\u00e9 tesnenie je nevyhnutn\u00e9 na zabr\u00e1nenie \u00faniku hydraulickej kvapaliny, \u010do m\u00f4\u017ee vies\u0165 k zn\u00ed\u017eeniu v\u00fdkonu a zv\u00fd\u0161en\u00fdm potreb\u00e1m \u00fadr\u017eby. Na zaistenie odolnosti sa musia pou\u017e\u00edva\u0165 vysokokvalitn\u00e9 tesnenia a materi\u00e1ly by mali odol\u00e1va\u0165 opotrebovaniu v prev\u00e1dzkovom prostred\u00ed.<\/p>\n<h3>Bezpe\u010dnostn\u00e9 prvky<\/h3>\n<p>Bezpe\u010dnos\u0165 je pri kon\u0161trukcii valcov v\u00fdlo\u017en\u00edka prvorad\u00e1. Aby sa predi\u0161lo nehod\u00e1m sp\u00f4soben\u00fdm poruchou hydraulick\u00e9ho syst\u00e9mu, mali by by\u0165 integrovan\u00e9 prvky, ako je ochrana proti pre\u0165a\u017eeniu a vhodn\u00e9 bezpe\u010dnostn\u00e9 ventily.<\/p>\n<h3>\u00dadr\u017eba a opravite\u013enos\u0165<\/h3>\n<p>Dobre navrhnut\u00e1 f\u013ea\u0161a by mala umo\u017e\u0148ova\u0165 jednoduch\u00fa \u00fadr\u017ebu a opravy. Pr\u00edstupov\u00e9 body na kontroly a v\u00fdmenu tesnen\u00ed a armat\u00far by mali by\u0165 \u013eahko dostupn\u00e9, aby sa minimalizovali prestoje a zabezpe\u010dila sa hladk\u00e1 prev\u00e1dzka.<\/p>\n<p><img decoding=\"async\" src=\"https:\/\/www.hydraulic-cylinders.net\/wp-content\/uploads\/2025\/04\/songte-oil-pipes-and-spare-parts.webp\" alt=\"\u010casti hydraulick\u00e9ho valca\" \/><\/p>\n<h2>Tesnenie a mazanie<\/h2>\n<p>Spr\u00e1vne tesnenie a mazanie s\u00fa rozhoduj\u00face pre dlh\u00fa \u017eivotnos\u0165 a \u00fa\u010dinnos\u0165 valcov v\u00fdlo\u017en\u00edka. Na minimaliz\u00e1ciu \u00faniku sa pou\u017e\u00edvaj\u00fa r\u00f4zne tesnenia, ako s\u00fa piestne tesnenia a tesnenia ty\u010d\u00ed. Tesnenia vyroben\u00e9 z materi\u00e1lov ako polyuret\u00e1n a nitrilov\u00fd kau\u010duk sa be\u017ene pou\u017e\u00edvaj\u00fa kv\u00f4li ich odolnosti vo\u010di opotrebovaniu. Okrem toho s\u00fa teleso valca a z\u00e1vitov\u00e9 koncov\u00e9 povrchy jemne opracovan\u00e9, aby sa zv\u00fd\u0161ila odolnos\u0165 vo\u010di opotrebovaniu. Pravideln\u00e9 mazanie hydraulick\u00fdm olejom je nevyhnutn\u00e9 na zabezpe\u010denie plynul\u00e9ho chodu a zabr\u00e1nenie opotrebovaniu.<\/p>\n<h2>Opatrenia prevent\u00edvnej \u00fadr\u017eby<\/h2>\n<ul>\n<li><strong>Pravideln\u00e9 kontroly:<\/strong> Skontrolujte, \u010di valec a jeho komponenty nevykazuj\u00fa zn\u00e1mky opotrebovania, \u00faniku alebo po\u0161kodenia. V\u010dasn\u00e9 odhalenie m\u00f4\u017ee zabr\u00e1ni\u0165 z\u00e1va\u017en\u00fdm poruch\u00e1m.<\/li>\n<li><strong>Vhodn\u00e9 mazanie:<\/strong> Zabezpe\u010dte pravideln\u00e9 dop\u013a\u0148anie hydraulick\u00e9ho oleja a pou\u017e\u00edvanie spr\u00e1vneho typu oleja na udr\u017eanie prev\u00e1dzkovej \u00fa\u010dinnosti.<\/li>\n<li><strong>V\u00fdmena tesnenia:<\/strong> Sledujte opotrebovanie tesnen\u00ed a pod\u013ea potreby ich vyme\u0148te, aby ste predi\u0161li \u00faniku hydraulickej kvapaliny a zachovali v\u00fdkon.<\/li>\n<\/ul>\n<h2>In\u0161tala\u010dn\u00e1 pr\u00edru\u010dka<\/h2>\n<p>Spr\u00e1vna in\u0161tal\u00e1cia valca v\u00fdlo\u017en\u00edka je k\u013e\u00fa\u010dov\u00e1 pre optim\u00e1lny v\u00fdkon. Za\u010dnite t\u00fdm, \u017ee sa uist\u00edte, \u017ee mont\u00e1\u017ene povrchy na valci aj na stroji s\u00fa \u010dist\u00e9 a bez ne\u010dist\u00f4t. Na upevnenie valca na mieste pou\u017eite vhodn\u00e9 mont\u00e1\u017ene konzoly a uistite sa, \u017ee je spr\u00e1vne zarovnan\u00fd s hydraulick\u00fdmi potrubiami. Pred prev\u00e1dzkou skontrolujte, \u010di s\u00fa v\u0161etky hydraulick\u00e9 pripojenia tesn\u00e9 a netesn\u00e9. Po in\u0161tal\u00e1cii je d\u00f4le\u017eit\u00e9 syst\u00e9m otestova\u0165, aby ste overili, \u010di valec funguje hladko a efekt\u00edvne.<\/p>\n<h2>Be\u017en\u00e9 \u00falohy \u00fadr\u017eby<\/h2>\n<h3>Pravideln\u00e9 kontroly<\/h3>\n<p>Pravideln\u00e9 kontroly s\u00fa nevyhnutn\u00e9 na v\u010dasn\u00e9 odhalenie potenci\u00e1lnych probl\u00e9mov. Skontrolujte zn\u00e1mky opotrebovania alebo po\u0161kodenia a uistite sa, \u017ee hydraulick\u00fd syst\u00e9m funguje spr\u00e1vne. V\u010dasn\u00e9 odhalenie m\u00f4\u017ee zabr\u00e1ni\u0165 n\u00e1kladn\u00fdm oprav\u00e1m a zabezpe\u010di\u0165 bezpe\u010dnos\u0165.<\/p>\n<h3>Spr\u00e1vne mazanie<\/h3>\n<p>Udr\u017eiavanie spr\u00e1vneho mazania je k\u013e\u00fa\u010dov\u00e9 pre plynul\u00fd chod valca ramena. Pravidelne kontrolujte hladinu hydraulick\u00e9ho oleja a uistite sa, \u017ee pou\u017e\u00edvate spr\u00e1vny typ oleja, preto\u017ee to v\u00fdrazne zv\u00fd\u0161i v\u00fdkon a \u017eivotnos\u0165 valca.<\/p>\n<h3>V\u00fdmena tesnenia a kontroly kalibr\u00e1cie<\/h3>\n<p>V\u00fdmena opotrebovan\u00fdch tesnen\u00ed je nevyhnutn\u00e1 na zabr\u00e1nenie \u00faniku hydraulickej kvapaliny. Okrem toho, vykon\u00e1vanie kalibra\u010dn\u00fdch kontrol zabezpe\u010duje, \u017ee valec pracuje na optim\u00e1lnej \u00farovni, \u010d\u00edm sa udr\u017eiava \u00fa\u010dinnos\u0165 a bezpe\u010dnos\u0165 prev\u00e1dzky.<\/p>\n<p><img decoding=\"async\" src=\"https:\/\/www.hydraulic-cylinders.net\/wp-content\/uploads\/2025\/04\/songte-chushion-collar.webp\" alt=\"Vank\u00fa\u0161ov\u00fd golier\" \/><\/p>\n<h2>Bezpe\u010dnostn\u00e9 aspekty a faktory prostredia<\/h2>\n<p>Pri pou\u017e\u00edvan\u00ed hydraulick\u00fdch valcov v\u00fdlo\u017en\u00edka je nevyhnutn\u00e9 implementova\u0165 bezpe\u010dnostn\u00e9 opatrenia. Obsluha by mala by\u0165 vy\u0161kolen\u00e1 v spr\u00e1vnom pou\u017e\u00edvan\u00ed, aby sa minimalizoval po\u010det neh\u00f4d. Faktory prostredia, ako s\u00fa extr\u00e9mne teploty a vlhkos\u0165, m\u00f4\u017eu ovplyvni\u0165 v\u00fdkon hydraulick\u00fdch syst\u00e9mov a mali by sa prija\u0165 ochrann\u00e9 opatrenia na zabezpe\u010denie ich trvanlivosti.<\/p>\n<h2>Rie\u0161enie probl\u00e9mov a be\u017en\u00e9 probl\u00e9my<\/h2>\n<ul>\n<li><strong>\u00danik hydraulickej kvapaliny:<\/strong> M\u00f4\u017ee to by\u0165 sp\u00f4soben\u00e9 opotrebovan\u00fdmi tesneniami alebo po\u0161koden\u00fdmi hadicami. Skontrolujte a v pr\u00edpade potreby vyme\u0148te tesnenia.<\/li>\n<li><strong>Pomal\u00e1 prev\u00e1dzka:<\/strong> Ak valec pracuje pomaly, skontrolujte hladinu hydraulick\u00e9ho oleja a uistite sa, \u017ee v syst\u00e9me nie s\u00fa \u017eiadne upchatia.<\/li>\n<li><strong>Nezvy\u010dajn\u00e9 zvuky:<\/strong> Hluky po\u010das prev\u00e1dzky m\u00f4\u017eu nazna\u010dova\u0165 vn\u00fatorn\u00e9 po\u0161kodenie alebo nedostatok mazania. Ak\u00e9ko\u013evek anom\u00e1lie okam\u017eite pre\u0161etrite a odstr\u00e1\u0148te.<\/li>\n<\/ul>\n<h2>Tipy na rie\u0161enie probl\u00e9mov<\/h2>\n<p>Pre efekt\u00edvnu diagnostiku probl\u00e9mov s valcom ramena za\u010dnite kontrolou hladiny hydraulickej kvapaliny a kontrolou \u00fanikov. Pravideln\u00e1 \u00fadr\u017eba m\u00f4\u017ee pred\u00eds\u0165 mnoh\u00fdm probl\u00e9mom. Ak probl\u00e9my pretrv\u00e1vaj\u00fa, obr\u00e1\u0165te sa na odborn\u00edka, ktor\u00fd vykon\u00e1 komplexn\u00fa diagnostiku a opravy.<\/p>\n<p><img decoding=\"async\" src=\"https:\/\/www.hydraulic-cylinders.net\/wp-content\/uploads\/2025\/04\/songte-bushings-with-all-kinds-of-excavator-models.webp\" alt=\"Puzdr\u00e1 bagerov\" \/><\/p>\n<h2>Preh\u013ead spolo\u010dnosti<\/h2>\n<p>Sme popredn\u00fdm v\u00fdrobcom n\u00e1hradn\u00fdch hydraulick\u00fdch valcov, dobre etablovan\u00fdm na dom\u00e1cich aj medzin\u00e1rodn\u00fdch trhoch. N\u00e1\u0161 z\u00e1v\u00e4zok k excelentnosti sa odr\u00e1\u017ea v na\u0161ej rozmanitej ponuke produktov. Pou\u017e\u00edvame prepracovan\u00fa v\u00fdrobn\u00fa strat\u00e9giu s d\u00f4razom na kvalitu a presnos\u0165. Na\u0161i sk\u00fasen\u00ed technici a modern\u00e9 digit\u00e1lne v\u00fdrobn\u00e9 zariadenia zvy\u0161uj\u00fa na\u0161e v\u00fdrobn\u00e9 kapacity a zabezpe\u010duj\u00fa, \u017ee efekt\u00edvne uspokojujeme rozmanit\u00e9 po\u017eiadavky z\u00e1kazn\u00edkov.<\/p>\n<h3>Profesionalita a medzin\u00e1rodn\u00e1 certifik\u00e1cia<\/h3>\n<p>Na\u0161e produkty sp\u013a\u0148aj\u00fa medzin\u00e1rodn\u00e9 \u0161tandardy, \u010do na\u0161im z\u00e1kazn\u00edkom poskytuje pokoj v du\u0161i. Pon\u00fakame prisp\u00f4sobite\u013en\u00e9 slu\u017eby, ktor\u00e9 sp\u013a\u0148aj\u00fa \u0161pecifick\u00e9 potreby, a zabezpe\u010dujeme kontrolu kvality v ka\u017edej f\u00e1ze v\u00fdroby.<\/p>\n<h3>V\u00fdrobn\u00e9 zariadenia<\/h3>\n<p>Na\u0161e najmodernej\u0161ie v\u00fdrobn\u00e9 zariadenia zabezpe\u010duj\u00fa vysok\u00fa efektivitu a presnos\u0165 v\u00fdroby. To n\u00e1m umo\u017e\u0148uje udr\u017eiava\u0165 vysok\u00fa kvalitu v\u00fdrobkov a z\u00e1rove\u0148 dodr\u017eiava\u0165 v\u00fdrobn\u00e9 term\u00edny.<\/p>\n<h3>Popredajn\u00fd servis<\/h3>\n<p>Sme hrd\u00ed na na\u0161u robustn\u00fa popredajn\u00fa podporu, ktor\u00e1 zabezpe\u010duje spokojnos\u0165 z\u00e1kazn\u00edkov prostredn\u00edctvom spo\u013eahliv\u00e9ho servisu a poradenstva po zak\u00fapen\u00ed. N\u00e1\u0161 t\u00edm je v\u017edy k dispoz\u00edcii, aby zodpovedal ak\u00e9ko\u013evek ot\u00e1zky alebo obavy.<\/p>\n<p><img decoding=\"async\" src=\"https:\/\/www.hydraulic-cylinders.net\/wp-content\/uploads\/2025\/04\/songte-company-4.webp\" alt=\"Spolo\u010dnos\u0165 s hydraulick\u00fdmi valcami\" \/><br \/>\n<img decoding=\"async\" src=\"https:\/\/www.hydraulic-cylinders.net\/wp-content\/uploads\/2025\/04\/songte-company-3.webp\" alt=\"Preh\u013ead spolo\u010dnosti\" \/><\/p>\n<p>Autor: lyl<\/p>","protected":false},"excerpt":{"rendered":"<p>Boom Cylinder For Carter CT85-8A-8B Introduction to Boom Cylinders The Boom Cylinder is a crucial component in hydraulic systems, specifically designed to control the motion of buckets in various heavy machinery, such as excavators, backhoe loaders, and front loaders. These cylinders enable the bucket to lift, lower, and tilt, which facilitates material handling tasks. The [&hellip;]<\/p>","protected":false},"featured_media":17874,"comment_status":"open","ping_status":"closed","template":"","meta":{"_et_pb_use_builder":"","_et_pb_old_content":"","_et_gb_content_width":""},"product_brand":[],"product_cat":[1546],"product_tag":[1547,1496],"class_list":{"0":"post-19521","1":"product","2":"type-product","3":"status-publish","4":"has-post-thumbnail","6":"product_cat-boom-cylinders","7":"product_tag-boom-cylinders","8":"product_tag-hydraulic-cylinders","10":"first","11":"instock","12":"shipping-taxable","13":"product-type-simple"},"amp_enabled":true,"_links":{"self":[{"href":"https:\/\/www.hydraulic-cylinders.net\/sk\/wp-json\/wp\/v2\/product\/19521","targetHints":{"allow":["GET"]}}],"collection":[{"href":"https:\/\/www.hydraulic-cylinders.net\/sk\/wp-json\/wp\/v2\/product"}],"about":[{"href":"https:\/\/www.hydraulic-cylinders.net\/sk\/wp-json\/wp\/v2\/types\/product"}],"replies":[{"embeddable":true,"href":"https:\/\/www.hydraulic-cylinders.net\/sk\/wp-json\/wp\/v2\/comments?post=19521"}],"wp:featuredmedia":[{"embeddable":true,"href":"https:\/\/www.hydraulic-cylinders.net\/sk\/wp-json\/wp\/v2\/media\/17874"}],"wp:attachment":[{"href":"https:\/\/www.hydraulic-cylinders.net\/sk\/wp-json\/wp\/v2\/media?parent=19521"}],"wp:term":[{"taxonomy":"product_brand","embeddable":true,"href":"https:\/\/www.hydraulic-cylinders.net\/sk\/wp-json\/wp\/v2\/product_brand?post=19521"},{"taxonomy":"product_cat","embeddable":true,"href":"https:\/\/www.hydraulic-cylinders.net\/sk\/wp-json\/wp\/v2\/product_cat?post=19521"},{"taxonomy":"product_tag","embeddable":true,"href":"https:\/\/www.hydraulic-cylinders.net\/sk\/wp-json\/wp\/v2\/product_tag?post=19521"}],"curies":[{"name":"pracovn\u00fd list","href":"https:\/\/api.w.org\/{rel}","templated":true}]}}