{"id":19522,"date":"2025-04-07T06:52:25","date_gmt":"2025-04-07T06:52:25","guid":{"rendered":"https:\/\/www.hydraulic-cylinders.net\/product\/boom-cylinder-for-carter-ct240-8c\/"},"modified":"2025-04-07T06:52:28","modified_gmt":"2025-04-07T06:52:28","slug":"boom-cylinder-for-carter-ct240-8c","status":"publish","type":"product","link":"https:\/\/www.hydraulic-cylinders.net\/sk\/produkt\/boom-cylinder-for-carter-ct240-8c\/","title":{"rendered":"Valec v\u00fdlo\u017en\u00edka pre Carter CT240-8C"},"content":{"rendered":"<h1>Valec v\u00fdlo\u017en\u00edka pre Carter CT240-8C<\/h1>\n<h2>\u00davod do valcov v\u00fdlo\u017en\u00edka<\/h2>\n<p>Hydraulick\u00fd valec v\u00fdlo\u017en\u00edka, najm\u00e4 pre Carter CT240-8C, je z\u00e1kladn\u00fd hydraulick\u00fd komponent ur\u010den\u00fd na ovl\u00e1danie pohybu ly\u017e\u00edc v r\u00f4znych \u0165a\u017ek\u00fdch strojoch vr\u00e1tane r\u00fdpadiel, r\u00fdpadiel-naklada\u010dov a \u010deln\u00fdch naklada\u010dov. Tento hydraulick\u00fd valec umo\u017e\u0148uje zdv\u00edhanie, sp\u00fa\u0161\u0165anie a nakl\u00e1\u0148anie ly\u017eice, \u010d\u00edm efekt\u00edvne u\u013eah\u010duje manipul\u00e1ciu s materi\u00e1lom. Valce v\u00fdlo\u017en\u00edka s\u00fa k\u013e\u00fa\u010dov\u00e9 pre zlep\u0161enie prev\u00e1dzkov\u00fdch schopnost\u00ed t\u00fdchto strojov, \u010do im umo\u017e\u0148uje \u013eahko vykon\u00e1va\u0165 zlo\u017eit\u00e9 \u00falohy.<\/p>\n<p><img decoding=\"async\" src=\"https:\/\/www.hydraulic-cylinders.net\/wp-content\/uploads\/2025\/04\/songte-company-1.webp\" alt=\"Obr\u00e1zok valca v\u00fdlo\u017en\u00edka\" \/><\/p>\n<h3>Funkcia a aplik\u00e1cie<\/h3>\n<p>Ako typ hydraulick\u00e9ho valca zohr\u00e1va valec ramena d\u00f4le\u017eit\u00fa \u00falohu v hydraulick\u00fdch syst\u00e9moch. Je prim\u00e1rne zodpovedn\u00fd za premenu hydraulickej energie na mechanick\u00fa energiu, \u010do umo\u017e\u0148uje efekt\u00edvny pohyb \u0165a\u017ek\u00fdch strojov. Pou\u017eitie valcov ramena sa rozprestiera v r\u00f4znych odvetviach vr\u00e1tane stavebn\u00edctva a po\u013enohospod\u00e1rstva. S\u00fa k\u013e\u00fa\u010dov\u00e9 pri \u00faloh\u00e1ch, ako s\u00fa v\u00fdkopov\u00e9 pr\u00e1ce, nakladanie a preprava materi\u00e1lu. V\u010faka svojej schopnosti zvl\u00e1da\u0165 zna\u010dn\u00fa hmotnos\u0165 a poskytova\u0165 presn\u00e9 pohyby s\u00fa valce ramena v modern\u00fdch strojoch nevyhnutn\u00e9.<\/p>\n<h2>Vlastnosti valca ramena<\/h2>\n<ul>\n<li><strong>Vysok\u00e1 pevnos\u0165 a odolnos\u0165:<\/strong> Tieto valce s\u00fa vyroben\u00e9 z vysokopevnostnej ocele alebo hlin\u00edka, tak\u017ee odol\u00e1vaj\u00fa vysok\u00e9mu tlaku a \u0165a\u017ek\u00fdm za\u0165a\u017eeniam, v\u010faka \u010domu s\u00fa vhodn\u00e9 do n\u00e1ro\u010dn\u00fdch pracovn\u00fdch prostred\u00ed.<\/li>\n<li><strong>Efekt\u00edvna hydraulick\u00e1 prev\u00e1dzka:<\/strong> Vyu\u017eitie hydraulick\u00e9ho tlaku oleja umo\u017e\u0148uje plynul\u00e9 vys\u00favanie a zas\u00favanie, \u010d\u00edm poskytuje siln\u00fa tla\u010dn\u00fa a \u0165ahov\u00fa silu, ide\u00e1lnu pre \u0165a\u017ek\u00e9 a zlo\u017eit\u00e9 \u00falohy.<\/li>\n<li><strong>R\u00f4zne typy:<\/strong> K dispoz\u00edcii s\u00fa v jedno\u010dinnom alebo dvoj\u010dinnom preveden\u00ed pre splnenie r\u00f4znych prev\u00e1dzkov\u00fdch potrieb, pri\u010dom niektor\u00e9 modely pon\u00fakaj\u00fa teleskopick\u00e9 mo\u017enosti pre v\u00e4\u010d\u0161\u00ed dosah bez zv\u00e4\u010d\u0161enia vonkaj\u0161\u00edch rozmerov.<\/li>\n<li><strong>Dizajn s jednoduchou \u00fadr\u017ebou:<\/strong> Navrhnut\u00e9 pre jednoduch\u00fd pr\u00edstup ku komponentom, \u010do u\u013eah\u010duje be\u017en\u00fa \u00fadr\u017ebu a servis.<\/li>\n<li><strong>Odolnos\u0165 proti kor\u00f3zii:<\/strong> Mnoh\u00e9 valce v\u00fdlo\u017en\u00edka s\u00fa o\u0161etren\u00e9 tak, aby odol\u00e1vali hrdzi a kor\u00f3zii, \u010do zais\u0165uje dlh\u00fa \u017eivotnos\u0165 a spo\u013eahlivos\u0165 v r\u00f4znych podmienkach.<\/li>\n<\/ul>\n<p>Tento produkt vyr\u00e1bame a na\u0161a ponuka dok\u00e1\u017ee dokonale nahradi\u0165 tieto hydraulick\u00e9 valce.<\/p>\n<p><img decoding=\"async\" src=\"https:\/\/www.hydraulic-cylinders.net\/wp-content\/uploads\/2025\/04\/songte-cylinder-head-with-all-kinds-excavator-models.webp\" alt=\"V\u00fdmena hydraulick\u00e9ho valca\" \/><\/p>\n<h2>Scen\u00e1re pou\u017eitia valcov v\u00fdlo\u017en\u00edka<\/h2>\n<h3>Stavebn\u00e9 stroje<\/h3>\n<p>V r\u00fdpadl\u00e1ch s\u00fa valce v\u00fdlo\u017en\u00edka nevyhnutn\u00e9 na kopanie, nakladanie a premiest\u0148ovanie zeminy alebo sutiny. Ich mechanick\u00fd p\u00e1kov\u00fd efekt umo\u017e\u0148uje obsluhe efekt\u00edvne kopa\u0165 a prepravova\u0165 materi\u00e1ly na po\u017eadovan\u00e9 miesta. V r\u00fdpadlo-naklada\u010doch tieto valce pom\u00e1haj\u00fa pri v\u00fdkopov\u00fdch aj zdv\u00edhac\u00edch \u00faloh\u00e1ch, \u010d\u00edm zvy\u0161uj\u00fa produktivitu na stavenisk\u00e1ch.<\/p>\n<h3>Po\u013enohospod\u00e1rske stroje<\/h3>\n<p>V \u010deln\u00fdch naklada\u010doch s\u00fa valce v\u00fdlo\u017en\u00edka k\u013e\u00fa\u010dov\u00e9 pre naberanie, zdv\u00edhanie a prepravu p\u00f4dy, sena a in\u00fdch materi\u00e1lov. V\u010faka svojej schopnosti pracova\u0165 s \u0165a\u017ek\u00fdmi n\u00e1kladmi s\u00fa ide\u00e1lne pre po\u013enohospod\u00e1rske oper\u00e1cie, ktor\u00e9 vy\u017eaduj\u00fa efekt\u00edvnu prepravu sypk\u00fdch materi\u00e1lov.<\/p>\n<h3>R\u00fdpadl\u00e1<\/h3>\n<p>R\u00fdpadl\u00e1 vyu\u017e\u00edvaj\u00fa valce v\u00fdlo\u017en\u00edka na efekt\u00edvne prenikanie do p\u00f4dy, \u010do umo\u017e\u0148uje hlbok\u00e9 kopanie a odstra\u0148ovanie materi\u00e1lu. T\u00e1to funkcia je nevyhnutn\u00e1 pre r\u00f4zne stavebn\u00e9 a krajin\u00e1rske projekty, kde sa vy\u017eaduje zna\u010dn\u00e1 h\u013abka a presnos\u0165.<\/p>\n<h3>Naklada\u010de<\/h3>\n<p>V \u010deln\u00fdch naklada\u010doch pom\u00e1haj\u00fa valce v\u00fdlo\u017en\u00edka efekt\u00edvne zdv\u00edha\u0165 a vyklada\u0165 bremena. Ich kon\u0161trukcia podporuje r\u00fdchlu a efekt\u00edvnu prev\u00e1dzku, \u010do je k\u013e\u00fa\u010dov\u00e9 pre \u010dasovo n\u00e1ro\u010dn\u00e9 \u00falohy v prev\u00e1dzkov\u00fdch prostrediach.<\/p>\n<h2>\u00davahy o dizajne a krit\u00e9ri\u00e1 v\u00fdberu<\/h2>\n<h3>Nosnos\u0165<\/h3>\n<p>Pri navrhovan\u00ed valcov ramena je nosnos\u0165 prvorad\u00fdm faktorom. Je nevyhnutn\u00e9 zabezpe\u010di\u0165, aby valec zvl\u00e1dol maxim\u00e1lnu hmotnos\u0165, ktorej bude vystaven\u00fd po\u010das prev\u00e1dzky. To zah\u0155\u0148a pou\u017eitie robustn\u00fdch materi\u00e1lov a kon\u0161truk\u010dn\u00fdch \u0161pecifik\u00e1ci\u00ed, aby sa zabezpe\u010dila spo\u013eahliv\u00e1 prev\u00e1dzka valca pri nam\u00e1han\u00ed.<\/p>\n<h3>Integrita tesnenia<\/h3>\n<p>Tesnenie je v hydraulick\u00fdch valcoch kritick\u00e9, preto\u017ee zabra\u0148uje \u00faniku oleja a udr\u017eiava tlak. Na zaistenie dlhej \u017eivotnosti a \u00fa\u010dinnosti valca je potrebn\u00e9 zvoli\u0165 \u00fa\u010dinn\u00e9 tesniace mechanizmy vr\u00e1tane tesnen\u00ed piestov a ty\u010d\u00ed. Na zv\u00fd\u0161enie \u00fa\u010dinnosti tesnenia sa be\u017ene pou\u017e\u00edvaj\u00fa r\u00f4zne materi\u00e1ly, ako je polyuret\u00e1n a nitrilov\u00e1 guma.<\/p>\n<h3>Trvanlivos\u0165<\/h3>\n<p>Trvanlivos\u0165 je nevyhnutn\u00e1 pre valce v\u00fdlo\u017en\u00edka, ktor\u00e9 s\u00fa \u010dasto vystaven\u00e9 n\u00e1ro\u010dn\u00fdm prev\u00e1dzkov\u00fdm podmienkam. Mali by sa vyhodnoti\u0165 faktory, ako je v\u00fdber materi\u00e1lu, povrchov\u00e9 \u00fapravy a kon\u0161truk\u010dn\u00e9 prvky, aby sa zabezpe\u010dilo, \u017ee valec odol\u00e1 opotrebovaniu v priebehu \u010dasu.<\/p>\n<h3>Bezpe\u010dnostn\u00e9 prvky<\/h3>\n<p>Bezpe\u010dnos\u0165 je pri n\u00e1vrhu hydraulick\u00fdch valcov prvorad\u00e1. Za\u010dlenenie prvkov, ako s\u00fa pretlakov\u00e9 ventily a bezpe\u010dnostn\u00e9 z\u00e1mky, m\u00f4\u017ee zabr\u00e1ni\u0165 nehod\u00e1m a zabezpe\u010di\u0165 bezpe\u010dn\u00fa prev\u00e1dzku. Pravideln\u00e9 bezpe\u010dnostn\u00e9 kontroly a dodr\u017eiavanie priemyseln\u00fdch noriem s\u00fa nevyhnutn\u00e9 na zmiernenie riz\u00edk.<\/p>\n<h3>Udr\u017eiavanie prev\u00e1dzkyschopnosti<\/h3>\n<p>Navrhovanie s oh\u013eadom na \u00fadr\u017ebu znamen\u00e1 vytv\u00e1ranie valcov, ktor\u00e9 sa daj\u00fa \u013eahko servisova\u0165 a opravova\u0165. To zah\u0155\u0148a zv\u00e1\u017eenie dostupnosti komponentov a mo\u017enosti v\u00fdmeny opotrebovan\u00fdch dielov bez rozsiahlej demont\u00e1\u017ee, \u010do m\u00f4\u017ee u\u0161etri\u0165 \u010das a n\u00e1klady pri \u00fadr\u017ebe.<\/p>\n<p><img decoding=\"async\" src=\"https:\/\/www.hydraulic-cylinders.net\/wp-content\/uploads\/2025\/04\/songte-oil-pipes-and-spare-parts.webp\" alt=\"\u010casti hydraulick\u00e9ho valca\" \/><\/p>\n<h2>Tesnenie a mazanie<\/h2>\n<p>Pou\u017eitie r\u00f4znych tesniacich prvkov, ako s\u00fa tesnenia piestov a tesnenia ty\u010d\u00ed, je k\u013e\u00fa\u010dov\u00e9 pre efekt\u00edvnu prev\u00e1dzku valcov v\u00fdlo\u017en\u00edka. Tesnenia vyroben\u00e9 z odoln\u00fdch materi\u00e1lov, ako je polyuret\u00e1n a nitrilov\u00fd kau\u010duk, pon\u00fakaj\u00fa vynikaj\u00facu odolnos\u0165 proti oderu, \u010do zaru\u010duje dlh\u00fa \u017eivotnos\u0165. Teleso valca a z\u00e1vitov\u00e9 konce prech\u00e1dzaj\u00fa d\u00f4kladnou \u00fapravou, aby sa zv\u00fd\u0161ila odolnos\u0165 proti opotrebovaniu, \u010do je nevyhnutn\u00e9 pre udr\u017eanie hydraulickej \u00fa\u010dinnosti. Pravideln\u00e9 mazanie vhodn\u00fdm hydraulick\u00fdm olejom je nevyhnutn\u00e9 na minimaliz\u00e1ciu trenia a zabezpe\u010denie plynul\u00e9ho chodu.<\/p>\n<h2>Opatrenia prevent\u00edvnej \u00fadr\u017eby<\/h2>\n<ul>\n<li><strong>Pravideln\u00e9 kontroly:<\/strong> Vykon\u00e1vajte pl\u00e1novan\u00e9 kontroly, aby ste identifikovali potenci\u00e1lne probl\u00e9my sk\u00f4r, ako sa premenia na z\u00e1va\u017en\u00e9 probl\u00e9my. Patria sem kontrola netesnost\u00ed, opotrebovania a ak\u00fdchko\u013evek zn\u00e1mok po\u0161kodenia.<\/li>\n<li><strong>Vhodn\u00e9 mazanie:<\/strong> Dbajte na dostato\u010dn\u00e9 naplnenie a \u00fadr\u017ebu hydraulick\u00e9ho oleja, preto\u017ee nedostato\u010dn\u00e9 mazanie m\u00f4\u017ee vies\u0165 k zv\u00fd\u0161en\u00e9mu opotrebovaniu a pred\u010dasn\u00e9mu po\u0161kodeniu komponentov.<\/li>\n<li><strong>V\u00fdmena tesnenia:<\/strong> Pravidelne kontrolujte a pod\u013ea potreby vymie\u0148ajte tesnenia, aby ste predi\u0161li \u00fanikom a udr\u017eali \u00fa\u010dinnos\u0165 syst\u00e9mu.<\/li>\n<\/ul>\n<h2>Pokyny pre spr\u00e1vnu in\u0161tal\u00e1ciu<\/h2>\n<p>Pre \u00faspe\u0161n\u00fa in\u0161tal\u00e1ciu valcov ramena zabezpe\u010dte spr\u00e1vne zarovnanie s pr\u00edslu\u0161n\u00fdm strojov\u00fdm zariaden\u00edm. T\u00fdm sa zabr\u00e1ni zbyto\u010dn\u00e9mu nam\u00e1haniu valca a zv\u00fd\u0161i sa prev\u00e1dzkov\u00e1 \u00fa\u010dinnos\u0165. Na pevn\u00e9 upevnenie valca je nevyhnutn\u00e9 pou\u017ei\u0165 vhodn\u00e9 mont\u00e1\u017ene konzoly. Dodr\u017eiavanie \u0161pecifik\u00e1ci\u00ed v\u00fdrobcu t\u00fdkaj\u00facich sa nastavenia kr\u00fatiaceho momentu po\u010das in\u0161tal\u00e1cie je k\u013e\u00fa\u010dov\u00e9. Po in\u0161tal\u00e1cii by sa mali vykona\u0165 d\u00f4kladn\u00e9 kontroly, aby sa zabezpe\u010dilo, \u017ee v\u0161etky pripojenia s\u00fa pevn\u00e9 a hydraulick\u00fd syst\u00e9m je bez netesnost\u00ed. Je tie\u017e d\u00f4le\u017eit\u00e9 dodr\u017ea\u0165 dobu z\u00e1behu pod\u013ea pokynov v\u00fdrobcu, aby sa valec mohol plynulo prisp\u00f4sobi\u0165 prev\u00e1dzke.<\/p>\n<h2>Be\u017en\u00e9 \u00falohy \u00fadr\u017eby<\/h2>\n<ul>\n<li><strong>Pravideln\u00e9 kontroly:<\/strong> Pravidelne kontrolujte valce ramena, \u010di nevykazuj\u00fa zn\u00e1mky opotrebovania, netesnost\u00ed alebo po\u0161kodenia. V\u010dasn\u00e9 odhalenie m\u00f4\u017ee zabr\u00e1ni\u0165 katastrof\u00e1lnym poruch\u00e1m.<\/li>\n<li><strong>Spr\u00e1vne mazanie:<\/strong> Udr\u017eiavajte dostato\u010dn\u00e9 mazanie pravidelnou kontrolou hladiny oleja a zabezpe\u010den\u00edm pou\u017e\u00edvania spr\u00e1vneho typu hydraulickej kvapaliny.<\/li>\n<li><strong>V\u00fdmena tesnenia a kontroly kalibr\u00e1cie:<\/strong> Tesnenia sa \u010dasom m\u00f4\u017eu opotrebova\u0165 a je potrebn\u00e9 ich vymeni\u0165. Kalibr\u00e1cia zabezpe\u010duje, \u017ee valec pracuje v r\u00e1mci \u0161pecifikovan\u00fdch parametrov.<\/li>\n<\/ul>\n<h2>Bezpe\u010dnostn\u00e9 aspekty a faktory prostredia<\/h2>\n<p>Pri obsluhe hydraulick\u00fdch valcov v\u00fdlo\u017en\u00edka s\u00fa bezpe\u010dnostn\u00e9 opatrenia prvorad\u00e9 na ochranu zariadenia aj person\u00e1lu. Za\u010dlenenie bezpe\u010dnostn\u00fdch protokolov po\u010das prev\u00e1dzky m\u00f4\u017ee zmierni\u0165 rizik\u00e1 spojen\u00e9 s hydraulick\u00fdmi syst\u00e9mami. K\u013e\u00fa\u010dov\u00fa \u00falohu vo v\u00fdkone valcov zohr\u00e1vaj\u00fa aj faktory prostredia, preto\u017ee extr\u00e9mne teploty alebo vystavenie koroz\u00edvnym l\u00e1tkam m\u00f4\u017ee ovplyvni\u0165 \u017eivotnos\u0165 a \u00fa\u010dinnos\u0165 hydraulick\u00fdch komponentov.<\/p>\n<h2>Rie\u0161enie probl\u00e9mov a be\u017en\u00e9 probl\u00e9my<\/h2>\n<ul>\n<li><strong>\u00danik:<\/strong> \u00danik hydraulickej kvapaliny m\u00f4\u017ee nazna\u010dova\u0165 zlyhanie tesnenia alebo po\u0161kodenie valca. Na zabr\u00e1nenie straty v\u00fdkonu je potrebn\u00e1 okam\u017eit\u00e1 kontrola a oprava.<\/li>\n<li><strong>Pomal\u00fd pohyb:<\/strong> Ak sa valec v\u00fdlo\u017en\u00edka pohybuje pomaly, m\u00f4\u017ee to by\u0165 sp\u00f4soben\u00e9 nedostato\u010dn\u00fdm mno\u017estvom hydraulickej kvapaliny alebo upchat\u00edm syst\u00e9mu. Skontrolujte hladiny kvapal\u00edn a skontrolujte, \u010di nie s\u00fa v syst\u00e9me nejak\u00e9 prek\u00e1\u017eky.<\/li>\n<li><strong>\u017diadny pohyb:<\/strong> \u00dapln\u00e1 absencia pohybu m\u00f4\u017ee by\u0165 sp\u00f4soben\u00e1 vzduchom v hydraulick\u00fdch potrubiach alebo poruchou \u010derpadla. Tieto probl\u00e9my m\u00f4\u017ee vyrie\u0161i\u0165 odvzdu\u0161nenie syst\u00e9mu alebo kontrola \u010derpadla.<\/li>\n<\/ul>\n<h2>Tipy na rie\u0161enie probl\u00e9mov<\/h2>\n<p>Pre efekt\u00edvnu diagnostiku a rie\u0161enie probl\u00e9mov s valcami ramena postupujte systematicky. Najprv skontrolujte vidite\u013en\u00e9 zn\u00e1mky \u00faniku alebo po\u0161kodenia. Potom overte hladiny a kvalitu hydraulickej kvapaliny, preto\u017ee nekvalitn\u00e1 kvapalina m\u00f4\u017ee vies\u0165 k probl\u00e9mom s v\u00fdkonom. Konzult\u00e1cia s n\u00e1vodom na rie\u0161enie probl\u00e9mov od v\u00fdrobcu m\u00f4\u017ee poskytn\u00fa\u0165 \u010fal\u0161ie inform\u00e1cie. Implement\u00e1cia postupov prevent\u00edvnej \u00fadr\u017eby m\u00f4\u017ee v\u00fdrazne zn\u00ed\u017ei\u0165 pravdepodobnos\u0165 v\u00fdskytu t\u00fdchto probl\u00e9mov.<\/p>\n<p><img decoding=\"async\" src=\"https:\/\/www.hydraulic-cylinders.net\/wp-content\/uploads\/2025\/04\/songte-bushings-with-all-kinds-of-excavator-models.webp\" alt=\"Puzdr\u00e1 bagerov\" \/><\/p>\n<h2>O na\u0161ej spolo\u010dnosti<\/h2>\n<p>Sme v\u00fdrobca \u0161pecializuj\u00faci sa na n\u00e1hradn\u00e9 hydraulick\u00e9 valce a m\u00f4\u017eeme sa pochv\u00e1li\u0165 komplexn\u00fdm sortimentom produktov. Na\u0161a spolo\u010dnos\u0165 sa etablovala ako popredn\u00fd v\u00fdrobca a ve\u013ekoobchodn\u00fd distrib\u00fator hydraulick\u00fdch valcov na dom\u00e1com aj medzin\u00e1rodnom trhu. Dodr\u017eiavame z\u00e1v\u00e4zok ku kvalite, ktor\u00fd je poh\u00e1\u0148an\u00fd prepracovanou strat\u00e9giou riadenia v\u00fdroby. Na\u0161e zameranie na technologick\u00e9 talenty, modern\u00e9 v\u00fdrobn\u00e9 zariadenia a \u0161pecializovan\u00e9 testovacie syst\u00e9my neust\u00e1le zlep\u0161uje na\u0161e v\u00fdrobn\u00e9 kapacity, \u010d\u00edm zabezpe\u010dujeme vysok\u00fa efektivitu, presnos\u0165 a kvalitu, aby sme splnili rozmanit\u00e9 potreby z\u00e1kazn\u00edkov.<\/p>\n<p><img decoding=\"async\" src=\"https:\/\/www.hydraulic-cylinders.net\/wp-content\/uploads\/2025\/04\/songte-company-4.webp\" alt=\"Preh\u013ead spolo\u010dnosti\" \/><br \/>\n<img decoding=\"async\" src=\"https:\/\/www.hydraulic-cylinders.net\/wp-content\/uploads\/2025\/04\/songte-company-3.webp\" alt=\"Zariadenia spolo\u010dnosti\" \/><\/p>\n<p>Na\u0161a odbornos\u0165 sa roz\u0161iruje na profesion\u00e1lne slu\u017eby, medzin\u00e1rodn\u00e9 certifik\u00e1cie, rie\u0161enia na mieru, najmodernej\u0161ie v\u00fdrobn\u00e9 zariadenia a komplexn\u00fa popredajn\u00fa podporu, \u010d\u00edm zabezpe\u010dujeme efekt\u00edvne uspokojovanie potrieb na\u0161ich klientov.<\/p>\n<p>Autor: lyl<\/p>","protected":false},"excerpt":{"rendered":"<p>Boom Cylinder For Carter CT240-8C Introduction to Boom Cylinders The Boom Cylinder, particularly for the Carter CT240-8C, is an essential hydraulic component designed for controlling the movement of buckets in various heavy machinery, including excavators, backhoe loaders, and front-end loaders. This hydraulic cylinder allows the bucket to lift, lower, and tilt, thereby facilitating material handling [&hellip;]<\/p>","protected":false},"featured_media":17875,"comment_status":"open","ping_status":"closed","template":"","meta":{"_et_pb_use_builder":"","_et_pb_old_content":"","_et_gb_content_width":""},"product_brand":[],"product_cat":[1546],"product_tag":[1547,1496],"class_list":{"0":"post-19522","1":"product","2":"type-product","3":"status-publish","4":"has-post-thumbnail","6":"product_cat-boom-cylinders","7":"product_tag-boom-cylinders","8":"product_tag-hydraulic-cylinders","10":"first","11":"instock","12":"shipping-taxable","13":"product-type-simple"},"amp_enabled":true,"_links":{"self":[{"href":"https:\/\/www.hydraulic-cylinders.net\/sk\/wp-json\/wp\/v2\/product\/19522","targetHints":{"allow":["GET"]}}],"collection":[{"href":"https:\/\/www.hydraulic-cylinders.net\/sk\/wp-json\/wp\/v2\/product"}],"about":[{"href":"https:\/\/www.hydraulic-cylinders.net\/sk\/wp-json\/wp\/v2\/types\/product"}],"replies":[{"embeddable":true,"href":"https:\/\/www.hydraulic-cylinders.net\/sk\/wp-json\/wp\/v2\/comments?post=19522"}],"wp:featuredmedia":[{"embeddable":true,"href":"https:\/\/www.hydraulic-cylinders.net\/sk\/wp-json\/wp\/v2\/media\/17875"}],"wp:attachment":[{"href":"https:\/\/www.hydraulic-cylinders.net\/sk\/wp-json\/wp\/v2\/media?parent=19522"}],"wp:term":[{"taxonomy":"product_brand","embeddable":true,"href":"https:\/\/www.hydraulic-cylinders.net\/sk\/wp-json\/wp\/v2\/product_brand?post=19522"},{"taxonomy":"product_cat","embeddable":true,"href":"https:\/\/www.hydraulic-cylinders.net\/sk\/wp-json\/wp\/v2\/product_cat?post=19522"},{"taxonomy":"product_tag","embeddable":true,"href":"https:\/\/www.hydraulic-cylinders.net\/sk\/wp-json\/wp\/v2\/product_tag?post=19522"}],"curies":[{"name":"pracovn\u00fd list","href":"https:\/\/api.w.org\/{rel}","templated":true}]}}