{"id":19523,"date":"2025-04-07T06:52:28","date_gmt":"2025-04-07T06:52:28","guid":{"rendered":"https:\/\/www.hydraulic-cylinders.net\/product\/boom-cylinder-for-carter-ct330-8c\/"},"modified":"2025-04-07T06:52:37","modified_gmt":"2025-04-07T06:52:37","slug":"boom-cylinder-for-carter-ct330-8c","status":"publish","type":"product","link":"https:\/\/www.hydraulic-cylinders.net\/sk\/produkt\/boom-cylinder-for-carter-ct330-8c\/","title":{"rendered":"Valec v\u00fdlo\u017en\u00edka pre Carter CT330-8C"},"content":{"rendered":"<h1>Valec v\u00fdlo\u017en\u00edka pre Carter CT330-8C<\/h1>\n<h2>\u00davod k valcu v\u00fdlo\u017en\u00edka<\/h2>\n<p>Hydraulick\u00fd valec v\u00fdlo\u017en\u00edka pre Carter CT330-8C je \u0161pecializovan\u00fd hydraulick\u00fd valec ur\u010den\u00fd na ovl\u00e1danie pohybu ly\u017eice na r\u00f4znych \u0165a\u017ek\u00fdch strojoch, ako s\u00fa bagre, r\u00fdpadl\u00e1 a \u010deln\u00e9 naklada\u010de. Tento hydraulick\u00fd komponent je k\u013e\u00fa\u010dov\u00fd pre oper\u00e1cie, ktor\u00e9 zah\u0155\u0148aj\u00fa zdv\u00edhanie, sp\u00fa\u0161\u0165anie a nakl\u00e1\u0148anie ly\u017eice, \u010d\u00edm u\u013eah\u010duje efekt\u00edvnu manipul\u00e1ciu s materi\u00e1lom.<\/p>\n<p>Hydraulick\u00e9 valce vr\u00e1tane valcov v\u00fdlo\u017en\u00edka zohr\u00e1vaj\u00fa v hydraulick\u00fdch syst\u00e9moch d\u00f4le\u017eit\u00fa \u00falohu. Premie\u0148aj\u00fa hydraulick\u00fa energiu na mechanick\u00fa energiu, \u010do umo\u017e\u0148uje plynul\u00e9 a kontrolovan\u00e9 pohyby potrebn\u00e9 pre \u0165a\u017ek\u00e9 zariadenia. Valec v\u00fdlo\u017en\u00edka je obzvl\u00e1\u0161\u0165 d\u00f4le\u017eit\u00fd v stavebn\u00edctve a po\u013enohospod\u00e1rstve, kde sa vy\u017eaduje zdv\u00edhanie \u0165a\u017ek\u00fdch bremien a presn\u00fd pohyb.<\/p>\n<p><img decoding=\"async\" src=\"https:\/\/www.hydraulic-cylinders.net\/wp-content\/uploads\/2025\/04\/songte-company-1.webp\" alt=\"Valec v\u00fdlo\u017en\u00edka\"><\/p>\n<h2>Vlastnosti valca v\u00fdlo\u017en\u00edka<\/h2>\n<ul>\n<li><strong>Vysok\u00e1 pevnos\u0165 a odolnos\u0165:<\/strong> Tieto valce, ktor\u00e9 s\u00fa zvy\u010dajne vyroben\u00e9 z vysokopevnostnej ocele alebo hlin\u00edka, odol\u00e1vaj\u00fa vysok\u00e9mu tlaku a \u0165a\u017ek\u00fdm za\u0165a\u017eeniam a z\u00e1rove\u0148 sa prisp\u00f4sobia n\u00e1ro\u010dn\u00fdm pracovn\u00fdm podmienkam. S\u00fa navrhnut\u00e9 s oh\u013eadom na odolnos\u0165 vo\u010di opotrebovaniu a kor\u00f3zii, aby sa pred\u013a\u017eila ich \u017eivotnos\u0165.<\/li>\n<li><strong>Efekt\u00edvna hydraulick\u00e1 prev\u00e1dzka:<\/strong> V\u010faka tlaku hydraulick\u00e9ho oleja zabezpe\u010duje valec v\u00fdlo\u017en\u00edka plynul\u00e9 vys\u00favanie a zas\u00favanie, \u010do umo\u017e\u0148uje r\u00fdchlu reakciu na ovl\u00e1dacie povely a dosahuje siln\u00e9 tla\u010dn\u00e9 a \u0165ahov\u00e9 sily vhodn\u00e9 na manipul\u00e1ciu s \u0165a\u017ek\u00fdmi materi\u00e1lmi a zlo\u017eit\u00fdmi \u00falohami.<\/li>\n<li><strong>R\u00f4zne typy:<\/strong> Z\u00e1kazn\u00edci si m\u00f4\u017eu vybra\u0165 z jedno\u010dinn\u00fdch (hydraulick\u00fd \u00fa\u010dinok v jednom smere) alebo dvoj\u010dinn\u00fdch (hydraulick\u00fd \u00fa\u010dinok v oboch smeroch) valcov, aby splnili r\u00f4zne prev\u00e1dzkov\u00e9 potreby. Niektor\u00e9 modely s\u00fa teleskopick\u00e9, \u010do umo\u017e\u0148uje v\u00e4\u010d\u0161ie vysunutie bez zv\u00e4\u010d\u0161enia vonkaj\u0161\u00edch rozmerov, ide\u00e1lne pre aplik\u00e1cie s obmedzen\u00fdm priestorom.<\/li>\n<li><strong>Prisp\u00f4sobite\u013en\u00e9 rie\u0161enia:<\/strong> Tento produkt vyr\u00e1bame tak, aby dokonale nahradil existuj\u00face hydraulick\u00e9 valce, \u010d\u00edm zabezpe\u010dujeme kompatibilitu a v\u00fdkon.<\/li>\n<li><strong>Robustn\u00fd dizajn:<\/strong> V\u010faka pokro\u010dil\u00fdm in\u017einierskym technik\u00e1m je valec v\u00fdlo\u017en\u00edka vyroben\u00fd tak, aby vydr\u017eal a pon\u00fakal spo\u013eahlivos\u0165 v n\u00e1ro\u010dn\u00fdch situ\u00e1ci\u00e1ch.<\/li>\n<\/ul>\n<p><img decoding=\"async\" src=\"https:\/\/www.hydraulic-cylinders.net\/wp-content\/uploads\/2025\/04\/songte-cylinder-head-with-all-kinds-excavator-models.webp\" alt=\"Valec v\u00fdlo\u017en\u00edka Carter CT330-8C\"><\/p>\n<h2>Aplik\u00e1cie valca v\u00fdlo\u017en\u00edka<\/h2>\n<h3>Stavebn\u00e9 stroje<\/h3>\n<p>V stavebn\u00fdch strojoch s\u00fa valce v\u00fdlo\u017en\u00edka neoddelite\u013enou s\u00fa\u010das\u0165ou r\u00fdpadiel, kde u\u013eah\u010duj\u00fa kopanie, nakladanie a premiest\u0148ovanie zeminy alebo sutiny. V r\u00fdpadlo-naklada\u010doch pom\u00e1ha valec kor\u010deka pri v\u00fdkopov\u00fdch aj zdv\u00edhac\u00edch \u00faloh\u00e1ch, v\u010faka \u010domu je nevyhnutn\u00fd pre stavebn\u00e9 projekty.<\/p>\n<h3>Po\u013enohospod\u00e1rske stroje<\/h3>\n<p>V \u010deln\u00fdch naklada\u010doch s\u00fa valce v\u00fdlo\u017en\u00edka nevyhnutn\u00e9 na naberanie, zdv\u00edhanie a prepravu p\u00f4dy, sena a in\u00fdch materi\u00e1lov. Ich spo\u013eahlivos\u0165 zabezpe\u010duje efekt\u00edvne vykon\u00e1vanie po\u013enohospod\u00e1rskych \u00faloh a zvy\u0161uje produktivitu na farm\u00e1ch.<\/p>\n<h3>R\u00fdpadl\u00e1<\/h3>\n<p>V r\u00fdpadl\u00e1ch umo\u017e\u0148uje valec v\u00fdlo\u017en\u00edka prenikn\u00fa\u0165 ly\u017eici do p\u00f4dy, \u010do u\u013eah\u010duje efekt\u00edvne kopanie. Jeho presn\u00e9 ovl\u00e1danie umo\u017e\u0148uje obsluhe vykon\u00e1va\u0165 detailn\u00e9 v\u00fdkopov\u00e9 pr\u00e1ce, ktor\u00e9 s\u00fa k\u013e\u00fa\u010dov\u00e9 pre pr\u00edpravu staveniska a \u00fapravu ter\u00e9nu.<\/p>\n<h3>Naklada\u010de<\/h3>\n<p>V \u010deln\u00fdch naklada\u010doch valce v\u00fdlo\u017en\u00edka efekt\u00edvne prispievaj\u00fa k zdv\u00edhaniu a vykladaniu materi\u00e1lov. Ich robustn\u00fd v\u00fdkon zais\u0165uje, \u017ee s \u0165a\u017ek\u00fdmi bremenami sa d\u00e1 manipulova\u0165 s \u013eahkos\u0165ou a presnos\u0165ou, \u010d\u00edm sa skracuje prev\u00e1dzkov\u00fd \u010das a zvy\u0161uje efektivita.<\/p>\n<h2>\u00davahy o dizajne a krit\u00e9ri\u00e1 v\u00fdberu<\/h2>\n<h3>Nosnos\u0165<\/h3>\n<p>Nosnos\u0165 je k\u013e\u00fa\u010dov\u00fdm faktorom pri v\u00fdbere valca v\u00fdlo\u017en\u00edka. Ka\u017ed\u00fd valec mus\u00ed by\u0165 schopn\u00fd zvl\u00e1dnu\u0165 \u0161pecifick\u00fa hmotnos\u0165, ktor\u00fa bude zdv\u00edha\u0165 alebo pres\u00fava\u0165. Spr\u00e1vne v\u00fdpo\u010dty zalo\u017een\u00e9 na \u0161pecifik\u00e1ci\u00e1ch stroja a prev\u00e1dzkov\u00fdch po\u017eiadavk\u00e1ch zabezpe\u010duj\u00fa bezpe\u010dnos\u0165 a efektivitu.<\/p>\n<h3>Tesniace mechanizmy<\/h3>\n<p>\u00da\u010dinn\u00e9 tesniace mechanizmy s\u00fa nevyhnutn\u00e9 na zabr\u00e1nenie \u00faniku hydraulickej kvapaliny a udr\u017eanie tlaku. Vysokokvalitn\u00e9 tesnenia, ktor\u00e9 odol\u00e1vaj\u00fa extr\u00e9mnym teplot\u00e1m a tlakom, predl\u017euj\u00fa \u017eivotnos\u0165 valca a zabezpe\u010duj\u00fa optim\u00e1lny v\u00fdkon.<\/p>\n<h3>Trvanlivos\u0165<\/h3>\n<p>Pri kon\u0161trukcii valcov v\u00fdlo\u017en\u00edka je prvorad\u00e1 odolnos\u0165. Musia by\u0165 vyroben\u00e9 z materi\u00e1lov, ktor\u00e9 odol\u00e1vaj\u00fa opotrebovaniu, kor\u00f3zii a \u00fanave materi\u00e1lu v priebehu \u010dasu, \u010d\u00edm sa zabezpe\u010d\u00ed ich funk\u010dnos\u0165 aj v n\u00e1ro\u010dn\u00fdch podmienkach a pri intenz\u00edvnom pou\u017e\u00edvan\u00ed.<\/p>\n<h3>Bezpe\u010dnostn\u00e9 prvky<\/h3>\n<p>Bezpe\u010dnos\u0165 je k\u013e\u00fa\u010dov\u00fdm faktorom pri kon\u0161trukcii hydraulick\u00fdch valcov. Funkcie ako ochrana proti pre\u0165a\u017eeniu a poistn\u00e9 ventily pom\u00e1haj\u00fa predch\u00e1dza\u0165 nehod\u00e1m a poruch\u00e1m zariaden\u00ed, \u010d\u00edm chr\u00e1nia obsluhu aj stroje po\u010das prev\u00e1dzky.<\/p>\n<h3>Udr\u017eiavate\u013enos\u0165<\/h3>\n<p>Vyberte si kon\u0161trukcie, ktor\u00e9 umo\u017e\u0148uj\u00fa jednoduch\u00fa \u00fadr\u017ebu a opravy. Pr\u00edstup ku kritick\u00fdm komponentom na kontrolu, v\u00fdmenu tesnen\u00ed a mazanie zais\u0165uje dlh\u00fa \u017eivotnos\u0165 a spo\u013eahlivos\u0165 valca.<\/p>\n<p><img decoding=\"async\" src=\"https:\/\/www.hydraulic-cylinders.net\/wp-content\/uploads\/2025\/04\/songte-oil-pipes-and-spare-parts.webp\" alt=\"Komponenty hydraulick\u00e9ho valca\"><\/p>\n<h2>Tesnenie a mazanie<\/h2>\n<p>\u00da\u010dinnos\u0165 valca v\u00fdlo\u017en\u00edka vo ve\u013ekej miere z\u00e1vis\u00ed od jeho tesniacich a mazac\u00edch syst\u00e9mov. R\u00f4zne tesnenia, ako s\u00fa tesnenia piestov a tesnenia ty\u010d\u00ed, s\u00fa k\u013e\u00fa\u010dov\u00e9 pre udr\u017eiavanie hydraulick\u00e9ho tlaku a zabr\u00e1nenie \u00faniku kvapaliny. Tieto tesnenia s\u00fa zvy\u010dajne vyroben\u00e9 z odoln\u00fdch materi\u00e1lov, ako je polyuret\u00e1n a nitrilov\u00e1 guma, ktor\u00e9 pon\u00fakaj\u00fa vynikaj\u00facu odolnos\u0165 vo\u010di opotrebovaniu.<\/p>\n<p>Teleso valca a z\u00e1vitov\u00e9 koncov\u00e9 plochy prech\u00e1dzaj\u00fa d\u00f4kladnou povrchovou \u00fapravou, aby sa zv\u00fd\u0161ila ich odolnos\u0165 a odolnos\u0165 vo\u010di opotrebovaniu. Pravideln\u00e9 mazanie hydraulick\u00fdm olejom je nevyhnutn\u00e9 na zn\u00ed\u017eenie trenia a opotrebenia, zabezpe\u010denie plynul\u00e9ho chodu a pred\u013a\u017eenie \u017eivotnosti valca.<\/p>\n<h2>Pravideln\u00e1 kontrola a prevent\u00edvna \u00fadr\u017eba<\/h2>\n<ul>\n<li><strong>Pravideln\u00e9 kontroly:<\/strong> Pravideln\u00e9 kontroly valca ramena, \u010di nevykazuje zn\u00e1mky opotrebovania, netesnost\u00ed a po\u0161kodenia, s\u00fa k\u013e\u00fa\u010dov\u00e9 pre udr\u017eanie prev\u00e1dzkovej integrity. Skontrolujte tesnenia, hadice a spoje a opotrebovan\u00e9 komponenty ihne\u010f vyme\u0148te.<\/li>\n<li><strong>Spr\u00e1vne mazanie:<\/strong> Uistite sa, \u017ee hydraulick\u00e1 kvapalina je na spr\u00e1vnej \u00farovni a \u017ee mazanie je aplikovan\u00e9 pod\u013ea pokynov v\u00fdrobcu, aby sa predi\u0161lo nadmern\u00e9mu opotrebovaniu a prehriatiu.<\/li>\n<li><strong>V\u00fdmena tesnenia:<\/strong> Pravideln\u00e1 v\u00fdmena tesnen\u00ed m\u00f4\u017ee zabr\u00e1ni\u0165 \u00fanikom a zabezpe\u010di\u0165 efekt\u00edvnu prev\u00e1dzku valca. V\u00fdmenu napl\u00e1nujte pod\u013ea frekvencie pou\u017e\u00edvania a podmienok prostredia.<\/li>\n<\/ul>\n<h2>Pokyny na in\u0161tal\u00e1ciu<\/h2>\n<p>Spr\u00e1vna in\u0161tal\u00e1cia valca ramena je nevyhnutn\u00e1 pre jeho optim\u00e1lnu prev\u00e1dzku. Za\u010dnite t\u00fdm, \u017ee sa uist\u00edte, \u017ee mont\u00e1\u017ene povrchy s\u00fa \u010dist\u00e9 a bez ne\u010dist\u00f4t. Na spr\u00e1vne zarovnanie valca pou\u017eite vhodn\u00e9 zarovn\u00e1vacie n\u00e1stroje, aby ste predi\u0161li zbyto\u010dn\u00e9mu nam\u00e1haniu a opotrebovaniu valca a pripojen\u00fdch komponentov. Valec zaistite pomocou vhodn\u00fdch mont\u00e1\u017enych konzol a uistite sa, \u017ee je pevne na svojom mieste. Po\u010das in\u0161tal\u00e1cie dvakr\u00e1t skontrolujte tesnos\u0165 hydraulick\u00fdch spojov a pred plnou prev\u00e1dzkou otestujte syst\u00e9m za kontrolovan\u00fdch podmienok.<\/p>\n<h2>Be\u017en\u00e9 \u00falohy \u00fadr\u017eby<\/h2>\n<h3>Pravideln\u00e9 kontroly<\/h3>\n<p>Pravideln\u00e9 kontroly valca ramena s\u00fa nevyhnutn\u00e9 na identifik\u00e1ciu potenci\u00e1lnych probl\u00e9mov sk\u00f4r, ako sa vyhrotia. Po\u010das be\u017en\u00fdch kontrol skontrolujte netesnosti, nezvy\u010dajn\u00e9 zvuky a zn\u00e1mky opotrebovania. Tento proakt\u00edvny pr\u00edstup zais\u0165uje, \u017ee valec zostane funk\u010dn\u00fd a bezpe\u010dn\u00fd.<\/p>\n<h3>Vhodn\u00e9 mazanie<\/h3>\n<p>Udr\u017eiavanie spr\u00e1vneho mazania je k\u013e\u00fa\u010dov\u00e9 pre plynul\u00fd chod valca ramena. Pou\u017e\u00edvajte vysokokvalitn\u00fd hydraulick\u00fd olej a uistite sa, \u017ee je naplnen\u00fd na hladiny odpor\u00fa\u010dan\u00e9 v\u00fdrobcom. Pravidelne kontrolujte hydraulick\u00fd olej, \u010di nie je zne\u010disten\u00fd alebo degradovan\u00fd, a v pr\u00edpade potreby ho vyme\u0148te.<\/p>\n<h3>V\u00fdmena tesnenia a kontroly kalibr\u00e1cie<\/h3>\n<p>Pravidelne vymie\u0148ajte tesnenia, aby ste predi\u0161li \u00fanikom a zachovali hydraulick\u00fa integritu. Kalibra\u010dn\u00e9 kontroly zabezpe\u010duj\u00fa, \u017ee valec ramena pracuje v r\u00e1mci stanoven\u00fdch parametrov. Dodr\u017eiavanie odpor\u00fa\u010dan\u00fdch postupov a harmonogramov pre tieto \u00falohy v\u00fdrazne zvy\u0161uje \u017eivotnos\u0165 a v\u00fdkon valca.<\/p>\n<p><img decoding=\"async\" src=\"https:\/\/www.hydraulic-cylinders.net\/wp-content\/uploads\/2025\/04\/songte-chushion-collar.webp\" alt=\"Tlmiaci golier pre valec v\u00fdlo\u017en\u00edka\"><\/p>\n<h2>Bezpe\u010dnostn\u00e9 aspekty a faktory prostredia<\/h2>\n<p>Pri obsluhe hydraulick\u00fdch valcov s\u00fa bezpe\u010dnostn\u00e9 opatrenia prvorad\u00e9. Obsluha by mala by\u0165 vy\u0161kolen\u00e1 v rozpozn\u00e1van\u00ed riz\u00edk spojen\u00fdch s hydraulick\u00fdmi syst\u00e9mami vr\u00e1tane \u00fanikov kvapal\u00edn pod vysok\u00fdm tlakom a mo\u017en\u00e9ho zlyhania zariadenia. Implement\u00e1cia bezpe\u010dnostn\u00fdch protokolov a pravideln\u00e9 \u0161kolenia m\u00f4\u017eu v\u00fdrazne zn\u00ed\u017ei\u0165 rizik\u00e1 spojen\u00e9 s pou\u017e\u00edvan\u00edm valcov v\u00fdlo\u017en\u00edka.<\/p>\n<h2>Rie\u0161enie probl\u00e9mov a be\u017en\u00e9 probl\u00e9my<\/h2>\n<ul>\n<li><strong>\u00danik:<\/strong> \u00daniky hydraulickej kvapaliny m\u00f4\u017eu nazna\u010dova\u0165 opotrebovan\u00e9 tesnenia alebo spoje. Vykonajte d\u00f4kladn\u00fa kontrolu a ihne\u010f vyme\u0148te opotrebovan\u00e9 komponenty, aby ste predi\u0161li \u010fal\u0161iemu po\u0161kodeniu.<\/li>\n<li><strong>Nereaguj\u00faca oper\u00e1cia:<\/strong> Ak valec ramena nereaguje, skontrolujte hladinu hydraulickej kvapaliny a uistite sa, \u017ee v syst\u00e9me nie je vzduch. V pr\u00edpade potreby syst\u00e9m odvzdu\u0161nite.<\/li>\n<li><strong>Nerovnomern\u00fd pohyb:<\/strong> Nerovnomern\u00e9 vys\u00favanie alebo zas\u00favanie m\u00f4\u017ee by\u0165 sp\u00f4soben\u00e9 upchat\u00edm alebo chybnou funkciou tesnen\u00ed. Skontrolujte, \u010di nie s\u00fa upchat\u00e9, a chybn\u00e9 tesnenia ihne\u010f vyme\u0148te.<\/li>\n<\/ul>\n<h2>Tipy na rie\u0161enie probl\u00e9mov<\/h2>\n<p>Pri diagnostikovan\u00ed probl\u00e9mov s valcom ramena je nevyhnutn\u00e9 dodr\u017eiava\u0165 systematick\u00fd pr\u00edstup. Za\u010dnite kontrolou be\u017en\u00fdch probl\u00e9mov, ako s\u00fa \u00faniky kvapaliny alebo strata tlaku. Pravideln\u00e1 \u00fadr\u017eba a kontroly m\u00f4\u017eu pom\u00f4c\u0165 v\u010das identifikova\u0165 potenci\u00e1lne probl\u00e9my a zn\u00ed\u017ei\u0165 riziko z\u00e1va\u017en\u00fdch probl\u00e9mov. Zav\u00e1dzajte prevent\u00edvne opatrenia, ako s\u00fa pravideln\u00e9 kontroly mazania a tesnen\u00ed, aby ste minimalizovali v\u00fdskyt por\u00fach.<\/p>\n<p><img decoding=\"async\" src=\"https:\/\/www.hydraulic-cylinders.net\/wp-content\/uploads\/2025\/04\/songte-bushings-with-all-kinds-of-excavator-models.webp\" alt=\"Puzdr\u00e1 pre modely r\u00fdpadiel\"><\/p>\n<h2>O na\u0161ej spolo\u010dnosti<\/h2>\n<p>Sme popredn\u00fdm v\u00fdrobcom n\u00e1hradn\u00fdch hydraulick\u00fdch valcov a pon\u00fakame komplexn\u00fd sortiment produktov, v\u010faka ktor\u00fdm sme sa stali jedn\u00fdm z popredn\u00fdch v\u00fdrobcov a ve\u013ekoobchodn\u00edkov hydraulick\u00fdch valcov na dom\u00e1com aj medzin\u00e1rodnom trhu. N\u00e1\u0161 z\u00e1v\u00e4zok k vynikaj\u00facej kvalite je podlo\u017een\u00fd sofistikovanou strat\u00e9giou riadenia v\u00fdroby, ktor\u00e1 kladie d\u00f4raz na presnos\u0165 a efekt\u00edvnos\u0165.<\/p>\n<p>Vyu\u017e\u00edvame pokro\u010dil\u00e9 v\u00fdrobn\u00e9 technol\u00f3gie, kvalifikovan\u00fd technick\u00fd person\u00e1l a pr\u00edsne testovacie syst\u00e9my na zlep\u0161enie na\u0161ich v\u00fdrobn\u00fdch kapac\u00edt. Na\u0161a siln\u00e1 inova\u010dn\u00e1 kapacita n\u00e1m umo\u017e\u0148uje efekt\u00edvne uspokojova\u0165 rozmanit\u00e9 potreby z\u00e1kazn\u00edkov. So zameran\u00edm na vysok\u00fa efektivitu, presnos\u0165 a kvalitu zabezpe\u010dujeme, aby na\u0161e produkty sp\u013a\u0148ali najvy\u0161\u0161ie \u0161tandardy v odvetv\u00ed.<\/p>\n<p>Na\u0161e slu\u017eby zah\u0155\u0148aj\u00fa aj rie\u0161enia na mieru prisp\u00f4soben\u00e9 \u0161pecifick\u00fdm po\u017eiadavk\u00e1m, podporen\u00e9 profesion\u00e1lnou popredajnou podporou, aby sme zabezpe\u010dili spokojnos\u0165 na\u0161ich z\u00e1kazn\u00edkov so svojimi hydraulick\u00fdmi syst\u00e9mami.<\/p>\n<p><img decoding=\"async\" src=\"https:\/\/www.hydraulic-cylinders.net\/wp-content\/uploads\/2025\/04\/songte-company-4.webp\" alt=\"Preh\u013ead na\u0161ej spolo\u010dnosti\"><br \/>\n<img decoding=\"async\" src=\"https:\/\/www.hydraulic-cylinders.net\/wp-content\/uploads\/2025\/04\/songte-company-3.webp\" alt=\"V\u00fdrobn\u00e9 zariadenie spolo\u010dnosti\"><\/p>\n<p>Autor: lyl<\/p>","protected":false},"excerpt":{"rendered":"<p>Boom Cylinder For Carter CT330-8C Introduction to the Boom Cylinder The Boom Cylinder for Carter CT330-8C is a specialized hydraulic cylinder designed to control the movement of the bucket on various heavy machinery such as excavators, backhoes, and front loaders. This hydraulic component is crucial for operations that involve lifting, lowering, and tilting the bucket, [&hellip;]<\/p>","protected":false},"featured_media":17876,"comment_status":"open","ping_status":"closed","template":"","meta":{"_et_pb_use_builder":"","_et_pb_old_content":"","_et_gb_content_width":""},"product_brand":[],"product_cat":[1546],"product_tag":[1547,1496],"class_list":{"0":"post-19523","1":"product","2":"type-product","3":"status-publish","4":"has-post-thumbnail","6":"product_cat-boom-cylinders","7":"product_tag-boom-cylinders","8":"product_tag-hydraulic-cylinders","10":"first","11":"instock","12":"shipping-taxable","13":"product-type-simple"},"amp_enabled":true,"_links":{"self":[{"href":"https:\/\/www.hydraulic-cylinders.net\/sk\/wp-json\/wp\/v2\/product\/19523","targetHints":{"allow":["GET"]}}],"collection":[{"href":"https:\/\/www.hydraulic-cylinders.net\/sk\/wp-json\/wp\/v2\/product"}],"about":[{"href":"https:\/\/www.hydraulic-cylinders.net\/sk\/wp-json\/wp\/v2\/types\/product"}],"replies":[{"embeddable":true,"href":"https:\/\/www.hydraulic-cylinders.net\/sk\/wp-json\/wp\/v2\/comments?post=19523"}],"wp:featuredmedia":[{"embeddable":true,"href":"https:\/\/www.hydraulic-cylinders.net\/sk\/wp-json\/wp\/v2\/media\/17876"}],"wp:attachment":[{"href":"https:\/\/www.hydraulic-cylinders.net\/sk\/wp-json\/wp\/v2\/media?parent=19523"}],"wp:term":[{"taxonomy":"product_brand","embeddable":true,"href":"https:\/\/www.hydraulic-cylinders.net\/sk\/wp-json\/wp\/v2\/product_brand?post=19523"},{"taxonomy":"product_cat","embeddable":true,"href":"https:\/\/www.hydraulic-cylinders.net\/sk\/wp-json\/wp\/v2\/product_cat?post=19523"},{"taxonomy":"product_tag","embeddable":true,"href":"https:\/\/www.hydraulic-cylinders.net\/sk\/wp-json\/wp\/v2\/product_tag?post=19523"}],"curies":[{"name":"pracovn\u00fd list","href":"https:\/\/api.w.org\/{rel}","templated":true}]}}