{"id":19526,"date":"2025-04-07T06:52:50","date_gmt":"2025-04-07T06:52:50","guid":{"rendered":"https:\/\/www.hydraulic-cylinders.net\/product\/boom-cylinder-for-kym-ky60f\/"},"modified":"2025-04-07T06:52:52","modified_gmt":"2025-04-07T06:52:52","slug":"boom-cylinder-for-kym-ky60f","status":"publish","type":"product","link":"https:\/\/www.hydraulic-cylinders.net\/sk\/produkt\/boom-cylinder-for-kym-ky60f\/","title":{"rendered":"Valec v\u00fdlo\u017en\u00edka pre KYM KY60F"},"content":{"rendered":"<h1>Valec v\u00fdlo\u017en\u00edka pre KYM KY60F<\/h1>\n<h2>Preh\u013ead produktu<\/h2>\n<p>Hydraulick\u00fd valec v\u00fdlo\u017en\u00edka pre KYM KY60F je z\u00e1kladn\u00fd hydraulick\u00fd komponent navrhnut\u00fd \u0161peci\u00e1lne na ovl\u00e1danie pohybu ly\u017eice na \u0165a\u017ek\u00fdch strojoch, ako s\u00fa r\u00fdpadl\u00e1, r\u00fdpadlo-naklada\u010de a \u010deln\u00e9 naklada\u010de. Tento hydraulick\u00fd valec umo\u017e\u0148uje zdv\u00edhanie, sp\u00fa\u0161\u0165anie a nakl\u00e1\u0148anie ly\u017eice, \u010do u\u013eah\u010duje efekt\u00edvnu manipul\u00e1ciu s materi\u00e1lom v r\u00f4znych stavebn\u00fdch a po\u013enohospod\u00e1rskych aplik\u00e1ci\u00e1ch. Ako hydraulick\u00fd valec pracuje s pou\u017eit\u00edm tlakovej hydraulickej kvapaliny, ktor\u00e1 umo\u017e\u0148uje plynul\u00fd a siln\u00fd pohyb a zabezpe\u010duje, \u017ee obsluha m\u00f4\u017ee presne man\u00e9vrova\u0165 s \u0165a\u017ek\u00fdmi bremenami.<\/p>\n<p><img decoding=\"async\" src=\"https:\/\/www.hydraulic-cylinders.net\/wp-content\/uploads\/2025\/04\/songte-company-1.webp\" alt=\"Valec v\u00fdlo\u017en\u00edka\"><\/p>\n<h2>Vlastnosti valca v\u00fdlo\u017en\u00edka<\/h2>\n<ul>\n<li><strong>Vysok\u00e1 pevnos\u0165 a odolnos\u0165:<\/strong> Tento valec, zvy\u010dajne vyroben\u00fd z vysokopevnostnej ocele alebo hlin\u00edka, odol\u00e1 vysok\u00e9mu tlaku a \u0165a\u017ek\u00e9mu za\u0165a\u017eeniu, v\u010faka \u010domu je vhodn\u00fd do n\u00e1ro\u010dn\u00fdch pracovn\u00fdch prostred\u00ed. Je navrhnut\u00fd s oh\u013eadom na odolnos\u0165 vo\u010di opotrebovaniu a kor\u00f3zii, \u010d\u00edm sa predl\u017euje jeho \u017eivotnos\u0165.<\/li>\n<li><strong>Efekt\u00edvna hydraulick\u00e1 prev\u00e1dzka:<\/strong> V\u010faka hydraulick\u00e9mu tlaku oleja tento valec zabezpe\u010duje plynul\u00e9 teleskopick\u00e9 pohyby a r\u00fdchlo reaguje na ovl\u00e1dacie povely, \u010d\u00edm vytv\u00e1ra siln\u00e9 tla\u010dn\u00e9 a \u0165ahov\u00e9 sily, ide\u00e1lne na manipul\u00e1ciu s \u0165a\u017ek\u00fdmi materi\u00e1lmi a zlo\u017eit\u00fdmi \u00falohami.<\/li>\n<li><strong>R\u00f4zne typy:<\/strong> V z\u00e1vislosti od prev\u00e1dzkov\u00fdch potrieb si pou\u017e\u00edvatelia m\u00f4\u017eu vybra\u0165 medzi jedno\u010dinn\u00fdmi (pracuj\u00facimi v jednom smere) alebo dvoj\u010dinn\u00fdmi (pracuj\u00facimi v oboch smeroch) valcami. Niektor\u00e9 modely maj\u00fa teleskopick\u00fa kon\u0161trukciu, ktor\u00e1 umo\u017e\u0148uje v\u00e4\u010d\u0161ie vysunutie bez zv\u00e4\u010d\u0161enia vonkaj\u0161\u00edch rozmerov, \u010do je ide\u00e1lne pre aplik\u00e1cie s obmedzen\u00fdm priestorom.<\/li>\n<li><strong>Z\u00e1kazkov\u00e1 v\u00fdroba:<\/strong> Na\u0161e v\u00fdrobn\u00e9 kapacity n\u00e1m umo\u017e\u0148uj\u00fa vyrobi\u0165 tento produkt tak, aby dokonale nahradil existuj\u00face hydraulick\u00e9 valce, \u010d\u00edm zabezpe\u010d\u00edme kompatibilitu a v\u00fdkon.<\/li>\n<\/ul>\n<p><img decoding=\"async\" src=\"https:\/\/www.hydraulic-cylinders.net\/wp-content\/uploads\/2025\/04\/songte-cylinder-head-with-all-kinds-excavator-models.webp\" alt=\"Hlava valcov pre modely r\u00fdpadiel\"><\/p>\n<h2>Aplik\u00e1cie valca v\u00fdlo\u017en\u00edka<\/h2>\n<h3>Stavebn\u00e9 stroje<\/h3>\n<p>V stavebn\u00fdch strojoch je valec v\u00fdlo\u017en\u00edka k\u013e\u00fa\u010dov\u00fd pre r\u00fdpadl\u00e1, kde pom\u00e1ha pri kopan\u00ed, nakladan\u00ed a premiest\u0148ovan\u00ed zeminy alebo sutiny. Hydraulick\u00e1 sila z valca umo\u017e\u0148uje efekt\u00edvne kopanie, v\u010faka \u010domu je nevyhnutnou s\u00fa\u010das\u0165ou stavebn\u00fdch projektov od mal\u00fdch ter\u00e9nnych \u00faprav a\u017e po rozsiahle v\u00fdkopov\u00e9 pr\u00e1ce.<\/p>\n<h3>Po\u013enohospod\u00e1rske stroje<\/h3>\n<p>V \u010deln\u00fdch naklada\u010doch hr\u00e1 valec v\u00fdlo\u017en\u00edka d\u00f4le\u017eit\u00fa \u00falohu pri naberan\u00ed, zdv\u00edhan\u00ed a preprave p\u00f4dy, sena a in\u00fdch materi\u00e1lov. Jeho schopnos\u0165 vykon\u00e1va\u0165 siln\u00e9 zdv\u00edhacie \u010dinnosti zvy\u0161uje produktivitu v po\u013enohospod\u00e1rskych oper\u00e1ci\u00e1ch, \u010do umo\u017e\u0148uje po\u013enohospod\u00e1rom efekt\u00edvne riadi\u0165 zdroje a zefekt\u00edvni\u0165 ich pracovn\u00fd postup.<\/p>\n<h3>R\u00fdpadl\u00e1<\/h3>\n<p>Valec v\u00fdlo\u017en\u00edka umo\u017e\u0148uje ly\u017eici prenikn\u00fa\u0165 do zeme, \u010do u\u013eah\u010duje kopanie potrebn\u00e9 pre r\u00fdpadl\u00e1. T\u00e1to schopnos\u0165 je nevyhnutn\u00e1 pre r\u00f4zne \u00falohy, ako je h\u013abenie v\u00fdkopov, pr\u00edprava staveniska a kopanie z\u00e1kladov, \u010do v\u00fdznamne prispieva k efekt\u00edvnosti v\u00fdkopov\u00fdch zariaden\u00ed.<\/p>\n<h3>Naklada\u010de<\/h3>\n<p>V \u010deln\u00fdch naklada\u010doch pom\u00e1haj\u00fa valce v\u00fdlo\u017en\u00edka efekt\u00edvne zdv\u00edha\u0165 a vyklada\u0165 bremen\u00e1. Hydraulick\u00fd v\u00fdkon umo\u017e\u0148uje obsluhe bez n\u00e1mahy manipulova\u0165 s materi\u00e1lmi, ako je \u0161trk, piesok a in\u00e9 sypk\u00e9 predmety, \u010d\u00edm sa zabezpe\u010duje plynul\u00e1 prev\u00e1dzka po\u010das nakladania a vykladania.<\/p>\n<h2>\u00davahy o dizajne a krit\u00e9ri\u00e1 v\u00fdberu<\/h2>\n<h3>Nosnos\u0165<\/h3>\n<p>Pri v\u00fdbere valca v\u00fdlo\u017en\u00edka je prvorad\u00e9 pochopenie jeho nosnosti. Valec mus\u00ed by\u0165 schopn\u00fd zvl\u00e1dnu\u0165 maxim\u00e1lne za\u0165a\u017eenie o\u010dak\u00e1van\u00e9 po\u010das prev\u00e1dzky. To zah\u0155\u0148a zv\u00e1\u017eenie statick\u00e9ho aj dynamick\u00e9ho za\u0165a\u017eenia, ktor\u00e9mu bude valec vystaven\u00fd. Ak nevyberiete valec s vhodnou nosnos\u0165ou, m\u00f4\u017ee to vies\u0165 k pred\u010dasn\u00e9mu zlyhaniu, bezpe\u010dnostn\u00fdm rizik\u00e1m a n\u00e1kladn\u00fdm prestojom.<\/p>\n<h3>Tesnenie a trvanlivos\u0165<\/h3>\n<p>Tesniaci syst\u00e9m valca v\u00fdlo\u017en\u00edka je k\u013e\u00fa\u010dov\u00fd pre udr\u017eanie v\u00fdkonu a dlhej \u017eivotnosti. Vysokokvalitn\u00e9 tesnenia zabra\u0148uj\u00fa \u00faniku hydraulickej kvapaliny a zabezpe\u010duj\u00fa efekt\u00edvnu prev\u00e1dzku. V\u00fdber spr\u00e1vnych materi\u00e1lov pre tesnenia, ako je polyuret\u00e1n a nitrilov\u00e1 guma, zvy\u0161uje odolnos\u0165 a zni\u017euje potrebu \u00fadr\u017eby. Okrem toho by valce mali by\u0165 navrhnut\u00e9 tak, aby odol\u00e1vali opotrebovaniu sp\u00f4soben\u00e9mu environment\u00e1lnymi faktormi, \u010do prispieva k ich celkovej \u017eivotnosti.<\/p>\n<h3>Bezpe\u010dnostn\u00e9 prvky<\/h3>\n<p>Bezpe\u010dnos\u0165 je pri n\u00e1vrhu hydraulick\u00e9ho syst\u00e9mu prvorad\u00fdm h\u013eadiskom. Za\u010dlenenie prvkov, ako s\u00fa pretlakov\u00e9 ventily a bezpe\u010dnostn\u00e9 z\u00e1mky, m\u00f4\u017ee zabr\u00e1ni\u0165 nehod\u00e1m sp\u00f4soben\u00fdm n\u00e1hlymi tlakov\u00fdmi r\u00e1zmi alebo poruchou zariadenia. Dobre navrhnut\u00fd valec by mal obsahova\u0165 tieto bezpe\u010dnostn\u00e9 mechanizmy na ochranu obsluhy aj zariadenia.<\/p>\n<h3>Pr\u00edstupnos\u0165 \u00fadr\u017eby<\/h3>\n<p>Z\u00e1kladn\u00fdm aspektom kon\u0161trukcie je zabezpe\u010denie jednoduchej \u00fadr\u017eby valca. To zah\u0155\u0148a zoh\u013eadnenie pravideln\u00fdch kontrol, mazania a mo\u017enosti v\u00fdmeny opotrebovan\u00fdch tesnen\u00ed alebo dielov bez rozsiahlej demont\u00e1\u017ee. Valec navrhnut\u00fd s oh\u013eadom na \u00fadr\u017ebu zv\u00fd\u0161i prev\u00e1dzkov\u00fa efektivitu a skr\u00e1ti prestoje.<\/p>\n<p><img decoding=\"async\" src=\"https:\/\/www.hydraulic-cylinders.net\/wp-content\/uploads\/2025\/04\/songte-oil-pipes-and-spare-parts.webp\" alt=\"Hydraulick\u00e9 potrubia a n\u00e1hradn\u00e9 diely\"><\/p>\n<h2>Tesnenie a mazanie<\/h2>\n<p>\u00da\u010dinn\u00e9 tesnenie a mazanie s\u00fa k\u013e\u00fa\u010dov\u00e9 pre v\u00fdkon valca v\u00fdlo\u017en\u00edka. R\u00f4zne tesniace komponenty, vr\u00e1tane tesnen\u00ed piestov a tesnen\u00ed ty\u010d\u00ed, by sa mali vybera\u0165 na z\u00e1klade ich trvanlivosti a odolnosti vo\u010di opotrebovaniu. Materi\u00e1ly ako polyuret\u00e1n alebo nitrilov\u00e1 guma sa be\u017ene pou\u017e\u00edvaj\u00fa pre svoju pevnos\u0165 a odolnos\u0165 vo\u010di hydraulick\u00fdm kvapalin\u00e1m. Teleso valca a z\u00e1vitov\u00e9 koncov\u00e9 povrchy by mali by\u0165 presne opracovan\u00e9, aby sa zv\u00fd\u0161ila odolnos\u0165 vo\u010di opotrebovaniu a zabezpe\u010dilo sa, \u017ee vydr\u017eia n\u00e1ro\u010dn\u00e9 prev\u00e1dzkov\u00e9 podmienky.<\/p>\n<p>Pravideln\u00e9 mazanie hydraulick\u00fdm olejom je tie\u017e nevyhnutn\u00e9. Dostato\u010dn\u00e9 mazanie minimalizuje trenie a opotrebovanie, \u010d\u00edm zabezpe\u010duje plynul\u00fd chod a predl\u017euje \u017eivotnos\u0165 valca. Obsluha by mala monitorova\u0165 hladinu oleja a pravidelne dop\u013a\u0148a\u0165 potrebn\u00e9 mno\u017estvo hydraulickej kvapaliny, aby sa udr\u017eal optim\u00e1lny v\u00fdkon.<\/p>\n<h2>Pravideln\u00e1 \u00fadr\u017eba a prevent\u00edvne opatrenia<\/h2>\n<ul>\n<li><strong>Pravideln\u00e9 kontroly:<\/strong> Vykon\u00e1vanie \u010dast\u00fdch kontrol valca ramena, \u010di nevykazuje zn\u00e1mky opotrebovania, netesnost\u00ed alebo po\u0161kodenia, je nevyhnutn\u00e9. V\u010dasn\u00e1 identifik\u00e1cia probl\u00e9mov m\u00f4\u017ee pred\u00eds\u0165 z\u00e1va\u017enej\u0161\u00edm probl\u00e9mom a n\u00e1kladn\u00fdm oprav\u00e1m v bud\u00facnosti.<\/li>\n<li><strong>Spr\u00e1vne mazanie:<\/strong> Zabezpe\u010denie dostato\u010dn\u00e9ho mazania valca zabr\u00e1ni pred\u010dasn\u00e9mu opotrebovaniu. Obsluha by mala dodr\u017eiava\u0165 odpor\u00fa\u010dania v\u00fdrobcu t\u00fdkaj\u00face sa intervalov mazania a typov pou\u017e\u00edvan\u00fdch olejov.<\/li>\n<li><strong>V\u00fdmena tesnenia:<\/strong> Tesnenia sa \u010dasom m\u00f4\u017eu opotrebova\u0165 a je potrebn\u00e9 ich vymeni\u0165. Pravideln\u00fd harmonogram kontroly a v\u00fdmeny tesnen\u00ed m\u00f4\u017ee v\u00fdrazne zn\u00ed\u017ei\u0165 riziko hydraulick\u00fdch \u00fanikov a udr\u017ea\u0165 optim\u00e1lny v\u00fdkon.<\/li>\n<\/ul>\n<h2>Pokyny na in\u0161tal\u00e1ciu<\/h2>\n<p>Spr\u00e1vna in\u0161tal\u00e1cia valca v\u00fdlo\u017en\u00edka je k\u013e\u00fa\u010dov\u00e1 pre zabezpe\u010denie optim\u00e1lneho v\u00fdkonu a dlhej \u017eivotnosti. Za\u010dnite t\u00fdm, \u017ee sa uist\u00edte, \u017ee mont\u00e1\u017ene povrchy s\u00fa \u010dist\u00e9 a bez ne\u010dist\u00f4t. Spr\u00e1vne zarovnajte valec s mont\u00e1\u017enymi bodmi stroja pomocou vhodn\u00fdch mont\u00e1\u017enych konzol na jeho upevnenie. Je d\u00f4le\u017eit\u00e9 vyhn\u00fa\u0165 sa nespr\u00e1vnemu zarovnaniu, preto\u017ee to m\u00f4\u017ee vies\u0165 k nerovnomern\u00e9mu opotrebovaniu a pr\u00edpadn\u00e9mu zlyhaniu.<\/p>\n<p>Po\u010das in\u0161tal\u00e1cie sa ria\u010fte pokynmi v\u00fdrobcu t\u00fdkaj\u00facimi sa nastavenia kr\u00fatiaceho momentu a uistite sa, \u017ee v\u0161etky spoje s\u00fa bezpe\u010dne utiahnut\u00e9, aby sa predi\u0161lo \u00fanikom. V\u017edy pou\u017e\u00edvajte kalibrovan\u00fd momentov\u00fd k\u013e\u00fa\u010d, aby ste predi\u0161li nadmern\u00e9mu utiahnutiu, ktor\u00e9 by mohlo po\u0161kodi\u0165 valec. Po in\u0161tal\u00e1cii vykonajte funk\u010dn\u00fa kontrolu, aby ste sa uistili, \u017ee valec funguje hladko a efekt\u00edvne.<\/p>\n<h2>Be\u017en\u00e9 \u00falohy \u00fadr\u017eby<\/h2>\n<h3>Pravideln\u00e9 kontroly<\/h3>\n<p>Pravideln\u00e9 kontroly s\u00fa nevyhnutn\u00e9 na identifik\u00e1ciu opotrebenia a potenci\u00e1lnych por\u00fach valca ramena. Obsluha by mala vykon\u00e1va\u0165 vizu\u00e1lne kontroly, \u010di nevykazuje zn\u00e1mky netesnost\u00ed alebo po\u0161kodenia, a mala by skontrolova\u0165 neporu\u0161enos\u0165 had\u00edc a spojovac\u00edch prvkov. Pl\u00e1novanie pravidelnej \u00fadr\u017eby m\u00f4\u017ee pom\u00f4c\u0165 odhali\u0165 probl\u00e9my sk\u00f4r, ako sa premenia na v\u00e1\u017ene probl\u00e9my.<\/p>\n<h3>Spr\u00e1vne mazanie<\/h3>\n<p>Spr\u00e1vne mazanie je nevyhnutn\u00e9 pre udr\u017eanie funk\u010dnosti valca ramena. Obsluha mus\u00ed zabezpe\u010di\u0165, aby bola hladina hydraulick\u00e9ho oleja dostato\u010dn\u00e1 a aby bol olej \u010dist\u00fd. Zne\u010disten\u00fd alebo nedostato\u010dn\u00fd olej m\u00f4\u017ee vies\u0165 k zv\u00fd\u0161en\u00e9mu treniu a opotrebovaniu. Dodr\u017eiavanie mazacieho pl\u00e1nu v\u00fdrobcu je k\u013e\u00fa\u010dov\u00e9 pre optim\u00e1lny v\u00fdkon.<\/p>\n<h3>V\u00fdmena tesnenia a kontroly kalibr\u00e1cie<\/h3>\n<p>V\u00fdmena tesnen\u00ed je nevyhnutn\u00e1 \u00faloha, preto\u017ee tesnenia sa \u010dasom m\u00f4\u017eu opotrebova\u0165. Pravidelne kontrolujte tesnenia, \u010di nevykazuj\u00fa zn\u00e1mky opotrebovania, a pod\u013ea potreby ich vyme\u0148te. Okrem toho by sa mali vykon\u00e1va\u0165 kalibra\u010dn\u00e9 kontroly, aby sa zabezpe\u010dilo, \u017ee valec pracuje v r\u00e1mci \u0161pecifikovan\u00fdch parametrov. To pom\u00e1ha udr\u017eiava\u0165 \u00fa\u010dinnos\u0165 a pred\u013a\u017ei\u0165 \u017eivotnos\u0165 hydraulick\u00e9ho syst\u00e9mu.<\/p>\n<p><img decoding=\"async\" src=\"https:\/\/www.hydraulic-cylinders.net\/wp-content\/uploads\/2025\/04\/songte-chushion-collar.webp\" alt=\"Vank\u00fa\u0161ov\u00fd golier\"><\/p>\n<h2>Bezpe\u010dnostn\u00e9 aspekty a faktory prostredia<\/h2>\n<p>Pri pr\u00e1ci s hydraulick\u00fdmi syst\u00e9mami s\u00fa bezpe\u010dnostn\u00e9 opatrenia prvorad\u00e9. Obsluha by mala by\u0165 vy\u0161kolen\u00e1 v bezpe\u010dnom pou\u017e\u00edvan\u00ed hydraulick\u00fdch zariaden\u00ed a mala by rozumie\u0165 potenci\u00e1lnym nebezpe\u010denstv\u00e1m spojen\u00fdm s vysokotlakov\u00fdmi syst\u00e9mami. Nosenie vhodn\u00fdch osobn\u00fdch ochrann\u00fdch prostriedkov (OOP) je nevyhnutn\u00e9 na predch\u00e1dzanie zraneniam po\u010das prev\u00e1dzky alebo \u00fadr\u017eby. Okrem toho by sa mali zv\u00e1\u017ei\u0165 faktory prostredia; mali by by\u0165 zaveden\u00e9 vhodn\u00e9 opatrenia na zabr\u00e1nenie \u00faniku hydraulickej kvapaliny, ktor\u00e1 m\u00f4\u017ee by\u0165 \u0161kodliv\u00e1 pre \u017eivotn\u00e9 prostredie.<\/p>\n<h2>Diagnostika por\u00fach a be\u017en\u00e9 probl\u00e9my<\/h2>\n<ul>\n<li><strong>\u00danik:<\/strong> \u00daniky hydraulickej kvapaliny s\u00fa be\u017en\u00fdm probl\u00e9mom, ktor\u00fd m\u00f4\u017ee nazna\u010dova\u0165 opotrebovan\u00e9 tesnenia alebo po\u0161koden\u00e9 hadice. Obsluha by mala pravidelne kontrolova\u0165 \u00faniky a promptne ich rie\u0161i\u0165, aby predi\u0161la poruche syst\u00e9mu.<\/li>\n<li><strong>Zn\u00ed\u017een\u00fd v\u00fdkon:<\/strong> Ak valec v\u00fdlo\u017en\u00edka nereaguje efekt\u00edvne, m\u00f4\u017ee to by\u0165 sp\u00f4soben\u00e9 n\u00edzkou hladinou hydraulickej kvapaliny, kontaminovan\u00fdm olejom alebo vn\u00fatorn\u00fdm opotreben\u00edm. Pravideln\u00e9 kontroly a v\u010dasn\u00e1 \u00fadr\u017eba m\u00f4\u017eu pom\u00f4c\u0165 zmierni\u0165 tieto probl\u00e9my.<\/li>\n<li><strong>Nezvy\u010dajn\u00e9 zvuky:<\/strong> Nezvy\u010dajn\u00e9 zvuky po\u010das prev\u00e1dzky, ako napr\u00edklad \u0161kr\u00edpanie alebo sy\u010danie, m\u00f4\u017eu signalizova\u0165 mechanick\u00e9 probl\u00e9my. Obsluha by mala tieto zvuky okam\u017eite presk\u00fama\u0165, preto\u017ee m\u00f4\u017eu nazna\u010dova\u0165 v\u00e1\u017ene probl\u00e9my, ktor\u00e9 si vy\u017eaduj\u00fa pozornos\u0165.<\/li>\n<\/ul>\n<h2>Tipy na rie\u0161enie probl\u00e9mov<\/h2>\n<p>Pre \u00fa\u010dinn\u00fa diagnostiku por\u00fach by si oper\u00e1tori mali vies\u0165 podrobn\u00fd z\u00e1znam o kontrol\u00e1ch, aby sledovali probl\u00e9my s v\u00fdkonom a hist\u00f3riu \u00fadr\u017eby. Ak sa zist\u00ed \u00fanik, najsk\u00f4r skontrolujte tesnenia a armat\u00fary a vyme\u0148te v\u0161etky opotrebovan\u00e9 komponenty. V pr\u00edpade zn\u00ed\u017een\u00e9ho v\u00fdkonu sa uistite, \u017ee hydraulick\u00e1 kvapalina je na odpor\u00fa\u010danej \u00farovni a \u010dist\u00e1. Ak sa vyskytn\u00fa nezvy\u010dajn\u00e9 zvuky, okam\u017eite zastavte prev\u00e1dzku, aby ste predi\u0161li \u010fal\u0161iemu po\u0161kodeniu, a pora\u010fte sa s technikom, ktor\u00fd vykon\u00e1 podrobn\u00fa anal\u00fdzu.<\/p>\n<p>Prevencia je k\u013e\u00fa\u010dov\u00e1; pravideln\u00e1 \u00fadr\u017eba a \u0161kolenie m\u00f4\u017eu v\u00fdrazne zn\u00ed\u017ei\u0165 riziko potenci\u00e1lnych probl\u00e9mov. Obsluha by mala by\u0165 povzbudzovan\u00e1, aby sa obozn\u00e1mila so strojmi a dodr\u017eiavala odpor\u00fa\u010dan\u00e9 pl\u00e1ny \u00fadr\u017eby, aby sa zabezpe\u010dila ich dlh\u00e1 \u017eivotnos\u0165 a spo\u013eahlivos\u0165.<\/p>\n<p><img decoding=\"async\" src=\"https:\/\/www.hydraulic-cylinders.net\/wp-content\/uploads\/2025\/04\/songte-bushings-with-all-kinds-of-excavator-models.webp\" alt=\"Puzdr\u00e1 pre modely r\u00fdpadiel\"><\/p>\n<h2>O na\u0161ej spolo\u010dnosti<\/h2>\n<p>Sme popredn\u00fdm v\u00fdrobcom n\u00e1hradn\u00fdch hydraulick\u00fdch valcov a pon\u00fakame komplexn\u00fd sortiment produktov, v\u010faka ktor\u00fdm sme sa etablovali ako jeden z popredn\u00fdch v\u00fdrobcov a ve\u013ekoobchodn\u00fdch distrib\u00fatorov na dom\u00e1com aj medzin\u00e1rodnom trhu. Dodr\u017eiavame z\u00e1v\u00e4zok k excelentnosti, spoliehame sa na prepracovan\u00e9 v\u00fdrobn\u00e9 strat\u00e9gie a pokro\u010dil\u00e9 techniky riadenia v\u00fdroby.<\/p>\n<p>Na\u0161a spolo\u010dnos\u0165 neust\u00e1le vylep\u0161uje svoju v\u00fdrobn\u00fa platformu prostredn\u00edctvom vyu\u017e\u00edvania technick\u00fdch talentov, \u0161pi\u010dkov\u00fdch digit\u00e1lnych v\u00fdrobn\u00fdch zariaden\u00ed a profesion\u00e1lnych testovac\u00edch syst\u00e9mov. To zabezpe\u010duje, \u017ee si udr\u017eiavame najvy\u0161\u0161ie \u0161tandardy kvality v\u00fdroby. Disponujeme robustn\u00fdmi kreat\u00edvnymi schopnos\u0165ami a dodr\u017eiavame z\u00e1sady vysokej efektivity, presnosti a kvality, aby sme splnili rozmanit\u00e9 potreby z\u00e1kazn\u00edkov.<\/p>\n<p>Na\u0161e odborn\u00e9 znalosti sa roz\u0161iruj\u00fa do r\u00f4znych aspektov vr\u00e1tane \u0161pecializ\u00e1cie na hydraulick\u00e9 syst\u00e9my, medzin\u00e1rodn\u00fdch certifik\u00e1ci\u00ed, slu\u017eieb na mieru, modern\u00fdch v\u00fdrobn\u00fdch zariaden\u00ed a bezkonkuren\u010dnej popredajnej podpory.<\/p>\n<p><img decoding=\"async\" src=\"https:\/\/www.hydraulic-cylinders.net\/wp-content\/uploads\/2025\/04\/songte-company-4.webp\" alt=\"Obr\u00e1zok spolo\u010dnosti 1\"><br \/>\n<img decoding=\"async\" src=\"https:\/\/www.hydraulic-cylinders.net\/wp-content\/uploads\/2025\/04\/songte-company-3.webp\" alt=\"Obr\u00e1zok spolo\u010dnosti 2\"><\/p>\n<p>Autor: lyl<\/p>","protected":false},"excerpt":{"rendered":"<p>Boom Cylinder For KYM KY60F Product Overview The Boom Cylinder for KYM KY60F is an essential hydraulic component designed specifically for controlling the movement of the bucket on heavy machinery such as excavators, backhoe loaders, and front-end loaders. This hydraulic cylinder enables the bucket to lift, lower, and tilt, facilitating efficient material handling tasks in [&hellip;]<\/p>","protected":false},"featured_media":17879,"comment_status":"open","ping_status":"closed","template":"","meta":{"_et_pb_use_builder":"","_et_pb_old_content":"","_et_gb_content_width":""},"product_brand":[],"product_cat":[1546],"product_tag":[1547,1496],"class_list":{"0":"post-19526","1":"product","2":"type-product","3":"status-publish","4":"has-post-thumbnail","6":"product_cat-boom-cylinders","7":"product_tag-boom-cylinders","8":"product_tag-hydraulic-cylinders","10":"first","11":"instock","12":"shipping-taxable","13":"product-type-simple"},"amp_enabled":true,"_links":{"self":[{"href":"https:\/\/www.hydraulic-cylinders.net\/sk\/wp-json\/wp\/v2\/product\/19526","targetHints":{"allow":["GET"]}}],"collection":[{"href":"https:\/\/www.hydraulic-cylinders.net\/sk\/wp-json\/wp\/v2\/product"}],"about":[{"href":"https:\/\/www.hydraulic-cylinders.net\/sk\/wp-json\/wp\/v2\/types\/product"}],"replies":[{"embeddable":true,"href":"https:\/\/www.hydraulic-cylinders.net\/sk\/wp-json\/wp\/v2\/comments?post=19526"}],"wp:featuredmedia":[{"embeddable":true,"href":"https:\/\/www.hydraulic-cylinders.net\/sk\/wp-json\/wp\/v2\/media\/17879"}],"wp:attachment":[{"href":"https:\/\/www.hydraulic-cylinders.net\/sk\/wp-json\/wp\/v2\/media?parent=19526"}],"wp:term":[{"taxonomy":"product_brand","embeddable":true,"href":"https:\/\/www.hydraulic-cylinders.net\/sk\/wp-json\/wp\/v2\/product_brand?post=19526"},{"taxonomy":"product_cat","embeddable":true,"href":"https:\/\/www.hydraulic-cylinders.net\/sk\/wp-json\/wp\/v2\/product_cat?post=19526"},{"taxonomy":"product_tag","embeddable":true,"href":"https:\/\/www.hydraulic-cylinders.net\/sk\/wp-json\/wp\/v2\/product_tag?post=19526"}],"curies":[{"name":"pracovn\u00fd list","href":"https:\/\/api.w.org\/{rel}","templated":true}]}}