{"id":19527,"date":"2025-04-07T06:52:52","date_gmt":"2025-04-07T06:52:52","guid":{"rendered":"https:\/\/www.hydraulic-cylinders.net\/product\/boom-cylinder-for-kym-ky85\/"},"modified":"2025-04-07T06:52:55","modified_gmt":"2025-04-07T06:52:55","slug":"boom-cylinder-for-kym-ky85","status":"publish","type":"product","link":"https:\/\/www.hydraulic-cylinders.net\/sk\/produkt\/boom-cylinder-for-kym-ky85\/","title":{"rendered":"Valec v\u00fdlo\u017en\u00edka pre KYM KY85"},"content":{"rendered":"<h1>Valec v\u00fdlo\u017en\u00edka pre KYM KY85<\/h1>\n<h2>\u00davod do valca v\u00fdlo\u017en\u00edka<\/h2>\n<p>Hydraulick\u00fd valec v\u00fdlo\u017en\u00edka je k\u013e\u00fa\u010dovou s\u00fa\u010das\u0165ou hydraulick\u00fdch syst\u00e9mov, najm\u00e4 v \u0165a\u017ek\u00fdch strojoch, ako s\u00fa r\u00fdpadl\u00e1, r\u00fdpadl\u00e1-naklada\u010de a \u010deln\u00e9 naklada\u010de. Tento hydraulick\u00fd valec, navrhnut\u00fd \u0161peci\u00e1lne na ovl\u00e1danie pohybu ly\u017eice, umo\u017e\u0148uje zdv\u00edhanie, sp\u00fa\u0161\u0165anie a nakl\u00e1\u0148anie, ktor\u00e9 s\u00fa nevyhnutn\u00e9 pre efekt\u00edvnu manipul\u00e1ciu s materi\u00e1lom. Valec ly\u017eice zohr\u00e1va k\u013e\u00fa\u010dov\u00fa \u00falohu vo v\u00fdkone a \u00fa\u010dinnosti zariadenia, v ktorom sa pou\u017e\u00edva.<\/p>\n<p><img decoding=\"async\" src=\"https:\/\/www.hydraulic-cylinders.net\/wp-content\/uploads\/2025\/04\/songte-company-1.webp\" alt=\"Valec v\u00fdlo\u017en\u00edka\"><\/p>\n<h3>Defin\u00edcia a preh\u013ead<\/h3>\n<p>Hydraulick\u00fd valec v\u00fdlo\u017en\u00edka je typ hydraulick\u00e9ho valca, ktor\u00fd pracuje s vyu\u017eit\u00edm hydraulickej kvapaliny na vytv\u00e1ranie mechanickej sily. Pou\u017e\u00edva sa predov\u0161etk\u00fdm na man\u00e9vrovanie s ly\u017eicou \u0165a\u017ek\u00fdch strojov, \u010do umo\u017e\u0148uje obsluhe vykon\u00e1va\u0165 \u00falohy, ako je kopanie, zdv\u00edhanie a preprava materi\u00e1lov. Kon\u0161trukcia valca v\u00fdlo\u017en\u00edka nielen zais\u0165uje plynul\u00fd chod, ale aj maximalizuje \u00fa\u010dinnos\u0165 v r\u00f4znych aplik\u00e1ci\u00e1ch, v\u010faka \u010domu je nevyhnutn\u00fdm prvkom v modern\u00fdch stavebn\u00fdch a po\u013enohospod\u00e1rskych strojoch.<\/p>\n<h2>Vlastnosti valca v\u00fdlo\u017en\u00edka<\/h2>\n<ul>\n<li><strong>Vysok\u00e1 pevnos\u0165 a odolnos\u0165:<\/strong> Valec v\u00fdlo\u017en\u00edka je vyroben\u00fd z vysokopevnostnej ocele alebo hlin\u00edka a je skon\u0161truovan\u00fd tak, aby odolal vysok\u00e9mu tlaku a \u0165a\u017ek\u00fdm za\u0165a\u017eeniam, je vhodn\u00fd do n\u00e1ro\u010dn\u00fdch pracovn\u00fdch prostred\u00ed a je navrhnut\u00fd s opotrebovan\u00edm a ochranou proti kor\u00f3zii, \u010d\u00edm sa predl\u017euje jeho \u017eivotnos\u0165.<\/li>\n<li><strong>Efekt\u00edvna hydraulick\u00e1 prev\u00e1dzka:<\/strong> Valec vyu\u017e\u00edva hydraulick\u00fd tlak oleja pre plynul\u00e9 vys\u00favanie a zas\u00favanie, \u010d\u00edm poskytuje r\u00fdchlu odozvu na ovl\u00e1dacie povely a dosahuje siln\u00e9 tlakov\u00e9 a \u0165ahov\u00e9 sily, ide\u00e1lne na manipul\u00e1ciu s \u0165a\u017ek\u00fdmi materi\u00e1lmi a zlo\u017eit\u00fdmi \u00falohami.<\/li>\n<li><strong>R\u00f4zne typy:<\/strong> K dispoz\u00edcii s\u00fa jedno\u010dinn\u00e9 (funguj\u00fa v jednom smere) a dvoj\u010dinn\u00e9 (funguj\u00fa v oboch smeroch) valce, ktor\u00e9 pon\u00fakaj\u00fa mo\u017enosti na splnenie r\u00f4znych prev\u00e1dzkov\u00fdch potrieb, pri\u010dom niektor\u00e9 modely s\u00fa navrhnut\u00e9 ako teleskopick\u00e9 pre v\u00e4\u010d\u0161ie vysunutie bez zv\u00e4\u010d\u0161enia vonkaj\u0161\u00edch rozmerov, \u010do je ide\u00e1lne pre aplik\u00e1cie s obmedzen\u00fdm priestorom.<\/li>\n<\/ul>\n<p>Na\u0161a spolo\u010dnos\u0165 sa \u0161pecializuje na v\u00fdrobu t\u00fdchto produktov a poskytuje perfektn\u00e9 n\u00e1hrady za r\u00f4zne hydraulick\u00e9 valce.<\/p>\n<p><img decoding=\"async\" src=\"https:\/\/www.hydraulic-cylinders.net\/wp-content\/uploads\/2025\/04\/songte-cylinder-head-with-all-kinds-excavator-models.webp\" alt=\"Modely bagrov\"><\/p>\n<h2>Aplik\u00e1cie valca v\u00fdlo\u017en\u00edka<\/h2>\n<ul>\n<li><strong>Stavebn\u00e9 vybavenie:<\/strong> V r\u00fdpadl\u00e1ch s\u00fa valce v\u00fdlo\u017en\u00edka nevyhnutn\u00e9 na kopanie, nakladanie a premiest\u0148ovanie zeminy alebo sutiny. U\u013eah\u010duj\u00fa v\u00fdkopov\u00e9 a zdv\u00edhacie oper\u00e1cie a zabezpe\u010duj\u00fa, aby stroj mohol vykon\u00e1va\u0165 \u00falohy efekt\u00edvne a \u00fa\u010dinne.<\/li>\n<li><strong>Po\u013enohospod\u00e1rske stroje:<\/strong> Pou\u017e\u00edvan\u00fd v \u010deln\u00fdch naklada\u010doch, valec v\u00fdlo\u017en\u00edka pom\u00e1ha pri naberan\u00ed, zdv\u00edhan\u00ed a preprave p\u00f4dy, sena a in\u00fdch materi\u00e1lov, \u010do sa ukazuje ako nevyhnutn\u00e9 pre r\u00f4zne po\u013enohospod\u00e1rske \u00falohy.<\/li>\n<li><strong>R\u00fdpadl\u00e1:<\/strong> Valec v\u00fdlo\u017en\u00edka umo\u017e\u0148uje ly\u017eici prenikn\u00fa\u0165 do p\u00f4dy pre efekt\u00edvne kopanie, \u010d\u00edm sa zvy\u0161uje celkov\u00e1 produktivita stroja.<\/li>\n<li><strong>Naklada\u010de:<\/strong> V \u010deln\u00fdch naklada\u010doch pom\u00e1haj\u00fa valce v\u00fdlo\u017en\u00edka efekt\u00edvne zdv\u00edha\u0165 a vyklada\u0165 bremen\u00e1, \u010do umo\u017e\u0148uje r\u00fdchlu manipul\u00e1ciu s materi\u00e1lom a zvy\u0161uje efektivitu pr\u00e1ce.<\/li>\n<\/ul>\n<h2>\u00davahy o dizajne a krit\u00e9ri\u00e1 v\u00fdberu<\/h2>\n<ul>\n<li><strong>Nosnos\u0165:<\/strong> Valec v\u00fdlo\u017en\u00edka mus\u00ed unies\u0165 za\u0165a\u017eenie, ktor\u00e9mu bude vystaven\u00fd po\u010das prev\u00e1dzky. D\u00f4kladn\u00e9 pos\u00fadenie maxim\u00e1lneho po\u017eadovan\u00e9ho za\u0165a\u017eenia zais\u0165uje bezpe\u010dnos\u0165 a spo\u013eahlivos\u0165 po\u010das pou\u017e\u00edvania.<\/li>\n<li><strong>Tesnenie:<\/strong> Spr\u00e1vne utesnenie je k\u013e\u00fa\u010dov\u00e9, aby sa zabr\u00e1nilo \u00faniku kvapaliny, \u010do m\u00f4\u017ee vies\u0165 k zn\u00ed\u017eeniu \u00fa\u010dinnosti a mo\u017en\u00e9mu po\u0161kodeniu. Vysokokvalitn\u00e9 tesnenia vyroben\u00e9 z odoln\u00fdch materi\u00e1lov s\u00fa nevyhnutn\u00e9 na udr\u017eanie hydraulick\u00e9ho tlaku.<\/li>\n<li><strong>Trvanlivos\u0165:<\/strong> Kon\u0161trukcia by sa mala zamera\u0165 na materi\u00e1ly a kon\u0161truk\u010dn\u00e9 met\u00f3dy, ktor\u00e9 zvy\u0161uj\u00fa \u017eivotnos\u0165 a odolnos\u0165 vo\u010di opotrebovaniu, \u010d\u00edm sa zabezpe\u010d\u00ed, \u017ee valec odol\u00e1 n\u00e1ro\u010dn\u00fdm prev\u00e1dzkov\u00fdm podmienkam.<\/li>\n<li><strong>Bezpe\u010dnos\u0165:<\/strong> Do n\u00e1vrhu by mali by\u0165 integrovan\u00e9 bezpe\u010dnostn\u00e9 prvky na ochranu obsluhy a zariaden\u00ed. Patria sem aj pou\u017eitie pretlakov\u00fdch ventilov a mechanizmov ochrany proti pre\u0165a\u017eeniu.<\/li>\n<li><strong>Pr\u00edstupnos\u0165 \u00fadr\u017eby:<\/strong> Kon\u0161trukcia by mala umo\u017e\u0148ova\u0165 jednoduch\u00fa \u00fadr\u017ebu a kontrolu. Komponenty by mali by\u0165 umiestnen\u00e9 tak, aby sa k nim dal r\u00fdchlo pristupova\u0165 pri be\u017en\u00fdch kontrol\u00e1ch a oprav\u00e1ch.<\/li>\n<\/ul>\n<p><img decoding=\"async\" src=\"https:\/\/www.hydraulic-cylinders.net\/wp-content\/uploads\/2025\/04\/songte-oil-pipes-and-spare-parts.webp\" alt=\"Olejov\u00e9 potrubia a n\u00e1hradn\u00e9 diely\"><\/p>\n<h2>Tesnenie a mazanie<\/h2>\n<p>\u00da\u010dinn\u00e9 tesnenie a mazanie s\u00fa rozhoduj\u00face pre optim\u00e1lny v\u00fdkon valca v\u00fdlo\u017en\u00edka. Pou\u017e\u00edvaj\u00fa sa r\u00f4zne tesniace prvky, ako s\u00fa tesnenia piestov a tesnenia ty\u010d\u00ed, \u010dasto vyroben\u00e9 z materi\u00e1lov odoln\u00fdch vo\u010di opotrebovaniu, ako je polyuret\u00e1n a nitrilov\u00fd kau\u010duk, ktor\u00e9 zvy\u0161uj\u00fa odolnos\u0165. Teleso valca a z\u00e1vitov\u00e9 koncov\u00e9 povrchy prech\u00e1dzaj\u00fa presn\u00fdm spracovan\u00edm, aby sa zlep\u0161ila odolnos\u0165 vo\u010di opotrebovaniu. Pravideln\u00e9 mazanie dostato\u010dn\u00fdm mno\u017estvom hydraulick\u00e9ho oleja je nevyhnutn\u00e9 na minimaliz\u00e1ciu trenia a pred\u013a\u017eenie \u017eivotnosti valca. Nedostato\u010dn\u00e9 mazanie m\u00f4\u017ee vies\u0165 k zv\u00fd\u0161en\u00e9mu opotrebovaniu a potenci\u00e1lnemu zlyhaniu hydraulick\u00e9ho syst\u00e9mu.<\/p>\n<h2>Opatrenia prevent\u00edvnej \u00fadr\u017eby<\/h2>\n<ul>\n<li><strong>Pravideln\u00e9 kontroly:<\/strong> Vykon\u00e1vajte pravideln\u00e9 kontroly valca ramena, \u010di nevykazuje zn\u00e1mky opotrebovania, netesnost\u00ed alebo po\u0161kodenia. V\u010dasn\u00e9 odhalenie m\u00f4\u017ee zabr\u00e1ni\u0165 z\u00e1va\u017enej\u0161\u00edm probl\u00e9mom a n\u00e1kladn\u00fdm oprav\u00e1m v bud\u00facnosti.<\/li>\n<li><strong>Spr\u00e1vne mazanie:<\/strong> Zabezpe\u010dte udr\u017eiavanie hladiny hydraulick\u00e9ho oleja a pravideln\u00e9 nan\u00e1\u0161anie maz\u00edv, aby v\u0161etky pohybliv\u00e9 \u010dasti fungovali hladko.<\/li>\n<li><strong>V\u00fdmena tesnenia:<\/strong> Sledujte tesnenia, \u010di nie s\u00fa opotrebovan\u00e9, a pod\u013ea potreby ich vyme\u0148te, aby ste predi\u0161li \u00faniku kvapaliny a zachovali v\u00fdkon valca.<\/li>\n<\/ul>\n<h2>Pokyny na in\u0161tal\u00e1ciu<\/h2>\n<p>Spr\u00e1vna in\u0161tal\u00e1cia valca ramena je k\u013e\u00fa\u010dov\u00e1 pre jeho v\u00fdkon a dlh\u00fa \u017eivotnos\u0165. Tu s\u00fa k\u013e\u00fa\u010dov\u00e9 kroky, ktor\u00e9 treba dodr\u017eiava\u0165:<\/p>\n<ul>\n<li>Pred in\u0161tal\u00e1ciou sa uistite, \u017ee v\u0161etky komponenty s\u00fa \u010dist\u00e9 a bez ne\u010dist\u00f4t.<\/li>\n<li>Valec presne zarovnajte s upev\u0148ovac\u00edmi bodmi, aby ste predi\u0161li nadmern\u00e9mu nam\u00e1haniu po\u010das prev\u00e1dzky. Nespr\u00e1vne zarovnanie m\u00f4\u017ee vies\u0165 k pred\u010dasn\u00e9mu opotrebovaniu alebo poruche.<\/li>\n<li>Na pevn\u00e9 upevnenie valca pou\u017eite vhodn\u00e9 mont\u00e1\u017ene konzoly ur\u010den\u00e9 pre konkr\u00e9tny model.<\/li>\n<li>Dodr\u017eujte pokyny v\u00fdrobcu t\u00fdkaj\u00face sa nastavenia kr\u00fatiaceho momentu, aby ste zabezpe\u010dili bezpe\u010dn\u00e9 pripojenia bez po\u0161kodenia.<\/li>\n<li>Po in\u0161tal\u00e1cii otestujte prev\u00e1dzku valca pri n\u00edzkom tlaku, aby ste pred plnou prev\u00e1dzkou overili jeho spr\u00e1vnu funkciu.<\/li>\n<\/ul>\n<h2>\u00dalohy \u00fadr\u017eby<\/h2>\n<ul>\n<li><strong>Pravideln\u00e9 kontroly:<\/strong> Na v\u010dasn\u00e9 zistenie ak\u00fdchko\u013evek nezrovnalost\u00ed s\u00fa potrebn\u00e9 \u010dast\u00e9 vizu\u00e1lne a prev\u00e1dzkov\u00e9 kontroly. T\u00e1to \u00faloha by mala zah\u0155\u0148a\u0165 kontrolu netesnost\u00ed, nezvy\u010dajn\u00fdch zvukov a probl\u00e9mov s v\u00fdkonom.<\/li>\n<li><strong>Spr\u00e1vne mazanie:<\/strong> Udr\u017eiavanie spr\u00e1vnej hladiny hydraulick\u00e9ho oleja a zabezpe\u010denie v\u010dasn\u00e9ho mazania v\u0161etk\u00fdch pohybliv\u00fdch komponentov je nevyhnutn\u00e9 pre hladk\u00fa prev\u00e1dzku.<\/li>\n<li><strong>V\u00fdmena tesnenia:<\/strong> Tesnenia sa \u010dasom m\u00f4\u017eu opotrebova\u0165 a zn\u00ed\u017ei\u0165 \u00fa\u010dinnos\u0165 valca. Pravidelne kontrolujte zn\u00e1mky opotrebovania a v pr\u00edpade potreby vyme\u0148te tesnenia, aby sa zachoval ich v\u00fdkon.<\/li>\n<\/ul>\n<p>Ka\u017ed\u00e1 \u00fadr\u017eb\u00e1rska \u00faloha je nevyhnutn\u00e1 pre zabezpe\u010denie optim\u00e1lneho v\u00fdkonu valca ramena. Spr\u00e1vne zarovnanie po\u010das in\u0161tal\u00e1cie je k\u013e\u00fa\u010dov\u00e9, rovnako ako pou\u017eitie vhodn\u00e9ho mont\u00e1\u017eneho materi\u00e1lu na podopretie. Pravideln\u00e9 kontroly a v\u010dasn\u00e9 opravy pred\u013a\u017eia \u017eivotnos\u0165 valca a minimalizuj\u00fa prestoje a n\u00e1klady na \u00fadr\u017ebu.<\/p>\n<p><img decoding=\"async\" src=\"https:\/\/www.hydraulic-cylinders.net\/wp-content\/uploads\/2025\/04\/songte-chushion-collar.webp\" alt=\"Vank\u00fa\u0161ov\u00fd golier\"><\/p>\n<h2>Bezpe\u010dnostn\u00e9 aspekty a faktory prostredia<\/h2>\n<p>Pri pr\u00e1ci s hydraulick\u00fdmi syst\u00e9mami, ako je napr\u00edklad valec v\u00fdlo\u017en\u00edka, s\u00fa bezpe\u010dnostn\u00e9 opatrenia prvorad\u00e9. Obsluha by mala by\u0165 primerane vy\u0161kolen\u00e1 na bezpe\u010dn\u00fa manipul\u00e1ciu so zariadeniami a mala by rozumie\u0165 rizik\u00e1m spojen\u00fdm s hydraulick\u00fdmi kvapalinami pod tlakom. Mali by sa zoh\u013eadni\u0165 aj environment\u00e1lne aspekty, ako napr\u00edklad zabezpe\u010denie toho, aby boli ak\u00e9ko\u013evek hydraulick\u00e9 \u00faniky zachyten\u00e9 a zvl\u00e1dnut\u00e9, aby sa zabr\u00e1nilo kontamin\u00e1cii. Spr\u00e1vna likvid\u00e1cia hydraulick\u00fdch kvapal\u00edn a \u00fadr\u017eba zariaden\u00ed prispej\u00fa k bezpe\u010dnej\u0161iemu a udr\u017eate\u013enej\u0161iemu pracovn\u00e9mu prostrediu.<\/p>\n<h2>Rie\u0161enie probl\u00e9mov a be\u017en\u00e9 probl\u00e9my<\/h2>\n<ul>\n<li><strong>\u00daniky tekut\u00edn:<\/strong> Jedn\u00fdm z naj\u010dastej\u0161\u00edch probl\u00e9mov je \u00fanik hydraulickej kvapaliny, ktor\u00fd m\u00f4\u017ee nazna\u010dova\u0165 opotrebovan\u00e9 tesnenia alebo po\u0161kodenie valca. V\u010dasn\u00e9 rie\u0161enie \u00fanikov je k\u013e\u00fa\u010dov\u00e9 pre udr\u017eanie \u00fa\u010dinnosti.<\/li>\n<li><strong>Strata tlaku:<\/strong> V\u00fdrazn\u00fd pokles prev\u00e1dzkov\u00e9ho v\u00fdkonu m\u00f4\u017ee signalizova\u0165 probl\u00e9my v hydraulickom syst\u00e9me, ako s\u00fa upchatia alebo po\u0161koden\u00e9 komponenty. Pre obnovenie funk\u010dnosti je nevyhnutn\u00e9 presk\u00fama\u0165 a vyrie\u0161i\u0165 tieto probl\u00e9my.<\/li>\n<li><strong>Nezvy\u010dajn\u00e9 zvuky:<\/strong> Ak\u00e9ko\u013evek zvl\u00e1\u0161tne zvuky po\u010das prev\u00e1dzky m\u00f4\u017eu signalizova\u0165 mechanick\u00fa poruchu alebo nedostato\u010dn\u00e9 mazanie. Identifik\u00e1cia a odstr\u00e1nenie zdroja hluku m\u00f4\u017ee zabr\u00e1ni\u0165 \u010fal\u0161iemu po\u0161kodeniu.<\/li>\n<\/ul>\n<p>V\u010dasn\u00e9 rie\u0161enie probl\u00e9mov m\u00f4\u017ee zabr\u00e1ni\u0165 premene men\u0161\u00edch probl\u00e9mov na z\u00e1va\u017en\u00e9 a zabezpe\u010di\u0165 hladk\u00fd a efekt\u00edvny chod valca ramena. Pravideln\u00e9 kontroly \u00fadr\u017eby m\u00f4\u017eu minimalizova\u0165 pravdepodobnos\u0165 v\u00fdskytu t\u00fdchto probl\u00e9mov.<\/p>\n<p><img decoding=\"async\" src=\"https:\/\/www.hydraulic-cylinders.net\/wp-content\/uploads\/2025\/04\/songte-bushings-with-all-kinds-of-excavator-models.webp\" alt=\"Puzdr\u00e1 s modelmi bagrov\"><\/p>\n<h2>Preh\u013ead spolo\u010dnosti<\/h2>\n<p>Sme popredn\u00fdm v\u00fdrobcom n\u00e1hradn\u00fdch hydraulick\u00fdch valcov a sme odhodlan\u00ed dod\u00e1va\u0165 komplexn\u00fd sortiment produktov, ktor\u00e9 sp\u013a\u0148aj\u00fa potreby dom\u00e1ceho aj medzin\u00e1rodn\u00e9ho trhu. Na\u0161e odhodlanie ku kvalite je neochvejn\u00e9, preto\u017ee v na\u0161ich v\u00fdrobn\u00fdch procesoch implementujeme prepracovan\u00e9 strat\u00e9gie riadenia v\u00fdroby. Vyu\u017e\u00edvan\u00edm kvalifikovan\u00e9ho technick\u00e9ho person\u00e1lu, pokro\u010dil\u00fdch digit\u00e1lnych v\u00fdrobn\u00fdch zariaden\u00ed a \u0161pecializovan\u00fdch testovac\u00edch syst\u00e9mov neust\u00e1le zlep\u0161ujeme na\u0161e v\u00fdrobn\u00e9 kapacity.<\/p>\n<p>Na\u0161e zameranie na vysok\u00fa efektivitu, presnos\u0165 a kvalitu n\u00e1m umo\u017e\u0148uje uspokoji\u0165 \u0161irok\u00fa \u0161k\u00e1lu po\u017eiadaviek z\u00e1kazn\u00edkov. Pon\u00fakame rie\u0161enia na mieru prisp\u00f4soben\u00e9 \u0161pecifick\u00fdm potreb\u00e1m a zabezpe\u010dujeme medzin\u00e1rodn\u00fa certifik\u00e1ciu na\u0161ich produktov, \u010d\u00edm na\u0161im klientom poskytujeme pokoj v du\u0161i.<\/p>\n<p><img decoding=\"async\" src=\"https:\/\/www.hydraulic-cylinders.net\/wp-content\/uploads\/2025\/04\/songte-company-4.webp\" alt=\"Preh\u013ead spolo\u010dnosti 1\"><br \/>\n<img decoding=\"async\" src=\"https:\/\/www.hydraulic-cylinders.net\/wp-content\/uploads\/2025\/04\/songte-company-3.webp\" alt=\"Preh\u013ead spolo\u010dnosti 2\"><\/p>\n<p>Autor: lyl<\/p>","protected":false},"excerpt":{"rendered":"<p>Boom Cylinder For KYM KY85 Introduction to Boom Cylinder The Boom Cylinder is a crucial component in hydraulic systems, particularly in heavy machinery like excavators, backhoes, and front loaders. Designed specifically for controlling the movement of the bucket, this hydraulic cylinder enables lifting, lowering, and tilting actions that are essential for effective material handling tasks. [&hellip;]<\/p>","protected":false},"featured_media":17880,"comment_status":"open","ping_status":"closed","template":"","meta":{"_et_pb_use_builder":"","_et_pb_old_content":"","_et_gb_content_width":""},"product_brand":[],"product_cat":[1546],"product_tag":[1547,1496],"class_list":{"0":"post-19527","1":"product","2":"type-product","3":"status-publish","4":"has-post-thumbnail","6":"product_cat-boom-cylinders","7":"product_tag-boom-cylinders","8":"product_tag-hydraulic-cylinders","10":"first","11":"instock","12":"shipping-taxable","13":"product-type-simple"},"amp_enabled":true,"_links":{"self":[{"href":"https:\/\/www.hydraulic-cylinders.net\/sk\/wp-json\/wp\/v2\/product\/19527","targetHints":{"allow":["GET"]}}],"collection":[{"href":"https:\/\/www.hydraulic-cylinders.net\/sk\/wp-json\/wp\/v2\/product"}],"about":[{"href":"https:\/\/www.hydraulic-cylinders.net\/sk\/wp-json\/wp\/v2\/types\/product"}],"replies":[{"embeddable":true,"href":"https:\/\/www.hydraulic-cylinders.net\/sk\/wp-json\/wp\/v2\/comments?post=19527"}],"wp:featuredmedia":[{"embeddable":true,"href":"https:\/\/www.hydraulic-cylinders.net\/sk\/wp-json\/wp\/v2\/media\/17880"}],"wp:attachment":[{"href":"https:\/\/www.hydraulic-cylinders.net\/sk\/wp-json\/wp\/v2\/media?parent=19527"}],"wp:term":[{"taxonomy":"product_brand","embeddable":true,"href":"https:\/\/www.hydraulic-cylinders.net\/sk\/wp-json\/wp\/v2\/product_brand?post=19527"},{"taxonomy":"product_cat","embeddable":true,"href":"https:\/\/www.hydraulic-cylinders.net\/sk\/wp-json\/wp\/v2\/product_cat?post=19527"},{"taxonomy":"product_tag","embeddable":true,"href":"https:\/\/www.hydraulic-cylinders.net\/sk\/wp-json\/wp\/v2\/product_tag?post=19527"}],"curies":[{"name":"pracovn\u00fd list","href":"https:\/\/api.w.org\/{rel}","templated":true}]}}