{"id":19528,"date":"2025-04-07T06:52:55","date_gmt":"2025-04-07T06:52:55","guid":{"rendered":"https:\/\/www.hydraulic-cylinders.net\/product\/boom-cylinder-for-kym-ky105\/"},"modified":"2025-04-07T06:52:57","modified_gmt":"2025-04-07T06:52:57","slug":"boom-cylinder-for-kym-ky105","status":"publish","type":"product","link":"https:\/\/www.hydraulic-cylinders.net\/sk\/produkt\/boom-cylinder-for-kym-ky105\/","title":{"rendered":"Valec v\u00fdlo\u017en\u00edka pre KYM KY105"},"content":{"rendered":"<h1>Valec v\u00fdlo\u017en\u00edka pre KYM KY105<\/h1>\n<h2>Preh\u013ead produktu<\/h2>\n<p>Hydraulick\u00fd valec v\u00fdlo\u017en\u00edka pre KYM KY105 je z\u00e1kladn\u00fd hydraulick\u00fd komponent ur\u010den\u00fd na presn\u00e9 ovl\u00e1danie prev\u00e1dzky \u0165a\u017ek\u00fdch strojov. Tento hydraulick\u00fd valec zohr\u00e1va k\u013e\u00fa\u010dov\u00fa \u00falohu pri riaden\u00ed pohybu ly\u017eice na r\u00f4znych \u0165a\u017ek\u00fdch zariadeniach, ako s\u00fa r\u00fdpadl\u00e1, r\u00fdpadlo-naklada\u010de a \u010deln\u00e9 naklada\u010de. Zais\u0165uje plynul\u00e9 zdv\u00edhanie, sp\u00fa\u0161\u0165anie a nakl\u00e1\u0148anie ly\u017eice, \u010do u\u013eah\u010duje efekt\u00edvnu manipul\u00e1ciu s materi\u00e1lom.<\/p>\n<p>Ako hydraulick\u00fd valec vyu\u017e\u00edva valec v\u00fdlo\u017en\u00edka na vytvorenie pohybu tlakov\u00fa hydraulick\u00fa kvapalinu. Tieto valce s\u00fa skon\u0161truovan\u00e9 tak, aby odolali zna\u010dn\u00fdm sil\u00e1m a z\u00e1rove\u0148 poskytovali spo\u013eahliv\u00fd v\u00fdkon v n\u00e1ro\u010dn\u00fdch pracovn\u00fdch prostrediach. Jeho kon\u0161trukcia umo\u017e\u0148uje bezprobl\u00e9mov\u00fa integr\u00e1ciu do hydraulick\u00fdch syst\u00e9mov, v\u010faka \u010domu je nevyhnutn\u00fd pre stavebn\u00e9, po\u013enohospod\u00e1rske a priemyseln\u00e9 aplik\u00e1cie.<\/p>\n<p><img decoding=\"async\" src=\"https:\/\/www.hydraulic-cylinders.net\/wp-content\/uploads\/2025\/04\/songte-company-1.webp\" alt=\"Valec v\u00fdlo\u017en\u00edka\"><\/p>\n<h3>K\u013e\u00fa\u010dov\u00e9 vlastnosti<\/h3>\n<ul>\n<li><strong>Vysok\u00e1 pevnos\u0165 a odolnos\u0165:<\/strong> Tento valec, vyroben\u00fd z vysokopevnostnej ocele alebo hlin\u00edka, je navrhnut\u00fd tak, aby odolal vysok\u00e9mu tlaku a \u0165a\u017ek\u00e9mu za\u0165a\u017eeniu, \u010do zais\u0165uje jeho v\u00fdkon v n\u00e1ro\u010dn\u00fdch pracovn\u00fdch podmienkach.<\/li>\n<li><strong>Efekt\u00edvna hydraulick\u00e1 prev\u00e1dzka:<\/strong> Valec vyu\u017e\u00edva hydraulick\u00fd tlak oleja pre plynul\u00e9 vys\u00favanie a zas\u00favanie, \u010do zabezpe\u010duje r\u00fdchlu odozvu na ovl\u00e1dacie povely, vhodn\u00e9 na zvl\u00e1dnutie \u0165a\u017ek\u00fdch a zlo\u017eit\u00fdch \u00faloh.<\/li>\n<li><strong>R\u00f4zne typy:<\/strong> Je k dispoz\u00edcii v jedno\u010dinnej a dvoj\u010dinnej konfigur\u00e1cii, \u010do umo\u017e\u0148uje pou\u017e\u00edvate\u013eom vybra\u0165 si spr\u00e1vny typ na z\u00e1klade prev\u00e1dzkov\u00fdch potrieb. Niektor\u00e9 modely s\u00fa teleskopick\u00e9, \u010do umo\u017e\u0148uje dlh\u0161\u00ed dosah bez zv\u00e4\u010d\u0161enia vonkaj\u0161\u00edch rozmerov.<\/li>\n<li><strong>Prisp\u00f4sobivos\u0165:<\/strong> Na\u0161e valce je mo\u017en\u00e9 prisp\u00f4sobi\u0165 r\u00f4znym hydraulick\u00fdm syst\u00e9mom, v\u010faka \u010domu s\u00fa perfektnou n\u00e1hradou za existuj\u00face hydraulick\u00e9 valce.<\/li>\n<li><strong>Nen\u00e1ro\u010dn\u00e1 \u00fadr\u017eba:<\/strong> Navrhnut\u00e9 s oh\u013eadom na jednoduch\u00fa \u00fadr\u017ebu, \u010do zabezpe\u010duje, \u017ee be\u017en\u00e9 kontroly a opravy je mo\u017en\u00e9 vykon\u00e1va\u0165 s minim\u00e1lnymi prestojmi.<\/li>\n<\/ul>\n<p><img decoding=\"async\" src=\"https:\/\/www.hydraulic-cylinders.net\/wp-content\/uploads\/2025\/04\/songte-cylinder-head-with-all-kinds-excavator-models.webp\" alt=\"Hlava valcov\"><\/p>\n<h2>Aplik\u00e1cie<\/h2>\n<h3>Stavebn\u00e9 stroje<\/h3>\n<p>V stavebn\u00fdch strojoch je valec v\u00fdlo\u017en\u00edka k\u013e\u00fa\u010dov\u00fd pre r\u00fdpadl\u00e1, kde pom\u00e1ha pri kopan\u00ed, nakladan\u00ed a preprave zeminy alebo sutiny. \u00da\u010dinnos\u0165 t\u00fdchto valcov priamo ovplyv\u0148uje produktivitu na pracovisk\u00e1ch, \u010do umo\u017e\u0148uje r\u00fdchle cykly nakladania a vykladania.<\/p>\n<h3>Po\u013enohospod\u00e1rske stroje<\/h3>\n<p>V po\u013enohospod\u00e1rstve \u010deln\u00e9 naklada\u010de vyu\u017e\u00edvaj\u00fa valce v\u00fdlo\u017en\u00edka na zdv\u00edhanie, naberanie a prepravu p\u00f4dy, sena a in\u00fdch materi\u00e1lov. Ich spo\u013eahlivos\u0165 zvy\u0161uje v\u0161estrannos\u0165 po\u013enohospod\u00e1rskych strojov a zefekt\u00edv\u0148uje \u00falohy, ako je orba a siatie.<\/p>\n<h3>R\u00fdpadl\u00e1<\/h3>\n<p>Pri r\u00fdpadl\u00e1ch umo\u017e\u0148uj\u00fa valce v\u00fdlo\u017en\u00edka efekt\u00edvne prenikanie ly\u017eice do p\u00f4dy, \u010do umo\u017e\u0148uje efekt\u00edvne v\u00fdkopov\u00e9 pr\u00e1ce. T\u00e1to schopnos\u0165 je k\u013e\u00fa\u010dov\u00e1 pre z\u00e1kladov\u00e9 pr\u00e1ce a rozsiahle zemn\u00e9 pr\u00e1ce.<\/p>\n<h3>Naklada\u010de<\/h3>\n<p>V \u010deln\u00fdch naklada\u010doch u\u013eah\u010duj\u00fa valce v\u00fdlo\u017en\u00edka zdv\u00edhanie a vykladanie bremien, \u010d\u00edm zvy\u0161uj\u00fa schopnos\u0165 stroja manipulova\u0165 s r\u00f4znymi materi\u00e1lmi. Ich robustn\u00e1 kon\u0161trukcia zais\u0165uje, \u017ee dok\u00e1\u017eu bezpe\u010dne a efekt\u00edvne manipulova\u0165 s \u0165a\u017ek\u00fdmi bremenami.<\/p>\n<h2>\u00davahy o dizajne a krit\u00e9ri\u00e1 v\u00fdberu<\/h2>\n<h3>Nosnos\u0165<\/h3>\n<p>Nosnos\u0165 valca v\u00fdlo\u017en\u00edka je k\u013e\u00fa\u010dov\u00fdm faktorom, ktor\u00fd treba zv\u00e1\u017ei\u0165 pri v\u00fdbere. Mus\u00ed by\u0165 schopn\u00fd zvl\u00e1dnu\u0165 maxim\u00e1lnu hmotnos\u0165, ktorej bude v ter\u00e9ne vystaven\u00fd, bez kompromisov v oblasti bezpe\u010dnosti alebo v\u00fdkonu. D\u00f4kladn\u00e9 pochopenie dan\u00fdch \u00faloh a typov manipulovan\u00fdch materi\u00e1lov bude usmer\u0148ova\u0165 proces v\u00fdberu a zabezpe\u010d\u00ed, \u017ee valec bude m\u00f4c\u0165 fungova\u0165 v r\u00e1mci svojich limitov.<\/p>\n<h3>Integrita tesnenia<\/h3>\n<p>Pre hydraulick\u00e9 valce je prvorad\u00e1 integrita tesnenia. Kvalitn\u00e9 tesnenia zabra\u0148uj\u00fa \u00faniku a udr\u017eiavaj\u00fa tlak vo valci, \u010do je nevyhnutn\u00e9 pre konzistentn\u00fd v\u00fdkon. V\u00fdber tesnen\u00ed vyroben\u00fdch z odoln\u00fdch materi\u00e1lov, ako je polyuret\u00e1n alebo nitrilov\u00fd kau\u010duk, m\u00f4\u017ee pred\u013a\u017ei\u0165 \u017eivotnos\u0165 valca a zn\u00ed\u017ei\u0165 potrebu \u00fadr\u017eby. Pravideln\u00e9 kontroly tesnen\u00ed s\u00fa potrebn\u00e9 na predch\u00e1dzanie prev\u00e1dzkov\u00fdm poruch\u00e1m.<\/p>\n<h3>Trvanlivos\u0165<\/h3>\n<p>Trvanlivos\u0165 valca priamo ovplyv\u0148uje jeho \u017eivotnos\u0165 a spo\u013eahlivos\u0165. Vysokokvalitn\u00e9 materi\u00e1ly a pokro\u010dil\u00e9 v\u00fdrobn\u00e9 procesy s\u00fa k\u013e\u00fa\u010dov\u00e9 pri v\u00fdrobe valcov, ktor\u00e9 odol\u00e1vaj\u00fa opotrebovaniu v n\u00e1ro\u010dn\u00fdch prostrediach. Na zabezpe\u010denie efekt\u00edvnej prev\u00e1dzky valca v priebehu \u010dasu by sa mali zv\u00e1\u017ei\u0165 faktory, ako je odolnos\u0165 vo\u010di kor\u00f3zii a \u00fanavov\u00e1 pevnos\u0165.<\/p>\n<h3>Bezpe\u010dnostn\u00e9 prvky<\/h3>\n<p>Za\u010dlenenie bezpe\u010dnostn\u00fdch prvkov do kon\u0161trukcie valcov v\u00fdlo\u017en\u00edka je nevyhnutn\u00e9. Bezpe\u010dnostn\u00e9 opatrenia, ako s\u00fa vstavan\u00e9 pretlakov\u00e9 ventily a robustn\u00e9 mo\u017enosti mont\u00e1\u017ee, zabezpe\u010duj\u00fa bezpe\u010dn\u00fa prev\u00e1dzku valcov pod za\u0165a\u017een\u00edm. Pravideln\u00e9 bezpe\u010dnostn\u00e9 kontroly a dodr\u017eiavanie prev\u00e1dzkov\u00fdch pokynov m\u00f4\u017eu v\u00fdrazne zn\u00ed\u017ei\u0165 riziko neh\u00f4d.<\/p>\n<h3>Pr\u00edstupnos\u0165 \u00fadr\u017eby<\/h3>\n<p>Navrhovanie valcov s oh\u013eadom na dostupnos\u0165 \u00fadr\u017eby zvy\u0161uje ich prev\u00e1dzkov\u00fa spo\u013eahlivos\u0165. Funkcie, ktor\u00e9 umo\u017e\u0148uj\u00fa jednoduch\u00fd pr\u00edstup k tesneniam a pohybliv\u00fdm \u010dastiam, umo\u017e\u0148uj\u00fa v\u010dasn\u00e9 \u00fadr\u017eb\u00e1rske postupy, \u010do m\u00f4\u017ee zabr\u00e1ni\u0165 n\u00e1kladn\u00fdm poruch\u00e1m a pred\u013a\u017ei\u0165 \u017eivotnos\u0165 valca. Na zabezpe\u010denie maxim\u00e1lneho v\u00fdkonu by sa mali stanovi\u0165 pravideln\u00e9 pl\u00e1ny \u00fadr\u017eby.<\/p>\n<p><img decoding=\"async\" src=\"https:\/\/www.hydraulic-cylinders.net\/wp-content\/uploads\/2025\/04\/songte-oil-pipes-and-spare-parts.webp\" alt=\"Olejov\u00e9 potrubia a n\u00e1hradn\u00e9 diely\"><\/p>\n<h2>Tesnenie a mazanie<\/h2>\n<p>Spr\u00e1vne tesnenie a mazanie s\u00fa nevyhnutn\u00e9 pre funk\u010dnos\u0165 valca v\u00fdlo\u017en\u00edka. R\u00f4zne tesniace komponenty, vr\u00e1tane tesnen\u00ed piestov a tesnen\u00ed ty\u010d\u00ed, s\u00fa k\u013e\u00fa\u010dov\u00e9 pre udr\u017eiavanie tlaku a zabr\u00e1nenie \u00faniku. Tesnenia vyroben\u00e9 z materi\u00e1lov odoln\u00fdch vo\u010di opotrebovaniu, ako je polyuret\u00e1n a nitrilov\u00e1 guma, s\u00fa uprednost\u0148ovan\u00e9 pre svoju odolnos\u0165 a v\u00fdkon.<\/p>\n<p>Teleso valca a z\u00e1vitov\u00e9 koncov\u00e9 plochy prech\u00e1dzaj\u00fa jemn\u00fdm opracovan\u00edm, aby sa zv\u00fd\u0161ila odolnos\u0165 proti opotrebovaniu, \u010do prispieva k celkovej \u017eivotnosti valca. Pravideln\u00e9 dop\u013a\u0148anie hydraulick\u00e9ho oleja na mazanie je d\u00f4le\u017eit\u00e9, preto\u017ee zni\u017euje trenie a opotrebovanie pohybliv\u00fdch \u010dast\u00ed, \u010d\u00edm zabezpe\u010duje plynul\u00fd chod.<\/p>\n<h2>Prevent\u00edvne \u00fadr\u017eb\u00e1rske opatrenia<\/h2>\n<ul>\n<li><strong>Pravideln\u00e9 kontroly:<\/strong> Vykon\u00e1vajte pravideln\u00e9 kontroly, aby ste identifikovali ak\u00e9ko\u013evek zn\u00e1mky opotrebovania, \u00faniku alebo po\u0161kodenia. V\u010dasn\u00e9 odhalenie probl\u00e9mov m\u00f4\u017ee zabr\u00e1ni\u0165 z\u00e1va\u017en\u00fdm poruch\u00e1m.<\/li>\n<li><strong>Vhodn\u00e9 mazanie:<\/strong> Uistite sa, \u017ee hladina hydraulick\u00e9ho oleja je dostato\u010dn\u00e1 a \u017ee olej je \u010dist\u00fd, aby sa zachovalo optim\u00e1lne mazanie a v\u00fdkon.<\/li>\n<li><strong>V\u00fdmena tesnenia:<\/strong> Sledujte opotrebovanie tesnen\u00ed a pod\u013ea potreby ich vyme\u0148te, aby sa udr\u017eal tlak a zabr\u00e1nilo sa \u00faniku hydraulickej kvapaliny.<\/li>\n<\/ul>\n<h2>Pokyny na in\u0161tal\u00e1ciu<\/h2>\n<p>Spr\u00e1vna in\u0161tal\u00e1cia valca ramena je k\u013e\u00fa\u010dov\u00e1 pre jeho v\u00fdkon a dlh\u00fa \u017eivotnos\u0165. Pre spr\u00e1vnu in\u0161tal\u00e1ciu dodr\u017eiavajte tieto pokyny:<\/p>\n<p>1. **Spr\u00e1vne zarovnajte valec:** Uistite sa, \u017ee valec je spr\u00e1vne zarovnan\u00fd s upev\u0148ovac\u00edmi bodmi, aby ste predi\u0161li nadmern\u00e9mu nam\u00e1haniu komponentov.<\/p>\n<p>2. **Pou\u017eite vhodn\u00e9 mont\u00e1\u017ene konzoly:** Na upevnenie valca na mieste pou\u017eite vhodn\u00e9 mont\u00e1\u017ene konzoly, ktor\u00e9 zabezpe\u010dia jeho stabilitu po\u010das prev\u00e1dzky.<\/p>\n<p>3. **Skontrolujte vo\u013en\u00fd priestor:** Uistite sa, \u017ee okolo valca je dostato\u010dn\u00fd vo\u013en\u00fd priestor, aby sa umo\u017enil pln\u00fd rozsah pohybu bez prek\u00e1\u017eok.<\/p>\n<p>4. **Hydraulick\u00e9 pripojenia:** Uistite sa, \u017ee hydraulick\u00e9 hadice s\u00fa bezpe\u010dne pripojen\u00e9 a \u017ee nie s\u00fa zalomen\u00e9 alebo ostr\u00e9, preto\u017ee by mohli obmedzi\u0165 prietok kvapaliny.<\/p>\n<p>5. **Test pred pln\u00fdm za\u0165a\u017een\u00edm:** Po in\u0161tal\u00e1cii otestujte prev\u00e1dzku valca bez za\u0165a\u017eenia, aby ste overili jeho funk\u010dnos\u0165 a vykonali v\u0161etky potrebn\u00e9 \u00fapravy.<\/p>\n<h2>Be\u017en\u00e9 \u00falohy \u00fadr\u017eby<\/h2>\n<ul>\n<li><strong>Pravideln\u00e9 kontroly:<\/strong> Pravideln\u00e9 kontroly s\u00fa k\u013e\u00fa\u010dom k identifik\u00e1cii potenci\u00e1lnych probl\u00e9mov sk\u00f4r, ako sa zhor\u0161ia. Skontrolujte tesnenia, hadice a spoje, \u010di nie s\u00fa opotrebovan\u00e9 alebo po\u0161koden\u00e9.<\/li>\n<li><strong>Spr\u00e1vne mazanie:<\/strong> Uistite sa, \u017ee hydraulick\u00fd olej je na spr\u00e1vnej hladine a bez ne\u010dist\u00f4t. Pravideln\u00e9 mazanie zni\u017euje opotrebenie a zvy\u0161uje v\u00fdkon.<\/li>\n<li><strong>V\u00fdmena tesnenia:<\/strong> Tesnenia sa \u010dasom m\u00f4\u017eu opotrebova\u0165 a je potrebn\u00e9 ich vymeni\u0165. Pravidelne kontrolujte stav tesnen\u00ed a vymie\u0148ajte ich, aby ste predi\u0161li \u00fanikom.<\/li>\n<\/ul>\n<h2>Bezpe\u010dnostn\u00e9 aspekty<\/h2>\n<p>Pri pou\u017e\u00edvan\u00ed valcov v\u00fdlo\u017en\u00edka je nevyhnutn\u00e9 zavies\u0165 bezpe\u010dnostn\u00e9 opatrenia na ochranu obsluhy a zariadenia. V\u017edy sa uistite, \u017ee zariadenie sa prev\u00e1dzkuje v r\u00e1mci stanoven\u00fdch limitov za\u0165a\u017eenia a \u017ee v\u0161etky bezpe\u010dnostn\u00e9 zariadenia spr\u00e1vne funguj\u00fa. Spr\u00e1vne \u0161kolenie obsluhy a dodr\u017eiavanie bezpe\u010dnostn\u00fdch protokolov m\u00f4\u017ee v\u00fdrazne zn\u00ed\u017ei\u0165 riziko neh\u00f4d alebo zranen\u00ed po\u010das prev\u00e1dzky.<\/p>\n<h2>Rie\u0161enie be\u017en\u00fdch probl\u00e9mov<\/h2>\n<ul>\n<li><strong>Nereaguj\u00faci valec:<\/strong> Ak valec nereaguje na vstup, skontrolujte hladinu hydraulickej kvapaliny a vyh\u013eadajte pr\u00edpadn\u00e9 upchatia hydraulick\u00fdch potrub\u00ed.<\/li>\n<li><strong>\u00danik hydraulickej kvapaliny:<\/strong> Skontrolujte tesnenia a spoje, \u010di nevykazuj\u00fa zn\u00e1mky opotrebovania alebo po\u0161kodenia, ktor\u00e9 by mohli sp\u00f4sobi\u0165 netesnosti. V pr\u00edpade potreby vyme\u0148te tesnenia, aby sa udr\u017eal tlak.<\/li>\n<li><strong>Nerovnomern\u00fd pohyb:<\/strong> Ak sa valec pohybuje nerovnomerne, uistite sa, \u017ee je spr\u00e1vne zarovnan\u00fd a \u017ee \u017eiadne prek\u00e1\u017eky neovplyv\u0148uj\u00fa jeho rozsah pohybu.<\/li>\n<\/ul>\n<h2>Tipy na rie\u0161enie probl\u00e9mov<\/h2>\n<p>Pre efekt\u00edvne rie\u0161enie probl\u00e9mov postupujte pod\u013ea t\u00fdchto tipov:<\/p>\n<p>1. **Pravideln\u00e1 \u00fadr\u017eba:** Vypracujte si pr\u00edsny pl\u00e1n \u00fadr\u017eby, aby ste zabezpe\u010dili pravideln\u00fa kontrolu a servis v\u0161etk\u00fdch komponentov.<\/p>\n<p>2. **Ve\u010fte si z\u00e1znamy:** Uchov\u00e1vajte si z\u00e1znamy o v\u0161etk\u00fdch probl\u00e9moch a oprav\u00e1ch, aby ste sledovali vzorce, ktor\u00e9 m\u00f4\u017eu nazna\u010dova\u0165 z\u00e1kladn\u00e9 probl\u00e9my.<\/p>\n<p>3. **Konzultujte s odborn\u00edkmi:** Ak probl\u00e9my pretrv\u00e1vaj\u00fa, pora\u010fte sa s odborn\u00edkmi na hydraulick\u00e9 syst\u00e9my, ktor\u00ed v\u00e1m poskytn\u00fa podrobn\u00fa diagnostiku a opravy.<\/p>\n<p><img decoding=\"async\" src=\"https:\/\/www.hydraulic-cylinders.net\/wp-content\/uploads\/2025\/04\/songte-bushings-with-all-kinds-of-excavator-models.webp\" alt=\"Puzdr\u00e1 s modelmi bagrov\"><\/p>\n<h2>O na\u0161ej spolo\u010dnosti<\/h2>\n<p>Sme popredn\u00fdm v\u00fdrobcom n\u00e1hradn\u00fdch hydraulick\u00fdch valcov a pon\u00fakame komplexn\u00fd sortiment produktov, ktor\u00e9 uspokoja dom\u00e1ci aj medzin\u00e1rodn\u00fd trh. N\u00e1\u0161 z\u00e1v\u00e4zok k excelentnosti sa odr\u00e1\u017ea v na\u0161ich pokro\u010dil\u00fdch v\u00fdrobn\u00fdch strat\u00e9gi\u00e1ch, ktor\u00e9 vyu\u017e\u00edvaj\u00fa \u0161pi\u010dkov\u00e9 digit\u00e1lne zariadenia a profesion\u00e1lny testovac\u00ed syst\u00e9m.<\/p>\n<p>Na\u0161e v\u00fdrobn\u00e9 zariadenia neust\u00e1le vylep\u0161uj\u00fa na\u0161e v\u00fdrobn\u00e9 platformy, \u010d\u00edm zabezpe\u010duj\u00fa, \u017ee sp\u013a\u0148ame rozmanit\u00e9 po\u017eiadavky z\u00e1kazn\u00edkov s vysokou efektivitou, presnos\u0165ou a kvalitou. N\u00e1\u0161 t\u00edm kvalifikovan\u00fdch odborn\u00edkov sa venuje dod\u00e1vaniu \u0161pi\u010dkov\u00fdch produktov a v\u00fdnimo\u010dn\u00e9mu z\u00e1kazn\u00edckemu servisu a poskytuje rie\u0161enia na mieru, ktor\u00e9 zodpovedaj\u00fa \u0161pecifick\u00fdm prev\u00e1dzkov\u00fdm potreb\u00e1m.<\/p>\n<p><img decoding=\"async\" src=\"https:\/\/www.hydraulic-cylinders.net\/wp-content\/uploads\/2025\/04\/songte-company-4.webp\" alt=\"Preh\u013ead spolo\u010dnosti\"><br \/>\n<img decoding=\"async\" src=\"https:\/\/www.hydraulic-cylinders.net\/wp-content\/uploads\/2025\/04\/songte-company-3.webp\" alt=\"V\u00fdrobn\u00e9 zariadenie\"><\/p>\n<p>Autor: lyl<\/p>","protected":false},"excerpt":{"rendered":"<p>Boom Cylinder For KYM KY105 Product Overview The Boom Cylinder for KYM KY105 is an essential hydraulic component designed for precise control of heavy machinery operations. This hydraulic cylinder plays a critical role in managing the movement of the bucket on various heavy equipment, such as excavators, backhoe loaders, and front loaders. It ensures smooth [&hellip;]<\/p>","protected":false},"featured_media":17881,"comment_status":"open","ping_status":"closed","template":"","meta":{"_et_pb_use_builder":"","_et_pb_old_content":"","_et_gb_content_width":""},"product_brand":[],"product_cat":[1546],"product_tag":[1547,1496],"class_list":{"0":"post-19528","1":"product","2":"type-product","3":"status-publish","4":"has-post-thumbnail","6":"product_cat-boom-cylinders","7":"product_tag-boom-cylinders","8":"product_tag-hydraulic-cylinders","10":"first","11":"instock","12":"shipping-taxable","13":"product-type-simple"},"amp_enabled":true,"_links":{"self":[{"href":"https:\/\/www.hydraulic-cylinders.net\/sk\/wp-json\/wp\/v2\/product\/19528","targetHints":{"allow":["GET"]}}],"collection":[{"href":"https:\/\/www.hydraulic-cylinders.net\/sk\/wp-json\/wp\/v2\/product"}],"about":[{"href":"https:\/\/www.hydraulic-cylinders.net\/sk\/wp-json\/wp\/v2\/types\/product"}],"replies":[{"embeddable":true,"href":"https:\/\/www.hydraulic-cylinders.net\/sk\/wp-json\/wp\/v2\/comments?post=19528"}],"wp:featuredmedia":[{"embeddable":true,"href":"https:\/\/www.hydraulic-cylinders.net\/sk\/wp-json\/wp\/v2\/media\/17881"}],"wp:attachment":[{"href":"https:\/\/www.hydraulic-cylinders.net\/sk\/wp-json\/wp\/v2\/media?parent=19528"}],"wp:term":[{"taxonomy":"product_brand","embeddable":true,"href":"https:\/\/www.hydraulic-cylinders.net\/sk\/wp-json\/wp\/v2\/product_brand?post=19528"},{"taxonomy":"product_cat","embeddable":true,"href":"https:\/\/www.hydraulic-cylinders.net\/sk\/wp-json\/wp\/v2\/product_cat?post=19528"},{"taxonomy":"product_tag","embeddable":true,"href":"https:\/\/www.hydraulic-cylinders.net\/sk\/wp-json\/wp\/v2\/product_tag?post=19528"}],"curies":[{"name":"pracovn\u00fd list","href":"https:\/\/api.w.org\/{rel}","templated":true}]}}