{"id":19530,"date":"2025-04-07T06:53:00","date_gmt":"2025-04-07T06:53:00","guid":{"rendered":"https:\/\/www.hydraulic-cylinders.net\/product\/boom-cylinder-for-kym-ky60a\/"},"modified":"2025-04-07T06:53:02","modified_gmt":"2025-04-07T06:53:02","slug":"boom-cylinder-for-kym-ky60a","status":"publish","type":"product","link":"https:\/\/www.hydraulic-cylinders.net\/sk\/produkt\/boom-cylinder-for-kym-ky60a\/","title":{"rendered":"Valec v\u00fdlo\u017en\u00edka pre KYM KY60A"},"content":{"rendered":"<h1>Valec v\u00fdlo\u017en\u00edka pre KYM KY60A<\/h1>\n<h2>Preh\u013ead valca ramena<\/h2>\n<p>Hydraulick\u00fd valec v\u00fdlo\u017en\u00edka je k\u013e\u00fa\u010dovou s\u00fa\u010das\u0165ou hydraulick\u00fdch syst\u00e9mov, \u0161peci\u00e1lne navrhnut\u00fd na ovl\u00e1danie pohybu ly\u017eice v \u0165a\u017ek\u00fdch strojoch, ako s\u00fa bagre, r\u00fdpadlo-naklada\u010de a \u010deln\u00e9 naklada\u010de. Tento hydraulick\u00fd valec umo\u017e\u0148uje zdv\u00edhanie, sp\u00fa\u0161\u0165anie a nakl\u00e1\u0148anie ly\u017eice, \u010do u\u013eah\u010duje efekt\u00edvnu manipul\u00e1ciu s materi\u00e1lom. Valec ly\u017eice funguje na princ\u00edpe hydraulickej kvapaliny na generovanie pohybu, \u010do je nevyhnutn\u00e9 v r\u00f4znych stavebn\u00fdch a po\u013enohospod\u00e1rskych aplik\u00e1ci\u00e1ch. Jeho kon\u0161trukcia zais\u0165uje odolnos\u0165 a spo\u013eahlivos\u0165, v\u010faka \u010domu je d\u00f4le\u017eitou s\u00fa\u010das\u0165ou ka\u017ed\u00e9ho hydraulick\u00e9ho syst\u00e9mu pou\u017e\u00edvan\u00e9ho pre \u0165a\u017ek\u00e9 oper\u00e1cie.<\/p>\n<p><img decoding=\"async\" src=\"https:\/\/www.hydraulic-cylinders.net\/wp-content\/uploads\/2025\/04\/songte-company-1.webp\" alt=\"Obr\u00e1zok valca v\u00fdlo\u017en\u00edka\"><\/p>\n<h3>K\u013e\u00fa\u010dov\u00e9 vlastnosti valca v\u00fdlo\u017en\u00edka<\/h3>\n<ul>\n<li><strong>Vysok\u00e1 pevnos\u0165 a odolnos\u0165:<\/strong> Valec v\u00fdlo\u017en\u00edka je vyroben\u00fd z vysokopevnostnej ocele alebo hlin\u00edka a je navrhnut\u00fd tak, aby odolal vysok\u00e9mu tlaku a \u0165a\u017ek\u00fdm za\u0165a\u017eeniam a z\u00e1rove\u0148 sa prisp\u00f4sobil n\u00e1ro\u010dn\u00fdm pracovn\u00fdm podmienkam.<\/li>\n<li><strong>Efekt\u00edvna hydraulick\u00e1 prev\u00e1dzka:<\/strong> Valec vyu\u017e\u00edva hydraulick\u00fd tlak oleja pre plynul\u00e9 vys\u00favanie a zas\u00favanie, \u010do umo\u017e\u0148uje r\u00fdchlu reakciu na ovl\u00e1dacie povely a poskytuje siln\u00e9 tla\u010dn\u00e9 a \u0165ahov\u00e9 sily vhodn\u00e9 na zvl\u00e1dnutie \u0165a\u017ek\u00fdch a zlo\u017eit\u00fdch \u00faloh.<\/li>\n<li><strong>R\u00f4zne typy:<\/strong> Valec v\u00fdlo\u017en\u00edka, ktor\u00fd je k dispoz\u00edcii v jedno\u010dinnom (hydraulick\u00fd pohon v jednom smere) a dvoj\u010dinnom (hydraulick\u00fd pohon v oboch smeroch), sp\u013a\u0148a r\u00f4zne prev\u00e1dzkov\u00e9 potreby. Niektor\u00e9 modely maj\u00fa teleskopick\u00fa kon\u0161trukciu, ktor\u00e1 umo\u017e\u0148uje v\u00e4\u010d\u0161ie vysunutie bez zv\u00e4\u010d\u0161enia vonkaj\u0161\u00edch rozmerov, \u010do je ide\u00e1lne pre aplik\u00e1cie s obmedzen\u00fdm priestorom.<\/li>\n<li><strong>Z\u00e1kazkov\u00e1 v\u00fdroba:<\/strong> Na\u0161a spolo\u010dnos\u0165 sa \u0161pecializuje na v\u00fdrobu tohto produktu a pon\u00faka perfektn\u00e9 n\u00e1hrady za r\u00f4zne hydraulick\u00e9 valce.<\/li>\n<li><strong>Zabezpe\u010denie kvality:<\/strong> Ka\u017ed\u00fd valec je vyroben\u00fd za pr\u00edsnych kontrol kvality, aby sa zabezpe\u010dil optim\u00e1lny v\u00fdkon a dlh\u00e1 \u017eivotnos\u0165.<\/li>\n<\/ul>\n<p><img decoding=\"async\" src=\"https:\/\/www.hydraulic-cylinders.net\/wp-content\/uploads\/2025\/04\/songte-cylinder-head-with-all-kinds-excavator-models.webp\" alt=\"Obr\u00e1zok modelov bagrov\"><\/p>\n<h2>Aplik\u00e1cie valca v\u00fdlo\u017en\u00edka<\/h2>\n<h3>Stavebn\u00e9 stroje<\/h3>\n<p>V r\u00fdpadl\u00e1ch s\u00fa valce v\u00fdlo\u017en\u00edka nevyhnutn\u00e9 na kopanie, nakladanie a premiest\u0148ovanie zeminy alebo sutiny. Hydraulick\u00fd tlak umo\u017e\u0148uje presn\u00e9 ovl\u00e1danie pohybu v\u00fdlo\u017en\u00edka, \u010do je k\u013e\u00fa\u010dov\u00e9 pre efekt\u00edvne v\u00fdkopov\u00e9 pr\u00e1ce. V r\u00fdpadlo-naklada\u010doch valec ly\u017eice pom\u00e1ha pri kopan\u00ed aj zdv\u00edhan\u00ed, \u010d\u00edm zvy\u0161uje v\u0161estrannos\u0165 stroja pri r\u00f4znych stavebn\u00fdch \u00faloh\u00e1ch.<\/p>\n<h3>Po\u013enohospod\u00e1rske stroje<\/h3>\n<p>V \u010deln\u00fdch naklada\u010doch sa valce v\u00fdlo\u017en\u00edka pou\u017e\u00edvaj\u00fa na naberanie, zdv\u00edhanie a prepravu p\u00f4dy, sena a in\u00fdch materi\u00e1lov. Ich robustn\u00e1 kon\u0161trukcia umo\u017e\u0148uje po\u013enohospod\u00e1rom efekt\u00edvne zvl\u00e1da\u0165 r\u00f4zne po\u013enohospod\u00e1rske \u00falohy, ako je orba a nakladanie, ktor\u00e9 s\u00fa nevyhnutn\u00e9 pre modern\u00e9 po\u013enohospod\u00e1rske oper\u00e1cie.<\/p>\n<h3>R\u00fdpadl\u00e1<\/h3>\n<p>Valec ly\u017eice umo\u017e\u0148uje r\u00fdpadlu efekt\u00edvne prenika\u0165 do p\u00f4dy, \u010do umo\u017e\u0148uje efekt\u00edvne kopanie. T\u00e1to schopnos\u0165 je k\u013e\u00fa\u010dov\u00e1 pri rozsiahlych v\u00fdkopov\u00fdch projektoch, kde je potrebn\u00e1 presnos\u0165 a v\u00fdkon na preniknutie cez n\u00e1ro\u010dn\u00e9 ter\u00e9nne podmienky.<\/p>\n<h3>Naklada\u010de<\/h3>\n<p>V \u010deln\u00fdch naklada\u010doch prispieva valec v\u00fdlo\u017en\u00edka k efekt\u00edvnemu zdv\u00edhaniu a vykladaniu bremien. Poskytovan\u00edm potrebnej hydraulickej sily umo\u017e\u0148uje obsluhe \u013eahko manipulova\u0165 s \u0165a\u017ek\u00fdmi materi\u00e1lmi, \u010d\u00edm zais\u0165uje produktivitu pri nakladan\u00ed a vykladan\u00ed.<\/p>\n<h2>\u00davahy o dizajne a krit\u00e9ri\u00e1 v\u00fdberu<\/h2>\n<h3>Nosnos\u0165<\/h3>\n<p>Jedn\u00fdm z hlavn\u00fdch kon\u0161truk\u010dn\u00fdch aspektov valca ramena je jeho nosnos\u0165. T\u00e1to metrika ur\u010duje maxim\u00e1lnu hmotnos\u0165, ktor\u00fa valec dok\u00e1\u017ee zvl\u00e1dnu\u0165 bez ohrozenia jeho \u0161truktur\u00e1lnej integrity. In\u017einieri musia presne pos\u00fadi\u0165 o\u010dak\u00e1van\u00e9 podmienky za\u0165a\u017eenia, aby sa zabezpe\u010dilo, \u017ee valec je navrhnut\u00fd s vhodnou bezpe\u010dnostnou rezervou, \u010d\u00edm sa pred\u00edde poruch\u00e1m po\u010das prev\u00e1dzky. Nosnos\u0165 ovplyv\u0148uje aj v\u00fdber materi\u00e1lov a rozmerov vo v\u00fdrobnom procese. Spr\u00e1vne v\u00fdpo\u010dty pom\u00e1haj\u00fa predch\u00e1dza\u0165 nadmern\u00e9mu opotrebovaniu, \u010do v kone\u010dnom d\u00f4sledku predl\u017euje \u017eivotnos\u0165 valca.<\/p>\n<h3>Integrita tesnenia<\/h3>\n<p>Integrita tesnenia je nevyhnutn\u00e1 pre udr\u017eanie v\u00fdkonu hydraulick\u00fdch valcov. \u00da\u010dinn\u00e9 tesnenie zabra\u0148uje \u00faniku hydraulickej kvapaliny, \u010do m\u00f4\u017ee vies\u0165 k zn\u00ed\u017eeniu \u00fa\u010dinnosti a potenci\u00e1lnym poruch\u00e1m syst\u00e9mu. Vysokokvalitn\u00e9 tesnenia, ako s\u00fa piestne tesnenia a tesnenia ty\u010d\u00ed, by mali by\u0165 vyroben\u00e9 z odoln\u00fdch materi\u00e1lov, ako je polyuret\u00e1n a nitrilov\u00e1 guma, aby odolali opotrebovaniu a environment\u00e1lnym faktorom. Pravideln\u00e9 kontroly \u00fadr\u017eby musia zah\u0155\u0148a\u0165 kontrolu tesnen\u00ed, preto\u017ee po\u0161koden\u00e9 tesnenie m\u00f4\u017ee vies\u0165 ku katastrof\u00e1lnym hydraulick\u00fdm poruch\u00e1m a n\u00e1kladn\u00fdm prestojom. V\u00fdber spr\u00e1vnych tesnen\u00ed pre prev\u00e1dzkov\u00e9 podmienky valca zais\u0165uje dlh\u0161iu \u017eivotnos\u0165 a spo\u013eahlivos\u0165.<\/p>\n<h3>Trvanlivos\u0165<\/h3>\n<p>Trvanlivos\u0165 je pre valce ramena nevyhnutn\u00e1 vzh\u013eadom na n\u00e1ro\u010dn\u00e9 prostredie, v ktorom \u010dasto pracuj\u00fa. Pou\u017eit\u00e9 materi\u00e1ly, ako je vysokopevnostn\u00e1 oce\u013e a kor\u00f3ziivzdorn\u00e9 povlaky, zohr\u00e1vaj\u00fa v\u00fdznamn\u00fa \u00falohu pri zabezpe\u010dovan\u00ed toho, aby valec odolal n\u00e1ro\u010dn\u00fdm podmienkam a opotrebovaniu v priebehu \u010dasu. V\u00fdrobcovia musia zv\u00e1\u017ei\u0165 vonkaj\u0161ie faktory, ktor\u00fdm bude valec \u010deli\u0165, vr\u00e1tane kol\u00edsania teploty, vlhkosti a chemick\u00e9ho vystavenia. Dobre navrhnut\u00fd valec nielen sp\u013a\u0148a v\u00fdkonnostn\u00e9 normy, ale zais\u0165uje aj dlh\u00fa \u017eivotnos\u0165, zni\u017euje frekvenciu v\u00fdmen a opr\u00e1v, \u010do prispieva k celkovej n\u00e1kladovej efekt\u00edvnosti.<\/p>\n<h3>Bezpe\u010dnostn\u00e9 prvky<\/h3>\n<p>Bezpe\u010dnos\u0165 je pri n\u00e1vrhu valcov ramena prvorad\u00e1. Funkcie, ako s\u00fa pretlakov\u00e9 ventily, bezpe\u010dnostn\u00e9 z\u00e1mky a robustn\u00e1 kon\u0161trukcia, pom\u00e1haj\u00fa predch\u00e1dza\u0165 nehod\u00e1m po\u010das prev\u00e1dzky. Hydraulick\u00e9 syst\u00e9my m\u00f4\u017eu by\u0165 nebezpe\u010dn\u00e9, ak nie s\u00fa spr\u00e1vne riaden\u00e9, preto je nevyhnutn\u00e9 za\u010dleni\u0165 bezpe\u010dnostn\u00e9 mechanizmy. Pravideln\u00e9 testovanie a dodr\u017eiavanie bezpe\u010dnostn\u00fdch noriem zabezpe\u010duj\u00fa, \u017ee valce ramena funguj\u00fa spr\u00e1vne a bezpe\u010dne v prev\u00e1dzkovom prostred\u00ed. \u0160kolenie oper\u00e1torov o bezpe\u010dnom pou\u017e\u00edvan\u00ed t\u00fdchto valcov je rovnako d\u00f4le\u017eit\u00e9, aby sa minimalizovali rizik\u00e1 spojen\u00e9 s hydraulick\u00fdm zariaden\u00edm.<\/p>\n<h3>\u00dadr\u017eba a opravite\u013enos\u0165<\/h3>\n<p>Navrhovanie s oh\u013eadom na \u00fadr\u017ebu a opravite\u013enos\u0165 zabezpe\u010duje, \u017ee valce ramena je mo\u017en\u00e9 v pr\u00edpade potreby \u013eahko servisova\u0165. Komponenty by mali by\u0165 navrhnut\u00e9 pre jednoduch\u00fa demont\u00e1\u017e a op\u00e4tovn\u00fa mont\u00e1\u017e, \u010do umo\u017e\u0148uje r\u00fdchle opravy a minimalizuje prestoje stroja. Pr\u00edstupov\u00e9 body by mali by\u0165 strategicky umiestnen\u00e9, aby sa u\u013eah\u010dili kontroly a v\u00fdmeny po\u010das \u00fadr\u017eby. Implement\u00e1cia dizajnu s oh\u013eadom na \u00fadr\u017ebu nielen\u017ee zvy\u0161uje \u017eivotnos\u0165 valca, ale prispieva aj k celkovej \u00fa\u010dinnosti strojov, preto\u017ee dobre udr\u017eiavan\u00e9 syst\u00e9my funguj\u00fa lep\u0161ie a je menej pravdepodobn\u00e9, \u017ee sa u nich vyskytn\u00fa neo\u010dak\u00e1van\u00e9 poruchy.<\/p>\n<p><img decoding=\"async\" src=\"https:\/\/www.hydraulic-cylinders.net\/wp-content\/uploads\/2025\/04\/songte-oil-pipes-and-spare-parts.webp\" alt=\"Obr\u00e1zok hydraulick\u00fdch dielov\"><\/p>\n<h2>Tesnenie a mazanie<\/h2>\n<p>\u00da\u010dinn\u00e9 tesnenie a mazanie s\u00fa rozhoduj\u00face pre dlh\u00fa \u017eivotnos\u0165 a v\u00fdkon hydraulick\u00fdch valcov. Na zabr\u00e1nenie \u00faniku hydraulickej kvapaliny s\u00fa potrebn\u00e9 r\u00f4zne tesniace komponenty vr\u00e1tane tesnen\u00ed piestov a tesnen\u00ed ty\u010d\u00ed. Tesnenia by mali by\u0165 vyroben\u00e9 z materi\u00e1lov odoln\u00fdch vo\u010di opotrebovaniu, ako je polyuret\u00e1n a nitrilov\u00e1 guma, aby sa zv\u00fd\u0161ila odolnos\u0165. Okrem toho s\u00fa teleso valca a z\u00e1vitov\u00e9 konce presne opracovan\u00e9, aby sa zlep\u0161ila odolnos\u0165 vo\u010di opotrebovaniu a tesniaci v\u00fdkon.<\/p>\n<p>Pravideln\u00e9 mazanie hydraulick\u00fdm olejom je nevyhnutn\u00e9 pre zabezpe\u010denie hladkej prev\u00e1dzky. Obsluha by mala pravidelne kontrolova\u0165 hladinu oleja a dop\u013a\u0148a\u0165 pr\u00edslu\u0161n\u00e9 mno\u017estvo hydraulickej kvapaliny, aby sa udr\u017ealo optim\u00e1lne mazanie. Spr\u00e1vne mazanie zni\u017euje trenie, \u010d\u00edm zabra\u0148uje pred\u010dasn\u00e9mu opotrebovaniu vn\u00fatorn\u00fdch komponentov a zabezpe\u010duje efekt\u00edvnu prev\u00e1dzku hydraulick\u00e9ho syst\u00e9mu.<\/p>\n<h2>Strat\u00e9gie pravidelnej kontroly a prevent\u00edvnej \u00fadr\u017eby<\/h2>\n<ul>\n<li><strong>Pravideln\u00e9 kontroly:<\/strong> Vykon\u00e1vanie pravideln\u00fdch kontrol valca ramena pom\u00e1ha identifikova\u0165 potenci\u00e1lne probl\u00e9my sk\u00f4r, ako sa vyhrotia. Obsluha by mala pravidelne kontrolova\u0165 netesnosti, opotrebovanie a po\u0161kodenie a zabezpe\u010di\u0165, aby v\u0161etky komponenty boli v dobrom prev\u00e1dzkovom stave.<\/li>\n<li><strong>Pl\u00e1n mazania:<\/strong> Stanovenie pl\u00e1nu mazania je nevyhnutn\u00e9 pre udr\u017eanie v\u00fdkonu valca. Pravideln\u00e9 dop\u013a\u0148anie hydraulick\u00e9ho oleja pod\u013ea potreby minimalizuje trenie a opotrebovanie, \u010d\u00edm sa pred\u013a\u017ei \u017eivotnos\u0165 valca.<\/li>\n<li><strong>V\u00fdmena tesnenia:<\/strong> Tesnenia by sa mali pravidelne vymie\u0148a\u0165, aby sa predi\u0161lo \u00fanikom a udr\u017eala sa \u00fa\u010dinnos\u0165 syst\u00e9mu. Obsluha by mala by\u0165 vy\u0161kolen\u00e1 v rozpoznan\u00ed pr\u00edznakov opotrebenia tesnen\u00ed a pochopen\u00ed procesu v\u00fdmeny, aby sa zabezpe\u010dilo v\u010dasn\u00e9 prijatie opatren\u00ed na predch\u00e1dzanie poruch\u00e1m.<\/li>\n<\/ul>\n<h2>Pokyny na in\u0161tal\u00e1ciu<\/h2>\n<p>Spr\u00e1vna in\u0161tal\u00e1cia valca ramena je nevyhnutn\u00e1 pre optim\u00e1lny v\u00fdkon a dlh\u00fa \u017eivotnos\u0165. Pred in\u0161tal\u00e1ciou sa najsk\u00f4r uistite, \u017ee v\u0161etky komponenty s\u00fa \u010dist\u00e9 a bez ne\u010dist\u00f4t. Valec spr\u00e1vne zarovnajte s mont\u00e1\u017enymi konzolami, aby ste predi\u0161li probl\u00e9mom s nespr\u00e1vnym zarovnan\u00edm, ktor\u00e9 m\u00f4\u017eu vies\u0165 k pred\u010dasn\u00e9mu opotrebovaniu alebo poruche. Pou\u017eitie vhodn\u00fdch mont\u00e1\u017enych podpier pom\u00e1ha udr\u017eiava\u0165 spr\u00e1vne zarovnanie po\u010das procesu in\u0161tal\u00e1cie.<\/p>\n<p>Po zarovnan\u00ed bezpe\u010dne utiahnite mont\u00e1\u017ene skrutky pod\u013ea \u0161pecifik\u00e1ci\u00ed v\u00fdrobcu. Po in\u0161tal\u00e1cii vykonajte tlakov\u00fa sk\u00fa\u0161ku syst\u00e9mu, aby ste sa uistili, \u017ee nedoch\u00e1dza k \u00fanikom a \u017ee valec funguje hladko. Pravidelne kontrolujte in\u0161tal\u00e1ciu, \u010di sa v priebehu \u010dasu nejav\u00ed zn\u00e1mka pohybu alebo uvo\u013enenia, a uistite sa, \u017ee valec po\u010das prev\u00e1dzky zostane bezpe\u010dne na svojom mieste.<\/p>\n<h2>\u00dalohy \u00fadr\u017eby<\/h2>\n<h3>Pravideln\u00e9 kontroly<\/h3>\n<p>Pravideln\u00e9 kontroly s\u00fa nevyhnutn\u00e9 pre dlh\u00fa \u017eivotnos\u0165 valca ramena. Obsluha by mala by\u0165 vy\u0161kolen\u00e1 v kontrole ak\u00fdchko\u013evek zn\u00e1mok opotrebovania, netesnost\u00ed alebo po\u0161kodenia. V\u010dasn\u00e9 odhalenie probl\u00e9mov m\u00f4\u017ee zabr\u00e1ni\u0165 n\u00e1kladn\u00fdm oprav\u00e1m a prestojom. Kontrola hydraulick\u00fdch had\u00edc a spojov je tie\u017e d\u00f4le\u017eit\u00e1 na zabezpe\u010denie spr\u00e1vneho fungovania syst\u00e9mu.<\/p>\n<h3>Spr\u00e1vne mazanie<\/h3>\n<p>Mazanie je k\u013e\u00fa\u010dov\u00e9 pre \u00fa\u010dinnos\u0165 hydraulick\u00e9ho syst\u00e9mu. Obsluha by mala udr\u017eiava\u0165 primeran\u00fa hladinu hydraulick\u00e9ho oleja v syst\u00e9me a pod\u013ea potreby ho dop\u013a\u0148a\u0165. Pravideln\u00e9 mazanie zni\u017euje trenie medzi pohybliv\u00fdmi \u010das\u0165ami, \u010d\u00edm predl\u017euje \u017eivotnos\u0165 valca a zlep\u0161uje celkov\u00fd v\u00fdkon. Je d\u00f4le\u017eit\u00e9 dodr\u017eiava\u0165 pokyny v\u00fdrobcu t\u00fdkaj\u00face sa typu a frekvencie mazania.<\/p>\n<h3>V\u00fdmena tesnenia<\/h3>\n<p>V\u00fdmena tesnenia je kritick\u00e1 \u00faloha \u00fadr\u017eby, ktor\u00fa by ste nemali prehliada\u0165. Po\u0161koden\u00e9 alebo opotrebovan\u00e9 tesnenia m\u00f4\u017eu vies\u0165 k \u00fanikom hydraulickej kvapaliny, \u010do ohrozuje \u00fa\u010dinnos\u0165 syst\u00e9mu. Obsluha by mala by\u0165 vy\u0161kolen\u00e1 na identifik\u00e1ciu probl\u00e9mov s tesnen\u00edm a vykon\u00e1vanie v\u010dasn\u00fdch v\u00fdmen. Pravideln\u00e1 pl\u00e1novan\u00e1 \u00fadr\u017eba by mala zah\u0155\u0148a\u0165 kontrolu tesnen\u00ed, aby sa zabezpe\u010dilo, \u017ee s\u00fa v dobrom stave.<\/p>\n<p><img decoding=\"async\" src=\"https:\/\/www.hydraulic-cylinders.net\/wp-content\/uploads\/2025\/04\/songte-chushion-collar.webp\" alt=\"Obr\u00e1zok vank\u00fa\u0161ov\u00e9ho goliera\"><\/p>\n<h2>Bezpe\u010dnostn\u00e9 aspekty a faktory prostredia<\/h2>\n<p>Pri obsluhe hydraulick\u00fdch syst\u00e9mov s\u00fa bezpe\u010dnostn\u00e9 opatrenia prvorad\u00e9. Obsluha si mus\u00ed by\u0165 vedom\u00e1 potenci\u00e1lnych riz\u00edk spojen\u00fdch s hydraulick\u00fdm zariaden\u00edm vr\u00e1tane nebezpe\u010denstiev vysokotlakov\u00fdch syst\u00e9mov. Spr\u00e1vne \u0161kolenie a dodr\u017eiavanie bezpe\u010dnostn\u00fdch protokolov s\u00fa nevyhnutn\u00e9 na minimaliz\u00e1ciu neh\u00f4d. Pri n\u00e1vrhu a \u00fadr\u017ebe hydraulick\u00fdch valcov by sa mali zoh\u013eadni\u0165 aj faktory prostredia, ako je vystavenie nepriazniv\u00fdm poveternostn\u00fdm podmienkam a chemik\u00e1li\u00e1m. Implement\u00e1cia ochrann\u00fdch opatren\u00ed, ako s\u00fa napr\u00edklad n\u00e1tery odoln\u00e9 vo\u010di kor\u00f3zii, m\u00f4\u017ee zv\u00fd\u0161i\u0165 odolnos\u0165 a bezpe\u010dnos\u0165 valca.<\/p>\n<h2>Diagnostika por\u00fach a be\u017en\u00e9 probl\u00e9my<\/h2>\n<ul>\n<li><strong>Hydraulick\u00e9 \u00faniky:<\/strong> \u00daniky s\u00fa be\u017en\u00fdm probl\u00e9mom v hydraulick\u00fdch syst\u00e9moch a m\u00f4\u017eu by\u0165 sp\u00f4soben\u00e9 opotrebovan\u00fdmi tesneniami alebo po\u0161koden\u00fdmi hadicami. Pravideln\u00e9 kontroly a v\u010dasn\u00e1 v\u00fdmena tesnen\u00ed s\u00fa k\u013e\u00fa\u010dov\u00e9 pre zabr\u00e1nenie eskal\u00e1cii \u00fanikov.<\/li>\n<li><strong>Strata energie:<\/strong> Ak d\u00f4jde k strate v\u00fdkonu valca ramena, m\u00f4\u017ee to znamena\u0165 n\u00edzku hladinu hydraulickej kvapaliny alebo poruchu \u010derpadla. Obsluha by mala kontrolova\u0165 hladiny kvapal\u00edn a monitorova\u0165 v\u00fdkon \u010derpadla, aby mohla v\u010das rie\u0161i\u0165 ak\u00e9ko\u013evek probl\u00e9my.<\/li>\n<li><strong>Nezvy\u010dajn\u00e9 zvuky:<\/strong> Nezvy\u010dajn\u00e9 zvuky po\u010das prev\u00e1dzky m\u00f4\u017eu signalizova\u0165 vn\u00fatorn\u00e9 opotrebovanie alebo po\u0161kodenie. Presk\u00famanie zdroja hluku a vykonanie kontrol \u00fadr\u017eby m\u00f4\u017ee pom\u00f4c\u0165 identifikova\u0165 a vyrie\u0161i\u0165 probl\u00e9m.<\/li>\n<\/ul>\n<h2>Tipy na rie\u0161enie probl\u00e9mov<\/h2>\n<p>Pre efekt\u00edvne rie\u0161enie probl\u00e9mov by oper\u00e1tori mali dodr\u017eiava\u0165 systematick\u00fd pr\u00edstup k identifik\u00e1cii a rie\u0161eniu probl\u00e9mov. Za\u010dnite d\u00f4kladnou kontrolou hydraulick\u00e9ho syst\u00e9mu, skontrolujte netesnosti, n\u00edzku hladinu kvapal\u00edn a po\u0161koden\u00e9 komponenty. V\u010dasn\u00e9 rie\u0161enie t\u00fdchto probl\u00e9mov m\u00f4\u017ee pred\u00eds\u0165 \u010fal\u0161\u00edm komplik\u00e1ci\u00e1m.<\/p>\n<p>Pravideln\u00e9 kontroly \u00fadr\u017eby s\u00fa nevyhnutn\u00e9 na minimaliz\u00e1ciu potenci\u00e1lnych probl\u00e9mov. Obsluha by sa mala obozn\u00e1mi\u0165 s be\u017en\u00fdmi pr\u00edznakmi hydraulick\u00fdch probl\u00e9mov a mala by by\u0165 pripraven\u00e1 vykon\u00e1va\u0165 be\u017en\u00e9 kontroly a opravy pod\u013ea potreby. Prevent\u00edvne opatrenia, ako je v\u010dasn\u00e1 v\u00fdmena tesnen\u00ed a spr\u00e1vne mazanie, m\u00f4\u017eu v\u00fdrazne zn\u00ed\u017ei\u0165 pravdepodobnos\u0165 vzniku probl\u00e9mov v hydraulickom syst\u00e9me.<\/p>\n<p><img decoding=\"async\" src=\"https:\/\/www.hydraulic-cylinders.net\/wp-content\/uploads\/2025\/04\/songte-bushings-with-all-kinds-of-excavator-models.webp\" alt=\"Obr\u00e1zok puzdier\"><\/p>\n<h2>Preh\u013ead spolo\u010dnosti<\/h2>\n<p>Sme v\u00fdrobca \u0161pecializuj\u00faci sa na n\u00e1hradn\u00e9 hydraulick\u00e9 valce a pon\u00fakame komplexn\u00fd sortiment produktov, v\u010faka ktor\u00fdm sme jedn\u00fdm z popredn\u00fdch v\u00fdrobcov a ve\u013ekoobchodn\u00edkov na dom\u00e1com aj medzin\u00e1rodnom trhu. Dodr\u017eiavame d\u00f4raz na vynikaj\u00facu kvalitu a spoliehame sa na prepracovan\u00fa strat\u00e9giu riadenia v\u00fdroby, ktor\u00e1 zah\u0155\u0148a modern\u00e9 v\u00fdrobn\u00e9 zariadenia a profesion\u00e1lne detek\u010dn\u00e9 syst\u00e9my. Na\u0161e zameranie na neust\u00e1le zlep\u0161ovanie zvy\u0161uje na\u0161e v\u00fdrobn\u00e9 kapacity a zabezpe\u010duje, \u017ee sp\u013a\u0148ame rozmanit\u00e9 po\u017eiadavky z\u00e1kazn\u00edkov s vysokou efektivitou, presnos\u0165ou a kvalitou.<\/p>\n<h3>Profesionalita<\/h3>\n<p>N\u00e1\u0161 t\u00edm pozost\u00e1va zo sk\u00fasen\u00fdch odborn\u00edkov, ktor\u00ed sa venuj\u00fa poskytovaniu vysokokvalitn\u00fdch hydraulick\u00fdch rie\u0161en\u00ed. V na\u0161ich v\u00fdrobn\u00fdch procesoch dodr\u017eiavame pr\u00edsne \u0161tandardy, \u010d\u00edm zabezpe\u010dujeme, aby na\u0161e produkty sp\u013a\u0148ali najvy\u0161\u0161ie \u0161tandardy v odvetv\u00ed.<\/p>\n<h3>Medzin\u00e1rodn\u00e9 certifik\u00e1cie<\/h3>\n<p>Na\u0161e produkty s\u00fa certifikovan\u00e9 pod\u013ea r\u00f4znych medzin\u00e1rodn\u00fdch noriem, \u010do odr\u00e1\u017ea n\u00e1\u0161 z\u00e1v\u00e4zok ku kvalite a bezpe\u010dnosti. T\u00e1to certifik\u00e1cia zaru\u010duje na\u0161im klientom, \u017ee dost\u00e1vaj\u00fa spo\u013eahliv\u00e9 a vyhovuj\u00face hydraulick\u00e9 rie\u0161enia.<\/p>\n<h3>Z\u00e1kazn\u00edcke slu\u017eby<\/h3>\n<p>Pon\u00fakame z\u00e1kazkov\u00fa v\u00fdrobu, ktor\u00e1 sp\u013a\u0148a \u0161pecifick\u00e9 potreby klientov. Na\u0161a flexibilita vo v\u00fdrobe n\u00e1m umo\u017e\u0148uje vyhovie\u0165 jedine\u010dn\u00fdm po\u017eiadavk\u00e1m a z\u00e1rove\u0148 zachova\u0165 kvalitu a efekt\u00edvnos\u0165.<\/p>\n<h3>Pokro\u010dil\u00e9 v\u00fdrobn\u00e9 zariadenia<\/h3>\n<p>Na\u0161e najmodernej\u0161ie v\u00fdrobn\u00e9 zariadenia s\u00fa vybaven\u00e9 najmodernej\u0161ou technol\u00f3giou, ktor\u00e1 zabezpe\u010duje presnos\u0165 a kvalitu ka\u017ed\u00e9ho produktu, ktor\u00fd vyr\u00e1bame. Neust\u00e1le investujeme do nov\u00fdch zariaden\u00ed, aby sme zlep\u0161ili na\u0161e v\u00fdrobn\u00e9 kapacity.<\/p>\n<h3>Popredajn\u00e1 podpora<\/h3>\n<p>Na\u0161im klientom poskytujeme komplexn\u00fa popredajn\u00fa podporu a zabezpe\u010dujeme, aby po zak\u00fapen\u00ed dostali potrebn\u00fa pomoc. N\u00e1\u0161 t\u00edm z\u00e1kazn\u00edckej podpory je k dispoz\u00edcii, aby zodpovedal ak\u00e9ko\u013evek ot\u00e1zky a poskytol technick\u00fa podporu.<\/p>\n<p><img decoding=\"async\" src=\"https:\/\/www.hydraulic-cylinders.net\/wp-content\/uploads\/2025\/04\/songte-company-4.webp\" alt=\"Obr\u00e1zok spolo\u010dnosti 1\"><br \/>\n<img decoding=\"async\" src=\"https:\/\/www.hydraulic-cylinders.net\/wp-content\/uploads\/2025\/04\/songte-company-3.webp\" alt=\"Obr\u00e1zok spolo\u010dnosti 2\"><\/p>\n<p>Autor: lyl<\/p>","protected":false},"excerpt":{"rendered":"<p>Boom Cylinder For KYM KY60A Overview of Boom Cylinder The Boom Cylinder is a crucial component in hydraulic systems, specifically designed to control the movement of the bucket in heavy machinery such as excavators, backhoe loaders, and front loaders. This hydraulic cylinder allows the bucket to lift, lower, and tilt, facilitating efficient material handling tasks. [&hellip;]<\/p>","protected":false},"featured_media":17868,"comment_status":"open","ping_status":"closed","template":"","meta":{"_et_pb_use_builder":"","_et_pb_old_content":"","_et_gb_content_width":""},"product_brand":[],"product_cat":[1546],"product_tag":[1547,1496],"class_list":{"0":"post-19530","1":"product","2":"type-product","3":"status-publish","4":"has-post-thumbnail","6":"product_cat-boom-cylinders","7":"product_tag-boom-cylinders","8":"product_tag-hydraulic-cylinders","10":"first","11":"instock","12":"shipping-taxable","13":"product-type-simple"},"amp_enabled":true,"_links":{"self":[{"href":"https:\/\/www.hydraulic-cylinders.net\/sk\/wp-json\/wp\/v2\/product\/19530","targetHints":{"allow":["GET"]}}],"collection":[{"href":"https:\/\/www.hydraulic-cylinders.net\/sk\/wp-json\/wp\/v2\/product"}],"about":[{"href":"https:\/\/www.hydraulic-cylinders.net\/sk\/wp-json\/wp\/v2\/types\/product"}],"replies":[{"embeddable":true,"href":"https:\/\/www.hydraulic-cylinders.net\/sk\/wp-json\/wp\/v2\/comments?post=19530"}],"wp:featuredmedia":[{"embeddable":true,"href":"https:\/\/www.hydraulic-cylinders.net\/sk\/wp-json\/wp\/v2\/media\/17868"}],"wp:attachment":[{"href":"https:\/\/www.hydraulic-cylinders.net\/sk\/wp-json\/wp\/v2\/media?parent=19530"}],"wp:term":[{"taxonomy":"product_brand","embeddable":true,"href":"https:\/\/www.hydraulic-cylinders.net\/sk\/wp-json\/wp\/v2\/product_brand?post=19530"},{"taxonomy":"product_cat","embeddable":true,"href":"https:\/\/www.hydraulic-cylinders.net\/sk\/wp-json\/wp\/v2\/product_cat?post=19530"},{"taxonomy":"product_tag","embeddable":true,"href":"https:\/\/www.hydraulic-cylinders.net\/sk\/wp-json\/wp\/v2\/product_tag?post=19530"}],"curies":[{"name":"pracovn\u00fd list","href":"https:\/\/api.w.org\/{rel}","templated":true}]}}