{"id":19533,"date":"2025-04-07T06:53:08","date_gmt":"2025-04-07T06:53:08","guid":{"rendered":"https:\/\/www.hydraulic-cylinders.net\/product\/boom-cylinder-for-kym-ky105a\/"},"modified":"2025-04-07T06:53:11","modified_gmt":"2025-04-07T06:53:11","slug":"boom-cylinder-for-kym-ky105a","status":"publish","type":"product","link":"https:\/\/www.hydraulic-cylinders.net\/sk\/produkt\/boom-cylinder-for-kym-ky105a\/","title":{"rendered":"Valec v\u00fdlo\u017en\u00edka pre KYM KY105A"},"content":{"rendered":"<h1>Valec v\u00fdlo\u017en\u00edka pre KYM KY105A<\/h1>\n<h2>Preh\u013ead produktu<\/h2>\n<p>Hydraulick\u00fd valec v\u00fdlo\u017en\u00edka pre KYM KY105A je d\u00f4le\u017eitou s\u00fa\u010das\u0165ou hydraulick\u00fdch syst\u00e9mov, \u0161peci\u00e1lne navrhnut\u00fd na ovl\u00e1danie pohybu ly\u017e\u00edc v \u0165a\u017ek\u00fdch strojoch, ako s\u00fa r\u00fdpadl\u00e1, r\u00fdpadlo-naklada\u010de a \u010deln\u00e9 naklada\u010de. Tento hydraulick\u00fd valec umo\u017e\u0148uje zdv\u00edhanie, sp\u00fa\u0161\u0165anie a nakl\u00e1\u0148anie ly\u017eice, \u010do u\u013eah\u010duje efekt\u00edvnu manipul\u00e1ciu s materi\u00e1lom. Hydraulick\u00fd valec v\u00fdlo\u017en\u00edka je typ hydraulick\u00e9ho valca, ktor\u00fd pracuje s pou\u017eit\u00edm tlakovej hydraulickej kvapaliny a premie\u0148a hydraulick\u00fa energiu na mechanick\u00fa energiu na vykon\u00e1vanie r\u00f4znych pohybov.<\/p>\n<p><img decoding=\"async\" src=\"https:\/\/www.hydraulic-cylinders.net\/wp-content\/uploads\/2025\/04\/songte-company-1.webp\" alt=\"Valec v\u00fdlo\u017en\u00edka\" \/><\/p>\n<h2>Vlastnosti valca v\u00fdlo\u017en\u00edka<\/h2>\n<ul>\n<li>\n<h3>Vysok\u00e1 pevnos\u0165 a odolnos\u0165<\/h3>\n<p>Valec v\u00fdlo\u017en\u00edka, zvy\u010dajne vyroben\u00fd z vysokopevnostnej ocele alebo hlin\u00edka, odol\u00e1 vysok\u00e9mu tlaku a \u0165a\u017ek\u00fdm za\u0165a\u017eeniam a je navrhnut\u00fd tak, aby sa prisp\u00f4sobil n\u00e1ro\u010dn\u00fdm pracovn\u00fdm podmienkam, \u010d\u00edm sa zlep\u0161uje odolnos\u0165 vo\u010di opotrebovaniu a kor\u00f3zii a pred\u013a\u017euje sa jeho \u017eivotnos\u0165.<\/li>\n<li>\n<h3>Efekt\u00edvna hydraulick\u00e1 prev\u00e1dzka<\/h3>\n<p>Valec vyu\u017e\u00edva tlak hydraulick\u00e9ho oleja na dosiahnutie plynul\u00e9ho vys\u00favania a zas\u00favania, r\u00fdchlo reaguje na ovl\u00e1dacie povely a poskytuje siln\u00fa tla\u010dn\u00fa a \u0165a\u017en\u00fa silu, v\u010faka \u010domu je vhodn\u00fd na manipul\u00e1ciu s \u0165a\u017ek\u00fdmi a zlo\u017eit\u00fdmi oper\u00e1ciami.<\/li>\n<li>\n<h3>R\u00f4zne typy<\/h3>\n<p>K dispoz\u00edcii s\u00fa jedno\u010dinn\u00e9 (prev\u00e1dzkov\u00e9 v jednom smere) a dvoj\u010dinn\u00e9 (prev\u00e1dzkov\u00e9 v oboch smeroch) konfigur\u00e1cie, niektor\u00e9 modely maj\u00fa teleskopick\u00e9 kon\u0161trukcie, ktor\u00e9 umo\u017e\u0148uj\u00fa v\u00e4\u010d\u0161ie vysunutie bez zv\u00e4\u010d\u0161enia vonkaj\u0161\u00edch rozmerov, \u010do je ide\u00e1lne pre aplik\u00e1cie s obmedzen\u00fdm priestorom.<\/li>\n<li>\n<h3>Z\u00e1kazkov\u00e1 v\u00fdroba<\/h3>\n<p>Na\u0161e produkty dok\u00e1\u017eu dokonale nahradi\u0165 r\u00f4zne hydraulick\u00e9 valce, \u010d\u00edm zabezpe\u010duj\u00fa kompatibilitu a v\u00fdkon.<\/li>\n<\/ul>\n<p><img decoding=\"async\" src=\"https:\/\/www.hydraulic-cylinders.net\/wp-content\/uploads\/2025\/04\/songte-cylinder-head-with-all-kinds-excavator-models.webp\" alt=\"Modely hydraulick\u00fdch valcov\" \/><\/p>\n<h2>Scen\u00e1re aplik\u00e1ci\u00ed<\/h2>\n<ul>\n<li>\n<h3>Stavebn\u00e9 stroje<\/h3>\n<p>V r\u00fdpadl\u00e1ch s\u00fa valce v\u00fdlo\u017en\u00edka nevyhnutn\u00e9 na kopanie, nakladanie a premiest\u0148ovanie zeminy alebo sutiny. U\u013eah\u010duj\u00fa kopanie t\u00fdm, \u017ee umo\u017e\u0148uj\u00fa ly\u017eici prenikn\u00fa\u0165 do zeme, v\u010faka \u010domu s\u00fa k\u013e\u00fa\u010dov\u00e9 pre stavebn\u00e9 \u00falohy. V r\u00fdpadlo-naklada\u010doch pom\u00e1ha valec v\u00fdlo\u017en\u00edka pri v\u00fdkopov\u00fdch aj zdv\u00edhac\u00edch oper\u00e1ci\u00e1ch, \u010d\u00edm zvy\u0161uje produktivitu.<\/h3>\n<\/li>\n<li>\n<h3>Po\u013enohospod\u00e1rske stroje<\/h3>\n<p>V \u010deln\u00fdch naklada\u010doch sa valce v\u00fdlo\u017en\u00edka pou\u017e\u00edvaj\u00fa na naberanie, zdv\u00edhanie a prepravu p\u00f4dy, sena a in\u00fdch materi\u00e1lov. Ich spo\u013eahliv\u00e1 prev\u00e1dzka zabezpe\u010duje efekt\u00edvny pohyb po\u013enohospod\u00e1rskych produktov, v\u010faka \u010domu s\u00fa v po\u013enohospod\u00e1rskych \u010dinnostiach nevyhnutn\u00e9.<\/h3>\n<\/li>\n<li>\n<h3>R\u00fdpadl\u00e1<\/h3>\n<p>Valec v\u00fdlo\u017en\u00edka umo\u017e\u0148uje ly\u017eici \u013eahk\u00e9 prenikanie do p\u00f4dy, \u010do u\u013eah\u010duje efekt\u00edvne kopanie. T\u00e1to schopnos\u0165 je nevyhnutn\u00e1 pre r\u00f4zne v\u00fdkopov\u00e9 projekty vr\u00e1tane \u00fapravy ter\u00e9nu, h\u013abenia v\u00fdkopov a pr\u00edpravy staveniska.<\/h3>\n<\/li>\n<li>\n<h3>Naklada\u010de<\/h3>\n<p>V \u010deln\u00fdch naklada\u010doch pom\u00e1haj\u00fa valce v\u00fdlo\u017en\u00edka efekt\u00edvne zdv\u00edha\u0165 a vyklada\u0165 bremen\u00e1, \u010do prispieva k plynul\u00e9mu chodu manipul\u00e1cie s materi\u00e1lom. Ich schopnos\u0165 ovl\u00e1da\u0165 pohyb ly\u017eice je k\u013e\u00fa\u010dov\u00e1 pri r\u00f4znych nakladac\u00edch \u00faloh\u00e1ch.<\/h3>\n<\/li>\n<\/ul>\n<h2>\u00davahy o dizajne a krit\u00e9ri\u00e1 v\u00fdberu<\/h2>\n<ul>\n<li>\n<h3>Nosnos\u0165<\/h3>\n<p>Valec v\u00fdlo\u017en\u00edka mus\u00ed by\u0165 navrhnut\u00fd tak, aby zvl\u00e1dol o\u010dak\u00e1van\u00e9 za\u0165a\u017eenie bez poruchy. Pos\u00fadenie hmotnosti a typu manipulovan\u00fdch materi\u00e1lov je k\u013e\u00fa\u010dov\u00e9 pri ur\u010dovan\u00ed vhodnej ve\u013ekosti a pevnosti valca. Vy\u0161\u0161ie nosnosti zabezpe\u010duj\u00fa, \u017ee zariadenie m\u00f4\u017ee fungova\u0165 v n\u00e1ro\u010dn\u00fdch podmienkach, \u010d\u00edm sa zvy\u0161uje bezpe\u010dnos\u0165 a spo\u013eahlivos\u0165.<\/h3>\n<\/li>\n<li>\n<h3>Tesniace vlastnosti<\/h3>\n<p>\u00da\u010dinn\u00e9 tesnenie je nevyhnutn\u00e9 na zabr\u00e1nenie \u00faniku hydraulickej kvapaliny, \u010do m\u00f4\u017ee vies\u0165 k zn\u00ed\u017eeniu \u00fa\u010dinnosti a mo\u017en\u00e9mu po\u0161kodeniu. V\u00fdber tesnen\u00ed, ako s\u00fa tesnenia piestov a tesnenia ty\u010d\u00ed, zohr\u00e1va v\u00fdznamn\u00fa \u00falohu pri udr\u017eiavan\u00ed hydraulick\u00e9ho tlaku a zabezpe\u010den\u00ed hladk\u00e9ho chodu.<\/h3>\n<\/li>\n<li>\n<h3>Trvanlivos\u0165<\/h3>\n<p>Trvanlivos\u0165 je kritick\u00fdm faktorom, preto\u017ee valce ramena s\u00fa vystaven\u00e9 n\u00e1ro\u010dn\u00fdm podmienkam. Materi\u00e1ly by mali by\u0165 odoln\u00e9 vo\u010di opotrebovaniu, kor\u00f3zii a \u00fanave, aby sa zabezpe\u010dil dlhodob\u00fd v\u00fdkon. Pravideln\u00e1 \u00fadr\u017eba m\u00f4\u017ee \u010falej zv\u00fd\u0161i\u0165 odolnos\u0165 a pred\u013a\u017ei\u0165 \u017eivotnos\u0165 valca.<\/h3>\n<\/li>\n<li>\n<h3>Bezpe\u010dnostn\u00e9 prvky<\/h3>\n<p>Za\u010dlenenie bezpe\u010dnostn\u00fdch prvkov, ako je ochrana proti pre\u0165a\u017eeniu a mechanizmy n\u00fadzov\u00e9ho zastavenia, je nevyhnutn\u00e9 na predch\u00e1dzanie nehod\u00e1m po\u010das prev\u00e1dzky. Zabezpe\u010denie toho, aby kon\u0161trukcia sp\u013a\u0148ala bezpe\u010dnostn\u00e9 normy, pom\u00e1ha chr\u00e1ni\u0165 obsluhu a zariadenia a podporuje bezpe\u010dnej\u0161ie pracovn\u00e9 prostredie.<\/h3>\n<\/li>\n<li>\n<h3>Jednoduch\u00e1 \u00fadr\u017eba<\/h3>\n<p>Dizajn, ktor\u00fd umo\u017e\u0148uje jednoduch\u00fd pr\u00edstup ku k\u013e\u00fa\u010dov\u00fdm komponentom, u\u013eah\u010duje pravideln\u00e9 kontroly a opravy. T\u00e1to \u00favaha m\u00f4\u017ee v\u00fdrazne zn\u00ed\u017ei\u0165 prestoje a prev\u00e1dzkov\u00e9 n\u00e1klady, preto\u017ee dobre udr\u017eiavan\u00e9 valce maj\u00fa tendenciu fungova\u0165 lep\u0161ie a vydr\u017ea\u0165 dlh\u0161ie.<\/h3>\n<\/li>\n<\/ul>\n<p><img decoding=\"async\" src=\"https:\/\/www.hydraulic-cylinders.net\/wp-content\/uploads\/2025\/04\/songte-oil-pipes-and-spare-parts.webp\" alt=\"Hydraulick\u00e9 diely\" \/><\/p>\n<h2>Tesnenie a mazanie<\/h2>\n<p>Pre zabezpe\u010denie optim\u00e1lneho v\u00fdkonu je nevyhnutn\u00e9 pou\u017eitie r\u00f4znych tesniacich komponentov vr\u00e1tane tesnen\u00ed piestov, tesnen\u00ed ty\u010d\u00ed a \u010fal\u0161\u00edch tesniacich prvkov. Tesnenia vyroben\u00e9 z odoln\u00fdch materi\u00e1lov, ako je polyuret\u00e1n a nitrilov\u00fd kau\u010duk, zvy\u0161uj\u00fa odolnos\u0165 proti opotrebovaniu a zni\u017euj\u00fa pravdepodobnos\u0165 \u00fanikov. Okrem toho by teleso valca a z\u00e1vitov\u00e9 konce mali by\u0165 prec\u00edzne o\u0161etren\u00e9, aby sa zlep\u0161ila odolnos\u0165 proti opotrebovaniu. Pravideln\u00e9 mazanie hydraulick\u00fdm olejom je nevyhnutn\u00e9 pre udr\u017eanie hladk\u00e9ho chodu, minimaliz\u00e1ciu trenia a opotrebovania pohybliv\u00fdch \u010dast\u00ed. Pl\u00e1novan\u00e9 intervaly mazania pom\u00e1haj\u00fa zabezpe\u010di\u0165 efekt\u00edvnu prev\u00e1dzku hydraulick\u00e9ho syst\u00e9mu a predl\u017euj\u00fa \u017eivotnos\u0165 valca v\u00fdlo\u017en\u00edka a s\u00favisiacich komponentov.<\/p>\n<h2>Pravideln\u00e1 kontrola a opatrenia prevent\u00edvnej \u00fadr\u017eby<\/h2>\n<ul>\n<li>\n<h3>Rutinn\u00e1 kontrola<\/h3>\n<p>Pravideln\u00e9 kontroly valca ramena s\u00fa nevyhnutn\u00e9 na v\u010dasn\u00e9 zistenie ak\u00fdchko\u013evek zn\u00e1mok opotrebovania, netesnost\u00ed alebo po\u0161kodenia. Kontrola tesnen\u00ed, had\u00edc a spojov pom\u00e1ha udr\u017eiava\u0165 optim\u00e1lny v\u00fdkon a predch\u00e1dza\u0165 neo\u010dak\u00e1van\u00fdm poruch\u00e1m.<\/h3>\n<\/li>\n<li>\n<h3>Vhodn\u00e9 mazanie<\/h3>\n<p>Zabezpe\u010denie v\u010dasn\u00e9ho a dostato\u010dn\u00e9ho mazania hydraulick\u00e9ho valca je nevyhnutn\u00e9 pre hladk\u00fd chod. Pou\u017e\u00edvanie spr\u00e1vneho typu hydraulick\u00e9ho oleja a udr\u017eiavanie vhodn\u00fdch hlad\u00edn oleja zabra\u0148uje prehriatiu a opotrebovaniu, \u010d\u00edm sa zabezpe\u010duje dlh\u00e1 \u017eivotnos\u0165 zariadenia.<\/h3>\n<\/li>\n<li>\n<h3>V\u00fdmena tesnenia<\/h3>\n<p>Pravideln\u00e1 kontrola a v\u00fdmena tesnen\u00ed je nevyhnutn\u00e1 pre udr\u017eanie hydraulick\u00e9ho tlaku a prevenciu \u00fanikov. Opotrebovan\u00e9 alebo po\u0161koden\u00e9 tesnenia by sa mali okam\u017eite vymeni\u0165, aby sa zabezpe\u010dila spo\u013eahlivos\u0165 hydraulick\u00e9ho syst\u00e9mu.<\/h3>\n<\/li>\n<\/ul>\n<h2>Pokyny na in\u0161tal\u00e1ciu<\/h2>\n<p>Spr\u00e1vna in\u0161tal\u00e1cia valca v\u00fdlo\u017en\u00edka je k\u013e\u00fa\u010dom k jeho v\u00fdkonu. Za\u010dnite t\u00fdm, \u017ee sa uist\u00edte, \u017ee mont\u00e1\u017ene povrchy s\u00fa \u010dist\u00e9 a bez ne\u010dist\u00f4t. Valec spr\u00e1vne zarovnajte, aby ste predi\u0161li nespr\u00e1vnemu zarovnaniu, ktor\u00e9 m\u00f4\u017ee vies\u0165 k pred\u010dasn\u00e9mu opotrebovaniu alebo poruche. Na upevnenie valca na mieste pou\u017eite vhodn\u00e9 mont\u00e1\u017ene konzoly a zabezpe\u010dte jeho stabilitu po\u010das prev\u00e1dzky. Po in\u0161tal\u00e1cii skontrolujte hydraulick\u00e9 pripojenia, \u010di nedoch\u00e1dza k \u00fanikom, a uistite sa, \u017ee hladiny hydraulickej kvapaliny s\u00fa dostato\u010dn\u00e9. Kalibrujte syst\u00e9m pod\u013ea \u0161pecifik\u00e1ci\u00ed v\u00fdrobcu, aby ste optimalizovali funk\u010dnos\u0165. Spr\u00e1vna in\u0161tal\u00e1cia v\u00fdznamne prispieva k \u00fa\u010dinnosti a \u017eivotnosti hydraulick\u00e9ho syst\u00e9mu.<\/p>\n<h2>Be\u017en\u00e9 \u00falohy \u00fadr\u017eby<\/h2>\n<ul>\n<li>\n<h3>Pravideln\u00e9 kontroly<\/h3>\n<p>Rutinn\u00e1 kontrola umo\u017e\u0148uje v\u010dasn\u00e9 odhalenie potenci\u00e1lnych probl\u00e9mov. Skontrolujte valec, \u010di nevykazuje zn\u00e1mky opotrebovania, netesnost\u00ed a celkov\u00fd stav, a uistite sa, \u017ee v\u0161etky potrebn\u00e9 opravy sa vykonaj\u00fa okam\u017eite, aby sa predi\u0161lo komplik\u00e1ci\u00e1m.<\/h3>\n<\/li>\n<li>\n<h3>Mazanie<\/h3>\n<p>Pravideln\u00e9 mazanie je nevyhnutn\u00e9 na zn\u00ed\u017eenie trenia a opotrebenia pohybliv\u00fdch \u010dast\u00ed. Uistite sa, \u017ee pou\u017eit\u00fd hydraulick\u00fd olej je odpor\u00fa\u010dan\u00e9ho typu a udr\u017eiavajte dostato\u010dn\u00fa hladinu oleja na podporu plynul\u00e9ho chodu.<\/h3>\n<\/li>\n<li>\n<h3>V\u00fdmena tesnenia a kontroly kalibr\u00e1cie<\/h3>\n<p>V\u00fdmena opotrebovan\u00fdch tesnen\u00ed ako s\u00fa\u010das\u0165 be\u017enej \u00fadr\u017eby zabezpe\u010duje, \u017ee hydraulick\u00fd syst\u00e9m zostane funk\u010dn\u00fd bez \u00fanikov. Pravideln\u00e9 kalibra\u010dn\u00e9 kontroly pom\u00e1haj\u00fa udr\u017eiava\u0165 presnos\u0165 v\u00fdkonu valcov a zabezpe\u010duj\u00fa, aby sp\u013a\u0148ali prev\u00e1dzkov\u00e9 po\u017eiadavky.<\/h3>\n<\/li>\n<\/ul>\n<p><img decoding=\"async\" src=\"https:\/\/www.hydraulic-cylinders.net\/wp-content\/uploads\/2025\/04\/songte-chushion-collar.webp\" alt=\"Vank\u00fa\u0161ov\u00fd golier\" \/><\/p>\n<h2>Bezpe\u010dnostn\u00e9 aspekty a faktory prostredia<\/h2>\n<p>Pri obsluhe hydraulick\u00fdch syst\u00e9mov s valcami v\u00fdlo\u017en\u00edka je implement\u00e1cia bezpe\u010dnostn\u00fdch opatren\u00ed prvorad\u00e1. Obsluha by mala by\u0165 vy\u0161kolen\u00e1 v rozpoznan\u00ed potenci\u00e1lnych nebezpe\u010denstiev a pou\u017e\u00edvan\u00ed osobn\u00fdch ochrann\u00fdch prostriedkov (OOP) po\u010das prev\u00e1dzky. Pravideln\u00e9 kontroly \u00fadr\u017eby pom\u00e1haj\u00fa identifikova\u0165 a rie\u0161i\u0165 probl\u00e9my s\u00favisiace s bezpe\u010dnos\u0165ou sk\u00f4r, ako sa vyhrotia, \u010d\u00edm sa podporuje bezpe\u010dnej\u0161ie pracovn\u00e9 prostredie. Okrem toho je spr\u00e1vna likvid\u00e1cia hydraulick\u00fdch kvapal\u00edn a komponentov nevyhnutn\u00e1 na minimaliz\u00e1ciu vplyvu na \u017eivotn\u00e9 prostredie, pri\u010dom sa musia dodr\u017eiava\u0165 miestne predpisy, aby sa zabezpe\u010dili zodpovedn\u00e9 postupy.<\/p>\n<h2>Rie\u0161enie be\u017en\u00fdch probl\u00e9mov<\/h2>\n<ul>\n<li>\n<h3>\u00danik<\/h3>\n<p>\u00daniky s\u00fa \u010dasto sp\u00f4soben\u00e9 opotrebovan\u00fdmi tesneniami alebo po\u0161koden\u00fdmi hadicami. Na vyrie\u0161enie tohto probl\u00e9mu skontrolujte tesnenia, \u010di nie s\u00fa opotrebovan\u00e9, a pod\u013ea potreby ich vyme\u0148te. Uistite sa, \u017ee hadice nie s\u00fa ohnut\u00e9 alebo po\u0161koden\u00e9, aby ste predi\u0161li \u00faniku kvapaliny.<\/h3>\n<\/li>\n<li>\n<h3>Nekonzistentn\u00fd v\u00fdkon<\/h3>\n<p>Ak sa valec ramena pohybuje nepravidelne, m\u00f4\u017ee to znamena\u0165 n\u00edzku hladinu hydraulickej kvapaliny alebo vzduch v syst\u00e9me. Skontrolujte hladiny kvapal\u00edn a v pr\u00edpade potreby syst\u00e9m odvzdu\u0161nite, aby ste obnovili konzistentn\u00fd v\u00fdkon.<\/h3>\n<\/li>\n<li>\n<h3>Prehriatie<\/h3>\n<p>Prehriatie m\u00f4\u017ee by\u0165 sp\u00f4soben\u00e9 nedostato\u010dn\u00fdm mazan\u00edm alebo nadmern\u00fdm za\u0165a\u017een\u00edm. Zabezpe\u010dte spr\u00e1vne mazanie a overte, \u010di valec nie je pre\u0165a\u017een\u00fd nad svoju kapacitu, aby ste predi\u0161li prehriatiu.<\/h3>\n<\/li>\n<\/ul>\n<p>V\u010dasn\u00e1 identifik\u00e1cia a rie\u0161enie t\u00fdchto be\u017en\u00fdch probl\u00e9mov m\u00f4\u017ee zabr\u00e1ni\u0165 \u010fal\u0161iemu po\u0161kodeniu a zabezpe\u010di\u0165 efekt\u00edvnu prev\u00e1dzku hydraulick\u00e9ho syst\u00e9mu. Implement\u00e1cia prevent\u00edvnych opatren\u00ed, ako je pravideln\u00e1 \u00fadr\u017eba a kontroly, je k\u013e\u00fa\u010dov\u00e1 pre minimaliz\u00e1ciu potenci\u00e1lnych probl\u00e9mov.<\/p>\n<p><img decoding=\"async\" src=\"https:\/\/www.hydraulic-cylinders.net\/wp-content\/uploads\/2025\/04\/songte-bushings-with-all-kinds-of-excavator-models.webp\" alt=\"Puzdr\u00e1 bagerov\" \/><\/p>\n<h2>O na\u0161ej spolo\u010dnosti<\/h2>\n<p>Sme popredn\u00fdm v\u00fdrobcom n\u00e1hradn\u00fdch hydraulick\u00fdch valcov a pon\u00fakame komplexn\u00fd sortiment produktov, ktor\u00e9 uspokoja dom\u00e1ci aj medzin\u00e1rodn\u00fd trh. Na\u0161e v\u00fdrobn\u00e9 postupy s\u00fa hnacou silou n\u00e1\u0161ho z\u00e1v\u00e4zku k excelentnosti, vyu\u017e\u00edvame pokro\u010dil\u00e9 strat\u00e9gie riadenia v\u00fdroby a najmodernej\u0161ie zariadenia. Neust\u00e1le vylep\u0161ujeme na\u0161u v\u00fdrobn\u00fa platformu prostredn\u00edctvom technick\u00fdch znalost\u00ed a syst\u00e9mov presn\u00e9ho testovania, \u010d\u00edm zabezpe\u010dujeme najvy\u0161\u0161iu kvalitu na\u0161ich produktov. So zameran\u00edm na efekt\u00edvnos\u0165, presnos\u0165 a spokojnos\u0165 z\u00e1kazn\u00edkov sa venujeme uspokojovaniu r\u00f4znorod\u00fdch potrieb klientov.<\/p>\n<p><img decoding=\"async\" src=\"https:\/\/www.hydraulic-cylinders.net\/wp-content\/uploads\/2025\/04\/songte-company-4.webp\" alt=\"Obr\u00e1zok spolo\u010dnosti\" \/><br \/>\n<img decoding=\"async\" src=\"https:\/\/www.hydraulic-cylinders.net\/wp-content\/uploads\/2025\/04\/songte-company-3.webp\" alt=\"Obr\u00e1zok spolo\u010dnosti\" \/><\/p>\n<p>Na\u0161u \u0161pecializ\u00e1ciu na hydraulick\u00e9 valce podporuj\u00fa medzin\u00e1rodn\u00e9 certifik\u00e1cie, z\u00e1kazn\u00edcke slu\u017eby a robustn\u00e1 popredajn\u00e1 podpora. Uprednost\u0148ujeme kontrolu kvality a dodr\u017eiavame pr\u00edsne priemyseln\u00e9 \u0161tandardy, aby sme splnili najvy\u0161\u0161ie o\u010dak\u00e1vania na\u0161ich z\u00e1kazn\u00edkov.<\/p>\n<p>Autor: lyl<\/p>","protected":false},"excerpt":{"rendered":"<p>Boom Cylinder For KYM KY105A Product Overview The Boom Cylinder for KYM KY105A is a vital component in hydraulic systems, specifically designed for controlling the movement of buckets in heavy machinery such as excavators, backhoe loaders, and front loaders. This hydraulic cylinder enables the bucket to lift, lower, and tilt, facilitating efficient material handling tasks. [&hellip;]<\/p>","protected":false},"featured_media":17871,"comment_status":"open","ping_status":"closed","template":"","meta":{"_et_pb_use_builder":"","_et_pb_old_content":"","_et_gb_content_width":""},"product_brand":[],"product_cat":[1546],"product_tag":[1547,1496],"class_list":{"0":"post-19533","1":"product","2":"type-product","3":"status-publish","4":"has-post-thumbnail","6":"product_cat-boom-cylinders","7":"product_tag-boom-cylinders","8":"product_tag-hydraulic-cylinders","10":"first","11":"instock","12":"shipping-taxable","13":"product-type-simple"},"amp_enabled":true,"_links":{"self":[{"href":"https:\/\/www.hydraulic-cylinders.net\/sk\/wp-json\/wp\/v2\/product\/19533","targetHints":{"allow":["GET"]}}],"collection":[{"href":"https:\/\/www.hydraulic-cylinders.net\/sk\/wp-json\/wp\/v2\/product"}],"about":[{"href":"https:\/\/www.hydraulic-cylinders.net\/sk\/wp-json\/wp\/v2\/types\/product"}],"replies":[{"embeddable":true,"href":"https:\/\/www.hydraulic-cylinders.net\/sk\/wp-json\/wp\/v2\/comments?post=19533"}],"wp:featuredmedia":[{"embeddable":true,"href":"https:\/\/www.hydraulic-cylinders.net\/sk\/wp-json\/wp\/v2\/media\/17871"}],"wp:attachment":[{"href":"https:\/\/www.hydraulic-cylinders.net\/sk\/wp-json\/wp\/v2\/media?parent=19533"}],"wp:term":[{"taxonomy":"product_brand","embeddable":true,"href":"https:\/\/www.hydraulic-cylinders.net\/sk\/wp-json\/wp\/v2\/product_brand?post=19533"},{"taxonomy":"product_cat","embeddable":true,"href":"https:\/\/www.hydraulic-cylinders.net\/sk\/wp-json\/wp\/v2\/product_cat?post=19533"},{"taxonomy":"product_tag","embeddable":true,"href":"https:\/\/www.hydraulic-cylinders.net\/sk\/wp-json\/wp\/v2\/product_tag?post=19533"}],"curies":[{"name":"pracovn\u00fd list","href":"https:\/\/api.w.org\/{rel}","templated":true}]}}