{"id":19535,"date":"2025-04-07T06:53:13","date_gmt":"2025-04-07T06:53:13","guid":{"rendered":"https:\/\/www.hydraulic-cylinders.net\/product\/boom-cylinder-for-pengpu-sw210e\/"},"modified":"2025-04-07T06:53:16","modified_gmt":"2025-04-07T06:53:16","slug":"boom-cylinder-for-pengpu-sw210e","status":"publish","type":"product","link":"https:\/\/www.hydraulic-cylinders.net\/sk\/produkt\/boom-cylinder-for-pengpu-sw210e\/","title":{"rendered":"Valec v\u00fdlo\u017en\u00edka pre Pengpu SW210E"},"content":{"rendered":"<h1>Valec v\u00fdlo\u017en\u00edka pre Pengpu SW210E<\/h1>\n<h2>Preh\u013ead produktu<\/h2>\n<p>Hydraulick\u00fd valec v\u00fdlo\u017en\u00edka pre Pengpu SW210E je \u0161pecializovan\u00fd hydraulick\u00fd valec ur\u010den\u00fd na ovl\u00e1danie pohybu v\u00fdlo\u017en\u00edka v r\u00f4znych \u0165a\u017ek\u00fdch strojoch, ako s\u00fa bagre, r\u00fdpadlo-naklada\u010de a \u010deln\u00e9 naklada\u010de. Tento z\u00e1kladn\u00fd komponent umo\u017e\u0148uje zdv\u00edhanie, sp\u00fa\u0161\u0165anie a nakl\u00e1\u0148anie v\u00fdlo\u017en\u00edka, \u010do u\u013eah\u010duje efekt\u00edvnu manipul\u00e1ciu s materi\u00e1lom. Ako typ hydraulick\u00e9ho valca zohr\u00e1va valec v\u00fdlo\u017en\u00edka d\u00f4le\u017eit\u00fa \u00falohu v hydraulick\u00fdch syst\u00e9moch, \u010do umo\u017e\u0148uje presn\u00e9 ovl\u00e1danie a v\u00fdkonn\u00fa prev\u00e1dzku v n\u00e1ro\u010dn\u00fdch prostrediach.<\/p>\n<p><img decoding=\"async\" src=\"https:\/\/www.hydraulic-cylinders.net\/wp-content\/uploads\/2025\/04\/songte-company-1.webp\" alt=\"Obr\u00e1zok valca v\u00fdlo\u017en\u00edka\"><\/p>\n<h2>Vlastnosti valca v\u00fdlo\u017en\u00edka<\/h2>\n<ul>\n<li><strong>Vysok\u00e1 pevnos\u0165 a odolnos\u0165:<\/strong> Tieto valce, ktor\u00e9 s\u00fa zvy\u010dajne vyroben\u00e9 z vysokopevnostnej ocele alebo hlin\u00edka, odol\u00e1vaj\u00fa vysok\u00e9mu tlaku a \u0165a\u017ek\u00fdm za\u0165a\u017eeniam a z\u00e1rove\u0148 s\u00fa navrhnut\u00e9 tak, aby odol\u00e1vali opotrebovaniu a kor\u00f3zii, \u010d\u00edm sa predl\u017euje ich \u017eivotnos\u0165.<\/li>\n<li><strong>Efekt\u00edvna hydraulick\u00e1 prev\u00e1dzka:<\/strong> Valec v\u00fdlo\u017en\u00edka vyu\u017e\u00edva hydraulick\u00fd tlak oleja na dosiahnutie plynul\u00e9ho vys\u00favania a zas\u00favania, \u010do umo\u017e\u0148uje r\u00fdchlu reakciu na ovl\u00e1dacie povely a poskytuje zna\u010dn\u00fa tla\u010dn\u00fa a \u0165a\u017en\u00fa silu vhodn\u00fa pre \u0165a\u017ek\u00e9 a zlo\u017eit\u00e9 \u00falohy.<\/li>\n<li><strong>R\u00f4zne typy:<\/strong> K dispoz\u00edcii s\u00fa v jedno\u010dinn\u00fdch (prev\u00e1dzkov\u00fdch v jednom smere) alebo dvoj\u010dinn\u00fdch (prev\u00e1dzkov\u00fdch v oboch smeroch) konfigur\u00e1ci\u00e1ch, aby sp\u013a\u0148ali r\u00f4zne prev\u00e1dzkov\u00e9 potreby, pri\u010dom niektor\u00e9 modely maj\u00fa teleskopick\u00fa kon\u0161trukciu pre v\u00e4\u010d\u0161ie vysunutie bez zv\u00e4\u010d\u0161enia vonkaj\u0161\u00edch rozmerov, ide\u00e1lne pre aplik\u00e1cie s obmedzen\u00fdm priestorom.<\/li>\n<li><strong>Z\u00e1kazkov\u00e1 v\u00fdroba:<\/strong> Na\u0161e produkty dok\u00e1\u017eu dokonale nahradi\u0165 existuj\u00face hydraulick\u00e9 valce, \u010d\u00edm zabezpe\u010duj\u00fa kompatibilitu a spo\u013eahlivos\u0165 v\u00fdkonu.<\/li>\n<li><strong>Pr\u00edsne testovanie:<\/strong> Ka\u017ed\u00e1 f\u013ea\u0161a prech\u00e1dza d\u00f4kladn\u00fdm testovan\u00edm, aby sa zabezpe\u010dilo, \u017ee sp\u013a\u0148a v\u0161etky priemyseln\u00e9 normy t\u00fdkaj\u00face sa bezpe\u010dnosti, \u00fa\u010dinnosti a dlhej \u017eivotnosti.<\/li>\n<\/ul>\n<p><img decoding=\"async\" src=\"https:\/\/www.hydraulic-cylinders.net\/wp-content\/uploads\/2025\/04\/songte-cylinder-head-with-all-kinds-excavator-models.webp\" alt=\"Obr\u00e1zok v\u00fdmeny valca\"><\/p>\n<h2>Scen\u00e1re aplik\u00e1ci\u00ed<\/h2>\n<h3>Stavebn\u00e9 stroje<\/h3>\n<p>V stavebn\u00fdch strojoch sa valce v\u00fdlo\u017en\u00edka nach\u00e1dzaj\u00fa v bagroch, kde s\u00fa k\u013e\u00fa\u010dov\u00e9 pre kopanie, nakladanie a premiest\u0148ovanie zeminy alebo sutiny. V r\u00fdpadlo-naklada\u010doch valec v\u00fdlo\u017en\u00edka pom\u00e1ha pri v\u00fdkopov\u00fdch aj zdv\u00edhac\u00edch \u00faloh\u00e1ch, ktor\u00e9 s\u00fa nevyhnutn\u00e9 pre pr\u00edpravu staveniska a prepravu materi\u00e1lu.<\/p>\n<h3>Po\u013enohospod\u00e1rske stroje<\/h3>\n<p>V \u010deln\u00fdch naklada\u010doch zohr\u00e1vaj\u00fa valce v\u00fdlo\u017en\u00edka d\u00f4le\u017eit\u00fa \u00falohu pri naberan\u00ed, zdv\u00edhan\u00ed a preprave p\u00f4dy, sena a in\u00fdch materi\u00e1lov, \u010d\u00edm zvy\u0161uj\u00fa efektivitu r\u00f4znych po\u013enohospod\u00e1rskych \u00faloh a oper\u00e1ci\u00ed.<\/p>\n<h3>R\u00fdpadl\u00e1<\/h3>\n<p>Valec v\u00fdlo\u017en\u00edka umo\u017e\u0148uje ly\u017eici prenikn\u00fa\u0165 do p\u00f4dy a dosiahnu\u0165 kopacie \u010dinnosti, ktor\u00e9 s\u00fa k\u013e\u00fa\u010dov\u00e9 pre stavebn\u00e9 projekty a rozvoj pozemkov. T\u00e1to funkcia optimalizuje prev\u00e1dzkov\u00fa \u00fa\u010dinnos\u0165 a efekt\u00edvnos\u0165 pri r\u00f4znych kopac\u00edch \u00faloh\u00e1ch.<\/p>\n<h3>Naklada\u010de<\/h3>\n<p>V \u010deln\u00fdch naklada\u010doch pom\u00e1haj\u00fa valce v\u00fdlo\u017en\u00edka pri efekt\u00edvnom zdv\u00edhan\u00ed a vykladan\u00ed bremien, \u010do je nevyhnutn\u00e9 pre manipul\u00e1ciu s materi\u00e1lom v r\u00f4znych odvetviach, a zabezpe\u010duj\u00fa tak r\u00fdchlu a bezpe\u010dn\u00fa prepravu \u0165a\u017ek\u00fdch materi\u00e1lov.<\/p>\n<h2>\u00davahy o dizajne a krit\u00e9ri\u00e1 v\u00fdberu<\/h2>\n<h3>Nosnos\u0165<\/h3>\n<p>Nosnos\u0165 valca v\u00fdlo\u017en\u00edka je k\u013e\u00fa\u010dov\u00fdm faktorom, ktor\u00fd ur\u010duje jeho schopnos\u0165 zdv\u00edha\u0165 a manipulova\u0165 s \u0165a\u017ek\u00fdmi materi\u00e1lmi. V\u00fdber vhodnej nosnosti zais\u0165uje bezpe\u010dn\u00fa a efekt\u00edvnu prev\u00e1dzku, \u010d\u00edm sa zni\u017euje riziko poruchy valca a potenci\u00e1lnych neh\u00f4d. Je nevyhnutn\u00e9 vyhodnoti\u0165 maxim\u00e1lne za\u0165a\u017eenie, ktor\u00e9mu bude valec vystaven\u00fd po\u010das prev\u00e1dzky, a zvoli\u0165 valec s menovit\u00fdm za\u0165a\u017een\u00edm nad touto hranicou, aby sa zabezpe\u010dila spo\u013eahlivos\u0165 a bezpe\u010dnos\u0165.<\/p>\n<h3>Tesniaci v\u00fdkon<\/h3>\n<p>Tesniaci v\u00fdkon je nevyhnutn\u00fd na zabr\u00e1nenie \u00faniku hydraulickej kvapaliny a udr\u017eanie tlaku vo valci. Musia sa zvoli\u0165 spr\u00e1vne tesnenia, ktor\u00e9 odol\u00e1vaj\u00fa prev\u00e1dzkov\u00e9mu prostrediu, teplot\u00e1m a tlakom. Vysokokvalitn\u00e9 tesnenia tie\u017e prispievaj\u00fa k dlhej \u017eivotnosti valca minimaliz\u00e1ciou opotrebenia vn\u00fatorn\u00fdch komponentov.<\/p>\n<h3>Trvanlivos\u0165<\/h3>\n<p>Trvanlivos\u0165 je k\u013e\u00fa\u010dov\u00fdm faktorom pri kon\u0161trukcii valcov ramena, preto\u017ee \u010dasto pracuj\u00fa v n\u00e1ro\u010dn\u00fdch podmienkach. Materi\u00e1ly musia by\u0165 vybran\u00e9 pre ich pevnos\u0165 a odolnos\u0165 vo\u010di kor\u00f3zii a opotrebovaniu. Zv\u00fd\u0161en\u00e1 odolnos\u0165 vedie k dlh\u0161ej \u017eivotnosti a zn\u00ed\u017een\u00fdm n\u00e1kladom na \u00fadr\u017ebu, \u010do z nej rob\u00ed kritick\u00fd faktor pri v\u00fdbere valca.<\/p>\n<h3>Bezpe\u010dnostn\u00e9 prvky<\/h3>\n<p>Bezpe\u010dnos\u0165 je v hydraulick\u00fdch syst\u00e9moch prvorad\u00e1. Valce v\u00fdlo\u017en\u00edka by mali obsahova\u0165 prvky, ako je ochrana proti pre\u0165a\u017eeniu, pretlakov\u00e9 ventily a bezpe\u010dnostn\u00e9 mechanizmy, aby sa predi\u0161lo nehod\u00e1m. Zabezpe\u010denie t\u00fdchto bezpe\u010dnostn\u00fdch prvkov ako s\u00fa\u010das\u0165 kon\u0161trukcie pom\u00e1ha chr\u00e1ni\u0165 obsluhu a stroje po\u010das prev\u00e1dzky.<\/p>\n<h3>\u00dadr\u017eba a opravite\u013enos\u0165<\/h3>\n<p>Jednoduch\u00e1 \u00fadr\u017eba a opravite\u013enos\u0165 s\u00fa d\u00f4le\u017eit\u00fdm kon\u0161truk\u010dn\u00fdm krit\u00e9riom. Komponenty by mali by\u0165 navrhnut\u00e9 pre \u013eahk\u00fd pr\u00edstup a v\u00fdmenu, \u010do umo\u017e\u0148uje efekt\u00edvne postupy \u00fadr\u017eby. Mali by sa zavies\u0165 pravideln\u00e9 protokoly \u00fadr\u017eby, aby sa valec udr\u017eal v optim\u00e1lnom prev\u00e1dzkovom stave, \u010do predl\u017euje jeho \u017eivotnos\u0165 a zvy\u0161uje jeho v\u00fdkon.<\/p>\n<p><img decoding=\"async\" src=\"https:\/\/www.hydraulic-cylinders.net\/wp-content\/uploads\/2025\/04\/songte-oil-pipes-and-spare-parts.webp\" alt=\"Obr\u00e1zok hydraulick\u00fdch komponentov\"><\/p>\n<h2>Tesnenie a mazanie<\/h2>\n<p>Pre optim\u00e1lny v\u00fdkon pou\u017e\u00edvaj\u00fa valce v\u00fdlo\u017en\u00edka r\u00f4zne tesniace prvky vr\u00e1tane tesnen\u00ed piestov a tesnen\u00ed ty\u010d\u00ed. Tieto tesnenia s\u00fa be\u017ene vyroben\u00e9 z odoln\u00fdch materi\u00e1lov, ako je polyuret\u00e1n a nitrilov\u00fd kau\u010duk, ktor\u00e9 odol\u00e1vaj\u00fa opotrebovaniu v priebehu \u010dasu. Teleso valca a z\u00e1vitov\u00e9 povrchy prech\u00e1dzaj\u00fa jemn\u00fdm opracovan\u00edm, aby sa zv\u00fd\u0161ila ich odolnos\u0165 proti opotrebovaniu a zabezpe\u010dilo tesn\u00e9 utesnenie. Pravideln\u00e9 mazanie hydraulick\u00fdm olejom je nevyhnutn\u00e9, preto\u017ee zabezpe\u010duje potrebn\u00fa tekutos\u0165 a pom\u00e1ha predch\u00e1dza\u0165 opotrebovaniu pohybliv\u00fdch \u010dast\u00ed, \u010d\u00edm sa zabezpe\u010duje plynul\u00fd chod.<\/p>\n<h2>Pravideln\u00e9 kontroly a prevent\u00edvna \u00fadr\u017eba<\/h2>\n<ul>\n<li><strong>Rutinn\u00e1 kontrola:<\/strong> Pravideln\u00e1 kontrola valca ramena, \u010di nevykazuje zn\u00e1mky opotrebovania, netesnost\u00ed alebo po\u0161kodenia, je nevyhnutn\u00e1. V\u010dasn\u00e9 odhalenie m\u00f4\u017ee pred\u00eds\u0165 v\u00e1\u017enej\u0161\u00edm probl\u00e9mom, ktor\u00e9 by si mohli vy\u017eadova\u0165 n\u00e1kladn\u00e9 opravy alebo v\u00fdmeny.<\/li>\n<li><strong>Spr\u00e1vne mazanie:<\/strong> Zabezpe\u010denie dostato\u010dn\u00e9ho mazania valca vhodn\u00fdm hydraulick\u00fdm olejom zabra\u0148uje treniu a opotrebovaniu vn\u00fatorn\u00fdch komponentov, \u010d\u00edm podporuje hladk\u00fd chod a predl\u017euje \u017eivotnos\u0165 valca.<\/li>\n<li><strong>V\u00fdmena tesnenia:<\/strong> Tesnenia by sa mali kontrolova\u0165 a pod\u013ea potreby vymie\u0148a\u0165, preto\u017ee opotrebovan\u00e9 tesnenia m\u00f4\u017eu vies\u0165 k \u00faniku kvapaliny a zn\u00ed\u017eeniu v\u00fdkonu. Pravideln\u00e1 v\u00fdmena pom\u00e1ha udr\u017eiava\u0165 integritu hydraulick\u00e9ho syst\u00e9mu.<\/li>\n<\/ul>\n<h2>Pokyny na in\u0161tal\u00e1ciu<\/h2>\n<p>Spr\u00e1vna in\u0161tal\u00e1cia je k\u013e\u00fa\u010dov\u00e1 pre efekt\u00edvne fungovanie valca ramena. Dodr\u017eujte tieto pokyny:<\/p>\n<ol>\n<li>Uistite sa, \u017ee miesto in\u0161tal\u00e1cie je \u010dist\u00e9 a bez ne\u010dist\u00f4t, ktor\u00e9 by mohli nar\u00fa\u0161a\u0165 prev\u00e1dzku valca.<\/li>\n<li>Valec presne zarovnajte s mont\u00e1\u017enymi konzolami, aby ste predi\u0161li nespr\u00e1vnemu zarovnaniu, ktor\u00e9 by mohlo vies\u0165 k pred\u010dasn\u00e9mu opotrebovaniu alebo poruche.<\/li>\n<li>Na upevnenie valca na mieste pou\u017eite vhodn\u00e9 mont\u00e1\u017ene konzoly a hardv\u00e9r, \u010d\u00edm zabezpe\u010d\u00edte pevn\u00fa a stabiln\u00fa in\u0161tal\u00e1ciu.<\/li>\n<li>Po in\u0161tal\u00e1cii otestujte prev\u00e1dzku valca pri n\u00edzkom tlaku, aby ste skontrolovali netesnosti a pred plnou prev\u00e1dzkou overte zarovnanie.<\/li>\n<li>Po\u010das prv\u00e9ho pou\u017eitia sledujte valec, aby ste sa uistili, \u017ee v\u0161etko funguje hladko, a okam\u017eite rie\u0161te v\u0161etky probl\u00e9my.<\/li>\n<\/ol>\n<p><img decoding=\"async\" src=\"https:\/\/www.hydraulic-cylinders.net\/wp-content\/uploads\/2025\/04\/songte-chushion-collar.webp\" alt=\"Obr\u00e1zok vank\u00fa\u0161ov\u00e9ho goliera\"><\/p>\n<h2>Bezpe\u010dnostn\u00e9 aspekty a faktory prostredia<\/h2>\n<p>Pri pr\u00e1ci s hydraulick\u00fdmi syst\u00e9mami je implement\u00e1cia bezpe\u010dnostn\u00fdch opatren\u00ed nevyhnutn\u00e1 na predch\u00e1dzanie nehod\u00e1m. Obsluha by mala v\u017edy nosi\u0165 vhodn\u00e9 osobn\u00e9 ochrann\u00e9 prostriedky (OOP) a by\u0165 vy\u0161kolen\u00e1 v bezpe\u010dnostn\u00fdch postupoch pri pr\u00e1ci s hydraulick\u00fdmi syst\u00e9mami. Okrem toho by sa mali zv\u00e1\u017ei\u0165 faktory prostredia, ako napr\u00edklad zabezpe\u010denie spr\u00e1vneho zachytenia a likvid\u00e1cie hydraulick\u00fdch kvapal\u00edn, aby sa zabr\u00e1nilo kontamin\u00e1cii \u017eivotn\u00e9ho prostredia.<\/p>\n<h2>Diagnostika por\u00fach a be\u017en\u00e9 probl\u00e9my<\/h2>\n<ul>\n<li><strong>\u00danik:<\/strong> Jedn\u00fdm z be\u017en\u00fdch probl\u00e9mov s hydraulick\u00fdmi valcami je \u00fanik, ktor\u00fd je \u010dasto sp\u00f4soben\u00fd opotrebovan\u00fdmi tesneniami alebo po\u0161koden\u00edm tela valca. Pravidelne kontrolujte tesnenia a v pr\u00edpade potreby ich vyme\u0148te, aby ste predi\u0161li \u00fanikom.<\/li>\n<li><strong>Probl\u00e9my s v\u00fdkonom:<\/strong> Ak valec nereaguje spr\u00e1vne, m\u00f4\u017ee to by\u0165 sp\u00f4soben\u00e9 vzduchom zachyten\u00fdm v hydraulickej kvapaline alebo nedostato\u010dn\u00fdm mazan\u00edm. Odvzdu\u0161nite syst\u00e9m a zabezpe\u010dte spr\u00e1vne mazanie, aby ste obnovili jeho v\u00fdkon.<\/li>\n<li><strong>Hlu\u010dn\u00e1 prev\u00e1dzka:<\/strong> Nezvy\u010dajn\u00e9 zvuky po\u010das prev\u00e1dzky m\u00f4\u017eu nazna\u010dova\u0165 mechanick\u00e9 probl\u00e9my alebo n\u00edzku hladinu hydraulickej kvapaliny. Skontrolujte spr\u00e1vnu hladinu kvapal\u00edn a skontrolujte, \u010di nedo\u0161lo k mechanick\u00fdm poruch\u00e1m, ktor\u00e9 by si mohli vy\u017eadova\u0165 opravu.<\/li>\n<\/ul>\n<h2>Tipy na rie\u0161enie probl\u00e9mov<\/h2>\n<p>Pre efekt\u00edvnu diagnostiku a rie\u0161enie probl\u00e9mov s valcom v\u00fdlo\u017en\u00edka postupujte pod\u013ea t\u00fdchto tipov:<\/p>\n<ul>\n<li>Pravidelne kontrolujte hladiny hydraulick\u00fdch kvapal\u00edn a udr\u017eiavajte spr\u00e1vnu hladinu hydraulickej kvapaliny, aby ste predi\u0161li prev\u00e1dzkov\u00fdm probl\u00e9mom.<\/li>\n<li>Sledujte zn\u00e1mky opotrebovania a ihne\u010f ich rie\u0161te, aby ste zn\u00ed\u017eili riziko poruchy.<\/li>\n<li>Zav\u00e1dzajte pravideln\u00e9 pl\u00e1ny \u00fadr\u017eby, aby ste zabezpe\u010dili dlhodob\u00fa spo\u013eahlivos\u0165 a v\u00fdkon.<\/li>\n<\/ul>\n<p><img decoding=\"async\" src=\"https:\/\/www.hydraulic-cylinders.net\/wp-content\/uploads\/2025\/04\/songte-bushings-with-all-kinds-of-excavator-models.webp\" alt=\"Obr\u00e1zok puzdier\"><\/p>\n<h2>O na\u0161ej spolo\u010dnosti<\/h2>\n<p>Sme popredn\u00fdm v\u00fdrobcom n\u00e1hradn\u00fdch hydraulick\u00fdch valcov a pon\u00fakame komplexn\u00fd sortiment produktov, ktor\u00e9 uspokoja dom\u00e1ci aj medzin\u00e1rodn\u00fd trh. N\u00e1\u0161 z\u00e1v\u00e4zok k dokonalosti sa odr\u00e1\u017ea v na\u0161ich prepracovan\u00fdch v\u00fdrobn\u00fdch strat\u00e9gi\u00e1ch a pou\u017e\u00edvan\u00ed pokro\u010dil\u00fdch technol\u00f3gi\u00ed. Zameriavame sa na vysok\u00fa \u00fa\u010dinnos\u0165, presnos\u0165 a kvalitu, aby sme splnili rozmanit\u00e9 potreby z\u00e1kazn\u00edkov.<\/p>\n<ul>\n<li><strong>\u0160pecializ\u00e1cia:<\/strong> Na\u0161e odborn\u00e9 znalosti vo v\u00fdrobe hydraulick\u00fdch valcov n\u00e1m umo\u017e\u0148uj\u00fa poskytova\u0165 rie\u0161enia na mieru, ktor\u00e9 sp\u013a\u0148aj\u00fa \u0161pecifick\u00e9 po\u017eiadavky.<\/li>\n<li><strong>Medzin\u00e1rodn\u00e1 certifik\u00e1cia:<\/strong> Na\u0161e v\u00fdrobky sp\u013a\u0148aj\u00fa medzin\u00e1rodn\u00e9 \u0161tandardy kvality, \u010do zaru\u010duje spo\u013eahlivos\u0165 a bezpe\u010dnos\u0165.<\/li>\n<li><strong>Slu\u017eby prisp\u00f4sobenia:<\/strong> Pon\u00fakame rie\u0161enia na mieru prisp\u00f4soben\u00e9 jedine\u010dn\u00fdm prev\u00e1dzkov\u00fdm po\u017eiadavk\u00e1m.<\/li>\n<li><strong>Najmodernej\u0161ie vybavenie:<\/strong> Na\u0161e v\u00fdrobn\u00e9 zariadenia s\u00fa vybaven\u00e9 pokro\u010dilou technol\u00f3giou, ktor\u00e1 zvy\u0161uje presnos\u0165 a efektivitu v\u00fdroby.<\/li>\n<li><strong>Popredajn\u00e1 podpora:<\/strong> Poskytujeme rozsiahly popredajn\u00fd servis, aby sme zabezpe\u010dili spokojnos\u0165 z\u00e1kazn\u00edkov a rie\u0161ili ak\u00e9ko\u013evek probl\u00e9my s\u00favisiace s produktom.<\/li>\n<\/ul>\n<p><img decoding=\"async\" src=\"https:\/\/www.hydraulic-cylinders.net\/wp-content\/uploads\/2025\/04\/songte-company-4.webp\" alt=\"Obr\u00e1zok spolo\u010dnosti 1\"><br \/>\n<img decoding=\"async\" src=\"https:\/\/www.hydraulic-cylinders.net\/wp-content\/uploads\/2025\/04\/songte-company-3.webp\" alt=\"Obr\u00e1zok spolo\u010dnosti 2\"><\/p>\n<p>Autor: lyl<\/p>","protected":false},"excerpt":{"rendered":"<p>Boom Cylinder For Pengpu SW210E Product Overview The boom cylinder for the Pengpu SW210E is a specialized hydraulic cylinder designed to control the movement of the boom in various heavy machinery like excavators, backhoe loaders, and front-end loaders. This essential component enables the boom to lift, lower, and tilt, facilitating efficient material handling tasks. As [&hellip;]<\/p>","protected":false},"featured_media":17873,"comment_status":"open","ping_status":"closed","template":"","meta":{"_et_pb_use_builder":"","_et_pb_old_content":"","_et_gb_content_width":""},"product_brand":[],"product_cat":[1546],"product_tag":[1547,1496],"class_list":{"0":"post-19535","1":"product","2":"type-product","3":"status-publish","4":"has-post-thumbnail","6":"product_cat-boom-cylinders","7":"product_tag-boom-cylinders","8":"product_tag-hydraulic-cylinders","10":"first","11":"instock","12":"shipping-taxable","13":"product-type-simple"},"amp_enabled":true,"_links":{"self":[{"href":"https:\/\/www.hydraulic-cylinders.net\/sk\/wp-json\/wp\/v2\/product\/19535","targetHints":{"allow":["GET"]}}],"collection":[{"href":"https:\/\/www.hydraulic-cylinders.net\/sk\/wp-json\/wp\/v2\/product"}],"about":[{"href":"https:\/\/www.hydraulic-cylinders.net\/sk\/wp-json\/wp\/v2\/types\/product"}],"replies":[{"embeddable":true,"href":"https:\/\/www.hydraulic-cylinders.net\/sk\/wp-json\/wp\/v2\/comments?post=19535"}],"wp:featuredmedia":[{"embeddable":true,"href":"https:\/\/www.hydraulic-cylinders.net\/sk\/wp-json\/wp\/v2\/media\/17873"}],"wp:attachment":[{"href":"https:\/\/www.hydraulic-cylinders.net\/sk\/wp-json\/wp\/v2\/media?parent=19535"}],"wp:term":[{"taxonomy":"product_brand","embeddable":true,"href":"https:\/\/www.hydraulic-cylinders.net\/sk\/wp-json\/wp\/v2\/product_brand?post=19535"},{"taxonomy":"product_cat","embeddable":true,"href":"https:\/\/www.hydraulic-cylinders.net\/sk\/wp-json\/wp\/v2\/product_cat?post=19535"},{"taxonomy":"product_tag","embeddable":true,"href":"https:\/\/www.hydraulic-cylinders.net\/sk\/wp-json\/wp\/v2\/product_tag?post=19535"}],"curies":[{"name":"pracovn\u00fd list","href":"https:\/\/api.w.org\/{rel}","templated":true}]}}