{"id":19539,"date":"2025-04-07T06:53:23","date_gmt":"2025-04-07T06:53:23","guid":{"rendered":"https:\/\/www.hydraulic-cylinders.net\/product\/boom-cylinder-for-pushhm-pz35-7\/"},"modified":"2025-04-07T06:53:26","modified_gmt":"2025-04-07T06:53:26","slug":"boom-cylinder-for-pushhm-pz35-7","status":"publish","type":"product","link":"https:\/\/www.hydraulic-cylinders.net\/sk\/produkt\/boom-cylinder-for-pushhm-pz35-7\/","title":{"rendered":"Valec v\u00fdlo\u017en\u00edka pre Pushhm PZ35-7"},"content":{"rendered":"<h1>Valec v\u00fdlo\u017en\u00edka pre Pushhm PZ35-7<\/h1>\n<h2>Preh\u013ead produktu<\/h2>\n<p>Hydraulick\u00fd valec v\u00fdlo\u017en\u00edka pre Pushhm PZ35-7 je k\u013e\u00fa\u010dovou s\u00fa\u010das\u0165ou hydraulick\u00fdch syst\u00e9mov ur\u010den\u00fdch na ovl\u00e1danie pohybu vedier \u0165a\u017ek\u00fdch strojov. Tento \u0161pecializovan\u00fd hydraulick\u00fd valec umo\u017e\u0148uje zdv\u00edhanie, sp\u00fa\u0161\u0165anie a nakl\u00e1\u0148anie vedier v r\u00f4znych aplik\u00e1ci\u00e1ch vr\u00e1tane r\u00fdpadiel, r\u00fdpadiel-naklada\u010dov a \u010deln\u00fdch naklada\u010dov. Jeho hlavnou funkciou je u\u013eah\u010di\u0165 efekt\u00edvnu manipul\u00e1ciu s materi\u00e1lom t\u00fdm, \u017ee zabezpe\u010duje presn\u00fd pohyb a ovl\u00e1danie.<\/p>\n<p><img decoding=\"async\" src=\"https:\/\/www.hydraulic-cylinders.net\/wp-content\/uploads\/2025\/04\/songte-company-1.webp\" alt=\"Valec v\u00fdlo\u017en\u00edka\" \/><\/p>\n<h3>\u010co je to vedrov\u00fd valec?<\/h3>\n<p>Hydraulick\u00fd valec ly\u017eice je typ hydraulick\u00e9ho valca \u0161peci\u00e1lne navrhnut\u00e9ho na ovl\u00e1danie ly\u017e\u00edc na \u0165a\u017ek\u00fdch strojoch. Tieto valce hraj\u00fa d\u00f4le\u017eit\u00fa \u00falohu v hydraulick\u00fdch syst\u00e9moch, preto\u017ee umo\u017e\u0148uj\u00fa efekt\u00edvnu manipul\u00e1ciu s polohou ly\u017eice. Vyu\u017eit\u00edm hydraulickej kvapaliny pod tlakom dok\u00e1\u017eu valce ly\u017eice generova\u0165 potrebn\u00fa silu na presn\u00e9 zdv\u00edhanie a premiest\u0148ovanie \u0165a\u017ek\u00fdch bremien. Ich kon\u0161trukcia sa zameriava na odolnos\u0165 a \u00fa\u010dinnos\u0165, v\u010faka \u010domu s\u00fa nevyhnutn\u00e9 v stavebn\u00edctve, po\u013enohospod\u00e1rstve a priemyseln\u00fdch aplik\u00e1ci\u00e1ch.<\/p>\n<h2>Vlastnosti valca v\u00fdlo\u017en\u00edka<\/h2>\n<ul>\n<li><strong>Vysok\u00e1 pevnos\u0165 a odolnos\u0165:<\/strong> Tieto valce s\u00fa vyroben\u00e9 z vysokopevnostnej ocele alebo hlin\u00edka a s\u00fa skon\u0161truovan\u00e9 tak, aby odolali vysok\u00e9mu tlaku a \u0165a\u017ek\u00e9mu za\u0165a\u017eeniu, prisp\u00f4sobili sa n\u00e1ro\u010dn\u00fdm pracovn\u00fdm podmienkam a z\u00e1rove\u0148 predl\u017eovali \u017eivotnos\u0165 v\u010faka odolnosti proti opotrebovaniu a ochrane proti kor\u00f3zii.<\/li>\n<li><strong>Efekt\u00edvna hydraulick\u00e1 prev\u00e1dzka:<\/strong> Zabezpe\u010duj\u00fa plynul\u00e9 vys\u00favanie a zas\u00favanie pomocou hydraulick\u00e9ho tlaku oleja, \u010do umo\u017e\u0148uje r\u00fdchlu reakciu na ovl\u00e1dacie vstupy a poskytuje zna\u010dn\u00fa tla\u010dn\u00fa a \u0165ahov\u00fa silu, ide\u00e1lnu pre \u0165a\u017ek\u00e9 zdv\u00edhanie a zlo\u017eit\u00e9 \u00falohy.<\/li>\n<li><strong>R\u00f4zne typy:<\/strong> Tieto valce, ktor\u00e9 s\u00fa k dispoz\u00edcii v jedno\u010dinnom (prev\u00e1dzkovom v jednom smere) a dvoj\u010dinnom (prev\u00e1dzkovom v oboch smeroch) preveden\u00ed, je mo\u017en\u00e9 prisp\u00f4sobi\u0165 \u0161pecifick\u00fdm prev\u00e1dzkov\u00fdm potreb\u00e1m, pri\u010dom niektor\u00e9 modely maj\u00fa teleskopick\u00fa kon\u0161trukciu pre dlh\u0161\u00ed dosah bez zv\u00e4\u010d\u0161enia vonkaj\u0161\u00edch rozmerov.<\/li>\n<\/ul>\n<h3>V\u00fdrobn\u00e1 kapacita<\/h3>\n<p>M\u00e1me odborn\u00e9 znalosti na v\u00fdrobu tohto produktu, v\u010faka \u010domu na\u0161e hydraulick\u00e9 valce dok\u00e1\u017eu dokonale nahradi\u0165 existuj\u00face modely. N\u00e1\u0161 z\u00e1v\u00e4zok ku kvalite zaru\u010duje spo\u013eahliv\u00fd v\u00fdkon v n\u00e1ro\u010dn\u00fdch aplik\u00e1ci\u00e1ch.<\/p>\n<p><img decoding=\"async\" src=\"https:\/\/www.hydraulic-cylinders.net\/wp-content\/uploads\/2025\/04\/songte-cylinder-head-with-all-kinds-excavator-models.webp\" alt=\"Hlava valcov\" \/><\/p>\n<h2>Aplik\u00e1cie valca v\u00fdlo\u017en\u00edka<\/h2>\n<ul>\n<li><strong>Stavebn\u00e9 vybavenie:<\/strong> V r\u00fdpadl\u00e1ch s\u00fa valce v\u00fdlo\u017en\u00edka k\u013e\u00fa\u010dov\u00e9 pre kopanie, nakladanie a prepravu zeminy alebo sutiny. Poskytuj\u00fa potrebn\u00fa zdv\u00edhaciu silu na efekt\u00edvny pohyb \u0165a\u017ek\u00fdch materi\u00e1lov a zabezpe\u010duj\u00fa tak plynul\u00fd chod na stavenisk\u00e1ch.<\/li>\n<li><strong>Po\u013enohospod\u00e1rske stroje:<\/strong> Tieto valce, pou\u017e\u00edvan\u00e9 v \u010deln\u00fdch naklada\u010doch, u\u013eah\u010duj\u00fa naberanie, zdv\u00edhanie a prepravu p\u00f4dy, sena a in\u00fdch materi\u00e1lov, \u010d\u00edm v\u00fdrazne zvy\u0161uj\u00fa produktivitu pri po\u013enohospod\u00e1rskych pr\u00e1cach.<\/li>\n<li><strong>R\u00fdpadl\u00e1:<\/strong> Valec v\u00fdlo\u017en\u00edka umo\u017e\u0148uje ly\u017eici prenikn\u00fa\u0165 do zeme, \u010do umo\u017e\u0148uje efekt\u00edvne kopanie. Jeho hydraulick\u00e9 schopnosti ho robia nevyhnutn\u00fdm pre r\u00f4zne v\u00fdkopov\u00e9 projekty.<\/li>\n<li><strong>Naklada\u010de:<\/strong> V \u010deln\u00fdch naklada\u010doch pom\u00e1haj\u00fa valce v\u00fdlo\u017en\u00edka efekt\u00edvne zdv\u00edha\u0165 a vyklada\u0165 bremena, v\u010faka \u010domu s\u00fa nevyhnutn\u00e9 pre manipul\u00e1ciu s materi\u00e1lom v stavebn\u00edctve a ter\u00e9nnych \u00faprav\u00e1ch.<\/li>\n<\/ul>\n<h2>\u00davahy o dizajne a krit\u00e9ri\u00e1 v\u00fdberu<\/h2>\n<ul>\n<li><strong>Nosnos\u0165:<\/strong> Kon\u0161trukcia valca v\u00fdlo\u017en\u00edka mus\u00ed zvl\u00e1dnu\u0165 maxim\u00e1lne za\u0165a\u017eenie, ktor\u00e9mu bude \u010deli\u0165 po\u010das prev\u00e1dzky. V\u00fdber valca s vhodnou nosnos\u0165ou zais\u0165uje bezpe\u010dn\u00fd a efekt\u00edvny v\u00fdkon a zni\u017euje riziko poruchy.<\/li>\n<li><strong>Tesnenie:<\/strong> Spr\u00e1vne tesniace mechanizmy s\u00fa nevyhnutn\u00e9 na zabr\u00e1nenie \u00faniku hydraulickej kvapaliny, \u010do m\u00f4\u017ee ohrozi\u0165 v\u00fdkon a bezpe\u010dnos\u0165. Vysokokvalitn\u00e9 tesnenia, ako s\u00fa tesnenia piestov a ty\u010d\u00ed vyroben\u00e9 z odoln\u00fdch materi\u00e1lov, zvy\u0161uj\u00fa spo\u013eahlivos\u0165 a \u017eivotnos\u0165.<\/li>\n<li><strong>Trvanlivos\u0165:<\/strong> Robustn\u00e1 kon\u0161trukcia je k\u013e\u00fa\u010dov\u00e1 pre dlhodob\u00fa prev\u00e1dzku v n\u00e1ro\u010dn\u00fdch podmienkach. V\u00fdber materi\u00e1lov, ako je vysokopevnostn\u00e1 oce\u013e, ovplyv\u0148uje schopnos\u0165 valca odol\u00e1va\u0165 opotrebovaniu a environment\u00e1lnym faktorom.<\/li>\n<li><strong>Bezpe\u010dnos\u0165:<\/strong> Bezpe\u010dnostn\u00e9 prvky, ako s\u00fa pretlakov\u00e9 ventily a robustn\u00e9 mont\u00e1\u017ene body, s\u00fa nevyhnutn\u00e9 pre udr\u017eanie prev\u00e1dzkovej bezpe\u010dnosti. Pochopenie prev\u00e1dzkov\u00e9ho prostredia pom\u00e1ha pri v\u00fdbere flia\u0161, ktor\u00e9 sp\u013a\u0148aj\u00fa bezpe\u010dnostn\u00e9 normy.<\/li>\n<li><strong>\u00dadr\u017eba:<\/strong> Dizajn by mal u\u013eah\u010dova\u0165 \u00fadr\u017ebu a opravy, umo\u017e\u0148ova\u0165 be\u017en\u00e9 kontroly a v\u00fdmenu dielov bez rozsiahlych prestojov. To zah\u0155\u0148a aj zoh\u013eadnenie dostupnosti a modularity komponentov.<\/li>\n<\/ul>\n<p><img decoding=\"async\" src=\"https:\/\/www.hydraulic-cylinders.net\/wp-content\/uploads\/2025\/04\/songte-oil-pipes-and-spare-parts.webp\" alt=\"Olejov\u00e9 potrubia a n\u00e1hradn\u00e9 diely\" \/><\/p>\n<h2>Tesnenie a mazanie<\/h2>\n<p>\u00da\u010dinn\u00e9 tesnenie a mazanie s\u00fa rozhoduj\u00face pre v\u00fdkon valca v\u00fdlo\u017en\u00edka. Na zabr\u00e1nenie \u00faniku hydraulickej kvapaliny sa pou\u017e\u00edvaj\u00fa r\u00f4zne tesniace prvky, ako s\u00fa tesnenia piestov a tesnenia ty\u010d\u00ed. Tieto tesnenia s\u00fa zvy\u010dajne vyroben\u00e9 z materi\u00e1lov odoln\u00fdch vo\u010di opotrebovaniu, ako je polyuret\u00e1n a nitrilov\u00e1 guma, aby sa zv\u00fd\u0161ila \u017eivotnos\u0165.<\/p>\n<p>Teleso valca a z\u00e1vitov\u00e9 konce s\u00fa prec\u00edzne opracovan\u00e9, aby sa zlep\u0161ila odolnos\u0165 proti opotrebovaniu a \u00fa\u010dinnos\u0165 tesnenia. Pravideln\u00e9 mazanie hydraulick\u00fdm olejom je nevyhnutn\u00e9 na minimaliz\u00e1ciu trenia a opotrebenia, \u010d\u00edm sa zabezpe\u010d\u00ed plynul\u00e1 prev\u00e1dzka a pred\u013a\u017ei \u017eivotnos\u0165 komponentov valca.<\/p>\n<h2>\u00dadr\u017eb\u00e1rske opatrenia<\/h2>\n<ul>\n<li><strong>Pravideln\u00e9 kontroly:<\/strong> Vykon\u00e1vajte pravideln\u00e9 kontroly, aby ste identifikovali zn\u00e1mky opotrebovania, netesnost\u00ed alebo po\u0161kodenia. V\u010dasn\u00e9 odhalenie probl\u00e9mov umo\u017e\u0148uje v\u010dasn\u00e9 opravy, predch\u00e1dzanie \u010fal\u0161\u00edm \u0161kod\u00e1m a zabezpe\u010denie konzistentn\u00e9ho v\u00fdkonu.<\/li>\n<li><strong>Spr\u00e1vne mazanie:<\/strong> V\u017edy zabezpe\u010dte dostato\u010dn\u00e9 mno\u017estvo hydraulick\u00e9ho oleja. Nedostato\u010dn\u00e9 mazanie vedie k zv\u00fd\u0161en\u00e9mu treniu a opotrebovaniu, \u010do v\u00fdrazne skracuje \u017eivotnos\u0165 hydraulick\u00fdch komponentov.<\/li>\n<li><strong>V\u00fdmena tesnenia:<\/strong> Pravidelne kontrolujte tesnenia, \u010di nie s\u00fa opotrebovan\u00e9, a v pr\u00edpade potreby ich vyme\u0148te, aby ste zachovali hydraulick\u00fa integritu a predi\u0161li \u00fanikom. Zabezpe\u010denie dobr\u00e9ho stavu tesnen\u00ed je nevyhnutn\u00e9 pre bezpe\u010dn\u00fa a efekt\u00edvnu prev\u00e1dzku.<\/li>\n<\/ul>\n<h2>Pokyny na in\u0161tal\u00e1ciu<\/h2>\n<p>Spr\u00e1vna in\u0161tal\u00e1cia valca v\u00fdlo\u017en\u00edka je k\u013e\u00fa\u010dov\u00e1 pre optim\u00e1lny v\u00fdkon. Za\u010dnite presn\u00fdm zarovnan\u00edm valca s mont\u00e1\u017enymi bodmi na stroji. Na upevnenie valca na mieste pou\u017eite vhodn\u00e9 mont\u00e1\u017ene konzoly a uistite sa, \u017ee je spr\u00e1vne zarovnan\u00fd, aby sa predi\u0161lo zbyto\u010dn\u00e9mu nam\u00e1haniu komponentov.<\/p>\n<p>Skontrolujte v\u0161etky hydraulick\u00e9 pripojenia a uistite sa, \u017ee s\u00fa tesn\u00e9, aby ste predi\u0161li \u00fanikom. Po in\u0161tal\u00e1cii otestujte hydraulick\u00fd syst\u00e9m, aby ste sa uistili, \u017ee funguje hladko a \u017ee valec spr\u00e1vne reaguje na povely. Pravidelne kontrolujte in\u0161tal\u00e1ciu, \u010di nevykazuje zn\u00e1mky nespr\u00e1vneho zarovnania alebo opotrebenia.<\/p>\n<h2>Be\u017en\u00e9 \u00falohy \u00fadr\u017eby<\/h2>\n<ul>\n<li><strong>Pravideln\u00e9 kontroly:<\/strong> Napl\u00e1nujte si pravideln\u00e9 kontroly na monitorovanie stavu valca ramena a okolit\u00fdch komponentov. Tento proakt\u00edvny pr\u00edstup pom\u00e1ha identifikova\u0165 potenci\u00e1lne probl\u00e9my sk\u00f4r, ako sa zhor\u0161ia.<\/li>\n<li><strong>Vhodn\u00e9 mazanie:<\/strong> Dodr\u017eiavanie odpor\u00fa\u010dan\u00ed v\u00fdrobcu t\u00fdkaj\u00facich sa frekvencie a typu mazania je nevyhnutn\u00e9. Spr\u00e1vne mazanie zni\u017euje trenie a opotrebenie, \u010d\u00edm zabezpe\u010duje efekt\u00edvnu prev\u00e1dzku.<\/li>\n<li><strong>V\u00fdmena tesnenia a kontroly kalibr\u00e1cie:<\/strong> Pravidelne kontrolujte a vymie\u0148ajte tesnenia, aby sa zachovala integrita hydraulick\u00e9ho syst\u00e9mu. Kalibra\u010dn\u00e9 kontroly zabezpe\u010duj\u00fa, \u017ee valec pracuje v r\u00e1mci \u0161pecifikovan\u00fdch parametrov, \u010d\u00edm sa predch\u00e1dza prev\u00e1dzkov\u00fdm poruch\u00e1m.<\/li>\n<\/ul>\n<p><img decoding=\"async\" src=\"https:\/\/www.hydraulic-cylinders.net\/wp-content\/uploads\/2025\/04\/songte-chushion-collar.webp\" alt=\"Vank\u00fa\u0161ov\u00fd golier\" \/><\/p>\n<h2>Bezpe\u010dnostn\u00e9 aspekty a faktory prostredia<\/h2>\n<p>Pri pou\u017e\u00edvan\u00ed hydraulick\u00fdch valcov je d\u00f4le\u017eit\u00e9 pochopenie bezpe\u010dnostn\u00fdch opatren\u00ed, aby sa predi\u0161lo nehod\u00e1m a zabezpe\u010dila sa bezpe\u010dnos\u0165 obsluhy a strojov. Pravideln\u00e9 \u0161kolenie o bezpe\u010dn\u00fdch prev\u00e1dzkov\u00fdch postupoch a spr\u00e1vnom pou\u017e\u00edvan\u00ed zariaden\u00ed je nevyhnutn\u00e9 na minimaliz\u00e1ciu riz\u00edk spojen\u00fdch s hydraulick\u00fdmi syst\u00e9mami.<\/p>\n<h2>Diagnostika por\u00fach a be\u017en\u00e9 probl\u00e9my<\/h2>\n<ul>\n<li><strong>\u00danik:<\/strong> Identifik\u00e1cia netesnost\u00ed v hydraulick\u00fdch valcoch je kritick\u00e1. Medzi be\u017en\u00e9 pr\u00edznaky patr\u00ed hromadenie kvapaliny okolo z\u00e1kladne valca alebo neo\u010dak\u00e1van\u00e9 poklesy hladiny kvapaliny. Netesnosti rie\u0161te okam\u017eite, aby ste predi\u0161li prev\u00e1dzkovej neefekt\u00edvnosti.<\/li>\n<li><strong>Slab\u00fd v\u00fdkon:<\/strong> Ak sa valec pohybuje pomaly alebo reaguje nekonzistentne, m\u00f4\u017ee to znamena\u0165 n\u00edzku hladinu hydraulickej kvapaliny alebo kontamin\u00e1ciu syst\u00e9mu. Pravideln\u00e1 \u00fadr\u017eba a kontroly kvapal\u00edn m\u00f4\u017eu t\u00fdmto probl\u00e9mom pred\u00eds\u0165.<\/li>\n<li><strong>Hlu\u010dn\u00e1 prev\u00e1dzka:<\/strong> Nezvy\u010dajn\u00e9 zvuky po\u010das prev\u00e1dzky m\u00f4\u017eu nazna\u010dova\u0165 vn\u00fatorn\u00e9 opotrebenie alebo nedostato\u010dn\u00e9 mazanie. Presk\u00famajte zdroj hluku a vykonajte potrebn\u00fa \u00fadr\u017ebu na odstr\u00e1nenie probl\u00e9mu.<\/li>\n<\/ul>\n<h2>Tipy na rie\u0161enie probl\u00e9mov<\/h2>\n<p>Pre efekt\u00edvnu diagnostiku a rie\u0161enie probl\u00e9mov s valcom ramena postupujte pod\u013ea t\u00fdchto tipov na rie\u0161enie probl\u00e9mov:<\/p>\n<ul>\n<li>Pravidelne kontrolujte hladinu a kvalitu hydraulickej kvapaliny, aby ste zabezpe\u010dili optim\u00e1lny v\u00fdkon.<\/li>\n<li>Skontrolujte tesnenia a spoje, \u010di nie s\u00fa opotrebovan\u00e9 alebo po\u0161koden\u00e9, aby ste predi\u0161li \u00fanikom.<\/li>\n<li>Monitorujte prev\u00e1dzku valca, \u010di nevyd\u00e1va abnorm\u00e1lne zvuky alebo probl\u00e9my s v\u00fdkonom, a ihne\u010f ich rie\u0161te, aby ste predi\u0161li \u010fal\u0161iemu po\u0161kodeniu.<\/li>\n<\/ul>\n<p><img decoding=\"async\" src=\"https:\/\/www.hydraulic-cylinders.net\/wp-content\/uploads\/2025\/04\/songte-bushings-with-all-kinds-of-excavator-models.webp\" alt=\"Puzdr\u00e1\" \/><\/p>\n<h2>O na\u0161ej spolo\u010dnosti<\/h2>\n<p>Sme popredn\u00fdm v\u00fdrobcom n\u00e1hradn\u00fdch hydraulick\u00fdch valcov a pon\u00fakame \u0161irok\u00fd sortiment produktov pre dom\u00e1ci aj medzin\u00e1rodn\u00fd trh. N\u00e1\u0161 z\u00e1v\u00e4zok k excelentnosti je podporen\u00fd prepracovanou v\u00fdrobnou strat\u00e9giou, ktor\u00e1 vyu\u017e\u00edva pokro\u010dil\u00e9 technol\u00f3gie a kvalifikovan\u00fdch odborn\u00edkov na v\u00fdrobu vysoko kvalitn\u00fdch hydraulick\u00fdch rie\u0161en\u00ed.<\/p>\n<p>Prioritn\u00fdm krit\u00e9riom pre n\u00e1s je kontrola kvality, ktor\u00e1 zabezpe\u010duje, aby ka\u017ed\u00fd produkt sp\u013a\u0148al pr\u00edsne medzin\u00e1rodn\u00e9 \u0161tandardy. Na\u0161e mo\u017enosti slu\u017eieb na mieru n\u00e1m umo\u017e\u0148uj\u00fa uspokoji\u0165 rozmanit\u00e9 potreby z\u00e1kazn\u00edkov, zatia\u013e \u010do na\u0161e najmodernej\u0161ie v\u00fdrobn\u00e9 zariadenia a \u0161pecializovan\u00e1 popredajn\u00e1 podpora zabezpe\u010duj\u00fa spokojnos\u0165 z\u00e1kazn\u00edkov.<\/p>\n<p><img decoding=\"async\" src=\"https:\/\/www.hydraulic-cylinders.net\/wp-content\/uploads\/2025\/04\/songte-company-4.webp\" alt=\"Preh\u013ead spolo\u010dnosti\" \/><br \/>\n<img decoding=\"async\" src=\"https:\/\/www.hydraulic-cylinders.net\/wp-content\/uploads\/2025\/04\/songte-company-3.webp\" alt=\"V\u00fdrobn\u00e9 zariadenie\" \/><\/p>\n<p>Autor: lyl<\/p>","protected":false},"excerpt":{"rendered":"<p>Boom Cylinder For Pushhm PZ35-7 Product Overview The Boom Cylinder For Pushhm PZ35-7 is a critical component in hydraulic systems designed to control the movement of heavy machinery buckets. This specialized hydraulic cylinder enables the lifting, lowering, and tilting of buckets in various applications, including excavators, backhoe loaders, and front-end loaders. Its primary function is [&hellip;]<\/p>","protected":false},"featured_media":17877,"comment_status":"open","ping_status":"closed","template":"","meta":{"_et_pb_use_builder":"","_et_pb_old_content":"","_et_gb_content_width":""},"product_brand":[],"product_cat":[1546],"product_tag":[1547,1496],"class_list":{"0":"post-19539","1":"product","2":"type-product","3":"status-publish","4":"has-post-thumbnail","6":"product_cat-boom-cylinders","7":"product_tag-boom-cylinders","8":"product_tag-hydraulic-cylinders","10":"first","11":"instock","12":"shipping-taxable","13":"product-type-simple"},"amp_enabled":true,"_links":{"self":[{"href":"https:\/\/www.hydraulic-cylinders.net\/sk\/wp-json\/wp\/v2\/product\/19539","targetHints":{"allow":["GET"]}}],"collection":[{"href":"https:\/\/www.hydraulic-cylinders.net\/sk\/wp-json\/wp\/v2\/product"}],"about":[{"href":"https:\/\/www.hydraulic-cylinders.net\/sk\/wp-json\/wp\/v2\/types\/product"}],"replies":[{"embeddable":true,"href":"https:\/\/www.hydraulic-cylinders.net\/sk\/wp-json\/wp\/v2\/comments?post=19539"}],"wp:featuredmedia":[{"embeddable":true,"href":"https:\/\/www.hydraulic-cylinders.net\/sk\/wp-json\/wp\/v2\/media\/17877"}],"wp:attachment":[{"href":"https:\/\/www.hydraulic-cylinders.net\/sk\/wp-json\/wp\/v2\/media?parent=19539"}],"wp:term":[{"taxonomy":"product_brand","embeddable":true,"href":"https:\/\/www.hydraulic-cylinders.net\/sk\/wp-json\/wp\/v2\/product_brand?post=19539"},{"taxonomy":"product_cat","embeddable":true,"href":"https:\/\/www.hydraulic-cylinders.net\/sk\/wp-json\/wp\/v2\/product_cat?post=19539"},{"taxonomy":"product_tag","embeddable":true,"href":"https:\/\/www.hydraulic-cylinders.net\/sk\/wp-json\/wp\/v2\/product_tag?post=19539"}],"curies":[{"name":"pracovn\u00fd list","href":"https:\/\/api.w.org\/{rel}","templated":true}]}}