{"id":19542,"date":"2025-04-07T06:53:35","date_gmt":"2025-04-07T06:53:35","guid":{"rendered":"https:\/\/www.hydraulic-cylinders.net\/product\/boom-cylinder-for-pushhm-pz165-8\/"},"modified":"2025-04-07T06:53:38","modified_gmt":"2025-04-07T06:53:38","slug":"boom-cylinder-for-pushhm-pz165-8","status":"publish","type":"product","link":"https:\/\/www.hydraulic-cylinders.net\/sk\/produkt\/boom-cylinder-for-pushhm-pz165-8\/","title":{"rendered":"Valec v\u00fdlo\u017en\u00edka pre Pushhm PZ165-8"},"content":{"rendered":"<h1>Valec v\u00fdlo\u017en\u00edka pre Pushhm PZ165-8<\/h1>\n<h2>Preh\u013ead produktu<\/h2>\n<p>Hydraulick\u00fd valec v\u00fdlo\u017en\u00edka pre Pushhm PZ165-8 je \u0161pecializovan\u00fd hydraulick\u00fd valec ur\u010den\u00fd na ovl\u00e1danie pohybu ly\u017eice v r\u00f4znych \u0165a\u017ek\u00fdch strojoch, ako s\u00fa bagre, r\u00fdpadl\u00e1 a \u010deln\u00e9 naklada\u010de. Tento hydraulick\u00fd valec umo\u017e\u0148uje zdv\u00edhanie, sp\u00fa\u0161\u0165anie a nakl\u00e1\u0148anie ly\u017eice, \u010do u\u013eah\u010duje efekt\u00edvnu a \u00fa\u010dinn\u00fa manipul\u00e1ciu s materi\u00e1lom.<\/p>\n<p><img decoding=\"async\" src=\"https:\/\/www.hydraulic-cylinders.net\/wp-content\/uploads\/2025\/04\/songte-company-1.webp\" alt=\"Valec v\u00fdlo\u017en\u00edka\" \/><\/p>\n<h3>Defin\u00edcia a v\u00fdznam valcov s vedro<\/h3>\n<p>Hydraulick\u00e9 valce s\u00fa z\u00e1kladn\u00fdmi s\u00fa\u010das\u0165ami hydraulick\u00fdch syst\u00e9mov, ktor\u00e9 umo\u017e\u0148uj\u00fa presn\u00fa prev\u00e1dzku strojov pou\u017e\u00edvan\u00fdch v stavebn\u00edctve, po\u013enohospod\u00e1rstve a in\u00fdch n\u00e1ro\u010dn\u00fdch aplik\u00e1ci\u00e1ch. Tieto valce s\u00fa skon\u0161truovan\u00e9 tak, aby odol\u00e1vali vysok\u00e9mu tlaku, v\u010faka \u010domu s\u00fa ide\u00e1lne na zdv\u00edhanie a manipul\u00e1ciu s \u0165a\u017ek\u00fdmi bremenami. Ich kon\u0161trukcia zais\u0165uje plynul\u00e9 a kontrolovan\u00e9 pohyby, ktor\u00e9 s\u00fa mimoriadne d\u00f4le\u017eit\u00e9 pri \u00faloh\u00e1ch, ako je kopanie, zdv\u00edhanie a nakl\u00e1\u0148anie. Poskytovan\u00edm potrebnej sily valce v\u00fdznamne prispievaj\u00fa k celkovej produktivite a efekt\u00edvnosti r\u00f4znych \u0165a\u017ek\u00fdch zariaden\u00ed, \u010do umo\u017e\u0148uje obsluhe \u013eahko vykon\u00e1va\u0165 zlo\u017eit\u00e9 \u00falohy.<\/p>\n<h2>Vlastnosti valca v\u00fdlo\u017en\u00edka<\/h2>\n<ul>\n<li><strong>Vysok\u00e1 pevnos\u0165 a odolnos\u0165:<\/strong> Tieto valce, ktor\u00e9 s\u00fa zvy\u010dajne vyroben\u00e9 z vysokopevnostnej ocele alebo hlin\u00edka, odol\u00e1vaj\u00fa vysok\u00e9mu tlaku a \u0165a\u017ek\u00e9mu za\u0165a\u017eeniu a z\u00e1rove\u0148 s\u00fa odoln\u00e9 vo\u010di n\u00e1ro\u010dn\u00fdm pracovn\u00fdm podmienkam, \u010do predl\u017euje ich \u017eivotnos\u0165.<\/li>\n<li><strong>Efekt\u00edvna hydraulick\u00e1 prev\u00e1dzka:<\/strong> V\u010faka hydraulick\u00e9mu tlaku oleja pre plynul\u00e9 vys\u00favanie a zas\u00favanie valce r\u00fdchlo reaguj\u00fa na prev\u00e1dzkov\u00e9 povely a poskytuj\u00fa siln\u00e9 tla\u010dn\u00e9 a \u0165a\u017en\u00e9 sily vhodn\u00e9 na manipul\u00e1ciu s \u0165a\u017ek\u00fdmi materi\u00e1lmi.<\/li>\n<li><strong>R\u00f4zne typy:<\/strong> K dispoz\u00edcii s\u00fa v jedno\u010dinnom (prev\u00e1dzkovom v jednom smere) aj dvoj\u010dinnom (prev\u00e1dzkovom v dvoch smeroch) preveden\u00ed, niektor\u00e9 modely s\u00fa teleskopick\u00e9, \u010do umo\u017e\u0148uje v\u00e4\u010d\u0161ie vysunutie bez zv\u00e4\u010d\u0161enia vonkaj\u0161\u00edch rozmerov, ide\u00e1lne pre aplik\u00e1cie s obmedzen\u00fdm priestorom.<\/li>\n<li><strong>Z\u00e1kazkov\u00e1 v\u00fdroba:<\/strong> Tento produkt vyr\u00e1bame tak, aby dokonale nahradil existuj\u00face hydraulick\u00e9 valce, \u010d\u00edm zabezpe\u010dujeme kompatibilitu a v\u00fdkon.<\/li>\n<li><strong>Komplexn\u00e1 aplik\u00e1cia:<\/strong> Navrhnut\u00e9 pre r\u00f4zne priemyseln\u00e9 aplik\u00e1cie, od stavebn\u00edctva a\u017e po po\u013enohospod\u00e1rstvo, zabezpe\u010duj\u00fa v\u0161estrannos\u0165 v r\u00e1mci r\u00f4znych prev\u00e1dzkov\u00fdch po\u017eiadaviek.<\/li>\n<\/ul>\n<p><img decoding=\"async\" src=\"https:\/\/www.hydraulic-cylinders.net\/wp-content\/uploads\/2025\/04\/songte-cylinder-head-with-all-kinds-excavator-models.webp\" alt=\"Modely bagrov\" \/><\/p>\n<h2>Scen\u00e1re aplik\u00e1ci\u00ed<\/h2>\n<h3>Stavebn\u00e9 stroje<\/h3>\n<p>V r\u00fdpadl\u00e1ch je valec v\u00fdlo\u017en\u00edka k\u013e\u00fa\u010dov\u00fd pre kopanie, nakladanie a prepravu zeminy alebo sutiny. Jeho schopnos\u0165 efekt\u00edvne manipulova\u0165 s ly\u017eicou zabezpe\u010duje, \u017ee oper\u00e1tori m\u00f4\u017eu vykon\u00e1va\u0165 svoje \u00falohy r\u00fdchlo a presne. V r\u00fdpadlo-naklada\u010doch pom\u00e1ha valec ly\u017eice nielen pri v\u00fdkope, ale aj pri zdv\u00edhan\u00ed, v\u010faka \u010domu je v\u0161estrann\u00fdm komponentom stavebn\u00fdch strojov.<\/p>\n<h3>Po\u013enohospod\u00e1rske stroje<\/h3>\n<p>Pre \u010deln\u00e9 naklada\u010de s\u00fa valce ko\u0161\u00edkov nevyhnutn\u00e9 na naberanie, zdv\u00edhanie a prepravu p\u00f4dy, sena a in\u00fdch materi\u00e1lov. \u00da\u010dinnos\u0165 t\u00fdchto valcov priamo ovplyv\u0148uje po\u013enohospod\u00e1rsku produktivitu, \u010do umo\u017e\u0148uje po\u013enohospod\u00e1rom \u013eahko a r\u00fdchlo manipulova\u0165 so sypk\u00fdmi materi\u00e1lmi.<\/p>\n<h3>R\u00fdpadl\u00e1<\/h3>\n<p>Valec kor\u010deka umo\u017e\u0148uje r\u00fdpadl\u00e1m efekt\u00edvne prenika\u0165 do zeme, \u010do u\u013eah\u010duje efekt\u00edvne kopanie. Poskytuje potrebn\u00fa silu na prerazenie tvrd\u00fdch vrstiev p\u00f4dy, \u010d\u00edm zvy\u0161uje celkov\u00fd v\u00fdkon r\u00fdpadla po\u010das stavebn\u00fdch pr\u00e1c.<\/p>\n<h3>Naklada\u010de<\/h3>\n<p>V \u010deln\u00fdch naklada\u010doch valec v\u00fdlo\u017en\u00edka pom\u00e1ha pri efekt\u00edvnom zdv\u00edhan\u00ed a vykladan\u00ed bremien. T\u00e1to schopnos\u0165 je k\u013e\u00fa\u010dov\u00e1 v r\u00f4znych aplik\u00e1ci\u00e1ch, ako s\u00fa ter\u00e9nne \u00fapravy a stavebn\u00edctvo, kde je potrebn\u00e9 materi\u00e1ly presne premiest\u0148ova\u0165 a umiest\u0148ova\u0165.<\/p>\n<h2>\u00davahy o dizajne a krit\u00e9ri\u00e1 v\u00fdberu<\/h2>\n<h3>Nosnos\u0165<\/h3>\n<p>Pri v\u00fdbere valca ramena je nosnos\u0165 prvorad\u00fdm faktorom. Valec mus\u00ed by\u0165 schopn\u00fd zvl\u00e1dnu\u0165 maxim\u00e1lne za\u0165a\u017eenie, s ktor\u00fdm sa stretne v prev\u00e1dzkov\u00fdch scen\u00e1roch. Nedostato\u010dn\u00e1 nosnos\u0165 m\u00f4\u017ee vies\u0165 k mechanick\u00e9mu po\u0161kodeniu, \u010do predstavuje bezpe\u010dnostn\u00e9 riziko po\u010das prev\u00e1dzky. Preto by sa mali starostlivo vypo\u010d\u00edta\u0165 a \u0161pecifik\u00e1cie ur\u010di\u0165 na z\u00e1klade o\u010dak\u00e1van\u00e9ho prev\u00e1dzkov\u00e9ho za\u0165a\u017eenia.<\/p>\n<h3>Tesnenie a trvanlivos\u0165<\/h3>\n<p>Tesnenie je \u010fal\u0161\u00edm kritick\u00fdm aspektom, preto\u017ee zabra\u0148uje \u00faniku hydraulickej kvapaliny, \u010do je nevyhnutn\u00e9 pre efekt\u00edvnu prev\u00e1dzku. Vybran\u00e9 tesnenia musia by\u0165 kompatibiln\u00e9 s pou\u017eitou hydraulickou kvapalinou a kon\u0161trukcia valca by mala zah\u0155\u0148a\u0165 robustn\u00e9 tesniace rie\u0161enia, ktor\u00e9 odol\u00e1vaj\u00fa opotrebeniu a n\u00e1ro\u010dn\u00fdm podmienkam. Odoln\u00e9 materi\u00e1ly a kvalitn\u00e9 tesniace mechanizmy predl\u017euj\u00fa \u017eivotnos\u0165 valca a udr\u017eiavaj\u00fa prev\u00e1dzkov\u00fa \u00fa\u010dinnos\u0165.<\/p>\n<h3>Bezpe\u010dnos\u0165 a \u00fadr\u017eba<\/h3>\n<p>Bezpe\u010dnostn\u00e9 prvky musia by\u0165 integrovan\u00e9 do kon\u0161trukcie valca v\u00fdlo\u017en\u00edka. Je potrebn\u00e9 zahrn\u00fa\u0165 vhodn\u00e9 bezpe\u010dnostn\u00e9 mechanizmy, ako s\u00fa napr\u00edklad pretlakov\u00e9 ventily, aby sa predi\u0161lo pre\u0165a\u017eeniu a potenci\u00e1lnym nebezpe\u010denstv\u00e1m. Okrem toho by kon\u0161trukcia mala umo\u017e\u0148ova\u0165 jednoduch\u00fd pr\u00edstup pre \u00fadr\u017ebu a zabezpe\u010dova\u0165, aby sa be\u017en\u00e9 kontroly a opravy mohli vykon\u00e1va\u0165 bez v\u00fdrazn\u00fdch prestojov alebo \u0165a\u017ekost\u00ed.<\/p>\n<p><img decoding=\"async\" src=\"https:\/\/www.hydraulic-cylinders.net\/wp-content\/uploads\/2025\/04\/songte-oil-pipes-and-spare-parts.webp\" alt=\"Hydraulick\u00e9 diely\" \/><\/p>\n<h2>Tesnenie a mazanie<\/h2>\n<p>\u00da\u010dinn\u00e9 tesnenie a mazanie s\u00fa nevyhnutn\u00e9 pre dlh\u00fa \u017eivotnos\u0165 a v\u00fdkon hydraulick\u00fdch valcov. R\u00f4zne tesniace komponenty, ako s\u00fa tesnenia piestov a tesnenia ty\u010d\u00ed, s\u00fa nevyhnutn\u00e9 na udr\u017eanie hydraulick\u00e9ho tlaku a zabr\u00e1nenie \u00fanikom. Tesniace materi\u00e1ly ako polyuret\u00e1n a nitrilov\u00e1 guma sa be\u017ene pou\u017e\u00edvaj\u00fa pre svoju trvanlivos\u0165 a odolnos\u0165 vo\u010di opotrebovaniu. Okrem toho, teleso valca a z\u00e1vitov\u00e9 koncov\u00e9 povrchy vy\u017eaduj\u00fa presn\u00e9 obr\u00e1banie, aby sa zv\u00fd\u0161ila odolnos\u0165 vo\u010di opotrebovaniu.<\/p>\n<p>Pravideln\u00e9 mazanie hydraulick\u00fdm olejom je nevyhnutn\u00e9 na zabezpe\u010denie hladkej prev\u00e1dzky a minimaliz\u00e1ciu trenia. Obsluha by mala dodr\u017eiava\u0165 odpor\u00fa\u010dan\u00e9 mazacie pl\u00e1ny, aby udr\u017eala optim\u00e1lny v\u00fdkon a zabr\u00e1nila pred\u010dasn\u00e9mu opotrebovaniu tesnen\u00ed a in\u00fdch komponentov.<\/p>\n<h2>Opatrenia prevent\u00edvnej \u00fadr\u017eby<\/h2>\n<ul>\n<li><strong>Pravideln\u00e9 kontroly:<\/strong> Vykon\u00e1vajte pravideln\u00e9 kontroly opotrebovania, netesnost\u00ed a celkov\u00e9ho stavu hydraulick\u00e9ho valca. V\u010dasn\u00e9 odhalenie probl\u00e9mov m\u00f4\u017ee zabr\u00e1ni\u0165 n\u00e1kladn\u00fdm oprav\u00e1m a prestojom.<\/li>\n<li><strong>Vhodn\u00e9 mazanie:<\/strong> Uistite sa, \u017ee hydraulick\u00e1 kvapalina je na optim\u00e1lnej \u00farovni a \u017ee sa vymie\u0148a pod\u013ea pokynov v\u00fdrobcu, aby sa predi\u0161lo kontamin\u00e1cii a zachoval sa v\u00fdkon.<\/li>\n<li><strong>V\u00fdmena tesnenia:<\/strong> V\u010dasn\u00e1 v\u00fdmena tesnen\u00ed je nevyhnutn\u00e1 na zabr\u00e1nenie \u00fanikom a udr\u017eanie hydraulick\u00e9ho tlaku. Prev\u00e1dzkovatelia by mali dodr\u017eiava\u0165 harmonogram kontrol a v\u00fdmen tesnen\u00ed.<\/li>\n<\/ul>\n<h2>Pokyny na in\u0161tal\u00e1ciu<\/h2>\n<p>Spr\u00e1vna in\u0161tal\u00e1cia valca ramena je k\u013e\u00fa\u010dov\u00e1 pre optim\u00e1lny v\u00fdkon. Za\u010dnite t\u00fdm, \u017ee sa uist\u00edte, \u017ee je valec spr\u00e1vne zarovnan\u00fd. Nespr\u00e1vne zarovnanie m\u00f4\u017ee vies\u0165 k nerovnomern\u00e9mu opotrebovaniu a potenci\u00e1lnemu zlyhaniu. Na pevn\u00e9 upevnenie valca pou\u017eite vhodn\u00e9 mont\u00e1\u017ene konzoly.<\/p>\n<p>Pred in\u0161tal\u00e1ciou skontrolujte, \u010di s\u00fa v\u0161etky komponenty \u010dist\u00e9 a bez ne\u010dist\u00f4t. Pred vlo\u017een\u00edm naneste na tesnenia tenk\u00fa vrstvu hydraulickej kvapaliny, aby ste zn\u00ed\u017eili trenie po\u010das prev\u00e1dzky. Po in\u0161tal\u00e1cii vykonajte sk\u00fa\u0161obn\u00fa prev\u00e1dzku, aby ste sa uistili, \u017ee valec funguje hladko, bez \u00fanikov alebo nezvy\u010dajn\u00fdch zvukov.<\/p>\n<h2>Be\u017en\u00e9 \u00falohy \u00fadr\u017eby<\/h2>\n<h3>Pravideln\u00e9 kontroly<\/h3>\n<p>Pravideln\u00e9 kontroly s\u00fa nevyhnutn\u00e9 na identifik\u00e1ciu potenci\u00e1lnych probl\u00e9mov sk\u00f4r, ako sa vyhrotia. Skontrolujte netesnosti, opotrebovanie a celkov\u00fa funk\u010dnos\u0165 hydraulick\u00e9ho valca. Zistenia zdokumentujte a ak\u00e9ko\u013evek potreby \u00fadr\u017eby okam\u017eite rie\u0161te, aby ste predi\u0161li prev\u00e1dzkov\u00fdm preru\u0161eniam.<\/p>\n<h3>Spr\u00e1vne mazanie<\/h3>\n<p>D\u00f4sledne pou\u017e\u00edvajte spr\u00e1vny typ a mno\u017estvo hydraulick\u00e9ho oleja pod\u013ea \u0161pecifik\u00e1ci\u00ed v\u00fdrobcu. Spr\u00e1vne mazanie minimalizuje trenie a predl\u017euje \u017eivotnos\u0165 tesnen\u00ed a pohybliv\u00fdch \u010dast\u00ed. V\u017edy skontrolujte, \u010di nie s\u00fa vidite\u013en\u00e9 zn\u00e1mky kontamin\u00e1cie olejom, a pod\u013ea potreby vyme\u0148te kvapalinu.<\/p>\n<h3>V\u00fdmena tesnenia a kontroly kalibr\u00e1cie<\/h3>\n<p>Pravidelne vymie\u0148ajte tesnenia, ktor\u00e9 vykazuj\u00fa zn\u00e1mky opotrebovania, aby sa zachovala integrita hydraulick\u00e9ho syst\u00e9mu. Mali by sa vykon\u00e1va\u0165 aj kontroly kalibr\u00e1cie, aby sa zabezpe\u010dilo, \u017ee valec pracuje v r\u00e1mci stanoven\u00fdch parametrov. Nespr\u00e1vna kalibr\u00e1cia m\u00f4\u017ee vies\u0165 k neefekt\u00edvnosti a zv\u00fd\u0161en\u00e9mu opotrebovaniu.<\/p>\n<p><img decoding=\"async\" src=\"https:\/\/www.hydraulic-cylinders.net\/wp-content\/uploads\/2025\/04\/songte-chushion-collar.webp\" alt=\"Vank\u00fa\u0161ov\u00fd golier\" \/><\/p>\n<h2>Bezpe\u010dnostn\u00e9 aspekty a faktory prostredia<\/h2>\n<p>Pri pr\u00e1ci s hydraulick\u00fdmi syst\u00e9mami s\u00fa bezpe\u010dnostn\u00e9 opatrenia nevyhnutn\u00e9. Obsluha by mala v\u017edy nosi\u0165 vhodn\u00e9 osobn\u00e9 ochrann\u00e9 prostriedky a dodr\u017eiava\u0165 bezpe\u010dnostn\u00e9 pokyny, aby predi\u0161la nehod\u00e1m. Je tie\u017e d\u00f4le\u017eit\u00e9 pochopi\u0165 vplyv hydraulick\u00fdch kvapal\u00edn na \u017eivotn\u00e9 prostredie; preto by sa mala vykon\u00e1va\u0165 spr\u00e1vna likvid\u00e1cia a nakladanie s t\u00fdmito kvapalinami, aby sa minimalizovali ekologick\u00e9 \u0161kody.<\/p>\n<h2>Rie\u0161enie be\u017en\u00fdch probl\u00e9mov<\/h2>\n<ul>\n<li><strong>\u00danik:<\/strong> Identifikujte zdroj \u00fanikov kontrolou tesnen\u00ed a armat\u00far. Vyme\u0148te opotrebovan\u00e9 alebo po\u0161koden\u00e9 tesnenia, aby ste obnovili ich integritu.<\/li>\n<li><strong>Probl\u00e9my s v\u00fdkonom:<\/strong> Ak sa valec pohybuje pomaly, skontrolujte hladinu hydraulickej kvapaliny a pr\u00edpadn\u00e9 upchatie potrub\u00ed.<\/li>\n<li><strong>Nezvy\u010dajn\u00e9 zvuky:<\/strong> Hluky m\u00f4\u017eu nazna\u010dova\u0165 vn\u00fatorn\u00e9 po\u0161kodenie alebo nedostato\u010dn\u00e9 mazanie. Vykonajte d\u00f4kladn\u00fa kontrolu, aby ste diagnostikovali probl\u00e9m.<\/li>\n<\/ul>\n<p>Prostredn\u00edctvom r\u00fdchleho rie\u0161enia t\u00fdchto be\u017en\u00fdch probl\u00e9mov m\u00f4\u017eu oper\u00e1tori zabezpe\u010di\u0165 dlhodob\u00fa funk\u010dnos\u0165 valca v\u00fdlo\u017en\u00edka a vyhn\u00fa\u0165 sa n\u00e1kladn\u00fdm oprav\u00e1m.<\/p>\n<p><img decoding=\"async\" src=\"https:\/\/www.hydraulic-cylinders.net\/wp-content\/uploads\/2025\/04\/songte-bushings-with-all-kinds-of-excavator-models.webp\" alt=\"Puzdr\u00e1\" \/><\/p>\n<h2>Preh\u013ead spolo\u010dnosti<\/h2>\n<p>Sme popredn\u00fdm v\u00fdrobcom n\u00e1hradn\u00fdch hydraulick\u00fdch valcov a pon\u00fakame \u0161irok\u00fd sortiment produktov, ktor\u00e9 sp\u013a\u0148aj\u00fa po\u017eiadavky dom\u00e1ceho aj medzin\u00e1rodn\u00e9ho trhu. N\u00e1\u0161 z\u00e1v\u00e4zok k dokonalosti n\u00e1s vedie k implement\u00e1cii prepracovan\u00fdch v\u00fdrobn\u00fdch strat\u00e9gi\u00ed s vyu\u017eit\u00edm pokro\u010dil\u00fdch technol\u00f3gi\u00ed a kvalifikovanej pracovnej sily na zv\u00fd\u0161enie efekt\u00edvnosti v\u00fdroby a kvality v\u00fdrobkov.<\/p>\n<p>Uprednost\u0148ujeme odborn\u00e9 znalosti, medzin\u00e1rodn\u00e9 certifik\u00e1cie a z\u00e1kazkov\u00e9 slu\u017eby prisp\u00f4soben\u00e9 potreb\u00e1m na\u0161ich klientov. Na\u0161e najmodernej\u0161ie v\u00fdrobn\u00e9 zariadenia a komplexn\u00fd popredajn\u00fd servis zabezpe\u010duj\u00fa, \u017ee efekt\u00edvne sp\u013a\u0148ame rozmanit\u00e9 po\u017eiadavky z\u00e1kazn\u00edkov.<\/p>\n<p><img decoding=\"async\" src=\"https:\/\/www.hydraulic-cylinders.net\/wp-content\/uploads\/2025\/04\/songte-company-4.webp\" alt=\"Preh\u013ead spolo\u010dnosti\" \/><br \/>\n<img decoding=\"async\" src=\"https:\/\/www.hydraulic-cylinders.net\/wp-content\/uploads\/2025\/04\/songte-company-3.webp\" alt=\"V\u00fdrobn\u00fd proces\" \/><\/p>\n<p>Autor: lyl<\/p>","protected":false},"excerpt":{"rendered":"<p>Boom Cylinder For Pushhm PZ165-8 Product Overview The Boom Cylinder for Pushhm PZ165-8 is a specialized hydraulic cylinder designed to control the movement of the bucket in various heavy machinery, such as excavators, backhoes, and front loaders. This hydraulic cylinder allows the bucket to lift, lower, and tilt, facilitating material handling tasks efficiently and effectively. [&hellip;]<\/p>","protected":false},"featured_media":17880,"comment_status":"open","ping_status":"closed","template":"","meta":{"_et_pb_use_builder":"","_et_pb_old_content":"","_et_gb_content_width":""},"product_brand":[],"product_cat":[1546],"product_tag":[1547,1496],"class_list":{"0":"post-19542","1":"product","2":"type-product","3":"status-publish","4":"has-post-thumbnail","6":"product_cat-boom-cylinders","7":"product_tag-boom-cylinders","8":"product_tag-hydraulic-cylinders","10":"first","11":"instock","12":"shipping-taxable","13":"product-type-simple"},"amp_enabled":true,"_links":{"self":[{"href":"https:\/\/www.hydraulic-cylinders.net\/sk\/wp-json\/wp\/v2\/product\/19542","targetHints":{"allow":["GET"]}}],"collection":[{"href":"https:\/\/www.hydraulic-cylinders.net\/sk\/wp-json\/wp\/v2\/product"}],"about":[{"href":"https:\/\/www.hydraulic-cylinders.net\/sk\/wp-json\/wp\/v2\/types\/product"}],"replies":[{"embeddable":true,"href":"https:\/\/www.hydraulic-cylinders.net\/sk\/wp-json\/wp\/v2\/comments?post=19542"}],"wp:featuredmedia":[{"embeddable":true,"href":"https:\/\/www.hydraulic-cylinders.net\/sk\/wp-json\/wp\/v2\/media\/17880"}],"wp:attachment":[{"href":"https:\/\/www.hydraulic-cylinders.net\/sk\/wp-json\/wp\/v2\/media?parent=19542"}],"wp:term":[{"taxonomy":"product_brand","embeddable":true,"href":"https:\/\/www.hydraulic-cylinders.net\/sk\/wp-json\/wp\/v2\/product_brand?post=19542"},{"taxonomy":"product_cat","embeddable":true,"href":"https:\/\/www.hydraulic-cylinders.net\/sk\/wp-json\/wp\/v2\/product_cat?post=19542"},{"taxonomy":"product_tag","embeddable":true,"href":"https:\/\/www.hydraulic-cylinders.net\/sk\/wp-json\/wp\/v2\/product_tag?post=19542"}],"curies":[{"name":"pracovn\u00fd list","href":"https:\/\/api.w.org\/{rel}","templated":true}]}}