{"id":19544,"date":"2025-04-07T06:53:46","date_gmt":"2025-04-07T06:53:46","guid":{"rendered":"https:\/\/www.hydraulic-cylinders.net\/product\/boom-cylinder-for-pushhm-pz250lc-8\/"},"modified":"2025-04-07T06:53:49","modified_gmt":"2025-04-07T06:53:49","slug":"boom-cylinder-for-pushhm-pz250lc-8","status":"publish","type":"product","link":"https:\/\/www.hydraulic-cylinders.net\/sk\/produkt\/boom-cylinder-for-pushhm-pz250lc-8\/","title":{"rendered":"Valec v\u00fdlo\u017en\u00edka pre Pushhm PZ250LC-8"},"content":{"rendered":"<h1>Valec v\u00fdlo\u017en\u00edka pre Pushhm PZ250LC-8<\/h1>\n<h2>\u00davod do valca v\u00fdlo\u017en\u00edka<\/h2>\n<p>Hydraulick\u00fd valec v\u00fdlo\u017en\u00edka je k\u013e\u00fa\u010dovou s\u00fa\u010das\u0165ou r\u00f4znych \u0165a\u017ek\u00fdch strojov, najm\u00e4 bagrov, r\u00fdpadiel a \u010deln\u00fdch naklada\u010dov. Tento hydraulick\u00fd valec je navrhnut\u00fd na ovl\u00e1danie pohybu ly\u017eice, \u010do umo\u017e\u0148uje jej efekt\u00edvne zdv\u00edhanie, sp\u00fa\u0161\u0165anie a nakl\u00e1\u0148anie. Funk\u010dnos\u0165 valca v\u00fdlo\u017en\u00edka je nevyhnutn\u00e1 pre \u00falohy manipul\u00e1cie s materi\u00e1lom, preto\u017ee umo\u017e\u0148uje obsluhe vykon\u00e1va\u0165 zlo\u017eit\u00e9 oper\u00e1cie s presnos\u0165ou a \u013eahkos\u0165ou. V podstate je valec v\u00fdlo\u017en\u00edka hydraulick\u00fd ovl\u00e1da\u010d, ktor\u00fd premie\u0148a hydraulick\u00fa energiu na mechanick\u00fd pohyb, \u010d\u00edm u\u013eah\u010duje pohyb ly\u017eice r\u00fdpadla vo viacer\u00fdch smeroch.<\/p>\n<p><img decoding=\"async\" src=\"https:\/\/www.hydraulic-cylinders.net\/wp-content\/uploads\/2025\/04\/songte-company-1.webp\" alt=\"Obr\u00e1zok valca v\u00fdlo\u017en\u00edka\"><\/p>\n<h2>Vlastnosti valca v\u00fdlo\u017en\u00edka<\/h2>\n<ul>\n<li>\n<h3>Vysok\u00e1 pevnos\u0165 a odolnos\u0165<\/h3>\n<p>Valec v\u00fdlo\u017en\u00edka, zvy\u010dajne vyroben\u00fd z vysokopevnostnej ocele alebo hlin\u00edka, odol\u00e1 vysok\u00e9mu tlaku a \u0165a\u017ek\u00fdm za\u0165a\u017eeniam. Jeho kon\u0161trukcia zah\u0155\u0148a odolnos\u0165 vo\u010di opotrebovaniu a kor\u00f3zii, \u010do v\u00fdrazne predl\u017euje jeho \u017eivotnos\u0165.<\/p>\n<\/li>\n<li>\n<h3>Efekt\u00edvna hydraulick\u00e1 prev\u00e1dzka<\/h3>\n<p>V\u010faka tlaku hydraulick\u00e9ho oleja umo\u017e\u0148uje valec v\u00fdlo\u017en\u00edka plynul\u00e9 vys\u00favanie a zas\u00favanie. R\u00fdchlo reaguje na ovl\u00e1dacie povely a poskytuje siln\u00e9 tla\u010dn\u00e9 a \u0165ahov\u00e9 sily, ide\u00e1lne na manipul\u00e1ciu s \u0165a\u017ek\u00fdmi materi\u00e1lmi a zlo\u017eit\u00e9 oper\u00e1cie.<\/p>\n<\/li>\n<li>\n<h3>R\u00f4zne dostupn\u00e9 typy<\/h3>\n<p>Z\u00e1kazn\u00edci si m\u00f4\u017eu vybra\u0165 medzi jedno\u010dinn\u00fdmi (hydraulicky ovl\u00e1dan\u00e9 v jednom smere) alebo dvoj\u010dinn\u00fdmi (hydraulicky ovl\u00e1dan\u00e9 v oboch smeroch) valcami. Niektor\u00e9 modely s\u00fa teleskopick\u00e9, \u010do umo\u017e\u0148uje v\u00e4\u010d\u0161ie vysunutie bez zv\u00e4\u010d\u0161enia vonkaj\u0161\u00edch rozmerov, vhodn\u00e9 pre aplik\u00e1cie s obmedzen\u00fdm priestorom.<\/p>\n<\/li>\n<\/ul>\n<h2>Na\u0161e v\u00fdrobn\u00e9 mo\u017enosti<\/h2>\n<p>\u0160pecializujeme sa na v\u00fdrobu valcov v\u00fdlo\u017en\u00edka, ktor\u00e9 dok\u00e1\u017eu dokonale nahradi\u0165 existuj\u00face hydraulick\u00e9 valce. Na\u0161e produkty s\u00fa navrhnut\u00e9 pre optim\u00e1lny v\u00fdkon a spo\u013eahlivos\u0165, \u010d\u00edm zabezpe\u010duj\u00fa, \u017ee sp\u013a\u0148aj\u00fa n\u00e1ro\u010dn\u00e9 po\u017eiadavky r\u00f4znych aplik\u00e1ci\u00ed \u0165a\u017ek\u00fdch strojov.<\/p>\n<p><img decoding=\"async\" src=\"https:\/\/www.hydraulic-cylinders.net\/wp-content\/uploads\/2025\/04\/songte-cylinder-head-with-all-kinds-excavator-models.webp\" alt=\"Modely bagrov\"><\/p>\n<h2>Aplik\u00e1cie valca v\u00fdlo\u017en\u00edka<\/h2>\n<ul>\n<li>\n<h3>Stavebn\u00e9 stroje<\/h3>\n<p>V r\u00fdpadl\u00e1ch zohr\u00e1vaj\u00fa valce v\u00fdlo\u017en\u00edka k\u013e\u00fa\u010dov\u00fa \u00falohu pri kopan\u00ed, nakladan\u00ed a premiest\u0148ovan\u00ed zeminy alebo sutiny. Umo\u017e\u0148uj\u00fa presn\u00e9 ovl\u00e1danie po\u010das v\u00fdkopov\u00fdch a zdv\u00edhac\u00edch \u00faloh, \u010d\u00edm zvy\u0161uj\u00fa celkov\u00fa \u00fa\u010dinnos\u0165 stroja.<\/p>\n<\/li>\n<li>\n<h3>Po\u013enohospod\u00e1rske stroje<\/h3>\n<p>V \u010deln\u00fdch naklada\u010doch s\u00fa valce v\u00fdlo\u017en\u00edka nevyhnutn\u00e9 na naberanie, zdv\u00edhanie a prepravu p\u00f4dy, sena a in\u00fdch materi\u00e1lov. Umo\u017e\u0148uj\u00fa po\u013enohospod\u00e1rom vykon\u00e1va\u0165 r\u00f4zne \u00falohy r\u00fdchlo a efekt\u00edvne, \u010d\u00edm zvy\u0161uj\u00fa produktivitu.<\/p>\n<\/li>\n<li>\n<h3>R\u00fdpadl\u00e1<\/h3>\n<p>V r\u00fdpadl\u00e1ch u\u013eah\u010duj\u00fa valce v\u00fdlo\u017en\u00edka kopanie t\u00fdm, \u017ee umo\u017e\u0148uj\u00fa ly\u017eici \u013eahko prenikn\u00fa\u0165 do p\u00f4dy. T\u00e1to funkcia je nevyhnutn\u00e1 pre r\u00f4zne kopacie a ter\u00e9nne \u00fapravy.<\/p>\n<\/li>\n<li>\n<h3>Naklada\u010de<\/h3>\n<p>V \u010deln\u00fdch naklada\u010doch pom\u00e1haj\u00fa valce v\u00fdlo\u017en\u00edka efekt\u00edvne zdv\u00edha\u0165 a vyklada\u0165 bremena. Prispievaj\u00fa k efekt\u00edvnej manipul\u00e1cii s materi\u00e1lmi, v\u010faka \u010domu s\u00fa \u00falohy ako nakladanie a vykladanie zvl\u00e1dnute\u013enej\u0161ie.<\/p>\n<\/li>\n<\/ul>\n<h2>\u00davahy o dizajne a krit\u00e9ri\u00e1 v\u00fdberu<\/h2>\n<ul>\n<li>\n<h3>Nosnos\u0165<\/h3>\n<p>Pri v\u00fdbere valca ramena je k\u013e\u00fa\u010dov\u00e9 pochopenie nosnosti. Valec mus\u00ed by\u0165 schopn\u00fd zvl\u00e1dnu\u0165 maxim\u00e1lnu hmotnos\u0165, ktor\u00fa bude potrebn\u00e9 zdvihn\u00fa\u0165 alebo presun\u00fa\u0165. Nedostato\u010dn\u00e1 nosnos\u0165 m\u00f4\u017ee vies\u0165 k poruche valca, \u010do predstavuje bezpe\u010dnostn\u00e9 riziko.<\/p>\n<\/li>\n<li>\n<h3>Tesniaci v\u00fdkon<\/h3>\n<p>\u00da\u010dinn\u00e9 tesnenie je nevyhnutn\u00e9 na zabr\u00e1nenie \u00faniku hydraulickej kvapaliny, \u010do m\u00f4\u017ee ohrozi\u0165 \u00fa\u010dinnos\u0165 a bezpe\u010dnos\u0165 hydraulick\u00e9ho syst\u00e9mu. Na zabezpe\u010denie dlhotrvaj\u00facej prev\u00e1dzky by sa mali pou\u017e\u00edva\u0165 vysokokvalitn\u00e9 tesnenia vyroben\u00e9 z odoln\u00fdch materi\u00e1lov.<\/p>\n<\/li>\n<li>\n<h3>Trvanlivos\u0165<\/h3>\n<p>Pri n\u00e1vrhu valcov v\u00fdlo\u017en\u00edka by mala by\u0165 prvorad\u00e1 odolnos\u0165. Musia by\u0165 schopn\u00e9 odola\u0165 n\u00e1ro\u010dn\u00fdm prev\u00e1dzkov\u00fdm podmienkam vr\u00e1tane vystavenia extr\u00e9mnym teplot\u00e1m, vlhkosti a abraz\u00edvnym materi\u00e1lom. V\u00fdber materi\u00e1lov s vysokou odolnos\u0165ou vo\u010di opotrebovaniu a kor\u00f3zii je nevyhnutn\u00fd pre dlh\u00fa \u017eivotnos\u0165.<\/p>\n<\/li>\n<li>\n<h3>Bezpe\u010dnostn\u00e9 prvky<\/h3>\n<p>Pri navrhovan\u00ed valcov ramena je bezpe\u010dnos\u0165 prvorad\u00e1. Za\u010dlenenie prvkov, ako s\u00fa pretlakov\u00e9 ventily, m\u00f4\u017ee pom\u00f4c\u0165 predch\u00e1dza\u0165 pre\u0165a\u017eeniu a potenci\u00e1lnym poruch\u00e1m po\u010das prev\u00e1dzky, a t\u00fdm chr\u00e1ni\u0165 zariadenia aj obsluhu.<\/p>\n<\/li>\n<li>\n<h3>Pr\u00edstupnos\u0165 \u00fadr\u017eby<\/h3>\n<p>Navrhnutie valca v\u00fdlo\u017en\u00edka pre jednoduch\u00fa \u00fadr\u017ebu je nevyhnutn\u00e9. Pr\u00edstupn\u00e9 komponenty umo\u017e\u0148uj\u00fa pravideln\u00e9 kontroly a r\u00fdchle opravy, \u010d\u00edm sa minimalizuj\u00fa prestoje a zvy\u0161uje prev\u00e1dzkov\u00e1 efektivita.<\/p>\n<\/li>\n<\/ul>\n<p><img decoding=\"async\" src=\"https:\/\/www.hydraulic-cylinders.net\/wp-content\/uploads\/2025\/04\/songte-oil-pipes-and-spare-parts.webp\" alt=\"Olejov\u00e9 potrubia a n\u00e1hradn\u00e9 diely\"><\/p>\n<h2>Utesnenie a mazanie valca v\u00fdlo\u017en\u00edka<\/h2>\n<p>Spr\u00e1vne tesnenie a mazanie s\u00fa rozhoduj\u00face pre v\u00fdkon a dlh\u00fa \u017eivotnos\u0165 valcov v\u00fdlo\u017en\u00edka. R\u00f4zne tesnenia, ako s\u00fa tesnenia piestov a tesnenia ty\u010d\u00ed, by mali by\u0165 vyroben\u00e9 z materi\u00e1lov odoln\u00fdch vo\u010di opotrebovaniu, ako je polyuret\u00e1n a nitrilov\u00fd kau\u010duk. Okrem toho musia by\u0165 teleso valca a z\u00e1vitov\u00e9 konce jemne opracovan\u00e9, aby sa zv\u00fd\u0161ila odolnos\u0165 vo\u010di opotrebovaniu. Pravideln\u00e9 mazanie hydraulick\u00fdm olejom je nevyhnutn\u00e9 na zn\u00ed\u017eenie trenia a opotrebenia pohybliv\u00fdch \u010dast\u00ed, \u010d\u00edm sa zabezpe\u010d\u00ed plynul\u00fd chod. Je d\u00f4le\u017eit\u00e9 stanovi\u0165 pravideln\u00fd pl\u00e1n \u00fadr\u017eby na kontrolu a dop\u013a\u0148anie hydraulick\u00e9ho oleja, \u010do prispieva k efekt\u00edvnemu fungovaniu hydraulick\u00e9ho syst\u00e9mu.<\/p>\n<h2>Pravideln\u00e1 kontrola a opatrenia prevent\u00edvnej \u00fadr\u017eby<\/h2>\n<ul>\n<li>\n<h3>Pravideln\u00e9 kontroly<\/h3>\n<p>Vykon\u00e1vanie pravideln\u00fdch kontrol je nevyhnutn\u00e9 na zabezpe\u010denie v\u00fdkonu valca ramena. Pravideln\u00e9 kontroly m\u00f4\u017eu pom\u00f4c\u0165 identifikova\u0165 potenci\u00e1lne probl\u00e9my sk\u00f4r, ako sa vyhrotia, \u010do umo\u017e\u0148uje v\u010dasn\u00e9 opravy a \u00fadr\u017ebu.<\/p>\n<\/li>\n<li>\n<h3>Vhodn\u00e9 mazanie<\/h3>\n<p>Spr\u00e1vne mazanie je k\u013e\u00fa\u010dom k udr\u017eaniu funk\u010dnosti valca ramena. Zni\u017euje opotrebovanie pohybliv\u00fdch \u010dast\u00ed a zais\u0165uje plynul\u00fd chod. Pou\u017e\u00edvajte odpor\u00fa\u010dan\u00fa hydraulick\u00fa kvapalinu a dodr\u017eiavajte pokyny v\u00fdrobcu t\u00fdkaj\u00face sa frekvencie mazania.<\/p>\n<\/li>\n<li>\n<h3>V\u00fdmena tesnenia<\/h3>\n<p>Tesnenia sa \u010dasom m\u00f4\u017eu opotrebova\u0165 a je potrebn\u00e9 ich vymeni\u0165, aby sa predi\u0161lo \u00fanikom. Pravidelne monitorujte stav tesnen\u00ed a pod\u013ea potreby ich vymie\u0148ajte, aby ste udr\u017eali hydraulick\u00fa \u00fa\u010dinnos\u0165 a zabr\u00e1nili \u00faniku kvapaliny.<\/p>\n<\/li>\n<\/ul>\n<h2>Pokyny na in\u0161tal\u00e1ciu<\/h2>\n<p>Spr\u00e1vna in\u0161tal\u00e1cia valca v\u00fdlo\u017en\u00edka je nevyhnutn\u00e1 pre optim\u00e1lny v\u00fdkon. Za\u010dnite t\u00fdm, \u017ee sa uist\u00edte, \u017ee v\u0161etky komponenty s\u00fa \u010dist\u00e9 a bez ne\u010dist\u00f4t. Na upevnenie valca pou\u017eite vhodn\u00e9 mont\u00e1\u017ene konzoly a udr\u017eujte ho spr\u00e1vne zarovnan\u00fd s ostatn\u00fdmi komponentmi stroja. Je d\u00f4le\u017eit\u00e9 vyhn\u00fa\u0165 sa nadmern\u00e9mu utiahnutiu skrutiek, \u010do m\u00f4\u017ee vies\u0165 k po\u0161kodeniu. Po in\u0161tal\u00e1cii skontrolujte tesnos\u0165 hydraulick\u00fdch spojov a uistite sa, \u017ee valec funguje plynulo v celom rozsahu pohybu. Pre zaistenie spo\u013eahlivosti dodr\u017eiavajte odpor\u00fa\u010dania v\u00fdrobcu t\u00fdkaj\u00face sa postupov in\u0161tal\u00e1cie a \u0161pecifik\u00e1ci\u00ed kr\u00fatiaceho momentu.<\/p>\n<h2>Be\u017en\u00e9 \u00falohy \u00fadr\u017eby<\/h2>\n<ul>\n<li>\n<h3>Pravideln\u00e9 kontroly<\/h3>\n<p>Sledovanie celkov\u00e9ho stavu valca ramena je k\u013e\u00fa\u010dov\u00e9. Po\u010das prev\u00e1dzky h\u013eadajte zn\u00e1mky opotrebovania, netesnost\u00ed alebo nezvy\u010dajn\u00fdch zvukov. D\u00f4sledn\u00e9 monitorovanie m\u00f4\u017ee v\u010das odhali\u0165 potenci\u00e1lne probl\u00e9my, \u010do umo\u017e\u0148uje r\u00fdchle konanie a \u00fadr\u017ebu.<\/p>\n<\/li>\n<li>\n<h3>Vhodn\u00e9 mazanie<\/h3>\n<p>Zabezpe\u010dte, aby bol valec v\u00fdlo\u017en\u00edka dostato\u010dne namazan\u00fd pod\u013ea pokynov v\u00fdrobcu. To zah\u0155\u0148a pou\u017eitie hydraulick\u00e9ho oleja pod\u013ea odpor\u00fa\u010dan\u00ed, aby sa udr\u017eala \u00fa\u010dinnos\u0165 a zabr\u00e1nilo sa pred\u010dasn\u00e9mu opotrebovaniu tesnen\u00ed a komponentov.<\/p>\n<\/li>\n<li>\n<h3>V\u00fdmena tesnenia a kontroly kalibr\u00e1cie<\/h3>\n<p>Pravidelne kontrolujte tesnenia, \u010di nie s\u00fa opotrebovan\u00e9, a v pr\u00edpade potreby ich vyme\u0148te. Spr\u00e1vna kalibr\u00e1cia valca ramena je rovnako d\u00f4le\u017eit\u00e1 pre zabezpe\u010denie presn\u00e9ho ovl\u00e1dania a prev\u00e1dzky po\u010das jeho pou\u017e\u00edvania.<\/p>\n<\/li>\n<\/ul>\n<p><img decoding=\"async\" src=\"https:\/\/www.hydraulic-cylinders.net\/wp-content\/uploads\/2025\/04\/songte-chushion-collar.webp\" alt=\"Vank\u00fa\u0161ov\u00fd golier\"><\/p>\n<h2>Bezpe\u010dnostn\u00e9 aspekty a faktory prostredia<\/h2>\n<p>Pri pr\u00e1ci s hydraulick\u00fdmi zariadeniami, ako s\u00fa napr\u00edklad valce v\u00fdlo\u017en\u00edka, s\u00fa bezpe\u010dnostn\u00e9 opatrenia prvorad\u00e9. Obsluha by mala by\u0165 vy\u0161kolen\u00e1 v bezpe\u010dnej prev\u00e1dzke strojov a d\u00f4le\u017eitosti pravideln\u00fdch kontrol hydraulick\u00fdch syst\u00e9mov. Okrem toho pou\u017e\u00edvanie ekologick\u00fdch hydraulick\u00fdch kvapal\u00edn m\u00f4\u017ee pom\u00f4c\u0165 zmierni\u0165 environment\u00e1lne rizik\u00e1 spojen\u00e9 s \u00fanikmi a rozliatiami, \u010do prispieva k bezpe\u010dnosti aj udr\u017eate\u013enosti.<\/p>\n<h2>Diagnostika por\u00fach a be\u017en\u00e9 probl\u00e9my<\/h2>\n<ul>\n<li>\n<h3>\u00danik<\/h3>\n<p>\u00danik z hydraulick\u00fdch valcov je be\u017en\u00fd probl\u00e9m, \u010dasto sp\u00f4soben\u00fd opotrebovan\u00fdmi tesneniami. Pravideln\u00e9 kontroly m\u00f4\u017eu pom\u00f4c\u0165 v\u010das odhali\u0165 \u00faniky, \u010do umo\u017e\u0148uje v\u010dasn\u00e9 opravy a predch\u00e1dzanie strate kvapaliny.<\/p>\n<\/li>\n<li>\n<h3>Pomal\u00e1 prev\u00e1dzka<\/h3>\n<p>Ak sa valec v\u00fdlo\u017en\u00edka ot\u00e1\u010da pomaly, m\u00f4\u017ee to znamena\u0165 n\u00edzku hladinu hydraulickej kvapaliny alebo upchat\u00fd filter. Kontrola hladiny kvapal\u00edn a zabezpe\u010denie \u010distoty filtrov m\u00f4\u017ee tento probl\u00e9m vyrie\u0161i\u0165.<\/p>\n<\/li>\n<li>\n<h3>Nezvy\u010dajn\u00e9 zvuky<\/h3>\n<p>Nezvy\u010dajn\u00e9 zvuky po\u010das prev\u00e1dzky m\u00f4\u017eu znamena\u0165 vn\u00fatorn\u00e9 po\u0161kodenie alebo nedostato\u010dn\u00e9 mazanie. V\u010dasn\u00e1 identifik\u00e1cia zdroja hluku m\u00f4\u017ee pom\u00f4c\u0165 pred\u00eds\u0165 \u010fal\u0161iemu po\u0161kodeniu.<\/p>\n<\/li>\n<\/ul>\n<h2>Tipy na rie\u0161enie probl\u00e9mov<\/h2>\n<p>Pre efekt\u00edvnu diagnostiku a rie\u0161enie probl\u00e9mov s valcom ramena za\u010dnite kontrolou netesnost\u00ed a rie\u0161en\u00edm ak\u00fdchko\u013evek probl\u00e9mov s tesneniami. Pri pomalej prev\u00e1dzke skontrolujte hladiny hydraulickej kvapaliny a filtrov, aby ste zabezpe\u010dili optim\u00e1lny v\u00fdkon. Pravideln\u00e1 \u00fadr\u017eba vr\u00e1tane kontroly mazania a tesnen\u00ed m\u00f4\u017ee v\u00fdrazne zn\u00ed\u017ei\u0165 pravdepodobnos\u0165 potenci\u00e1lnych probl\u00e9mov. Zaveden\u00edm prevent\u00edvnych opatren\u00ed m\u00f4\u017eu oper\u00e1tori pred\u013a\u017ei\u0165 \u017eivotnos\u0165 valca ramena a zv\u00fd\u0161i\u0165 jeho spo\u013eahlivos\u0165.<\/p>\n<p><img decoding=\"async\" src=\"https:\/\/www.hydraulic-cylinders.net\/wp-content\/uploads\/2025\/04\/songte-bushings-with-all-kinds-of-excavator-models.webp\" alt=\"Puzdr\u00e1 s modelmi bagrov\"><\/p>\n<h2>Preh\u013ead spolo\u010dnosti<\/h2>\n<p>Sme v\u00fdrobcovia hydraulick\u00fdch valcov \u0161pecializuj\u00facich sa na n\u00e1hradn\u00e9 diely. V\u010faka n\u00e1\u0161mu \u0161irok\u00e9mu sortimentu produktov sme sa stali jedn\u00fdm z popredn\u00fdch v\u00fdrobcov a ve\u013ekoobchodn\u00edkov na dom\u00e1com aj medzin\u00e1rodnom trhu. Dodr\u017eiavame z\u00e1sady excelentnosti v kvalite a vyu\u017e\u00edvame prepracovan\u00fa strat\u00e9giu riadenia v\u00fdroby, ktor\u00e1 vyu\u017e\u00edva technick\u00e9 talenty, pokro\u010dil\u00e9 digit\u00e1lne v\u00fdrobn\u00e9 zariadenia a profesion\u00e1lne testovacie syst\u00e9my. Na\u0161e siln\u00e9 kreat\u00edvne schopnosti zabezpe\u010duj\u00fa, \u017ee sp\u013a\u0148ame rozmanit\u00e9 potreby na\u0161ich z\u00e1kazn\u00edkov s vysokou efektivitou, presnos\u0165ou a kvalitou.<\/p>\n<p><img decoding=\"async\" src=\"https:\/\/www.hydraulic-cylinders.net\/wp-content\/uploads\/2025\/04\/songte-company-4.webp\" alt=\"Preh\u013ead spolo\u010dnosti 1\"><br \/>\n<img decoding=\"async\" src=\"https:\/\/www.hydraulic-cylinders.net\/wp-content\/uploads\/2025\/04\/songte-company-3.webp\" alt=\"Preh\u013ead spolo\u010dnosti 2\"><\/p>\n<p>Autor: lyl<\/p>","protected":false},"excerpt":{"rendered":"<p>Boom Cylinder For Pushhm PZ250LC-8 Introduction to Boom Cylinder The Boom Cylinder is a critical component in various heavy machinery, particularly in excavators, backhoes, and front loaders. This hydraulic cylinder is designed to control the movement of the bucket, allowing it to lift, lower, and tilt efficiently. The functionality of the boom cylinder is essential [&hellip;]<\/p>","protected":false},"featured_media":17867,"comment_status":"open","ping_status":"closed","template":"","meta":{"_et_pb_use_builder":"","_et_pb_old_content":"","_et_gb_content_width":""},"product_brand":[],"product_cat":[1546],"product_tag":[1547,1496],"class_list":{"0":"post-19544","1":"product","2":"type-product","3":"status-publish","4":"has-post-thumbnail","6":"product_cat-boom-cylinders","7":"product_tag-boom-cylinders","8":"product_tag-hydraulic-cylinders","10":"first","11":"instock","12":"shipping-taxable","13":"product-type-simple"},"amp_enabled":true,"_links":{"self":[{"href":"https:\/\/www.hydraulic-cylinders.net\/sk\/wp-json\/wp\/v2\/product\/19544","targetHints":{"allow":["GET"]}}],"collection":[{"href":"https:\/\/www.hydraulic-cylinders.net\/sk\/wp-json\/wp\/v2\/product"}],"about":[{"href":"https:\/\/www.hydraulic-cylinders.net\/sk\/wp-json\/wp\/v2\/types\/product"}],"replies":[{"embeddable":true,"href":"https:\/\/www.hydraulic-cylinders.net\/sk\/wp-json\/wp\/v2\/comments?post=19544"}],"wp:featuredmedia":[{"embeddable":true,"href":"https:\/\/www.hydraulic-cylinders.net\/sk\/wp-json\/wp\/v2\/media\/17867"}],"wp:attachment":[{"href":"https:\/\/www.hydraulic-cylinders.net\/sk\/wp-json\/wp\/v2\/media?parent=19544"}],"wp:term":[{"taxonomy":"product_brand","embeddable":true,"href":"https:\/\/www.hydraulic-cylinders.net\/sk\/wp-json\/wp\/v2\/product_brand?post=19544"},{"taxonomy":"product_cat","embeddable":true,"href":"https:\/\/www.hydraulic-cylinders.net\/sk\/wp-json\/wp\/v2\/product_cat?post=19544"},{"taxonomy":"product_tag","embeddable":true,"href":"https:\/\/www.hydraulic-cylinders.net\/sk\/wp-json\/wp\/v2\/product_tag?post=19544"}],"curies":[{"name":"pracovn\u00fd list","href":"https:\/\/api.w.org\/{rel}","templated":true}]}}