{"id":19548,"date":"2025-04-07T06:53:57","date_gmt":"2025-04-07T06:53:57","guid":{"rendered":"https:\/\/www.hydraulic-cylinders.net\/product\/boom-cylinder-for-nante-nt20\/"},"modified":"2025-04-07T06:54:00","modified_gmt":"2025-04-07T06:54:00","slug":"boom-cylinder-for-nante-nt20","status":"publish","type":"product","link":"https:\/\/www.hydraulic-cylinders.net\/sk\/produkt\/boom-cylinder-for-nante-nt20\/","title":{"rendered":"Valec v\u00fdlo\u017en\u00edka pre Nante NT20"},"content":{"rendered":"<h1>Valec v\u00fdlo\u017en\u00edka pre Nante NT20<\/h1>\n<h2>\u00davod do valca v\u00fdlo\u017en\u00edka<\/h2>\n<p>Hydraulick\u00fd valec v\u00fdlo\u017en\u00edka, \u0161peci\u00e1lne navrhnut\u00fd pre Nante NT20, je k\u013e\u00fa\u010dovou s\u00fa\u010das\u0165ou hydraulick\u00fdch syst\u00e9mov. Tento hydraulick\u00fd valec sa \u0161pecializuje na ovl\u00e1danie pohybu ly\u017e\u00edc v r\u00f4znych \u0165a\u017ek\u00fdch strojoch vr\u00e1tane r\u00fdpadiel, r\u00fdpadiel-naklada\u010dov a \u010deln\u00fdch naklada\u010dov. Umo\u017e\u0148uje ly\u017eici zdv\u00edha\u0165, sp\u00fa\u0161\u0165a\u0165 a nakl\u00e1\u0148a\u0165, \u010do u\u013eah\u010duje efekt\u00edvnu manipul\u00e1ciu s materi\u00e1lom. Valec ly\u017eice je hydraulick\u00fd aktu\u00e1tor, ktor\u00fd premie\u0148a hydraulick\u00fa energiu na mechanick\u00fd pohyb, \u010do je nevyhnutn\u00e9 na vykon\u00e1vanie nieko\u013ek\u00fdch oper\u00e1ci\u00ed v \u0165a\u017ek\u00fdch aplik\u00e1ci\u00e1ch.<\/p>\n<p><img decoding=\"async\" src=\"https:\/\/www.hydraulic-cylinders.net\/wp-content\/uploads\/2025\/04\/songte-company-1.webp\" alt=\"Valec v\u00fdlo\u017en\u00edka\"><\/p>\n<h2>Vlastnosti valca ramena<\/h2>\n<ul>\n<li><strong>Vysok\u00e1 pevnos\u0165 a odolnos\u0165:<\/strong> Tieto valce, ktor\u00e9 s\u00fa zvy\u010dajne vyroben\u00e9 z vysokopevnostnej ocele alebo hlin\u00edka, odol\u00e1vaj\u00fa vysok\u00e9mu tlaku a ve\u013ek\u00e9mu za\u0165a\u017eeniu, v\u010faka \u010domu s\u00fa vhodn\u00e9 do n\u00e1ro\u010dn\u00fdch pracovn\u00fdch prostred\u00ed. Kon\u0161trukcia tie\u017e zoh\u013ead\u0148uje odolnos\u0165 vo\u010di opotrebovaniu a kor\u00f3zii, \u010do v\u00fdrazne predl\u017euje ich \u017eivotnos\u0165.<\/li>\n<li><strong>Efekt\u00edvna hydraulick\u00e1 prev\u00e1dzka:<\/strong> V\u010faka hydraulick\u00e9mu tlaku oleja zabezpe\u010duje valec plynul\u00e9 vys\u00favanie a zas\u00favanie, \u010do umo\u017e\u0148uje r\u00fdchlu reakciu na ovl\u00e1dacie povely a dosahuje siln\u00e9 tla\u010dn\u00e9 a \u0165a\u017en\u00e9 sily. To je ide\u00e1lne na manipul\u00e1ciu s \u0165a\u017ek\u00fdmi materi\u00e1lmi a zlo\u017eit\u00e9 prev\u00e1dzkov\u00e9 \u00falohy.<\/li>\n<li><strong>R\u00f4zne typy:<\/strong> K dispoz\u00edcii s\u00fa v jedno\u010dinnom (prev\u00e1dzkovom v jednom smere) alebo dvoj\u010dinnom (prev\u00e1dzkovom v oboch smeroch) preveden\u00ed, \u010do umo\u017e\u0148uje prisp\u00f4sobenie pod\u013ea prev\u00e1dzkov\u00fdch potrieb. Niektor\u00e9 modely maj\u00fa teleskopick\u00fa kon\u0161trukciu, ktor\u00e1 umo\u017e\u0148uje v\u00e4\u010d\u0161ie vysunutie bez zv\u00e4\u010d\u0161enia vonkaj\u0161\u00edch rozmerov, \u010do je ide\u00e1lne pre aplik\u00e1cie s obmedzen\u00fdm priestorom.<\/li>\n<li><strong>Presn\u00e9 in\u017einierstvo:<\/strong> Vyroben\u00e9 s vysokou presnos\u0165ou pre zaistenie efekt\u00edvnej prev\u00e1dzky a dlhej \u017eivotnosti, dizajn zah\u0155\u0148a pokro\u010dil\u00e9 in\u017einierske techniky pre optim\u00e1lny v\u00fdkon.<\/li>\n<li><strong>Prisp\u00f4sobite\u013en\u00e9 mo\u017enosti:<\/strong> Tento produkt vieme vyrobi\u0165 prisp\u00f4soben\u00fd va\u0161im \u0161pecifick\u00fdm po\u017eiadavk\u00e1m a poskytn\u00fa\u0165 tak perfektn\u00fa n\u00e1hradu za r\u00f4zne hydraulick\u00e9 valce.<\/li>\n<\/ul>\n<p><img decoding=\"async\" src=\"https:\/\/www.hydraulic-cylinders.net\/wp-content\/uploads\/2025\/04\/songte-cylinder-head-with-all-kinds-excavator-models.webp\" alt=\"Typy hydraulick\u00fdch valcov\"><\/p>\n<h2>Aplik\u00e1cie valca ramena<\/h2>\n<h3>Stavebn\u00e9 stroje<\/h3>\n<p>V r\u00fdpadl\u00e1ch s\u00fa valce v\u00fdlo\u017en\u00edka nevyhnutn\u00e9 na kopanie, nakladanie a premiest\u0148ovanie zeminy alebo sutiny. Umo\u017e\u0148uj\u00fa ly\u017eici efekt\u00edvne prenika\u0165 do p\u00f4dy, \u010do je k\u013e\u00fa\u010dov\u00e9 pre v\u00fdkopov\u00e9 pr\u00e1ce. V r\u00fdpadlo-naklada\u010doch valec v\u00fdlo\u017en\u00edka pom\u00e1ha pri kopan\u00ed aj zdv\u00edhan\u00ed, v\u010faka \u010domu je multifunk\u010dn\u00fdm n\u00e1strojom v stavebn\u00edctve.<\/p>\n<h3>Po\u013enohospod\u00e1rske stroje<\/h3>\n<p>\u010celn\u00e9 naklada\u010de vyu\u017e\u00edvaj\u00fa valce v\u00fdlo\u017en\u00edka na naberanie, zdv\u00edhanie a prepravu p\u00f4dy, sena a in\u00fdch materi\u00e1lov. V\u010faka svojej v\u0161estrannosti s\u00fa nevyhnutn\u00e9 pre cel\u00fd rad po\u013enohospod\u00e1rskych aplik\u00e1ci\u00ed a pom\u00e1haj\u00fa farm\u00e1rom efekt\u00edvne riadi\u0165 ich \u00falohy.<\/p>\n<h3>R\u00fdpadl\u00e1<\/h3>\n<p>V r\u00fdpadl\u00e1ch u\u013eah\u010duje valec ly\u017eice kopanie t\u00fdm, \u017ee umo\u017e\u0148uje ly\u017eici prenikn\u00fa\u0165 do zeme. T\u00e1to schopnos\u0165 je nevyhnutn\u00e1 pre r\u00f4zne projekty vr\u00e1tane \u010distenia ter\u00e9nu, \u00faprav ter\u00e9nu a h\u013abenia v\u00fdkopov, v\u010faka \u010domu je valec v\u00fdlo\u017en\u00edka nevyhnutnou s\u00fa\u010das\u0165ou prev\u00e1dzky r\u00fdpadla.<\/p>\n<h3>Naklada\u010de<\/h3>\n<p>V \u010deln\u00fdch naklada\u010doch prispievaj\u00fa valce v\u00fdlo\u017en\u00edka k efekt\u00edvnemu zdv\u00edhaniu a vykladaniu materi\u00e1lov. Poskytuj\u00fa potrebn\u00fa silu na zdv\u00edhanie \u0165a\u017ek\u00fdch bremien, \u010do je k\u013e\u00fa\u010dov\u00e9 pre stavebn\u00edctvo, ter\u00e9nne \u00fapravy a in\u00e9 n\u00e1ro\u010dn\u00e9 \u00falohy.<\/p>\n<h2>\u00davahy o dizajne a krit\u00e9ri\u00e1 v\u00fdberu<\/h2>\n<h3>Nosnos\u0165<\/h3>\n<p>Pri v\u00fdbere valca v\u00fdlo\u017en\u00edka je jedn\u00fdm z najd\u00f4le\u017eitej\u0161\u00edch faktorov jeho nosnos\u0165. Valec mus\u00ed by\u0165 schopn\u00fd zvl\u00e1dnu\u0165 maxim\u00e1lnu hmotnos\u0165, s ktorou sa stretne po\u010das prev\u00e1dzky. To zah\u0155\u0148a pochopenie pracovn\u00e9ho prostredia, typu stroja, ku ktor\u00e9mu bude pripojen\u00fd, a \u0161pecifick\u00fdch \u00faloh, ktor\u00e9 bude vykon\u00e1va\u0165. Ak si nevyberiete valec s vhodnou nosnos\u0165ou, m\u00f4\u017ee to vies\u0165 k mechanick\u00e9mu zlyhaniu a potenci\u00e1lne nebezpe\u010dn\u00fdm situ\u00e1ci\u00e1m. Spr\u00e1vne technick\u00e9 v\u00fdpo\u010dty a testovanie s\u00fa nevyhnutn\u00e9 na zabezpe\u010denie toho, aby valec sp\u013a\u0148al v\u0161etky prev\u00e1dzkov\u00e9 po\u017eiadavky, \u010d\u00edm sa zvy\u0161uje bezpe\u010dnos\u0165 a v\u00fdkon.<\/p>\n<h3>Tesniace mechanizmy<\/h3>\n<p>\u00da\u010dinn\u00e9 utesnenie je prvorad\u00e9 pre udr\u017eanie integrity hydraulick\u00fdch syst\u00e9mov. V\u00fdber tesnen\u00ed \u2013 vr\u00e1tane tesnen\u00ed piestov, tesnen\u00ed ty\u010d\u00ed a in\u00fdch \u2013 ur\u010duje schopnos\u0165 valca zabr\u00e1ni\u0165 \u00faniku hydraulickej kvapaliny. Vysokokvalitn\u00e9 tesnenia vyroben\u00e9 z odoln\u00fdch materi\u00e1lov, ako je polyuret\u00e1n alebo nitrilov\u00e1 guma, s\u00fa nevyhnutn\u00e9 pre zabezpe\u010denie dlhej \u017eivotnosti a v\u00fdkonu. Okrem toho mus\u00ed by\u0165 povrchov\u00e1 \u00faprava tela valca a z\u00e1vitov\u00fdch koncov starostlivo vyroben\u00e1, aby sa zlep\u0161ila odolnos\u0165 proti opotrebovaniu a zn\u00ed\u017eilo sa riziko \u00faniku. Pravideln\u00e1 \u00fadr\u017eba a kontrola t\u00fdchto tesnen\u00ed s\u00fa k\u013e\u00fa\u010dov\u00e9 pre zabezpe\u010denie efekt\u00edvnej prev\u00e1dzky hydraulick\u00e9ho syst\u00e9mu.<\/p>\n<h3>Trvanlivos\u0165 a \u00fadr\u017eba<\/h3>\n<p>Trvanlivos\u0165 je k\u013e\u00fa\u010dov\u00fdm aspektom pri v\u00fdbere valca v\u00fdlo\u017en\u00edka. Prev\u00e1dzkov\u00e9 prostredie m\u00f4\u017ee by\u0165 drsn\u00e9, s vystaven\u00edm prachu, vlhkosti a extr\u00e9mnym teplot\u00e1m. Preto je nevyhnutn\u00fd v\u00fdber materi\u00e1lov, ktor\u00e9 t\u00fdmto podmienkam odol\u00e1vaj\u00fa. Pravideln\u00e9 \u00fadr\u017eb\u00e1rske postupy vr\u00e1tane kontrol a v\u010dasnej v\u00fdmeny opotrebovan\u00fdch komponentov zohr\u00e1vaj\u00fa v\u00fdznamn\u00fa \u00falohu pri pred\u013a\u017een\u00ed \u017eivotnosti valca. Dodr\u017eiavanie pl\u00e1nov \u00fadr\u017eby zabr\u00e1ni neo\u010dak\u00e1van\u00fdm poruch\u00e1m a n\u00e1kladn\u00fdm prestojom, \u010do v kone\u010dnom d\u00f4sledku prispeje k efekt\u00edvnosti strojov, ktor\u00e9 valec podporuje.<\/p>\n<p><img decoding=\"async\" src=\"https:\/\/www.hydraulic-cylinders.net\/wp-content\/uploads\/2025\/04\/songte-oil-pipes-and-spare-parts.webp\" alt=\"\u010casti hydraulick\u00e9ho valca\"><\/p>\n<h2>Tesnenie a mazanie<\/h2>\n<p>Tesnenie a mazanie valcov v\u00fdlo\u017en\u00edka s\u00fa rozhoduj\u00face pre ich v\u00fdkon a dlh\u00fa \u017eivotnos\u0165. R\u00f4zne tesnenia, ako s\u00fa piestne tesnenia a tesnenia ty\u010d\u00ed, s\u00fa navrhnut\u00e9 tak, aby udr\u017eiavali integritu hydraulick\u00e9ho syst\u00e9mu. Pre zv\u00fd\u0161enie odolnosti je nevyhnutn\u00e9 vybra\u0165 tesnenia vyroben\u00e9 z materi\u00e1lov odoln\u00fdch vo\u010di opotrebovaniu, ako je polyuret\u00e1n a nitrilov\u00fd kau\u010duk. Okrem toho by teleso valca a z\u00e1vitov\u00e9 konce mali by\u0165 jemne opracovan\u00e9, aby sa zlep\u0161ila odolnos\u0165 proti opotrebovaniu a zabezpe\u010dilo sa, \u017ee tesnenia bud\u00fa v priebehu \u010dasu efekt\u00edvne fungova\u0165. Pravideln\u00e9 mazanie vhodn\u00fdm hydraulick\u00fdm olejom je nevyhnutn\u00e9 na minimaliz\u00e1ciu trenia, zn\u00ed\u017eenie opotrebenia a zabr\u00e1nenie po\u0161kodeniu. Mazacie postupy by mali zah\u0155\u0148a\u0165 monitorovanie hladiny oleja a v\u00fdmenu oleja v odpor\u00fa\u010dan\u00fdch intervaloch, aby sa zabezpe\u010dil optim\u00e1lny v\u00fdkon.<\/p>\n<h2>Pravideln\u00e9 kontroly a prevent\u00edvna \u00fadr\u017eba<\/h2>\n<ul>\n<li><strong>Pl\u00e1novan\u00e9 kontroly:<\/strong> Mali by sa vykon\u00e1va\u0165 pravideln\u00e9 kontroly hydraulick\u00fdch valcov, aby sa identifikovali ak\u00e9ko\u013evek zn\u00e1mky opotrebovania, netesnost\u00ed alebo po\u0161kodenia. Pravideln\u00e9 kontroly m\u00f4\u017eu pom\u00f4c\u0165 odhali\u0165 potenci\u00e1lne probl\u00e9my sk\u00f4r, ako poved\u00fa k z\u00e1va\u017en\u00fdm poruch\u00e1m.<\/li>\n<li><strong>Postupy mazania:<\/strong> Je d\u00f4le\u017eit\u00e9 udr\u017eiava\u0165 spr\u00e1vnu hladinu mazania pod\u013ea pokynov v\u00fdrobcu. Dostato\u010dn\u00e9 mazanie zni\u017euje trenie a predl\u017euje \u017eivotnos\u0165 valca.<\/li>\n<li><strong>V\u00fdmena tesnenia:<\/strong> Tesnenia by sa mali pravidelne kontrolova\u0165, \u010di nevykazuj\u00fa zn\u00e1mky opotrebovania, a v pr\u00edpade potreby vymie\u0148a\u0165. To je k\u013e\u00fa\u010dov\u00e9 pre udr\u017eanie hydraulickej integrity a zabezpe\u010denie efekt\u00edvnej prev\u00e1dzky.<\/li>\n<\/ul>\n<h2>Pokyny na in\u0161tal\u00e1ciu<\/h2>\n<p>Spr\u00e1vna in\u0161tal\u00e1cia valcov ramena je nevyhnutn\u00e1 pre zabezpe\u010denie optim\u00e1lneho v\u00fdkonu a bezpe\u010dnosti. Za\u010dnite t\u00fdm, \u017ee sa uist\u00edte, \u017ee mont\u00e1\u017ene povrchy s\u00fa \u010dist\u00e9 a bez ne\u010dist\u00f4t. Spr\u00e1vne zarovnajte valec so strojov\u00fdm zariaden\u00edm, aby ste predi\u0161li probl\u00e9mom s nespr\u00e1vnym zarovnan\u00edm, ktor\u00e9 m\u00f4\u017ee sp\u00f4sobi\u0165 nadmern\u00e9 opotrebovanie. Na upevnenie valca na mieste pou\u017eite vhodn\u00e9 mont\u00e1\u017ene konzoly a zabezpe\u010dte jeho pevn\u00e9 pripevnenie bez nadmernej sily. Pri u\u0165ahovan\u00ed skrutiek dodr\u017eiavajte pokyny v\u00fdrobcu t\u00fdkaj\u00face sa \u0161pecifik\u00e1ci\u00ed kr\u00fatiaceho momentu. Po in\u0161tal\u00e1cii vykonajte d\u00f4kladn\u00fa kontrolu, aby ste sa uistili, \u017ee v\u0161etko je spr\u00e1vne umiestnen\u00e9 a funguje. Testovanie syst\u00e9mu za kontrolovan\u00fdch podmienok m\u00f4\u017ee pom\u00f4c\u0165 v\u010das identifikova\u0165 ak\u00e9ko\u013evek potenci\u00e1lne probl\u00e9my.<\/p>\n<h2>\u00dalohy \u00fadr\u017eby<\/h2>\n<h3>Pravideln\u00e9 kontroly<\/h3>\n<p>Vykon\u00e1vanie pravideln\u00fdch kontrol je nevyhnutn\u00e9 pre v\u010dasn\u00e9 odhalenie probl\u00e9mov. H\u013eadajte ak\u00e9ko\u013evek netesnosti, nezvy\u010dajn\u00e9 zvuky alebo zn\u00e1mky opotrebovania. Tieto kontroly by mali by\u0165 systematick\u00e9 a zdokumentovan\u00e9, aby sa v priebehu \u010dasu sledoval stav valca.<\/p>\n<h3>Vhodn\u00e9 mazanie<\/h3>\n<p>Zabezpe\u010dte, aby bol valec dostato\u010dne namazan\u00fd pod\u013ea \u0161pecifik\u00e1ci\u00ed v\u00fdrobcu. To zah\u0155\u0148a pou\u017eitie spr\u00e1vneho typu hydraulick\u00e9ho oleja a jeho nan\u00e1\u0161anie v ur\u010den\u00fdch intervaloch, aby tesnenia a pohybliv\u00e9 \u010dasti fungovali hladko.<\/p>\n<h3>V\u00fdmena tesnenia a kontroly kalibr\u00e1cie<\/h3>\n<p>Pravidelne kontrolujte opotrebovanie tesnen\u00ed a pod\u013ea potreby ich vyme\u0148te. Pravidelne by sa mali vykon\u00e1va\u0165 aj kalibra\u010dn\u00e9 kontroly, aby sa zabezpe\u010dilo, \u017ee valec funguje v r\u00e1mci navrhnut\u00fdch \u0161pecifik\u00e1ci\u00ed. To je k\u013e\u00fa\u010dov\u00e9 pre udr\u017eanie v\u00fdkonu a predch\u00e1dzanie poruch\u00e1m.<\/p>\n<p><img decoding=\"async\" src=\"https:\/\/www.hydraulic-cylinders.net\/wp-content\/uploads\/2025\/04\/songte-chushion-collar.webp\" alt=\"In\u0161tal\u00e1cia valca\"><\/p>\n<h2>Bezpe\u010dnostn\u00e9 aspekty a faktory prostredia<\/h2>\n<p>Pri pou\u017e\u00edvan\u00ed hydraulick\u00fdch valcov v\u00fdlo\u017en\u00edka je nevyhnutn\u00e9 uprednostni\u0165 bezpe\u010dnostn\u00e9 opatrenia. To zah\u0155\u0148a pochopenie potenci\u00e1lnych riz\u00edk spojen\u00fdch s hydraulick\u00fdmi syst\u00e9mami a implement\u00e1ciu strat\u00e9gi\u00ed na ich zmiernenie. Zabezpe\u010dte, aby boli oper\u00e1tori vy\u0161kolen\u00ed v rozpozn\u00e1van\u00ed riz\u00edk, pou\u017e\u00edvan\u00ed vhodn\u00fdch ochrann\u00fdch prostriedkov a dodr\u017eiavan\u00ed zaveden\u00fdch bezpe\u010dnostn\u00fdch protokolov. Okrem toho by sa mali zoh\u013eadni\u0165 environment\u00e1lne aspekty, ako je spr\u00e1vna likvid\u00e1cia hydraulick\u00fdch kvapal\u00edn a minimaliz\u00e1cia \u00fanikov na ochranu okolit\u00fdch ekosyst\u00e9mov. Zd\u00f4raz\u0148ovanie bezpe\u010dnosti a environment\u00e1lnej zodpovednosti m\u00f4\u017ee v\u00fdznamne ovplyvni\u0165 celkov\u00fa \u00fa\u010dinnos\u0165 a udr\u017eate\u013enos\u0165 hydraulick\u00fdch oper\u00e1ci\u00ed.<\/p>\n<h2>Rie\u0161enie probl\u00e9mov a be\u017en\u00e9 probl\u00e9my<\/h2>\n<ul>\n<li><strong>\u00danik:<\/strong> Ak je vidite\u013en\u00fd \u00fanik, m\u00f4\u017ee to znamena\u0165 opotrebovan\u00e9 tesnenia alebo po\u0161koden\u00e9 komponenty. Na vyrie\u0161enie tohto probl\u00e9mu m\u00f4\u017ee by\u0165 potrebn\u00e1 kontrola a v\u00fdmena tesnen\u00ed.<\/li>\n<li><strong>Pomal\u00e1 prev\u00e1dzka:<\/strong> Ak valec pracuje pomaly, m\u00f4\u017ee to by\u0165 sp\u00f4soben\u00e9 n\u00edzkou hladinou hydraulickej kvapaliny alebo vzduchom zachyten\u00fdm v syst\u00e9me. Skontrolujte hladiny kvapal\u00edn a odvzdu\u0161nite syst\u00e9m, aby ste zabezpe\u010dili jeho efekt\u00edvnu prev\u00e1dzku.<\/li>\n<li><strong>Nezvy\u010dajn\u00e9 zvuky:<\/strong> Nezvy\u010dajn\u00e9 zvuky po\u010das prev\u00e1dzky m\u00f4\u017eu signalizova\u0165 mechanick\u00fa poruchu alebo nedostato\u010dn\u00e9 mazanie. Skontrolujte valec, \u010di nie je po\u0161koden\u00fd, a uistite sa, \u017ee je udr\u017eiavan\u00e9 dostato\u010dn\u00e9 mazanie.<\/li>\n<\/ul>\n<h2>Tipy na rie\u0161enie probl\u00e9mov<\/h2>\n<p>Pri diagnostikovan\u00ed probl\u00e9mov s valcami ramena je d\u00f4le\u017eit\u00e9 pristupova\u0165 systematicky. Za\u010dnite kontrolou hladiny kvapal\u00edn a zabezpe\u010den\u00edm, aby v syst\u00e9me nebol vzduch. Pravideln\u00e9 postupy \u00fadr\u017eby, ako je v\u010dasn\u00e1 v\u00fdmena tesnen\u00ed a mazanie, m\u00f4\u017eu pom\u00f4c\u0165 predch\u00e1dza\u0165 mnoh\u00fdm be\u017en\u00fdm probl\u00e9mom. Vedenie podrobn\u00e9ho denn\u00edka \u00fadr\u017eby m\u00f4\u017ee tie\u017e pom\u00f4c\u0165 pri identifik\u00e1cii vzorcov alebo opakuj\u00facich sa probl\u00e9mov, \u010do umo\u017e\u0148uje \u00fa\u010dinnej\u0161ie prevent\u00edvne opatrenia.<\/p>\n<p><img decoding=\"async\" src=\"https:\/\/www.hydraulic-cylinders.net\/wp-content\/uploads\/2025\/04\/songte-bushings-with-all-kinds-of-excavator-models.webp\" alt=\"Rie\u0161enie probl\u00e9mov s valcom ramena\"><\/p>\n<h2>Preh\u013ead spolo\u010dnosti<\/h2>\n<p>Sme popredn\u00fdm v\u00fdrobcom a ve\u013ekoobchodn\u00fdm distrib\u00fatorom n\u00e1hradn\u00fdch hydraulick\u00fdch valcov, ktor\u00fd z\u00e1sobuje dom\u00e1ci aj medzin\u00e1rodn\u00fd trh. N\u00e1\u0161 rozsiahly sortiment produktov n\u00e1s etabloval ako jedn\u00e9ho z popredn\u00fdch v\u00fdrobcov v tomto odvetv\u00ed. Zameriavame sa na vynikaj\u00facu kvalitu a vyu\u017e\u00edvame prepracovan\u00fa v\u00fdrobn\u00fa diel\u0148u so strat\u00e9giou riadenia priemyselnej v\u00fdroby. Na\u0161a spolo\u010dnos\u0165 neust\u00e1le vylep\u0161uje na\u0161u v\u00fdrobn\u00fa platformu integr\u00e1ciou technick\u00fdch talentov, pokro\u010dil\u00fdch digit\u00e1lnych v\u00fdrobn\u00fdch zariaden\u00ed a profesion\u00e1lnych testovac\u00edch syst\u00e9mov. Tento z\u00e1v\u00e4zok n\u00e1s viedol k vybudovaniu siln\u00fdch kreat\u00edvnych schopnost\u00ed, ktor\u00e9 zabezpe\u010duj\u00fa uspokojovanie r\u00f4znorod\u00fdch potrieb z\u00e1kazn\u00edkov s vysokou efektivitou, presnos\u0165ou a kvalitou.<\/p>\n<p><img decoding=\"async\" src=\"https:\/\/www.hydraulic-cylinders.net\/wp-content\/uploads\/2025\/04\/songte-company-4.webp\" alt=\"V\u00fdroba spolo\u010dnosti\"><br \/>\n<img decoding=\"async\" src=\"https:\/\/www.hydraulic-cylinders.net\/wp-content\/uploads\/2025\/04\/songte-company-3.webp\" alt=\"V\u00fdrobn\u00e9 zariadenie spolo\u010dnosti\"><\/p>\n<h2>Z\u00e1ver<\/h2>\n<p>Stru\u010dne povedan\u00e9, valec v\u00fdlo\u017en\u00edka pre Nante NT20 je k\u013e\u00fa\u010dovou s\u00fa\u010das\u0165ou r\u00f4znych hydraulick\u00fdch aplik\u00e1ci\u00ed a pon\u00faka robustn\u00fd a efekt\u00edvny v\u00fdkon. Pochopenie jeho vlastnost\u00ed, aplik\u00e1ci\u00ed a po\u017eiadaviek na \u00fadr\u017ebu zabezpe\u010duje optim\u00e1lnu prev\u00e1dzku a dlh\u00fa \u017eivotnos\u0165. Na\u0161a spolo\u010dnos\u0165 je pripraven\u00e1 poskytn\u00fa\u0165 vysokokvalitn\u00e9 hydraulick\u00e9 rie\u0161enia, ktor\u00e9 sp\u013a\u0148aj\u00fa va\u0161e \u0161pecifick\u00e9 potreby.<\/p>\n<p>Autor: lyl<\/p>","protected":false},"excerpt":{"rendered":"<p>Boom Cylinder For Nante NT20 Introduction to Boom Cylinder The Boom Cylinder, specifically designed for the Nante NT20, is a critical component in hydraulic systems. This hydraulic cylinder is specialized for controlling the movement of buckets in various heavy machinery, including excavators, backhoe loaders, and front-end loaders. It enables the bucket to lift, lower, and [&hellip;]<\/p>","protected":false},"featured_media":17871,"comment_status":"open","ping_status":"closed","template":"","meta":{"_et_pb_use_builder":"","_et_pb_old_content":"","_et_gb_content_width":""},"product_brand":[],"product_cat":[1546],"product_tag":[1547,1496],"class_list":{"0":"post-19548","1":"product","2":"type-product","3":"status-publish","4":"has-post-thumbnail","6":"product_cat-boom-cylinders","7":"product_tag-boom-cylinders","8":"product_tag-hydraulic-cylinders","10":"first","11":"instock","12":"shipping-taxable","13":"product-type-simple"},"amp_enabled":true,"_links":{"self":[{"href":"https:\/\/www.hydraulic-cylinders.net\/sk\/wp-json\/wp\/v2\/product\/19548","targetHints":{"allow":["GET"]}}],"collection":[{"href":"https:\/\/www.hydraulic-cylinders.net\/sk\/wp-json\/wp\/v2\/product"}],"about":[{"href":"https:\/\/www.hydraulic-cylinders.net\/sk\/wp-json\/wp\/v2\/types\/product"}],"replies":[{"embeddable":true,"href":"https:\/\/www.hydraulic-cylinders.net\/sk\/wp-json\/wp\/v2\/comments?post=19548"}],"wp:featuredmedia":[{"embeddable":true,"href":"https:\/\/www.hydraulic-cylinders.net\/sk\/wp-json\/wp\/v2\/media\/17871"}],"wp:attachment":[{"href":"https:\/\/www.hydraulic-cylinders.net\/sk\/wp-json\/wp\/v2\/media?parent=19548"}],"wp:term":[{"taxonomy":"product_brand","embeddable":true,"href":"https:\/\/www.hydraulic-cylinders.net\/sk\/wp-json\/wp\/v2\/product_brand?post=19548"},{"taxonomy":"product_cat","embeddable":true,"href":"https:\/\/www.hydraulic-cylinders.net\/sk\/wp-json\/wp\/v2\/product_cat?post=19548"},{"taxonomy":"product_tag","embeddable":true,"href":"https:\/\/www.hydraulic-cylinders.net\/sk\/wp-json\/wp\/v2\/product_tag?post=19548"}],"curies":[{"name":"pracovn\u00fd list","href":"https:\/\/api.w.org\/{rel}","templated":true}]}}