{"id":19553,"date":"2025-04-07T06:54:11","date_gmt":"2025-04-07T06:54:11","guid":{"rendered":"https:\/\/www.hydraulic-cylinders.net\/product\/boom-cylinder-for-yanmar-sv017\/"},"modified":"2025-04-07T06:54:13","modified_gmt":"2025-04-07T06:54:13","slug":"boom-cylinder-for-yanmar-sv017","status":"publish","type":"product","link":"https:\/\/www.hydraulic-cylinders.net\/sk\/produkt\/boom-cylinder-for-yanmar-sv017\/","title":{"rendered":"Valec v\u00fdlo\u017en\u00edka pre Yanmar SV017"},"content":{"rendered":"<h1>Valec v\u00fdlo\u017en\u00edka pre Yanmar SV017<\/h1>\n<h2>Pochopenie valca v\u00fdlo\u017en\u00edka<\/h2>\n<p>Hydraulick\u00fd valec v\u00fdlo\u017en\u00edka je k\u013e\u00fa\u010dovou s\u00fa\u010das\u0165ou hydraulick\u00fdch syst\u00e9mov pou\u017e\u00edvan\u00fdch v \u0165a\u017ek\u00fdch strojoch, najm\u00e4 v t\u00fdch, ktor\u00e9 ovl\u00e1daj\u00fa r\u00fdpadl\u00e1 Yanmar SV017. Tento hydraulick\u00fd valec je navrhnut\u00fd \u0161peci\u00e1lne na ovl\u00e1danie pohybu v\u00fdlo\u017en\u00edka, ktor\u00fd je z\u00e1kladnou s\u00fa\u010das\u0165ou stroja, ktor\u00e1 mu umo\u017e\u0148uje efekt\u00edvne vykon\u00e1va\u0165 r\u00f4zne \u00falohy.<\/p>\n<p>V podstate valec v\u00fdlo\u017en\u00edka umo\u017e\u0148uje zdv\u00edhanie, sp\u00fa\u0161\u0165anie a nakl\u00e1\u0148anie v\u00fdlo\u017en\u00edka, \u010do u\u013eah\u010duje \u00falohy manipul\u00e1cie s materi\u00e1lom, ktor\u00e9 s\u00fa nevyhnutn\u00e9 v stavebn\u00edctve, po\u013enohospod\u00e1rstve a in\u00fdch odvetviach. Jeho \u010dinnos\u0165 je zalo\u017een\u00e1 na hydraulick\u00fdch princ\u00edpoch, kde sa na vytv\u00e1ranie pohybu pou\u017e\u00edva tlakov\u00e1 hydraulick\u00e1 kvapalina. T\u00e1to kon\u0161trukcia umo\u017e\u0148uje presn\u00e9 ovl\u00e1danie a obrovsk\u00fd v\u00fdkon, v\u010faka \u010domu je ide\u00e1lny pre n\u00e1ro\u010dn\u00e9 aplik\u00e1cie.<\/p>\n<p><img decoding=\"async\" src=\"https:\/\/www.hydraulic-cylinders.net\/wp-content\/uploads\/2025\/04\/songte-company-1.webp\" alt=\"Valec v\u00fdlo\u017en\u00edka\" \/><\/p>\n<h2>Vlastnosti valca v\u00fdlo\u017en\u00edka<\/h2>\n<ul>\n<li><strong>Vysok\u00e1 pevnos\u0165 a odolnos\u0165:<\/strong> Vyroben\u00e9 z vysokopevnostnej ocele alebo hlin\u00edka, \u010do zaru\u010duje odolnos\u0165 vo\u010di vysok\u00e9mu tlaku a \u0165a\u017ek\u00fdm za\u0165a\u017eeniam a z\u00e1rove\u0148 je prisp\u00f4sobite\u013en\u00e9 n\u00e1ro\u010dn\u00fdm pracovn\u00fdm podmienkam. Navrhnut\u00e9 tak, aby boli odoln\u00e9 vo\u010di opotrebovaniu a kor\u00f3zii, \u010d\u00edm sa predl\u017euje ich \u017eivotnos\u0165.<\/li>\n<li><strong>Efekt\u00edvna hydraulick\u00e1 prev\u00e1dzka:<\/strong> Vyu\u017e\u00edva tlak hydraulickej kvapaliny pre plynul\u00e9 vys\u00favanie a zas\u00favanie, \u010d\u00edm zabezpe\u010duje r\u00fdchlu reakciu na prev\u00e1dzkov\u00e9 pr\u00edkazy a dosahuje siln\u00e9 tlakov\u00e9 a \u0165ahov\u00e9 sily, vhodn\u00e9 na manipul\u00e1ciu s \u0165a\u017ek\u00fdmi bremenami a zlo\u017eit\u00fdmi \u00falohami.<\/li>\n<li><strong>R\u00f4zne typy:<\/strong> K dispoz\u00edcii s jedno\u010dinn\u00fdmi (pracuj\u00facimi v jednom smere) alebo dvoj\u010dinn\u00fdmi (pracuj\u00facimi v oboch smeroch) valcami pre splnenie r\u00f4znych prev\u00e1dzkov\u00fdch potrieb. Niektor\u00e9 modely s\u00fa teleskopick\u00e9, \u010do umo\u017e\u0148uje v\u00e4\u010d\u0161ie vysunutie bez zv\u00e4\u010d\u0161enia vonkaj\u0161\u00edch rozmerov, ide\u00e1lne pre aplik\u00e1cie s obmedzen\u00fdm priestorom.<\/li>\n<\/ul>\n<p>Tento produkt vieme vyrobi\u0165 a na\u0161e produkty dok\u00e1\u017eu dokonale nahradi\u0165 tieto hydraulick\u00e9 valce.<\/p>\n<p><img decoding=\"async\" src=\"https:\/\/www.hydraulic-cylinders.net\/wp-content\/uploads\/2025\/04\/songte-cylinder-head-with-all-kinds-excavator-models.webp\" alt=\"V\u00fdmena hydraulick\u00e9ho valca\" \/><\/p>\n<h2>Aplik\u00e1cie valca v\u00fdlo\u017en\u00edka<\/h2>\n<h3>Stavebn\u00e9 stroje<\/h3>\n<p>V r\u00fdpadl\u00e1ch s\u00fa valce v\u00fdlo\u017en\u00edka nevyhnutn\u00e9 na kopanie, nakladanie a premiest\u0148ovanie zeminy alebo sutiny. Poskytuj\u00fa potrebn\u00fa silu na efekt\u00edvne kopanie a s\u00fa neoddelite\u013enou s\u00fa\u010das\u0165ou celkov\u00e9ho v\u00fdkonu stroja. V r\u00fdpadlo-naklada\u010doch pom\u00e1ha valec v\u00fdlo\u017en\u00edka pri kopan\u00ed aj zdv\u00edhan\u00ed, v\u010faka \u010domu je v\u0161estrann\u00fdm n\u00e1strojom na stavenisk\u00e1ch.<\/p>\n<h3>Po\u013enohospod\u00e1rske stroje<\/h3>\n<p>Pou\u017e\u00edvan\u00fd v \u010deln\u00fdch naklada\u010doch, valec v\u00fdlo\u017en\u00edka u\u013eah\u010duje naberanie, zdv\u00edhanie a prepravu p\u00f4dy, sena a in\u00fdch materi\u00e1lov. T\u00e1to funkcia je nevyhnutn\u00e1 pre po\u013enohospod\u00e1rske \u00falohy, preto\u017ee umo\u017e\u0148uje po\u013enohospod\u00e1rom efekt\u00edvne manipulova\u0165 s materi\u00e1lmi a zvy\u0161ova\u0165 produktivitu.<\/p>\n<h3>R\u00fdpadl\u00e1<\/h3>\n<p>Valec v\u00fdlo\u017en\u00edka zlep\u0161uje v\u00fdkopov\u00fa \u010dinnos\u0165 t\u00fdm, \u017ee umo\u017e\u0148uje ly\u017eici prenikn\u00fa\u0165 do zeme. T\u00e1to schopnos\u0165 je k\u013e\u00fa\u010dov\u00e1 pre efekt\u00edvne v\u00fdkopov\u00e9 oper\u00e1cie a prispieva k celkovej \u00fa\u010dinnosti r\u00fdpadla v r\u00f4znych p\u00f4dnych podmienkach.<\/p>\n<h3>Naklada\u010de<\/h3>\n<p>V \u010deln\u00fdch naklada\u010doch pom\u00e1haj\u00fa valce v\u00fdlo\u017en\u00edka pri zdv\u00edhan\u00ed a vykladan\u00ed materi\u00e1lov, \u010d\u00edm zabezpe\u010duj\u00fa efekt\u00edvny pohyb bremien. Ich spo\u013eahlivos\u0165 a pevnos\u0165 s\u00fa k\u013e\u00fa\u010dom k \u00faspe\u0161n\u00e9mu nakladaniu v stavebn\u00edctve a priemyseln\u00fdch aplik\u00e1ci\u00e1ch.<\/p>\n<h2>\u00davahy o dizajne a krit\u00e9ri\u00e1 v\u00fdberu<\/h2>\n<h3>Nosnos\u0165<\/h3>\n<p>Nosnos\u0165 valca v\u00fdlo\u017en\u00edka je prim\u00e1rnym kon\u0161truk\u010dn\u00fdm krit\u00e9riom. Mus\u00ed by\u0165 schopn\u00fd unies\u0165 maxim\u00e1lnu hmotnos\u0165, ktor\u00e1 bude p\u00f4sobi\u0165 po\u010das prev\u00e1dzky. To zah\u0155\u0148a starostliv\u00e9 v\u00fdpo\u010dty na z\u00e1klade prev\u00e1dzkov\u00fdch po\u017eiadaviek stroja a typov za\u0165a\u017eenia, s ktor\u00fdm sa stretne.<\/p>\n<h3>Tesnenie<\/h3>\n<p>Spr\u00e1vne utesnenie je k\u013e\u00fa\u010dov\u00e9 pre zabr\u00e1nenie \u00faniku hydraulickej kvapaliny, \u010do m\u00f4\u017ee vies\u0165 k zn\u00ed\u017eeniu \u00fa\u010dinnosti a mo\u017en\u00e9mu po\u0161kodeniu. Vysokokvalitn\u00e9 tesnenia vr\u00e1tane tesnen\u00ed piestov a ty\u010d\u00ed s\u00fa nevyhnutn\u00e9 pre udr\u017eanie integrity syst\u00e9mu. V\u00fdber tesnen\u00ed vyroben\u00fdch z odoln\u00fdch materi\u00e1lov, ako je polyuret\u00e1n alebo nitrilov\u00e1 guma, zais\u0165uje dlhotrvaj\u00faci v\u00fdkon.<\/p>\n<h3>Trvanlivos\u0165<\/h3>\n<p>Trvanlivos\u0165 je nevyhnutn\u00e1 pre hydraulick\u00e9 valce, ktor\u00e9 pracuj\u00fa v n\u00e1ro\u010dn\u00fdch prostrediach. V\u00fdber materi\u00e1lu, dizajn a procesy kone\u010dnej \u00fapravy musia prispieva\u0165 k dlhej \u017eivotnosti produktu. Dobre navrhnut\u00fd valec by mal odol\u00e1va\u0165 neust\u00e1lemu opotrebovaniu pri prev\u00e1dzke za r\u00f4znych podmienok.<\/p>\n<h3>Bezpe\u010dnos\u0165<\/h3>\n<p>Bezpe\u010dnostn\u00e9 prvky s\u00fa pri hydraulickej kon\u0161trukcii prvorad\u00e9. Patria sem vstavan\u00e9 bezpe\u010dnostn\u00e9 mechanizmy, ktor\u00e9 zabra\u0148uj\u00fa pre\u0165a\u017eeniu, a hydraulick\u00e9 syst\u00e9my na uvo\u013enenie tlaku, ktor\u00e9 zabezpe\u010duj\u00fa bezpe\u010dn\u00fa prev\u00e1dzku za ka\u017ed\u00fdch okolnost\u00ed. Je potrebn\u00e9 zv\u00e1\u017ei\u0165 aj to, ako sa bude valec spr\u00e1va\u0165 v n\u00fadzov\u00fdch situ\u00e1ci\u00e1ch.<\/p>\n<h3>Udr\u017eiavate\u013enos\u0165<\/h3>\n<p>Jednoduch\u00e1 \u00fadr\u017eba je z\u00e1kladn\u00fdm faktorom pri kon\u0161trukcii. Hydraulick\u00e9 valce by mali by\u0165 navrhnut\u00e9 tak, aby sa ku k\u013e\u00fa\u010dov\u00fdm komponentom \u013eahko pristupovalo, \u010do by umo\u017e\u0148ovalo pravideln\u00e9 kontroly a v\u00fdmeny. To zabezpe\u010duje r\u00fdchle a efekt\u00edvne vykon\u00e1vanie \u00fadr\u017eby a minimalizuje prestoje.<\/p>\n<p><img decoding=\"async\" src=\"https:\/\/www.hydraulic-cylinders.net\/wp-content\/uploads\/2025\/04\/songte-oil-pipes-and-spare-parts.webp\" alt=\"N\u00e1hradn\u00e9 diely pre hydraulick\u00e9 valce\" \/><\/p>\n<h2>Tesnenie a mazanie<\/h2>\n<p>Spr\u00e1vne tesnenie a mazanie zohr\u00e1vaj\u00fa k\u013e\u00fa\u010dov\u00fa \u00falohu vo funk\u010dnosti a \u017eivotnosti hydraulick\u00fdch valcov. Na zabr\u00e1nenie \u00faniku a udr\u017eanie tlaku sa pou\u017e\u00edvaj\u00fa r\u00f4zne tesnenia, ako s\u00fa tesnenia piestov a tesnenia ty\u010d\u00ed. Materi\u00e1ly ako polyuret\u00e1n a nitrilov\u00e1 guma s\u00fa uprednost\u0148ovan\u00e9 pre svoju odolnos\u0165 vo\u010di opotrebovaniu a trvanlivos\u0165.<\/p>\n<p>Teleso valca a z\u00e1vitov\u00e9 koncov\u00e9 plochy vy\u017eaduj\u00fa jemn\u00e9 opracovanie, aby sa zv\u00fd\u0161ila odolnos\u0165 proti opotrebovaniu. Pravideln\u00e9 dop\u013a\u0148anie hydraulick\u00e9ho oleja je nevyhnutn\u00e9 pre mazanie, zabezpe\u010denie hladk\u00e9ho chodu a prevenciu po\u0161kodenia tren\u00edm.<\/p>\n<h2>Pravideln\u00e1 kontrola a prevent\u00edvna \u00fadr\u017eba<\/h2>\n<ul>\n<li><strong>Pravideln\u00e9 kontroly:<\/strong> Vykon\u00e1vajte pravideln\u00e9 kontroly, aby ste v\u010das odhalili opotrebovanie alebo po\u0161kodenie. Tento proakt\u00edvny pr\u00edstup pom\u00e1ha zmierni\u0165 v\u00e1\u017ene probl\u00e9my sk\u00f4r, ako sa zhor\u0161ia.<\/li>\n<li><strong>Spr\u00e1vne mazanie:<\/strong> Uistite sa, \u017ee valec je spr\u00e1vne mazan\u00fd pod\u013ea \u0161pecifik\u00e1ci\u00ed v\u00fdrobcu. Nedostato\u010dn\u00e9 mazanie m\u00f4\u017ee vies\u0165 k prehriatiu a pred\u010dasn\u00e9mu opotrebovaniu.<\/li>\n<li><strong>V\u00fdmena tesnenia:<\/strong> Sledujte tesnenia, \u010di nevykazuj\u00fa zn\u00e1mky opotrebovania, a v pr\u00edpade potreby ich vyme\u0148te, aby ste zachovali optim\u00e1lny v\u00fdkon. Zhor\u0161en\u00e9 tesnenia m\u00f4\u017eu vies\u0165 k netesnostiam a zn\u00ed\u017eeniu \u00fa\u010dinnosti.<\/li>\n<\/ul>\n<h2>Pokyny na in\u0161tal\u00e1ciu<\/h2>\n<p>Spr\u00e1vna in\u0161tal\u00e1cia je k\u013e\u00fa\u010dov\u00e1 pre efekt\u00edvnu prev\u00e1dzku valca ramena. Dodr\u017eujte tieto pokyny:<\/p>\n<ul>\n<li>Zabezpe\u010dte spr\u00e1vne zarovnanie valca s mont\u00e1\u017enymi konzolami, aby ste predi\u0161li nadmern\u00e9mu nam\u00e1haniu po\u010das prev\u00e1dzky.<\/li>\n<li>Na pevn\u00e9 upevnenie valca na mieste pou\u017eite vhodn\u00e9 mont\u00e1\u017ene konzoly, aby odolal prev\u00e1dzkov\u00fdm sil\u00e1m.<\/li>\n<li>Dodr\u017eiavajte odpor\u00fa\u010dania v\u00fdrobcu t\u00fdkaj\u00face sa typu a mno\u017estva hydraulickej kvapaliny, aby ste zabezpe\u010dili optim\u00e1lny v\u00fdkon.<\/li>\n<li>Po in\u0161tal\u00e1cii skontrolujte tesnos\u0165 a vykonajte potrebn\u00e9 \u00fapravy, aby ste dosiahli spr\u00e1vnu prev\u00e1dzku.<\/li>\n<\/ul>\n<h2>\u00dalohy \u00fadr\u017eby<\/h2>\n<h3>Pravideln\u00e9 kontroly<\/h3>\n<p>Pravideln\u00e9 kontroly umo\u017e\u0148uj\u00fa odhali\u0165 potenci\u00e1lne probl\u00e9my sk\u00f4r, ako poved\u00fa k poruche. Skontrolujte netesnosti, opotrebovanie a spr\u00e1vnu prev\u00e1dzku. Pre bezpe\u010dnos\u0165 a efekt\u00edvnos\u0165 je tie\u017e nevyhnutn\u00e9 zabezpe\u010di\u0165, aby v\u0161etky spoje boli tesn\u00e9 a bezpe\u010dn\u00e9.<\/p>\n<h3>Spr\u00e1vne mazanie<\/h3>\n<p>Udr\u017eiavanie spr\u00e1vneho mazania je nevyhnutn\u00e9 pre minimaliz\u00e1ciu trenia a pred\u013a\u017eenie \u017eivotnosti valca. Pou\u017e\u00edvajte vysokokvalitn\u00fd hydraulick\u00fd olej pod\u013ea odpor\u00fa\u010dan\u00ed v\u00fdrobcu a stanovte si pravideln\u00fd pl\u00e1n mazania, aby valec fungoval optim\u00e1lne.<\/p>\n<h3>V\u00fdmena tesnenia<\/h3>\n<p>Tesnenia by sa mali pravidelne vymie\u0148a\u0165 ako s\u00fa\u010das\u0165 be\u017enej \u00fadr\u017eby. Skontrolujte tesnenia, \u010di nejavia zn\u00e1mky opotrebovania, ako s\u00fa praskliny alebo rozstrapkanie, a ihne\u010f ich vyme\u0148te, aby ste predi\u0161li \u00fanikom a udr\u017eali tlak v syst\u00e9me.<\/p>\n<p><img decoding=\"async\" src=\"https:\/\/www.hydraulic-cylinders.net\/wp-content\/uploads\/2025\/04\/songte-chushion-collar.webp\" alt=\"Vank\u00fa\u0161ov\u00fd golier\" \/><\/p>\n<h2>Bezpe\u010dnostn\u00e9 aspekty a faktory prostredia<\/h2>\n<p>Pri pou\u017e\u00edvan\u00ed hydraulick\u00fdch valcov v\u00fdlo\u017en\u00edka s\u00fa bezpe\u010dnostn\u00e9 opatrenia mimoriadne d\u00f4le\u017eit\u00e9. Obsluha by mala by\u0165 vy\u0161kolen\u00e1 v bezpe\u010dn\u00fdch manipula\u010dn\u00fdch postupoch a mala by rozumie\u0165 fungovaniu hydraulick\u00e9ho syst\u00e9mu. Mali by sa vykon\u00e1va\u0165 pravideln\u00e9 bezpe\u010dnostn\u00e9 kontroly, aby sa zabezpe\u010dilo spr\u00e1vne fungovanie v\u0161etk\u00fdch komponentov. Okrem toho je nevyhnutn\u00e9 dodr\u017eiava\u0165 environment\u00e1lne predpisy, preto\u017ee nespr\u00e1vna likvid\u00e1cia hydraulick\u00fdch kvapal\u00edn m\u00f4\u017ee po\u0161kodi\u0165 ekosyst\u00e9my.<\/p>\n<h2>Diagnostika por\u00fach a be\u017en\u00e9 probl\u00e9my<\/h2>\n<ul>\n<li><strong>\u00danik:<\/strong> \u00danik je \u010dasto znakom opotrebovan\u00fdch tesnen\u00ed alebo po\u0161kodenia valca. Pravideln\u00e9 kontroly m\u00f4\u017eu pom\u00f4c\u0165 v\u010das odhali\u0165 tento probl\u00e9m.<\/li>\n<li><strong>Zn\u00ed\u017een\u00fd v\u00fdkon:<\/strong> Ak valec nefunguje hladko, m\u00f4\u017ee by\u0165 potrebn\u00e9 ho namaza\u0165 alebo vymeni\u0165 tesnenie. To m\u00f4\u017ee ma\u0165 vplyv na celkov\u00fa \u00fa\u010dinnos\u0165 stroja.<\/li>\n<li><strong>Prehriatie:<\/strong> Prehriatie m\u00f4\u017ee nazna\u010dova\u0165 nedostato\u010dn\u00e9 mazanie alebo nadmern\u00e9 za\u0165a\u017eenie. Je nevyhnutn\u00e9 zabezpe\u010di\u0165 spr\u00e1vne mazanie a dodr\u017eiavanie limitov za\u0165a\u017eenia.<\/li>\n<\/ul>\n<h2>Tipy na rie\u0161enie probl\u00e9mov<\/h2>\n<p>Pre efekt\u00edvnu diagnostiku a rie\u0161enie probl\u00e9mov postupujte pod\u013ea t\u00fdchto tipov na rie\u0161enie probl\u00e9mov:<\/p>\n<ul>\n<li>Skontrolujte hladiny v\u0161etk\u00fdch hydraulick\u00fdch kvapal\u00edn a uistite sa, \u017ee s\u00fa v odpor\u00fa\u010danom rozsahu.<\/li>\n<li>Skontrolujte tesnenia a hadice, \u010di nejavia zn\u00e1mky opotrebovania alebo po\u0161kodenia, a v pr\u00edpade potreby ich vyme\u0148te.<\/li>\n<li>Sledujte prev\u00e1dzkov\u00fa teplotu valca; ak d\u00f4jde k prehriatiu, zn\u00ed\u017ete za\u0165a\u017eenie a skontrolujte hladinu mazania.<\/li>\n<\/ul>\n<p><img decoding=\"async\" src=\"https:\/\/www.hydraulic-cylinders.net\/wp-content\/uploads\/2025\/04\/songte-bushings-with-all-kinds-of-excavator-models.webp\" alt=\"Puzdr\u00e1 bagerov\" \/><\/p>\n<h2>O na\u0161ej spolo\u010dnosti<\/h2>\n<p>Sme popredn\u00fdm v\u00fdrobcom a ve\u013ekoobchodn\u00edkom hydraulick\u00fdch valcov, zn\u00e1mym pre n\u00e1\u0161 rozsiahly sortiment produktov. Na\u0161a spolo\u010dnos\u0165 sa dr\u017e\u00ed excelentnosti v kvalite a riadi sa strat\u00e9giou industrializovan\u00e9ho riadenia v\u00fdroby, ktor\u00e1 kladie d\u00f4raz na prec\u00edzne v\u00fdrobn\u00e9 procesy.<\/p>\n<p>Na\u0161u v\u00fdrobn\u00fa platformu neust\u00e1le vylep\u0161ujeme vyu\u017e\u00edvan\u00edm kvalifikovan\u00fdch technikov, pokro\u010dil\u00fdch digit\u00e1lnych v\u00fdrobn\u00fdch zariaden\u00ed a profesion\u00e1lnych testovac\u00edch syst\u00e9mov. N\u00e1\u0161 z\u00e1v\u00e4zok k vysokej efektivite, presnosti a kvalite n\u00e1m umo\u017e\u0148uje efekt\u00edvne uspokojova\u0165 rozmanit\u00e9 potreby z\u00e1kazn\u00edkov.<\/p>\n<p><img decoding=\"async\" src=\"https:\/\/www.hydraulic-cylinders.net\/wp-content\/uploads\/2025\/04\/songte-company-4.webp\" alt=\"V\u00fdroba spolo\u010dnosti\" \/><br \/>\n<img decoding=\"async\" src=\"https:\/\/www.hydraulic-cylinders.net\/wp-content\/uploads\/2025\/04\/songte-company-3.webp\" alt=\"Vybavenie spolo\u010dnosti\" \/><\/p>\n<p>Autor: lyl<\/p>","protected":false},"excerpt":{"rendered":"<p>Boom Cylinder For Yanmar SV017 Understanding the Boom Cylinder The Boom Cylinder is a crucial component in the hydraulic systems used in heavy machinery, particularly those operated by Yanmar SV017 excavators. This hydraulic cylinder is designed specifically to control the movement of the boom, which is an essential part of the machine that allows it [&hellip;]<\/p>","protected":false},"featured_media":17876,"comment_status":"open","ping_status":"closed","template":"","meta":{"_et_pb_use_builder":"","_et_pb_old_content":"","_et_gb_content_width":""},"product_brand":[],"product_cat":[1546],"product_tag":[1547,1496],"class_list":{"0":"post-19553","1":"product","2":"type-product","3":"status-publish","4":"has-post-thumbnail","6":"product_cat-boom-cylinders","7":"product_tag-boom-cylinders","8":"product_tag-hydraulic-cylinders","10":"first","11":"instock","12":"shipping-taxable","13":"product-type-simple"},"amp_enabled":true,"_links":{"self":[{"href":"https:\/\/www.hydraulic-cylinders.net\/sk\/wp-json\/wp\/v2\/product\/19553","targetHints":{"allow":["GET"]}}],"collection":[{"href":"https:\/\/www.hydraulic-cylinders.net\/sk\/wp-json\/wp\/v2\/product"}],"about":[{"href":"https:\/\/www.hydraulic-cylinders.net\/sk\/wp-json\/wp\/v2\/types\/product"}],"replies":[{"embeddable":true,"href":"https:\/\/www.hydraulic-cylinders.net\/sk\/wp-json\/wp\/v2\/comments?post=19553"}],"wp:featuredmedia":[{"embeddable":true,"href":"https:\/\/www.hydraulic-cylinders.net\/sk\/wp-json\/wp\/v2\/media\/17876"}],"wp:attachment":[{"href":"https:\/\/www.hydraulic-cylinders.net\/sk\/wp-json\/wp\/v2\/media?parent=19553"}],"wp:term":[{"taxonomy":"product_brand","embeddable":true,"href":"https:\/\/www.hydraulic-cylinders.net\/sk\/wp-json\/wp\/v2\/product_brand?post=19553"},{"taxonomy":"product_cat","embeddable":true,"href":"https:\/\/www.hydraulic-cylinders.net\/sk\/wp-json\/wp\/v2\/product_cat?post=19553"},{"taxonomy":"product_tag","embeddable":true,"href":"https:\/\/www.hydraulic-cylinders.net\/sk\/wp-json\/wp\/v2\/product_tag?post=19553"}],"curies":[{"name":"pracovn\u00fd list","href":"https:\/\/api.w.org\/{rel}","templated":true}]}}