{"id":19555,"date":"2025-04-07T06:54:16","date_gmt":"2025-04-07T06:54:16","guid":{"rendered":"https:\/\/www.hydraulic-cylinders.net\/product\/boom-cylinder-for-yanmar-vi030-6b\/"},"modified":"2025-04-07T06:54:18","modified_gmt":"2025-04-07T06:54:18","slug":"boom-cylinder-for-yanmar-vi030-6b","status":"publish","type":"product","link":"https:\/\/www.hydraulic-cylinders.net\/sk\/produkt\/boom-cylinder-for-yanmar-vi030-6b\/","title":{"rendered":"Valec v\u00fdlo\u017en\u00edka pre Yanmar VI030-6B"},"content":{"rendered":"<h1>Valec v\u00fdlo\u017en\u00edka pre Yanmar VI030-6B<\/h1>\n<h2>Preh\u013ead produktu<\/h2>\n<p>Hydraulick\u00fd valec v\u00fdlo\u017en\u00edka pre Yanmar VI030-6B je d\u00f4le\u017eit\u00fd komponent navrhnut\u00fd \u0161peci\u00e1lne pre \u0165a\u017ek\u00e9 stroje, najm\u00e4 pre r\u00fdpadl\u00e1 a r\u00fdpadl\u00e1-naklada\u010de. Tento hydraulick\u00fd valec zohr\u00e1va k\u013e\u00fa\u010dov\u00fa \u00falohu pri ovl\u00e1dan\u00ed pohybu ly\u017eice, \u010do umo\u017e\u0148uje jej presn\u00e9 zdv\u00edhanie, sp\u00fa\u0161\u0165anie a nakl\u00e1\u0148anie. Tieto funkcie s\u00fa nevyhnutn\u00e9 pre efekt\u00edvnu manipul\u00e1ciu s materi\u00e1lom na stavb\u00e1ch a v r\u00f4znych priemyseln\u00fdch aplik\u00e1ci\u00e1ch.<\/p>\n<p><img decoding=\"async\" src=\"https:\/\/www.hydraulic-cylinders.net\/wp-content\/uploads\/2025\/04\/songte-company-1.webp\" alt=\"Valec v\u00fdlo\u017en\u00edka pre r\u00fdpadl\u00e1\" \/><\/p>\n<h3>Defin\u00edcia a funkcia<\/h3>\n<p>Hydraulick\u00fd valec ly\u017eice je typ hydraulick\u00e9ho valca, ktor\u00fd sa pou\u017e\u00edva najm\u00e4 v \u0165a\u017ek\u00fdch strojoch na ovl\u00e1danie pohybu pr\u00edslu\u0161enstva ly\u017eice. Umo\u017e\u0148uje ly\u017eici vykon\u00e1va\u0165 z\u00e1kladn\u00e9 funkcie, ako je kopanie, naberanie a premiest\u0148ovanie materi\u00e1lov. V\u010faka hydraulick\u00e9mu tlaku tieto valce zabezpe\u010duj\u00fa plynul\u00fd a efekt\u00edvny chod, v\u010faka \u010domu s\u00fa nevyhnutn\u00e9 pre \u00falohy, ktor\u00e9 vy\u017eaduj\u00fa presnos\u0165 a v\u00fdkon.<\/p>\n<h2>K\u013e\u00fa\u010dov\u00e9 vlastnosti<\/h2>\n<ul>\n<li><strong>Vysok\u00e1 pevnos\u0165 a odolnos\u0165:<\/strong> Tieto valce, ktor\u00e9 s\u00fa zvy\u010dajne vyroben\u00e9 z vysokopevnostnej ocele alebo hlin\u00edka, odol\u00e1vaj\u00fa vysok\u00e9mu tlaku a \u0165a\u017ek\u00e9mu za\u0165a\u017eeniu, prisp\u00f4sobuj\u00fa sa n\u00e1ro\u010dn\u00fdm pracovn\u00fdm podmienkam a z\u00e1rove\u0148 predl\u017euj\u00fa svoju \u017eivotnos\u0165.<\/li>\n<li><strong>Efekt\u00edvna hydraulick\u00e1 prev\u00e1dzka:<\/strong> V\u010faka hydraulick\u00e9mu tlaku oleja zabezpe\u010duje valec v\u00fdlo\u017en\u00edka plynul\u00e9 vys\u00favanie a zas\u00favanie s r\u00fdchlou odozvou na povely oper\u00e1tora, v\u010faka \u010domu je vhodn\u00fd na zdv\u00edhanie \u0165a\u017ek\u00fdch bremien a zlo\u017eit\u00e9 \u00falohy.<\/li>\n<li><strong>R\u00f4zne typy:<\/strong> K dispoz\u00edcii s\u00fa jedno\u010dinn\u00e9 a dvoj\u010dinn\u00e9 konfigur\u00e1cie, ktor\u00e9 vyhovuj\u00fa r\u00f4znym prev\u00e1dzkov\u00fdm potreb\u00e1m. Niektor\u00e9 modely s\u00fa teleskopick\u00e9, \u010do umo\u017e\u0148uje v\u00e4\u010d\u0161ie vysunutie bez zv\u00e4\u010d\u0161enia vonkaj\u0161\u00edch rozmerov, ide\u00e1lne do stiesnen\u00fdch priestorov.<\/li>\n<li><strong>Z\u00e1kazkov\u00e1 v\u00fdroba:<\/strong> Na\u0161e produkty dok\u00e1\u017eu dokonale nahradi\u0165 existuj\u00face hydraulick\u00e9 valce, \u010d\u00edm zabezpe\u010duj\u00fa kompatibilitu a spo\u013eahlivos\u0165 vo v\u0161etk\u00fdch aplik\u00e1ci\u00e1ch.<\/li>\n<li><strong>Jednoduch\u00e1 \u00fadr\u017eba:<\/strong> Na\u0161e valce s\u00fa navrhnut\u00e9 s oh\u013eadom na pohodlie pou\u017e\u00edvate\u013ea, \u013eahko sa udr\u017eiavaj\u00fa a zabezpe\u010duj\u00fa optim\u00e1lnu funk\u010dnos\u0165 v priebehu \u010dasu.<\/li>\n<\/ul>\n<p><img decoding=\"async\" src=\"https:\/\/www.hydraulic-cylinders.net\/wp-content\/uploads\/2025\/04\/songte-cylinder-head-with-all-kinds-excavator-models.webp\" alt=\"Modely hydraulick\u00fdch valcov\" \/><\/p>\n<h2>Scen\u00e1re aplik\u00e1ci\u00ed<\/h2>\n<h3>Stavebn\u00e9 stroje<\/h3>\n<p>V r\u00fdpadl\u00e1ch je valec v\u00fdlo\u017en\u00edka k\u013e\u00fa\u010dov\u00fd pre kopanie, nakladanie a premiest\u0148ovanie zeminy alebo sutiny. Jeho schopnos\u0165 presne ovl\u00e1da\u0165 umo\u017e\u0148uje oper\u00e1torom vykon\u00e1va\u0165 \u00falohy efekt\u00edvne, \u010d\u00edm sa skracuje \u010das potrebn\u00fd na v\u00fdkopov\u00e9 projekty.<\/p>\n<h3>Po\u013enohospod\u00e1rske stroje<\/h3>\n<p>\u010celn\u00e9 naklada\u010de vyu\u017e\u00edvaj\u00fa valce v\u00fdlo\u017en\u00edka na naberanie, zdv\u00edhanie a prepravu p\u00f4dy, sena a in\u00fdch materi\u00e1lov. Hydraulick\u00fd mechanizmus zabezpe\u010duje, \u017ee po\u013enohospod\u00e1ri m\u00f4\u017eu \u013eah\u0161ie manipulova\u0165 s \u0165a\u017ek\u00fdmi bremenami, \u010d\u00edm sa po\u013enohospod\u00e1rske oper\u00e1cie st\u00e1vaj\u00fa produkt\u00edvnej\u0161\u00edmi a menej n\u00e1ro\u010dn\u00fdmi na pracovn\u00fa silu.<\/p>\n<h3>R\u00fdpadl\u00e1<\/h3>\n<p>Valec ly\u017eice u\u013eah\u010duje kopanie t\u00fdm, \u017ee umo\u017e\u0148uje ly\u017eici efekt\u00edvne prenika\u0165 do p\u00f4dy. T\u00e1to schopnos\u0165 je nevyhnutn\u00e1 pri stavebn\u00fdch a ter\u00e9nnych pr\u00e1cach, kde je pre z\u00e1kladov\u00e9 pr\u00e1ce potrebn\u00fd presn\u00fd v\u00fdkop.<\/p>\n<h3>Naklada\u010de<\/h3>\n<p>V \u010deln\u00fdch naklada\u010doch pom\u00e1haj\u00fa valce v\u00fdlo\u017en\u00edka efekt\u00edvne zdv\u00edha\u0165 a vyklada\u0165 n\u00e1klad. Ich kon\u0161trukcia umo\u017e\u0148uje optim\u00e1lnu v\u00fd\u0161ku a dosah vykladania, v\u010faka \u010domu s\u00fa \u00falohy manipul\u00e1cie s materi\u00e1lom bezprobl\u00e9mov\u00e9 a efekt\u00edvne.<\/p>\n<h2>\u00davahy o dizajne a krit\u00e9ri\u00e1 v\u00fdberu<\/h2>\n<h3>Nosnos\u0165<\/h3>\n<p>K\u013e\u00fa\u010dov\u00fdm faktorom pri v\u00fdbere valca ramena je jeho nosnos\u0165. Mus\u00ed by\u0165 schopn\u00fd zvl\u00e1dnu\u0165 maxim\u00e1lnu hmotnos\u0165, ktor\u00fa zdvihne, bez kompromisov v oblasti bezpe\u010dnosti alebo v\u00fdkonu. V\u00fdber valca s primeranou nosnos\u0165ou zabezpe\u010d\u00ed, \u017ee bude fungova\u0165 efekt\u00edvne aj pri maxim\u00e1lnom nam\u00e1han\u00ed.<\/p>\n<h3>Tesnenie a trvanlivos\u0165<\/h3>\n<p>Tesnenie je k\u013e\u00fa\u010dov\u00e9 pre zabr\u00e1nenie \u00faniku hydraulickej kvapaliny, \u010do m\u00f4\u017ee vies\u0165 k neefekt\u00edvnosti a potenci\u00e1lnemu po\u0161kodeniu. Dobre utesnen\u00fd hydraulick\u00fd valec udr\u017eiava tlak a v\u00fdkon, \u010d\u00edm zais\u0165uje dlh\u00fa \u017eivotnos\u0165 a spo\u013eahlivos\u0165 v n\u00e1ro\u010dn\u00fdch podmienkach.<\/p>\n<h3>Bezpe\u010dnostn\u00e9 prvky<\/h3>\n<p>Bezpe\u010dnos\u0165 je pri kon\u0161trukcii hydraulick\u00fdch valcov prvorad\u00e1. Funkcie, ako s\u00fa pretlakov\u00e9 ventily a robustn\u00e9 kon\u0161truk\u010dn\u00e9 materi\u00e1ly, pom\u00e1haj\u00fa predch\u00e1dza\u0165 katastrofick\u00fdm poruch\u00e1m. Pravideln\u00e9 kontroly a dodr\u017eiavanie bezpe\u010dnostn\u00fdch noriem s\u00fa tie\u017e nevyhnutn\u00e9 pre prev\u00e1dzkov\u00fa bezpe\u010dnos\u0165.<\/p>\n<p><img decoding=\"async\" src=\"https:\/\/www.hydraulic-cylinders.net\/wp-content\/uploads\/2025\/04\/songte-oil-pipes-and-spare-parts.webp\" alt=\"Hydraulick\u00e9 olejov\u00e9 potrubia\" \/><\/p>\n<h2>Tesnenie a mazanie<\/h2>\n<p>Pou\u017eitie r\u00f4znych tesnen\u00ed, ako s\u00fa piestne tesnenia a tesnenia ty\u010d\u00ed, je nevyhnutn\u00e9 na udr\u017eanie hydraulickej integrity. Tesnenia vyroben\u00e9 z odoln\u00fdch materi\u00e1lov, ako je polyuret\u00e1n a nitrilov\u00fd kau\u010duk, poskytuj\u00fa vynikaj\u00facu odolnos\u0165 proti opotrebovaniu a dlh\u00fa \u017eivotnos\u0165. Presn\u00e9 opracovanie telesa valca a z\u00e1vitov\u00fdch koncov\u00fdch pl\u00f4ch zvy\u0161uje odolnos\u0165 proti opotrebovaniu a podporuje \u00fa\u010dinn\u00e9 utesnenie, \u010d\u00edm sa zni\u017euje riziko \u00fanikov.<\/p>\n<p>Pravideln\u00e9 mazanie hydraulick\u00fdm olejom je nevyhnutn\u00e9 pre zabezpe\u010denie hladk\u00e9ho chodu. Spr\u00e1vne mazanie minimalizuje trenie, \u010d\u00edm predl\u017euje \u017eivotnos\u0165 tesnen\u00ed aj samotn\u00e9ho valca.<\/p>\n<h2>Pravideln\u00e1 kontrola a prevent\u00edvna \u00fadr\u017eba<\/h2>\n<ul>\n<li><strong>\u010cast\u00e9 kontroly:<\/strong> Vykon\u00e1vajte pravideln\u00e9 kontroly, aby ste v\u010das odhalili opotrebovanie alebo po\u0161kodenie. H\u013eadajte zn\u00e1mky netesnost\u00ed alebo nepravidelnej prev\u00e1dzky.<\/li>\n<li><strong>Vhodn\u00e9 mazanie:<\/strong> Uistite sa, \u017ee hladina hydraulick\u00e9ho oleja je dostato\u010dn\u00e1 a \u017ee mazanie sa vykon\u00e1va pravidelne, aby sa udr\u017eal optim\u00e1lny v\u00fdkon.<\/li>\n<li><strong>V\u00fdmena tesnenia:<\/strong> Pod\u013ea potreby vymie\u0148ajte tesnenia, aby ste predi\u0161li \u00fanikom a udr\u017eali hydraulick\u00fd tlak. Pravidelne kontrolujte stav tesnen\u00ed a vyme\u0148te ich, ke\u010f sa objavia zn\u00e1mky opotrebovania.<\/li>\n<\/ul>\n<h2>Pokyny na in\u0161tal\u00e1ciu<\/h2>\n<p>Spr\u00e1vna in\u0161tal\u00e1cia valca v\u00fdlo\u017en\u00edka je k\u013e\u00fa\u010dov\u00e1 pre optim\u00e1lny v\u00fdkon. Uistite sa, \u017ee valec je spr\u00e1vne zarovnan\u00fd s hydraulick\u00fdmi pripojeniami, aby ste predi\u0161li nadmern\u00e9mu nam\u00e1haniu. Na upevnenie valca na mieste sa odpor\u00fa\u010da pou\u017ei\u0165 vhodn\u00e9 mont\u00e1\u017ene konzoly.<\/p>\n<p>Pre \u00faspe\u0161n\u00fa in\u0161tal\u00e1ciu postupujte pod\u013ea t\u00fdchto krokov:<\/p>\n<ol>\n<li>Zarovnajte valec s mont\u00e1\u017enymi bodmi a uistite sa, \u017ee v\u0161etky komponenty s\u00fa \u010dist\u00e9.<\/li>\n<li>Valec zaistite pomocou skrutiek a mat\u00edc a uistite sa, \u017ee s\u00fa utiahnut\u00e9 pod\u013ea \u0161pecifik\u00e1ci\u00ed v\u00fdrobcu.<\/li>\n<li>Pripojte hydraulick\u00e9 vedenia a uistite sa, \u017ee nie s\u00fa zalomen\u00e9 a spr\u00e1vne upevnen\u00e9.<\/li>\n<li>Napl\u0148te hydraulick\u00fd syst\u00e9m odpor\u00fa\u010dan\u00fdm olejom a odvzdu\u0161nite syst\u00e9m.<\/li>\n<li>Otestujte syst\u00e9m, aby ste sa uistili, \u017ee valec funguje hladko a bez \u00fanikov.<\/li>\n<\/ol>\n<h2>Be\u017en\u00e9 \u00falohy \u00fadr\u017eby<\/h2>\n<ul>\n<li><strong>Pravideln\u00e9 kontroly:<\/strong> Zabezpe\u010dte, aby v\u0161etky komponenty hydraulick\u00e9ho syst\u00e9mu boli \u010dasto kontrolovan\u00e9, \u010di nevykazuj\u00fa zn\u00e1mky opotrebovania alebo po\u0161kodenia. V\u010dasn\u00e9 odhalenie pom\u00e1ha predch\u00e1dza\u0165 v\u00e4\u010d\u0161\u00edm probl\u00e9mom.<\/li>\n<li><strong>Spr\u00e1vne mazanie:<\/strong> Pravidelne kontrolujte a udr\u017eiavajte hladinu hydraulick\u00e9ho oleja, aby ste zabezpe\u010dili plynul\u00fd chod. Mazanie je potrebn\u00e9 na zn\u00ed\u017eenie opotrebovania vn\u00fatorn\u00fdch komponentov.<\/li>\n<li><strong>V\u00fdmena tesnenia:<\/strong> Prevent\u00edvne vymie\u0148ajte v\u0161etky opotrebovan\u00e9 alebo po\u0161koden\u00e9 tesnenia, aby ste zachovali hydraulick\u00fa \u00fa\u010dinnos\u0165. Pravideln\u00e9 kontroly m\u00f4\u017eu pom\u00f4c\u0165 identifikova\u0165 tesnenia, ktor\u00e9 je potrebn\u00e9 vymeni\u0165, sk\u00f4r ako poved\u00fa k z\u00e1va\u017en\u00fdm probl\u00e9mom.<\/li>\n<\/ul>\n<p>Spr\u00e1vna in\u0161tal\u00e1cia, mazanie a nastavenie s\u00fa nevyhnutn\u00e9 pre pred\u013a\u017eenie \u017eivotnosti valca ramena a zabezpe\u010denie optim\u00e1lneho v\u00fdkonu.<\/p>\n<p><img decoding=\"async\" src=\"https:\/\/www.hydraulic-cylinders.net\/wp-content\/uploads\/2025\/04\/songte-chushion-collar.webp\" alt=\"Vank\u00fa\u0161ov\u00fd golier\" \/><\/p>\n<h2>Bezpe\u010dnostn\u00e9 aspekty a faktory prostredia<\/h2>\n<p>Bezpe\u010dn\u00e9 pou\u017e\u00edvanie hydraulick\u00fdch syst\u00e9mov je prvorad\u00e9. Obsluha by mala by\u0165 vy\u0161kolen\u00e1, aby rozumela rizik\u00e1m spojen\u00fdm s hydraulick\u00fdmi zariadeniami. Spr\u00e1vna manipul\u00e1cia a dodr\u017eiavanie bezpe\u010dnostn\u00fdch protokolov pom\u00e1haj\u00fa zmierni\u0165 rizik\u00e1 a zabezpe\u010di\u0165 bezpe\u010dn\u00e9 pracovn\u00e9 prostredie.<\/p>\n<h2>Rie\u0161enie probl\u00e9mov a be\u017en\u00e9 probl\u00e9my<\/h2>\n<ul>\n<li><strong>\u00danik:<\/strong> Ak zist\u00edte netesnosti, skontrolujte tesnenia a spoje. Opotrebovan\u00e9 tesnenia m\u00f4\u017eu vy\u017eadova\u0165 v\u00fdmenu alebo dotiahnutie spojov.<\/li>\n<li><strong>Pomal\u00e1 prev\u00e1dzka:<\/strong> M\u00f4\u017ee to nazna\u010dova\u0165 n\u00edzku hladinu hydraulickej kvapaliny alebo potrebu odvzdu\u0161nenia syst\u00e9mu. Skontrolujte hladiny kvapal\u00edn a uistite sa, \u017ee v syst\u00e9me nie s\u00fa \u017eiadne vzduchov\u00e9 uz\u00e1very.<\/li>\n<li><strong>Nezvy\u010dajn\u00e9 zvuky:<\/strong> \u0160k\u0155\u0148aj\u00face alebo sy\u010diace zvuky m\u00f4\u017eu nazna\u010dova\u0165 vn\u00fatorn\u00e9 po\u0161kodenie alebo n\u00edzku hladinu kvapaliny. Syst\u00e9m d\u00f4kladne skontrolujte.<\/li>\n<\/ul>\n<p>V\u010dasn\u00e9 rie\u0161enie probl\u00e9mov m\u00f4\u017ee zabr\u00e1ni\u0165 v\u00e4\u010d\u0161\u00edm mechanick\u00fdm poruch\u00e1m a zabezpe\u010di\u0165 dlh\u00fa \u017eivotnos\u0165 zariadenia.<\/p>\n<p><img decoding=\"async\" src=\"https:\/\/www.hydraulic-cylinders.net\/wp-content\/uploads\/2025\/04\/songte-bushings-with-all-kinds-of-excavator-models.webp\" alt=\"Puzdr\u00e1 pre modely r\u00fdpadiel\" \/><\/p>\n<h2>Preh\u013ead spolo\u010dnosti<\/h2>\n<p>Sme popredn\u00fdm v\u00fdrobcom a ve\u013ekoobchodn\u00edkom hydraulick\u00fdch valcov a poskytujeme komplexn\u00fd sortiment produktov pre r\u00f4zne aplik\u00e1cie. N\u00e1\u0161 z\u00e1v\u00e4zok k dokonalosti sa odr\u00e1\u017ea v na\u0161ich prec\u00edznych v\u00fdrobn\u00fdch postupoch a dodr\u017eiavan\u00ed pr\u00edsnych noriem kvality. So siln\u00fdm zameran\u00edm na inov\u00e1cie vyu\u017e\u00edvame pokro\u010dil\u00e9 technol\u00f3gie a kvalifikovan\u00fd person\u00e1l na zlep\u0161enie na\u0161ich v\u00fdrobn\u00fdch kapac\u00edt.<\/p>\n<p>Na\u0161a ponuka zah\u0155\u0148a rie\u0161enia na mieru prisp\u00f4soben\u00e9 \u0161pecifick\u00fdm potreb\u00e1m klientov, podlo\u017een\u00e9 medzin\u00e1rodn\u00fdmi certifik\u00e1ciami, ktor\u00e9 potvrdzuj\u00fa n\u00e1\u0161 z\u00e1v\u00e4zok ku kvalite. Sme hrd\u00ed na na\u0161e efekt\u00edvne v\u00fdrobn\u00e9 procesy a robustn\u00fa popredajn\u00fa podporu, \u010d\u00edm zabezpe\u010dujeme spokojnos\u0165 z\u00e1kazn\u00edkov v ka\u017edej f\u00e1ze.<\/p>\n<p><img decoding=\"async\" src=\"https:\/\/www.hydraulic-cylinders.net\/wp-content\/uploads\/2025\/04\/songte-company-4.webp\" alt=\"Obr\u00e1zok spolo\u010dnosti 1\" \/><br \/>\n<img decoding=\"async\" src=\"https:\/\/www.hydraulic-cylinders.net\/wp-content\/uploads\/2025\/04\/songte-company-3.webp\" alt=\"Obr\u00e1zok spolo\u010dnosti 2\" \/><\/p>\n<p>Autor: lyl<\/p>","protected":false},"excerpt":{"rendered":"<p>Boom Cylinder For Yanmar VI030-6B Product Overview The Boom Cylinder for Yanmar VI030-6B is a vital component designed specifically for heavy machinery, particularly excavators and backhoes. This hydraulic cylinder plays a crucial role in controlling the movement of the bucket, allowing it to lift, lower, and tilt with precision. These functions are essential for efficient [&hellip;]<\/p>","protected":false},"featured_media":17878,"comment_status":"open","ping_status":"closed","template":"","meta":{"_et_pb_use_builder":"","_et_pb_old_content":"","_et_gb_content_width":""},"product_brand":[],"product_cat":[1546],"product_tag":[1547,1496],"class_list":{"0":"post-19555","1":"product","2":"type-product","3":"status-publish","4":"has-post-thumbnail","6":"product_cat-boom-cylinders","7":"product_tag-boom-cylinders","8":"product_tag-hydraulic-cylinders","10":"first","11":"instock","12":"shipping-taxable","13":"product-type-simple"},"amp_enabled":true,"_links":{"self":[{"href":"https:\/\/www.hydraulic-cylinders.net\/sk\/wp-json\/wp\/v2\/product\/19555","targetHints":{"allow":["GET"]}}],"collection":[{"href":"https:\/\/www.hydraulic-cylinders.net\/sk\/wp-json\/wp\/v2\/product"}],"about":[{"href":"https:\/\/www.hydraulic-cylinders.net\/sk\/wp-json\/wp\/v2\/types\/product"}],"replies":[{"embeddable":true,"href":"https:\/\/www.hydraulic-cylinders.net\/sk\/wp-json\/wp\/v2\/comments?post=19555"}],"wp:featuredmedia":[{"embeddable":true,"href":"https:\/\/www.hydraulic-cylinders.net\/sk\/wp-json\/wp\/v2\/media\/17878"}],"wp:attachment":[{"href":"https:\/\/www.hydraulic-cylinders.net\/sk\/wp-json\/wp\/v2\/media?parent=19555"}],"wp:term":[{"taxonomy":"product_brand","embeddable":true,"href":"https:\/\/www.hydraulic-cylinders.net\/sk\/wp-json\/wp\/v2\/product_brand?post=19555"},{"taxonomy":"product_cat","embeddable":true,"href":"https:\/\/www.hydraulic-cylinders.net\/sk\/wp-json\/wp\/v2\/product_cat?post=19555"},{"taxonomy":"product_tag","embeddable":true,"href":"https:\/\/www.hydraulic-cylinders.net\/sk\/wp-json\/wp\/v2\/product_tag?post=19555"}],"curies":[{"name":"pracovn\u00fd list","href":"https:\/\/api.w.org\/{rel}","templated":true}]}}