{"id":19559,"date":"2025-04-07T06:54:25","date_gmt":"2025-04-07T06:54:25","guid":{"rendered":"https:\/\/www.hydraulic-cylinders.net\/product\/boom-cylinder-for-yanmar-sv100\/"},"modified":"2025-04-07T06:54:27","modified_gmt":"2025-04-07T06:54:27","slug":"boom-cylinder-for-yanmar-sv100","status":"publish","type":"product","link":"https:\/\/www.hydraulic-cylinders.net\/sk\/produkt\/boom-cylinder-for-yanmar-sv100\/","title":{"rendered":"Valec v\u00fdlo\u017en\u00edka pre Yanmar SV100"},"content":{"rendered":"<h1>Valec v\u00fdlo\u017en\u00edka pre Yanmar SV100<\/h1>\n<h2>Pochopenie valca v\u00fdlo\u017en\u00edka<\/h2>\n<p>Hydraulick\u00fd valec v\u00fdlo\u017en\u00edka je k\u013e\u00fa\u010dovou s\u00fa\u010das\u0165ou \u0165a\u017ek\u00fdch strojov, \u0161peci\u00e1lne navrhnut\u00fd na ovl\u00e1danie pohybu vedier v r\u00f4znych aplik\u00e1ci\u00e1ch. Tento hydraulick\u00fd valec umo\u017e\u0148uje zdv\u00edhanie, sp\u00fa\u0161\u0165anie a nakl\u00e1\u0148anie vedier, v\u010faka \u010domu je nevyhnutn\u00fd pre \u00falohy manipul\u00e1cie s materi\u00e1lom v mnoh\u00fdch odvetviach.<\/p>\n<p><img decoding=\"async\" src=\"https:\/\/www.hydraulic-cylinders.net\/wp-content\/uploads\/2025\/04\/songte-company-1.webp\" alt=\"Obr\u00e1zok valca v\u00fdlo\u017en\u00edka\"><\/p>\n<p>V hydraulick\u00fdch syst\u00e9moch zohr\u00e1vaj\u00fa valce v\u00fdlo\u017en\u00edka k\u013e\u00fa\u010dov\u00fa \u00falohu pri premene hydraulick\u00e9ho tlaku na mechanick\u00fa silu. Pou\u017e\u00edvaj\u00fa sa v \u0161irokej \u0161k\u00e1le \u0165a\u017ek\u00fdch zariaden\u00ed vr\u00e1tane r\u00fdpadiel, r\u00fdpadiel-naklada\u010dov a \u010deln\u00fdch naklada\u010dov, \u010do u\u013eah\u010duje efekt\u00edvnu prev\u00e1dzku v stavebn\u00edctve, po\u013enohospod\u00e1rstve a manipul\u00e1cii s materi\u00e1lom. Valec ly\u017eice sa v podstate sklad\u00e1 z telesa valca, piestu a ty\u010de. Tlak hydraulickej kvapaliny p\u00f4sob\u00ed na piest, ktor\u00fd pohybuje ty\u010dou, aby sa vys\u00favala alebo zas\u00favala, a t\u00fdm ovl\u00e1da polohu ly\u017eice.<\/p>\n<h2>K\u013e\u00fa\u010dov\u00e9 vlastnosti valca v\u00fdlo\u017en\u00edka<\/h2>\n<ul>\n<li>\n<h3>Vysok\u00e1 pevnos\u0165 a odolnos\u0165<\/h3>\n<p>Valec v\u00fdlo\u017en\u00edka, zvy\u010dajne vyroben\u00fd z vysokopevnostnej ocele alebo hlin\u00edka, odol\u00e1 vysok\u00e9mu tlaku a \u0165a\u017ek\u00fdm za\u0165a\u017eeniam. Jeho kon\u0161trukcia zoh\u013ead\u0148uje odolnos\u0165 vo\u010di opotrebovaniu a kor\u00f3zii, \u010do zais\u0165uje dlh\u00fa \u017eivotnos\u0165 aj v n\u00e1ro\u010dn\u00fdch pracovn\u00fdch podmienkach.<\/li>\n<li>\n<h3>Efekt\u00edvna hydraulick\u00e1 prev\u00e1dzka<\/h3>\n<p>Valec vyu\u017e\u00edva hydraulick\u00fd tlak oleja pre plynul\u00e9 vys\u00favanie a zas\u00favanie, \u010d\u00edm zabezpe\u010duje r\u00fdchlu odozvu na ovl\u00e1dacie povely a dod\u00e1va zna\u010dn\u00fa tla\u010dn\u00fa a \u0165a\u017en\u00fa silu, ide\u00e1lnu na zvl\u00e1dnutie \u0165a\u017ek\u00fdch a zlo\u017eit\u00fdch \u00faloh.<\/li>\n<li>\n<h3>R\u00f4znorodos\u0165 typov<\/h3>\n<p>Tieto valce s\u00fa dostupn\u00e9 v jedno\u010dinnom (vyu\u017e\u00edvaj\u00face hydraulick\u00fd v\u00fdkon v jednom smere) alebo dvoj\u010dinnom (vyu\u017e\u00edvaj\u00face hydraulick\u00fd v\u00fdkon v oboch smeroch) preveden\u00ed a uspokoja r\u00f4zne prev\u00e1dzkov\u00e9 potreby. Niektor\u00e9 modely s\u00fa teleskopick\u00e9, \u010do umo\u017e\u0148uje v\u00e4\u010d\u0161ie vysunutie bez zv\u00e4\u010d\u0161enia vonkaj\u0161\u00edch rozmerov, a s\u00fa vhodn\u00e9 pre aplik\u00e1cie s obmedzen\u00fdm priestorom.<\/li>\n<\/ul>\n<p>Tieto produkty vyr\u00e1bame a zabezpe\u010dujeme tak dokonal\u00fa n\u00e1hradu za existuj\u00face hydraulick\u00e9 valce.<\/p>\n<p><img decoding=\"async\" src=\"https:\/\/www.hydraulic-cylinders.net\/wp-content\/uploads\/2025\/04\/songte-cylinder-head-with-all-kinds-excavator-models.webp\" alt=\"Obr\u00e1zok v\u00fdroby hydraulick\u00e9ho valca\"><\/p>\n<h2>Aplik\u00e1cie valca v\u00fdlo\u017en\u00edka<\/h2>\n<ul>\n<li>\n<h3>Stavebn\u00e9 stroje<\/h3>\n<p>Valce v\u00fdlo\u017en\u00edka, ktor\u00e9 sa nach\u00e1dzaj\u00fa v bagroch, s\u00fa nevyhnutn\u00e9 pre kopanie, nakladanie a premiest\u0148ovanie zeminy alebo sutiny. V r\u00fdpadlo-naklada\u010doch tieto valce pom\u00e1haj\u00fa pri kopan\u00ed aj zdv\u00edhan\u00ed, \u010do umo\u017e\u0148uje efekt\u00edvne zemn\u00e9 pr\u00e1ce. Ich robustn\u00fd v\u00fdkon zaru\u010duje spo\u013eahlivos\u0165 v n\u00e1ro\u010dn\u00fdch stavebn\u00fdch prostrediach.<\/h3>\n<\/li>\n<li>\n<h3>Po\u013enohospod\u00e1rske stroje<\/h3>\n<p>Valce v\u00fdlo\u017en\u00edka, ktor\u00e9 sa pou\u017e\u00edvaj\u00fa v \u010deln\u00fdch naklada\u010doch, pom\u00e1haj\u00fa pri naberan\u00ed, zdv\u00edhan\u00ed a preprave materi\u00e1lov, ako je p\u00f4da a seno. Ich spo\u013eahliv\u00e1 prev\u00e1dzka zvy\u0161uje produktivitu pri po\u013enohospod\u00e1rskych \u00faloh\u00e1ch a umo\u017e\u0148uje efekt\u00edvne hospod\u00e1renie so zdrojmi na farm\u00e1ch a ran\u010doch.<\/h3>\n<\/li>\n<li>\n<h3>R\u00fdpadl\u00e1<\/h3>\n<p>V r\u00fdpadl\u00e1ch umo\u017e\u0148uje valec v\u00fdlo\u017en\u00edka efekt\u00edvne prenikanie ly\u017eice do zeme, \u010do u\u013eah\u010duje kopanie. V\u010faka svojej odozve a pevnosti s\u00fa nevyhnutnou s\u00fa\u010das\u0165ou ka\u017ed\u00e9ho v\u00fdkopov\u00e9ho projektu.<\/h3>\n<\/li>\n<li>\n<h3>Naklada\u010de<\/h3>\n<p>V \u010deln\u00fdch naklada\u010doch pom\u00e1haj\u00fa valce v\u00fdlo\u017en\u00edka efekt\u00edvne zdv\u00edha\u0165 a vyklada\u0165 n\u00e1klad. Ich kon\u0161trukcia umo\u017e\u0148uje plynul\u00fa prev\u00e1dzku a zlep\u0161uje celkov\u00fa produktivitu nakladac\u00edch a vykladac\u00edch \u00faloh.<\/h3>\n<\/li>\n<\/ul>\n<h2>\u00davahy o dizajne a krit\u00e9ri\u00e1 v\u00fdberu<\/h2>\n<ul>\n<li>\n<h3>Nosnos\u0165<\/h3>\n<p>Nosnos\u0165 valca ramena je k\u013e\u00fa\u010dov\u00e1. Ur\u010duje hmotnos\u0165, ktor\u00fa dok\u00e1\u017ee bezpe\u010dne zdvihn\u00fa\u0165 a manipulova\u0165. V\u00fdber valca s dostato\u010dnou nosnos\u0165ou zais\u0165uje bezpe\u010dnos\u0165 a zabra\u0148uje mechanick\u00e9mu po\u0161kodeniu po\u010das prev\u00e1dzky.<\/h3>\n<\/li>\n<li>\n<h3>Tesniaci v\u00fdkon<\/h3>\n<p>\u00da\u010dinn\u00e9 tesnenie je nevyhnutn\u00e9 na udr\u017eanie hydraulick\u00e9ho tlaku a zabr\u00e1nenie \u00faniku kvapaliny. Vysokokvalitn\u00e9 tesnenia, ktor\u00e9 odol\u00e1vaj\u00fa prev\u00e1dzkov\u00e9mu prostrediu, predl\u017euj\u00fa \u017eivotnos\u0165 valca a zni\u017euj\u00fa frekvenciu \u00fadr\u017eby.<\/h3>\n<\/li>\n<li>\n<h3>Trvanlivos\u0165<\/h3>\n<p>Materi\u00e1ly pou\u017eit\u00e9 pri v\u00fdrobe valcov v\u00fdlo\u017en\u00edka v\u00fdrazne ovplyv\u0148uj\u00fa ich trvanlivos\u0165. Vysokopevnostn\u00e9 zliatiny a ochrann\u00e9 povlaky m\u00f4\u017eu zv\u00fd\u0161i\u0165 odolnos\u0165 vo\u010di opotrebovaniu, kor\u00f3zii a \u00fanave, \u010d\u00edm zabezpe\u010duj\u00fa spo\u013eahliv\u00fa prev\u00e1dzku v priebehu \u010dasu.<\/h3>\n<\/li>\n<li>\n<h3>Bezpe\u010dnostn\u00e9 prvky<\/h3>\n<p>Bezpe\u010dnostn\u00e9 mechanizmy, ako je ochrana proti pre\u0165a\u017eeniu a pretlakov\u00e9 ventily, s\u00fa nevyhnutn\u00e9 na predch\u00e1dzanie nehod\u00e1m a po\u0161kodeniu zariaden\u00ed. Tieto funkcie zvy\u0161uj\u00fa prev\u00e1dzkov\u00fa bezpe\u010dnos\u0165 po\u010das manipul\u00e1cie s materi\u00e1lom.<\/h3>\n<\/li>\n<li>\n<h3>Pr\u00edstupnos\u0165 \u00fadr\u017eby<\/h3>\n<p>Navrhovanie valcov pre \u013eahk\u00fd pr\u00edstup po\u010das \u00fadr\u017eby je k\u013e\u00fa\u010dov\u00e9. Hladk\u00e9 povrchy a pr\u00edstupn\u00e9 servisn\u00e9 body umo\u017e\u0148uj\u00fa pravideln\u00e9 kontroly a zabezpe\u010duj\u00fa, \u017ee zariadenie zostane v optim\u00e1lnom prev\u00e1dzkovom stave.<\/h3>\n<\/li>\n<\/ul>\n<p><img decoding=\"async\" src=\"https:\/\/www.hydraulic-cylinders.net\/wp-content\/uploads\/2025\/04\/songte-oil-pipes-and-spare-parts.webp\" alt=\"Obr\u00e1zok n\u00e1hradn\u00fdch dielov hydraulick\u00e9ho valca\"><\/p>\n<h2>Tesnenie a mazanie valca<\/h2>\n<p>V\u00fdkon a \u017eivotnos\u0165 valcov v\u00fdlo\u017en\u00edka do zna\u010dnej miery z\u00e1visia od \u00fa\u010dinn\u00e9ho tesnenia a mazania. Na udr\u017eanie integrity hydraulickej kvapaliny sa pou\u017e\u00edvaj\u00fa r\u00f4zne tesniace komponenty, ako s\u00fa tesnenia piestov a tesnenia ty\u010d\u00ed. Materi\u00e1ly ako polyuret\u00e1n a nitrilov\u00e1 guma sa be\u017ene pou\u017e\u00edvaj\u00fa pre svoje vlastnosti odoln\u00e9 vo\u010di opotrebovaniu.<\/p>\n<p>Teleso valca a z\u00e1vitov\u00e9 koncov\u00e9 povrchy s\u00fa prec\u00edzne opracovan\u00e9, aby sa zv\u00fd\u0161ila odolnos\u0165 vo\u010di opotrebovaniu a zabezpe\u010dilo tesn\u00e9 utesnenie pod tlakom. Pravideln\u00e9 mazanie vhodn\u00fdm hydraulick\u00fdm olejom je nevyhnutn\u00e9 na zn\u00ed\u017eenie trenia a opotrebenia, \u010d\u00edm sa podporuje plynul\u00e1 prev\u00e1dzka. Spr\u00e1vne intervaly mazania by sa mali stanovi\u0165 na z\u00e1klade prev\u00e1dzkov\u00fdch po\u017eiadaviek a odpor\u00fa\u010dan\u00ed v\u00fdrobcu, aby sa udr\u017eal optim\u00e1lny v\u00fdkon.<\/p>\n<h2>Pravideln\u00e1 kontrola a opatrenia prevent\u00edvnej \u00fadr\u017eby<\/h2>\n<ul>\n<li>\n<h3>Pravideln\u00e9 kontroly<\/h3>\n<p>Pravideln\u00e9 kontroly valca ramena, \u010di nedoch\u00e1dza k \u00fanikom, opotrebovaniu a po\u0161kodeniu, s\u00fa nevyhnutn\u00e9. V\u010dasn\u00e1 identifik\u00e1cia probl\u00e9mov m\u00f4\u017ee zabr\u00e1ni\u0165 n\u00e1kladn\u00fdm oprav\u00e1m a prestojom, \u010d\u00edm sa zabezpe\u010d\u00ed bezprobl\u00e9mov\u00e1 prev\u00e1dzka.<\/h3>\n<\/li>\n<li>\n<h3>Spr\u00e1vne mazanie<\/h3>\n<p>Zabezpe\u010denie dostato\u010dn\u00e9ho mazania valca je nevyhnutn\u00e9 pre zn\u00ed\u017eenie trenia a opotrebenia. Pou\u017eitie spr\u00e1vneho typu a mno\u017estva hydraulick\u00e9ho oleja m\u00f4\u017ee v\u00fdrazne pred\u013a\u017ei\u0165 \u017eivotnos\u0165 valca.<\/h3>\n<\/li>\n<li>\n<h3>V\u00fdmena tesnenia<\/h3>\n<p>Pravideln\u00e1 kontrola a v\u00fdmena tesnen\u00ed pod\u013ea potreby m\u00f4\u017ee zabr\u00e1ni\u0165 \u00faniku hydraulickej kvapaliny a udr\u017eiava\u0165 tlak v syst\u00e9me, \u010d\u00edm sa zabezpe\u010d\u00ed neust\u00e1la efekt\u00edvna prev\u00e1dzka.<\/h3>\n<\/li>\n<\/ul>\n<h2>Pokyny na in\u0161tal\u00e1ciu valca ramena<\/h2>\n<p>Spr\u00e1vna in\u0161tal\u00e1cia valca ramena je k\u013e\u00fa\u010dov\u00e1 pre optim\u00e1lny v\u00fdkon. Pred mont\u00e1\u017eou za\u010dnite t\u00fdm, \u017ee sa uist\u00edte, \u017ee v\u0161etky komponenty s\u00fa \u010dist\u00e9 a nepo\u0161koden\u00e9. Valec presne zarovnajte, aby ste predi\u0161li nespr\u00e1vnemu zarovnaniu, ktor\u00e9 m\u00f4\u017ee vies\u0165 k pred\u010dasn\u00e9mu opotrebovaniu a poruche.<\/p>\n<p>Na upevnenie valca pou\u017eite vhodn\u00e9 mont\u00e1\u017ene konzoly, aby ste zabezpe\u010dili jeho stabilitu po\u010das prev\u00e1dzky. Dodr\u017eiavajte \u0161pecifik\u00e1cie v\u00fdrobcu t\u00fdkaj\u00face sa nastavenia kr\u00fatiaceho momentu a podrobnost\u00ed o pripojen\u00ed. Po in\u0161tal\u00e1cii vykonajte funk\u010dn\u00fa sk\u00fa\u0161ku, aby ste overili, \u010di valec funguje hladko a efekt\u00edvne.<\/p>\n<h2>Be\u017en\u00e9 \u00falohy \u00fadr\u017eby<\/h2>\n<ul>\n<li>\n<h3>Pravideln\u00e9 kontroly<\/h3>\n<p>Pravideln\u00e9 kontroly pom\u00e1haj\u00fa v\u010das odhali\u0165 potenci\u00e1lne probl\u00e9my, zabezpe\u010di\u0165 v\u010dasn\u00e9 opravy a zn\u00ed\u017ei\u0165 riziko poruchy zariadenia.<\/h3>\n<\/li>\n<li>\n<h3>Spr\u00e1vne mazanie<\/h3>\n<p>Pou\u017e\u00edvanie spr\u00e1vnych maz\u00edv a udr\u017eiavanie spr\u00e1vnej hladiny oleja je k\u013e\u00fa\u010dov\u00e9 pre plynul\u00fd chod a dlh\u00fa \u017eivotnos\u0165 valcov.<\/h3>\n<\/li>\n<li>\n<h3>V\u00fdmena tesnenia a kontroly kalibr\u00e1cie<\/h3>\n<p>Pravideln\u00e9 kontroly a v\u00fdmeny tesnen\u00ed spolu s kalibr\u00e1ciou hydraulick\u00e9ho syst\u00e9mu zabezpe\u010duj\u00fa, \u017ee valec pracuje v r\u00e1mci po\u017eadovan\u00fdch parametrov, \u010d\u00edm sa zvy\u0161uje bezpe\u010dnos\u0165 a funk\u010dnos\u0165.<\/h3>\n<\/li>\n<\/ul>\n<h2>Bezpe\u010dnostn\u00e9 aspekty a faktory prostredia<\/h2>\n<p>Pri pr\u00e1ci s valcami v\u00fdlo\u017en\u00edka je nevyhnutn\u00e9 dodr\u017eiava\u0165 bezpe\u010dnostn\u00e9 opatrenia vr\u00e1tane riadneho \u0161kolenia obsluhy a pravideln\u00fdch kontrol zariaden\u00ed. Zabezpe\u010denie bezpe\u010dnostn\u00fdch krytov a bezpe\u010dn\u00e9ho zaistenia v\u0161etk\u00fdch hydraulick\u00fdch pripojen\u00ed m\u00f4\u017ee pred\u00eds\u0165 nehod\u00e1m. Okrem toho, zoh\u013eadnenie environment\u00e1lnych faktorov, ako je teplota pracovn\u00e9ho prostredia, m\u00f4\u017ee ovplyvni\u0165 v\u00fdkon a spo\u013eahlivos\u0165 hydraulick\u00fdch syst\u00e9mov.<\/p>\n<h2>Rie\u0161enie probl\u00e9mov a be\u017en\u00e9 probl\u00e9my<\/h2>\n<ul>\n<li>\n<h3>\u00danik hydraulickej kvapaliny<\/h3>\n<p>Skontrolujte tesnenia a spoje, \u010di nie s\u00fa opotrebovan\u00e9 alebo po\u0161koden\u00e9. V pr\u00edpade potreby vyme\u0148te tesnenia, aby ste predi\u0161li \u00faniku kvapaliny.<\/h3>\n<\/li>\n<li>\n<h3>Pomal\u00fd pohyb valca<\/h3>\n<p>Skontrolujte hladiny hydraulickej kvapaliny a uistite sa, \u017ee v hydraulick\u00fdch potrubiach nie s\u00fa \u017eiadne upchatia. V pr\u00edpade potreby vy\u010distite alebo vyme\u0148te filtre.<\/h3>\n<\/li>\n<li>\n<h3>Neo\u010dak\u00e1van\u00e9 spr\u00e1vanie valca<\/h3>\n<p>Skontrolujte riadiaci syst\u00e9m a uistite sa, \u017ee v\u0161etky ovl\u00e1dacie prvky funguj\u00fa spr\u00e1vne. H\u013eadajte zn\u00e1mky vzduchu v hydraulickej kvapaline, preto\u017ee to m\u00f4\u017ee ovplyvni\u0165 v\u00fdkon.<\/h3>\n<\/li>\n<\/ul>\n<p>Okam\u017eit\u00e9 rie\u0161enie t\u00fdchto probl\u00e9mov m\u00f4\u017ee minimalizova\u0165 prestoje a pred\u013a\u017ei\u0165 prev\u00e1dzkov\u00fa \u017eivotnos\u0165 valca ramena.<\/p>\n<p><img decoding=\"async\" src=\"https:\/\/www.hydraulic-cylinders.net\/wp-content\/uploads\/2025\/04\/songte-bushings-with-all-kinds-of-excavator-models.webp\" alt=\"Obr\u00e1zok rie\u0161enia probl\u00e9mov\"><\/p>\n<h2>O na\u0161ej spolo\u010dnosti<\/h2>\n<p>Sme popredn\u00fdm v\u00fdrobcom n\u00e1hradn\u00fdch hydraulick\u00fdch valcov a pon\u00fakame komplexn\u00fd sortiment produktov. N\u00e1\u0161 z\u00e1v\u00e4zok k excelentnosti n\u00e1s etabloval ako popredn\u00e9ho v\u00fdrobcu a ve\u013ekoobchodn\u00e9ho distrib\u00fatora na dom\u00e1com aj medzin\u00e1rodnom trhu. Uprednost\u0148ujeme vysok\u00e9 \u0161tandardy kvality, ktor\u00e9 podporujeme prepracovanou strat\u00e9giou riadenia v\u00fdroby.<\/p>\n<p>V\u010faka sk\u00fasen\u00e9mu technick\u00e9mu person\u00e1lu a modern\u00e9mu v\u00fdrobn\u00e9mu vybaveniu neust\u00e1le zlep\u0161ujeme na\u0161e v\u00fdrobn\u00e9 kapacity. Na\u0161e pr\u00edsne syst\u00e9my kontroly kvality zabezpe\u010duj\u00fa, \u017ee sp\u013a\u0148ame rozmanit\u00e9 potreby z\u00e1kazn\u00edkov s vysokou efektivitou a presnos\u0165ou.<\/p>\n<p><img decoding=\"async\" src=\"https:\/\/www.hydraulic-cylinders.net\/wp-content\/uploads\/2025\/04\/songte-company-4.webp\" alt=\"Obr\u00e1zok spolo\u010dnosti 1\"><br \/>\n<img decoding=\"async\" src=\"https:\/\/www.hydraulic-cylinders.net\/wp-content\/uploads\/2025\/04\/songte-company-3.webp\" alt=\"Obr\u00e1zok spolo\u010dnosti 2\"><\/p>\n<p>Na\u0161e slu\u017eby zah\u0155\u0148aj\u00fa rie\u0161enia na mieru, medzin\u00e1rodn\u00e9 certifik\u00e1cie a \u0161pecializovan\u00fa popredajn\u00fa podporu, \u010d\u00edm zabezpe\u010dujeme spokojnos\u0165 z\u00e1kazn\u00edkov a d\u00f4veru v na\u0161e produkty.<\/p>\n<p>Autor: lyl<\/p>","protected":false},"excerpt":{"rendered":"<p>Boom Cylinder For Yanmar SV100 Understanding the Boom Cylinder The boom cylinder is a critical component in heavy machinery, specifically designed for controlling the movement of buckets in various applications. This hydraulic cylinder enables the lifting, lowering, and tilting of buckets, making it essential for material handling tasks across numerous industries. In hydraulic systems, boom [&hellip;]<\/p>","protected":false},"featured_media":17867,"comment_status":"open","ping_status":"closed","template":"","meta":{"_et_pb_use_builder":"","_et_pb_old_content":"","_et_gb_content_width":""},"product_brand":[],"product_cat":[1546],"product_tag":[1547,1496],"class_list":{"0":"post-19559","1":"product","2":"type-product","3":"status-publish","4":"has-post-thumbnail","6":"product_cat-boom-cylinders","7":"product_tag-boom-cylinders","8":"product_tag-hydraulic-cylinders","10":"first","11":"instock","12":"shipping-taxable","13":"product-type-simple"},"amp_enabled":true,"_links":{"self":[{"href":"https:\/\/www.hydraulic-cylinders.net\/sk\/wp-json\/wp\/v2\/product\/19559","targetHints":{"allow":["GET"]}}],"collection":[{"href":"https:\/\/www.hydraulic-cylinders.net\/sk\/wp-json\/wp\/v2\/product"}],"about":[{"href":"https:\/\/www.hydraulic-cylinders.net\/sk\/wp-json\/wp\/v2\/types\/product"}],"replies":[{"embeddable":true,"href":"https:\/\/www.hydraulic-cylinders.net\/sk\/wp-json\/wp\/v2\/comments?post=19559"}],"wp:featuredmedia":[{"embeddable":true,"href":"https:\/\/www.hydraulic-cylinders.net\/sk\/wp-json\/wp\/v2\/media\/17867"}],"wp:attachment":[{"href":"https:\/\/www.hydraulic-cylinders.net\/sk\/wp-json\/wp\/v2\/media?parent=19559"}],"wp:term":[{"taxonomy":"product_brand","embeddable":true,"href":"https:\/\/www.hydraulic-cylinders.net\/sk\/wp-json\/wp\/v2\/product_brand?post=19559"},{"taxonomy":"product_cat","embeddable":true,"href":"https:\/\/www.hydraulic-cylinders.net\/sk\/wp-json\/wp\/v2\/product_cat?post=19559"},{"taxonomy":"product_tag","embeddable":true,"href":"https:\/\/www.hydraulic-cylinders.net\/sk\/wp-json\/wp\/v2\/product_tag?post=19559"}],"curies":[{"name":"pracovn\u00fd list","href":"https:\/\/api.w.org\/{rel}","templated":true}]}}