{"id":19570,"date":"2025-04-07T06:55:07","date_gmt":"2025-04-07T06:55:07","guid":{"rendered":"https:\/\/www.hydraulic-cylinders.net\/product\/boom-cylinder-for-john-deere-e210lc\/"},"modified":"2025-04-07T06:55:09","modified_gmt":"2025-04-07T06:55:09","slug":"boom-cylinder-for-john-deere-e210lc","status":"publish","type":"product","link":"https:\/\/www.hydraulic-cylinders.net\/sk\/produkt\/boom-cylinder-for-john-deere-e210lc\/","title":{"rendered":"Valec v\u00fdlo\u017en\u00edka pre John Deere E210LC"},"content":{"rendered":"<h1>Valec v\u00fdlo\u017en\u00edka pre John Deere E210LC<\/h1>\n<h2>Preh\u013ead produktu<\/h2>\n<p>Hydraulick\u00fd valec v\u00fdlo\u017en\u00edka pre John Deere E210LC je z\u00e1kladn\u00fd hydraulick\u00fd komponent ur\u010den\u00fd na ovl\u00e1danie pohybu v\u00fdlo\u017en\u00edka v r\u00fdpadl\u00e1ch. Tento hydraulick\u00fd valec zohr\u00e1va k\u013e\u00fa\u010dov\u00fa \u00falohu pri prev\u00e1dzke \u0165a\u017ek\u00fdch strojov, preto\u017ee umo\u017e\u0148uje plynul\u00e9 zdv\u00edhanie, sp\u00fa\u0161\u0165anie a nakl\u00e1\u0148anie v\u00fdlo\u017en\u00edka. V podstate umo\u017e\u0148uje oper\u00e1torom efekt\u00edvne riadi\u0165 \u00falohy manipul\u00e1cie s materi\u00e1lom, \u010di u\u017e ide o stavebn\u00e9, demola\u010dn\u00e9 alebo ter\u00e9nne \u00fapravy.<\/p>\n<p>Ako hydraulick\u00fd valec \u0161peci\u00e1lne navrhnut\u00fd na pou\u017eitie v \u0165a\u017ek\u00fdch zariadeniach je valec v\u00fdlo\u017en\u00edka zodpovedn\u00fd za premenu hydraulick\u00e9ho tlaku na mechanick\u00fa silu. To umo\u017e\u0148uje v\u00fdlo\u017en\u00edku vykon\u00e1va\u0165 r\u00f4zne funkcie, ako je kopanie, zdv\u00edhanie a premiest\u0148ovanie materi\u00e1lov s presnos\u0165ou a \u013eahkos\u0165ou. Za\u010dlenenie pokro\u010dil\u00e9ho in\u017einierstva do jeho kon\u0161trukcie zais\u0165uje odolnos\u0165 a spo\u013eahlivos\u0165, v\u010faka \u010domu je k\u013e\u00fa\u010dov\u00fdm komponentom pre maximaliz\u00e1ciu v\u00fdkonu strojov.<\/p>\n<p><img decoding=\"async\" src=\"https:\/\/www.hydraulic-cylinders.net\/wp-content\/uploads\/2025\/04\/songte-company-1.webp\" alt=\"Valec v\u00fdlo\u017en\u00edka pre John Deere E210LC\"\/><\/p>\n<h2>Vlastnosti valca v\u00fdlo\u017en\u00edka<\/h2>\n<ul>\n<li>\n<h3>Vysok\u00e1 pevnos\u0165 a odolnos\u0165<\/h3>\n<p>Valec v\u00fdlo\u017en\u00edka je vyroben\u00fd z vysokopevnostnej ocele alebo hlin\u00edka a odol\u00e1 vysok\u00e9mu tlaku a \u0165a\u017ek\u00fdm za\u0165a\u017eeniam. Jeho kon\u0161trukcia tie\u017e zoh\u013ead\u0148uje odolnos\u0165 proti opotrebovaniu a kor\u00f3zii, \u010d\u00edm sa predl\u017euje jeho \u017eivotnos\u0165 aj v n\u00e1ro\u010dn\u00fdch prev\u00e1dzkov\u00fdch podmienkach.<\/p>\n<\/li>\n<li>\n<h3>Efekt\u00edvna hydraulick\u00e1 prev\u00e1dzka<\/h3>\n<p>Valec vyu\u017e\u00edva hydraulick\u00fd tlak oleja pre plynul\u00e9 vys\u00favanie a zas\u00favanie, \u010do umo\u017e\u0148uje r\u00fdchlu reakciu na povely oper\u00e1tora. Poskytuje siln\u00e9 tlakov\u00e9 a \u0165ahov\u00e9 sily, v\u010faka \u010domu je ide\u00e1lny na zvl\u00e1dnutie \u0165a\u017ek\u00fdch a zlo\u017eit\u00fdch \u00faloh.<\/p>\n<\/li>\n<li>\n<h3>R\u00f4znorodos\u0165 typov<\/h3>\n<p>V z\u00e1vislosti od prev\u00e1dzkov\u00fdch potrieb si pou\u017e\u00edvatelia m\u00f4\u017eu vybra\u0165 medzi jedno\u010dinn\u00fdmi (hydraulick\u00e1 sila v jednom smere) alebo dvoj\u010dinn\u00fdmi (hydraulick\u00e1 sila v oboch smeroch) valcami. Niektor\u00e9 modely s\u00fa teleskopick\u00e9, \u010do umo\u017e\u0148uje v\u00e4\u010d\u0161ie vysunutie bez zv\u00e4\u010d\u0161enia vonkaj\u0161\u00edch rozmerov, \u010do je ide\u00e1lne pre aplik\u00e1cie s obmedzen\u00fdm priestorom.<\/p>\n<\/li>\n<\/ul>\n<p>Na\u0161e v\u00fdrobn\u00e9 kapacity zabezpe\u010duj\u00fa, \u017ee tento produkt dok\u00e1\u017eeme vyrobi\u0165 tak, aby dokonale nahradil existuj\u00face hydraulick\u00e9 valce.<\/p>\n<p><img decoding=\"async\" src=\"https:\/\/www.hydraulic-cylinders.net\/wp-content\/uploads\/2025\/04\/songte-cylinder-head-with-all-kinds-excavator-models.webp\" alt=\"R\u00f4zne modely hl\u00e1v valcov r\u00fdpadiel\"\/><\/p>\n<h2>Aplik\u00e1cie valca v\u00fdlo\u017en\u00edka<\/h2>\n<ul>\n<li>\n<h3>Stavebn\u00e9 stroje<\/h3>\n<p>V r\u00fdpadl\u00e1ch s\u00fa valce v\u00fdlo\u017en\u00edka k\u013e\u00fa\u010dov\u00e9 pre kopanie, nakladanie a premiest\u0148ovanie zeminy alebo sutiny. Tieto valce u\u013eah\u010duj\u00fa zdv\u00edhanie a sp\u00fa\u0161\u0165anie v\u00fdlo\u017en\u00edka, \u010do umo\u017e\u0148uje obsluhe efekt\u00edvne vykon\u00e1va\u0165 \u00falohy. Najm\u00e4 na stavenisk\u00e1ch je schopnos\u0165 nastavi\u0165 v\u00fd\u0161ku a uhol v\u00fdlo\u017en\u00edka nevyhnutn\u00e1 pre bezpe\u010dn\u00fa a efekt\u00edvnu prev\u00e1dzku.<\/p>\n<\/li>\n<li>\n<h3>Po\u013enohospod\u00e1rske stroje<\/h3>\n<p>V \u010deln\u00fdch naklada\u010doch s\u00fa valce v\u00fdlo\u017en\u00edka nevyhnutn\u00e9 na naberanie, zdv\u00edhanie a prepravu p\u00f4dy, sena a in\u00fdch materi\u00e1lov. Poskytuj\u00fa potrebn\u00fa silu na efekt\u00edvne zvl\u00e1danie bremien, \u010do je k\u013e\u00fa\u010dov\u00e9 po\u010das obdobia v\u00fdsadby a zberu \u00farody, ke\u010f je \u010das k\u013e\u00fa\u010dov\u00fd.<\/p>\n<\/li>\n<li>\n<h3>R\u00fdpadl\u00e1<\/h3>\n<p>V r\u00fdpadl\u00e1ch umo\u017e\u0148uje valec v\u00fdlo\u017en\u00edka prenikn\u00fa\u0165 do p\u00f4dy, \u010do umo\u017e\u0148uje efekt\u00edvne kopanie. T\u00e1to schopnos\u0165 je obzvl\u00e1\u0161\u0165 d\u00f4le\u017eit\u00e1 pri projektoch vy\u017eaduj\u00facich v\u00fdkop hlbok\u00fdch z\u00e1kopov alebo ve\u013ek\u00fdch pl\u00f4ch, \u010d\u00edm sa zabezpe\u010duje produktivita a r\u00fdchlos\u0165 oper\u00e1ci\u00ed.<\/p>\n<\/li>\n<li>\n<h3>Naklada\u010de<\/h3>\n<p>V \u010deln\u00fdch naklada\u010doch pom\u00e1haj\u00fa valce v\u00fdlo\u017en\u00edka pri efekt\u00edvnom zdv\u00edhan\u00ed a vykladan\u00ed materi\u00e1lov. Schopnos\u0165 ovl\u00e1da\u0165 uhol a v\u00fd\u0161ku n\u00e1kladu zvy\u0161uje man\u00e9vrovate\u013enos\u0165, \u010do umo\u017e\u0148uje obsluhe vykon\u00e1va\u0165 \u00falohy presne a \u013eahko.<\/p>\n<\/li>\n<\/ul>\n<h2>\u00davahy o dizajne a krit\u00e9ri\u00e1 v\u00fdberu<\/h2>\n<ul>\n<li>\n<h3>Nosnos\u0165<\/h3>\n<p>Nosnos\u0165 je k\u013e\u00fa\u010dov\u00fdm faktorom pri kon\u0161trukcii valca v\u00fdlo\u017en\u00edka. Ur\u010duje, ak\u00fa hmotnos\u0165 dok\u00e1\u017ee valec bezpe\u010dne zdvihn\u00fa\u0165 a unies\u0165. Spr\u00e1vne navrhnut\u00fd valec by mal ma\u0165 dostato\u010dn\u00fa pevnos\u0165, aby zvl\u00e1dol maxim\u00e1lnu hmotnos\u0165, s ktorou sa stretne po\u010das prev\u00e1dzky. To zah\u0155\u0148a v\u00fdber materi\u00e1lu, \u0161truktur\u00e1lnu integritu a d\u00f4kladn\u00e9 testovanie na zaistenie bezpe\u010dnosti a spo\u013eahlivosti.<\/p>\n<\/li>\n<li>\n<h3>Tesnenie<\/h3>\n<p>\u00da\u010dinn\u00e9 tesnenie je nevyhnutn\u00e9 na zabr\u00e1nenie \u00faniku hydraulickej kvapaliny. Na zaistenie trvanlivosti a odolnosti vo\u010di opotrebovaniu sa \u010dasto pou\u017e\u00edvaj\u00fa vysokokvalitn\u00e9 tesnenia vyroben\u00e9 z materi\u00e1lov, ako je polyuret\u00e1n alebo nitrilov\u00fd kau\u010duk. Kon\u0161trukcia by mala tie\u017e zoh\u013ead\u0148ova\u0165 tlakov\u00e9 rozdiely a teploty, ktor\u00fdm bud\u00fa tesnenia vystaven\u00e9, aby sa zabezpe\u010dila dlh\u00e1 \u017eivotnos\u0165 a v\u00fdkonnos\u0165 za r\u00f4znych podmienok.<\/p>\n<\/li>\n<li>\n<h3>Trvanlivos\u0165<\/h3>\n<p>Trvanlivos\u0165 sa vz\u0165ahuje na schopnos\u0165 valca ramena odol\u00e1va\u0165 opotrebovaniu v priebehu \u010dasu. Zah\u0155\u0148a to odolnos\u0165 vo\u010di kor\u00f3zii, oderu a \u00fanave materi\u00e1lu. V\u00fdrobn\u00e9 procesy, ktor\u00e9 zvy\u0161uj\u00fa h\u00fa\u017eevnatos\u0165, ako s\u00fa povrchov\u00e9 kalenie a ochrann\u00e9 n\u00e1tery, s\u00fa d\u00f4le\u017eit\u00e9 pre pred\u013a\u017eenie \u017eivotnosti valca a udr\u017eanie jeho v\u00fdkonu.<\/p>\n<\/li>\n<li>\n<h3>Bezpe\u010dnos\u0165<\/h3>\n<p>Bezpe\u010dnostn\u00e9 prvky s\u00fa pri kon\u0161trukcii hydraulick\u00fdch valcov prvorad\u00e9. Patria sem pretlakov\u00e9 ventily, ktor\u00e9 zabra\u0148uj\u00fa pre\u0165a\u017eeniu, ako aj robustn\u00e9 mont\u00e1\u017ene kon\u0161trukcie, ktor\u00e9 zabra\u0148uj\u00fa poruche po\u010das prev\u00e1dzky. Zabezpe\u010denie toho, aby valec v\u00fdlo\u017en\u00edka sp\u013a\u0148al bezpe\u010dnostn\u00e9 normy v tomto odvetv\u00ed, je k\u013e\u00fa\u010dov\u00e9 pre ochranu obsluhy a zariadenia.<\/p>\n<\/li>\n<li>\n<h3>\u00dadr\u017eba<\/h3>\n<p>\u010eal\u0161\u00edm d\u00f4le\u017eit\u00fdm faktorom je jednoduchos\u0165 \u00fadr\u017eby. Kon\u0161trukcia by mala umo\u017e\u0148ova\u0165 jednoduch\u00fd pr\u00edstup ku komponentom, ktor\u00e9 vy\u017eaduj\u00fa pravideln\u00fa \u00fadr\u017ebu, ako s\u00fa tesnenia a mazacie body. Implement\u00e1cia prvkov, ktor\u00e9 umo\u017e\u0148uj\u00fa r\u00fdchlu kontrolu a opravy, minimalizuje prestoje a zv\u00fd\u0161i prev\u00e1dzkov\u00fa efektivitu.<\/p>\n<\/li>\n<\/ul>\n<p><img decoding=\"async\" src=\"https:\/\/www.hydraulic-cylinders.net\/wp-content\/uploads\/2025\/04\/songte-oil-pipes-and-spare-parts.webp\" alt=\"Hydraulick\u00e9 potrubia a n\u00e1hradn\u00e9 diely\"\/><\/p>\n<h2>Tesnenie a mazanie hydraulick\u00e9ho valca<\/h2>\n<p>Tesniaci a mazac\u00ed syst\u00e9m valca v\u00fdlo\u017en\u00edka je rozhoduj\u00faci pre jeho funk\u010dnos\u0165 a dlh\u00fa \u017eivotnos\u0165. R\u00f4zne tesniace komponenty, ako s\u00fa tesnenia piestov a tesnenia ty\u010d\u00ed, by sa mali vybera\u0165 na z\u00e1klade ich schopnosti odol\u00e1va\u0165 hydraulick\u00fdm tlakom a zabra\u0148ova\u0165 \u00faniku kvapaliny. Medzi be\u017ene pou\u017e\u00edvan\u00e9 materi\u00e1ly patr\u00ed polyuret\u00e1n a nitrilov\u00fd kau\u010duk, ktor\u00e9 pon\u00fakaj\u00fa vysok\u00fa odolnos\u0165 vo\u010di opotrebovaniu a chemickej degrad\u00e1cii.<\/p>\n<p>Okrem toho by malo by\u0165 teleso valca a z\u00e1vitov\u00e9 konce presne opracovan\u00e9, aby sa zlep\u0161ila povrchov\u00e1 \u00faprava, zv\u00fd\u0161ila odolnos\u0165 proti opotrebovaniu a zabezpe\u010dilo tesn\u00e9 utesnenie. Pravideln\u00e9 mazanie vhodn\u00fdm hydraulick\u00fdm olejom je nevyhnutn\u00e9 na udr\u017eanie plynul\u00e9ho chodu a zn\u00ed\u017eenie trenia medzi pohybliv\u00fdmi \u010das\u0165ami, \u010d\u00edm sa pred\u013a\u017ei \u017eivotnos\u0165 valca.<\/p>\n<h2>Pravideln\u00e1 kontrola a opatrenia prevent\u00edvnej \u00fadr\u017eby<\/h2>\n<ul>\n<li>\n<h3>Pravideln\u00e9 kontroly<\/h3>\n<p>Pravideln\u00e9 kontroly valca v\u00fdlo\u017en\u00edka s\u00fa nevyhnutn\u00e9 na identifik\u00e1ciu ak\u00fdchko\u013evek zn\u00e1mok opotrebovania alebo po\u0161kodenia. Obsluha by mala skontrolova\u0165 \u00faniky hydraulickej kvapaliny, skontrolova\u0165 tesnenia, \u010di s\u00fa neporu\u0161en\u00e9, a h\u013eada\u0165 deform\u00e1cie tela valca. V\u010dasn\u00e9 odhalenie probl\u00e9mov m\u00f4\u017ee zabr\u00e1ni\u0165 z\u00e1va\u017en\u00fdm poruch\u00e1m a n\u00e1kladn\u00fdm oprav\u00e1m.<\/p>\n<\/li>\n<li>\n<h3>Vhodn\u00e9 mazanie<\/h3>\n<p>Pre optim\u00e1lny v\u00fdkon je nevyhnutn\u00e9 pou\u017ei\u0165 spr\u00e1vne mno\u017estvo hydraulick\u00e9ho oleja. Nadmern\u00e9 alebo nedostato\u010dn\u00e9 mazanie m\u00f4\u017ee vies\u0165 k prev\u00e1dzkov\u00fdm probl\u00e9mom. Pre zachovanie funk\u010dnosti valca je d\u00f4le\u017eit\u00e9 dodr\u017eiava\u0165 odpor\u00fa\u010dania v\u00fdrobcu t\u00fdkaj\u00face sa frekvencie a mno\u017estva mazania.<\/p>\n<\/li>\n<li>\n<h3>V\u00fdmena tesnenia a kontroly kalibr\u00e1cie<\/h3>\n<p>V\u00fdmena opotrebovan\u00fdch tesnen\u00ed je k\u013e\u00fa\u010dov\u00e1 pre udr\u017eanie hydraulickej \u00fa\u010dinnosti. Obsluha by mala by\u0165 vy\u0161kolen\u00e1, aby rozpoznala, kedy tesnenia zlyh\u00e1vaj\u00fa, a aby ich v\u010das vymenila. Pravideln\u00e9 kalibra\u010dn\u00e9 kontroly navy\u0161e zabezpe\u010duj\u00fa, \u017ee hydraulick\u00fd syst\u00e9m pracuje v r\u00e1mci stanoven\u00fdch parametrov, \u010d\u00edm sa zvy\u0161uje bezpe\u010dnos\u0165 a v\u00fdkon.<\/p>\n<\/li>\n<\/ul>\n<p><img decoding=\"async\" src=\"https:\/\/www.hydraulic-cylinders.net\/wp-content\/uploads\/2025\/04\/songte-chushion-collar.webp\" alt=\"Valcov\u00e9 vank\u00fa\u0161ov\u00e9 obj\u00edmky\"\/><\/p>\n<h2>Bezpe\u010dnostn\u00e9 aspekty a faktory prostredia<\/h2>\n<p>Pri pou\u017e\u00edvan\u00ed hydraulick\u00fdch komponentov, ako je napr\u00edklad valec v\u00fdlo\u017en\u00edka, je implement\u00e1cia bezpe\u010dnostn\u00fdch opatren\u00ed mimoriadne d\u00f4le\u017eit\u00e1. Obsluha by mala by\u0165 vy\u0161kolen\u00e1 v bezpe\u010dn\u00fdch prev\u00e1dzkov\u00fdch postupoch vr\u00e1tane obmedzen\u00ed za\u0165a\u017eenia, n\u00fadzov\u00fdch vypnut\u00ed a spr\u00e1vneho umiestnenia zariaden\u00ed, aby sa predi\u0161lo nehod\u00e1m. Okrem toho by sa mali zv\u00e1\u017ei\u0165 faktory prostredia, ako s\u00fa kol\u00edsanie teploty a vystavenie koroz\u00edvnym l\u00e1tkam, preto\u017ee m\u00f4\u017eu ovplyvni\u0165 v\u00fdkon a \u017eivotnos\u0165 valca.<\/p>\n<h2>Diagnostika por\u00fach a be\u017en\u00e9 probl\u00e9my<\/h2>\n<ul>\n<li>\n<h3>\u00danik<\/h3>\n<p>\u00daniky hydraulickej kvapaliny patria medzi naj\u010dastej\u0161ie probl\u00e9my. M\u00f4\u017ee to by\u0165 sp\u00f4soben\u00e9 opotrebovan\u00fdmi tesneniami, po\u0161koden\u00fdmi hadicami alebo nespr\u00e1vnou in\u0161tal\u00e1ciou. V\u010dasn\u00e1 identifik\u00e1cia zdroja \u00faniku je nevyhnutn\u00e1 na zabr\u00e1nenie straty hydraulick\u00e9ho tlaku a zabezpe\u010denie bezpe\u010dnej prev\u00e1dzky.<\/p>\n<\/li>\n<li>\n<h3>Pomal\u00e1 doba odozvy<\/h3>\n<p>Ak valec v\u00fdlo\u017en\u00edka vykazuje pomal\u00fa odozvu, m\u00f4\u017ee to znamena\u0165 n\u00edzku hladinu hydraulickej kvapaliny alebo vn\u00fatorn\u00e9 opotrebenie. Obsluha by mala skontrolova\u0165 hladiny kvapal\u00edn a skontrolova\u0165 valec, \u010di nevykazuje zn\u00e1mky vn\u00fatorn\u00e9ho po\u0161kodenia. Pravideln\u00e1 \u00fadr\u017eba a kontroly kvapal\u00edn m\u00f4\u017eu pom\u00f4c\u0165 zmierni\u0165 tento probl\u00e9m.<\/p>\n<\/li>\n<li>\n<h3>Nerovnomern\u00fd pohyb<\/h3>\n<p>Nerovnomern\u00fd pohyb ramena m\u00f4\u017ee by\u0165 sp\u00f4soben\u00fd nerovnomern\u00fdm rozlo\u017een\u00edm tlaku v hydraulickom syst\u00e9me. M\u00f4\u017ee to by\u0165 sp\u00f4soben\u00e9 upchat\u00edm had\u00edc alebo ventilov. Pravideln\u00e9 kontroly a \u010distenie hydraulick\u00e9ho syst\u00e9mu m\u00f4\u017eu pom\u00f4c\u0165 udr\u017ea\u0165 rovnomern\u00fa funk\u010dnos\u0165.<\/p>\n<\/li>\n<\/ul>\n<h2>Tipy na rie\u0161enie probl\u00e9mov a prevent\u00edvne opatrenia<\/h2>\n<p>Aby bolo mo\u017en\u00e9 efekt\u00edvne rie\u0161i\u0165 probl\u00e9my s valcom v\u00fdlo\u017en\u00edka, oper\u00e1tori by si mali vies\u0165 podrobn\u00fd z\u00e1znam o v\u00fdkone a ak\u00fdchko\u013evek nezrovnalostiach. Pravideln\u00e1 \u00fadr\u017eba vr\u00e1tane kontrol tesnosti a zabezpe\u010denia spr\u00e1vneho mazania minimalizuje potenci\u00e1lne probl\u00e9my. Implement\u00e1cia prevent\u00edvneho pl\u00e1nu \u00fadr\u017eby m\u00f4\u017ee v\u00fdrazne zn\u00ed\u017ei\u0165 pravdepodobnos\u0165 hydraulick\u00fdch por\u00fach, \u010do v kone\u010dnom d\u00f4sledku zv\u00fd\u0161i bezpe\u010dnos\u0165 a produktivitu prev\u00e1dzky.<\/p>\n<p><img decoding=\"async\" src=\"https:\/\/www.hydraulic-cylinders.net\/wp-content\/uploads\/2025\/04\/songte-bushings-with-all-kinds-of-excavator-models.webp\" alt=\"Puzdr\u00e1 pre modely r\u00fdpadiel\"\/><\/p>\n<h2>O na\u0161ej spolo\u010dnosti<\/h2>\n<p>Sme v\u00fdrobca \u0161pecializuj\u00faci sa na v\u00fdmenu hydraulick\u00fdch valcov a pon\u00fakame \u0161irok\u00fd sortiment produktov, v\u010faka ktor\u00fdm sme jedn\u00fdm z popredn\u00fdch v\u00fdrobcov a ve\u013ekoobchodn\u00fdch distrib\u00fatorov na dom\u00e1com aj medzin\u00e1rodnom trhu. N\u00e1\u0161 z\u00e1v\u00e4zok k excelentnosti je podporen\u00fd prepracovanou strat\u00e9giou riadenia v\u00fdroby s vyu\u017eit\u00edm \u0161pi\u010dkov\u00fdch v\u00fdrobn\u00fdch zariaden\u00ed a \u0161pecializovan\u00e9ho testovacieho syst\u00e9mu. Neust\u00e1le vylep\u0161ujeme na\u0161u v\u00fdrobn\u00fa platformu, \u010d\u00edm zabezpe\u010dujeme vysok\u00fa efektivitu, presnos\u0165 a kvalitu, aby sme splnili rozmanit\u00e9 potreby z\u00e1kazn\u00edkov.<\/p>\n<p>Na\u0161a spolo\u010dnos\u0165 sa p\u00fd\u0161i profesionalitou a m\u00e1 medzin\u00e1rodn\u00e9 certifik\u00e1ty, ktor\u00e9 zaru\u010duj\u00fa kvalitu na\u0161ich produktov. Pon\u00fakame slu\u017eby na mieru, ktor\u00e9 sp\u013a\u0148aj\u00fa \u0161pecifick\u00e9 po\u017eiadavky klientov, a udr\u017eiavame najmodernej\u0161ie v\u00fdrobn\u00e9 zariadenia, aby sme zabezpe\u010dili \u0161pi\u010dkov\u00e9 produkty. Okrem toho n\u00e1\u0161 \u0161pecializovan\u00fd popredajn\u00fd servis zaru\u010duje z\u00e1kazn\u00edcku podporu, poskytuje pokoj v du\u0161i a rie\u0161i ak\u00e9ko\u013evek probl\u00e9my, ktor\u00e9 m\u00f4\u017eu vznikn\u00fa\u0165.<\/p>\n<p><img decoding=\"async\" src=\"https:\/\/www.hydraulic-cylinders.net\/wp-content\/uploads\/2025\/04\/songte-company-4.webp\" alt=\"Preh\u013ead spolo\u010dnosti\"\/><br \/>\n<img decoding=\"async\" src=\"https:\/\/www.hydraulic-cylinders.net\/wp-content\/uploads\/2025\/04\/songte-company-3.webp\" alt=\"Zariadenia spolo\u010dnosti\"\/><\/p>\n<p>Autor: lyl<\/p>","protected":false},"excerpt":{"rendered":"<p>Boom Cylinder For John Deere E210LC Product Overview The Boom Cylinder for John Deere E210LC is an essential hydraulic component designed to control the movement of the boom in excavators. This hydraulic cylinder plays a crucial role in the operation of heavy machinery, enabling the smooth lifting, lowering, and tilting of the boom. In essence, [&hellip;]<\/p>","protected":false},"featured_media":17878,"comment_status":"open","ping_status":"closed","template":"","meta":{"_et_pb_use_builder":"","_et_pb_old_content":"","_et_gb_content_width":""},"product_brand":[],"product_cat":[1546],"product_tag":[1547,1496],"class_list":{"0":"post-19570","1":"product","2":"type-product","3":"status-publish","4":"has-post-thumbnail","6":"product_cat-boom-cylinders","7":"product_tag-boom-cylinders","8":"product_tag-hydraulic-cylinders","10":"first","11":"instock","12":"shipping-taxable","13":"product-type-simple"},"amp_enabled":true,"_links":{"self":[{"href":"https:\/\/www.hydraulic-cylinders.net\/sk\/wp-json\/wp\/v2\/product\/19570","targetHints":{"allow":["GET"]}}],"collection":[{"href":"https:\/\/www.hydraulic-cylinders.net\/sk\/wp-json\/wp\/v2\/product"}],"about":[{"href":"https:\/\/www.hydraulic-cylinders.net\/sk\/wp-json\/wp\/v2\/types\/product"}],"replies":[{"embeddable":true,"href":"https:\/\/www.hydraulic-cylinders.net\/sk\/wp-json\/wp\/v2\/comments?post=19570"}],"wp:featuredmedia":[{"embeddable":true,"href":"https:\/\/www.hydraulic-cylinders.net\/sk\/wp-json\/wp\/v2\/media\/17878"}],"wp:attachment":[{"href":"https:\/\/www.hydraulic-cylinders.net\/sk\/wp-json\/wp\/v2\/media?parent=19570"}],"wp:term":[{"taxonomy":"product_brand","embeddable":true,"href":"https:\/\/www.hydraulic-cylinders.net\/sk\/wp-json\/wp\/v2\/product_brand?post=19570"},{"taxonomy":"product_cat","embeddable":true,"href":"https:\/\/www.hydraulic-cylinders.net\/sk\/wp-json\/wp\/v2\/product_cat?post=19570"},{"taxonomy":"product_tag","embeddable":true,"href":"https:\/\/www.hydraulic-cylinders.net\/sk\/wp-json\/wp\/v2\/product_tag?post=19570"}],"curies":[{"name":"pracovn\u00fd list","href":"https:\/\/api.w.org\/{rel}","templated":true}]}}