{"id":19578,"date":"2025-04-07T06:55:27","date_gmt":"2025-04-07T06:55:27","guid":{"rendered":"https:\/\/www.hydraulic-cylinders.net\/product\/boom-cylinder-for-yuchai-yc55-8\/"},"modified":"2025-04-07T06:55:30","modified_gmt":"2025-04-07T06:55:30","slug":"boom-cylinder-for-yuchai-yc55-8","status":"publish","type":"product","link":"https:\/\/www.hydraulic-cylinders.net\/sk\/produkt\/boom-cylinder-for-yuchai-yc55-8\/","title":{"rendered":"Valec v\u00fdlo\u017en\u00edka pre Yuchai YC55-8"},"content":{"rendered":"<h1>Valec v\u00fdlo\u017en\u00edka pre Yuchai YC55-8<\/h1>\n<h2>Preh\u013ead produktu<\/h2>\n<p>Hydraulick\u00fd valec v\u00fdlo\u017en\u00edka pre Yuchai YC55-8 je k\u013e\u00fa\u010dovou s\u00fa\u010das\u0165ou \u0165a\u017ek\u00fdch strojov, \u0161peci\u00e1lne navrhnut\u00fd na ovl\u00e1danie pohybu ly\u017e\u00edc v r\u00f4znych aplik\u00e1ci\u00e1ch. Tento hydraulick\u00fd valec je nevyhnutn\u00fd pre r\u00fdpadl\u00e1, r\u00fdpadl\u00e1-naklada\u010de a \u010deln\u00e9 naklada\u010de, preto\u017ee umo\u017e\u0148uje presn\u00fa manipul\u00e1ciu so zdv\u00edhan\u00edm, sp\u00fa\u0161\u0165an\u00edm a nakl\u00e1\u0148an\u00edm ly\u017eice. U\u013eah\u010den\u00edm t\u00fdchto pohybov zohr\u00e1va d\u00f4le\u017eit\u00fa \u00falohu pri manipul\u00e1cii s materi\u00e1lom a zabezpe\u010duje efekt\u00edvnos\u0165 a \u00fa\u010dinnos\u0165 oper\u00e1ci\u00ed.<\/p>\n<p><img decoding=\"async\" src=\"https:\/\/www.hydraulic-cylinders.net\/wp-content\/uploads\/2025\/04\/songte-company-1.webp\" alt=\"Valec v\u00fdlo\u017en\u00edka\"><\/p>\n<h3>Defin\u00edcia a funkcia<\/h3>\n<p>Hydraulick\u00fd valec ly\u017eice je \u0161pecializovan\u00fd hydraulick\u00fd valec pou\u017e\u00edvan\u00fd na riadenie pohybu ly\u017eice na \u0165a\u017ek\u00fdch strojoch. Jeho hlavnou funkciou je zdv\u00edhanie, sp\u00fa\u0161\u0165anie a nakl\u00e1\u0148anie ly\u017eice pre optimaliz\u00e1ciu manipul\u00e1cie s materi\u00e1lom. Tieto valce vyu\u017e\u00edvaj\u00fa hydraulick\u00fa kvapalinu pod tlakom na vytvorenie pohybu, \u010do umo\u017e\u0148uje obsluhe \u013eahko vykon\u00e1va\u0165 \u00falohy, ako je kopanie, nakladanie a preprava materi\u00e1lov. Kon\u0161trukcia valcov v\u00fdlo\u017en\u00edka zoh\u013ead\u0148uje vysok\u00fa pevnos\u0165 a odolnos\u0165, v\u010faka \u010domu s\u00fa nevyhnutn\u00e9 pre r\u00f4zne n\u00e1ro\u010dn\u00e9 prostredia.<\/p>\n<h2>K\u013e\u00fa\u010dov\u00e9 vlastnosti<\/h2>\n<ul>\n<li><strong>Vysok\u00e1 pevnos\u0165 a odolnos\u0165:<\/strong> Tieto valce, ktor\u00e9 s\u00fa zvy\u010dajne vyroben\u00e9 z vysokopevnostnej ocele alebo hlin\u00edka, odol\u00e1vaj\u00fa vysok\u00e9mu tlaku a \u0165a\u017ek\u00fdm za\u0165a\u017eeniam, v\u010faka \u010domu s\u00fa vhodn\u00e9 do n\u00e1ro\u010dn\u00fdch pracovn\u00fdch podmienok.<\/li>\n<li><strong>Efekt\u00edvna hydraulick\u00e1 prev\u00e1dzka:<\/strong> Valec v\u00fdlo\u017en\u00edka pracuje plynulo, zabezpe\u010duje r\u00fdchlu odozvu na ovl\u00e1dacie povely a poskytuje zna\u010dn\u00e9 tla\u010dn\u00e9 a \u0165a\u017en\u00e9 sily na zvl\u00e1dnutie \u0165a\u017ek\u00fdch a zlo\u017eit\u00fdch \u00faloh.<\/li>\n<li><strong>R\u00f4zne typy:<\/strong> K dispoz\u00edcii s\u00fa jedno\u010dinn\u00e9 a dvoj\u010dinn\u00e9 varianty, \u010do umo\u017e\u0148uje rie\u0161enia na mieru pre r\u00f4zne prev\u00e1dzkov\u00e9 potreby. Niektor\u00e9 modely s\u00fa teleskopick\u00e9, \u010do umo\u017e\u0148uje v\u00e4\u010d\u0161ie vysunutie bez zv\u00e4\u010d\u0161enia vonkaj\u0161\u00edch rozmerov, ide\u00e1lne do stiesnen\u00fdch priestorov.<\/li>\n<\/ul>\n<p>Tento produkt dok\u00e1\u017eeme vyrobi\u0165 dokonale tak, aby bez probl\u00e9mov nahradil existuj\u00face hydraulick\u00e9 valce. <\/p>\n<p><img decoding=\"async\" src=\"https:\/\/www.hydraulic-cylinders.net\/wp-content\/uploads\/2025\/04\/songte-cylinder-head-with-all-kinds-excavator-models.webp\" alt=\"Modely bagrov\"><\/p>\n<h2>Aplik\u00e1cie<\/h2>\n<h3>Stavebn\u00e9 stroje<\/h3>\n<p>V r\u00fdpadl\u00e1ch s\u00fa valce v\u00fdlo\u017en\u00edka k\u013e\u00fa\u010dov\u00e9 pre kopanie, nakladanie a premiest\u0148ovanie zeminy alebo sutiny. Zlep\u0161uj\u00fa proces v\u00fdkopu t\u00fdm, \u017ee umo\u017e\u0148uj\u00fa oper\u00e1torom ovl\u00e1da\u0165 h\u013abku a uhol ly\u017eice, \u010d\u00edm maximalizuj\u00fa efektivitu odstra\u0148ovania materi\u00e1lu.<\/p>\n<h3>Po\u013enohospod\u00e1rske stroje<\/h3>\n<p>V \u010deln\u00fdch naklada\u010doch pom\u00e1haj\u00fa valce v\u00fdlo\u017en\u00edka pri naberan\u00ed, zdv\u00edhan\u00ed a preprave p\u00f4dy, sena a r\u00f4znych materi\u00e1lov. Ich robustn\u00e1 kon\u0161trukcia zais\u0165uje spo\u013eahliv\u00fd v\u00fdkon v po\u013enohospod\u00e1rskom prostred\u00ed, kde efekt\u00edvne zvl\u00e1daj\u00fa n\u00e1ro\u010dn\u00e9 \u00falohy.<\/p>\n<h3>R\u00fdpadl\u00e1<\/h3>\n<p>Valce lopaty umo\u017e\u0148uj\u00fa r\u00fdpadl\u00e1m efekt\u00edvne prenika\u0165 do p\u00f4dy, \u010do umo\u017e\u0148uje plynul\u00e9 kopanie. Ich kon\u0161trukcia umo\u017e\u0148uje presn\u00e9 polohovanie lopaty a zais\u0165uje optim\u00e1lny v\u00fdkon po\u010das v\u00fdkopov\u00fdch pr\u00e1c.<\/p>\n<h3>Naklada\u010de<\/h3>\n<p>V \u010deln\u00fdch naklada\u010doch pom\u00e1haj\u00fa valce v\u00fdlo\u017en\u00edka efekt\u00edvne zdv\u00edha\u0165 a vyklada\u0165 materi\u00e1ly. Ich spo\u013eahliv\u00e1 prev\u00e1dzka zais\u0165uje bezpe\u010dn\u00fa manipul\u00e1ciu s \u0165a\u017ek\u00fdmi bremenami, \u010d\u00edm sa zvy\u0161uje produktivita na stavenisk\u00e1ch.<\/p>\n<h2>\u00davahy o dizajne a krit\u00e9ri\u00e1 v\u00fdberu<\/h2>\n<h3>Nosnos\u0165<\/h3>\n<p>Nosnos\u0165 je kritick\u00fdm faktorom pri v\u00fdbere valca v\u00fdlo\u017en\u00edka. Vz\u0165ahuje sa na maxim\u00e1lnu hmotnos\u0165, ktor\u00fa m\u00f4\u017ee valec bezpe\u010dne zdvihn\u00fa\u0165, a je ur\u010den\u00e1 materi\u00e1lom, ve\u013ekos\u0165ou a hydraulickou kon\u0161trukciou valca. Pre bezpe\u010dn\u00fa prev\u00e1dzku je nevyhnutn\u00e9 zabezpe\u010di\u0165, aby valec zvl\u00e1dol po\u017eadovan\u00e9 za\u0165a\u017eenie bez poruchy.<\/p>\n<h3>Tesniace mechanizmy<\/h3>\n<p>\u00da\u010dinn\u00e9 tesnenie je nevyhnutn\u00e9 na zabr\u00e1nenie \u00faniku hydraulickej kvapaliny a zabezpe\u010denie optim\u00e1lneho v\u00fdkonu. V\u00fdber vysokokvalitn\u00fdch tesnen\u00ed, ako s\u00fa tesnenia piestov a ty\u010d\u00ed, vyroben\u00fdch z odoln\u00fdch materi\u00e1lov, ako je polyuret\u00e1n alebo nitrilov\u00e1 guma, zvy\u0161uje \u017eivotnos\u0165 a \u00fa\u010dinnos\u0165 valca.<\/p>\n<h3>Trvanlivos\u0165<\/h3>\n<p>V n\u00e1ro\u010dn\u00fdch prostrediach, kde funguj\u00fa valce v\u00fdlo\u017en\u00edka, je prvorad\u00e1 odolnos\u0165. Kon\u0161trukcia by mala zah\u0155\u0148a\u0165 materi\u00e1ly a n\u00e1tery odoln\u00e9 vo\u010di opotrebovaniu, aby odolali oderu, kor\u00f3zii a kol\u00edsaniu tlaku, \u010d\u00edm sa zabezpe\u010d\u00ed dlh\u00e1 \u017eivotnos\u0165 a zn\u00ed\u017een\u00e9 n\u00e1roky na \u00fadr\u017ebu.<\/p>\n<h3>Bezpe\u010dnostn\u00e9 prvky<\/h3>\n<p>Na predch\u00e1dzanie nehod\u00e1m sp\u00f4soben\u00fdm poruchou valca je potrebn\u00e9 zv\u00e1\u017ei\u0165 bezpe\u010dnostn\u00e9 prvky, ako s\u00fa pretlakov\u00e9 ventily a robustn\u00e9 mont\u00e1\u017ene konzoly. Tieto prvky zabezpe\u010duj\u00fa bezpe\u010dn\u00fa prev\u00e1dzku hydraulick\u00e9ho syst\u00e9mu za r\u00f4znych podmienok.<\/p>\n<h3>Pr\u00edstupnos\u0165 \u00fadr\u017eby<\/h3>\n<p>Navrhovanie hydraulick\u00fdch valcov s oh\u013eadom na \u00fadr\u017ebu umo\u017e\u0148uje jednoduch\u00e9 kontroly a opravy. Funkcie, ako s\u00fa pr\u00edstupn\u00e9 maznice a \u013eahko vymenite\u013en\u00e9 tesnenia, prispievaj\u00fa k minimaliz\u00e1cii prestojov a prev\u00e1dzkov\u00fdch preru\u0161en\u00ed.<\/p>\n<p><img decoding=\"async\" src=\"https:\/\/www.hydraulic-cylinders.net\/wp-content\/uploads\/2025\/04\/songte-oil-pipes-and-spare-parts.webp\" alt=\"Hydraulick\u00e9 diely\"><\/p>\n<h2>Tesnenie a mazanie<\/h2>\n<p>Zabezpe\u010denie dlhej \u017eivotnosti valcov v\u00fdlo\u017en\u00edka zah\u0155\u0148a pou\u017eitie r\u00f4znych tesniacich komponentov, ako s\u00fa tesnenia piestov a tesnenia ty\u010d\u00ed. Vysoko\u00fa\u010dinn\u00e9 materi\u00e1ly vr\u00e1tane polyuret\u00e1nu a nitrilov\u00e9ho kau\u010duku s\u00fa vybran\u00e9 pre svoju odolnos\u0165 vo\u010di opotrebovaniu a trvanlivos\u0165. Spr\u00e1vna povrchov\u00e1 \u00faprava telesa valca a z\u00e1vitov\u00fdch koncov zvy\u0161uje odolnos\u0165 vo\u010di opotrebovaniu a zabra\u0148uje pred\u010dasn\u00e9mu zlyhaniu. Pravideln\u00e9 mazanie hydraulick\u00fdm olejom je nevyhnutn\u00e9 na udr\u017eanie optim\u00e1lneho v\u00fdkonu a zabr\u00e1nenie opotrebovaniu.<\/p>\n<h2>Pravideln\u00e1 kontrola a prevent\u00edvna \u00fadr\u017eba<\/h2>\n<ul>\n<li><strong>Pravideln\u00e9 kontroly:<\/strong> Vykon\u00e1vanie pravideln\u00fdch vizu\u00e1lnych kontrol pom\u00e1ha v\u010das odhali\u0165 opotrebovanie. H\u013eadajte ak\u00e9ko\u013evek zn\u00e1mky \u00faniku oleja, kor\u00f3zie alebo po\u0161kodenia kon\u0161trukcie.<\/li>\n<li><strong>Spr\u00e1vne mazanie:<\/strong> Uistite sa, \u017ee hladina hydraulick\u00e9ho oleja je dostato\u010dn\u00e1 a \u017ee olej je \u010dist\u00fd, aby sa zabezpe\u010dilo \u00fa\u010dinn\u00e9 mazanie, ktor\u00e9 je k\u013e\u00fa\u010dov\u00e9 pre funk\u010dnos\u0165 valca.<\/li>\n<li><strong>V\u00fdmena tesnenia:<\/strong> Pravidelne kontrolujte opotrebovanie tesnen\u00ed. Ich v\u00fdmena pri prv\u00fdch pr\u00edznakoch opotrebenia m\u00f4\u017ee zabr\u00e1ni\u0165 n\u00e1kladn\u00fdm oprav\u00e1m a prestojom.<\/li>\n<\/ul>\n<h2>Pokyny na in\u0161tal\u00e1ciu<\/h2>\n<p>Spr\u00e1vna in\u0161tal\u00e1cia valca v\u00fdlo\u017en\u00edka je k\u013e\u00fa\u010dov\u00e1 pre optim\u00e1lny v\u00fdkon. Za\u010dnite t\u00fdm, \u017ee sa uist\u00edte, \u017ee mont\u00e1\u017ene povrchy s\u00fa \u010dist\u00e9 a bez ne\u010dist\u00f4t. Na presn\u00e9 umiestnenie valca pou\u017eite spr\u00e1vne n\u00e1stroje na zarovnanie, aby ste predi\u0161li ak\u00e9muko\u013evek nespr\u00e1vnemu zarovnaniu, ktor\u00e9 by mohlo vies\u0165 k pred\u010dasn\u00e9mu opotrebovaniu. Valec zaistite pomocou vhodn\u00fdch mont\u00e1\u017enych konzol, aby ste zabr\u00e1nili jeho pohybu po\u010das prev\u00e1dzky. V\u017edy si pre\u010d\u00edtajte \u0161pecifik\u00e1cie v\u00fdrobcu t\u00fdkaj\u00face sa nastavenia kr\u00fatiaceho momentu, aby ste zabezpe\u010dili bezpe\u010dn\u00fa in\u0161tal\u00e1ciu. Po in\u0161tal\u00e1cii otestujte syst\u00e9m za kontrolovan\u00fdch podmienok, aby ste sa uistili, \u017ee v\u0161etko funguje spr\u00e1vne.<\/p>\n<h2>Be\u017en\u00e9 \u00falohy \u00fadr\u017eby<\/h2>\n<ul>\n<li><strong>Pravideln\u00e9 kontroly:<\/strong> Mali by sa vykon\u00e1va\u0165 pravideln\u00e9 kontroly, aby sa sledovali ak\u00e9ko\u013evek zn\u00e1mky opotrebovania alebo po\u0161kodenia. Patria sem kontrola tesnosti valca a zabezpe\u010denie bezpe\u010dnosti v\u0161etk\u00fdch pripojen\u00ed.<\/li>\n<li><strong>Spr\u00e1vne mazanie:<\/strong> Zabezpe\u010dte, aby boli v\u0161etky pohybliv\u00e9 \u010dasti dostato\u010dne namazan\u00e9, aby sa zn\u00ed\u017eilo trenie a opotrebovanie. Pravidelne kontrolujte hladinu maziva a pod\u013ea potreby ho dopl\u0148ujte.<\/li>\n<li><strong>V\u00fdmena tesnenia:<\/strong> Tesnenia by sa mali pravidelne kontrolova\u0165 na opotrebovanie a v pr\u00edpade potreby vymie\u0148a\u0165, aby sa predi\u0161lo \u00faniku hydraulickej kvapaliny, \u010do m\u00f4\u017ee vies\u0165 k zn\u00ed\u017eeniu v\u00fdkonu a poruche syst\u00e9mu.<\/li>\n<\/ul>\n<h2>Bezpe\u010dnostn\u00e9 aspekty a faktory prostredia<\/h2>\n<p>Pri obsluhe hydraulick\u00fdch syst\u00e9mov s\u00fa bezpe\u010dnostn\u00e9 opatrenia prvorad\u00e9. Obsluha by mala by\u0165 vy\u0161kolen\u00e1 v bezpe\u010dnom pou\u017e\u00edvan\u00ed zariaden\u00ed a mala by si by\u0165 vedom\u00e1 potenci\u00e1lnych nebezpe\u010denstiev. Mali by sa nosi\u0165 bezpe\u010dnostn\u00e9 pom\u00f4cky a vykon\u00e1va\u0165 pravideln\u00e9 kontroly \u00fadr\u017eby, aby sa zmiernili ak\u00e9ko\u013evek prev\u00e1dzkov\u00e9 rizik\u00e1. Okrem toho je spr\u00e1vna likvid\u00e1cia hydraulick\u00fdch kvapal\u00edn a odpadov\u00fdch materi\u00e1lov nevyhnutn\u00e1 pre minimaliz\u00e1ciu vplyvu na \u017eivotn\u00e9 prostredie v s\u00falade s miestnymi predpismi.<\/p>\n<h2>Rie\u0161enie be\u017en\u00fdch probl\u00e9mov<\/h2>\n<ul>\n<li><strong>\u00danik:<\/strong> Ak z valca unik\u00e1 hydraulick\u00e1 kvapalina, skontrolujte tesnenia a spoje, \u010di nie s\u00fa opotrebovan\u00e9 alebo po\u0161koden\u00e9. Vyme\u0148te v\u0161etky chybn\u00e9 komponenty, aby ste obnovili funk\u010dnos\u0165.<\/li>\n<li><strong>Zn\u00ed\u017een\u00fd v\u00fdkon:<\/strong> Ak sa valec nevys\u00fava alebo nezas\u00fava plynulo, skontrolujte hladinu a kvalitu hydraulickej kvapaliny. Kontaminovan\u00e1 kvapalina m\u00f4\u017ee vy\u017eadova\u0165 v\u00fdmenu.<\/li>\n<li><strong>Nezvy\u010dajn\u00e9 zvuky:<\/strong> Hluky po\u010das prev\u00e1dzky m\u00f4\u017eu nazna\u010dova\u0165 mechanick\u00e9 probl\u00e9my alebo vzduch v hydraulickom syst\u00e9me. Odvzdu\u0161nite syst\u00e9m, aby ste odstr\u00e1nili vzduch, a skontrolujte, \u010di nie s\u00fa po\u0161koden\u00e9 komponenty.<\/li>\n<\/ul>\n<p>Prevent\u00edvne opatrenia zah\u0155\u0148aj\u00fa pravideln\u00e9 kontroly a r\u00fdchle opravy, aby sa minimalizovali potenci\u00e1lne probl\u00e9my a zabezpe\u010dila sa bezprobl\u00e9mov\u00e1 prev\u00e1dzka syst\u00e9mu.<\/p>\n<p><img decoding=\"async\" src=\"https:\/\/www.hydraulic-cylinders.net\/wp-content\/uploads\/2025\/04\/songte-bushings-with-all-kinds-of-excavator-models.webp\" alt=\"Diely pre bagre\"><\/p>\n<h2>O na\u0161ej spolo\u010dnosti<\/h2>\n<p>Sme popredn\u00fdm v\u00fdrobcom n\u00e1hradn\u00fdch hydraulick\u00fdch valcov a pon\u00fakame komplexn\u00fd sortiment produktov pre dom\u00e1ci aj medzin\u00e1rodn\u00fd trh. N\u00e1\u0161 z\u00e1v\u00e4zok k excelentnosti je podporen\u00fd prepracovanou strat\u00e9giou riadenia v\u00fdroby, ktor\u00e1 sa zameriava na vysoko kvalitn\u00fa produkciu. V\u010faka kvalifikovanej pracovnej sile, modern\u00e9mu high-tech v\u00fdrobn\u00e9mu zariadeniu a robustn\u00e9mu syst\u00e9mu kontroly kvality neust\u00e1le zlep\u0161ujeme na\u0161e v\u00fdrobn\u00e9 kapacity a zabezpe\u010dujeme, aby sme sp\u013a\u0148ali rozmanit\u00e9 potreby z\u00e1kazn\u00edkov s vysokou efektivitou, presnos\u0165ou a kvalitou.<\/p>\n<p>Na\u0161a odbornos\u0165 zah\u0155\u0148a:<\/p>\n<ul>\n<li><strong>Profesionalita:<\/strong> N\u00e1\u0161 t\u00edm sa sklad\u00e1 z odborn\u00edkov na hydraulick\u00e9 syst\u00e9my, \u010do zabezpe\u010duje dod\u00e1vanie \u0161pi\u010dkov\u00fdch produktov.<\/li>\n<li><strong>Medzin\u00e1rodn\u00e9 certifik\u00e1cie:<\/strong> Dodr\u017eiavame glob\u00e1lne \u0161tandardy a poskytujeme produkty, ktor\u00e9 sp\u013a\u0148aj\u00fa pr\u00edsne po\u017eiadavky na kvalitu.<\/li>\n<li><strong>Z\u00e1kazn\u00edcke slu\u017eby:<\/strong> Pon\u00fakame rie\u0161enia \u0161it\u00e9 na mieru, ktor\u00e9 sp\u013a\u0148aj\u00fa \u0161pecifick\u00e9 po\u017eiadavky z\u00e1kazn\u00edkov.<\/li>\n<li><strong>Pokro\u010dil\u00e9 v\u00fdrobn\u00e9 zariadenia:<\/strong> Na\u0161e najmodernej\u0161ie v\u00fdrobn\u00e9 zariadenia zaru\u010duj\u00fa vysoko kvalitn\u00fd v\u00fdstup.<\/li>\n<li><strong>Popredajn\u00e1 podpora:<\/strong> N\u00e1\u0161 \u0161pecializovan\u00fd t\u00edm podpory je k dispoz\u00edcii, aby pomohol z\u00e1kazn\u00edkom s ak\u00fdmiko\u013evek ot\u00e1zkami alebo probl\u00e9mami po n\u00e1kupe.<\/li>\n<\/ul>\n<p><img decoding=\"async\" src=\"https:\/\/www.hydraulic-cylinders.net\/wp-content\/uploads\/2025\/04\/songte-company-4.webp\" alt=\"Preh\u013ead spolo\u010dnosti\"><br \/>\n<img decoding=\"async\" src=\"https:\/\/www.hydraulic-cylinders.net\/wp-content\/uploads\/2025\/04\/songte-company-3.webp\" alt=\"Zariadenia spolo\u010dnosti\"><\/p>\n<p>Autor: lyl<\/p>","protected":false},"excerpt":{"rendered":"<p>Boom Cylinder For Yuchai YC55-8 Product Overview The Boom Cylinder for Yuchai YC55-8 is a critical component in heavy machinery, specifically designed to control the movement of buckets in various applications. This hydraulic cylinder is essential for excavators, backhoes, and front loaders, allowing for precise manipulation of the bucket&#8217;s elevation, lowering, and tilting. By facilitating [&hellip;]<\/p>","protected":false},"featured_media":17871,"comment_status":"open","ping_status":"closed","template":"","meta":{"_et_pb_use_builder":"","_et_pb_old_content":"","_et_gb_content_width":""},"product_brand":[],"product_cat":[1546],"product_tag":[1547,1496],"class_list":{"0":"post-19578","1":"product","2":"type-product","3":"status-publish","4":"has-post-thumbnail","6":"product_cat-boom-cylinders","7":"product_tag-boom-cylinders","8":"product_tag-hydraulic-cylinders","10":"first","11":"instock","12":"shipping-taxable","13":"product-type-simple"},"amp_enabled":true,"_links":{"self":[{"href":"https:\/\/www.hydraulic-cylinders.net\/sk\/wp-json\/wp\/v2\/product\/19578","targetHints":{"allow":["GET"]}}],"collection":[{"href":"https:\/\/www.hydraulic-cylinders.net\/sk\/wp-json\/wp\/v2\/product"}],"about":[{"href":"https:\/\/www.hydraulic-cylinders.net\/sk\/wp-json\/wp\/v2\/types\/product"}],"replies":[{"embeddable":true,"href":"https:\/\/www.hydraulic-cylinders.net\/sk\/wp-json\/wp\/v2\/comments?post=19578"}],"wp:featuredmedia":[{"embeddable":true,"href":"https:\/\/www.hydraulic-cylinders.net\/sk\/wp-json\/wp\/v2\/media\/17871"}],"wp:attachment":[{"href":"https:\/\/www.hydraulic-cylinders.net\/sk\/wp-json\/wp\/v2\/media?parent=19578"}],"wp:term":[{"taxonomy":"product_brand","embeddable":true,"href":"https:\/\/www.hydraulic-cylinders.net\/sk\/wp-json\/wp\/v2\/product_brand?post=19578"},{"taxonomy":"product_cat","embeddable":true,"href":"https:\/\/www.hydraulic-cylinders.net\/sk\/wp-json\/wp\/v2\/product_cat?post=19578"},{"taxonomy":"product_tag","embeddable":true,"href":"https:\/\/www.hydraulic-cylinders.net\/sk\/wp-json\/wp\/v2\/product_tag?post=19578"}],"curies":[{"name":"pracovn\u00fd list","href":"https:\/\/api.w.org\/{rel}","templated":true}]}}