{"id":19580,"date":"2025-04-07T06:55:42","date_gmt":"2025-04-07T06:55:42","guid":{"rendered":"https:\/\/www.hydraulic-cylinders.net\/product\/boom-cylinder-for-yuchai-yc210lc-8\/"},"modified":"2025-04-07T06:55:51","modified_gmt":"2025-04-07T06:55:51","slug":"boom-cylinder-for-yuchai-yc210lc-8","status":"publish","type":"product","link":"https:\/\/www.hydraulic-cylinders.net\/sk\/produkt\/boom-cylinder-for-yuchai-yc210lc-8\/","title":{"rendered":"Valec v\u00fdlo\u017en\u00edka pre Yuchai YC210LC-8"},"content":{"rendered":"<h1>Valec v\u00fdlo\u017en\u00edka pre Yuchai YC210LC-8<\/h1>\n<h2>Preh\u013ead produktu<\/h2>\n<p>Hydraulick\u00fd valec v\u00fdlo\u017en\u00edka pre Yuchai YC210LC-8 je z\u00e1kladnou s\u00fa\u010das\u0165ou \u0165a\u017ek\u00fdch strojov, \u0161peci\u00e1lne navrhnut\u00fd na ovl\u00e1danie pohybu v\u00fdlo\u017en\u00edka v r\u00fdpadl\u00e1ch. Tento hydraulick\u00fd valec umo\u017e\u0148uje zdv\u00edhanie, sp\u00fa\u0161\u0165anie a nakl\u00e1\u0148anie v\u00fdlo\u017en\u00edka, \u010do u\u013eah\u010duje r\u00f4zne \u00falohy manipul\u00e1cie s materi\u00e1lom. Ako k\u013e\u00fa\u010dov\u00e1 s\u00fa\u010das\u0165 hydraulick\u00e9ho syst\u00e9mu mus\u00ed valec v\u00fdlo\u017en\u00edka odol\u00e1va\u0165 zna\u010dn\u00e9mu tlaku a z\u00e1rove\u0148 zabezpe\u010dova\u0165 spo\u013eahliv\u00fa a efekt\u00edvnu prev\u00e1dzku.<\/p>\n<p><img decoding=\"async\" src=\"https:\/\/www.hydraulic-cylinders.net\/wp-content\/uploads\/2025\/04\/songte-company-1.webp\" alt=\"Valec v\u00fdlo\u017en\u00edka\" \/><\/p>\n<h3>Defin\u00edcia a funk\u010dnos\u0165<\/h3>\n<p>Hydraulick\u00fd valec ly\u017eice je typ hydraulick\u00e9ho valca, ktor\u00fd sa \u0161peci\u00e1lne pou\u017e\u00edva na ovl\u00e1danie pohybu ly\u017e\u00edc v \u0165a\u017ek\u00fdch strojoch, ako s\u00fa bagre, r\u00fdpadl\u00e1 a \u010deln\u00e9 naklada\u010de. Zohr\u00e1va k\u013e\u00fa\u010dov\u00fa \u00falohu v hydraulick\u00fdch syst\u00e9moch t\u00fdm, \u017ee umo\u017e\u0148uje presn\u00fd pohyb potrebn\u00fd pre \u00falohy, ako je kopanie, zdv\u00edhanie a preprava materi\u00e1lov. Jeho kon\u0161trukcia zabezpe\u010duje, \u017ee odol\u00e1 n\u00e1ro\u010dn\u00fdm podmienkam prev\u00e1dzky \u0165a\u017ek\u00fdch zariaden\u00ed, v\u010faka \u010domu je nevyhnutn\u00fd pre optim\u00e1lny v\u00fdkon.<\/p>\n<h2>K\u013e\u00fa\u010dov\u00e9 vlastnosti<\/h2>\n<ul>\n<li><strong>Vysok\u00e1 pevnos\u0165 a odolnos\u0165:<\/strong> T\u00e1to f\u013ea\u0161a je vyroben\u00e1 z vysokopevnostnej ocele alebo hlin\u00edka, tak\u017ee je schopn\u00e1 odol\u00e1va\u0165 vysok\u00e9mu tlaku a \u0165a\u017ek\u00fdm za\u0165a\u017eeniam a je navrhnut\u00e1 tak, aby odol\u00e1vala opotrebovaniu a kor\u00f3zii a pred\u013a\u017eila tak \u017eivotnos\u0165.<\/li>\n<li><strong>Efekt\u00edvna hydraulick\u00e1 prev\u00e1dzka:<\/strong> Vyu\u017e\u00edva hydraulick\u00fd tlak oleja na dosiahnutie plynul\u00e9ho vys\u00favania a zas\u00favania, \u010do umo\u017e\u0148uje r\u00fdchlu reakciu na povely oper\u00e1tora a poskytuje zna\u010dn\u00fa silu pri tla\u010den\u00ed a \u0165ahu.<\/li>\n<li><strong>R\u00f4zne typy:<\/strong> K dispoz\u00edcii s\u00fa jedno\u010dinn\u00e9 (hydraulick\u00fd tlak v jednom smere) alebo dvoj\u010dinn\u00e9 (hydraulick\u00fd tlak v oboch smeroch) varianty, pri\u010dom niektor\u00e9 modely s\u00fa navrhnut\u00e9 ako teleskopick\u00e9 pre v\u00e4\u010d\u0161ie vysunutie bez zv\u00e4\u010d\u0161enia vonkaj\u0161\u00edch rozmerov.<\/li>\n<li><strong>Prisp\u00f4sobite\u013en\u00e9 rie\u0161enia:<\/strong> Na\u0161e produkty dok\u00e1\u017eu dokonale nahradi\u0165 existuj\u00face hydraulick\u00e9 valce, \u010d\u00edm zabezpe\u010duj\u00fa kompatibilitu a funk\u010dnos\u0165 v r\u00f4znych aplik\u00e1ci\u00e1ch.<\/li>\n<\/ul>\n<p><img decoding=\"async\" src=\"https:\/\/www.hydraulic-cylinders.net\/wp-content\/uploads\/2025\/04\/songte-cylinder-head-with-all-kinds-excavator-models.webp\" alt=\"Kompatibilita s bagrom\" \/><\/p>\n<h2>Aplik\u00e1cie<\/h2>\n<h3>Stavebn\u00e9 stroje<\/h3>\n<p>V r\u00fdpadl\u00e1ch hr\u00e1 valec v\u00fdlo\u017en\u00edka d\u00f4le\u017eit\u00fa \u00falohu pri kopan\u00ed, nakladan\u00ed a premiest\u0148ovan\u00ed zeminy alebo sutiny. Umo\u017e\u0148uje v\u00fdlo\u017en\u00edku dosiahnu\u0165 zna\u010dn\u00e9 h\u013abky, v\u010faka \u010domu je nevyhnutn\u00fd pre stavebn\u00e9 projekty, ktor\u00e9 vy\u017eaduj\u00fa zemn\u00e9 pr\u00e1ce a pr\u00edpravu staveniska.<\/p>\n<h3>Po\u013enohospod\u00e1rske stroje<\/h3>\n<p>Pre \u010deln\u00e9 naklada\u010de je valec v\u00fdlo\u017en\u00edka k\u013e\u00fa\u010dov\u00fd pri naberan\u00ed, zdv\u00edhan\u00ed a preprave p\u00f4dy, sena a in\u00fdch materi\u00e1lov. Umo\u017e\u0148uje po\u013enohospod\u00e1rom efekt\u00edvne riadi\u0165 pracovn\u00fa z\u00e1\u0165a\u017e a zvy\u0161ova\u0165 produktivitu na farme.<\/p>\n<h3>R\u00fdpadl\u00e1<\/h3>\n<p>Valec ly\u017eice u\u013eah\u010duje kopanie t\u00fdm, \u017ee umo\u017e\u0148uje ly\u017eici efekt\u00edvne prenika\u0165 do p\u00f4dy. T\u00e1to schopnos\u0165 je z\u00e1kladom pre v\u00fdkopov\u00e9 pr\u00e1ce a zabezpe\u010duje efekt\u00edvne a presn\u00e9 odstra\u0148ovanie zeminy.<\/p>\n<h3>Naklada\u010de<\/h3>\n<p>V \u010deln\u00fdch naklada\u010doch tieto valce pom\u00e1haj\u00fa pri efekt\u00edvnom zdv\u00edhan\u00ed a vykladan\u00ed bremien. Poskytuj\u00fa potrebn\u00fa silu na manipul\u00e1ciu s \u0165a\u017ek\u00fdmi materi\u00e1lmi, \u010d\u00edm zvy\u0161uj\u00fa prev\u00e1dzkov\u00fa kapacitu naklada\u010da.<\/p>\n<h2>\u00davahy o dizajne<\/h2>\n<h3>Nosnos\u0165<\/h3>\n<p>Nosnos\u0165 valca v\u00fdlo\u017en\u00edka je kritick\u00fdm kon\u0161truk\u010dn\u00fdm faktorom. Mus\u00ed by\u0165 navrhnut\u00fd tak, aby zvl\u00e1dol maxim\u00e1lne za\u0165a\u017eenie o\u010dak\u00e1van\u00e9 po\u010das prev\u00e1dzky bez rizika poruchy. In\u017einieri musia vykona\u0165 d\u00f4kladn\u00e9 v\u00fdpo\u010dty, aby ur\u010dili vhodn\u00e9 materi\u00e1ly a kon\u0161truk\u010dn\u00fa integritu pre bezpe\u010dn\u00fa prev\u00e1dzku.<\/p>\n<h3>Tesnenie<\/h3>\n<p>Tesnenie je nevyhnutn\u00e9 na zabr\u00e1nenie \u00faniku hydraulickej kvapaliny a udr\u017eanie tlaku v syst\u00e9me. Na zaistenie spo\u013eahlivosti sa musia pou\u017e\u00edva\u0165 vysokokvalitn\u00e9 tesnenia, ktor\u00e9 musia by\u0165 navrhnut\u00e9 tak, aby odolali prev\u00e1dzkov\u00e9mu prostrediu vr\u00e1tane teplotn\u00fdch zmien a vystavenia sa kontaminantom.<\/p>\n<h3>Trvanlivos\u0165<\/h3>\n<p>Trvanlivos\u0165 je k\u013e\u00fa\u010dov\u00fdm atrib\u00fatom pri kon\u0161trukcii hydraulick\u00fdch valcov. Pou\u017eit\u00e9 materi\u00e1ly by mali odol\u00e1va\u0165 opotrebovaniu, najm\u00e4 v n\u00e1ro\u010dn\u00fdch prev\u00e1dzkov\u00fdch podmienkach. Faktory, ako je \u00fanavov\u00e1 pevnos\u0165 a odolnos\u0165 vo\u010di kor\u00f3zii, s\u00fa k\u013e\u00fa\u010dov\u00e9 pre zabezpe\u010denie dlhej \u017eivotnosti.<\/p>\n<h3>Bezpe\u010dnostn\u00e9 prvky<\/h3>\n<p>Za\u010dlenenie bezpe\u010dnostn\u00fdch prvkov je nevyhnutn\u00e9 pre ochranu obsluhy a strojov. Kon\u0161truk\u010dn\u00e9 aspekty m\u00f4\u017eu zah\u0155\u0148a\u0165 pretlakov\u00e9 ventily a bezpe\u010dnostn\u00e9 zariadenia, ktor\u00e9 sa aktivuj\u00fa v pr\u00edpade poruchy syst\u00e9mu, \u010d\u00edm sa zvy\u0161uje celkov\u00e1 bezpe\u010dnos\u0165 po\u010das prev\u00e1dzky.<\/p>\n<h3>\u00davahy o \u00fadr\u017ebe<\/h3>\n<p>Jednoduch\u00e1 \u00fadr\u017eba by mala by\u0165 pri kon\u0161trukcii prioritou. Hydraulick\u00fd valec by mal umo\u017e\u0148ova\u0165 jednoduch\u00e9 kontroly, v\u00fdmenu tesnen\u00ed a dop\u013a\u0148anie kvapal\u00edn. Kon\u0161trukcia, ktor\u00e1 umo\u017e\u0148uje r\u00fdchlu \u00fadr\u017ebu, m\u00f4\u017ee v\u00fdrazne skr\u00e1ti\u0165 prestoje a zv\u00fd\u0161i\u0165 produktivitu.<\/p>\n<p><img decoding=\"async\" src=\"https:\/\/www.hydraulic-cylinders.net\/wp-content\/uploads\/2025\/04\/songte-oil-pipes-and-spare-parts.webp\" alt=\"Hydraulick\u00e9 komponenty\" \/><\/p>\n<h2>Tesnenie a mazanie<\/h2>\n<p>\u00da\u010dinn\u00e9 tesnenie je k\u013e\u00fa\u010dov\u00e9 pre spr\u00e1vne fungovanie hydraulick\u00fdch valcov. Na udr\u017eanie tlaku a zabr\u00e1nenie \u00fanikom sa pou\u017e\u00edvaj\u00fa r\u00f4zne tesnenia, ako s\u00fa tesnenia piestov a tesnenia ty\u010d\u00ed. Tieto tesnenia s\u00fa \u010dasto vyroben\u00e9 z odoln\u00fdch materi\u00e1lov, ako je polyuret\u00e1n a nitrilov\u00fd kau\u010duk, aby odol\u00e1vali opotrebovaniu.<\/p>\n<p>Teleso valca a z\u00e1vitov\u00e9 koncov\u00e9 plochy s\u00fa jemne opracovan\u00e9, aby sa zv\u00fd\u0161ila odolnos\u0165 proti opotrebovaniu. Pravideln\u00e9 mazanie hydraulick\u00fdm olejom je nevyhnutn\u00e9 na zn\u00ed\u017eenie trenia a udr\u017eanie plynul\u00e9ho chodu, \u010d\u00edm sa zabezpe\u010d\u00ed dlh\u00e1 \u017eivotnos\u0165 valca.<\/p>\n<h2>Pravideln\u00e1 kontrola a prevent\u00edvna \u00fadr\u017eba<\/h2>\n<ul>\n<li><strong>Pravideln\u00e9 kontroly:<\/strong> Vykon\u00e1vajte \u010dast\u00e9 kontroly, aby ste identifikovali ak\u00e9ko\u013evek zn\u00e1mky opotrebovania alebo \u00faniku. V\u010dasn\u00e9 odhalenie m\u00f4\u017ee zabr\u00e1ni\u0165 vzniku v\u00e4\u010d\u0161\u00edch probl\u00e9mov.<\/li>\n<li><strong>Vhodn\u00e9 mazanie:<\/strong> Uistite sa, \u017ee hydraulick\u00fd olej m\u00e1 spr\u00e1vnu hladinu a kvalitu. Pravidelne kontrolujte a pod\u013ea potreby dop\u013a\u0148ajte, aby ste udr\u017eali optim\u00e1lny v\u00fdkon.<\/li>\n<li><strong>V\u00fdmena tesnenia:<\/strong> Napl\u00e1nujte si pravideln\u00fa v\u00fdmenu tesnen\u00ed, aby ste predi\u0161li \u00fanikom a udr\u017eali \u00fa\u010dinnos\u0165. V\u010dasn\u00e1 v\u00fdmena m\u00f4\u017ee u\u0161etri\u0165 n\u00e1klady spojen\u00e9 s oneskoreniami \u00fadr\u017eby a po\u0161koden\u00edm.<\/li>\n<\/ul>\n<h2>Pokyny na in\u0161tal\u00e1ciu<\/h2>\n<p>Spr\u00e1vna in\u0161tal\u00e1cia je nevyhnutn\u00e1 pre funk\u010dnos\u0165 valca ramena. Za\u010dnite t\u00fdm, \u017ee sa uist\u00edte, \u017ee v\u0161etky komponenty s\u00fa \u010dist\u00e9 a bez ne\u010dist\u00f4t. Valec spr\u00e1vne zarovnajte s mont\u00e1\u017enymi bodmi a na jeho pevn\u00e9 upevnenie pou\u017eite vhodn\u00e9 mont\u00e1\u017ene konzoly.<\/p>\n<p>Dodr\u017eujte \u0161pecifik\u00e1cie v\u00fdrobcu t\u00fdkaj\u00face sa po\u017eiadaviek na u\u0165ahovac\u00ed moment upev\u0148ovac\u00edch komponentov. Po in\u0161tal\u00e1cii skontrolujte, \u010di nedoch\u00e1dza k hydraulick\u00fdm netesnostiam a \u010di valec funguje hladko v celom rozsahu pohybu.<\/p>\n<h2>Be\u017en\u00e9 \u00falohy \u00fadr\u017eby<\/h2>\n<ul>\n<li><strong>Pravideln\u00e9 kontroly:<\/strong> Pl\u00e1novan\u00e9 kontroly pom\u00e1haj\u00fa identifikova\u0165 opotrebovanie a potenci\u00e1lne probl\u00e9my sk\u00f4r, ako sa vyhrotia. H\u013eadajte zn\u00e1mky \u00faniku, nezvy\u010dajn\u00e9 zvuky alebo nezrovnalosti vo v\u00fdkone.<\/li>\n<li><strong>Spr\u00e1vne mazanie:<\/strong> Dodr\u017eiavajte spr\u00e1vny pl\u00e1n mazania a pou\u017e\u00edvajte odpor\u00fa\u010dan\u00fd typ hydraulick\u00e9ho oleja. Spr\u00e1vne mazanie minimalizuje opotrebenie a zais\u0165uje efekt\u00edvnu prev\u00e1dzku.<\/li>\n<li><strong>V\u00fdmena tesnenia:<\/strong> Sledujte neporu\u0161enos\u0165 tesnen\u00ed a v pr\u00edpade potreby ich vyme\u0148te. Opotrebovan\u00e9 tesnenia m\u00f4\u017eu vies\u0165 k \u00fanikom a zn\u00ed\u017eeniu \u00fa\u010dinnosti, \u010do m\u00e1 vplyv na v\u00fdkon stroja.<\/li>\n<\/ul>\n<p><img decoding=\"async\" src=\"https:\/\/www.hydraulic-cylinders.net\/wp-content\/uploads\/2025\/04\/songte-chushion-collar.webp\" alt=\"Vank\u00fa\u0161ov\u00fd golier\" \/><\/p>\n<h2>Bezpe\u010dnostn\u00e9 aspekty a faktory prostredia<\/h2>\n<p>Pri pou\u017e\u00edvan\u00ed hydraulick\u00fdch valcov je dodr\u017eiavanie bezpe\u010dnostn\u00fdch opatren\u00ed prvorad\u00e9. Zabezpe\u010dte, aby boli oper\u00e1tori vy\u0161kolen\u00ed v spr\u00e1vnej manipul\u00e1cii a prev\u00e1dzkov\u00fdch postupoch, aby sa predi\u0161lo nehod\u00e1m. Pravideln\u00e9 bezpe\u010dnostn\u00e9 audity m\u00f4\u017eu identifikova\u0165 potenci\u00e1lne nebezpe\u010denstv\u00e1 s\u00favisiace s hydraulick\u00fdmi syst\u00e9mami.<\/p>\n<h2>Diagnostika por\u00fach a be\u017en\u00e9 probl\u00e9my<\/h2>\n<ul>\n<li><strong>\u00daniky hydraulickej kvapaliny:<\/strong> K \u00fanikom m\u00f4\u017ee d\u00f4js\u0165 v d\u00f4sledku opotrebovan\u00fdch tesnen\u00ed alebo nespr\u00e1vnej in\u0161tal\u00e1cie. Pravideln\u00e9 kontroly a v\u010dasn\u00e1 v\u00fdmena tesnen\u00ed m\u00f4\u017eu pom\u00f4c\u0165 zmierni\u0165 tento probl\u00e9m.<\/li>\n<li><strong>Nereaguj\u00faci valec:<\/strong> Ak valec nereaguje na povely, skontrolujte hladinu hydraulickej kvapaliny a uistite sa, \u017ee v syst\u00e9me nie s\u00fa \u017eiadne upchatia.<\/li>\n<li><strong>Nadmern\u00fd hluk:<\/strong> Nezvy\u010dajn\u00e9 zvuky m\u00f4\u017eu nazna\u010dova\u0165 vn\u00fatorn\u00e9 opotrebovanie alebo vzduch v syst\u00e9me. Tieto probl\u00e9my ihne\u010f presk\u00famajte a rie\u0161te.<\/li>\n<\/ul>\n<h2>Tipy na rie\u0161enie probl\u00e9mov<\/h2>\n<p>Pre efekt\u00edvne rie\u0161enie probl\u00e9mov za\u010dnite overen\u00edm hladiny hydraulickej kvapaliny a kontrolou netesnost\u00ed. Rie\u0161te v\u0161etky zisten\u00e9 probl\u00e9my, ako je v\u00fdmena chybn\u00fdch tesnen\u00ed alebo odstr\u00e1nenie upchatia v syst\u00e9me. Zv\u00e1\u017ete zavedenie prevent\u00edvnych opatren\u00ed, ako s\u00fa pravideln\u00e9 pl\u00e1ny \u00fadr\u017eby, aby ste minimalizovali v\u00fdskyt t\u00fdchto probl\u00e9mov.<\/p>\n<p><img decoding=\"async\" src=\"https:\/\/www.hydraulic-cylinders.net\/wp-content\/uploads\/2025\/04\/songte-bushings-with-all-kinds-of-excavator-models.webp\" alt=\"Puzdr\u00e1\" \/><\/p>\n<h2>Preh\u013ead spolo\u010dnosti<\/h2>\n<p>Sme v\u00fdrobcovia n\u00e1hradn\u00fdch hydraulick\u00fdch valcov a m\u00f4\u017eeme sa pochv\u00e1li\u0165 komplexn\u00fdm sortimentom produktov, v\u010faka \u010domu sme sa stali jedn\u00fdm z popredn\u00fdch v\u00fdrobcov a ve\u013ekoobchodn\u00edkov na dom\u00e1com aj medzin\u00e1rodnom trhu. N\u00e1\u0161 z\u00e1v\u00e4zok k excelentnosti je zakorenen\u00fd v prepracovanej strat\u00e9gii riadenia v\u00fdroby, vyu\u017e\u00edvan\u00ed kvalifikovan\u00fdch pracovn\u00edkov, pokro\u010dil\u00fdch digit\u00e1lnych v\u00fdrobn\u00fdch zariaden\u00ed a \u0161pecializovan\u00fdch testovac\u00edch syst\u00e9mov.<\/p>\n<p>Na\u0161a v\u00fdrobn\u00e1 platforma sa neust\u00e1le zlep\u0161uje, zvy\u0161uje kvalitu produktov a uspokojuje rozmanit\u00e9 potreby z\u00e1kazn\u00edkov prostredn\u00edctvom vysokej efektivity, presnosti a kvality.<\/p>\n<p><img decoding=\"async\" src=\"https:\/\/www.hydraulic-cylinders.net\/wp-content\/uploads\/2025\/04\/songte-company-4.webp\" alt=\"Preh\u013ead spolo\u010dnosti\" \/><br \/>\n<img decoding=\"async\" src=\"https:\/\/www.hydraulic-cylinders.net\/wp-content\/uploads\/2025\/04\/songte-company-3.webp\" alt=\"V\u00fdrobn\u00e9 zariadenie\" \/><\/p>\n<p>Medzi na\u0161e siln\u00e9 str\u00e1nky patr\u00ed odbornos\u0165 v oblasti hydraulick\u00fdch syst\u00e9mov, medzin\u00e1rodn\u00e9 certifik\u00e1cie, z\u00e1kazn\u00edcke slu\u017eby, najmodernej\u0161ie v\u00fdrobn\u00e9 zariadenia a pohotov\u00fd popredajn\u00fd servis.<\/p>\n<p>Autor: lyl<\/p>","protected":false},"excerpt":{"rendered":"<p>Boom Cylinder For Yuchai YC210LC-8 Product Overview The Boom Cylinder for Yuchai YC210LC-8 is an essential component in heavy machinery, specifically designed to control the movement of the boom in excavators. This hydraulic cylinder allows the boom to lift, lower, and tilt, facilitating various material handling tasks. As a crucial part of the hydraulic system, [&hellip;]<\/p>","protected":false},"featured_media":17873,"comment_status":"open","ping_status":"closed","template":"","meta":{"_et_pb_use_builder":"","_et_pb_old_content":"","_et_gb_content_width":""},"product_brand":[],"product_cat":[1546],"product_tag":[1547,1496],"class_list":{"0":"post-19580","1":"product","2":"type-product","3":"status-publish","4":"has-post-thumbnail","6":"product_cat-boom-cylinders","7":"product_tag-boom-cylinders","8":"product_tag-hydraulic-cylinders","10":"first","11":"instock","12":"shipping-taxable","13":"product-type-simple"},"amp_enabled":true,"_links":{"self":[{"href":"https:\/\/www.hydraulic-cylinders.net\/sk\/wp-json\/wp\/v2\/product\/19580","targetHints":{"allow":["GET"]}}],"collection":[{"href":"https:\/\/www.hydraulic-cylinders.net\/sk\/wp-json\/wp\/v2\/product"}],"about":[{"href":"https:\/\/www.hydraulic-cylinders.net\/sk\/wp-json\/wp\/v2\/types\/product"}],"replies":[{"embeddable":true,"href":"https:\/\/www.hydraulic-cylinders.net\/sk\/wp-json\/wp\/v2\/comments?post=19580"}],"wp:featuredmedia":[{"embeddable":true,"href":"https:\/\/www.hydraulic-cylinders.net\/sk\/wp-json\/wp\/v2\/media\/17873"}],"wp:attachment":[{"href":"https:\/\/www.hydraulic-cylinders.net\/sk\/wp-json\/wp\/v2\/media?parent=19580"}],"wp:term":[{"taxonomy":"product_brand","embeddable":true,"href":"https:\/\/www.hydraulic-cylinders.net\/sk\/wp-json\/wp\/v2\/product_brand?post=19580"},{"taxonomy":"product_cat","embeddable":true,"href":"https:\/\/www.hydraulic-cylinders.net\/sk\/wp-json\/wp\/v2\/product_cat?post=19580"},{"taxonomy":"product_tag","embeddable":true,"href":"https:\/\/www.hydraulic-cylinders.net\/sk\/wp-json\/wp\/v2\/product_tag?post=19580"}],"curies":[{"name":"pracovn\u00fd list","href":"https:\/\/api.w.org\/{rel}","templated":true}]}}