{"id":19582,"date":"2025-04-07T06:55:53","date_gmt":"2025-04-07T06:55:53","guid":{"rendered":"https:\/\/www.hydraulic-cylinders.net\/product\/boom-cylinder-for-yuchai-yc18-8\/"},"modified":"2025-04-07T06:55:56","modified_gmt":"2025-04-07T06:55:56","slug":"boom-cylinder-for-yuchai-yc18-8","status":"publish","type":"product","link":"https:\/\/www.hydraulic-cylinders.net\/sk\/produkt\/boom-cylinder-for-yuchai-yc18-8\/","title":{"rendered":"Valec v\u00fdlo\u017en\u00edka pre Yuchai YC18-8"},"content":{"rendered":"<h1>Valec v\u00fdlo\u017en\u00edka pre Yuchai YC18-8<\/h1>\n<h2>Preh\u013ead produktu<\/h2>\n<p>Hydraulick\u00fd valec v\u00fdlo\u017en\u00edka pre Yuchai YC18-8 je \u0161pecializovan\u00fd hydraulick\u00fd valec, ktor\u00fd hr\u00e1 k\u013e\u00fa\u010dov\u00fa \u00falohu pri ovl\u00e1dan\u00ed pohybu ly\u017eice na r\u00f4znych \u0165a\u017ek\u00fdch strojoch vr\u00e1tane r\u00fdpadiel, r\u00fdpadiel-naklada\u010dov a \u010deln\u00fdch naklada\u010dov. Tento hydraulick\u00fd valec umo\u017e\u0148uje zdv\u00edhanie, sp\u00fa\u0161\u0165anie a nakl\u00e1\u0148anie ly\u017eice, \u010do u\u013eah\u010duje efekt\u00edvnu manipul\u00e1ciu s materi\u00e1lom. Tieto valce s\u00fa navrhnut\u00e9 tak, aby odol\u00e1vali vysok\u00e9mu tlaku a \u0165a\u017ek\u00fdm n\u00e1kladom, a s\u00fa z\u00e1kladn\u00fdmi s\u00fa\u010das\u0165ami hydraulick\u00fdch syst\u00e9mov, ktor\u00e9 zabezpe\u010duj\u00fa optim\u00e1lny v\u00fdkon v stavebn\u00fdch a po\u013enohospod\u00e1rskych strojoch.<\/p>\n<p><img decoding=\"async\" src=\"https:\/\/www.hydraulic-cylinders.net\/wp-content\/uploads\/2025\/04\/songte-company-1.webp\" alt=\"Valec v\u00fdlo\u017en\u00edka pre Yuchai YC18-8\" \/><\/p>\n<h2>K\u013e\u00fa\u010dov\u00e9 vlastnosti<\/h2>\n<ul>\n<li>\n<h3>Vysok\u00e1 pevnos\u0165 a odolnos\u0165<\/h3>\n<p>Tieto valce s\u00fa vyroben\u00e9 z vysokopevnostnej ocele alebo hlin\u00edka, tak\u017ee znes\u00fa vysok\u00fd tlak a \u0165a\u017ek\u00e9 za\u0165a\u017eenie a z\u00e1rove\u0148 sa prisp\u00f4sobia n\u00e1ro\u010dn\u00fdm pracovn\u00fdm podmienkam. S\u00fa navrhnut\u00e9 s oh\u013eadom na odolnos\u0165 vo\u010di opotrebovaniu a kor\u00f3zii, \u010do predl\u017euje ich \u017eivotnos\u0165.<\/li>\n<li>\n<h3>Efekt\u00edvna hydraulick\u00e1 prev\u00e1dzka<\/h3>\n<p>V\u010faka tlaku hydraulick\u00e9ho oleja dosahuj\u00fa tieto valce plynul\u00e9 vys\u00favanie a zas\u00favanie, r\u00fdchlo reaguj\u00fa na ovl\u00e1dacie povely a poskytuj\u00fa v\u00fdkonn\u00e9 tla\u010dn\u00e9 a \u0165ahov\u00e9 schopnosti vhodn\u00e9 na manipul\u00e1ciu s \u0165a\u017ek\u00fdmi predmetmi a zlo\u017eit\u00fdmi \u00falohami.<\/li>\n<li>\n<h3>R\u00f4zne typy<\/h3>\n<p>Valce s\u00fa dostupn\u00e9 v r\u00f4znych typoch, vr\u00e1tane jedno\u010dinn\u00fdch (pracuj\u00facich v jednom smere) a dvoj\u010dinn\u00fdch (pracuj\u00facich v oboch smeroch), aby sp\u013a\u0148ali r\u00f4zne prev\u00e1dzkov\u00e9 potreby. Niektor\u00e9 modely s\u00fa teleskopick\u00e9, \u010do umo\u017e\u0148uje v\u00e4\u010d\u0161ie vysunutie bez zv\u00e4\u010d\u0161enia vonkaj\u0161\u00edch rozmerov, ide\u00e1lne pre aplik\u00e1cie s obmedzen\u00fdm priestorom.<\/li>\n<li>\n<h3>Z\u00e1kazkov\u00e1 v\u00fdroba<\/h3>\n<p>Tento produkt vyr\u00e1bame tak, aby dokonale nahradil existuj\u00face hydraulick\u00e9 valce, \u010d\u00edm zabezpe\u010dujeme kompatibilitu a spo\u013eahlivos\u0165 v\u00fdkonu.<\/li>\n<li>\n<h3>V\u0161estrann\u00e9 aplik\u00e1cie<\/h3>\n<p>S\u00fa ur\u010den\u00e9 pre r\u00f4zne typy \u0165a\u017ek\u00fdch strojov a mo\u017eno ich prisp\u00f4sobi\u0165 r\u00f4znym prev\u00e1dzkov\u00fdm scen\u00e1rom, \u010d\u00edm sa zvy\u0161uje produktivita v r\u00f4znych odvetviach.<\/li>\n<\/ul>\n<p><img decoding=\"async\" src=\"https:\/\/www.hydraulic-cylinders.net\/wp-content\/uploads\/2025\/04\/songte-cylinder-head-with-all-kinds-excavator-models.webp\" alt=\"Varianty hydraulick\u00fdch valcov\" \/><\/p>\n<h2>Aplik\u00e1cie valca v\u00fdlo\u017en\u00edka<\/h2>\n<h3>Stavebn\u00e9 stroje<\/h3>\n<p>V r\u00fdpadl\u00e1ch je valec v\u00fdlo\u017en\u00edka nevyhnutn\u00fd na kopanie, nakladanie a premiest\u0148ovanie zeminy alebo sutiny. Poskytuje potrebn\u00fa silu na zdv\u00edhanie ly\u017eice a umo\u017e\u0148uje presn\u00e9 polohovanie po\u010das prev\u00e1dzky. V r\u00fdpadlo-naklada\u010doch valec u\u013eah\u010duje \u00falohy kopania aj zdv\u00edhania, \u010d\u00edm v\u00fdznamne prispieva k efektivite na stavenisk\u00e1ch.<\/p>\n<h3>Po\u013enohospod\u00e1rske stroje<\/h3>\n<p>Tieto valce s\u00fa k\u013e\u00fa\u010dov\u00e9 v \u010deln\u00fdch naklada\u010doch, kde sa pou\u017e\u00edvaj\u00fa na naberanie, zdv\u00edhanie a prepravu p\u00f4dy, sena a in\u00fdch materi\u00e1lov. Ich hydraulick\u00fd v\u00fdkon umo\u017e\u0148uje bezprobl\u00e9mov\u00fa prev\u00e1dzku v po\u013enohospod\u00e1rskom prostred\u00ed, \u010d\u00edm zvy\u0161uje produktivitu a zni\u017euje manu\u00e1lnu pr\u00e1cu.<\/p>\n<h3>R\u00fdpadl\u00e1<\/h3>\n<p>Hydraulick\u00fd valec v\u00fdlo\u017en\u00edka umo\u017e\u0148uje ly\u017eici prenikn\u00fa\u0165 do p\u00f4dy, \u010do u\u013eah\u010duje efekt\u00edvne kopanie. Hydraulick\u00fd v\u00fdkon umo\u017e\u0148uje pr\u00e1cu v n\u00e1ro\u010dn\u00fdch podmienkach, v\u010faka \u010domu je nenahradite\u013enou s\u00fa\u010das\u0165ou pre v\u00fdkopov\u00e9 pr\u00e1ce v r\u00f4znych ter\u00e9noch.<\/p>\n<h3>Naklada\u010de<\/h3>\n<p>V \u010deln\u00fdch naklada\u010doch pom\u00e1ha valec v\u00fdlo\u017en\u00edka efekt\u00edvne zdv\u00edha\u0165 a vysyp\u00e1va\u0165 materi\u00e1ly. To zais\u0165uje \u013eahk\u00fa prepravu \u0165a\u017ek\u00fdch bremien, \u010d\u00edm sa zlep\u0161uje celkov\u00e1 produktivita nakladac\u00edch oper\u00e1ci\u00ed.<\/p>\n<h2>\u00davahy o dizajne a krit\u00e9ri\u00e1 v\u00fdberu<\/h2>\n<h3>Nosnos\u0165<\/h3>\n<p>Nosnos\u0165 valca v\u00fdlo\u017en\u00edka je kritick\u00fdm kon\u0161truk\u010dn\u00fdm faktorom. Mus\u00ed by\u0165 navrhnut\u00fd tak, aby zvl\u00e1dol \u0161pecifick\u00fa hmotnos\u0165 premiest\u0148ovan\u00fdch alebo zdv\u00edhan\u00fdch materi\u00e1lov. Spr\u00e1vny v\u00fdpo\u010det nosnosti zabezpe\u010d\u00ed, \u017ee valec bude fungova\u0165 bez poruchy pri maxim\u00e1lnom prev\u00e1dzkovom za\u0165a\u017een\u00ed.<\/p>\n<h3>Tesniaci v\u00fdkon<\/h3>\n<p>\u00da\u010dinn\u00e9 utesnenie je nevyhnutn\u00e9 na zabr\u00e1nenie \u00faniku a kontamin\u00e1cii hydraulickej kvapaliny. Kon\u0161trukcia mus\u00ed obsahova\u0165 odoln\u00e9 tesnenia, ako s\u00fa tesnenia piestov a ty\u010d\u00ed, aby sa v priebehu \u010dasu zachovala integrita a v\u00fdkon syst\u00e9mu. Vysokokvalitn\u00e9 tesnenia minimalizuj\u00fa opotrebenie a predl\u017euj\u00fa \u017eivotnos\u0165 hydraulick\u00e9ho valca.<\/p>\n<h3>Trvanlivos\u0165<\/h3>\n<p>Trvanlivos\u0165 je nevyhnutn\u00e1, najm\u00e4 v n\u00e1ro\u010dn\u00fdch pracovn\u00fdch podmienkach. Materi\u00e1ly pou\u017eit\u00e9 na v\u00fdrobu valca ramena by mali by\u0165 odoln\u00e9 vo\u010di opotrebovaniu a kor\u00f3zii, aby sa zabezpe\u010dila funk\u010dnos\u0165 valca po dlh\u0161iu dobu. Pravideln\u00e9 kontroly integrity materi\u00e1lu m\u00f4\u017eu zabr\u00e1ni\u0165 pred\u010dasn\u00fdm poruch\u00e1m.<\/p>\n<h3>Bezpe\u010dnostn\u00e9 prvky<\/h3>\n<p>Bezpe\u010dnos\u0165 by mala by\u0165 pri n\u00e1vrhu hydraulick\u00fdch valcov prioritou. Za\u010dlenenie prvkov, ako s\u00fa pretlakov\u00e9 ventily, m\u00f4\u017ee zabr\u00e1ni\u0165 pre\u0165a\u017eeniu a potenci\u00e1lnym nehod\u00e1m po\u010das prev\u00e1dzky. Zabezpe\u010denie splnenia bezpe\u010dnostn\u00fdch noriem chr\u00e1ni zariadenie aj obsluhu.<\/p>\n<h3>Udr\u017eiavate\u013enos\u0165<\/h3>\n<p>Navrhovanie s oh\u013eadom na \u00fadr\u017ebu umo\u017e\u0148uje jednoduch\u0161ie kontroly a opravy. Komponenty by mali by\u0165 pr\u00edstupn\u00e9 a kon\u0161trukcia by mala u\u013eah\u010dova\u0165 be\u017en\u00e9 \u00fadr\u017eb\u00e1rske \u00falohy, ako je v\u00fdmena tesnen\u00ed a mazanie, aby sa pred\u013a\u017eila \u017eivotnos\u0165 hydraulick\u00e9ho syst\u00e9mu.<\/p>\n<p><img decoding=\"async\" src=\"https:\/\/www.hydraulic-cylinders.net\/wp-content\/uploads\/2025\/04\/songte-oil-pipes-and-spare-parts.webp\" alt=\"Komponenty hydraulick\u00e9ho valca\" \/><\/p>\n<h2>Tesnenie a mazanie<\/h2>\n<p>\u00da\u010dinnos\u0165 hydraulick\u00e9ho valca v\u00fdrazne z\u00e1vis\u00ed od jeho tesniacich a mazac\u00edch syst\u00e9mov. R\u00f4zne tesnenia, vr\u00e1tane tesnen\u00ed piestov a tesnen\u00ed ty\u010d\u00ed, s\u00fa k\u013e\u00fa\u010dov\u00e9 pre udr\u017eiavanie hydraulick\u00e9ho tlaku a zabr\u00e1nenie \u00fanikom. Materi\u00e1ly ako polyuret\u00e1n a nitrilov\u00e1 guma sa \u010dasto pou\u017e\u00edvaj\u00fa kv\u00f4li ich vlastnostiam odoln\u00fdm vo\u010di opotrebovaniu.<\/p>\n<p>Okrem toho s\u00fa teleso valca a z\u00e1vitov\u00e9 koncov\u00e9 plochy jemne opracovan\u00e9 pre zv\u00fd\u0161enie odolnosti vo\u010di opotrebovaniu. Pravideln\u00e9 mazanie hydraulick\u00fdm olejom je nevyhnutn\u00e9 pre zabezpe\u010denie plynul\u00e9ho chodu v\u0161etk\u00fdch pohybliv\u00fdch \u010dast\u00ed a minimaliz\u00e1ciu trenia, ktor\u00e9 m\u00f4\u017ee vies\u0165 k pred\u010dasn\u00e9mu opotrebovaniu.<\/p>\n<h2>Opatrenia prevent\u00edvnej \u00fadr\u017eby<\/h2>\n<ul>\n<li>\n<h3>Pravideln\u00e9 kontroly<\/h3>\n<p>Pravideln\u00e9 kontroly valca ramena, \u010di nevykazuje zn\u00e1mky opotrebovania alebo po\u0161kodenia, s\u00fa nevyhnutn\u00e9. Kontrola netesnost\u00ed, zabezpe\u010denie neporu\u0161enosti tesnen\u00ed a pos\u00fadenie stavu hydraulick\u00fdch had\u00edc pom\u00f4\u017ee identifikova\u0165 probl\u00e9my sk\u00f4r, ako sa zhor\u0161ia.<\/li>\n<li>\n<h3>Vhodn\u00e9 mazanie<\/h3>\n<p>Zabezpe\u010denie dostato\u010dnej hladiny hydraulick\u00e9ho oleja a spr\u00e1vneho mazania pohybliv\u00fdch \u010dast\u00ed zv\u00fd\u0161i v\u00fdkon a pred\u013a\u017ei \u017eivotnos\u0165 valca. Je nevyhnutn\u00e9 dodr\u017eiava\u0165 odpor\u00fa\u010dania v\u00fdrobcu t\u00fdkaj\u00face sa intervalov mazania.<\/li>\n<li>\n<h3>V\u00fdmena tesnenia<\/h3>\n<p>Pravideln\u00e1 v\u00fdmena tesnen\u00ed ako s\u00fa\u010das\u0165 pl\u00e1nu \u00fadr\u017eby zabr\u00e1ni \u00fanikom a udr\u017e\u00ed hydraulick\u00fa \u00fa\u010dinnos\u0165. Ak opotrebovan\u00e9 tesnenia nevymen\u00edte, m\u00f4\u017ee to vies\u0165 k zna\u010dn\u00fdm probl\u00e9mom s v\u00fdkonom a n\u00e1kladn\u00fdm oprav\u00e1m.<\/li>\n<\/ul>\n<h2>Pokyny na in\u0161tal\u00e1ciu<\/h2>\n<p>Pre zabezpe\u010denie spr\u00e1vnej funkcie a dlhej \u017eivotnosti valca ramena je nevyhnutn\u00e9 dodr\u017eiava\u0165 spr\u00e1vne postupy in\u0161tal\u00e1cie. Za\u010dnite t\u00fdm, \u017ee sa uist\u00edte, \u017ee mont\u00e1\u017ene povrchy s\u00fa \u010dist\u00e9 a bez ne\u010dist\u00f4t. Valec spr\u00e1vne zarovnajte s upev\u0148ovac\u00edmi bodmi a dodr\u017eujte spr\u00e1vnu orient\u00e1ciu, aby ste predi\u0161li nam\u00e1haniu tesnen\u00ed.<\/p>\n<p>Na upevnenie valca a zabr\u00e1nenie ak\u00e9muko\u013evek pohybu po\u010das prev\u00e1dzky pou\u017eite vhodn\u00e9 mont\u00e1\u017ene konzoly. Po in\u0161tal\u00e1cii skontrolujte spr\u00e1vnu hladinu hydraulickej kvapaliny a odvzdu\u0161nite syst\u00e9m, aby ste odstr\u00e1nili v\u0161etky vzduchov\u00e9 bubliny, ktor\u00e9 by mohli ovplyvni\u0165 v\u00fdkon. Nakoniec vykonajte sk\u00fa\u0161obn\u00fa prev\u00e1dzku, aby ste sa uistili, \u017ee valec funguje hladko a efekt\u00edvne, a vykonajte v\u0161etky potrebn\u00e9 nastavenia.<\/p>\n<h2>Be\u017en\u00e9 \u00falohy \u00fadr\u017eby<\/h2>\n<ul>\n<li>\n<h3>Pravideln\u00e9 kontroly<\/h3>\n<p>Pravideln\u00e9 kontroly pom\u00e1haj\u00fa v\u010das identifikova\u0165 potenci\u00e1lne probl\u00e9my. Skontrolujte opotrebovanie tesnen\u00ed, ak\u00e9ko\u013evek vidite\u013en\u00e9 netesnosti a celkov\u00fd stav. V\u010dasn\u00fd z\u00e1sah m\u00f4\u017ee zabr\u00e1ni\u0165 z\u00e1va\u017en\u00fdm poruch\u00e1m a n\u00e1kladn\u00fdm oprav\u00e1m.<\/li>\n<li>\n<h3>Spr\u00e1vne mazanie<\/h3>\n<p>Udr\u017eiavanie dostato\u010dnej hladiny mazania je k\u013e\u00fa\u010dov\u00e9 pre hladk\u00fd chod hydraulick\u00e9ho syst\u00e9mu. Pravidelne kontrolujte a dop\u013a\u0148ajte hydraulick\u00fd olej a uistite sa, \u017ee sp\u013a\u0148a po\u017eadovan\u00e9 \u0161pecifik\u00e1cie, aby ste predi\u0161li probl\u00e9mom s v\u00fdkonom.<\/li>\n<li>\n<h3>V\u00fdmena a kalibr\u00e1cia tesnenia<\/h3>\n<p>Vyme\u0148te tesnenia, ktor\u00e9 vykazuj\u00fa zn\u00e1mky opotrebovania alebo po\u0161kodenia, aby sa udr\u017eal hydraulick\u00fd tlak. Kalibr\u00e1cia hydraulick\u00e9ho syst\u00e9mu navy\u0161e zabezpe\u010d\u00ed, \u017ee bude fungova\u0165 v r\u00e1mci stanoven\u00fdch parametrov, \u010d\u00edm sa optimalizuje v\u00fdkon a bezpe\u010dnos\u0165.<\/li>\n<\/ul>\n<h2>Bezpe\u010dnostn\u00e9 aspekty a faktory prostredia<\/h2>\n<p>Pri pou\u017e\u00edvan\u00ed hydraulick\u00fdch valcov s\u00fa bezpe\u010dnostn\u00e9 opatrenia prvorad\u00e9. Obsluha by mala by\u0165 vy\u0161kolen\u00e1 v rozpozn\u00e1van\u00ed pr\u00edznakov hydraulickej poruchy alebo poruchy. Pravideln\u00e9 bezpe\u010dnostn\u00e9 audity a dodr\u017eiavanie prev\u00e1dzkov\u00fdch pokynov pom\u00e1haj\u00fa zmier\u0148ova\u0165 rizik\u00e1. Okrem toho by sa mali zav\u00e1dza\u0165 environment\u00e1lne bezpe\u010dn\u00e9 postupy, ako je spr\u00e1vna likvid\u00e1cia hydraulick\u00fdch kvapal\u00edn a recykl\u00e1cia materi\u00e1lov, ak je to mo\u017en\u00e9.<\/p>\n<h2>Diagnostika por\u00fach a be\u017en\u00e9 probl\u00e9my<\/h2>\n<ul>\n<li>\n<h3>Hydraulick\u00e9 \u00faniky<\/h3>\n<p>K \u00fanikom m\u00f4\u017ee d\u00f4js\u0165 v d\u00f4sledku opotrebovan\u00fdch tesnen\u00ed alebo po\u0161koden\u00fdch had\u00edc. Je nevyhnutn\u00e9 pravidelne kontrolova\u0165 syst\u00e9m, aby sa \u00faniky identifikovali a v\u010das odstr\u00e1nili.<\/li>\n<li>\n<h3>Strata tlaku<\/h3>\n<p>N\u00e1hla strata tlaku m\u00f4\u017ee nazna\u010dova\u0165 vn\u00fatorn\u00e9 po\u0161kodenie alebo \u00fanik kvapaliny. Monitorovanie \u00fadajov z manometra m\u00f4\u017ee pom\u00f4c\u0165 ur\u010di\u0165, \u010di sa vyskytol probl\u00e9m, a umo\u017eni\u0165 v\u010dasn\u00e9 opravy.<\/li>\n<li>\n<h3>Nereaguj\u00faci valec<\/h3>\n<p>Ak valec nereaguje na ovl\u00e1dacie povely, m\u00f4\u017ee to znamena\u0165 zablokovanie hydraulick\u00e9ho syst\u00e9mu alebo poruchu ovl\u00e1dacieho mechanizmu. Rie\u0161enie probl\u00e9mov s ovl\u00e1dac\u00edmi ventilmi a hadicami m\u00f4\u017ee pom\u00f4c\u0165 identifikova\u0165 pr\u00ed\u010dinu.<\/li>\n<\/ul>\n<h2>Tipy na rie\u0161enie probl\u00e9mov<\/h2>\n<p>Pre efekt\u00edvnu diagnostiku a rie\u0161enie probl\u00e9mov s valcom ramena by si oper\u00e1tori mali vies\u0165 podrobn\u00fd z\u00e1znam o pr\u00edznakoch a hist\u00f3rii \u00fadr\u017eby. Pravideln\u00e9 \u0161kolenie o technik\u00e1ch rie\u0161enia probl\u00e9mov pom\u00f4\u017ee person\u00e1lu v\u010das identifikova\u0165 probl\u00e9my.<\/p>\n<p>Zav\u00e1dzanie prevent\u00edvnych opatren\u00ed, ako s\u00fa pravideln\u00e9 pl\u00e1ny \u00fadr\u017eby a dodr\u017eiavanie prev\u00e1dzkov\u00fdch pokynov, minimalizuje potenci\u00e1lne probl\u00e9my. Okrem toho, zabezpe\u010denie toho, aby boli oper\u00e1tori obozn\u00e1men\u00ed s bezpe\u010dnostn\u00fdmi protokolmi, podpor\u00ed bezpe\u010dnej\u0161ie pracovn\u00e9 prostredie.<\/p>\n<p><img decoding=\"async\" src=\"https:\/\/www.hydraulic-cylinders.net\/wp-content\/uploads\/2025\/04\/songte-bushings-with-all-kinds-of-excavator-models.webp\" alt=\"Komponenty bagra\" \/><\/p>\n<h2>O na\u0161ej spolo\u010dnosti<\/h2>\n<p>Sme popredn\u00fdm v\u00fdrobcom n\u00e1hradn\u00fdch hydraulick\u00fdch valcov a poskytujeme komplexn\u00fd sortiment produktov pre medzin\u00e1rodn\u00e9 trhy. Dodr\u017eiavan\u00edm v\u00fdnimo\u010dn\u00fdch \u0161tandardov kvality a implement\u00e1ciou prepracovanej strat\u00e9gie riadenia v\u00fdroby neust\u00e1le zlep\u0161ujeme na\u0161e v\u00fdrobn\u00e9 kapacity. Na\u0161e zameranie na technologick\u00e9 talenty, modern\u00e9 v\u00fdrobn\u00e9 zariadenia a \u0161pecializovan\u00e9 testovacie syst\u00e9my n\u00e1m umo\u017e\u0148uje uspokojova\u0165 rozmanit\u00e9 po\u017eiadavky z\u00e1kazn\u00edkov s vysokou efektivitou, presnos\u0165ou a kvalitou.<\/p>\n<p>Na\u0161a spolo\u010dnos\u0165 je medzin\u00e1rodne certifikovan\u00e1 a pon\u00faka slu\u017eby na mieru prisp\u00f4soben\u00e9 \u0161pecifick\u00fdm po\u017eiadavk\u00e1m klienta. V\u010faka najmodernej\u0161iemu v\u00fdrobn\u00e9mu zariadeniu a \u0161pecializovan\u00e9mu t\u00edmu popredajn\u00fdch slu\u017eieb zabezpe\u010dujeme, aby na\u0161i z\u00e1kazn\u00edci dost\u00e1vali produkty a podporu najvy\u0161\u0161ej kvality.<\/p>\n<p><img decoding=\"async\" src=\"https:\/\/www.hydraulic-cylinders.net\/wp-content\/uploads\/2025\/04\/songte-company-4.webp\" alt=\"Preh\u013ead spolo\u010dnosti\" \/><br \/>\n<img decoding=\"async\" src=\"https:\/\/www.hydraulic-cylinders.net\/wp-content\/uploads\/2025\/04\/songte-company-3.webp\" alt=\"V\u00fdrobn\u00e9 zariadenie\" \/><\/p>\n<p>Autor: lyl<\/p>","protected":false},"excerpt":{"rendered":"<p>Boom Cylinder For Yuchai YC18-8 Product Overview The Boom Cylinder for Yuchai YC18-8 is a specialized hydraulic cylinder that plays a critical role in controlling the movement of the bucket on various heavy machinery, including excavators, backhoe loaders, and front loaders. This hydraulic cylinder enables the bucket to lift, lower, and tilt, facilitating efficient material [&hellip;]<\/p>","protected":false},"featured_media":17875,"comment_status":"open","ping_status":"closed","template":"","meta":{"_et_pb_use_builder":"","_et_pb_old_content":"","_et_gb_content_width":""},"product_brand":[],"product_cat":[1546],"product_tag":[1547,1496],"class_list":{"0":"post-19582","1":"product","2":"type-product","3":"status-publish","4":"has-post-thumbnail","6":"product_cat-boom-cylinders","7":"product_tag-boom-cylinders","8":"product_tag-hydraulic-cylinders","10":"first","11":"instock","12":"shipping-taxable","13":"product-type-simple"},"amp_enabled":true,"_links":{"self":[{"href":"https:\/\/www.hydraulic-cylinders.net\/sk\/wp-json\/wp\/v2\/product\/19582","targetHints":{"allow":["GET"]}}],"collection":[{"href":"https:\/\/www.hydraulic-cylinders.net\/sk\/wp-json\/wp\/v2\/product"}],"about":[{"href":"https:\/\/www.hydraulic-cylinders.net\/sk\/wp-json\/wp\/v2\/types\/product"}],"replies":[{"embeddable":true,"href":"https:\/\/www.hydraulic-cylinders.net\/sk\/wp-json\/wp\/v2\/comments?post=19582"}],"wp:featuredmedia":[{"embeddable":true,"href":"https:\/\/www.hydraulic-cylinders.net\/sk\/wp-json\/wp\/v2\/media\/17875"}],"wp:attachment":[{"href":"https:\/\/www.hydraulic-cylinders.net\/sk\/wp-json\/wp\/v2\/media?parent=19582"}],"wp:term":[{"taxonomy":"product_brand","embeddable":true,"href":"https:\/\/www.hydraulic-cylinders.net\/sk\/wp-json\/wp\/v2\/product_brand?post=19582"},{"taxonomy":"product_cat","embeddable":true,"href":"https:\/\/www.hydraulic-cylinders.net\/sk\/wp-json\/wp\/v2\/product_cat?post=19582"},{"taxonomy":"product_tag","embeddable":true,"href":"https:\/\/www.hydraulic-cylinders.net\/sk\/wp-json\/wp\/v2\/product_tag?post=19582"}],"curies":[{"name":"pracovn\u00fd list","href":"https:\/\/api.w.org\/{rel}","templated":true}]}}