{"id":19583,"date":"2025-04-07T06:55:56","date_gmt":"2025-04-07T06:55:56","guid":{"rendered":"https:\/\/www.hydraulic-cylinders.net\/product\/boom-cylinder-for-yuchai-yc35sr\/"},"modified":"2025-04-07T06:55:58","modified_gmt":"2025-04-07T06:55:58","slug":"boom-cylinder-for-yuchai-yc35sr","status":"publish","type":"product","link":"https:\/\/www.hydraulic-cylinders.net\/sk\/produkt\/boom-cylinder-for-yuchai-yc35sr\/","title":{"rendered":"Valec v\u00fdlo\u017en\u00edka pre Yuchai YC35SR"},"content":{"rendered":"<h1>Valec v\u00fdlo\u017en\u00edka pre Yuchai YC35SR<\/h1>\n<h2>\u00davod do valcov v\u00fdlo\u017en\u00edka<\/h2>\n<p>Hydraulick\u00fd valec v\u00fdlo\u017en\u00edka je k\u013e\u00fa\u010dovou s\u00fa\u010das\u0165ou hydraulick\u00fdch syst\u00e9mov, \u0161peci\u00e1lne navrhnut\u00fd na ovl\u00e1danie pohybu ly\u017e\u00edc v r\u00f4znych \u0165a\u017ek\u00fdch strojoch. Patria sem r\u00fdpadl\u00e1, r\u00fdpadlo-naklada\u010de a \u010deln\u00e9 naklada\u010de. Umo\u017e\u0148uje ly\u017eici zdv\u00edha\u0165, sp\u00fa\u0161\u0165a\u0165 a nakl\u00e1\u0148a\u0165, \u010do u\u013eah\u010duje r\u00f4zne \u00falohy manipul\u00e1cie s materi\u00e1lom.<\/p>\n<p><img decoding=\"async\" src=\"https:\/\/www.hydraulic-cylinders.net\/wp-content\/uploads\/2025\/04\/songte-company-1.webp\" alt=\"Valec v\u00fdlo\u017en\u00edka\"><\/p>\n<h3>Funk\u010dnos\u0165 a defin\u00edcia<\/h3>\n<p>Hydraulick\u00fd valec ly\u017eice je typ hydraulick\u00e9ho valca ur\u010den\u00e9ho na riadenie \u010dinnosti ly\u017eice stroja. Tieto valce hraj\u00fa d\u00f4le\u017eit\u00fa \u00falohu v hydraulickom syst\u00e9me premie\u0148an\u00edm hydraulickej energie na mechanick\u00fa energiu, \u010do umo\u017e\u0148uje presn\u00e9 ovl\u00e1danie pohybov ly\u017eice. Schopnos\u0165 zdv\u00edha\u0165 \u0165a\u017ek\u00e9 bremen\u00e1, presne ich sp\u00fa\u0161\u0165a\u0165 a nakl\u00e1\u0148a\u0165 pre lep\u0161ie umiestnenie rob\u00ed z valcov v\u00fdlo\u017en\u00edka nevyhnutn\u00e9 prvky v stavebn\u00edctve, po\u013enohospod\u00e1rstve a r\u00f4znych priemyseln\u00fdch aplik\u00e1ci\u00e1ch.<\/p>\n<h2>Vlastnosti valca v\u00fdlo\u017en\u00edka<\/h2>\n<ul>\n<li><strong>Vysok\u00e1 pevnos\u0165 a odolnos\u0165:<\/strong> Tieto valce, ktor\u00e9 s\u00fa zvy\u010dajne vyroben\u00e9 z vysokopevnostnej ocele alebo hlin\u00edka, odol\u00e1vaj\u00fa vysok\u00e9mu tlaku a ve\u013ek\u00e9mu za\u0165a\u017eeniu, v\u010faka \u010domu s\u00fa vhodn\u00e9 do n\u00e1ro\u010dn\u00fdch pracovn\u00fdch prostred\u00ed. Ich kon\u0161trukcia zah\u0155\u0148a odolnos\u0165 vo\u010di opotrebovaniu a kor\u00f3zii, aby sa pred\u013a\u017eila ich \u017eivotnos\u0165.<\/li>\n<li><strong>Efekt\u00edvna hydraulick\u00e1 prev\u00e1dzka:<\/strong> V\u010faka hydraulick\u00e9mu tlaku oleja zabezpe\u010duj\u00fa valce v\u00fdlo\u017en\u00edka plynul\u00e9 vys\u00favanie a zas\u00favanie. R\u00fdchlo reaguj\u00fa na ovl\u00e1dacie povely a dod\u00e1vaj\u00fa siln\u00e9 tla\u010dn\u00e9 a \u0165ahov\u00e9 sily potrebn\u00e9 na manipul\u00e1ciu s \u0165a\u017ek\u00fdmi materi\u00e1lmi a zlo\u017eit\u00fdmi \u00falohami.<\/li>\n<li><strong>R\u00f4zne typy:<\/strong> Valce v\u00fdlo\u017en\u00edka je mo\u017en\u00e9 vybra\u0165 ako jedno\u010dinn\u00e9 (pracuj\u00face v jednom smere) alebo dvoj\u010dinn\u00e9 (pracuj\u00face v oboch smeroch), \u010do vyhovuje r\u00f4znym prev\u00e1dzkov\u00fdm potreb\u00e1m. Niektor\u00e9 modely s\u00fa teleskopick\u00e9, \u010do umo\u017e\u0148uje v\u00e4\u010d\u0161ie vysunutie bez zv\u00e4\u010d\u0161enia vonkaj\u0161\u00edch rozmerov, ide\u00e1lne pre aplik\u00e1cie s obmedzen\u00fdm priestorom.<\/li>\n<li><strong>Prisp\u00f4sobenie na mieru:<\/strong> Na\u0161e produkty dok\u00e1\u017eu dokonale nahradi\u0165 existuj\u00face hydraulick\u00e9 valce, \u010d\u00edm zabezpe\u010duj\u00fa kompatibilitu a v\u00fdkon.<\/li>\n<li><strong>Pokro\u010dil\u00e1 v\u00fdroba:<\/strong> Na\u0161e valce s\u00fa vyroben\u00e9 s presnos\u0165ou a najmodernej\u0161ou technol\u00f3giou a sp\u013a\u0148aj\u00fa pr\u00edsne normy kvality, aby sa zabezpe\u010dila spo\u013eahlivos\u0165 a \u00fa\u010dinnos\u0165.<\/li>\n<\/ul>\n<p><img decoding=\"async\" src=\"https:\/\/www.hydraulic-cylinders.net\/wp-content\/uploads\/2025\/04\/songte-cylinder-head-with-all-kinds-excavator-models.webp\" alt=\"Modely bagrov\"><\/p>\n<h2>Aplik\u00e1cie valcov v\u00fdlo\u017en\u00edka<\/h2>\n<h3>Stavebn\u00e9 stroje<\/h3>\n<p>V r\u00fdpadl\u00e1ch s\u00fa valce v\u00fdlo\u017en\u00edka nevyhnutn\u00e9 na kopanie, nakladanie a premiest\u0148ovanie zeminy alebo sutiny. Poskytuj\u00fa potrebn\u00fa silu na efekt\u00edvne prenikanie do zeme, v\u010faka \u010domu s\u00fa nevyhnutn\u00e9 v stavebn\u00fdch projektoch. V r\u00fdpadlo-naklada\u010doch tieto valce pom\u00e1haj\u00fa pri kopan\u00ed aj zdv\u00edhan\u00ed, \u010d\u00edm zabezpe\u010duj\u00fa v\u0161estrannos\u0165 na stavenisku.<\/p>\n<h3>Po\u013enohospod\u00e1rske stroje<\/h3>\n<p>V \u010deln\u00fdch naklada\u010doch zohr\u00e1vaj\u00fa valce v\u00fdlo\u017en\u00edka k\u013e\u00fa\u010dov\u00fa \u00falohu pri naberan\u00ed, zdv\u00edhan\u00ed a preprave p\u00f4dy, sena a in\u00fdch materi\u00e1lov. V\u010faka svojej schopnosti zvl\u00e1da\u0165 r\u00f4zne \u00falohy s\u00fa neocenite\u013en\u00e9 v po\u013enohospod\u00e1rskych oper\u00e1ci\u00e1ch, \u010d\u00edm zvy\u0161uj\u00fa produktivitu a efektivitu.<\/p>\n<h3>R\u00fdpadl\u00e1<\/h3>\n<p>V r\u00fdpadl\u00e1ch umo\u017e\u0148uje valec v\u00fdlo\u017en\u00edka prenikn\u00fa\u0165 do p\u00f4dy, \u010do u\u013eah\u010duje efekt\u00edvne v\u00fdkopov\u00e9 pr\u00e1ce. Hydraulick\u00fd v\u00fdkon poskytovan\u00fd t\u00fdmito valcami zabezpe\u010duje, \u017ee stroj dok\u00e1\u017ee zvl\u00e1dnu\u0165 n\u00e1ro\u010dn\u00fd ter\u00e9n a \u0165a\u017ek\u00e9 bremen\u00e1, v\u010faka \u010domu je vhodn\u00fd pre \u0161irok\u00fa \u0161k\u00e1lu v\u00fdkopov\u00fdch \u00faloh.<\/p>\n<h3>Naklada\u010de<\/h3>\n<p>V \u010deln\u00fdch naklada\u010doch pom\u00e1haj\u00fa valce v\u00fdlo\u017en\u00edka efekt\u00edvne zdv\u00edha\u0165 a vyklada\u0165 bremen\u00e1. Ich schopnos\u0165 zvl\u00e1da\u0165 \u0165a\u017ek\u00e9 materi\u00e1ly zabezpe\u010duje r\u00fdchle a bezpe\u010dn\u00e9 vykon\u00e1vanie oper\u00e1ci\u00ed, \u010d\u00edm sa optimalizuje pracovn\u00fd postup na stavb\u00e1ch a priemyseln\u00fdch stavenisk\u00e1ch.<\/p>\n<h2>\u00davahy o dizajne a krit\u00e9ri\u00e1 v\u00fdberu<\/h2>\n<h3>Nosnos\u0165<\/h3>\n<p>Nosnos\u0165 valca ramena je kritick\u00fdm kon\u0161truk\u010dn\u00fdm faktorom. Je nevyhnutn\u00e9 zabezpe\u010di\u0165, aby valec zvl\u00e1dol maxim\u00e1lne o\u010dak\u00e1van\u00e9 za\u0165a\u017eenie bez rizika poruchy. In\u017einieri musia zoh\u013eadni\u0165 sily p\u00f4sobiace na valec po\u010das prev\u00e1dzky a vybra\u0165 materi\u00e1ly a kon\u0161trukcie, ktor\u00e9 tomuto za\u0165a\u017eeniu v priebehu \u010dasu odol\u00e1vaj\u00fa.<\/p>\n<h3>Tesniace mechanizmy<\/h3>\n<p>\u00da\u010dinn\u00e9 tesnenie je nevyhnutn\u00e9 na zabr\u00e1nenie \u00faniku hydraulickej kvapaliny. V\u00fdber tesnen\u00ed, ako s\u00fa tesnenia piestov a tesnenia ty\u010d\u00ed, mus\u00ed by\u0165 vykonan\u00fd na z\u00e1klade \u0161pecifick\u00fdch potrieb aplik\u00e1cie. Vysokokvalitn\u00e9 tesnenia s\u00fa nevyhnutn\u00e9 na zabezpe\u010denie dlhodob\u00e9ho v\u00fdkonu a minimaliz\u00e1ciu po\u017eiadaviek na \u00fadr\u017ebu.<\/p>\n<h3>Trvanlivos\u0165<\/h3>\n<p>Trvanlivos\u0165 je k\u013e\u00fa\u010dov\u00fdm faktorom pri kon\u0161trukcii valcov v\u00fdlo\u017en\u00edka. Musia by\u0165 vyroben\u00e9 z materi\u00e1lov, ktor\u00e9 odol\u00e1vaj\u00fa n\u00e1ro\u010dn\u00fdm prev\u00e1dzkov\u00fdm podmienkam vr\u00e1tane vystavenia ne\u010distot\u00e1m, vlhkosti a extr\u00e9mnym teplot\u00e1m. Pou\u017eitie kor\u00f3ziivzdorn\u00fdch n\u00e1terov a robustn\u00fdch materi\u00e1lov m\u00f4\u017ee zv\u00fd\u0161i\u0165 odolnos\u0165 valca.<\/p>\n<h3>Bezpe\u010dnostn\u00e9 prvky<\/h3>\n<p>Bezpe\u010dnos\u0165 je v hydraulick\u00fdch aplik\u00e1ci\u00e1ch prvorad\u00e1. Valce ramena musia by\u0165 navrhnut\u00e9 s prvkami, ktor\u00e9 zabra\u0148uj\u00fa ne\u00famyseln\u00e9mu pohybu, ako s\u00fa bezpe\u010dnostn\u00e9 z\u00e1mky alebo syst\u00e9my ochrany proti pre\u0165a\u017eeniu. Zabezpe\u010denie t\u00fdchto bezpe\u010dnostn\u00fdch opatren\u00ed pom\u00e1ha predch\u00e1dza\u0165 nehod\u00e1m a po\u0161kodeniu zariaden\u00ed.<\/p>\n<h3>Pr\u00edstupnos\u0165 \u00fadr\u017eby<\/h3>\n<p>Navrhovanie valcov v\u00fdlo\u017en\u00edka pre jednoduch\u00fa \u00fadr\u017ebu je k\u013e\u00fa\u010dov\u00e9. Po\u010das procesu n\u00e1vrhu by sa mali zv\u00e1\u017ei\u0165 pr\u00edstupov\u00e9 body pre mazanie, v\u00fdmenu tesnen\u00ed a kontroly. To u\u013eah\u010duje be\u017en\u00fa \u00fadr\u017ebu, \u010d\u00edm sa predl\u017euje \u017eivotnos\u0165 valca a zlep\u0161uje prev\u00e1dzkov\u00e1 \u00fa\u010dinnos\u0165.<\/p>\n<p><img decoding=\"async\" src=\"https:\/\/www.hydraulic-cylinders.net\/wp-content\/uploads\/2025\/04\/songte-oil-pipes-and-spare-parts.webp\" alt=\"Hydraulick\u00e9 diely\"><\/p>\n<h2>Tesnenie a mazanie<\/h2>\n<p>Tesnenie a mazanie valcov v\u00fdlo\u017en\u00edka s\u00fa k\u013e\u00fa\u010dov\u00e9 pre optim\u00e1lny v\u00fdkon a dlh\u00fa \u017eivotnos\u0165. Na zabr\u00e1nenie \u00faniku hydraulickej kvapaliny sa pou\u017e\u00edvaj\u00fa r\u00f4zne tesnenia, ako s\u00fa tesnenia piestov a tesnenia ty\u010d\u00ed. Tesnenia vyroben\u00e9 z materi\u00e1lov odoln\u00fdch vo\u010di opotrebovaniu, ako je polyuret\u00e1n a nitrilov\u00e1 guma, poskytuj\u00fa odolnos\u0165 v n\u00e1ro\u010dn\u00fdch podmienkach.<\/p>\n<p>Teleso valca a z\u00e1vitov\u00e9 konce s\u00fa jemne opracovan\u00e9, aby sa zv\u00fd\u0161ila odolnos\u0165 proti opotrebovaniu a minimalizovalo sa riziko po\u0161kodenia v priebehu \u010dasu. Okrem toho je pravideln\u00e9 mazanie hydraulick\u00fdm olejom nevyhnutn\u00e9 pre udr\u017eanie hladk\u00e9ho chodu a zabr\u00e1nenie opotrebovaniu pohybliv\u00fdch \u010dast\u00ed. Pravideln\u00e9 kontroly a vhodn\u00e9 mazanie zabezpe\u010duj\u00fa efekt\u00edvnu prev\u00e1dzku valca a predl\u017euj\u00fa jeho \u017eivotnos\u0165.<\/p>\n<h2>Pravideln\u00e1 kontrola a opatrenia prevent\u00edvnej \u00fadr\u017eby<\/h2>\n<ul>\n<li><strong>Pravideln\u00e9 kontroly:<\/strong> Vykon\u00e1vajte pravideln\u00e9 kontroly, aby ste identifikovali zn\u00e1mky opotrebovania alebo po\u0161kodenia. Patria sem kontrola netesnost\u00ed, zabezpe\u010denie neporu\u0161enosti tesnen\u00ed a overenie celkov\u00e9ho stavu valca. V\u010dasn\u00e9 odhalenie probl\u00e9mov m\u00f4\u017ee zabr\u00e1ni\u0165 n\u00e1kladn\u00fdm oprav\u00e1m a prestojom.<\/li>\n<li><strong>Vhodn\u00e9 mazanie:<\/strong> Zabezpe\u010dte, aby bol valec v stanoven\u00fdch intervaloch dostato\u010dne mazan\u00fd. Pou\u017e\u00edvanie spr\u00e1vneho typu hydraulick\u00e9ho oleja a dodr\u017eiavanie odpor\u00fa\u010dan\u00ed v\u00fdrobcu t\u00fdkaj\u00facich sa mazania pom\u00e1ha udr\u017eiava\u0165 efekt\u00edvnu prev\u00e1dzku.<\/li>\n<li><strong>V\u00fdmena tesnenia:<\/strong> Tesnenia sa \u010dasom m\u00f4\u017eu opotrebova\u0165 a je potrebn\u00e9 ich vymeni\u0165. Pravideln\u00e9 pl\u00e1ny \u00fadr\u017eby by mali zah\u0155\u0148a\u0165 kontroly integrity tesnen\u00ed a pl\u00e1n v\u010dasnej v\u00fdmeny, aby sa predi\u0161lo \u00fanikom.<\/li>\n<\/ul>\n<h2>Pokyny na in\u0161tal\u00e1ciu<\/h2>\n<p>Spr\u00e1vna in\u0161tal\u00e1cia valcov ramena je k\u013e\u00fa\u010dov\u00e1 pre zabezpe\u010denie ich \u00fa\u010dinnosti a dlhej \u017eivotnosti. Za\u010dnite starostliv\u00fdm zarovnan\u00edm valca s mont\u00e1\u017enymi konzolami a uistite sa, \u017ee je rovn\u00fd a spr\u00e1vne umiestnen\u00fd. Na upevnenie valca sa odpor\u00fa\u010da pou\u017ei\u0165 vhodn\u00e9 mont\u00e1\u017ene konzoly, aby sa predi\u0161lo nespr\u00e1vnemu zarovnaniu po\u010das prev\u00e1dzky.<\/p>\n<p>Pred utiahnut\u00edm ak\u00fdchko\u013evek skrutiek dvakr\u00e1t skontrolujte zarovnanie, aby ste predi\u0161li nadmern\u00e9mu nam\u00e1haniu valca. Po upevnen\u00ed valca pripojte hydraulick\u00e9 hadice a uistite sa, \u017ee nie s\u00fa zalomen\u00e9 ani ohybn\u00e9, ktor\u00e9 by mohli br\u00e1ni\u0165 prietoku kvapaliny. Po in\u0161tal\u00e1cii vykonajte tlakov\u00fa sk\u00fa\u0161ku, aby ste sa uistili, \u017ee valec funguje spr\u00e1vne a \u017ee nedoch\u00e1dza k \u00fanikom. Udr\u017eiavanie spr\u00e1vneho zarovnania je nevyhnutn\u00e9 na zabr\u00e1nenie opotrebovaniu a pred\u013a\u017eenie \u017eivotnosti valca ramena.<\/p>\n<h2>Be\u017en\u00e9 \u00falohy \u00fadr\u017eby<\/h2>\n<ul>\n<li><strong>Pravideln\u00e9 kontroly:<\/strong> Pravidelne kontrolujte stav valca. H\u013eadajte zn\u00e1mky opotrebovania, ako s\u00fa \u0161krabance na ty\u010di alebo netesnosti okolo tesnen\u00ed. V\u010dasn\u00e1 identifik\u00e1cia probl\u00e9mov m\u00f4\u017ee zabr\u00e1ni\u0165 z\u00e1va\u017enej\u0161\u00edm probl\u00e9mom v bud\u00facnosti.<\/li>\n<li><strong>Vhodn\u00e9 mazanie:<\/strong> Uistite sa, \u017ee valec je dostato\u010dne namazan\u00fd pod\u013ea \u0161pecifik\u00e1ci\u00ed v\u00fdrobcu. Pou\u017e\u00edvajte odpor\u00fa\u010dan\u00fd hydraulick\u00fd olej a pravidelne ho mazte, aby ste udr\u017eali optim\u00e1lny v\u00fdkon.<\/li>\n<li><strong>V\u00fdmena tesnenia:<\/strong> Sledujte stav tesnen\u00ed a v pr\u00edpade potreby ich vyme\u0148te. T\u00fdm sa zabr\u00e1ni \u00faniku kvapaliny a udr\u017e\u00ed sa \u00fa\u010dinnos\u0165 hydraulick\u00e9ho syst\u00e9mu.<\/li>\n<\/ul>\n<p>Spr\u00e1vna in\u0161tal\u00e1cia, mazanie a nastavenie s\u00fa nevyhnutn\u00e9 pre funk\u010dnos\u0165 valca. Po\u010das in\u0161tal\u00e1cie sa uistite, \u017ee je valec spr\u00e1vne zarovnan\u00fd a bezpe\u010dne upevnen\u00fd pomocou vhodn\u00fdch mont\u00e1\u017enych podpier. Pravideln\u00e9 kontroly, opravy a postupy v\u00fdmeny predl\u017euj\u00fa prev\u00e1dzkov\u00fa \u017eivotnos\u0165 valcov ramena.<\/p>\n<p><img decoding=\"async\" src=\"https:\/\/www.hydraulic-cylinders.net\/wp-content\/uploads\/2025\/04\/songte-chushion-collar.webp\" alt=\"Vank\u00fa\u0161ov\u00fd golier\"><\/p>\n<h2>Bezpe\u010dnostn\u00e9 aspekty a faktory prostredia<\/h2>\n<p>Zav\u00e1dzanie bezpe\u010dnostn\u00fdch opatren\u00ed po\u010das prev\u00e1dzky valcov ramena je nevyhnutn\u00e9 na predch\u00e1dzanie nehod\u00e1m. Obsluha by mala by\u0165 vy\u0161kolen\u00e1 v postupoch bezpe\u010dnej manipul\u00e1cie a mala by si by\u0165 vedom\u00e1 potenci\u00e1lnych nebezpe\u010denstiev spojen\u00fdch s hydraulick\u00fdmi syst\u00e9mami. Pou\u017e\u00edvanie vhodn\u00fdch osobn\u00fdch ochrann\u00fdch prostriedkov (OOP) a dodr\u017eiavanie bezpe\u010dnostn\u00fdch protokolov v\u00fdrazne zni\u017euje rizik\u00e1 na pracovisku.<\/p>\n<h2>Rie\u0161enie be\u017en\u00fdch probl\u00e9mov<\/h2>\n<ul>\n<li><strong>\u00daniky hydraulickej kvapaliny:<\/strong> Skontrolujte tesnenia a spoje, \u010di nevykazuj\u00fa zn\u00e1mky \u00faniku. Po\u0161koden\u00e9 tesnenia ihne\u010f vyme\u0148te, aby ste predi\u0161li strate hydraulick\u00e9ho tlaku.<\/li>\n<li><strong>Zn\u00ed\u017een\u00fd v\u00fdkon:<\/strong> Ak je valec pomal\u00fd alebo nereaguje, skontrolujte hladinu hydraulickej kvapaliny a skontrolujte, \u010di v hydraulick\u00fdch potrubiach nie s\u00fa upchat\u00e9.<\/li>\n<li><strong>Nadmern\u00fd hluk:<\/strong> Nezvy\u010dajn\u00e9 zvuky po\u010das prev\u00e1dzky m\u00f4\u017eu nazna\u010dova\u0165 vn\u00fatorn\u00e9 po\u0161kodenie alebo vzduch v hydraulickom syst\u00e9me. Odvzdu\u0161nite syst\u00e9m, aby ste odstr\u00e1nili v\u0161etok zachyten\u00fd vzduch a zabezpe\u010dili plynul\u00fd chod.<\/li>\n<\/ul>\n<p>R\u00fdchle rie\u0161enie t\u00fdchto probl\u00e9mov m\u00f4\u017ee pred\u00eds\u0165 z\u00e1va\u017enej\u0161\u00edm probl\u00e9mom a pred\u013a\u017ei\u0165 \u017eivotnos\u0165 valca ramena. Pravideln\u00e1 \u00fadr\u017eba a kontroly zohr\u00e1vaj\u00fa k\u013e\u00fa\u010dov\u00fa \u00falohu pri v\u010dasnej identifik\u00e1cii potenci\u00e1lnych probl\u00e9mov a zabezpe\u010duj\u00fa bezprobl\u00e9mov\u00fa prev\u00e1dzku.<\/p>\n<p><img decoding=\"async\" src=\"https:\/\/www.hydraulic-cylinders.net\/wp-content\/uploads\/2025\/04\/songte-bushings-with-all-kinds-of-excavator-models.webp\" alt=\"Puzdr\u00e1 bagerov\"><\/p>\n<h2>O na\u0161ej spolo\u010dnosti<\/h2>\n<p>Sme popredn\u00fdm v\u00fdrobcom n\u00e1hradn\u00fdch hydraulick\u00fdch valcov a pon\u00fakame komplexn\u00fd sortiment produktov, ktor\u00e9 uspokoja dom\u00e1ci aj medzin\u00e1rodn\u00fd trh. N\u00e1\u0161 z\u00e1v\u00e4zok k vynikaj\u00facej kvalite je podporen\u00fd prepracovan\u00fdmi v\u00fdrobn\u00fdmi strat\u00e9giami v na\u0161ich najmodernej\u0161\u00edch zariadeniach. Neust\u00e1le zlep\u0161ujeme na\u0161e v\u00fdrobn\u00e9 kapacity investovan\u00edm do technick\u00fdch talentov, pokro\u010dil\u00fdch digit\u00e1lnych v\u00fdrobn\u00fdch zariaden\u00ed a \u0161pecializovan\u00fdch testovac\u00edch syst\u00e9mov.<\/p>\n<p>Na\u0161e v\u00fdrobn\u00e9 procesy s\u00fa navrhnut\u00e9 tak, aby sp\u013a\u0148ali vysok\u00e9 \u0161tandardy efekt\u00edvnosti, presnosti a kvality, \u010do n\u00e1m umo\u017e\u0148uje uspokoji\u0165 rozmanit\u00e9 potreby z\u00e1kazn\u00edkov. Sme hrd\u00ed na na\u0161u schopnos\u0165 dod\u00e1va\u0165 rie\u0161enia na mieru, podporen\u00e9 medzin\u00e1rodn\u00fdmi certifik\u00e1ciami, ktor\u00e9 zabezpe\u010duj\u00fa, \u017ee na\u0161e produkty sp\u013a\u0148aj\u00fa glob\u00e1lne priemyseln\u00e9 \u0161tandardy.<\/p>\n<p><img decoding=\"async\" src=\"https:\/\/www.hydraulic-cylinders.net\/wp-content\/uploads\/2025\/04\/songte-company-4.webp\" alt=\"Preh\u013ead spolo\u010dnosti\"><br \/>\n<img decoding=\"async\" src=\"https:\/\/www.hydraulic-cylinders.net\/wp-content\/uploads\/2025\/04\/songte-company-3.webp\" alt=\"Pokro\u010dil\u00e1 v\u00fdroba\"><\/p>\n<p>S d\u00f4razom na profesion\u00e1lny servis poskytujeme komplexn\u00fa popredajn\u00fa podporu, \u010d\u00edm zabezpe\u010dujeme, aby na\u0161i klienti dostali najvy\u0161\u0161iu \u00farove\u0148 slu\u017eieb po\u010das celej prev\u00e1dzkovej \u017eivotnosti na\u0161ich produktov.<\/p>\n<p>Autor: lyl<\/p>","protected":false},"excerpt":{"rendered":"<p>Boom Cylinder For Yuchai YC35SR Introduction to Boom Cylinders The Boom Cylinder is a crucial component in hydraulic systems, specifically designed for controlling the movement of buckets in various heavy machinery. This includes excavators, backhoe loaders, and front loaders. It enables the bucket to lift, lower, and tilt, facilitating various material handling tasks. Functionality and [&hellip;]<\/p>","protected":false},"featured_media":17876,"comment_status":"open","ping_status":"closed","template":"","meta":{"_et_pb_use_builder":"","_et_pb_old_content":"","_et_gb_content_width":""},"product_brand":[],"product_cat":[1546],"product_tag":[1547,1496],"class_list":{"0":"post-19583","1":"product","2":"type-product","3":"status-publish","4":"has-post-thumbnail","6":"product_cat-boom-cylinders","7":"product_tag-boom-cylinders","8":"product_tag-hydraulic-cylinders","10":"first","11":"instock","12":"shipping-taxable","13":"product-type-simple"},"amp_enabled":true,"_links":{"self":[{"href":"https:\/\/www.hydraulic-cylinders.net\/sk\/wp-json\/wp\/v2\/product\/19583","targetHints":{"allow":["GET"]}}],"collection":[{"href":"https:\/\/www.hydraulic-cylinders.net\/sk\/wp-json\/wp\/v2\/product"}],"about":[{"href":"https:\/\/www.hydraulic-cylinders.net\/sk\/wp-json\/wp\/v2\/types\/product"}],"replies":[{"embeddable":true,"href":"https:\/\/www.hydraulic-cylinders.net\/sk\/wp-json\/wp\/v2\/comments?post=19583"}],"wp:featuredmedia":[{"embeddable":true,"href":"https:\/\/www.hydraulic-cylinders.net\/sk\/wp-json\/wp\/v2\/media\/17876"}],"wp:attachment":[{"href":"https:\/\/www.hydraulic-cylinders.net\/sk\/wp-json\/wp\/v2\/media?parent=19583"}],"wp:term":[{"taxonomy":"product_brand","embeddable":true,"href":"https:\/\/www.hydraulic-cylinders.net\/sk\/wp-json\/wp\/v2\/product_brand?post=19583"},{"taxonomy":"product_cat","embeddable":true,"href":"https:\/\/www.hydraulic-cylinders.net\/sk\/wp-json\/wp\/v2\/product_cat?post=19583"},{"taxonomy":"product_tag","embeddable":true,"href":"https:\/\/www.hydraulic-cylinders.net\/sk\/wp-json\/wp\/v2\/product_tag?post=19583"}],"curies":[{"name":"pracovn\u00fd list","href":"https:\/\/api.w.org\/{rel}","templated":true}]}}