{"id":19589,"date":"2025-04-07T06:56:12","date_gmt":"2025-04-07T06:56:12","guid":{"rendered":"https:\/\/www.hydraulic-cylinders.net\/product\/boom-cylinder-for-yangong-yg70c\/"},"modified":"2025-04-07T06:56:14","modified_gmt":"2025-04-07T06:56:14","slug":"boom-cylinder-for-yangong-yg70c","status":"publish","type":"product","link":"https:\/\/www.hydraulic-cylinders.net\/sk\/produkt\/boom-cylinder-for-yangong-yg70c\/","title":{"rendered":"Valec v\u00fdlo\u017en\u00edka pre Yangong YG70C"},"content":{"rendered":"<h1>Valec v\u00fdlo\u017en\u00edka pre Yangong YG70C<\/h1>\n<h2>\u00davod do valca v\u00fdlo\u017en\u00edka<\/h2>\n<p>Hydraulick\u00fd valec v\u00fdlo\u017en\u00edka pre Yangong YG70C je \u0161pecializovan\u00fd hydraulick\u00fd komponent ur\u010den\u00fd na riadenie pohybu ly\u017e\u00edc v r\u00f4znych \u0165a\u017ek\u00fdch strojoch vr\u00e1tane r\u00fdpadiel, r\u00fdpadiel-naklada\u010dov a \u010deln\u00fdch naklada\u010dov. Tieto valce u\u013eah\u010duj\u00fa zdv\u00edhanie, sp\u00fa\u0161\u0165anie a nakl\u00e1\u0148anie ly\u017eice, v\u010faka \u010domu s\u00fa nevyhnutn\u00e9 pre manipul\u00e1ciu s materi\u00e1lom v stavebn\u00edctve, po\u013enohospod\u00e1rstve a in\u00fdch priemyseln\u00fdch aplik\u00e1ci\u00e1ch.<\/p>\n<p><img decoding=\"async\" src=\"https:\/\/www.hydraulic-cylinders.net\/wp-content\/uploads\/2025\/04\/songte-company-1.webp\" alt=\"Valec v\u00fdlo\u017en\u00edka\" \/><\/p>\n<h3>Defin\u00edcia a preh\u013ead<\/h3>\n<p>Hydraulick\u00e9 valce v\u00fdlo\u017en\u00edka s\u00fa hydraulick\u00e9 valce pou\u017e\u00edvan\u00e9 predov\u0161etk\u00fdm v \u0165a\u017ek\u00fdch strojoch na ovl\u00e1danie pohybov ly\u017eice. Zohr\u00e1vaj\u00fa k\u013e\u00fa\u010dov\u00fa \u00falohu v hydraulick\u00fdch syst\u00e9moch, preto\u017ee premie\u0148aj\u00fa hydraulick\u00fd tlak na mechanick\u00fa pr\u00e1cu. Tlak hydraulickej kvapaliny umo\u017e\u0148uje plynul\u00fd a kontrolovan\u00fd chod, \u010do umo\u017e\u0148uje zariadeniu efekt\u00edvne vykon\u00e1va\u0165 presn\u00e9 \u00falohy, ako je kopanie, zdv\u00edhanie bremien a vysyp\u00e1vanie materi\u00e1lov.<\/p>\n<h2>Vlastnosti valca v\u00fdlo\u017en\u00edka<\/h2>\n<ul>\n<li><strong>Vysok\u00e1 pevnos\u0165 a odolnos\u0165:<\/strong> Tieto valce s\u00fa vyroben\u00e9 z vysokopevnostnej ocele alebo hlin\u00edka a odol\u00e1vaj\u00fa vysok\u00e9mu tlaku a \u0165a\u017ek\u00fdm za\u0165a\u017eeniam, v\u010faka \u010domu s\u00fa vhodn\u00e9 do n\u00e1ro\u010dn\u00fdch pracovn\u00fdch podmienok.<\/li>\n<li><strong>Efekt\u00edvna hydraulick\u00e1 prev\u00e1dzka:<\/strong> V\u010faka tlaku hydraulick\u00e9ho oleja zabezpe\u010duj\u00fa plynul\u00e9 vys\u00favanie a zas\u00favanie, reaguj\u00fa na ovl\u00e1dacie povely a generuj\u00fa zna\u010dn\u00fa tla\u010dn\u00fa a \u0165a\u017en\u00fa silu.<\/li>\n<li><strong>R\u00f4zne typy:<\/strong> K dispoz\u00edcii s\u00fa v jedno\u010dinnom (s hydraulick\u00fdm tlakom v jednom smere) alebo dvoj\u010dinnom (s hydraulick\u00fdm tlakom v oboch smeroch) preveden\u00ed, ktor\u00e9 vyhovuj\u00fa r\u00f4znym prev\u00e1dzkov\u00fdm potreb\u00e1m.<\/li>\n<li><strong>Priestorovo \u00fasporn\u00fd dizajn:<\/strong> Niektor\u00e9 modely maj\u00fa teleskopick\u00fa kon\u0161trukciu, ktor\u00e1 umo\u017e\u0148uje v\u00e4\u010d\u0161ie vysunutie bez zv\u00e4\u010d\u0161enia vonkaj\u0161\u00edch rozmerov, \u010do je ide\u00e1lne pre stiesnen\u00e9 aplik\u00e1cie.<\/li>\n<li><strong>Rozsiahle mo\u017enosti prisp\u00f4sobenia:<\/strong> Na\u0161e produkty dok\u00e1\u017eu dokonale nahradi\u0165 r\u00f4zne hydraulick\u00e9 valce, prisp\u00f4soben\u00e9 \u0161pecifick\u00fdm po\u017eiadavk\u00e1m strojov.<\/li>\n<\/ul>\n<p><img decoding=\"async\" src=\"https:\/\/www.hydraulic-cylinders.net\/wp-content\/uploads\/2025\/04\/songte-cylinder-head-with-all-kinds-excavator-models.webp\" alt=\"V\u00fdmena hydraulick\u00e9ho valca\" \/><\/p>\n<h2>Aplik\u00e1cie valca v\u00fdlo\u017en\u00edka<\/h2>\n<h3>Stavebn\u00e9 stroje<\/h3>\n<p>V r\u00fdpadl\u00e1ch s\u00fa valce v\u00fdlo\u017en\u00edka nevyhnutn\u00e9 na kopanie, nakladanie a premiest\u0148ovanie zeminy alebo sutiny. Zabezpe\u010duj\u00fa, aby ly\u017eica mohla efekt\u00edvne prenikn\u00fa\u0165 do zeme, \u010d\u00edm sa zvy\u0161uje prev\u00e1dzkov\u00e1 efektivita.<\/p>\n<h3>Po\u013enohospod\u00e1rske stroje<\/h3>\n<p>Pri \u010deln\u00fdch naklada\u010doch sa valce v\u00fdlo\u017en\u00edka pou\u017e\u00edvaj\u00fa na naberanie, zdv\u00edhanie a prepravu p\u00f4dy, sena a r\u00f4znych materi\u00e1lov, \u010d\u00edm sa v\u00fdrazne zvy\u0161uje produktivita pri po\u013enohospod\u00e1rskych \u00faloh\u00e1ch.<\/p>\n<h3>R\u00fdpadl\u00e1<\/h3>\n<p>V r\u00fdpadl\u00e1ch umo\u017e\u0148uje valec v\u00fdlo\u017en\u00edka prenikn\u00fa\u0165 ly\u017eici do p\u00f4dy, \u010do je nevyhnutn\u00e9 pre v\u00fdkopov\u00e9 pr\u00e1ce a zabezpe\u010duje presn\u00fa kontrolu nad h\u013abkou a uhlom kopania.<\/p>\n<h3>Naklada\u010de<\/h3>\n<p>V \u010deln\u00fdch naklada\u010doch pom\u00e1haj\u00fa valce v\u00fdlo\u017en\u00edka efekt\u00edvne zdv\u00edha\u0165 a vyklada\u0165 bremena, \u010d\u00edm optimalizuj\u00fa pracovn\u00fd postup pri manipul\u00e1cii s materi\u00e1lom a preprave.<\/p>\n<h2>\u00davahy o dizajne a krit\u00e9ri\u00e1 v\u00fdberu<\/h2>\n<h3>Nosnos\u0165<\/h3>\n<p>Pri v\u00fdbere valca v\u00fdlo\u017en\u00edka je d\u00f4le\u017eit\u00e9 pos\u00fadi\u0165 jeho nosnos\u0165. Valec mus\u00ed by\u0165 schopn\u00fd zvl\u00e1dnu\u0165 maxim\u00e1lne o\u010dak\u00e1van\u00e9 za\u0165a\u017eenie po\u010das prev\u00e1dzky, aby sa predi\u0161lo poruche a zabezpe\u010dila sa bezpe\u010dnos\u0165. V\u00fdpo\u010det maxim\u00e1lneho za\u0165a\u017eenia zah\u0155\u0148a zoh\u013eadnenie nielen hmotnosti prepravovan\u00fdch materi\u00e1lov, ale aj faktorov, ako je uhol prev\u00e1dzky a celkov\u00e1 zdv\u00edhacia kapacita stroja. Vy\u0161\u0161ia nosnos\u0165 umo\u017e\u0148uje v\u00e4\u010d\u0161iu v\u0161estrannos\u0165 prev\u00e1dzky a m\u00f4\u017ee v\u00fdrazne zv\u00fd\u0161i\u0165 produktivitu v n\u00e1ro\u010dn\u00fdch prostrediach.<\/p>\n<h3>Tesniace syst\u00e9my<\/h3>\n<p>Spr\u00e1vne tesnenie je nevyhnutn\u00e9 pre efekt\u00edvnu prev\u00e1dzku hydraulick\u00fdch valcov. Vysokokvalitn\u00e9 tesnenia zabra\u0148uj\u00fa \u00faniku hydraulickej kvapaliny, \u010do je k\u013e\u00fa\u010dov\u00e9 pre udr\u017eanie tlaku v syst\u00e9me. Dobre navrhnut\u00fd tesniaci syst\u00e9m bude pozost\u00e1va\u0165 z viacer\u00fdch komponentov vr\u00e1tane tesnen\u00ed piestov a tesnen\u00ed ty\u010d\u00ed, vyroben\u00fdch z odoln\u00fdch materi\u00e1lov, ako je polyuret\u00e1n alebo nitrilov\u00e1 guma, ktor\u00e9 s\u00fa zn\u00e1me svojou odolnos\u0165ou vo\u010di oderu. Pravideln\u00e1 \u00fadr\u017eba a v\u010dasn\u00e1 v\u00fdmena tesnen\u00ed m\u00f4\u017ee drasticky zn\u00ed\u017ei\u0165 prestoje a n\u00e1klady na \u00fadr\u017ebu, \u010d\u00edm sa zabezpe\u010d\u00ed dlh\u00e1 \u017eivotnos\u0165 hydraulick\u00e9ho syst\u00e9mu.<\/p>\n<h3>Trvanlivos\u0165 a odolnos\u0165 vo\u010di kor\u00f3zii<\/h3>\n<p>Trvanlivos\u0165 je k\u013e\u00fa\u010dov\u00fdm faktorom pri kon\u0161trukcii valcov v\u00fdlo\u017en\u00edka, najm\u00e4 pri pou\u017eit\u00ed v n\u00e1ro\u010dn\u00fdch podmienkach. V\u00fdber materi\u00e1lov, ktor\u00e9 odol\u00e1vaj\u00fa opotrebovaniu a kor\u00f3zii, predl\u017euje \u017eivotnos\u0165 valca. Be\u017ene sa pou\u017e\u00edvaj\u00fa vysokopevnostn\u00e9 ocele a hlin\u00edkov\u00e9 zliatiny, \u010dasto o\u0161etren\u00e9 alebo potiahnut\u00e9 pre dodato\u010dn\u00fa ochranu. Okrem toho, premyslen\u00e9 kon\u0161truk\u010dn\u00e9 aspekty, ako s\u00fa ochrann\u00e9 kryty alebo povlaky, m\u00f4\u017eu chr\u00e1ni\u0165 valec pred environment\u00e1lnymi faktormi, \u010d\u00edm sa \u010falej zvy\u0161uje jeho odolnos\u0165 a zabezpe\u010duje konzistentn\u00fd v\u00fdkon.<\/p>\n<h3>Bezpe\u010dnostn\u00e9 prvky<\/h3>\n<p>Bezpe\u010dnos\u0165 je pri navrhovan\u00ed hydraulick\u00fdch valcov prvorad\u00e1. Za\u010dlenenie prvkov, ako s\u00fa pretlakov\u00e9 ventily, pom\u00e1ha predch\u00e1dza\u0165 pre\u0165a\u017eeniu syst\u00e9mu, ktor\u00e9 m\u00f4\u017ee vies\u0165 ku katastrof\u00e1lnym poruch\u00e1m. Okrem toho, robustn\u00e9 in\u017einierske postupy zabezpe\u010duj\u00fa, \u017ee n\u00e1vrh sp\u013a\u0148a priemyseln\u00e9 normy a predpisy, \u010d\u00edm sa zaru\u010duje bezpe\u010dn\u00e1 prev\u00e1dzka. Pravideln\u00e9 bezpe\u010dnostn\u00e9 kontroly m\u00f4\u017eu tie\u017e pom\u00f4c\u0165 identifikova\u0165 potenci\u00e1lne probl\u00e9my sk\u00f4r, ako sa vyhrotia, a zachova\u0165 tak integritu strojov aj ich obsluhy.<\/p>\n<h3>\u00dadr\u017eba a prev\u00e1dzkyschopnos\u0165<\/h3>\n<p>Navrhnutie hydraulick\u00e9ho valca pre jednoduch\u00fa \u00fadr\u017ebu a servis je nevyhnutn\u00e9 pre minimaliz\u00e1ciu prestojov. Funkcie, ako s\u00fa pr\u00edstupn\u00e9 maznice, modul\u00e1rne komponenty a preh\u013eadn\u00e9 kontroln\u00e9 body, u\u013eah\u010duj\u00fa efekt\u00edvne postupy \u00fadr\u017eby. Okrem toho, poskytnutie komplexnej servisnej dokument\u00e1cie a jednoduch\u00fd pr\u00edstup k n\u00e1hradn\u00fdm dielom zabezpe\u010duje, \u017ee oper\u00e1tori m\u00f4\u017eu udr\u017eiava\u0165 svoje zariadenia v bezprobl\u00e9movom chode s minim\u00e1lnym \u00fasil\u00edm.<\/p>\n<p><img decoding=\"async\" src=\"https:\/\/www.hydraulic-cylinders.net\/wp-content\/uploads\/2025\/04\/songte-oil-pipes-and-spare-parts.webp\" alt=\"\u010casti hydraulick\u00e9ho valca\" \/><\/p>\n<h2>Tesnenie a mazanie<\/h2>\n<p>\u00da\u010dinn\u00e9 tesnenie a mazanie s\u00fa k\u013e\u00fa\u010dov\u00e9 pre v\u00fdkon a dlh\u00fa \u017eivotnos\u0165 valcov v\u00fdlo\u017en\u00edka. Na zabr\u00e1nenie \u00faniku hydraulickej kvapaliny a z\u00e1rove\u0148 na zabezpe\u010denie plynul\u00e9ho pohybu sa pou\u017e\u00edvaj\u00fa r\u00f4zne tesniace prvky, ako s\u00fa tesnenia piestov a tesnenia ty\u010d\u00ed. V\u00fdber tesniacich materi\u00e1lov, ako je polyuret\u00e1n a nitrilov\u00e1 guma, je nevyhnutn\u00fd pre trvanlivos\u0165 a odolnos\u0165 vo\u010di opotrebovaniu. Okrem toho s\u00fa povrchov\u00e9 \u00fapravy tela valca a z\u00e1vitov\u00fdch koncov starostlivo spracovan\u00e9, aby sa zv\u00fd\u0161ila odolnos\u0165 vo\u010di opotrebovaniu. Je nevyhnutn\u00e9 pravidelne dop\u013a\u0148a\u0165 hydraulick\u00fd olej na mazanie, aby sa udr\u017eal optim\u00e1lny v\u00fdkon a zabr\u00e1nilo sa vn\u00fatorn\u00e9mu po\u0161kodeniu.<\/p>\n<h2>Opatrenia prevent\u00edvnej \u00fadr\u017eby<\/h2>\n<ul>\n<li><strong>Pravideln\u00e9 kontroly:<\/strong> Vykon\u00e1vajte pravideln\u00e9 kontroly, aby ste identifikovali ak\u00e9ko\u013evek opotrebovanie alebo po\u0161kodenie, ktor\u00e9 by mohlo ohrozi\u0165 v\u00fdkon a bezpe\u010dnos\u0165 valca.<\/li>\n<li><strong>Spr\u00e1vne mazanie:<\/strong> Zabezpe\u010dte, aby boli v\u0161etky pohybliv\u00e9 \u010dasti dostato\u010dne namazan\u00e9, aby sa minimalizovalo trenie a opotrebovanie, a to pou\u017eit\u00edm odpor\u00fa\u010dan\u00fdch hydraulick\u00fdch olejov.<\/li>\n<li><strong>V\u00fdmena tesnenia:<\/strong> Pravidelne kontrolujte integritu tesnenia a opotrebovan\u00e9 tesnenia v\u010das vyme\u0148te, aby ste predi\u0161li \u00fanikom a udr\u017eali tlak.<\/li>\n<\/ul>\n<h2>Pokyny na in\u0161tal\u00e1ciu<\/h2>\n<p>Spr\u00e1vna in\u0161tal\u00e1cia valcov v\u00fdlo\u017en\u00edka je nevyhnutn\u00e1 pre optim\u00e1lny v\u00fdkon. Za\u010dnite t\u00fdm, \u017ee sa uist\u00edte, \u017ee mont\u00e1\u017ene povrchy s\u00fa \u010dist\u00e9 a bez ne\u010dist\u00f4t. Na upevnenie valca na mieste pou\u017eite vhodn\u00e9 mont\u00e1\u017ene konzoly a uistite sa, \u017ee je spr\u00e1vne zarovnan\u00fd s prev\u00e1dzkovou dr\u00e1hou stroja. Starostlivo dodr\u017eiavajte pokyny v\u00fdrobcu na in\u0161tal\u00e1ciu a venujte zv\u00fd\u0161en\u00fa pozornos\u0165 \u0161pecifik\u00e1ci\u00e1m kr\u00fatiaceho momentu, aby ste predi\u0161li po\u0161kodeniu po\u010das prev\u00e1dzky. Po in\u0161tal\u00e1cii vykonajte d\u00f4kladn\u00fa kontrolu a pred pou\u017eit\u00edm v plnom rozsahu otestujte \u010dinnos\u0165 valca za kontrolovan\u00fdch podmienok.<\/p>\n<h2>Be\u017en\u00e9 \u00falohy \u00fadr\u017eby<\/h2>\n<ul>\n<li><strong>Pravideln\u00e9 kontroly:<\/strong> \u010cast\u00e9 vizu\u00e1lne kontroly m\u00f4\u017eu pom\u00f4c\u0165 identifikova\u0165 potenci\u00e1lne probl\u00e9my sk\u00f4r, ako sa stan\u00fa v\u00e1\u017enymi. Po\u010das prev\u00e1dzky h\u013eadajte zn\u00e1mky opotrebovania, netesnost\u00ed alebo nezvy\u010dajn\u00fdch zvukov.<\/li>\n<li><strong>Vhodn\u00e9 mazanie:<\/strong> Pre zabezpe\u010denie hladkej prev\u00e1dzky a dlhej \u017eivotnosti pravidelne nama\u017ete pohybliv\u00e9 \u010dasti hydraulick\u00e9ho syst\u00e9mu. Pou\u017e\u00edvajte predp\u00edsan\u00fd hydraulick\u00fd olej pod\u013ea pokynov v\u00fdrobcu.<\/li>\n<li><strong>V\u00fdmena tesnenia:<\/strong> Sledujte tesnenia, \u010di nejavia zn\u00e1mky opotrebovania alebo po\u0161kodenia. V\u010dasn\u00e1 v\u00fdmena zabezpe\u010d\u00ed, \u017ee hydraulick\u00fd syst\u00e9m udr\u017e\u00ed tlak a bude fungova\u0165 efekt\u00edvne.<\/li>\n<\/ul>\n<p>Spr\u00e1vna in\u0161tal\u00e1cia, mazanie a nastavenie s\u00fa nevyhnutn\u00e9 pre dlh\u00fa \u017eivotnos\u0165 a \u00fa\u010dinnos\u0165 valca v\u00fdlo\u017en\u00edka. Po\u010das in\u0161tal\u00e1cie sa uistite, \u017ee je valec spr\u00e1vne zarovnan\u00fd, aby sa predi\u0161lo nadmern\u00e9mu nam\u00e1haniu, a pre stabilitu pou\u017eite vhodn\u00e9 mont\u00e1\u017ene konzoly. Pravideln\u00e9 kontroly, opravy a v\u00fdmeny v\u00fdznamne prispievaj\u00fa k pred\u013a\u017eeniu \u017eivotnosti hydraulick\u00fdch komponentov.<\/p>\n<p><img decoding=\"async\" src=\"https:\/\/www.hydraulic-cylinders.net\/wp-content\/uploads\/2025\/04\/songte-chushion-collar.webp\" alt=\"Komponenty hydraulick\u00e9ho valca\" \/><\/p>\n<h2>Bezpe\u010dnostn\u00e9 aspekty a faktory prostredia<\/h2>\n<p>Zav\u00e1dzanie bezpe\u010dnostn\u00fdch opatren\u00ed po\u010das pou\u017e\u00edvania hydraulick\u00fdch valcov je nanajv\u00fd\u0161 d\u00f4le\u017eit\u00e9. Obsluha mus\u00ed by\u0165 vy\u0161kolen\u00e1 v rozpoznan\u00ed potenci\u00e1lnych nebezpe\u010denstiev spojen\u00fdch s hydraulick\u00fdmi syst\u00e9mami, ako je n\u00e1hle uvo\u013enenie tlaku alebo porucha zariadenia. Pri \u00fadr\u017ebe alebo obsluhe strojov by sa mali v\u017edy nosi\u0165 vhodn\u00e9 osobn\u00e9 ochrann\u00e9 prostriedky (OOP). Okrem toho sa musia \u00fa\u010dinne riadi\u0165 environment\u00e1lnymi aspektmi, ako s\u00fa \u00faniky kvapal\u00edn, aby sa predi\u0161lo kontamin\u00e1cii a zabezpe\u010dil s\u00falad s environment\u00e1lnymi predpismi.<\/p>\n<h2>Rie\u0161enie probl\u00e9mov a be\u017en\u00e9 probl\u00e9my<\/h2>\n<ul>\n<li><strong>\u00danik:<\/strong> Skontrolujte tesnenia a spoje, \u010di nie s\u00fa opotrebovan\u00e9 alebo po\u0161koden\u00e9; v pr\u00edpade potreby ich vyme\u0148te.<\/li>\n<li><strong>Pomal\u00e1 prev\u00e1dzka:<\/strong> Skontrolujte hladinu a kvalitu hydraulickej kvapaliny; uistite sa, \u017ee syst\u00e9m neobsahuje vzduchov\u00e9 bubliny.<\/li>\n<li><strong>Nereaguj\u00faci valec:<\/strong> Skontrolujte hydraulick\u00e9 pripojenia a prietok kvapaliny; skontrolujte, \u010di nie s\u00fa zablokovan\u00e9 alebo mechanick\u00e9 prek\u00e1\u017eky.<\/li>\n<\/ul>\n<p>Poskytovanie tipov na rie\u0161enie probl\u00e9mov m\u00f4\u017ee pou\u017e\u00edvate\u013eom pom\u00f4c\u0165 efekt\u00edvne diagnostikova\u0165 a rie\u0161i\u0165 probl\u00e9my. Napr\u00edklad, ak d\u00f4jde k \u00faniku, skontrolujte tesnenia a spoje, \u010di nevykazuj\u00fa zn\u00e1mky opotrebovania alebo po\u0161kodenia, a v pr\u00edpade potreby ich vyme\u0148te. Ak valec pracuje pomaly, skontrolujte hladiny a kvalitu hydraulickej kvapaliny a uistite sa, \u017ee syst\u00e9m neobsahuje vzduchov\u00e9 bubliny, ktor\u00e9 by mohli obmedzova\u0165 v\u00fdkon. Proakt\u00edvnym rie\u0161en\u00edm t\u00fdchto be\u017en\u00fdch probl\u00e9mov m\u00f4\u017eu pou\u017e\u00edvatelia minimalizova\u0165 prestoje a udr\u017eiava\u0165 optim\u00e1lnu funk\u010dnos\u0165.<\/p>\n<p><img decoding=\"async\" src=\"https:\/\/www.hydraulic-cylinders.net\/wp-content\/uploads\/2025\/04\/songte-bushings-with-all-kinds-of-excavator-models.webp\" alt=\"Hydraulick\u00e9 komponenty\" \/><\/p>\n<h2>O na\u0161ej spolo\u010dnosti<\/h2>\n<p>Sme popredn\u00fdm v\u00fdrobcom n\u00e1hradn\u00fdch hydraulick\u00fdch valcov a pon\u00fakame \u0161irok\u00fa \u0161k\u00e1lu produktov, ktor\u00e9 uspokoja dom\u00e1ci aj medzin\u00e1rodn\u00fd trh. N\u00e1\u0161 z\u00e1v\u00e4zok k excelentnosti n\u00e1s vedie k implement\u00e1cii prepracovan\u00fdch v\u00fdrobn\u00fdch procesov podporovan\u00fdch pokro\u010dil\u00fdm digit\u00e1lnym vybaven\u00edm a profesion\u00e1lnymi testovac\u00edmi syst\u00e9mami. Neust\u00e1lym zdokona\u013eovan\u00edm na\u0161ej v\u00fdrobnej platformy a opatren\u00ed na kontrolu kvality zabezpe\u010dujeme vysok\u00fa efektivitu, presnos\u0165 a kvalitu, \u010d\u00edm sp\u013a\u0148ame rozmanit\u00e9 po\u017eiadavky z\u00e1kazn\u00edkov. Na\u0161e odborn\u00e9 znalosti, medzin\u00e1rodn\u00e9 certifik\u00e1cie a prisp\u00f4sobovacie slu\u017eby \u010falej roz\u0161iruj\u00fa na\u0161u ponuku, \u010do n\u00e1m umo\u017e\u0148uje dod\u00e1va\u0165 \u0161pi\u010dkov\u00e9 produkty a spo\u013eahliv\u00fa popredajn\u00fa podporu.<\/p>\n<p><img decoding=\"async\" src=\"https:\/\/www.hydraulic-cylinders.net\/wp-content\/uploads\/2025\/04\/songte-company-4.webp\" alt=\"Preh\u013ead spolo\u010dnosti\" \/><br \/>\n<img decoding=\"async\" src=\"https:\/\/www.hydraulic-cylinders.net\/wp-content\/uploads\/2025\/04\/songte-company-3.webp\" alt=\"V\u00fdrobn\u00fd proces\" \/><\/p>\n<p>Autor: lyl<\/p>","protected":false},"excerpt":{"rendered":"<p>Boom Cylinder For Yangong YG70C Introduction to Boom Cylinder The Boom Cylinder for Yangong YG70C is a specialized hydraulic component designed to manage the movement of buckets in various heavy machinery, including excavators, backhoe loaders, and front-end loaders. These cylinders facilitate the lifting, lowering, and tilting of the bucket, making them indispensable for material handling [&hellip;]<\/p>","protected":false},"featured_media":17867,"comment_status":"open","ping_status":"closed","template":"","meta":{"_et_pb_use_builder":"","_et_pb_old_content":"","_et_gb_content_width":""},"product_brand":[],"product_cat":[1546],"product_tag":[1547,1496],"class_list":{"0":"post-19589","1":"product","2":"type-product","3":"status-publish","4":"has-post-thumbnail","6":"product_cat-boom-cylinders","7":"product_tag-boom-cylinders","8":"product_tag-hydraulic-cylinders","10":"first","11":"instock","12":"shipping-taxable","13":"product-type-simple"},"amp_enabled":true,"_links":{"self":[{"href":"https:\/\/www.hydraulic-cylinders.net\/sk\/wp-json\/wp\/v2\/product\/19589","targetHints":{"allow":["GET"]}}],"collection":[{"href":"https:\/\/www.hydraulic-cylinders.net\/sk\/wp-json\/wp\/v2\/product"}],"about":[{"href":"https:\/\/www.hydraulic-cylinders.net\/sk\/wp-json\/wp\/v2\/types\/product"}],"replies":[{"embeddable":true,"href":"https:\/\/www.hydraulic-cylinders.net\/sk\/wp-json\/wp\/v2\/comments?post=19589"}],"wp:featuredmedia":[{"embeddable":true,"href":"https:\/\/www.hydraulic-cylinders.net\/sk\/wp-json\/wp\/v2\/media\/17867"}],"wp:attachment":[{"href":"https:\/\/www.hydraulic-cylinders.net\/sk\/wp-json\/wp\/v2\/media?parent=19589"}],"wp:term":[{"taxonomy":"product_brand","embeddable":true,"href":"https:\/\/www.hydraulic-cylinders.net\/sk\/wp-json\/wp\/v2\/product_brand?post=19589"},{"taxonomy":"product_cat","embeddable":true,"href":"https:\/\/www.hydraulic-cylinders.net\/sk\/wp-json\/wp\/v2\/product_cat?post=19589"},{"taxonomy":"product_tag","embeddable":true,"href":"https:\/\/www.hydraulic-cylinders.net\/sk\/wp-json\/wp\/v2\/product_tag?post=19589"}],"curies":[{"name":"pracovn\u00fd list","href":"https:\/\/api.w.org\/{rel}","templated":true}]}}