{"id":19590,"date":"2025-04-07T06:56:14","date_gmt":"2025-04-07T06:56:14","guid":{"rendered":"https:\/\/www.hydraulic-cylinders.net\/product\/boom-cylinder-for-yangong-yg85e\/"},"modified":"2025-04-07T06:56:17","modified_gmt":"2025-04-07T06:56:17","slug":"boom-cylinder-for-yangong-yg85e","status":"publish","type":"product","link":"https:\/\/www.hydraulic-cylinders.net\/sk\/produkt\/boom-cylinder-for-yangong-yg85e\/","title":{"rendered":"Valec v\u00fdlo\u017en\u00edka pre Yangong YG85E"},"content":{"rendered":"<h1>Valec v\u00fdlo\u017en\u00edka pre Yangong YG85E<\/h1>\n<h2>\u00davod do valca v\u00fdlo\u017en\u00edka<\/h2>\n<p>Hydraulick\u00fd valec v\u00fdlo\u017en\u00edka je k\u013e\u00fa\u010dovou s\u00fa\u010das\u0165ou hydraulick\u00fdch syst\u00e9mov, \u0161peci\u00e1lne navrhnut\u00fdch na ovl\u00e1danie ly\u017e\u00edc \u0165a\u017ek\u00fdch strojov, ako s\u00fa r\u00fdpadl\u00e1, r\u00fdpadlo-naklada\u010de a \u010deln\u00e9 naklada\u010de. Tento hydraulick\u00fd valec zohr\u00e1va k\u013e\u00fa\u010dov\u00fa \u00falohu pri riaden\u00ed pohybu ly\u017eice, \u010do umo\u017e\u0148uje jej zdv\u00edhanie, sp\u00fa\u0161\u0165anie a nakl\u00e1\u0148anie. Tak\u00e1to funkcia je nevyhnutn\u00e1 pri manipul\u00e1cii s materi\u00e1lom v r\u00f4znych odvetviach, preto\u017ee zvy\u0161uje efektivitu a produktivitu.<\/p>\n<p><img decoding=\"async\" src=\"https:\/\/www.hydraulic-cylinders.net\/wp-content\/uploads\/2025\/04\/songte-company-1.webp\" alt=\"Obr\u00e1zok valca v\u00fdlo\u017en\u00edka\"><\/p>\n<h3>Preh\u013ead valcov s ko\u0161\u00edkom<\/h3>\n<p>Hydraulick\u00e9 valce k\u00fdblov s\u00fa \u0161pecializovan\u00e9 hydraulick\u00e9 valce skon\u0161truovan\u00e9 na riadenie zlo\u017eit\u00fdch pohybov k\u00fdblov na stavebn\u00fdch zariadeniach. Tieto valce s\u00fa neoddelite\u013enou s\u00fa\u010das\u0165ou prev\u00e1dzky \u0165a\u017ek\u00fdch strojov a poskytuj\u00fa potrebn\u00fa silu na efekt\u00edvnu manipul\u00e1ciu s bremenami. V\u010faka vyu\u017eitiu hydraulick\u00e9ho tlaku tieto valce zabezpe\u010duj\u00fa plynul\u00fd a r\u00fdchly pohyb, v\u010faka \u010domu s\u00fa nevyhnutn\u00e9 v odvetviach, ako je stavebn\u00edctvo a po\u013enohospod\u00e1rstvo.<\/p>\n<h2>Vlastnosti valca v\u00fdlo\u017en\u00edka<\/h2>\n<ul>\n<li><strong>Vysok\u00e1 pevnos\u0165 a odolnos\u0165:<\/strong> Valec v\u00fdlo\u017en\u00edka je vyroben\u00fd z vysokopevnostnej ocele alebo hlin\u00edka a odol\u00e1 vysok\u00e9mu tlaku a \u0165a\u017ek\u00fdm za\u0165a\u017eeniam, v\u010faka \u010domu je vhodn\u00fd do n\u00e1ro\u010dn\u00fdch pracovn\u00fdch prostred\u00ed. Jeho kon\u0161trukcia zoh\u013ead\u0148uje odolnos\u0165 vo\u010di opotrebovaniu a kor\u00f3zii, \u010d\u00edm sa predl\u017euje jeho \u017eivotnos\u0165.<\/li>\n<li><strong>Efekt\u00edvna hydraulick\u00e1 prev\u00e1dzka:<\/strong> Valec vyu\u017e\u00edva hydraulick\u00fd tlak oleja pre plynul\u00e9 vys\u00favanie a zas\u00favanie, r\u00fdchlo reaguje na prev\u00e1dzkov\u00e9 povely a poskytuje zna\u010dn\u00fa tla\u010dn\u00fa a \u0165a\u017en\u00fa silu pre \u0165a\u017ek\u00e9 zdv\u00edhacie \u00falohy.<\/li>\n<li><strong>R\u00f4zne typy:<\/strong> Mo\u017enosti zah\u0155\u0148aj\u00fa jedno\u010dinn\u00e9 (s hydraulick\u00fdm pohonom v jednom smere) alebo dvoj\u010dinn\u00e9 (s hydraulick\u00fdm pohonom v oboch smeroch) valce, ktor\u00e9 vyhovuj\u00fa r\u00f4znym prev\u00e1dzkov\u00fdm potreb\u00e1m. Niektor\u00e9 modely s\u00fa teleskopick\u00e9, \u010do umo\u017e\u0148uje v\u00e4\u010d\u0161ie vysunutie bez zv\u00e4\u010d\u0161enia vonkaj\u0161\u00edch rozmerov, ide\u00e1lne pre stiesnen\u00e9 priestory.<\/li>\n<li><strong>Z\u00e1kazkov\u00e1 v\u00fdroba:<\/strong> Tento produkt vyr\u00e1bame tak, aby zabezpe\u010doval perfektn\u00fa n\u00e1hradu za existuj\u00face hydraulick\u00e9 valce.<\/li>\n<li><strong>Zabezpe\u010denie kvality:<\/strong> Na\u0161e valce prech\u00e1dzaj\u00fa pr\u00edsnymi testami, aby sp\u013a\u0148ali pr\u00edsne normy kvality a zaru\u010dovali z\u00e1kazn\u00edkom ich spo\u013eahlivos\u0165 a v\u00fdkon.<\/li>\n<\/ul>\n<p><img decoding=\"async\" src=\"https:\/\/www.hydraulic-cylinders.net\/wp-content\/uploads\/2025\/04\/songte-cylinder-head-with-all-kinds-excavator-models.webp\" alt=\"Obr\u00e1zok hlavy valcov v\u00fdlo\u017en\u00edka\"><\/p>\n<h2>Aplik\u00e1cie valca ramena<\/h2>\n<h3>Stavebn\u00e9 stroje<\/h3>\n<p>V r\u00fdpadl\u00e1ch s\u00fa valce v\u00fdlo\u017en\u00edka nevyhnutn\u00e9 na kopanie, nakladanie a premiest\u0148ovanie zeminy alebo sutiny, \u010d\u00edm zvy\u0161uj\u00fa efektivitu stavebn\u00fdch projektov. V r\u00fdpadlo-naklada\u010doch u\u013eah\u010duj\u00fa kopanie aj zdv\u00edhanie, \u010d\u00edm maximalizuj\u00fa produktivitu.<\/p>\n<h3>Po\u013enohospod\u00e1rske stroje<\/h3>\n<p>Valce v\u00fdlo\u017en\u00edka, ktor\u00e9 sa pou\u017e\u00edvaj\u00fa v \u010deln\u00fdch naklada\u010doch, pom\u00e1haj\u00fa pri naberan\u00ed, zdv\u00edhan\u00ed a preprave p\u00f4dy, sena a in\u00fdch materi\u00e1lov, \u010d\u00edm zvy\u0161uj\u00fa produktivitu v po\u013enohospod\u00e1rskych oper\u00e1ci\u00e1ch a zabezpe\u010duj\u00fa efekt\u00edvne vykon\u00e1vanie po\u013enohospod\u00e1rskych \u00faloh.<\/p>\n<h3>R\u00fdpadl\u00e1<\/h3>\n<p>Valce v\u00fdlo\u017en\u00edka umo\u017e\u0148uj\u00fa r\u00fdpadl\u00e1m efekt\u00edvne prenika\u0165 do p\u00f4dy, \u010do umo\u017e\u0148uje efekt\u00edvne kopanie potrebn\u00e9 pri r\u00f4znych zemn\u00fdch pr\u00e1cach.<\/p>\n<h3>Naklada\u010de<\/h3>\n<p>V \u010deln\u00fdch naklada\u010doch s\u00fa tieto valce k\u013e\u00fa\u010dov\u00e9 pre efekt\u00edvne zdv\u00edhanie a vykladanie n\u00e1kladov, v\u010faka \u010domu s\u00fa nevyhnutn\u00e9 pre nakladanie s odpadom a prepravu materi\u00e1lu.<\/p>\n<h2>\u00davahy o dizajne a krit\u00e9ri\u00e1 v\u00fdberu<\/h2>\n<h3>Nosnos\u0165<\/h3>\n<p>Pri v\u00fdbere hydraulick\u00e9ho valca v\u00fdlo\u017en\u00edka je prvorad\u00e9 pos\u00fadenie jeho nosnosti. Valec mus\u00ed by\u0165 schopn\u00fd zvl\u00e1dnu\u0165 maxim\u00e1lne za\u0165a\u017eenie o\u010dak\u00e1van\u00e9 po\u010das prev\u00e1dzky. To zah\u0155\u0148a v\u00fdpo\u010det hmotnosti prepravovan\u00fdch materi\u00e1lov a zabezpe\u010denie toho, aby hydraulick\u00fd valec dok\u00e1zal tieto hmotnosti bezpe\u010dne zvl\u00e1dnu\u0165. Valec s nedostato\u010dnou nosnos\u0165ou m\u00f4\u017ee vies\u0165 k poruche, predstavova\u0165 bezpe\u010dnostn\u00e9 rizik\u00e1 a sp\u00f4sobi\u0165 prev\u00e1dzkov\u00e9 prestoje.<\/p>\n<h3>Tesnenie a trvanlivos\u0165<\/h3>\n<p>Technol\u00f3gia tesnenia pou\u017e\u00edvan\u00e1 vo valcoch v\u00fdlo\u017en\u00edka je k\u013e\u00fa\u010dov\u00e1 pre udr\u017eiavanie hydraulick\u00e9ho tlaku a prevenciu \u00fanikov. Vysokokvalitn\u00e9 tesnenia zabezpe\u010duj\u00fa, \u017ee hydraulick\u00e1 kvapalina zost\u00e1va uzavret\u00e1 a z\u00e1rove\u0148 prisp\u00f4sobuj\u00fa pohybu piestu vo valci. Pou\u017eitie pr\u00e9miov\u00fdch materi\u00e1lov, ako je polyuret\u00e1n a nitrilov\u00fd kau\u010duk, prispieva k schopnosti valca odol\u00e1va\u0165 opotrebovaniu, \u010d\u00edm sa zvy\u0161uje jeho celkov\u00e1 \u017eivotnos\u0165 a spo\u013eahlivos\u0165.<\/p>\n<h3>Bezpe\u010dnostn\u00e9 prvky<\/h3>\n<p>Bezpe\u010dnos\u0165 je pri n\u00e1vrhu hydraulick\u00e9ho syst\u00e9mu prvorad\u00fdm krit\u00e9riom. Valce v\u00fdlo\u017en\u00edka musia obsahova\u0165 bezpe\u010dnostn\u00e9 prvky, ktor\u00e9 zabra\u0148uj\u00fa katastrof\u00e1lnym poruch\u00e1m. Patria sem poistn\u00e9 ventily na zvl\u00e1dnutie nadmern\u00e9ho tlaku a zabezpe\u010denie bezpe\u010dnej prev\u00e1dzky. Pravideln\u00e9 kontroly a \u00fadr\u017eba t\u00fdchto bezpe\u010dnostn\u00fdch komponentov s\u00fa nevyhnutn\u00e9 na dodr\u017eiavanie bezpe\u010dnostn\u00fdch noriem prev\u00e1dzky, \u010d\u00edm sa chr\u00e1nia obsluha aj zariadenie pred nebezpe\u010denstvami.<\/p>\n<p><img decoding=\"async\" src=\"https:\/\/www.hydraulic-cylinders.net\/wp-content\/uploads\/2025\/04\/songte-oil-pipes-and-spare-parts.webp\" alt=\"Obr\u00e1zok hydraulick\u00fdch dielov\"><\/p>\n<h2>Tesnenie a mazanie valca v\u00fdlo\u017en\u00edka<\/h2>\n<p>Integrita tesnen\u00ed valca v\u00fdlo\u017en\u00edka je nevyhnutn\u00e1 pre optim\u00e1lny v\u00fdkon. Na udr\u017eanie hydraulickej kvapaliny sa pou\u017e\u00edvaj\u00fa r\u00f4zne tesniace komponenty, ako s\u00fa tesnenia piestu a ty\u010de. Tesnenia s\u00fa zvy\u010dajne vyroben\u00e9 z materi\u00e1lov odoln\u00fdch vo\u010di opotrebovaniu, ako je polyuret\u00e1n a nitrilov\u00fd kau\u010duk, \u010do zais\u0165uje dlhotrvaj\u00facu prev\u00e1dzku. Teleso valca a z\u00e1vitov\u00e9 konce s\u00fa presne obr\u00e1ban\u00e9, aby sa zv\u00fd\u0161ila odolnos\u0165 a zn\u00ed\u017eilo opotrebenie.<\/p>\n<p>Pravideln\u00e9 mazanie vhodnou hydraulickou kvapalinou je k\u013e\u00fa\u010dov\u00e9 pre udr\u017eanie v\u00fdkonu valca. Zah\u0155\u0148a to pravideln\u00e9 kontroly a dop\u013a\u0148anie hydraulick\u00e9ho oleja, ktor\u00fd ma\u017ee vn\u00fatorn\u00e9 komponenty, \u010d\u00edm minimalizuje trenie a hromadenie tepla po\u010das prev\u00e1dzky. Spr\u00e1vne mazanie nielen predl\u017euje \u017eivotnos\u0165 valca, ale tie\u017e zlep\u0161uje jeho odozvu a celkov\u00fa \u00fa\u010dinnos\u0165.<\/p>\n<h2>Opatrenia prevent\u00edvnej \u00fadr\u017eby<\/h2>\n<ul>\n<li><strong>Pravideln\u00e9 kontroly:<\/strong> Vykon\u00e1vanie pravideln\u00fdch kontrol valca ramena m\u00f4\u017ee pom\u00f4c\u0165 identifikova\u0165 opotrebovanie sk\u00f4r, ako povedie k v\u00e1\u017enej\u0161\u00edm poruch\u00e1m. H\u013eadajte zn\u00e1mky \u00faniku, nezvy\u010dajn\u00e9 zvuky alebo zn\u00ed\u017een\u00fd v\u00fdkon a ak\u00e9ko\u013evek probl\u00e9my ihne\u010f rie\u0161te.<\/li>\n<li><strong>Vhodn\u00e9 mazanie:<\/strong> Zabezpe\u010denie dobr\u00e9ho mazania valca spr\u00e1vnou hydraulickou kvapalinou je nevyhnutn\u00e9 na zabr\u00e1nenie nadmern\u00e9mu opotrebovaniu. Na udr\u017eanie optim\u00e1lneho v\u00fdkonu pou\u017e\u00edvajte vysokokvalitn\u00e9 hydraulick\u00e9 oleje vhodn\u00e9 pre dan\u00fa aplik\u00e1ciu.<\/li>\n<li><strong>V\u00fdmena tesnenia:<\/strong> Tesnenia sa m\u00f4\u017eu \u010dasom opotrebova\u0165 a m\u00f4\u017ee by\u0165 potrebn\u00e9 ich vymeni\u0165, aby sa zabezpe\u010dila bez\u00fate\u0161nos\u0165 valca. Pravidelne kontrolujte tesnenia, \u010di nie s\u00fa po\u0161koden\u00e9, a v pr\u00edpade potreby ich vyme\u0148te, aby sa udr\u017eal hydraulick\u00fd tlak.<\/li>\n<\/ul>\n<h2>Pokyny na in\u0161tal\u00e1ciu valca ramena<\/h2>\n<p>Spr\u00e1vna in\u0161tal\u00e1cia valca ramena je nevyhnutn\u00e1 pre zabezpe\u010denie optim\u00e1lneho v\u00fdkonu a bezpe\u010dnosti. Za\u010dnite t\u00fdm, \u017ee sa uist\u00edte, \u017ee v\u0161etky komponenty s\u00fa \u010dist\u00e9 a bez ne\u010dist\u00f4t. Valec spr\u00e1vne zarovnajte, aby ste predi\u0161li nespr\u00e1vnemu zarovnaniu po\u010das prev\u00e1dzky, ktor\u00e9 m\u00f4\u017ee vies\u0165 k r\u00fdchlej\u0161iemu opotrebovaniu alebo poruche. Na pevn\u00e9 upevnenie valca na mieste pou\u017eite vhodn\u00e9 mont\u00e1\u017ene konzoly, aby ste zabezpe\u010dili, \u017ee odol\u00e1 prev\u00e1dzkov\u00fdm sil\u00e1m.<\/p>\n<p>Pred pripojen\u00edm hydraulick\u00fdch potrub\u00ed skontrolujte, \u010di s\u00fa v\u0161etky spoje kompatibiln\u00e9 a v dobrom stave. Po pripojen\u00ed odvzdu\u0161nite syst\u00e9m, aby ste odstr\u00e1nili v\u0161etok vzduch, ktor\u00fd by mohol negat\u00edvne ovplyvni\u0165 v\u00fdkon. Nakoniec vykonajte d\u00f4kladn\u00fa sk\u00fa\u0161ku valca v prev\u00e1dzkov\u00fdch podmienkach, aby ste sa uistili, \u017ee v\u0161etko funguje pod\u013ea o\u010dak\u00e1vania.<\/p>\n<h2>\u00dadr\u017eb\u00e1rske \u00falohy pre valec v\u00fdlo\u017en\u00edka<\/h2>\n<h3>Pravideln\u00e1 kontrola<\/h3>\n<p>Rutinn\u00e1 kontrola je nevyhnutn\u00e1 pre v\u010dasn\u00e9 odhalenie probl\u00e9mov, ktor\u00e9 by mohli vies\u0165 k poruche. Prev\u00e1dzkovatelia by mali kontrolova\u0165 zn\u00e1mky \u00fanikov, nezvy\u010dajn\u00e9 zvuky alebo zmeny v\u00fdkonu. V\u010dasn\u00e1 identifik\u00e1cia probl\u00e9mov m\u00f4\u017ee zabr\u00e1ni\u0165 n\u00e1kladn\u00fdm oprav\u00e1m a prestojom.<\/p>\n<h3>Spr\u00e1vne mazanie<\/h3>\n<p>Udr\u017eiavanie spr\u00e1vnej hladiny mazania vhodnou hydraulickou kvapalinou je k\u013e\u00fa\u010dov\u00e9 pre prevenciu opotrebenia a zabezpe\u010denie hladkej prev\u00e1dzky. Obsluha by mala dodr\u017eiava\u0165 odpor\u00fa\u010dania v\u00fdrobcu t\u00fdkaj\u00face sa typu kvapaliny a intervalov v\u00fdmeny, aby sa optimalizovala \u017eivotnos\u0165 valca.<\/p>\n<h3>V\u00fdmena tesnenia a kontroly kalibr\u00e1cie<\/h3>\n<p>Pravideln\u00e1 v\u00fdmena tesnen\u00ed a vykon\u00e1vanie kalibra\u010dn\u00fdch kontrol je nevyhnutn\u00e1 na udr\u017eanie integrity hydraulick\u00e9ho syst\u00e9mu. To zais\u0165uje, \u017ee valec v\u00fdlo\u017en\u00edka funguje efekt\u00edvne a bezpe\u010dne, \u010d\u00edm sa zni\u017euje riziko \u00fanikov a straty tlaku. Obsluha by mala dodr\u017eiava\u0165 odpor\u00fa\u010dan\u00e9 postupy kontroly a v\u00fdmeny tesnen\u00ed a pod\u013ea potreby kalibrova\u0165 syst\u00e9m, aby sa zabezpe\u010dil presn\u00fd v\u00fdkon.<\/p>\n<p><img decoding=\"async\" src=\"https:\/\/www.hydraulic-cylinders.net\/wp-content\/uploads\/2025\/04\/songte-chushion-collar.webp\" alt=\"Obr\u00e1zok vank\u00fa\u0161ov\u00e9ho goliera\"><\/p>\n<h2>Bezpe\u010dnostn\u00e9 aspekty a faktory prostredia<\/h2>\n<p>Pri obsluhe hydraulick\u00fdch valcov je nevyhnutn\u00e9 dodr\u017eiavanie bezpe\u010dnostn\u00fdch protokolov. Obsluha by mala nosi\u0165 vhodn\u00e9 osobn\u00e9 ochrann\u00e9 prostriedky (OOP) a dodr\u017eiava\u0165 v\u0161etky bezpe\u010dnostn\u00e9 pokyny, aby predi\u0161la nehod\u00e1m. Okrem toho treba zv\u00e1\u017ei\u0165 faktory prostredia, ktor\u00e9 m\u00f4\u017eu ovplyvni\u0165 v\u00fdkon valca, ako s\u00fa zmeny teploty a vystavenie agres\u00edvnym \u017eivlom. Implement\u00e1cia opatren\u00ed na zmiernenie t\u00fdchto faktorov m\u00f4\u017ee zv\u00fd\u0161i\u0165 odolnos\u0165 a bezpe\u010dnos\u0165 valca.<\/p>\n<h2>Rie\u0161enie probl\u00e9mov a be\u017en\u00e9 probl\u00e9my<\/h2>\n<ul>\n<li><strong>\u00danik:<\/strong> Ak z valca unik\u00e1 hydraulick\u00e1 kvapalina, m\u00f4\u017ee to znamena\u0165 opotrebovan\u00e9 tesnenia alebo po\u0161koden\u00e9 spoje. Skontrolujte tieto komponenty a v pr\u00edpade potreby ich vyme\u0148te.<\/li>\n<li><strong>Pomal\u00e1 prev\u00e1dzka:<\/strong> Pomal\u00e1 odozva m\u00f4\u017ee nazna\u010dova\u0165 n\u00edzku hladinu hydraulickej kvapaliny alebo vzduch v syst\u00e9me. Skontrolujte hladiny kvapal\u00edn a odvzdu\u0161nite syst\u00e9m, aby sa obnovila spr\u00e1vna funkcia.<\/li>\n<li><strong>Nekonzistentn\u00fd pohyb:<\/strong> Ak sa valec pohybuje nerovnomerne, pr\u00ed\u010dinou m\u00f4\u017ee by\u0165 nespr\u00e1vne zarovnanie alebo upchatie. Zaistite spr\u00e1vne zarovnanie a odstr\u00e1\u0148te v\u0161etky prek\u00e1\u017eky v hydraulick\u00fdch potrubiach.<\/li>\n<\/ul>\n<h2>Tipy na rie\u0161enie probl\u00e9mov<\/h2>\n<p>Aby sa efekt\u00edvne diagnostikovali a vyrie\u0161ili probl\u00e9my s valcom ramena, oper\u00e1tori by mali dodr\u017eiava\u0165 \u0161pecifick\u00e9 kroky na rie\u0161enie probl\u00e9mov. Za\u010dnite kontrolou netesnost\u00ed a testovan\u00edm hladiny hydraulickej kvapaliny, aby ste zabezpe\u010dili dostato\u010dn\u00fd tlak. Ak sa valec pohybuje pomaly alebo nepravidelne, skontrolujte, \u010di sa v syst\u00e9me nenach\u00e1dza vzduch, a v pr\u00edpade potreby ho odvzdu\u0161nite. Vedenie z\u00e1znamov o v\u0161etk\u00fdch \u00fadr\u017eb\u00e1rskych \u010dinnostiach a probl\u00e9moch, ktor\u00e9 sa vyskytli, m\u00f4\u017ee pom\u00f4c\u0165 pri identifik\u00e1cii vzorcov, ktor\u00e9 si m\u00f4\u017eu vy\u017eadova\u0165 rozsiahlej\u0161ie opravy alebo v\u00fdmeny.<\/p>\n<p><img decoding=\"async\" src=\"https:\/\/www.hydraulic-cylinders.net\/wp-content\/uploads\/2025\/04\/songte-bushings-with-all-kinds-of-excavator-models.webp\" alt=\"Obr\u00e1zok puzdier\"><\/p>\n<h2>O na\u0161ej spolo\u010dnosti<\/h2>\n<p>Sme popredn\u00fdm v\u00fdrobcom hydraulick\u00fdch valcov a pon\u00fakame komplexn\u00fd sortiment produktov. N\u00e1\u0161 z\u00e1v\u00e4zok k excelentnosti n\u00e1s etabloval ako jedn\u00e9ho z popredn\u00fdch v\u00fdrobcov a ve\u013ekoobchodn\u00edkov na dom\u00e1com aj medzin\u00e1rodnom trhu. Dodr\u017eiavame pr\u00edsne \u0161tandardy kvality, ktor\u00e9 s\u00fa podporen\u00e9 prec\u00edznymi v\u00fdrobn\u00fdmi strat\u00e9giami. So zameran\u00edm na pokro\u010dil\u00e9 technol\u00f3gie, kvalifikovan\u00fd person\u00e1l a robustn\u00fd syst\u00e9m zabezpe\u010denia kvality neust\u00e1le zlep\u0161ujeme na\u0161e v\u00fdrobn\u00e9 kapacity.<\/p>\n<p>Na\u0161a spolo\u010dnos\u0165 uprednost\u0148uje potreby z\u00e1kazn\u00edkov, poskytuje rie\u0161enia na mieru, medzin\u00e1rodn\u00e9 certifik\u00e1cie a v\u00fdnimo\u010dn\u00fa popredajn\u00fa podporu. Vyu\u017e\u00edvan\u00edm najmodernej\u0161\u00edch v\u00fdrobn\u00fdch zariaden\u00ed a procesov zabezpe\u010dujeme vysok\u00fa efektivitu, presnos\u0165 a kvalitu na\u0161ich produktov.<\/p>\n<p><img decoding=\"async\" src=\"https:\/\/www.hydraulic-cylinders.net\/wp-content\/uploads\/2025\/04\/songte-company-4.webp\" alt=\"Obr\u00e1zok spolo\u010dnosti\"><br \/>\n<img decoding=\"async\" src=\"https:\/\/www.hydraulic-cylinders.net\/wp-content\/uploads\/2025\/04\/songte-company-3.webp\" alt=\"Obr\u00e1zok spolo\u010dnosti\"><\/p>\n<p>Autor: lyl<\/p>","protected":false},"excerpt":{"rendered":"<p>Boom Cylinder For Yangong YG85E Introduction to Boom Cylinder The Boom Cylinder is a critical component in hydraulic systems, specifically designed for the operation of heavy machinery buckets such as excavators, backhoe loaders, and front loaders. This hydraulic cylinder plays a pivotal role in controlling the movement of the bucket, allowing it to lift, lower, [&hellip;]<\/p>","protected":false},"featured_media":17868,"comment_status":"open","ping_status":"closed","template":"","meta":{"_et_pb_use_builder":"","_et_pb_old_content":"","_et_gb_content_width":""},"product_brand":[],"product_cat":[1546],"product_tag":[1547,1496],"class_list":{"0":"post-19590","1":"product","2":"type-product","3":"status-publish","4":"has-post-thumbnail","6":"product_cat-boom-cylinders","7":"product_tag-boom-cylinders","8":"product_tag-hydraulic-cylinders","10":"first","11":"instock","12":"shipping-taxable","13":"product-type-simple"},"amp_enabled":true,"_links":{"self":[{"href":"https:\/\/www.hydraulic-cylinders.net\/sk\/wp-json\/wp\/v2\/product\/19590","targetHints":{"allow":["GET"]}}],"collection":[{"href":"https:\/\/www.hydraulic-cylinders.net\/sk\/wp-json\/wp\/v2\/product"}],"about":[{"href":"https:\/\/www.hydraulic-cylinders.net\/sk\/wp-json\/wp\/v2\/types\/product"}],"replies":[{"embeddable":true,"href":"https:\/\/www.hydraulic-cylinders.net\/sk\/wp-json\/wp\/v2\/comments?post=19590"}],"wp:featuredmedia":[{"embeddable":true,"href":"https:\/\/www.hydraulic-cylinders.net\/sk\/wp-json\/wp\/v2\/media\/17868"}],"wp:attachment":[{"href":"https:\/\/www.hydraulic-cylinders.net\/sk\/wp-json\/wp\/v2\/media?parent=19590"}],"wp:term":[{"taxonomy":"product_brand","embeddable":true,"href":"https:\/\/www.hydraulic-cylinders.net\/sk\/wp-json\/wp\/v2\/product_brand?post=19590"},{"taxonomy":"product_cat","embeddable":true,"href":"https:\/\/www.hydraulic-cylinders.net\/sk\/wp-json\/wp\/v2\/product_cat?post=19590"},{"taxonomy":"product_tag","embeddable":true,"href":"https:\/\/www.hydraulic-cylinders.net\/sk\/wp-json\/wp\/v2\/product_tag?post=19590"}],"curies":[{"name":"pracovn\u00fd list","href":"https:\/\/api.w.org\/{rel}","templated":true}]}}