{"id":19593,"date":"2025-04-07T06:56:22","date_gmt":"2025-04-07T06:56:22","guid":{"rendered":"https:\/\/www.hydraulic-cylinders.net\/product\/boom-cylinder-for-xinyuan-crawler-excavator-xy55-8\/"},"modified":"2025-04-07T06:56:24","modified_gmt":"2025-04-07T06:56:24","slug":"boom-cylinder-for-xinyuan-crawler-excavator-xy55-8","status":"publish","type":"product","link":"https:\/\/www.hydraulic-cylinders.net\/sk\/produkt\/boom-cylinder-for-xinyuan-crawler-excavator-xy55-8\/","title":{"rendered":"Valec v\u00fdlo\u017en\u00edka pre p\u00e1sov\u00e9 r\u00fdpadlo Xinyuan XY55-8"},"content":{"rendered":"<h1>Valec v\u00fdlo\u017en\u00edka pre p\u00e1sov\u00e9 r\u00fdpadlo Xinyuan XY55-8<\/h1>\n<h2>Preh\u013ead produktu<\/h2>\n<p>Hydraulick\u00fd valec v\u00fdlo\u017en\u00edka je d\u00f4le\u017eitou s\u00fa\u010das\u0165ou p\u00e1sov\u00e9ho r\u00fdpadla Xinyuan XY55-8, prim\u00e1rne ur\u010den\u00fd na ovl\u00e1danie pohybu ramena r\u00fdpadla. Tento hydraulick\u00fd valec umo\u017e\u0148uje r\u00fdpadlu zdv\u00edha\u0165, sp\u00fa\u0161\u0165a\u0165 a nakl\u00e1\u0148a\u0165 ly\u017eicu, \u010do u\u013eah\u010duje efekt\u00edvnu manipul\u00e1ciu s materi\u00e1lom. Valec v\u00fdlo\u017en\u00edka je z\u00e1kladnou s\u00fa\u010das\u0165ou hydraulick\u00e9ho syst\u00e9mu, ktor\u00fd umo\u017e\u0148uje plynul\u00fd chod \u0165a\u017ek\u00fdch strojov.<\/p>\n<p><img decoding=\"async\" src=\"https:\/\/www.hydraulic-cylinders.net\/wp-content\/uploads\/2025\/04\/songte-company-1.webp\" alt=\"Obr\u00e1zok valca v\u00fdlo\u017en\u00edka\"><\/p>\n<h2>Vlastnosti valca v\u00fdlo\u017en\u00edka<\/h2>\n<ul>\n<li><strong>Vysok\u00e1 pevnos\u0165 a odolnos\u0165:<\/strong> Valec v\u00fdlo\u017en\u00edka, zvy\u010dajne vyroben\u00fd z vysokopevnostnej ocele alebo hlin\u00edka, odol\u00e1 vysok\u00e9mu tlaku a \u0165a\u017ek\u00fdm za\u0165a\u017eeniam, v\u010faka \u010domu je vhodn\u00fd do n\u00e1ro\u010dn\u00fdch pracovn\u00fdch prostred\u00ed.<\/li>\n<li><strong>Efekt\u00edvna hydraulick\u00e1 prev\u00e1dzka:<\/strong> Vyu\u017e\u00edva hydraulick\u00fd tlak oleja pre plynul\u00e9 vys\u00favanie a zas\u00favanie, \u010d\u00edm poskytuje r\u00fdchlu odozvu na ovl\u00e1dacie povely a dod\u00e1va siln\u00fa tla\u010dn\u00fa a \u0165a\u017en\u00fa silu.<\/li>\n<li><strong>R\u00f4zne typy:<\/strong> K dispoz\u00edcii s\u00fa v jedno\u010dinnom (hydraulick\u00fd v jednom smere) alebo dvoj\u010dinnom (hydraulick\u00fd v oboch smeroch) pre splnenie r\u00f4znych prev\u00e1dzkov\u00fdch potrieb. Niektor\u00e9 modely s\u00fa teleskopick\u00e9, \u010do umo\u017e\u0148uje v\u00e4\u010d\u0161ie vysunutie bez zv\u00e4\u010d\u0161enia vonkaj\u0161\u00edch rozmerov, ide\u00e1lne pre aplik\u00e1cie s obmedzen\u00fdm priestorom.<\/li>\n<li><strong>Jednoduch\u00e1 v\u00fdmena:<\/strong> Na\u0161e produkty s\u00fa navrhnut\u00e9 tak, aby dokonale nahradili existuj\u00face hydraulick\u00e9 valce a zabezpe\u010dili tak bezprobl\u00e9mov\u00fa integr\u00e1ciu a v\u00fdkon.<\/li>\n<li><strong>Pokro\u010dil\u00fd dizajn:<\/strong> Obsahuje prvky, ktor\u00e9 zvy\u0161uj\u00fa odolnos\u0165 proti opotrebovaniu a kor\u00f3zii, \u010d\u00edm predl\u017euj\u00fa \u017eivotnos\u0165 valca.<\/li>\n<\/ul>\n<p><img decoding=\"async\" src=\"https:\/\/www.hydraulic-cylinders.net\/wp-content\/uploads\/2025\/04\/songte-cylinder-head-with-all-kinds-excavator-models.webp\" alt=\"Obr\u00e1zok modelov bagrov\"><\/p>\n<h2>Aplik\u00e1cie valca v\u00fdlo\u017en\u00edka<\/h2>\n<h3>Stavebn\u00e9 stroje<\/h3>\n<p>V r\u00fdpadl\u00e1ch s\u00fa valce v\u00fdlo\u017en\u00edka k\u013e\u00fa\u010dov\u00e9 pre kopanie, nakladanie a premiest\u0148ovanie zeminy alebo sutiny. Umo\u017e\u0148uj\u00fa presn\u00e9 ovl\u00e1danie pohybov ly\u017eice, \u010d\u00edm sa u\u013eah\u010duje zvl\u00e1dnutie zlo\u017eit\u00fdch \u00faloh.<\/p>\n<h3>Po\u013enohospod\u00e1rske stroje<\/h3>\n<p>Valce v\u00fdlo\u017en\u00edka, ktor\u00e9 sa pou\u017e\u00edvaj\u00fa v \u010deln\u00fdch naklada\u010doch, s\u00fa nevyhnutn\u00e9 na naberanie, zdv\u00edhanie a prepravu p\u00f4dy, sena a in\u00fdch materi\u00e1lov. Ich kon\u0161trukcia zais\u0165uje efekt\u00edvnu prev\u00e1dzku v po\u013enohospod\u00e1rskom prostred\u00ed.<\/p>\n<h3>R\u00fdpadl\u00e1<\/h3>\n<p>V r\u00fdpadl\u00e1ch umo\u017e\u0148uje valec v\u00fdlo\u017en\u00edka efekt\u00edvne prenikanie ly\u017eice do p\u00f4dy, \u010do u\u013eah\u010duje proces kopania. T\u00e1to schopnos\u0165 je nevyhnutn\u00e1 pre r\u00f4zne v\u00fdkopov\u00e9 \u00falohy.<\/p>\n<h3>Naklada\u010de<\/h3>\n<p>V \u010deln\u00fdch naklada\u010doch pom\u00e1haj\u00fa valce v\u00fdlo\u017en\u00edka efekt\u00edvne zdv\u00edha\u0165 a vyklada\u0165 n\u00e1klad. T\u00e1to funkcia je k\u013e\u00fa\u010dov\u00e1 pre zv\u00fd\u0161enie produktivity na stavenisk\u00e1ch.<\/p>\n<h2>\u00davahy o dizajne a krit\u00e9ri\u00e1 v\u00fdberu<\/h2>\n<h3>Nosnos\u0165<\/h3>\n<p>Pri v\u00fdbere valca ramena je potrebn\u00e9 zv\u00e1\u017ei\u0165 nosnos\u0165 po\u017eadovan\u00fa pre konkr\u00e9tnu aplik\u00e1ciu. To zah\u0155\u0148a pos\u00fadenie maxim\u00e1lnej hmotnosti, ktor\u00fa mus\u00ed valec zdvihn\u00fa\u0165, a zabezpe\u010denie jeho vhodn\u00e9ho dimenzovania, aby sa predi\u0161lo poruche.<\/p>\n<h3>Kvalita tesnenia<\/h3>\n<p>Kvalita tesnenia je k\u013e\u00fa\u010dov\u00e1 pre udr\u017eanie hydraulick\u00e9ho tlaku a zabr\u00e1nenie \u00faniku kvapaliny. V\u00fdber tesnen\u00ed v\u00fdznamne ovplyv\u0148uje v\u00fdkon a \u017eivotnos\u0165 valca, preto je nevyhnutn\u00e9 vybera\u0165 tesnenia vyroben\u00e9 z vysoko kvalitn\u00fdch materi\u00e1lov.<\/p>\n<h3>Trvanlivos\u0165<\/h3>\n<p>Trvanlivos\u0165 je k\u013e\u00fa\u010dov\u00fdm faktorom pri kon\u0161trukcii valca ramena. Mus\u00ed odol\u00e1va\u0165 extr\u00e9mnym podmienkam vr\u00e1tane kol\u00edsaj\u00facich tepl\u00f4t a vystavenia drsn\u00fdm poveternostn\u00fdm vplyvom. Pou\u017eit\u00e9 materi\u00e1ly by mali by\u0165 odoln\u00e9 vo\u010di opotrebovaniu a kor\u00f3zii, aby sa zabezpe\u010dila dlh\u00e1 \u017eivotnos\u0165.<\/p>\n<h3>Bezpe\u010dnostn\u00e9 prvky<\/h3>\n<p>Bezpe\u010dnostn\u00e9 prvky s\u00fa pri kon\u0161trukcii hydraulick\u00fdch valcov prvorad\u00e9. Za\u010dlenenie poistn\u00fdch ventilov a mechanizmov na zn\u00ed\u017eenie tlaku m\u00f4\u017ee zabr\u00e1ni\u0165 nehod\u00e1m sp\u00f4soben\u00fdm pre\u0165a\u017een\u00edm a zaisti\u0165 tak bezpe\u010dnos\u0165 obsluhy.<\/p>\n<h3>Pr\u00edstupnos\u0165 \u00fadr\u017eby<\/h3>\n<p>Navrhnutie valca v\u00fdlo\u017en\u00edka pre jednoduch\u00fa \u00fadr\u017ebu je nevyhnutn\u00e9. Funkcie, ako s\u00fa \u013eahko vymenite\u013en\u00e9 tesnenia a pr\u00edstupn\u00e9 mazacie body, zjednodu\u0161uj\u00fa be\u017en\u00fa \u00fadr\u017ebu a predl\u017euj\u00fa \u017eivotnos\u0165 valca.<\/p>\n<p><img decoding=\"async\" src=\"https:\/\/www.hydraulic-cylinders.net\/wp-content\/uploads\/2025\/04\/songte-oil-pipes-and-spare-parts.webp\" alt=\"Obr\u00e1zok hydraulick\u00fdch dielov\"><\/p>\n<h2>Tesnenie a mazanie<\/h2>\n<p>Hydraulick\u00fd valec vyu\u017e\u00edva r\u00f4zne tesniace komponenty, ako s\u00fa tesnenia piestov a tesnenia ty\u010d\u00ed, na udr\u017eanie tlaku a zabr\u00e1nenie \u00fanikom. Tesnenia s\u00fa \u010dasto vyroben\u00e9 z odoln\u00fdch materi\u00e1lov, ako je polyuret\u00e1n a nitrilov\u00fd kau\u010duk, ktor\u00e9 poskytuj\u00fa vynikaj\u00facu odolnos\u0165 proti opotrebovaniu. Okrem toho sa teleso valca a z\u00e1vitov\u00e9 koncov\u00e9 povrchy jemne oprac\u00favaj\u00fa, aby sa zv\u00fd\u0161ila jeho odolnos\u0165. Pravideln\u00e9 mazanie vhodn\u00fdm hydraulick\u00fdm olejom je nevyhnutn\u00e9 na zabezpe\u010denie hladk\u00e9ho chodu a zabr\u00e1nenie opotrebovaniu.<\/p>\n<h2>\u00dadr\u017eb\u00e1rske opatrenia<\/h2>\n<ul>\n<li><strong>Pravideln\u00e9 kontroly:<\/strong> Pravidelne kontrolujte valec ramena, \u010di nevykazuje zn\u00e1mky opotrebovania, netesnost\u00ed alebo in\u00e9ho po\u0161kodenia. V\u010dasn\u00e1 identifik\u00e1cia probl\u00e9mov m\u00f4\u017ee zabr\u00e1ni\u0165 neskor\u0161\u00edm rozsiahlej\u0161\u00edm oprav\u00e1m.<\/li>\n<li><strong>Spr\u00e1vne mazanie:<\/strong> Zabezpe\u010dte doplnenie hydraulick\u00e9ho oleja a spr\u00e1vnu \u00fadr\u017ebu mazac\u00edch bodov. T\u00fdm sa zn\u00ed\u017ei trenie a opotrebovanie pohybliv\u00fdch \u010dast\u00ed.<\/li>\n<li><strong>V\u00fdmena tesnenia:<\/strong> Tesnenia sa \u010dasom m\u00f4\u017eu opotrebova\u0165 a bude potrebn\u00e9 ich vymeni\u0165. Pravidelne kontrolujte tesnenia a v pr\u00edpade potreby ich vyme\u0148te, aby ste zachovali optim\u00e1lny v\u00fdkon.<\/li>\n<\/ul>\n<h2>Pokyny na in\u0161tal\u00e1ciu<\/h2>\n<p>Spr\u00e1vna in\u0161tal\u00e1cia valca ramena je k\u013e\u00fa\u010dov\u00e1 pre jeho v\u00fdkon. Po\u010das in\u0161tal\u00e1cie sa uistite, \u017ee je valec spr\u00e1vne zarovnan\u00fd, aby ste predi\u0161li nadmern\u00e9mu nam\u00e1haniu komponentov. Na upevnenie valca na mieste sa odpor\u00fa\u010da pou\u017ei\u0165 vhodn\u00e9 mont\u00e1\u017ene konzoly. Pre zaistenie spo\u013eahliv\u00e9ho nastavenia dodr\u017eiavajte pokyny v\u00fdrobcu t\u00fdkaj\u00face sa \u0161pecifik\u00e1ci\u00ed kr\u00fatiaceho momentu a sp\u00f4sobov pripojenia. Po in\u0161tal\u00e1cii vykonajte d\u00f4kladn\u00fa kontrolu, aby ste overili, \u010di s\u00fa v\u0161etky komponenty bezpe\u010dne pripojen\u00e9 a spr\u00e1vne funguj\u00fa.<\/p>\n<h2>Be\u017en\u00e9 \u00falohy \u00fadr\u017eby<\/h2>\n<h3>Pravideln\u00e9 kontroly<\/h3>\n<p>Vykon\u00e1vajte pravideln\u00e9 kontroly, aby ste v\u010das identifikovali potenci\u00e1lne probl\u00e9my. Po\u010das prev\u00e1dzky kontrolujte netesnosti, opotrebovanie a ak\u00e9ko\u013evek nezvy\u010dajn\u00e9 zvuky. V\u010dasn\u00e1 detekcia m\u00f4\u017ee u\u0161etri\u0165 n\u00e1klady a zabr\u00e1ni\u0165 v\u00e1\u017enej\u0161iemu po\u0161kodeniu.<\/p>\n<h3>Spr\u00e1vne mazanie<\/h3>\n<p>Udr\u017eiavajte vhodn\u00fa hladinu mazania v hydraulickom syst\u00e9me. Uistite sa, \u017ee pou\u017eit\u00fd olej sp\u013a\u0148a \u0161pecifik\u00e1cie v\u00fdrobcu. Nedostato\u010dn\u00e9 mazanie m\u00f4\u017ee vies\u0165 k zv\u00fd\u0161en\u00e9mu opotrebovaniu a potenci\u00e1lnemu po\u0161kodeniu valca.<\/p>\n<h3>V\u00fdmena a kalibr\u00e1cia tesnenia<\/h3>\n<p>Pravidelne vymie\u0148ajte tesnenia, aby ste predi\u0161li \u00faniku hydraulickej kvapaliny. Kalibra\u010dn\u00e9 kontroly s\u00fa nevyhnutn\u00e9 na zabezpe\u010denie optim\u00e1lnej v\u00fdkonnosti valca. Pre spr\u00e1vne nastavenie a zarovnanie dodr\u017eiavajte pokyny v\u00fdrobcu.<\/p>\n<p><img decoding=\"async\" src=\"https:\/\/www.hydraulic-cylinders.net\/wp-content\/uploads\/2025\/04\/songte-chushion-collar.webp\" alt=\"Obr\u00e1zok vank\u00fa\u0161ov\u00e9ho goliera\"><\/p>\n<h2>Bezpe\u010dnostn\u00e9 aspekty a faktory prostredia<\/h2>\n<p>Pri pou\u017e\u00edvan\u00ed hydraulick\u00fdch valcov s\u00fa bezpe\u010dnostn\u00e9 opatrenia k\u013e\u00fa\u010dov\u00e9. Obsluha by mala by\u0165 vy\u0161kolen\u00e1 v bezpe\u010dn\u00fdch prev\u00e1dzkov\u00fdch postupoch a mala by si by\u0165 vedom\u00e1 potenci\u00e1lnych nebezpe\u010denstiev. Okrem toho treba zv\u00e1\u017ei\u0165 faktory prostredia, ako je vystavenie agres\u00edvnym \u017eivlom, ktor\u00e9 m\u00f4\u017eu ovplyvni\u0165 \u017eivotnos\u0165 a v\u00fdkon valca. Pravideln\u00e1 \u00fadr\u017eba a kontroly m\u00f4\u017eu zmierni\u0165 rizik\u00e1 spojen\u00e9 s po\u0161koden\u00edm \u017eivotn\u00e9ho prostredia.<\/p>\n<h2>Rie\u0161enie be\u017en\u00fdch probl\u00e9mov<\/h2>\n<ul>\n<li><strong>\u00danik:<\/strong> Ak unik\u00e1 hydraulick\u00e1 kvapalina, skontrolujte tesnenia a spoje. V\u00fdmena opotrebovan\u00fdch tesnen\u00ed a zabezpe\u010denie tesn\u00fdch spojov m\u00f4\u017ee tento probl\u00e9m vyrie\u0161i\u0165.<\/li>\n<li><strong>Nekonzistentn\u00fd v\u00fdkon:<\/strong> Ak sa valec nevys\u00fava alebo nezas\u00fava plynulo, skontrolujte, \u010di nie s\u00fa prek\u00e1\u017eky, n\u00edzka hladina hydraulickej kvapaliny alebo po\u0161koden\u00e9 tesnenia, ktor\u00e9 by mohli ovplyvni\u0165 prev\u00e1dzku.<\/li>\n<li><strong>Prehriatie:<\/strong> Ak sa hydraulick\u00fd syst\u00e9m prehrieva, m\u00f4\u017ee to signalizova\u0165 n\u00edzku hladinu kvapal\u00edn alebo nadmern\u00e9 za\u0165a\u017eenie. Zabezpe\u010dte spr\u00e1vnu hladinu kvapal\u00edn a vyhnite sa pre\u0165a\u017eeniu zariadenia.<\/li>\n<\/ul>\n<h2>Prevent\u00edvne opatrenia<\/h2>\n<p>Aby ste minimalizovali potenci\u00e1lne probl\u00e9my, zav\u00e1dzajte prevent\u00edvne opatrenia, ako s\u00fa pravideln\u00e9 kontroly \u00fadr\u017eby a \u0161kolenie obsluhy. D\u00f4kladn\u00e9 sledovanie hydraulick\u00e9ho syst\u00e9mu m\u00f4\u017ee pom\u00f4c\u0165 predch\u00e1dza\u0165 poruch\u00e1m a pred\u013a\u017ei\u0165 \u017eivotnos\u0165 valca v\u00fdlo\u017en\u00edka.<\/p>\n<p><img decoding=\"async\" src=\"https:\/\/www.hydraulic-cylinders.net\/wp-content\/uploads\/2025\/04\/songte-bushings-with-all-kinds-of-excavator-models.webp\" alt=\"Obr\u00e1zok puzdier\"><\/p>\n<h2>Preh\u013ead spolo\u010dnosti<\/h2>\n<p>Sme popredn\u00fdm v\u00fdrobcom n\u00e1hradn\u00fdch hydraulick\u00fdch valcov a pon\u00fakame kompletn\u00fd sortiment produktov pre dom\u00e1ci aj medzin\u00e1rodn\u00fd trh. N\u00e1\u0161 z\u00e1v\u00e4zok ku kvalite je podporen\u00fd prec\u00edzne vyladen\u00fdm v\u00fdrobn\u00fdm procesom a pokro\u010dil\u00fdmi strat\u00e9giami riadenia v\u00fdroby. Neust\u00e1le vylep\u0161ujeme na\u0161e v\u00fdrobn\u00e9 platformy kvalifikovan\u00fdm technick\u00fdm person\u00e1lom, \u0161pi\u010dkov\u00fdm digit\u00e1lnym v\u00fdrobn\u00fdm zariaden\u00edm a profesion\u00e1lnymi testovac\u00edmi syst\u00e9mami. Tento pr\u00edstup n\u00e1m umo\u017e\u0148uje uspokojova\u0165 rozmanit\u00e9 potreby z\u00e1kazn\u00edkov s vysokou efektivitou, presnos\u0165ou a kvalitou.<\/p>\n<p><img decoding=\"async\" src=\"https:\/\/www.hydraulic-cylinders.net\/wp-content\/uploads\/2025\/04\/songte-company-4.webp\" alt=\"Obr\u00e1zok spolo\u010dnosti\"><br \/>\n<img decoding=\"async\" src=\"https:\/\/www.hydraulic-cylinders.net\/wp-content\/uploads\/2025\/04\/songte-company-3.webp\" alt=\"Obr\u00e1zok spolo\u010dnosti\"><\/p>\n<p>Na\u0161a spolo\u010dnos\u0165 sa p\u00fd\u0161i profesionalitou, medzin\u00e1rodn\u00fdmi certifik\u00e1ciami, slu\u017ebami na mieru, modern\u00fdm v\u00fdrobn\u00fdm vybaven\u00edm a v\u00fdnimo\u010dnou popredajnou podporou. Sna\u017e\u00edme sa zabezpe\u010di\u0165, aby na\u0161i z\u00e1kazn\u00edci dost\u00e1vali tie najlep\u0161ie produkty a slu\u017eby dostupn\u00e9 na trhu.<\/p>\n<p>Autor: lyl<\/p>","protected":false},"excerpt":{"rendered":"<p>Boom Cylinder For Xinyuan Crawler Excavator XY55-8 Product Overview The Boom Cylinder is a vital component for the Xinyuan Crawler Excavator XY55-8, primarily designed to control the movement of the excavator&#8217;s arm. This hydraulic cylinder allows the excavator to lift, lower, and tilt its bucket, facilitating efficient material handling tasks. The boom cylinder is an [&hellip;]<\/p>","protected":false},"featured_media":17871,"comment_status":"open","ping_status":"closed","template":"","meta":{"_et_pb_use_builder":"","_et_pb_old_content":"","_et_gb_content_width":""},"product_brand":[],"product_cat":[1546],"product_tag":[1547,1496],"class_list":{"0":"post-19593","1":"product","2":"type-product","3":"status-publish","4":"has-post-thumbnail","6":"product_cat-boom-cylinders","7":"product_tag-boom-cylinders","8":"product_tag-hydraulic-cylinders","10":"first","11":"instock","12":"shipping-taxable","13":"product-type-simple"},"amp_enabled":true,"_links":{"self":[{"href":"https:\/\/www.hydraulic-cylinders.net\/sk\/wp-json\/wp\/v2\/product\/19593","targetHints":{"allow":["GET"]}}],"collection":[{"href":"https:\/\/www.hydraulic-cylinders.net\/sk\/wp-json\/wp\/v2\/product"}],"about":[{"href":"https:\/\/www.hydraulic-cylinders.net\/sk\/wp-json\/wp\/v2\/types\/product"}],"replies":[{"embeddable":true,"href":"https:\/\/www.hydraulic-cylinders.net\/sk\/wp-json\/wp\/v2\/comments?post=19593"}],"wp:featuredmedia":[{"embeddable":true,"href":"https:\/\/www.hydraulic-cylinders.net\/sk\/wp-json\/wp\/v2\/media\/17871"}],"wp:attachment":[{"href":"https:\/\/www.hydraulic-cylinders.net\/sk\/wp-json\/wp\/v2\/media?parent=19593"}],"wp:term":[{"taxonomy":"product_brand","embeddable":true,"href":"https:\/\/www.hydraulic-cylinders.net\/sk\/wp-json\/wp\/v2\/product_brand?post=19593"},{"taxonomy":"product_cat","embeddable":true,"href":"https:\/\/www.hydraulic-cylinders.net\/sk\/wp-json\/wp\/v2\/product_cat?post=19593"},{"taxonomy":"product_tag","embeddable":true,"href":"https:\/\/www.hydraulic-cylinders.net\/sk\/wp-json\/wp\/v2\/product_tag?post=19593"}],"curies":[{"name":"pracovn\u00fd list","href":"https:\/\/api.w.org\/{rel}","templated":true}]}}