{"id":19594,"date":"2025-04-07T06:56:25","date_gmt":"2025-04-07T06:56:25","guid":{"rendered":"https:\/\/www.hydraulic-cylinders.net\/product\/boom-cylinder-for-xinyuan-crawler-excavator-xy60-8\/"},"modified":"2025-04-07T06:56:28","modified_gmt":"2025-04-07T06:56:28","slug":"boom-cylinder-for-xinyuan-crawler-excavator-xy60-8","status":"publish","type":"product","link":"https:\/\/www.hydraulic-cylinders.net\/sk\/produkt\/boom-cylinder-for-xinyuan-crawler-excavator-xy60-8\/","title":{"rendered":"Valec v\u00fdlo\u017en\u00edka pre p\u00e1sov\u00e9 r\u00fdpadlo Xinyuan XY60-8"},"content":{"rendered":"<h1>Valec v\u00fdlo\u017en\u00edka pre p\u00e1sov\u00e9 r\u00fdpadlo Xinyuan XY60-8<\/h1>\n<h2>Preh\u013ead produktu<\/h2>\n<p>Hydraulick\u00fd valec v\u00fdlo\u017en\u00edka pre p\u00e1sov\u00e9 r\u00fdpadlo Xinyuan XY60-8 je k\u013e\u00fa\u010dovou s\u00fa\u010das\u0165ou hydraulick\u00fdch syst\u00e9mov ur\u010den\u00fdch pre \u0165a\u017ek\u00e9 stroje. Tento hydraulick\u00fd valec je \u0161peci\u00e1lne navrhnut\u00fd na ovl\u00e1danie pohybu ly\u017eice v r\u00f4znych \u0165a\u017ek\u00fdch zariadeniach, ako s\u00fa r\u00fdpadl\u00e1, r\u00fdpadlo-naklada\u010de a \u010deln\u00e9 naklada\u010de. U\u013eah\u010den\u00edm zdv\u00edhania, sp\u00fa\u0161\u0165ania a nakl\u00e1\u0148ania ly\u017eice v\u00fdrazne zlep\u0161uje \u00falohy manipul\u00e1cie s materi\u00e1lom.<\/p>\n<p>Ako typ hydraulick\u00e9ho valca vyu\u017e\u00edva valec ko\u0161\u00edka na prev\u00e1dzku tlakov\u00fd hydraulick\u00fd olej, v\u010faka \u010domu je jeho funkcia nevyhnutn\u00e1 pre efekt\u00edvny v\u00fdkon pri stavebn\u00fdch a v\u00fdkopov\u00fdch \u010dinnostiach. Funk\u010dnos\u0165 valca v\u00fdlo\u017en\u00edka nielen optimalizuje prev\u00e1dzku r\u00fdpadla, ale tie\u017e zabezpe\u010duje presn\u00e9 a \u013eahk\u00e9 premiest\u0148ovanie \u0165a\u017ek\u00fdch materi\u00e1lov.<\/p>\n<p><img decoding=\"async\" src=\"https:\/\/www.hydraulic-cylinders.net\/wp-content\/uploads\/2025\/04\/songte-company-1.webp\" alt=\"Obr\u00e1zok valca v\u00fdlo\u017en\u00edka\" \/><\/p>\n<h2>Vlastnosti valca v\u00fdlo\u017en\u00edka<\/h2>\n<ul>\n<li>\n<h3>Vysok\u00e1 pevnos\u0165 a odolnos\u0165<\/h3>\n<p>Tento valec v\u00fdlo\u017en\u00edka, vyroben\u00fd z vysokopevnostnej ocele alebo hlin\u00edka, je skon\u0161truovan\u00fd tak, aby odolal vysok\u00e9mu tlaku a \u0165a\u017ek\u00fdm za\u0165a\u017eeniam. Jeho kon\u0161trukcia zoh\u013ead\u0148uje odolnos\u0165 proti opotrebovaniu a kor\u00f3zii, \u010do predl\u017euje jeho prev\u00e1dzkov\u00fa \u017eivotnos\u0165.<\/p>\n<\/li>\n<li>\n<h3>Efekt\u00edvna hydraulick\u00e1 prev\u00e1dzka<\/h3>\n<p>V\u010faka tlaku hydraulick\u00e9ho oleja zabezpe\u010duje valec v\u00fdlo\u017en\u00edka plynul\u00e9 a r\u00fdchle vys\u00favanie a zas\u00favanie. To zais\u0165uje efekt\u00edvnu reakciu na povely oper\u00e1tora a poskytuje siln\u00e9 tla\u010dn\u00e9 a \u0165a\u017en\u00e9 sily, ide\u00e1lne na manipul\u00e1ciu s \u0165a\u017ek\u00fdmi alebo zlo\u017eit\u00fdmi \u00falohami.<\/p>\n<\/li>\n<li>\n<h3>R\u00f4zne typy<\/h3>\n<p>V z\u00e1vislosti od prev\u00e1dzkov\u00fdch po\u017eiadaviek je mo\u017en\u00e9 zvoli\u0165 jedno\u010dinn\u00fd (pou\u017e\u00edvan\u00fd v jednom smere) alebo dvoj\u010dinn\u00fd (pracuj\u00faci v oboch smeroch) model. Niektor\u00e9 verzie s\u00fa teleskopick\u00e9, \u010do umo\u017e\u0148uje v\u00e4\u010d\u0161ie vysunutie bez zv\u00e4\u010d\u0161enia vonkaj\u0161\u00edch rozmerov, v\u010faka \u010domu s\u00fa vhodn\u00e9 do stiesnen\u00fdch priestorov.<\/p>\n<\/li>\n<li>\n<h3>Z\u00e1kazkov\u00e1 v\u00fdroba<\/h3>\n<p>\u0160pecializujeme sa na v\u00fdrobu tohto produktu, pri\u010dom na\u0161e valce dokonale nahr\u00e1dzaj\u00fa existuj\u00face hydraulick\u00e9 valce, \u010d\u00edm sa zvy\u0161uje v\u00fdkon a spo\u013eahlivos\u0165 v r\u00f4znych aplik\u00e1ci\u00e1ch.<\/p>\n<\/li>\n<\/ul>\n<p><img decoding=\"async\" src=\"https:\/\/www.hydraulic-cylinders.net\/wp-content\/uploads\/2025\/04\/songte-cylinder-head-with-all-kinds-excavator-models.webp\" alt=\"Modely hydraulick\u00fdch valcov\" \/><\/p>\n<h2>Aplik\u00e1cie valca v\u00fdlo\u017en\u00edka<\/h2>\n<h3>Stavebn\u00e9 stroje<\/h3>\n<p>V r\u00fdpadl\u00e1ch zohr\u00e1vaj\u00fa valce v\u00fdlo\u017en\u00edka k\u013e\u00fa\u010dov\u00fa \u00falohu pri kopan\u00ed, nakladan\u00ed a premiest\u0148ovan\u00ed zeminy alebo sutiny. Umo\u017e\u0148uj\u00fa ly\u017eici efekt\u00edvne prenika\u0165 do zeme, \u010do umo\u017e\u0148uje kontrolovan\u00e9 v\u00fdkopov\u00e9 oper\u00e1cie. Presnos\u0165, ktor\u00fa pon\u00faka valec v\u00fdlo\u017en\u00edka, zvy\u0161uje celkov\u00fa efektivitu stavebn\u00fdch \u00faloh a umo\u017e\u0148uje oper\u00e1torom dosiahnu\u0165 viac za krat\u0161\u00ed \u010das.<\/p>\n<h3>Po\u013enohospod\u00e1rske stroje<\/h3>\n<p>V \u010deln\u00fdch naklada\u010doch je valec v\u00fdlo\u017en\u00edka nevyhnutn\u00fd na naberanie, zdv\u00edhanie a prepravu p\u00f4dy, sena a in\u00fdch materi\u00e1lov. V\u010faka schopnosti efekt\u00edvne manipulova\u0165 s \u0165a\u017ek\u00fdmi bremenami tieto valce prispievaj\u00fa k zv\u00fd\u0161eniu produktivity a u\u013eah\u010duj\u00fa r\u00f4zne po\u013enohospod\u00e1rske \u00falohy, od obr\u00e1bania p\u00f4dy a\u017e po manipul\u00e1ciu s k\u0155mnymi materi\u00e1lmi.<\/p>\n<h3>R\u00fdpadl\u00e1<\/h3>\n<p>Pre r\u00fdpadl\u00e1 je valec v\u00fdlo\u017en\u00edka k\u013e\u00fa\u010dov\u00fd, preto\u017ee umo\u017e\u0148uje preniknutie ly\u017eice do p\u00f4dy, \u010do umo\u017e\u0148uje efekt\u00edvne kopanie. T\u00e1to schopnos\u0165 je nevyhnutn\u00e1 v stavebn\u00edctve, ter\u00e9nnych \u00faprav\u00e1ch a bansk\u00fdch projektoch, kde je potrebn\u00fd presn\u00fd v\u00fdkop na vytvorenie z\u00e1kladov alebo vy\u010distenie ter\u00e9nu.<\/p>\n<h3>Naklada\u010de<\/h3>\n<p>V \u010deln\u00fdch naklada\u010doch valce v\u00fdlo\u017en\u00edka pom\u00e1haj\u00fa pri efekt\u00edvnom zdv\u00edhan\u00ed a vykladan\u00ed materi\u00e1lov. Ich prev\u00e1dzkov\u00e1 \u00fa\u010dinnos\u0165 zabezpe\u010duje presn\u00fa manipul\u00e1ciu s bremenami, \u010do je nevyhnutn\u00e9 pre pr\u00edpravu staveniska, prepravu materi\u00e1lu a \u010fal\u0161ie \u00falohy, ktor\u00e9 vy\u017eaduj\u00fa zdv\u00edhacie schopnosti.<\/p>\n<h2>\u00davahy o dizajne a krit\u00e9ri\u00e1 v\u00fdberu<\/h2>\n<h3>Nosnos\u0165<\/h3>\n<p>Pri v\u00fdbere valca v\u00fdlo\u017en\u00edka je jedn\u00fdm z hlavn\u00fdch krit\u00e9ri\u00ed jeho nosnos\u0165. Valec mus\u00ed by\u0165 schopn\u00fd zvl\u00e1dnu\u0165 maxim\u00e1lne za\u0165a\u017eenie o\u010dak\u00e1van\u00e9 po\u010das prev\u00e1dzky bez ohrozenia \u0161truktur\u00e1lnej integrity. Spr\u00e1vne v\u00fdpo\u010dty zalo\u017een\u00e9 na o\u010dak\u00e1vanom pracovnom za\u0165a\u017een\u00ed zabezpe\u010duj\u00fa, \u017ee valec bude fungova\u0165 bezpe\u010dne a efekt\u00edvne aj pri nam\u00e1han\u00ed.<\/p>\n<h3>Tesnenie a trvanlivos\u0165<\/h3>\n<p>Tesniaci mechanizmus je k\u013e\u00fa\u010dov\u00fd pre prevenciu \u00fanikov a udr\u017eiavanie optim\u00e1lneho hydraulick\u00e9ho tlaku. Vysokokvalitn\u00e9 tesnenia vyroben\u00e9 z odoln\u00fdch materi\u00e1lov, ako je polyuret\u00e1n alebo nitrilov\u00e1 guma, predl\u017euj\u00fa \u017eivotnos\u0165 valca. Okrem toho je odolnos\u0165 tela valca nevyhnutn\u00e1 pre odolnos\u0165 vo\u010di n\u00e1ro\u010dn\u00fdm prev\u00e1dzkov\u00fdm podmienkam vr\u00e1tane vystavenia ne\u010distot\u00e1m, vlhkosti a extr\u00e9mnym teplot\u00e1m.<\/p>\n<h3>Bezpe\u010dnos\u0165<\/h3>\n<p>Bezpe\u010dnostn\u00e9 prvky musia by\u0165 integrovan\u00e9 do kon\u0161trukcie valca v\u00fdlo\u017en\u00edka, aby sa chr\u00e1nili strojn\u00e9 zariadenie aj obsluha. Patria sem pretlakov\u00e9 ventily, ktor\u00e9 zabra\u0148uj\u00fa pretlaku, a bezpe\u010dnostn\u00e9 blokovacie mechanizmy, ktor\u00e9 zais\u0165uj\u00fa ly\u017eicu, ke\u010f nie je v prev\u00e1dzke. Zabezpe\u010denie dodr\u017eiavania bezpe\u010dnostn\u00fdch noriem je nevyhnutn\u00e9 pre bezpe\u010dn\u00fa prev\u00e1dzku \u0165a\u017ek\u00fdch strojov.<\/p>\n<h3>\u00davahy o \u00fadr\u017ebe<\/h3>\n<p>Jednoduch\u00e1 \u00fadr\u017eba je \u010fal\u0161\u00edm kritick\u00fdm faktorom pri kon\u0161trukcii valcov v\u00fdlo\u017en\u00edka. Kon\u0161truk\u010dn\u00e9 prvky, ktor\u00e9 umo\u017e\u0148uj\u00fa jednoduch\u00fd pr\u00edstup pri kontrole, mazan\u00ed a oprav\u00e1ch, m\u00f4\u017eu minimalizova\u0165 prestoje a pred\u013a\u017ei\u0165 \u017eivotnos\u0165 hydraulick\u00e9ho syst\u00e9mu. Kon\u0161trukcie s nen\u00e1ro\u010dnou \u00fadr\u017ebou prispievaj\u00fa k celkovej spo\u013eahlivosti a v\u00fdkonu zariadenia.<\/p>\n<p><img decoding=\"async\" src=\"https:\/\/www.hydraulic-cylinders.net\/wp-content\/uploads\/2025\/04\/songte-oil-pipes-and-spare-parts.webp\" alt=\"Komponenty hydraulick\u00e9ho valca\" \/><\/p>\n<h2>Tesnenie a mazanie<\/h2>\n<p>\u00da\u010dinnos\u0165 valca v\u00fdlo\u017en\u00edka do zna\u010dnej miery z\u00e1vis\u00ed od jeho tesniacich a mazac\u00edch syst\u00e9mov. Vysokokvalitn\u00e9 tesnenia, ako s\u00fa tesnenia piestov a ty\u010d\u00ed, s\u00fa nevyhnutn\u00e9 na udr\u017eanie hydraulick\u00e9ho tlaku a zabr\u00e1nenie \u00fanikom. Tesnenia vyroben\u00e9 z materi\u00e1lov odoln\u00fdch vo\u010di opotrebovaniu, ako je polyuret\u00e1n a nitrilov\u00e1 guma, zabezpe\u010duj\u00fa dlh\u00fa \u017eivotnos\u0165 a spo\u013eahlivos\u0165 v\u00fdkonu.<\/p>\n<p>Okrem toho s\u00fa teleso valca a z\u00e1vitov\u00e9 konce prec\u00edzne opracovan\u00e9, aby sa zv\u00fd\u0161ila ich odolnos\u0165 vo\u010di opotrebovaniu. Pravideln\u00e9 mazanie vhodn\u00fdm hydraulick\u00fdm olejom je nevyhnutn\u00e9 na zabezpe\u010denie hladk\u00e9ho chodu a prevenciu opotrebovania, \u010d\u00edm sa maximalizuje \u017eivotnos\u0165 valca v\u00fdlo\u017en\u00edka. Na udr\u017eanie optim\u00e1lneho v\u00fdkonu sa odpor\u00fa\u010da dodr\u017eiava\u0165 \u0161pecifick\u00e9 mazacie pl\u00e1ny.<\/p>\n<h2>Pravideln\u00e1 kontrola a opatrenia prevent\u00edvnej \u00fadr\u017eby<\/h2>\n<ul>\n<li>\n<h3>Pravideln\u00e9 kontroly<\/h3>\n<p>Vykon\u00e1vanie pravideln\u00fdch kontrol valca ramena je k\u013e\u00fa\u010dov\u00e9 pre identifik\u00e1ciu potenci\u00e1lnych probl\u00e9mov sk\u00f4r, ako sa vyhrotia. Pravideln\u00e9 kontroly by mali zah\u0155\u0148a\u0165 vizu\u00e1lne pos\u00fadenie netesnost\u00ed, opotrebovania a po\u0161kodenia, ako aj funk\u010dn\u00e9 testy, aby sa zabezpe\u010dilo, \u017ee valec funguje hladko.<\/p>\n<\/li>\n<li>\n<h3>Spr\u00e1vne mazanie<\/h3>\n<p>Zabezpe\u010denie dostato\u010dn\u00e9ho mazania hydraulick\u00e9ho valca je nevyhnutn\u00e9 pre jeho dlh\u00fa \u017eivotnos\u0165. Obsluha by mala dodr\u017eiava\u0165 pl\u00e1n mazania, ktor\u00fd zah\u0155\u0148a pou\u017e\u00edvanie schv\u00e1len\u00fdch hydraulick\u00fdch olejov na udr\u017eanie v\u00fdkonu a zn\u00ed\u017eenie trenia, ktor\u00e9 m\u00f4\u017ee vies\u0165 k pred\u010dasn\u00e9mu opotrebovaniu.<\/p>\n<\/li>\n<li>\n<h3>V\u00fdmena tesnenia<\/h3>\n<p>Tesnenia sa \u010dasom m\u00f4\u017eu opotrebova\u0165 a je potrebn\u00e9 ich vymeni\u0165. Pravideln\u00e9 monitorovanie integrity tesnen\u00ed m\u00f4\u017ee zabr\u00e1ni\u0165 \u00faniku hydraulickej kvapaliny a udr\u017eiava\u0165 optim\u00e1lny v\u00fdkon valca. Je nevyhnutn\u00e9 ma\u0165 pl\u00e1n v\u00fdmeny zalo\u017een\u00fd na prev\u00e1dzkovom prostred\u00ed a frekvencii pou\u017e\u00edvania.<\/p>\n<\/li>\n<\/ul>\n<p><img decoding=\"async\" src=\"https:\/\/www.hydraulic-cylinders.net\/wp-content\/uploads\/2025\/04\/songte-chushion-collar.webp\" alt=\"In\u0161tal\u00e1cia valca\" \/><\/p>\n<h2>Bezpe\u010dnostn\u00e9 aspekty a faktory prostredia<\/h2>\n<p>Bezpe\u010dnostn\u00e9 opatrenia s\u00fa pri pou\u017e\u00edvan\u00ed valcov ramena v r\u00f4znych aplik\u00e1ci\u00e1ch prvorad\u00e9. Obsluha by mala v\u017edy dodr\u017eiava\u0165 bezpe\u010dnostn\u00e9 pokyny a zabezpe\u010di\u0165, aby boli v\u0161etky komponenty pravidelne kontrolovan\u00e9 a udr\u017eiavan\u00e9. Implement\u00e1cia bezpe\u010dnostn\u00fdch protokolov zni\u017euje rizik\u00e1 spojen\u00e9 s poruchou zariadenia a zranen\u00edm obsluhy. Okrem toho je pre udr\u017eanie integrity a v\u00fdkonu valca k\u013e\u00fa\u010dov\u00e9 zoh\u013eadni\u0165 faktory prostredia, ako je vystavenie chemik\u00e1li\u00e1m alebo extr\u00e9mne po\u010dasie.<\/p>\n<h2>Rie\u0161enie probl\u00e9mov a be\u017en\u00e9 probl\u00e9my<\/h2>\n<ul>\n<li>\n<h3>Hydraulick\u00e9 \u00faniky<\/h3>\n<p>K hydraulick\u00fdm \u00fanikom m\u00f4\u017ee d\u00f4js\u0165 v d\u00f4sledku opotrebovan\u00fdch tesnen\u00ed alebo po\u0161koden\u00fdch komponentov. Identifik\u00e1cia zdroja \u00faniku je nevyhnutn\u00e1, preto\u017ee m\u00f4\u017ee vies\u0165 k strate hydraulick\u00e9ho tlaku a neefekt\u00edvnej prev\u00e1dzke. Pravideln\u00e9 kontroly m\u00f4\u017eu pom\u00f4c\u0165 v\u010das odhali\u0165 \u00faniky.<\/p>\n<\/li>\n<li>\n<h3>Nekonzistentn\u00fd v\u00fdkon<\/h3>\n<p>Ak sa valec ramena pohybuje nepravidelne alebo je tlak nekonzistentn\u00fd, m\u00f4\u017ee to znamena\u0165 vzduch zachyten\u00fd v hydraulickom syst\u00e9me, n\u00edzku hladinu kvapal\u00edn alebo kontamin\u00e1ciu. Odvzdu\u0161nenie syst\u00e9mu alebo kontrola hladiny kvapal\u00edn m\u00f4\u017eu tieto probl\u00e9my \u010dasto vyrie\u0161i\u0165.<\/p>\n<\/li>\n<li>\n<h3>Poruchy tesnenia<\/h3>\n<p>Chybn\u00e9 tesnenia m\u00f4\u017eu sp\u00f4sobi\u0165 zna\u010dn\u00e9 probl\u00e9my s v\u00fdkonom. Pravideln\u00e9 monitorovanie a v\u010dasn\u00e1 v\u00fdmena tesnen\u00ed m\u00f4\u017ee zabr\u00e1ni\u0165 \u00faniku hydraulickej kvapaliny a zabezpe\u010di\u0165 efekt\u00edvnu prev\u00e1dzku syst\u00e9mu.<\/p>\n<\/li>\n<\/ul>\n<p>Rie\u0161enie t\u00fdchto be\u017en\u00fdch probl\u00e9mov m\u00f4\u017ee v\u00fdrazne pred\u013a\u017ei\u0165 prev\u00e1dzkov\u00fa \u017eivotnos\u0165 valca ramena. Prevent\u00edvne opatrenia, ako je pravideln\u00e1 \u00fadr\u017eba a kontroly, m\u00f4\u017eu minimalizova\u0165 potenci\u00e1lne probl\u00e9my a zabezpe\u010di\u0165 bezprobl\u00e9mov\u00fa prev\u00e1dzku.<\/p>\n<p><img decoding=\"async\" src=\"https:\/\/www.hydraulic-cylinders.net\/wp-content\/uploads\/2025\/04\/songte-bushings-with-all-kinds-of-excavator-models.webp\" alt=\"Puzdro valca\" \/><\/p>\n<h2>O na\u0161ej spolo\u010dnosti<\/h2>\n<p>Sme v\u00fdrobcovia \u0161pecializuj\u00faci sa na v\u00fdrobu hydraulick\u00fdch valcov a pon\u00fakame \u0161irok\u00fd sortiment produktov, v\u010faka ktor\u00fdm sme sa etablovali ako popredn\u00fd dod\u00e1vate\u013e na dom\u00e1com aj medzin\u00e1rodnom trhu. N\u00e1\u0161 z\u00e1v\u00e4zok k excelentnosti a dodr\u017eiavanie strat\u00e9gie presnej v\u00fdroby n\u00e1m umo\u017e\u0148uje neust\u00e1le zlep\u0161ova\u0165 na\u0161e v\u00fdrobn\u00e9 kapacity.<\/p>\n<p>So zameran\u00edm na kvalitu vyu\u017e\u00edvame kvalifikovan\u00fdch technikov, pokro\u010dil\u00e9 digit\u00e1lne v\u00fdrobn\u00e9 zariadenia a profesion\u00e1lne testovacie syst\u00e9my na pozdvihnutie na\u0161ej v\u00fdrobnej platformy. Na\u0161e robustn\u00e9 kreat\u00edvne schopnosti n\u00e1m umo\u017e\u0148uj\u00fa efekt\u00edvne uspokojova\u0165 rozmanit\u00e9 potreby klientov s vysokou presnos\u0165ou a kvalitou.<\/p>\n<p><img decoding=\"async\" src=\"https:\/\/www.hydraulic-cylinders.net\/wp-content\/uploads\/2025\/04\/songte-company-4.webp\" alt=\"V\u00fdroba spolo\u010dnosti\" \/><br \/>\n<img decoding=\"async\" src=\"https:\/\/www.hydraulic-cylinders.net\/wp-content\/uploads\/2025\/04\/songte-company-3.webp\" alt=\"Preh\u013ead spolo\u010dnosti\" \/><\/p>\n<h3>Na\u0161a odbornos\u0165<\/h3>\n<ul>\n<li>\n<h3>Profesionalita<\/h3>\n<p>N\u00e1\u0161 t\u00edm sa sklad\u00e1 z odborn\u00edkov na hydraulick\u00e9 syst\u00e9my, \u010do zabezpe\u010duje, aby na\u0161e produkty sp\u013a\u0148ali najvy\u0161\u0161ie priemyseln\u00e9 \u0161tandardy.<\/p>\n<\/li>\n<li>\n<h3>Medzin\u00e1rodn\u00e9 certifik\u00e1cie<\/h3>\n<p>Vlastn\u00edme r\u00f4zne medzin\u00e1rodn\u00e9 certifik\u00e1ty, ktor\u00e9 potvrdzuj\u00fa n\u00e1\u0161 z\u00e1v\u00e4zok ku kvalite a bezpe\u010dnosti vo v\u00fdrobe.<\/p>\n<\/li>\n<li>\n<h3>Z\u00e1kazn\u00edcke slu\u017eby<\/h3>\n<p>Pon\u00fakame rie\u0161enia \u0161it\u00e9 na mieru, ktor\u00e9 sp\u013a\u0148aj\u00fa \u0161pecifick\u00e9 po\u017eiadavky klientov a zabezpe\u010duj\u00fa optim\u00e1lny v\u00fdkon v r\u00f4znych aplik\u00e1ci\u00e1ch.<\/p>\n<\/li>\n<li>\n<h3>Pokro\u010dil\u00e9 v\u00fdrobn\u00e9 zariadenia<\/h3>\n<p>Na\u0161e najmodernej\u0161ie v\u00fdrobn\u00e9 zariadenia vyu\u017e\u00edvaj\u00fa najmodernej\u0161ie technol\u00f3gie na v\u00fdrobu vysoko kvalitn\u00fdch hydraulick\u00fdch valcov.<\/p>\n<\/li>\n<li>\n<h3>Popredajn\u00e1 podpora<\/h3>\n<p>Poskytujeme komplexn\u00e9 popredajn\u00e9 slu\u017eby vr\u00e1tane podpory a \u00fadr\u017eby, aby sme zabezpe\u010dili spokojnos\u0165 z\u00e1kazn\u00edkov.<\/p>\n<\/li>\n<\/ul>\n<p>Autor: lyl<\/p>","protected":false},"excerpt":{"rendered":"<p>Boom Cylinder For Xinyuan Crawler Excavator XY60-8 Product Overview The Boom Cylinder for the Xinyuan Crawler Excavator XY60-8 is a crucial component in hydraulic systems designed for heavy machinery. This hydraulic cylinder is specifically engineered to control the movement of the bucket in various heavy-duty equipment, such as excavators, backhoe loaders, and front loaders. By [&hellip;]<\/p>","protected":false},"featured_media":17872,"comment_status":"open","ping_status":"closed","template":"","meta":{"_et_pb_use_builder":"","_et_pb_old_content":"","_et_gb_content_width":""},"product_brand":[],"product_cat":[1546],"product_tag":[1547,1496],"class_list":{"0":"post-19594","1":"product","2":"type-product","3":"status-publish","4":"has-post-thumbnail","6":"product_cat-boom-cylinders","7":"product_tag-boom-cylinders","8":"product_tag-hydraulic-cylinders","10":"first","11":"instock","12":"shipping-taxable","13":"product-type-simple"},"amp_enabled":true,"_links":{"self":[{"href":"https:\/\/www.hydraulic-cylinders.net\/sk\/wp-json\/wp\/v2\/product\/19594","targetHints":{"allow":["GET"]}}],"collection":[{"href":"https:\/\/www.hydraulic-cylinders.net\/sk\/wp-json\/wp\/v2\/product"}],"about":[{"href":"https:\/\/www.hydraulic-cylinders.net\/sk\/wp-json\/wp\/v2\/types\/product"}],"replies":[{"embeddable":true,"href":"https:\/\/www.hydraulic-cylinders.net\/sk\/wp-json\/wp\/v2\/comments?post=19594"}],"wp:featuredmedia":[{"embeddable":true,"href":"https:\/\/www.hydraulic-cylinders.net\/sk\/wp-json\/wp\/v2\/media\/17872"}],"wp:attachment":[{"href":"https:\/\/www.hydraulic-cylinders.net\/sk\/wp-json\/wp\/v2\/media?parent=19594"}],"wp:term":[{"taxonomy":"product_brand","embeddable":true,"href":"https:\/\/www.hydraulic-cylinders.net\/sk\/wp-json\/wp\/v2\/product_brand?post=19594"},{"taxonomy":"product_cat","embeddable":true,"href":"https:\/\/www.hydraulic-cylinders.net\/sk\/wp-json\/wp\/v2\/product_cat?post=19594"},{"taxonomy":"product_tag","embeddable":true,"href":"https:\/\/www.hydraulic-cylinders.net\/sk\/wp-json\/wp\/v2\/product_tag?post=19594"}],"curies":[{"name":"pracovn\u00fd list","href":"https:\/\/api.w.org\/{rel}","templated":true}]}}