{"id":19595,"date":"2025-04-07T06:56:28","date_gmt":"2025-04-07T06:56:28","guid":{"rendered":"https:\/\/www.hydraulic-cylinders.net\/product\/boom-cylinder-for-xinyuan-crawler-excavator-xy90\/"},"modified":"2025-04-07T06:56:30","modified_gmt":"2025-04-07T06:56:30","slug":"boom-cylinder-for-xinyuan-crawler-excavator-xy90","status":"publish","type":"product","link":"https:\/\/www.hydraulic-cylinders.net\/sk\/produkt\/boom-cylinder-for-xinyuan-crawler-excavator-xy90\/","title":{"rendered":"Valec v\u00fdlo\u017en\u00edka pre p\u00e1sov\u00e9 r\u00fdpadlo Xinyuan XY90"},"content":{"rendered":"<h1>Valec v\u00fdlo\u017en\u00edka pre p\u00e1sov\u00e9 r\u00fdpadlo Xinyuan XY90<\/h1>\n<h2>Preh\u013ead produktu<\/h2>\n<p>Valec v\u00fdlo\u017en\u00edka pre p\u00e1sov\u00e9 r\u00fdpadlo Xinyuan XY90 je d\u00f4le\u017eit\u00fdm komponentom ur\u010den\u00fdm na zv\u00fd\u0161enie prev\u00e1dzkovej efekt\u00edvnosti \u0165a\u017ek\u00fdch strojov. Tieto valce s\u00fa \u0161peci\u00e1lne navrhnut\u00e9 na ovl\u00e1danie pohybu r\u00f4znych pr\u00edslu\u0161enstiev, ako s\u00fa ly\u017eice, na r\u00fdpadl\u00e1ch, r\u00fdpadlo-naklada\u010doch a \u010deln\u00fdch naklada\u010doch. Umo\u017enen\u00edm zdv\u00edhania, sp\u00fa\u0161\u0165ania a nakl\u00e1\u0148ania v\u00fdlo\u017en\u00edka tieto valce efekt\u00edvne u\u013eah\u010duj\u00fa \u00falohy manipul\u00e1cie s materi\u00e1lom.<\/p>\n<p><img decoding=\"async\" src=\"https:\/\/www.hydraulic-cylinders.net\/wp-content\/uploads\/2025\/04\/songte-company-1.webp\" alt=\"Valec v\u00fdlo\u017en\u00edka pre bager\" \/><\/p>\n<h3>Pochopenie valcov vedra<\/h3>\n<p>Hydraulick\u00e9 valce lopaty s\u00fa hydraulick\u00e9 valce, ktor\u00e9 zohr\u00e1vaj\u00fa k\u013e\u00fa\u010dov\u00fa \u00falohu v hydraulick\u00fdch syst\u00e9moch stavebn\u00fdch strojov. Umo\u017e\u0148uj\u00fa presn\u00fd pohyb lopaty, \u010do umo\u017e\u0148uje obsluhe \u013eahko vykop\u00e1va\u0165, zdv\u00edha\u0165 a prepravova\u0165 materi\u00e1ly. Tieto valce s\u00fa vyroben\u00e9 z odoln\u00fdch materi\u00e1lov a zais\u0165uj\u00fa spo\u013eahlivos\u0165 a \u00fa\u010dinnos\u0165 v n\u00e1ro\u010dn\u00fdch podmienkach, v\u010faka \u010domu s\u00fa nevyhnutn\u00e9 pre ak\u00e9ko\u013evek v\u00fdkopov\u00e9 pr\u00e1ce.<\/p>\n<h2>Vlastnosti valca v\u00fdlo\u017en\u00edka<\/h2>\n<ul>\n<li><strong>Vysok\u00e1 pevnos\u0165 a odolnos\u0165:<\/strong> Tieto valce s\u00fa vyroben\u00e9 z vysokopevnostnej ocele alebo hlin\u00edka, odol\u00e1vaj\u00fa vysok\u00e9mu tlaku a \u0165a\u017ek\u00fdm za\u0165a\u017eeniam a s\u00fa navrhnut\u00e9 tak, aby vynikali v n\u00e1ro\u010dn\u00fdch podmienkach, pri\u010dom ber\u00fa do \u00favahy odolnos\u0165 proti opotrebovaniu a ochranu proti kor\u00f3zii pre dlh\u0161iu \u017eivotnos\u0165.<\/li>\n<li><strong>Efekt\u00edvna hydraulick\u00e1 prev\u00e1dzka:<\/strong> V\u010faka hydraulick\u00e9mu tlaku oleja pre plynul\u00e9 vys\u00favanie a zas\u00favanie pon\u00faka valec v\u00fdlo\u017en\u00edka r\u00fdchlu odozvu na ovl\u00e1dacie povely a poskytuje zna\u010dn\u00fa tla\u010dn\u00fa a \u0165a\u017en\u00fa silu, ide\u00e1lnu pre \u0165a\u017ek\u00e9 zdv\u00edhanie a zlo\u017eit\u00e9 \u00falohy.<\/li>\n<li><strong>R\u00f4zne typy:<\/strong> K dispoz\u00edcii s\u00fa jedno\u010dinn\u00e9 valce (vyu\u017e\u00edvaj\u00face hydraulick\u00fa silu v jednom smere) alebo dvoj\u010dinn\u00e9 valce (vyu\u017e\u00edvaj\u00face hydraulick\u00fa silu v oboch smeroch), ktor\u00e9 sp\u013a\u0148aj\u00fa r\u00f4zne prev\u00e1dzkov\u00e9 potreby. Niektor\u00e9 modely s\u00fa teleskopick\u00e9, \u010do umo\u017e\u0148uje v\u00e4\u010d\u0161ie vysunutie bez zv\u00e4\u010d\u0161enia vonkaj\u0161\u00edch rozmerov, a s\u00fa ide\u00e1lne pre aplik\u00e1cie s obmedzen\u00fdm priestorom.<\/li>\n<\/ul>\n<p>Vyr\u00e1bame vysoko kvalitn\u00e9 hydraulick\u00e9 valce v\u00fdlo\u017en\u00edka, ktor\u00e9 dok\u00e1\u017eu dokonale nahradi\u0165 existuj\u00face hydraulick\u00e9 valce, \u010d\u00edm zabezpe\u010dujeme bezprobl\u00e9mov\u00fa integr\u00e1ciu a v\u00fdkon.<\/p>\n<p><img decoding=\"async\" src=\"https:\/\/www.hydraulic-cylinders.net\/wp-content\/uploads\/2025\/04\/songte-cylinder-head-with-all-kinds-excavator-models.webp\" alt=\"V\u00fdmena hydraulick\u00e9ho valca\" \/><\/p>\n<h2>Aplik\u00e1cie valca v\u00fdlo\u017en\u00edka<\/h2>\n<h3>Stavebn\u00e9 stroje<\/h3>\n<p>V r\u00fdpadl\u00e1ch je valec v\u00fdlo\u017en\u00edka nevyhnutn\u00fd na kopanie, nakladanie a premiest\u0148ovanie zeminy alebo sutiny. Umo\u017e\u0148uje oper\u00e1torom efekt\u00edvne vykon\u00e1va\u0165 \u00falohy, \u010di u\u017e ide o v\u00fdkopov\u00e9 pr\u00e1ce alebo pr\u00edpravu staveniska.<\/p>\n<h3>Po\u013enohospod\u00e1rske stroje<\/h3>\n<p>V \u010deln\u00fdch naklada\u010doch pom\u00e1haj\u00fa valce v\u00fdlo\u017en\u00edka pri naberan\u00ed, zdv\u00edhan\u00ed a preprave p\u00f4dy, sena a in\u00fdch materi\u00e1lov, \u010d\u00edm zohr\u00e1vaj\u00fa k\u013e\u00fa\u010dov\u00fa \u00falohu pri zvy\u0161ovan\u00ed produktivity na farm\u00e1ch.<\/p>\n<h3>R\u00fdpadl\u00e1<\/h3>\n<p>Valec ly\u017eice umo\u017e\u0148uje ly\u017eici r\u00fdpadla efekt\u00edvne prenika\u0165 do p\u00f4dy, \u010d\u00edm sa v\u00fdkopov\u00e9 pr\u00e1ce st\u00e1vaj\u00fa plynulej\u0161\u00edmi a efekt\u00edvnej\u0161\u00edmi.<\/p>\n<h3>Naklada\u010de<\/h3>\n<p>V \u010deln\u00fdch naklada\u010doch u\u013eah\u010duj\u00fa valce v\u00fdlo\u017en\u00edka zdv\u00edhanie a vykladanie bremien, \u010d\u00edm zabezpe\u010duj\u00fa efekt\u00edvnu manipul\u00e1ciu s materi\u00e1lom a prev\u00e1dzkov\u00fa efektivitu.<\/p>\n<h2>\u00davahy o dizajne a krit\u00e9ri\u00e1 v\u00fdberu<\/h2>\n<h3>Nosnos\u0165<\/h3>\n<p>V\u00fdber valca v\u00fdlo\u017en\u00edka si vy\u017eaduje starostliv\u00e9 zv\u00e1\u017eenie jeho nosnosti. Mus\u00ed zodpoveda\u0165 prev\u00e1dzkov\u00fdm po\u017eiadavk\u00e1m r\u00fdpadla, aby sa zabezpe\u010dil bezpe\u010dn\u00fd a efekt\u00edvny v\u00fdkon. Nosnos\u0165 je ur\u010den\u00e1 priemerom a materi\u00e1lom valca, ako aj jeho kon\u0161truk\u010dn\u00fdmi \u0161pecifik\u00e1ciami.<\/p>\n<h3>Tesnenie<\/h3>\n<p>\u00da\u010dinn\u00e9 tesnenie je pre hydraulick\u00e9 valce k\u013e\u00fa\u010dov\u00e9, preto\u017ee zabra\u0148uje \u00fanikom a udr\u017eiava tlak. Vysokokvalitn\u00e9 tesnenia vyroben\u00e9 z materi\u00e1lov, ako je polyuret\u00e1n alebo nitrilov\u00e1 guma, s\u00fa nevyhnutn\u00e9 pre zabezpe\u010denie dlhej \u017eivotnosti a v\u00fdkonu, preto\u017ee odol\u00e1vaj\u00fa n\u00e1ro\u010dn\u00fdm podmienkam a opotrebovaniu.<\/p>\n<h3>Trvanlivos\u0165<\/h3>\n<p>Trvanlivos\u0165 je k\u013e\u00fa\u010dov\u00fdm faktorom pri kon\u0161trukcii hydraulick\u00fdch valcov. Musia by\u0165 schopn\u00e9 odola\u0165 nielen prev\u00e1dzkov\u00e9mu za\u0165a\u017eeniu, ale aj podmienkam prostredia, ktor\u00fdm bud\u00fa \u010deli\u0165, ako s\u00fa teplotn\u00e9 v\u00fdkyvy a vystavenie kontaminantom. Vhodn\u00e9 materi\u00e1ly a ochrann\u00e9 n\u00e1tery m\u00f4\u017eu v\u00fdrazne zv\u00fd\u0161i\u0165 trvanlivos\u0165.<\/p>\n<h3>Bezpe\u010dnos\u0165<\/h3>\n<p>Bezpe\u010dnostn\u00e9 prvky pri kon\u0161trukcii valcov v\u00fdlo\u017en\u00edka s\u00fa prvorad\u00e9. Patria sem poistn\u00e9 ventily, ktor\u00e9 zabra\u0148uj\u00fa pretlaku, a mechanizmy, ktor\u00e9 zabezpe\u010duj\u00fa stabilitu po\u010das prev\u00e1dzky. Spr\u00e1vne bezpe\u010dnostn\u00e9 opatrenia zni\u017euj\u00fa riziko neh\u00f4d a por\u00fach zariaden\u00ed.<\/p>\n<h3>Udr\u017eiavate\u013enos\u0165<\/h3>\n<p>Navrhovanie s oh\u013eadom na \u00fadr\u017ebu zabezpe\u010duje jednoduch\u00fa \u00fadr\u017ebu valcov. To zah\u0155\u0148a pr\u00edstupnos\u0165 pre kontroly, mazacie body a mo\u017enos\u0165 v\u00fdmeny tesnen\u00ed a in\u00fdch komponentov bez v\u00fdrazn\u00fdch prestojov.<\/p>\n<p><img decoding=\"async\" src=\"https:\/\/www.hydraulic-cylinders.net\/wp-content\/uploads\/2025\/04\/songte-oil-pipes-and-spare-parts.webp\" alt=\"\u010casti hydraulick\u00e9ho valca\" \/><\/p>\n<h2>Tesnenie a mazanie<\/h2>\n<p>Hydraulick\u00e9 valce vyu\u017e\u00edvaj\u00fa r\u00f4zne met\u00f3dy tesnenia na udr\u017eanie tlaku a zabr\u00e1nenie \u00faniku kvapaliny. V tomto procese zohr\u00e1vaj\u00fa k\u013e\u00fa\u010dov\u00fa \u00falohu komponenty, ako s\u00fa tesnenia piestov a ty\u010d\u00ed. Tesnenia vyroben\u00e9 z odoln\u00fdch materi\u00e1lov, ako je polyuret\u00e1n a nitrilov\u00fd kau\u010duk, zabezpe\u010duj\u00fa dlh\u00fa \u017eivotnos\u0165 a \u00fa\u010dinn\u00e9 tesnenie pod tlakom. Okrem toho je povrch tela valca a z\u00e1vitov\u00fdch koncov jemne opracovan\u00fd, aby sa zv\u00fd\u0161ila odolnos\u0165 proti opotrebovaniu.<\/p>\n<p>Pravideln\u00e9 mazanie je nevyhnutn\u00e9 pre optim\u00e1lny v\u00fdkon. Hydraulick\u00fd olej je potrebn\u00e9 pravidelne dop\u013a\u0148a\u0165, aby sa vn\u00fatorn\u00e9 komponenty udr\u017eiavali mazan\u00e9, \u010d\u00edm sa predch\u00e1dza opotrebovaniu a zabezpe\u010duje sa plynul\u00e1 prev\u00e1dzka. Spr\u00e1vne mazanie tie\u017e zni\u017euje trenie, \u010d\u00edm sa zvy\u0161uje \u00fa\u010dinnos\u0165 a \u017eivotnos\u0165 hydraulick\u00e9ho syst\u00e9mu.<\/p>\n<h2>Opatrenia prevent\u00edvnej \u00fadr\u017eby<\/h2>\n<ul>\n<li><strong>Pravideln\u00e9 kontroly:<\/strong> Vykon\u00e1vanie pravideln\u00fdch kontrol hydraulick\u00e9ho syst\u00e9mu pom\u00e1ha v\u010das identifikova\u0165 potenci\u00e1lne probl\u00e9my. Skontrolujte netesnosti, opotrebovanie a spr\u00e1vnu funkciu valca.<\/li>\n<li><strong>Spr\u00e1vne mazanie:<\/strong> Uistite sa, \u017ee valce s\u00fa dostato\u010dne namazan\u00e9 pod\u013ea odpor\u00fa\u010dan\u00ed v\u00fdrobcu. To pom\u00e1ha minimalizova\u0165 opotrebovanie vn\u00fatorn\u00fdch komponentov.<\/li>\n<li><strong>V\u00fdmena tesnenia:<\/strong> Pravidelne kontrolujte tesnenia, \u010di nevykazuj\u00fa zn\u00e1mky opotrebovania alebo po\u0161kodenia. V\u010dasn\u00e1 v\u00fdmena m\u00f4\u017ee zabr\u00e1ni\u0165 \u00fanikom a udr\u017ea\u0165 \u00fa\u010dinnos\u0165 syst\u00e9mu.<\/li>\n<\/ul>\n<h2>Pokyny na in\u0161tal\u00e1ciu<\/h2>\n<p>Spr\u00e1vna in\u0161tal\u00e1cia valca ramena je k\u013e\u00fa\u010dov\u00e1 pre optim\u00e1lny v\u00fdkon. Za\u010dnite t\u00fdm, \u017ee sa uist\u00edte, \u017ee mont\u00e1\u017ene povrchy s\u00fa \u010dist\u00e9 a bez ne\u010dist\u00f4t. Spr\u00e1vne zarovnajte valec so zariaden\u00edm, aby ste predi\u0161li probl\u00e9mom s nespr\u00e1vnym zarovnan\u00edm, ktor\u00e9 by mohli vies\u0165 k pred\u010dasn\u00e9mu opotrebovaniu alebo poruche.<\/p>\n<p>Na upevnenie valca pou\u017eite vhodn\u00e9 mont\u00e1\u017ene konzoly. Uistite sa, \u017ee hydraulick\u00e9 potrubia s\u00fa spr\u00e1vne pripojen\u00e9 a \u017ee v\u0161etky spoje s\u00fa pevne upevnen\u00e9. Po in\u0161tal\u00e1cii vykonajte d\u00f4kladn\u00fa kontrolu, aby ste sa uistili, \u017ee valec funguje hladko, bez ak\u00fdchko\u013evek prek\u00e1\u017eok alebo netesnost\u00ed.<\/p>\n<h2>Be\u017en\u00e9 \u00falohy \u00fadr\u017eby<\/h2>\n<ul>\n<li><strong>Pravideln\u00e9 kontroly:<\/strong> \u010cast\u00e9 kontroly pom\u00e1haj\u00fa odhali\u0165 probl\u00e9my sk\u00f4r, ako sa vyhrotia. H\u013eadajte zn\u00e1mky opotrebovania, netesnost\u00ed a uistite sa, \u017ee v\u0161etky komponenty funguj\u00fa spr\u00e1vne.<\/li>\n<li><strong>Spr\u00e1vne mazanie:<\/strong> Dodr\u017eiavajte mazacie pl\u00e1ny, aby ste zabezpe\u010dili plynul\u00fd chod a predi\u0161li pred\u010dasn\u00e9mu opotrebovaniu. Pou\u017e\u00edvajte odpor\u00fa\u010dan\u00fd hydraulick\u00fd olej a dodr\u017eiavajte pokyny t\u00fdkaj\u00face sa intervalov dop\u013a\u0148ania.<\/li>\n<li><strong>V\u00fdmena tesnenia:<\/strong> Sledujte tesnenia, \u010di nevykazuj\u00fa zn\u00e1mky opotrebovania, a pod\u013ea potreby ich vyme\u0148te. To je nevyhnutn\u00e9 na zachovanie integrity hydraulick\u00e9ho syst\u00e9mu a zabr\u00e1nenie \u00fanikom.<\/li>\n<\/ul>\n<p>Spr\u00e1vne zarovnanie po\u010das in\u0161tal\u00e1cie je nevyhnutn\u00e9, aby sa predi\u0161lo nadmern\u00e9mu nam\u00e1haniu valca. Na upevnenie valca pou\u017eite vhodn\u00e9 dr\u017eiaky, aby ste zabezpe\u010dili jeho prev\u00e1dzku v r\u00e1mci kon\u0161truk\u010dn\u00fdch \u0161pecifik\u00e1ci\u00ed. Pravideln\u00e9 kontroly zarovnania a kalibr\u00e1cie pred\u013a\u017eia \u017eivotnos\u0165 valca.<\/p>\n<p><img decoding=\"async\" src=\"https:\/\/www.hydraulic-cylinders.net\/wp-content\/uploads\/2025\/04\/songte-chushion-collar.webp\" alt=\"Vank\u00fa\u0161ov\u00fd golier\" \/><\/p>\n<h2>Bezpe\u010dnostn\u00e9 aspekty a faktory prostredia<\/h2>\n<p>Pri pr\u00e1ci s hydraulick\u00fdmi valcami je nevyhnutn\u00e9 pochopenie bezpe\u010dnostn\u00fdch opatren\u00ed. Obsluha by mala v\u017edy nosi\u0165 vhodn\u00e9 osobn\u00e9 ochrann\u00e9 prostriedky (OOP) a zabezpe\u010di\u0165 dodr\u017eiavanie v\u0161etk\u00fdch bezpe\u010dnostn\u00fdch protokolov. Spr\u00e1vne \u0161kolenie o pou\u017e\u00edvan\u00ed hydraulick\u00fdch syst\u00e9mov zni\u017euje riziko neh\u00f4d a zlep\u0161uje celkov\u00fa bezpe\u010dnos\u0165 na pracovisku.<\/p>\n<h2>Diagnostika por\u00fach a be\u017en\u00e9 probl\u00e9my<\/h2>\n<ul>\n<li><strong>\u00danik:<\/strong> Jedn\u00fdm z naj\u010dastej\u0161\u00edch probl\u00e9mov je \u00fanik hydraulickej kvapaliny, ktor\u00fd m\u00f4\u017ee by\u0165 sp\u00f4soben\u00fd opotrebovan\u00fdmi tesneniami alebo po\u0161koden\u00fdmi armat\u00farami. Pravideln\u00e9 kontroly pom\u00e1haj\u00fa v\u010das identifikova\u0165 a rie\u0161i\u0165 tieto probl\u00e9my.<\/li>\n<li><strong>Pomal\u00e1 odozva:<\/strong> Ak valec reaguje pomaly, m\u00f4\u017ee to znamena\u0165 probl\u00e9m s hydraulick\u00fdm syst\u00e9mom, ako je napr\u00edklad n\u00edzka hladina kvapaliny alebo porucha \u010derpadla.<\/li>\n<li><strong>Nadmern\u00e9 opotrebovanie:<\/strong> Neobvykl\u00e9 vzorce opotrebovania m\u00f4\u017eu nazna\u010dova\u0165 nespr\u00e1vne zarovnanie, nespr\u00e1vne mazanie alebo nadmern\u00e9 za\u0165a\u017eenie. Pravideln\u00e1 \u00fadr\u017eba pom\u00e1ha monitorova\u0165 a upravova\u0165 tieto faktory.<\/li>\n<\/ul>\n<h2>Tipy na rie\u0161enie probl\u00e9mov<\/h2>\n<p>Pre efekt\u00edvnu diagnostiku a rie\u0161enie probl\u00e9mov s hydraulick\u00fdm syst\u00e9mom za\u010dnite kontrolou hladiny kvapal\u00edn a kontrolou netesnost\u00ed. Uistite sa, \u017ee v\u0161etky spoje s\u00fa tesn\u00e9 a tesnenia v dobrom stave. Pravideln\u00e1 \u00fadr\u017eba m\u00f4\u017ee v\u00fdrazne zn\u00ed\u017ei\u0165 v\u00fdskyt t\u00fdchto probl\u00e9mov.<\/p>\n<p>Zav\u00e1dzanie prevent\u00edvnych opatren\u00ed, ako je dodr\u017eiavanie pl\u00e1nov \u00fadr\u017eby a v\u00fdmena opotrebovan\u00fdch dielov, pom\u00e1ha minimalizova\u0165 potenci\u00e1lne probl\u00e9my a predl\u017euje \u017eivotnos\u0165 hydraulick\u00e9ho syst\u00e9mu.<\/p>\n<p><img decoding=\"async\" src=\"https:\/\/www.hydraulic-cylinders.net\/wp-content\/uploads\/2025\/04\/songte-bushings-with-all-kinds-of-excavator-models.webp\" alt=\"Modely bagrov\" \/><\/p>\n<h2>Preh\u013ead spolo\u010dnosti<\/h2>\n<p>Sme popredn\u00fdm v\u00fdrobcom a ve\u013ekoobchodn\u00edkom hydraulick\u00fdch valcov, \u0161pecializuj\u00facim sa na vysokokvalitn\u00e9 n\u00e1hradn\u00e9 diely. N\u00e1\u0161 komplexn\u00fd sortiment produktov n\u00e1s etabloval ako k\u013e\u00fa\u010dov\u00e9ho hr\u00e1\u010da na dom\u00e1com aj medzin\u00e1rodnom trhu. Dodr\u017eiavame strat\u00e9giu excelentnosti, vyu\u017e\u00edvame zdokonalen\u00e9 v\u00fdrobn\u00e9 procesy a najmodernej\u0161ie technol\u00f3gie na zlep\u0161enie na\u0161ich v\u00fdrobn\u00fdch kapac\u00edt.<\/p>\n<p>Na\u0161e zameranie na kvalitu je podporovan\u00e9 t\u00edmom kvalifikovan\u00fdch odborn\u00edkov, ktor\u00ed sa venuj\u00fa neust\u00e1lemu zlep\u0161ovaniu. Pon\u00fakame prisp\u00f4soben\u00e9 slu\u017eby, ktor\u00e9 sp\u013a\u0148aj\u00fa rozmanit\u00e9 potreby na\u0161ich klientov a zabezpe\u010duj\u00fa efekt\u00edvne rie\u0161enia prisp\u00f4soben\u00e9 \u0161pecifick\u00fdm aplik\u00e1ci\u00e1m.<\/p>\n<p><img decoding=\"async\" src=\"https:\/\/www.hydraulic-cylinders.net\/wp-content\/uploads\/2025\/04\/songte-company-4.webp\" alt=\"Preh\u013ead spolo\u010dnosti\" \/><br \/>\n<img decoding=\"async\" src=\"https:\/\/www.hydraulic-cylinders.net\/wp-content\/uploads\/2025\/04\/songte-company-3.webp\" alt=\"V\u00fdrobn\u00e9 zariadenie\" \/><\/p>\n<p>Autor: lyl<\/p>","protected":false},"excerpt":{"rendered":"<p>Boom Cylinder For Xinyuan Crawler Excavator XY90 Product Overview The Boom Cylinder for the Xinyuan Crawler Excavator XY90 is a vital component designed to enhance the operational efficiency of heavy machinery. These cylinders are specifically engineered to control the movement of various attachments, such as buckets, on excavators, backhoe loaders, and front loaders. By allowing [&hellip;]<\/p>","protected":false},"featured_media":17873,"comment_status":"open","ping_status":"closed","template":"","meta":{"_et_pb_use_builder":"","_et_pb_old_content":"","_et_gb_content_width":""},"product_brand":[],"product_cat":[1546],"product_tag":[1547,1496],"class_list":{"0":"post-19595","1":"product","2":"type-product","3":"status-publish","4":"has-post-thumbnail","6":"product_cat-boom-cylinders","7":"product_tag-boom-cylinders","8":"product_tag-hydraulic-cylinders","10":"first","11":"instock","12":"shipping-taxable","13":"product-type-simple"},"amp_enabled":true,"_links":{"self":[{"href":"https:\/\/www.hydraulic-cylinders.net\/sk\/wp-json\/wp\/v2\/product\/19595","targetHints":{"allow":["GET"]}}],"collection":[{"href":"https:\/\/www.hydraulic-cylinders.net\/sk\/wp-json\/wp\/v2\/product"}],"about":[{"href":"https:\/\/www.hydraulic-cylinders.net\/sk\/wp-json\/wp\/v2\/types\/product"}],"replies":[{"embeddable":true,"href":"https:\/\/www.hydraulic-cylinders.net\/sk\/wp-json\/wp\/v2\/comments?post=19595"}],"wp:featuredmedia":[{"embeddable":true,"href":"https:\/\/www.hydraulic-cylinders.net\/sk\/wp-json\/wp\/v2\/media\/17873"}],"wp:attachment":[{"href":"https:\/\/www.hydraulic-cylinders.net\/sk\/wp-json\/wp\/v2\/media?parent=19595"}],"wp:term":[{"taxonomy":"product_brand","embeddable":true,"href":"https:\/\/www.hydraulic-cylinders.net\/sk\/wp-json\/wp\/v2\/product_brand?post=19595"},{"taxonomy":"product_cat","embeddable":true,"href":"https:\/\/www.hydraulic-cylinders.net\/sk\/wp-json\/wp\/v2\/product_cat?post=19595"},{"taxonomy":"product_tag","embeddable":true,"href":"https:\/\/www.hydraulic-cylinders.net\/sk\/wp-json\/wp\/v2\/product_tag?post=19595"}],"curies":[{"name":"pracovn\u00fd list","href":"https:\/\/api.w.org\/{rel}","templated":true}]}}