{"id":19598,"date":"2025-04-07T06:56:35","date_gmt":"2025-04-07T06:56:35","guid":{"rendered":"https:\/\/www.hydraulic-cylinders.net\/product\/boom-cylinder-for-xinyuan-wheel-excavator-xy90\/"},"modified":"2025-04-07T06:56:41","modified_gmt":"2025-04-07T06:56:41","slug":"boom-cylinder-for-xinyuan-wheel-excavator-xy90","status":"publish","type":"product","link":"https:\/\/www.hydraulic-cylinders.net\/sk\/produkt\/boom-cylinder-for-xinyuan-wheel-excavator-xy90\/","title":{"rendered":"Valec v\u00fdlo\u017en\u00edka pre kolesov\u00e9 r\u00fdpadlo Xinyuan XY90"},"content":{"rendered":"<h1>Valec v\u00fdlo\u017en\u00edka pre kolesov\u00e9 r\u00fdpadlo Xinyuan XY90<\/h1>\n<h2>Preh\u013ead produktu<\/h2>\n<p>The Boom Cylinder for the Xinyuan Wheel Excavator XY90 is an essential hydraulic component designed to control the movement of the boom in excavators. This hydraulic cylinder plays a pivotal role in enabling the lifting, lowering, and tilting of the boom, which is fundamental for various material handling tasks in construction and excavation operations. The boom cylinder&#8217;s functionality allows for efficient digging, loading, and transporting of materials such as soil and debris.<\/p>\n<p>V hydraulick\u00fdch syst\u00e9moch funguje valec v\u00fdlo\u017en\u00edka tak, \u017ee vyu\u017e\u00edva tlakov\u00fa hydraulick\u00fa kvapalinu na vytvorenie pohybu. Hydraulick\u00fd syst\u00e9m umo\u017e\u0148uje plynul\u00e9 a v\u00fdkonn\u00e9 oper\u00e1cie, ktor\u00e9 s\u00fa k\u013e\u00fa\u010dov\u00e9 pre \u0165a\u017ek\u00e9 stroje. Valec ly\u017eice, \u0161pecializovan\u00fd typ hydraulick\u00e9ho valca, je \u0161peci\u00e1lne navrhnut\u00fd tak, aby odolal vysok\u00e9mu tlaku a \u0165a\u017ek\u00fdm za\u0165a\u017eeniam, \u010d\u00edm sa zabezpe\u010d\u00ed jeho optim\u00e1lny v\u00fdkon aj v n\u00e1ro\u010dn\u00fdch pracovn\u00fdch prostrediach.<\/p>\n<p><img decoding=\"async\" src=\"https:\/\/www.hydraulic-cylinders.net\/wp-content\/uploads\/2025\/04\/songte-company-1.webp\" alt=\"Valec v\u00fdlo\u017en\u00edka pre r\u00fdpadl\u00e1\"><\/p>\n<h2>Vlastnosti valca v\u00fdlo\u017en\u00edka<\/h2>\n<h3>1. Vysok\u00e1 pevnos\u0165 a odolnos\u0165<\/h3>\n<p>The boom cylinder is typically constructed from high-strength steel or aluminum. This ensures that it can endure high pressure and heavy loads while maintaining functionality in harsh working conditions. The design considers wear resistance and corrosion resistance, which extends the product&#8217;s lifespan significantly.<\/p>\n<h3>2. Efekt\u00edvna hydraulick\u00e1 prev\u00e1dzka<\/h3>\n<p>V\u010faka tlaku hydraulick\u00e9ho oleja dosahuje valec plynul\u00e9 a r\u00fdchle vys\u00favanie a zas\u00favanie. T\u00e1to r\u00fdchla reakcia na ovl\u00e1dacie povely poskytuje zna\u010dn\u00fa tla\u010dn\u00fa a \u0165a\u017en\u00fa silu, v\u010faka \u010domu je vhodn\u00fd na manipul\u00e1ciu s \u0165a\u017ek\u00fdmi predmetmi a vykon\u00e1vanie zlo\u017eit\u00fdch \u00faloh.<\/p>\n<h3>3. V\u0161estrann\u00e9 typy<\/h3>\n<p>The boom cylinder is available in various types, including single-acting (using hydraulic pressure in one direction) and double-acting (applying pressure in both directions) cylinders. This versatility meets different operational needs, with certain models featuring telescopic designs that allow for greater extension without increasing the cylinder&#8217;s external dimensions, ideal for space-constrained applications.<\/p>\n<h3>4. Z\u00e1kazkov\u00e1 v\u00fdroba<\/h3>\n<p>\u0160pecializujeme sa na v\u00fdrobu tohto produktu, \u010d\u00edm zabezpe\u010dujeme, \u017ee na\u0161e valce s\u00fa perfektnou n\u00e1hradou za existuj\u00face hydraulick\u00e9 valce v r\u00f4znych stroj\u00e1rskych aplik\u00e1ci\u00e1ch.<\/p>\n<p><img decoding=\"async\" src=\"https:\/\/www.hydraulic-cylinders.net\/wp-content\/uploads\/2025\/04\/songte-cylinder-head-with-all-kinds-excavator-models.webp\" alt=\"Hlava valcov bagra\"><\/p>\n<h3>5. V\u0161estrannos\u0165 pou\u017eitia<\/h3>\n<p>Na\u0161e valce v\u00fdlo\u017en\u00edka nach\u00e1dzaj\u00fa uplatnenie v mnoh\u00fdch odvetviach a poskytuj\u00fa k\u013e\u00fa\u010dov\u00fa podporu v r\u00f4znych strojoch:<\/p>\n<ul>\n<li><strong>Stavebn\u00e9 vybavenie:<\/strong> V r\u00fdpadl\u00e1ch je nevyhnutn\u00fd na kopanie, nakladanie a premiest\u0148ovanie zeminy alebo sutiny. Valec v\u00fdlo\u017en\u00edka pom\u00e1ha pri kopan\u00ed aj zdv\u00edhan\u00ed v r\u00fdpadlo-naklada\u010doch.<\/li>\n<li><strong>Po\u013enohospod\u00e1rske stroje:<\/strong> Pou\u017e\u00edva sa v \u010deln\u00fdch naklada\u010doch na efekt\u00edvne naberanie, zdv\u00edhanie a prepravu p\u00f4dy, sena a in\u00fdch materi\u00e1lov.<\/li>\n<li><strong>R\u00fdpadl\u00e1:<\/strong> Valec v\u00fdlo\u017en\u00edka umo\u017e\u0148uje kopanie t\u00fdm, \u017ee umo\u017e\u0148uje ly\u017eici efekt\u00edvne prenikn\u00fa\u0165 do zeme.<\/li>\n<li><strong>Naklada\u010de:<\/strong> V \u010deln\u00fdch naklada\u010doch tieto valce u\u013eah\u010duj\u00fa zdv\u00edhanie a vykladanie materi\u00e1lov, \u010d\u00edm zvy\u0161uj\u00fa produktivitu pri r\u00f4znych \u00faloh\u00e1ch.<\/li>\n<\/ul>\n<h2>\u00davahy o dizajne a krit\u00e9ri\u00e1 v\u00fdberu<\/h2>\n<h3>1. Nosnos\u0165<\/h3>\n<p>Nosnos\u0165 valca v\u00fdlo\u017en\u00edka je kritick\u00fdm kon\u0161truk\u010dn\u00fdm faktorom. Mus\u00ed by\u0165 schopn\u00fd zvl\u00e1dnu\u0165 maxim\u00e1lne za\u0165a\u017eenie, s ktor\u00fdm sa stret\u00e1vame po\u010das prev\u00e1dzky. In\u017einieri vypo\u010d\u00edtavaj\u00fa po\u017eadovan\u00fa nosnos\u0165 na z\u00e1klade konkr\u00e9tnej aplik\u00e1cie, aby zabezpe\u010dili, \u017ee valec m\u00f4\u017ee efekt\u00edvne fungova\u0165 za r\u00f4znych podmienok bez rizika poruchy.<\/p>\n<h3>2. Tesnenie<\/h3>\n<p>\u00da\u010dinn\u00e9 tesnenie je nevyhnutn\u00e9 na zabr\u00e1nenie \u00faniku hydraulickej kvapaliny. Vysokokvalitn\u00e9 tesnenia, ako s\u00fa tesnenia piestov a ty\u010d\u00ed, sa vyberaj\u00fa tak, aby zabezpe\u010dili v\u00fdkon a dlh\u00fa \u017eivotnos\u0165. Materi\u00e1ly ako polyuret\u00e1n a nitrilov\u00e1 guma s\u00fa be\u017enou vo\u013ebou kv\u00f4li ich odolnosti vo\u010di opotrebovaniu a kompatibilite s hydraulick\u00fdmi kvapalinami.<\/p>\n<h3>3. Trvanlivos\u0165<\/h3>\n<p>Pri kon\u0161trukcii valcov v\u00fdlo\u017en\u00edka je prvorad\u00e1 odolnos\u0165. Musia odol\u00e1va\u0165 n\u00e1ro\u010dn\u00e9mu prostrediu a opakovan\u00fdm cyklom bez degrad\u00e1cie. Materi\u00e1ly pou\u017eit\u00e9 pri kon\u0161trukcii a ochrann\u00e9 n\u00e1tery nanesen\u00e9 na povrchy valcov v\u00fdznamne prispievaj\u00fa k ich celkovej odolnosti.<\/p>\n<h3>4. Bezpe\u010dnostn\u00e9 prvky<\/h3>\n<p>Bezpe\u010dnos\u0165 je pri navrhovan\u00ed hydraulick\u00fdch valcov k\u013e\u00fa\u010dov\u00fdm faktorom. Na zv\u00fd\u0161enie bezpe\u010dnosti po\u010das prev\u00e1dzky a prevenciu potenci\u00e1lnych nebezpe\u010denstiev spojen\u00fdch s hydraulick\u00fdmi poruchami s\u00fa zabudovan\u00e9 prvky, ako s\u00fa pretlakov\u00e9 ventily a mechanizmy ochrany proti prasknutiu.<\/p>\n<h3>5. Pr\u00edstupnos\u0165 \u00fadr\u017eby<\/h3>\n<p>Navrhovanie valcov pre jednoduch\u00fa \u00fadr\u017ebu je nevyhnutn\u00e9 pre minimaliz\u00e1ciu prestojov. Pr\u00edstupn\u00e9 komponenty u\u013eah\u010duj\u00fa pravideln\u00e9 kontroly, v\u00fdmenu kvapal\u00edn a tesnen\u00ed, \u010d\u00edm sa zabezpe\u010duje, \u017ee valec zostane v optim\u00e1lnom prev\u00e1dzkovom stave.<\/p>\n<p><img decoding=\"async\" src=\"https:\/\/www.hydraulic-cylinders.net\/wp-content\/uploads\/2025\/04\/songte-oil-pipes-and-spare-parts.webp\" alt=\"\u010casti hydraulick\u00e9ho valca\"><\/p>\n<h2>Tesnenie a mazanie<\/h2>\n<p>\u00da\u010dinn\u00e9 tesnenie a mazanie s\u00fa k\u013e\u00fa\u010dov\u00e9 pre dlh\u00fa \u017eivotnos\u0165 a v\u00fdkon valca v\u00fdlo\u017en\u00edka. Na zabr\u00e1nenie \u00faniku hydraulickej kvapaliny sa pou\u017e\u00edvaj\u00fa r\u00f4zne tesnenia vr\u00e1tane tesnen\u00ed piestov a tesnen\u00ed ty\u010d\u00ed. V\u00fdber tesnen\u00ed vyroben\u00fdch z odoln\u00fdch materi\u00e1lov, ako je polyuret\u00e1n a nitrilov\u00e1 guma, zais\u0165uje, \u017ee odol\u00e1vaj\u00fa opotrebovaniu a vystaveniu hydraulick\u00fdm kvapalin\u00e1m.<\/p>\n<p>The cylinder body and threaded ends undergo fine processing to enhance wear resistance. Regular lubrication with hydraulic oil is necessary to reduce friction and maintain smooth operation. It&#8217;s essential to check and refill hydraulic oil levels periodically to ensure optimal performance.<\/p>\n<h2>Opatrenia prevent\u00edvnej \u00fadr\u017eby<\/h2>\n<ul>\n<li><strong>Pravideln\u00e9 kontroly:<\/strong> Vykon\u00e1vajte \u010dast\u00e9 kontroly, aby ste identifikovali ak\u00e9ko\u013evek zn\u00e1mky opotrebovania alebo po\u0161kodenia. H\u013eadajte netesnosti, kor\u00f3ziu a \u0161truktur\u00e1lnu integritu. V\u010dasn\u00e1 detekcia m\u00f4\u017ee zabr\u00e1ni\u0165 z\u00e1va\u017en\u00fdm poruch\u00e1m.<\/li>\n<li><strong>Mazanie:<\/strong> Udr\u017eiavajte spr\u00e1vnu hladinu mazania prid\u00e1van\u00edm hydraulick\u00e9ho oleja pod\u013ea potreby. Nedostato\u010dn\u00e9 mazanie m\u00f4\u017ee vies\u0165 k zv\u00fd\u0161en\u00e9mu treniu a pred\u010dasn\u00e9mu opotrebovaniu.<\/li>\n<li><strong>V\u00fdmena tesnenia:<\/strong> Sledujte stav tesnen\u00ed a vyme\u0148te ich, ke\u010f sa objavia zn\u00e1mky opotrebovania. Tento proakt\u00edvny pr\u00edstup pom\u00e1ha predch\u00e1dza\u0165 \u00fanikom a udr\u017eiava hydraulick\u00fa \u00fa\u010dinnos\u0165.<\/li>\n<\/ul>\n<h2>Pokyny na in\u0161tal\u00e1ciu<\/h2>\n<p>Spr\u00e1vna in\u0161tal\u00e1cia valca ramena je nevyhnutn\u00e1 pre optim\u00e1lny v\u00fdkon. Dodr\u017eujte tieto pokyny:<\/p>\n<ul>\n<li><strong>Zarovnajte valec:<\/strong> Uistite sa, \u017ee valec je presne zarovnan\u00fd s mont\u00e1\u017enymi bodmi na stroji. Nespr\u00e1vne zarovnanie m\u00f4\u017ee sp\u00f4sobi\u0165 pred\u010dasn\u00e9 opotrebenie a zn\u00ed\u017ei\u0165 \u00fa\u010dinnos\u0165.<\/li>\n<li><strong>Pou\u017eite vhodn\u00e9 mont\u00e1\u017ene konzoly:<\/strong> Na pevn\u00e9 upevnenie valca pou\u017eite vhodn\u00e9 mont\u00e1\u017ene konzoly. T\u00fdm sa zabr\u00e1ni pohybu po\u010das prev\u00e1dzky a zabezpe\u010d\u00ed sa stabilita.<\/li>\n<li><strong>Skontrolujte hydraulick\u00e9 potrubia:<\/strong> Pred prev\u00e1dzkou stroja sa uistite, \u017ee v\u0161etky hydraulick\u00e9 potrubia s\u00fa spr\u00e1vne pripojen\u00e9 a netesn\u00e9.<\/li>\n<li><strong>Testovacia prev\u00e1dzka:<\/strong> Po in\u0161tal\u00e1cii vykonajte sk\u00fa\u0161obn\u00fa prev\u00e1dzku, aby ste overili spr\u00e1vnu prev\u00e1dzku, predt\u00fdm ako stroj op\u00e4\u0165 uvediete do be\u017en\u00e9ho pou\u017e\u00edvania.<\/li>\n<\/ul>\n<h2>\u00dalohy \u00fadr\u017eby<\/h2>\n<ul>\n<li><strong>Pravideln\u00e9 kontroly:<\/strong> Zave\u010fte pravideln\u00fd kontroln\u00fd pl\u00e1n na monitorovanie v\u00fdkonu valca ramena. Patria sem kontroly hladiny kvapal\u00edn, kontrola netesnost\u00ed a kontrola opotrebovania komponentov.<\/li>\n<li><strong>Mazanie:<\/strong> Pravidelne nama\u017ete v\u0161etky pohybliv\u00e9 \u010dasti, aby ste minimalizovali trenie a pred\u013a\u017eili \u017eivotnos\u0165 valca. Pou\u017e\u00edvajte odpor\u00fa\u010dan\u00fd hydraulick\u00fd olej a uistite sa, \u017ee je na spr\u00e1vnej hladine.<\/li>\n<li><strong>V\u00fdmena tesnenia:<\/strong> Opotrebovan\u00e9 alebo po\u0161koden\u00e9 tesnenia okam\u017eite vyme\u0148te, aby ste predi\u0161li \u00fanikom a udr\u017eali hydraulick\u00fd tlak. Pravideln\u00e9 kontroly tesnen\u00ed m\u00f4\u017eu pom\u00f4c\u0165 s t\u00fdmto probl\u00e9mom efekt\u00edvne.<\/li>\n<\/ul>\n<h2>Bezpe\u010dnostn\u00e9 aspekty a faktory prostredia<\/h2>\n<p>Pri pou\u017e\u00edvan\u00ed hydraulick\u00fdch valcov v\u00fdlo\u017en\u00edka je implement\u00e1cia bezpe\u010dnostn\u00fdch opatren\u00ed prvorad\u00e1. Obsluha by mala by\u0165 vy\u0161kolen\u00e1 v spr\u00e1vnej manipul\u00e1cii a obsluhe hydraulick\u00fdch syst\u00e9mov. V\u017edy by sa mali nosi\u0165 ochrann\u00e9 pom\u00f4cky, aby sa minimalizovalo riziko po\u010das \u00fadr\u017eby alebo prev\u00e1dzky. Okrem toho by sa mali zoh\u013eadni\u0165 vhodn\u00e9 environment\u00e1lne aspekty, ako napr\u00edklad zabezpe\u010denie toho, aby hydraulick\u00e9 kvapaliny neunikali a nekontaminovali okolie.<\/p>\n<h2>Diagnostika por\u00fach a be\u017en\u00e9 probl\u00e9my<\/h2>\n<ul>\n<li><strong>\u00danik:<\/strong> Jedn\u00fdm z naj\u010dastej\u0161\u00edch probl\u00e9mov je \u00fanik hydraulickej kvapaliny. M\u00f4\u017ee to by\u0165 sp\u00f4soben\u00e9 opotrebovan\u00fdmi tesneniami alebo nespr\u00e1vnou in\u0161tal\u00e1ciou. Pravideln\u00e9 kontroly m\u00f4\u017eu pom\u00f4c\u0165 odhali\u0165 tieto \u00faniky v\u010das.<\/li>\n<li><strong>Nekonzistentn\u00fd pohyb:<\/strong> Ak sa valec ramena pohybuje trhavo alebo nekonzistentne, m\u00f4\u017ee to znamena\u0165 vzduch v hydraulick\u00fdch potrubiach alebo n\u00edzku hladinu hydraulickej kvapaliny. Probl\u00e9m m\u00f4\u017ee vyrie\u0161i\u0165 odvzdu\u0161nenie syst\u00e9mu a doplnenie kvapal\u00edn.<\/li>\n<li><strong>Strata tlaku:<\/strong> Pokles hydraulick\u00e9ho tlaku m\u00f4\u017ee vies\u0165 k neefekt\u00edvnej prev\u00e1dzke. M\u00f4\u017ee to by\u0165 sp\u00f4soben\u00e9 upchat\u00fdm potrub\u00edm alebo poruchou \u010derpadla. Pre obnovenie funk\u010dnosti je nevyhnutn\u00e9 odstr\u00e1ni\u0165 tieto komponenty.<\/li>\n<\/ul>\n<h2>Tipy na rie\u0161enie probl\u00e9mov<\/h2>\n<p>Pre efekt\u00edvnu diagnostiku a rie\u0161enie probl\u00e9mov by prev\u00e1dzkovatelia mali vykona\u0165 nasledovn\u00e9:<\/p>\n<ul>\n<li><strong>Pravideln\u00e1 \u00fadr\u017eba:<\/strong> \u00dadr\u017ebu vykon\u00e1vajte proakt\u00edvne, aby ste zn\u00ed\u017eili pravdepodobnos\u0165 vzniku probl\u00e9mov. Dobre udr\u017eiavan\u00fd syst\u00e9m m\u00e1 men\u0161iu pravdepodobnos\u0165 por\u00fach.<\/li>\n<li><strong>V\u00fdkon monitora:<\/strong> Sledujte v\u00fdkonnostn\u00e9 ukazovatele hydraulick\u00e9ho syst\u00e9mu. V\u010dasn\u00e9 zaznamenanie zmien m\u00f4\u017ee pom\u00f4c\u0165 rie\u0161i\u0165 probl\u00e9my sk\u00f4r, ako sa zhor\u0161ia.<\/li>\n<li><strong>Konzultujte s odborn\u00edkmi:<\/strong> Ak rie\u0161enie probl\u00e9mov probl\u00e9m nevyrie\u0161i, pora\u010fte sa s odborn\u00edkmi na hydraulick\u00e9 syst\u00e9my, ktor\u00ed v\u00e1m na z\u00e1klade svojich sk\u00fasenost\u00ed m\u00f4\u017eu poskytn\u00fa\u0165 inform\u00e1cie a odpor\u00fa\u010dania.<\/li>\n<\/ul>\n<p><img decoding=\"async\" src=\"https:\/\/www.hydraulic-cylinders.net\/wp-content\/uploads\/2025\/04\/songte-bushings-with-all-kinds-of-excavator-models.webp\" alt=\"Puzdr\u00e1 pre modely r\u00fdpadiel\"><\/p>\n<h2>O na\u0161ej spolo\u010dnosti<\/h2>\n<p>Sme popredn\u00fdm v\u00fdrobcom n\u00e1hradn\u00fdch hydraulick\u00fdch valcov s rozmanit\u00fdm sortimentom produktov, ktor\u00e9 uspokoja dom\u00e1ci aj medzin\u00e1rodn\u00fd trh. N\u00e1\u0161 z\u00e1v\u00e4zok k excelentnosti je zrejm\u00fd v na\u0161ej prec\u00edznej v\u00fdrobnej dielni a strat\u00e9gi\u00e1ch riadenia priemyselnej v\u00fdroby. Neust\u00e1le vylep\u0161ujeme na\u0161u v\u00fdrobn\u00fa platformu integr\u00e1ciou technick\u00fdch znalost\u00ed, pokro\u010dil\u00fdch digit\u00e1lnych v\u00fdrobn\u00fdch zariaden\u00ed a \u0161pecializovan\u00fdch testovac\u00edch syst\u00e9mov.<\/p>\n<p>Our focus on quality is paramount, as we strive to meet the diverse needs of our customers with high efficiency, precision, and top-tier products. Our professional team is dedicated to offering custom services, ensuring that each product meets the specific requirements of our clients. Furthermore, we maintain international certifications that guarantee our products&#8217; reliability and safety.<\/p>\n<p><img decoding=\"async\" src=\"https:\/\/www.hydraulic-cylinders.net\/wp-content\/uploads\/2025\/04\/songte-company-4.webp\" alt=\"Obr\u00e1zok spolo\u010dnosti 1\"><br \/>\n<img decoding=\"async\" src=\"https:\/\/www.hydraulic-cylinders.net\/wp-content\/uploads\/2025\/04\/songte-company-3.webp\" alt=\"Obr\u00e1zok spolo\u010dnosti 2\"><\/p>\n<p>Autor: lyl<\/p>","protected":false},"excerpt":{"rendered":"<p>Boom Cylinder For Xinyuan Wheel Excavator XY90 Product Overview The Boom Cylinder for the Xinyuan Wheel Excavator XY90 is an essential hydraulic component designed to control the movement of the boom in excavators. This hydraulic cylinder plays a pivotal role in enabling the lifting, lowering, and tilting of the boom, which is fundamental for various [&hellip;]<\/p>","protected":false},"featured_media":17876,"comment_status":"open","ping_status":"closed","template":"","meta":{"_et_pb_use_builder":"","_et_pb_old_content":"","_et_gb_content_width":""},"product_brand":[],"product_cat":[1546],"product_tag":[1547,1496],"class_list":{"0":"post-19598","1":"product","2":"type-product","3":"status-publish","4":"has-post-thumbnail","6":"product_cat-boom-cylinders","7":"product_tag-boom-cylinders","8":"product_tag-hydraulic-cylinders","10":"first","11":"instock","12":"shipping-taxable","13":"product-type-simple"},"amp_enabled":true,"_links":{"self":[{"href":"https:\/\/www.hydraulic-cylinders.net\/sk\/wp-json\/wp\/v2\/product\/19598","targetHints":{"allow":["GET"]}}],"collection":[{"href":"https:\/\/www.hydraulic-cylinders.net\/sk\/wp-json\/wp\/v2\/product"}],"about":[{"href":"https:\/\/www.hydraulic-cylinders.net\/sk\/wp-json\/wp\/v2\/types\/product"}],"replies":[{"embeddable":true,"href":"https:\/\/www.hydraulic-cylinders.net\/sk\/wp-json\/wp\/v2\/comments?post=19598"}],"wp:featuredmedia":[{"embeddable":true,"href":"https:\/\/www.hydraulic-cylinders.net\/sk\/wp-json\/wp\/v2\/media\/17876"}],"wp:attachment":[{"href":"https:\/\/www.hydraulic-cylinders.net\/sk\/wp-json\/wp\/v2\/media?parent=19598"}],"wp:term":[{"taxonomy":"product_brand","embeddable":true,"href":"https:\/\/www.hydraulic-cylinders.net\/sk\/wp-json\/wp\/v2\/product_brand?post=19598"},{"taxonomy":"product_cat","embeddable":true,"href":"https:\/\/www.hydraulic-cylinders.net\/sk\/wp-json\/wp\/v2\/product_cat?post=19598"},{"taxonomy":"product_tag","embeddable":true,"href":"https:\/\/www.hydraulic-cylinders.net\/sk\/wp-json\/wp\/v2\/product_tag?post=19598"}],"curies":[{"name":"pracovn\u00fd list","href":"https:\/\/api.w.org\/{rel}","templated":true}]}}