{"id":19601,"date":"2025-04-07T06:56:53","date_gmt":"2025-04-07T06:56:53","guid":{"rendered":"https:\/\/www.hydraulic-cylinders.net\/product\/boom-cylinder-for-volwa-small-excavator-dls818-9b\/"},"modified":"2025-04-07T06:56:55","modified_gmt":"2025-04-07T06:56:55","slug":"boom-cylinder-for-volwa-small-excavator-dls818-9b","status":"publish","type":"product","link":"https:\/\/www.hydraulic-cylinders.net\/sk\/produkt\/boom-cylinder-for-volwa-small-excavator-dls818-9b\/","title":{"rendered":"Valec v\u00fdlo\u017en\u00edka pre mal\u00e9 r\u00fdpadlo Volwa DLS818-9B"},"content":{"rendered":"<h1>Valec v\u00fdlo\u017en\u00edka pre mal\u00e9 r\u00fdpadlo Volwa DLS818-9B<\/h1>\n<h2>Preh\u013ead produktu<\/h2>\n<p>Hydraulick\u00fd valec v\u00fdlo\u017en\u00edka pre mal\u00e9 r\u00fdpadlo Volwa DLS818-9B je k\u013e\u00fa\u010dovou s\u00fa\u010das\u0165ou hydraulick\u00e9ho syst\u00e9mu r\u00fdpadiel. Je navrhnut\u00fd tak, aby ovl\u00e1dal pohyb v\u00fdlo\u017en\u00edka r\u00fdpadla, \u010do umo\u017e\u0148uje zdv\u00edhanie, sp\u00fa\u0161\u0165anie a nakl\u00e1\u0148anie, ktor\u00e9 s\u00fa nevyhnutn\u00e9 pre efekt\u00edvnu manipul\u00e1ciu s materi\u00e1lom. Tento hydraulick\u00fd valec, \u0161peci\u00e1lne navrhnut\u00fd pre \u0165a\u017ek\u00e9 stroje, zohr\u00e1va d\u00f4le\u017eit\u00fa \u00falohu v prev\u00e1dzke a funk\u010dnosti r\u00fdpadiel, r\u00fdpadiel-naklada\u010dov a \u010deln\u00fdch naklada\u010dov.<\/p>\n<p><img decoding=\"async\" src=\"https:\/\/www.hydraulic-cylinders.net\/wp-content\/uploads\/2025\/04\/songte-company-1.webp\" alt=\"Valec v\u00fdlo\u017en\u00edka pre r\u00fdpadl\u00e1\"><\/p>\n<h3>Pochopenie valcov v\u00fdlo\u017en\u00edka<\/h3>\n<p>Hydraulick\u00fd valec v\u00fdlo\u017en\u00edka je hydraulick\u00fd valec pou\u017e\u00edvan\u00fd na riadenie pohybu ly\u017eice alebo ramena v \u0165a\u017ek\u00fdch strojoch. Tieto valce s\u00fa neoddelite\u013enou s\u00fa\u010das\u0165ou prev\u00e1dzky r\u00fdpadiel, r\u00fdpadiel-naklada\u010dov a \u010deln\u00fdch naklada\u010dov. Umo\u017e\u0148uj\u00fa zdv\u00edhanie, sp\u00fa\u0161\u0165anie a nakl\u00e1\u0148anie ramena, \u010d\u00edm efekt\u00edvne u\u013eah\u010duj\u00fa r\u00f4zne \u00falohy manipul\u00e1cie s materi\u00e1lom. Kon\u0161trukcia t\u00fdchto valcov umo\u017e\u0148uje plynul\u00e9 a kontrolovan\u00e9 pohyby, ktor\u00e9 s\u00fa nevyhnutn\u00e9 pre zaistenie bezpe\u010dnosti a efekt\u00edvnosti \u0165a\u017ek\u00fdch oper\u00e1ci\u00ed.<\/p>\n<h2>Vlastnosti valca v\u00fdlo\u017en\u00edka<\/h2>\n<ul>\n<li><strong>Vysok\u00e1 pevnos\u0165 a odolnos\u0165:<\/strong> Valec v\u00fdlo\u017en\u00edka je vyroben\u00fd z vysokopevnostnej ocele alebo hlin\u00edka a je skon\u0161truovan\u00fd tak, aby odolal vysok\u00e9mu tlaku a \u0165a\u017ek\u00e9mu za\u0165a\u017eeniu, v\u010faka \u010domu je vhodn\u00fd do n\u00e1ro\u010dn\u00fdch pracovn\u00fdch podmienok. Jeho kon\u0161trukcia zah\u0155\u0148a odolnos\u0165 proti opotrebovaniu a ochranu proti kor\u00f3zii, aby sa pred\u013a\u017eila jeho \u017eivotnos\u0165.<\/li>\n<li><strong>Efekt\u00edvna hydraulick\u00e1 prev\u00e1dzka:<\/strong> Valec vyu\u017e\u00edva hydraulick\u00fd tlak oleja pre plynul\u00e9 vys\u00favanie a zas\u00favanie, \u010d\u00edm zabezpe\u010duje r\u00fdchlu reakciu na povely oper\u00e1tora. To poskytuje v\u00fdkonn\u00e9 mo\u017enosti tla\u010denia a \u0165ahania, ide\u00e1lne na manipul\u00e1ciu s \u0165a\u017ek\u00fdmi materi\u00e1lmi a zlo\u017eit\u00fdmi \u00falohami.<\/li>\n<li><strong>R\u00f4zne typy:<\/strong> K dispoz\u00edcii s\u00fa mo\u017enosti jedno\u010dinn\u00fdch (hydraulick\u00fd \u00fa\u010dinok v jednom smere) alebo dvoj\u010dinn\u00fdch (hydraulick\u00fd \u00fa\u010dinok v oboch smeroch) valcov, ktor\u00e9 vyhovuj\u00fa r\u00f4znym prev\u00e1dzkov\u00fdm potreb\u00e1m. Niektor\u00e9 modely maj\u00fa teleskopick\u00fa kon\u0161trukciu, ktor\u00e1 umo\u017e\u0148uje v\u00e4\u010d\u0161ie vysunutie bez zv\u00e4\u010d\u0161enia vonkaj\u0161\u00edch rozmerov, \u010do je ide\u00e1lne pre aplik\u00e1cie s obmedzen\u00fdm priestorom.<\/li>\n<li><strong>Z\u00e1kazkov\u00e1 v\u00fdroba:<\/strong> \u0160pecializujeme sa na v\u00fdrobu tohto produktu, aby sme zabezpe\u010dili, \u017ee na\u0161e valce dok\u00e1\u017eu dokonale nahradi\u0165 existuj\u00face hydraulick\u00e9 valce v r\u00f4znych strojoch.<\/li>\n<\/ul>\n<p><img decoding=\"async\" src=\"https:\/\/www.hydraulic-cylinders.net\/wp-content\/uploads\/2025\/04\/songte-cylinder-head-with-all-kinds-excavator-models.webp\" alt=\"Modely bagrov\"><\/p>\n<h2>Aplik\u00e1cie valca v\u00fdlo\u017en\u00edka<\/h2>\n<h3>1. Stavebn\u00e9 zariadenia<\/h3>\n<p>V r\u00fdpadl\u00e1ch s\u00fa valce v\u00fdlo\u017en\u00edka nevyhnutn\u00e9 na kopanie, nakladanie a premiest\u0148ovanie zeminy alebo sutiny. Umo\u017e\u0148uj\u00fa stroju efekt\u00edvne vykon\u00e1va\u0165 r\u00f4zne \u00falohy a zabezpe\u010duj\u00fa plynul\u00fd priebeh oper\u00e1ci\u00ed. V r\u00fdpadlo-naklada\u010doch valec v\u00fdlo\u017en\u00edka nielen pom\u00e1ha pri v\u00fdkopov\u00fdch pr\u00e1cach, ale aj pri zdv\u00edhan\u00ed materi\u00e1lov, \u010do dokazuje jeho v\u0161estrannos\u0165 pri stavebn\u00fdch \u00faloh\u00e1ch.<\/p>\n<h3>2. Po\u013enohospod\u00e1rske stroje<\/h3>\n<p>Pou\u017e\u00edvan\u00e9 v \u010deln\u00fdch naklada\u010doch, valce v\u00fdlo\u017en\u00edka u\u013eah\u010duj\u00fa naberanie, zdv\u00edhanie a prepravu p\u00f4dy, sena a in\u00fdch materi\u00e1lov. Ich pevnos\u0165 a presnos\u0165 s\u00fa nevyhnutn\u00e9 pre po\u013enohospod\u00e1rske \u00falohy, v\u010faka \u010domu s\u00fa v po\u013enohospod\u00e1rskych oper\u00e1ci\u00e1ch nevyhnutn\u00e9.<\/p>\n<h3>3. R\u00fdpadl\u00e1<\/h3>\n<p>V r\u00fdpadl\u00e1ch umo\u017e\u0148uje valec v\u00fdlo\u017en\u00edka efekt\u00edvne prenikanie ly\u017eice do p\u00f4dy, \u010do prispieva k \u00faspe\u0161n\u00fdm kopac\u00edm oper\u00e1ci\u00e1m. Tento hydraulick\u00fd mechanizmus je k\u013e\u00fa\u010dov\u00fd pre udr\u017eanie v\u00fdkonu potrebn\u00e9ho na zvl\u00e1dnutie n\u00e1ro\u010dn\u00fdch ter\u00e9nnych podmienok.<\/p>\n<h3>4. Naklada\u010de<\/h3>\n<p>V \u010deln\u00fdch naklada\u010doch pom\u00e1haj\u00fa valce v\u00fdlo\u017en\u00edka efekt\u00edvne zdv\u00edha\u0165 a vyklada\u0165 n\u00e1klad. Ich kon\u0161trukcia zais\u0165uje \u013eahk\u00fa manipul\u00e1ciu s \u0165a\u017ek\u00fdmi materi\u00e1lmi, \u010d\u00edm sa zlep\u0161uj\u00fa prev\u00e1dzkov\u00e9 schopnosti naklada\u010da.<\/p>\n<h2>\u00davahy o dizajne a \u0161tandardy v\u00fdberu<\/h2>\n<h3>Nosnos\u0165<\/h3>\n<p>Nosnos\u0165 valca v\u00fdlo\u017en\u00edka je prvorad\u00e1. Mus\u00ed by\u0165 schopn\u00fd zvl\u00e1dnu\u0165 maxim\u00e1lne za\u0165a\u017eenie, s ktor\u00fdm sa stret\u00e1vame po\u010das prev\u00e1dzky, bez toho, aby bola ohrozen\u00e1 bezpe\u010dnos\u0165 alebo v\u00fdkon. V\u00fdrobcovia musia zv\u00e1\u017ei\u0165 hmotnostn\u00e9 limity na z\u00e1klade zariadenia, v ktorom sa bude pou\u017e\u00edva\u0165.<\/p>\n<h3>Tesnenie<\/h3>\n<p>\u00da\u010dinn\u00e9 utesnenie je k\u013e\u00fa\u010dov\u00e9 pre zabr\u00e1nenie \u00faniku hydraulickej kvapaliny, \u010do m\u00f4\u017ee vies\u0165 k poruch\u00e1m syst\u00e9mu a zn\u00ed\u017ei\u0165 \u00fa\u010dinnos\u0165 strojov. Tesnenia sa musia vybera\u0165 na z\u00e1klade ich schopnosti odol\u00e1va\u0165 opotrebovaniu v d\u00f4sledku environment\u00e1lnych faktorov.<\/p>\n<h3>Trvanlivos\u0165<\/h3>\n<p>Trvanlivos\u0165 je pre valce v\u00fdlo\u017en\u00edka nevyhnutn\u00e1, preto\u017ee pracuj\u00fa v extr\u00e9mnych podmienkach. Pou\u017eit\u00e9 materi\u00e1ly musia by\u0165 odoln\u00e9 vo\u010di kor\u00f3zii a opotrebovaniu, aby sa zabezpe\u010dila dlh\u00e1 \u017eivotnos\u0165 a spo\u013eahliv\u00fd v\u00fdkon v r\u00f4znych prostrediach.<\/p>\n<h3>Bezpe\u010dnos\u0165<\/h3>\n<p>Bezpe\u010dnostn\u00e9 prvky s\u00fa v hydraulick\u00fdch syst\u00e9moch nevyhnutn\u00e9. Patria sem zabudovan\u00e9 pretlakov\u00e9 ventily a bezpe\u010dnostn\u00e9 z\u00e1mky, ktor\u00e9 zabra\u0148uj\u00fa n\u00e1hodn\u00e9mu vybitiu a zais\u0165uj\u00fa bezpe\u010dnos\u0165 obsluhy po\u010das prev\u00e1dzky.<\/p>\n<h3>\u00dadr\u017eba<\/h3>\n<p>Jednoduch\u00e1 \u00fadr\u017eba je v\u00fdznamn\u00fdm faktorom pri kon\u0161trukcii valcov v\u00fdlo\u017en\u00edka. Komponenty by mali by\u0165 pr\u00edstupn\u00e9 pre be\u017en\u00e9 kontroly a opravy, aby oper\u00e1tori mohli pohodlnej\u0161ie udr\u017eiava\u0165 stroj v optim\u00e1lnom prev\u00e1dzkovom stave.<\/p>\n<p><img decoding=\"async\" src=\"https:\/\/www.hydraulic-cylinders.net\/wp-content\/uploads\/2025\/04\/songte-oil-pipes-and-spare-parts.webp\" alt=\"Hydraulick\u00e9 komponenty\"><\/p>\n<h2>Tesnenie a mazanie<\/h2>\n<p>Tesnenie a mazanie s\u00fa k\u013e\u00fa\u010dov\u00e9 pre dlh\u00fa \u017eivotnos\u0165 a v\u00fdkon valca v\u00fdlo\u017en\u00edka. Na udr\u017eanie hydraulick\u00e9ho tlaku a zabr\u00e1nenie \u00fanikom sa pou\u017e\u00edvaj\u00fa r\u00f4zne tesnenia, ako s\u00fa piestne tesnenia a tesnenia ty\u010d\u00ed. Tesnenia vyroben\u00e9 z materi\u00e1lov ako polyuret\u00e1n a nitrilov\u00fd kau\u010duk s\u00fa uprednost\u0148ovan\u00e9 pre svoju odolnos\u0165 a odolnos\u0165 vo\u010di opotrebovaniu. Okrem toho, teleso valca a z\u00e1vitov\u00e9 povrchy prech\u00e1dzaj\u00fa jemn\u00fdm obr\u00e1ban\u00edm, aby sa zv\u00fd\u0161ila ich odolnos\u0165 vo\u010di opotrebovaniu a zabezpe\u010dilo tesn\u00e9 ulo\u017eenie. Pravideln\u00e9 mazanie hydraulick\u00fdm olejom je nevyhnutn\u00e9 na zn\u00ed\u017eenie trenia a opotrebenia, \u010d\u00edm sa zachov\u00e1va efekt\u00edvna prev\u00e1dzka.<\/p>\n<h2>Pravideln\u00e1 kontrola a prevent\u00edvna \u00fadr\u017eba<\/h2>\n<ul>\n<li><strong>\u010cast\u00e9 kontroly:<\/strong> Pravidelne kontrolujte hydraulick\u00fd valec, \u010di nedoch\u00e1dza k \u00fanikom, opotrebovaniu a celkovej funk\u010dnosti. To pom\u00e1ha identifikova\u0165 potenci\u00e1lne probl\u00e9my sk\u00f4r, ako sa vyhrotia, a zais\u0165uje tak bezpe\u010dnos\u0165 a prev\u00e1dzkov\u00fa efekt\u00edvnos\u0165.<\/li>\n<li><strong>Vhodn\u00e9 mazanie:<\/strong> Uistite sa, \u017ee hladina hydraulick\u00e9ho oleja je spr\u00e1vna a \u017ee pou\u017eit\u00fd olej je vhodn\u00fd pre prev\u00e1dzkov\u00e9 podmienky. Spr\u00e1vne mazanie minimalizuje trenie a predl\u017euje \u017eivotnos\u0165 valca.<\/li>\n<li><strong>V\u00fdmena tesnenia:<\/strong> Sledujte tesnenia, \u010di nevykazuj\u00fa zn\u00e1mky opotrebovania alebo po\u0161kodenia. Pravideln\u00e1 v\u00fdmena tesnen\u00ed pod\u013ea potreby je nevyhnutn\u00e1 na prevenciu \u00fanikov hydraulickej kvapaliny a udr\u017eanie integrity syst\u00e9mu.<\/li>\n<\/ul>\n<h2>Pokyny na in\u0161tal\u00e1ciu<\/h2>\n<p>Spr\u00e1vna in\u0161tal\u00e1cia valca v\u00fdlo\u017en\u00edka je k\u013e\u00fa\u010dov\u00e1 pre optim\u00e1lny v\u00fdkon. Za\u010dnite t\u00fdm, \u017ee sa uist\u00edte, \u017ee miesto in\u0161tal\u00e1cie je \u010dist\u00e9 a bez ne\u010dist\u00f4t. Valec presne zarovnajte s mont\u00e1\u017enymi bodmi na r\u00fdpadle. Pou\u017eitie vhodn\u00fdch mont\u00e1\u017enych konzol na upevnenie valca je nevyhnutn\u00e9; t\u00fdm sa zabr\u00e1ni nespr\u00e1vnemu zarovnaniu po\u010das prev\u00e1dzky. Po umiestnen\u00ed sa uistite, \u017ee v\u0161etky skrutky a matice s\u00fa utiahnut\u00e9 pod\u013ea \u0161pecifik\u00e1ci\u00ed v\u00fdrobcu. Nakoniec otestujte \u010dinnos\u0165 valca, aby ste sa uistili, \u017ee sa pohybuje hladko, a skontrolujte tesnos\u0165.<\/p>\n<h2>Be\u017en\u00e9 \u00falohy \u00fadr\u017eby<\/h2>\n<h3>1. Pravideln\u00e9 kontroly<\/h3>\n<p>Pravideln\u00e9 kontroly s\u00fa nevyhnutn\u00e9 na zabezpe\u010denie spr\u00e1vneho fungovania valca. Po\u010das prev\u00e1dzky h\u013eadajte zn\u00e1mky opotrebovania, netesnost\u00ed alebo ak\u00e9ko\u013evek nezvy\u010dajn\u00e9 zvuky. V\u010dasn\u00e9 odhalenie probl\u00e9mov m\u00f4\u017ee zabr\u00e1ni\u0165 n\u00e1kladn\u00fdm oprav\u00e1m a prestojom. Napl\u00e1nujte si kontroly v odpor\u00fa\u010dan\u00fdch intervaloch alebo po intenz\u00edvnom pou\u017e\u00edvan\u00ed, aby ste udr\u017eali optim\u00e1lny v\u00fdkon.<\/p>\n<h3>2. Spr\u00e1vne mazanie<\/h3>\n<p>Uistite sa, \u017ee valec v\u00fdlo\u017en\u00edka je mazan\u00fd spr\u00e1vnym hydraulick\u00fdm olejom. Zni\u017euje sa t\u00fdm trenie a opotrebovanie pohybliv\u00fdch \u010dast\u00ed, \u010do prispieva k ich dlhej \u017eivotnosti. Vypracujte si pl\u00e1n mazania na z\u00e1klade pou\u017e\u00edvania a podmienok prostredia a v\u017edy dodr\u017eiavajte odpor\u00fa\u010dania v\u00fdrobcu t\u00fdkaj\u00face sa typu a mno\u017estva oleja.<\/p>\n<h3>3. V\u00fdmena tesnenia a kontrola kalibr\u00e1cie<\/h3>\n<p>V\u00fdmena tesnen\u00ed pri prv\u00fdch zn\u00e1mkach opotrebenia m\u00f4\u017ee zabr\u00e1ni\u0165 \u00fanikom a zabezpe\u010di\u0165 efekt\u00edvnu prev\u00e1dzku. Pravideln\u00e9 kontroly kalibr\u00e1cie s\u00fa tie\u017e potrebn\u00e9 na udr\u017eanie presnosti hydraulick\u00fdch pohybov. Dodr\u017eiavajte pokyny v\u00fdrobcu t\u00fdkaj\u00face sa intervalov v\u00fdmeny a kalibra\u010dn\u00fdch postupov, aby ste zachovali v\u00fdkon a spo\u013eahlivos\u0165 valca.<\/p>\n<p><img decoding=\"async\" src=\"https:\/\/www.hydraulic-cylinders.net\/wp-content\/uploads\/2025\/04\/songte-chushion-collar.webp\" alt=\"Vank\u00fa\u0161ov\u00fd golier\"><\/p>\n<h2>Bezpe\u010dnostn\u00e9 aspekty a faktory prostredia<\/h2>\n<p>Pri pou\u017e\u00edvan\u00ed hydraulick\u00fdch valcov v\u00fdlo\u017en\u00edka je nevyhnutn\u00e9 dodr\u017eiava\u0165 bezpe\u010dnostn\u00e9 opatrenia. Obsluha by mala by\u0165 vy\u0161kolen\u00e1, aby rozumela funk\u010dnosti hydraulick\u00e9ho syst\u00e9mu a potenci\u00e1lnym rizik\u00e1m. Pravideln\u00e9 bezpe\u010dnostn\u00e9 kontroly m\u00f4\u017eu predch\u00e1dza\u0165 nehod\u00e1m a zabezpe\u010di\u0165, aby zariadenie fungovalo v bezpe\u010dn\u00fdch medziach. Okrem toho zv\u00e1\u017ete vplyv hydraulick\u00fdch kvapal\u00edn a in\u00fdch pou\u017eit\u00fdch materi\u00e1lov na \u017eivotn\u00e9 prostredie a pod\u013ea mo\u017enosti zvo\u013ete ekologick\u00e9 mo\u017enosti.<\/p>\n<h2>Diagnostika por\u00fach a be\u017en\u00e9 probl\u00e9my<\/h2>\n<h3>Diagnostika a rie\u0161enia<\/h3>\n<ul>\n<li><strong>\u00daniky:<\/strong> Ak unik\u00e1 hydraulick\u00e1 kvapalina, skontrolujte, \u010di nie s\u00fa po\u0161koden\u00e9 tesnenia alebo uvo\u013enen\u00e9 spoje. V pr\u00edpade potreby vyme\u0148te tesnenia a dotiahnite spoje, aby ste zabr\u00e1nili \u00fanikom.<\/li>\n<li><strong>Nedostato\u010dn\u00fd pohyb:<\/strong> Ak sa valec ramena nepohybuje pod\u013ea o\u010dak\u00e1vania, skontrolujte hladinu hydraulickej kvapaliny a uistite sa, \u017ee v hydraulick\u00fdch potrubiach nie s\u00fa \u017eiadne upchatia.<\/li>\n<li><strong>Zvl\u00e1\u0161tne zvuky:<\/strong> Nezvy\u010dajn\u00e9 zvuky po\u010das prev\u00e1dzky m\u00f4\u017eu nazna\u010dova\u0165 vn\u00fatorn\u00e9 po\u0161kodenie alebo opotrebovanie. Skontrolujte valec, \u010di nevykazuje zn\u00e1mky poruchy, a v pr\u00edpade potreby sa pora\u010fte s odborn\u00edkom.<\/li>\n<\/ul>\n<h2>Prevent\u00edvne opatrenia<\/h2>\n<p>Aby ste minimalizovali potenci\u00e1lne probl\u00e9my s valcami v\u00fdlo\u017en\u00edka, zav\u00e1dzajte prevent\u00edvne opatrenia, ako je pravideln\u00e1 \u00fadr\u017eba, v\u010dasn\u00e9 kontroly a okam\u017eit\u00e9 opravy ak\u00fdchko\u013evek zisten\u00fdch probl\u00e9mov. Vedenie denn\u00edka \u00fadr\u017eby m\u00f4\u017ee pom\u00f4c\u0165 sledova\u0165 v\u00fdkon a pl\u00e1nova\u0165 potrebn\u00e9 kontroly. Vzdel\u00e1vanie oper\u00e1torov o bezpe\u010dnej manipul\u00e1cii a prev\u00e1dzke tie\u017e zn\u00ed\u017ei riziko po\u0161kodenia a pred\u013a\u017ei \u017eivotnos\u0165 zariadenia.<\/p>\n<p><img decoding=\"async\" src=\"https:\/\/www.hydraulic-cylinders.net\/wp-content\/uploads\/2025\/04\/songte-bushings-with-all-kinds-of-excavator-models.webp\" alt=\"Puzdr\u00e1 bagerov\"><\/p>\n<h2>O na\u0161ej spolo\u010dnosti<\/h2>\n<p>Sme popredn\u00fdm v\u00fdrobcom a ve\u013ekoobchodn\u00fdm distrib\u00fatorom n\u00e1hradn\u00fdch hydraulick\u00fdch valcov na dom\u00e1com aj medzin\u00e1rodnom trhu. N\u00e1\u0161 rozsiahly sortiment produktov, z\u00e1v\u00e4zok ku kvalite a pokro\u010dil\u00e9 v\u00fdrobn\u00e9 strat\u00e9gie n\u00e1s etablovali ako jedn\u00e9ho z popredn\u00fdch v\u00fdrobcov v tomto odvetv\u00ed. Vyu\u017e\u00edvan\u00edm technick\u00fdch znalost\u00ed, \u0161pi\u010dkov\u00fdch digit\u00e1lnych v\u00fdrobn\u00fdch zariaden\u00ed a robustn\u00e9ho syst\u00e9mu zabezpe\u010denia kvality neust\u00e1le vylep\u0161ujeme na\u0161u v\u00fdrobn\u00fa platformu, aby sme efekt\u00edvne uspokojovali rozmanit\u00e9 potreby z\u00e1kazn\u00edkov.<\/p>\n<p><img decoding=\"async\" src=\"https:\/\/www.hydraulic-cylinders.net\/wp-content\/uploads\/2025\/04\/songte-company-4.webp\" alt=\"Preh\u013ead spolo\u010dnosti\"><br \/>\n<img decoding=\"async\" src=\"https:\/\/www.hydraulic-cylinders.net\/wp-content\/uploads\/2025\/04\/songte-company-3.webp\" alt=\"V\u00fdrobn\u00e9 zariadenie\"><\/p>\n<p>Na\u0161a oddanos\u0165 profesionalite, medzin\u00e1rodn\u00e9 certifik\u00e1cie, z\u00e1kazkov\u00e9 slu\u017eby, modern\u00e9 v\u00fdrobn\u00e9 zariadenia a spo\u013eahliv\u00e1 popredajn\u00e1 podpora n\u00e1s odli\u0161uj\u00fa na trhu. Uprednost\u0148ujeme spokojnos\u0165 z\u00e1kazn\u00edkov a sme odhodlan\u00ed poskytova\u0165 vysokokvalitn\u00e9 produkty prisp\u00f4soben\u00e9 \u0161pecifick\u00fdm prev\u00e1dzkov\u00fdm potreb\u00e1m.<\/p>\n<p>Autor: lyl<\/p>","protected":false},"excerpt":{"rendered":"<p>Boom Cylinder For Volwa Small Excavator DLS818-9B Product Overview The Boom Cylinder for Volwa Small Excavator DLS818-9B is a crucial component in the hydraulic system of excavators. It is designed to control the movement of the excavator&#8217;s boom, allowing for lifting, lowering, and tilting actions essential for efficient material handling tasks. This hydraulic cylinder, specifically [&hellip;]<\/p>","protected":false},"featured_media":17879,"comment_status":"open","ping_status":"closed","template":"","meta":{"_et_pb_use_builder":"","_et_pb_old_content":"","_et_gb_content_width":""},"product_brand":[],"product_cat":[1546],"product_tag":[1547,1496],"class_list":{"0":"post-19601","1":"product","2":"type-product","3":"status-publish","4":"has-post-thumbnail","6":"product_cat-boom-cylinders","7":"product_tag-boom-cylinders","8":"product_tag-hydraulic-cylinders","10":"first","11":"instock","12":"shipping-taxable","13":"product-type-simple"},"amp_enabled":true,"_links":{"self":[{"href":"https:\/\/www.hydraulic-cylinders.net\/sk\/wp-json\/wp\/v2\/product\/19601","targetHints":{"allow":["GET"]}}],"collection":[{"href":"https:\/\/www.hydraulic-cylinders.net\/sk\/wp-json\/wp\/v2\/product"}],"about":[{"href":"https:\/\/www.hydraulic-cylinders.net\/sk\/wp-json\/wp\/v2\/types\/product"}],"replies":[{"embeddable":true,"href":"https:\/\/www.hydraulic-cylinders.net\/sk\/wp-json\/wp\/v2\/comments?post=19601"}],"wp:featuredmedia":[{"embeddable":true,"href":"https:\/\/www.hydraulic-cylinders.net\/sk\/wp-json\/wp\/v2\/media\/17879"}],"wp:attachment":[{"href":"https:\/\/www.hydraulic-cylinders.net\/sk\/wp-json\/wp\/v2\/media?parent=19601"}],"wp:term":[{"taxonomy":"product_brand","embeddable":true,"href":"https:\/\/www.hydraulic-cylinders.net\/sk\/wp-json\/wp\/v2\/product_brand?post=19601"},{"taxonomy":"product_cat","embeddable":true,"href":"https:\/\/www.hydraulic-cylinders.net\/sk\/wp-json\/wp\/v2\/product_cat?post=19601"},{"taxonomy":"product_tag","embeddable":true,"href":"https:\/\/www.hydraulic-cylinders.net\/sk\/wp-json\/wp\/v2\/product_tag?post=19601"}],"curies":[{"name":"pracovn\u00fd list","href":"https:\/\/api.w.org\/{rel}","templated":true}]}}