{"id":19602,"date":"2025-04-07T06:56:55","date_gmt":"2025-04-07T06:56:55","guid":{"rendered":"https:\/\/www.hydraulic-cylinders.net\/product\/boom-cylinder-for-volwa-small-excavator-dls880-8b\/"},"modified":"2025-04-07T06:56:58","modified_gmt":"2025-04-07T06:56:58","slug":"boom-cylinder-for-volwa-small-excavator-dls880-8b","status":"publish","type":"product","link":"https:\/\/www.hydraulic-cylinders.net\/sk\/produkt\/boom-cylinder-for-volwa-small-excavator-dls880-8b\/","title":{"rendered":"Valec v\u00fdlo\u017en\u00edka pre mal\u00e9 r\u00fdpadlo Volwa DLS880-8B"},"content":{"rendered":"<h1>Valec v\u00fdlo\u017en\u00edka pre mal\u00e9 r\u00fdpadlo Volwa DLS880-8B<\/h1>\n<h2>Preh\u013ead produktu<\/h2>\n<p>Hydraulick\u00fd valec v\u00fdlo\u017en\u00edka pre mal\u00e9 r\u00fdpadlo Volwa DLS880-8B je k\u013e\u00fa\u010dov\u00fd hydraulick\u00fd komponent ur\u010den\u00fd na zv\u00fd\u0161enie v\u00fdkonu r\u00fdpadiel, najm\u00e4 na ovl\u00e1danie pohybu v\u00fdlo\u017en\u00edka. Tento hydraulick\u00fd valec zohr\u00e1va d\u00f4le\u017eit\u00fa \u00falohu v r\u00f4znych \u0165a\u017ek\u00fdch strojoch, ako s\u00fa r\u00fdpadl\u00e1, r\u00fdpadlo-naklada\u010de a \u010deln\u00e9 naklada\u010de, pri\u010dom u\u013eah\u010duje zdv\u00edhanie, sp\u00fa\u0161\u0165anie a nakl\u00e1\u0148anie ly\u017eice pre efekt\u00edvnu manipul\u00e1ciu s materi\u00e1lom.<\/p>\n<p>Ako hydraulick\u00fd valec vyu\u017e\u00edva tlakov\u00fa kvapalinu na vytvorenie line\u00e1rneho pohybu, \u010do umo\u017e\u0148uje robustn\u00e9 pohyby, ktor\u00e9 s\u00fa nevyhnutn\u00e9 pre stavebn\u00e9 a zemn\u00e9 pr\u00e1ce. Valec kor\u010deka je skon\u0161truovan\u00fd tak, aby odolal zna\u010dn\u00e9mu prev\u00e1dzkov\u00e9mu tlaku a \u0165a\u017ek\u00fdm za\u0165a\u017eeniam, v\u010faka \u010domu je nevyhnutn\u00fd v n\u00e1ro\u010dn\u00fdch pracovn\u00fdch prostrediach.<\/p>\n<p><img decoding=\"async\" src=\"https:\/\/www.hydraulic-cylinders.net\/wp-content\/uploads\/2025\/04\/songte-company-1.webp\" alt=\"Valec v\u00fdlo\u017en\u00edka pre bager\"><\/p>\n<h2>Vlastnosti valca v\u00fdlo\u017en\u00edka<\/h2>\n<ul>\n<li><strong>Vysok\u00e1 pevnos\u0165 a odolnos\u0165:<\/strong> Tento valec je vyroben\u00fd z vysokopevnostnej ocele alebo hlin\u00edka a je navrhnut\u00fd tak, aby odolal vysok\u00e9mu tlaku a \u0165a\u017ek\u00e9mu za\u0165a\u017eeniu, a je vhodn\u00fd do n\u00e1ro\u010dn\u00fdch pracovn\u00fdch podmienok. Jeho kon\u0161trukcia zoh\u013ead\u0148uje odolnos\u0165 vo\u010di opotrebovaniu a kor\u00f3zii, \u010do predl\u017euje jeho \u017eivotnos\u0165.<\/li>\n<li><strong>Efekt\u00edvna hydraulick\u00e1 prev\u00e1dzka:<\/strong> Valec umo\u017e\u0148uje plynul\u00e9 vys\u00favanie a zas\u00favanie pomocou tlaku hydraulickej kvapaliny, \u010d\u00edm zais\u0165uje r\u00fdchlu reakciu na prev\u00e1dzkov\u00e9 povely a poskytuje zna\u010dn\u00fa tlakov\u00fa a \u0165ahov\u00fa silu, ide\u00e1lnu na zvl\u00e1dnutie \u0165a\u017ek\u00fdch a zlo\u017eit\u00fdch \u00faloh.<\/li>\n<li><strong>R\u00f4zne typy:<\/strong> K dispoz\u00edcii s\u00fa v jedno\u010dinnom (prev\u00e1dzkovom v jednom smere) a dvoj\u010dinnom (prev\u00e1dzkovom v oboch smeroch) pre splnenie r\u00f4znych prev\u00e1dzkov\u00fdch potrieb. Niektor\u00e9 modely maj\u00fa teleskopick\u00e9 kon\u0161trukcie, ktor\u00e9 umo\u017e\u0148uj\u00fa v\u00e4\u010d\u0161ie vysunutie bez zv\u00e4\u010d\u0161enia vonkaj\u0161\u00edch rozmerov, v\u010faka \u010domu s\u00fa vhodn\u00e9 pre aplik\u00e1cie v obmedzenom priestore.<\/li>\n<\/ul>\n<h2>V\u00fdrobn\u00e9 kapacity<\/h2>\n<p>Tento produkt vyr\u00e1bame s presnos\u0165ou a kvalitou, \u010d\u00edm zabezpe\u010dujeme, \u017ee na\u0161e hydraulick\u00e9 valce s\u00fa perfektnou n\u00e1hradou za existuj\u00face modely a poskytuj\u00fa robustn\u00fd v\u00fdkon a spo\u013eahlivos\u0165.<\/p>\n<p><img decoding=\"async\" src=\"https:\/\/www.hydraulic-cylinders.net\/wp-content\/uploads\/2025\/04\/songte-cylinder-head-with-all-kinds-excavator-models.webp\" alt=\"V\u00fdroba hydraulick\u00fdch valcov\"><\/p>\n<h2>Aplik\u00e1cie valca v\u00fdlo\u017en\u00edka<\/h2>\n<h3>Stavebn\u00e9 stroje<\/h3>\n<p>V r\u00fdpadl\u00e1ch s\u00fa valce v\u00fdlo\u017en\u00edka nevyhnutn\u00e9 na kopanie, nakladanie a premiest\u0148ovanie zeminy alebo sutiny. Ich schopnos\u0165 u\u013eah\u010dova\u0165 presn\u00e9 pohyby je k\u013e\u00fa\u010dov\u00e1 pre efekt\u00edvne v\u00fdkopov\u00e9 \u010dinnosti. Okrem toho v r\u00fdpadlo-naklada\u010doch tieto valce pom\u00e1haj\u00fa pri kopan\u00ed aj zdv\u00edhan\u00ed, v\u010faka \u010domu s\u00fa v\u0161estrann\u00fdmi n\u00e1strojmi na stavenisk\u00e1ch.<\/p>\n<h3>Po\u013enohospod\u00e1rske stroje<\/h3>\n<p>Valce v\u00fdlo\u017en\u00edka, ktor\u00e9 sa pou\u017e\u00edvaj\u00fa v \u010deln\u00fdch naklada\u010doch, s\u00fa k\u013e\u00fa\u010dov\u00fdmi komponentmi na naberanie, zdv\u00edhanie a prepravu p\u00f4dy, sena a in\u00fdch materi\u00e1lov. Ich hydromechanick\u00e9 schopnosti zvy\u0161uj\u00fa efektivitu po\u013enohospod\u00e1rskych oper\u00e1ci\u00ed, najm\u00e4 pri \u00faloh\u00e1ch vy\u017eaduj\u00facich \u0165a\u017ek\u00e9 zdv\u00edhanie alebo presn\u00e9 umiest\u0148ovanie materi\u00e1lov.<\/p>\n<h3>R\u00fdpadl\u00e1<\/h3>\n<p>V r\u00fdpadl\u00e1ch umo\u017e\u0148uje valec v\u00fdlo\u017en\u00edka prenikn\u00fa\u0165 do p\u00f4dy a vykon\u00e1va\u0165 efekt\u00edvne kopacie \u010dinnosti. Tento mechanizmus je k\u013e\u00fa\u010dov\u00fd pre r\u00f4zne v\u00fdkopov\u00e9 \u00falohy a umo\u017e\u0148uje obsluhe dosiahnu\u0165 po\u017eadovan\u00fa h\u013abku kopania s presnos\u0165ou a r\u00fdchlos\u0165ou.<\/p>\n<h3>Naklada\u010de<\/h3>\n<p>V \u010deln\u00fdch naklada\u010doch valce v\u00fdlo\u017en\u00edka prispievaj\u00fa k efekt\u00edvnemu zdv\u00edhaniu a vysyp\u00e1vaniu materi\u00e1lov. Ich kon\u0161trukcia zais\u0165uje plynul\u00fd chod, \u010do je k\u013e\u00fa\u010dov\u00e9 pre udr\u017eanie produktivity pri nakladan\u00ed.<\/p>\n<h2>\u00davahy o dizajne a \u0161tandardy v\u00fdberu<\/h2>\n<h3>Nosnos\u0165<\/h3>\n<p>Nosnos\u0165 je kritick\u00fdm kon\u0161truk\u010dn\u00fdm faktorom pri v\u00fdbere valca v\u00fdlo\u017en\u00edka. Ur\u010duje, ak\u00fa hmotnos\u0165 m\u00f4\u017ee valec unies\u0165 bez ohrozenia integrity. V\u00fdrobcovia musia presne pos\u00fadi\u0165 o\u010dak\u00e1van\u00e9 za\u0165a\u017eenie po\u010das prev\u00e1dzky, aby sa zabezpe\u010dilo, \u017ee valec bezpe\u010dne zvl\u00e1dne po\u017eadovan\u00fa hmotnos\u0165. Nosnos\u0165 by mala by\u0165 v s\u00falade so \u0161pecifick\u00fdmi aplik\u00e1ciami r\u00fdpadla a mala by poskytova\u0165 rovnov\u00e1hu medzi v\u00fdkonom a bezpe\u010dnos\u0165ou.<\/p>\n<h3>Tesnenie a trvanlivos\u0165<\/h3>\n<p>Tesnenie je nevyhnutn\u00e9 na udr\u017eanie hydraulick\u00e9ho tlaku a zabr\u00e1nenie \u00fanikom. V\u00fdber tesnen\u00ed, ako s\u00fa tesnenia piestov a tesnenia ty\u010d\u00ed, v\u00fdznamne ovplyv\u0148uje v\u00fdkon valca. Vysokokvalitn\u00e9 tesnenia vyroben\u00e9 z materi\u00e1lov ako polyuret\u00e1n a nitrilov\u00fd kau\u010duk zvy\u0161uj\u00fa trvanlivos\u0165 a odolnos\u0165 vo\u010di oderu a environment\u00e1lnym faktorom. Okrem toho, teleso valca a z\u00e1vitov\u00e9 koncov\u00e9 plochy prech\u00e1dzaj\u00fa presn\u00fdm obr\u00e1ban\u00edm, aby sa zlep\u0161ila odolnos\u0165 proti opotrebovaniu a pred\u013a\u017eila sa prev\u00e1dzkov\u00e1 \u017eivotnos\u0165.<\/p>\n<h3>Bezpe\u010dnos\u0165 a \u00fadr\u017eba<\/h3>\n<p>Bezpe\u010dnostn\u00e9 prvky s\u00fa pri kon\u0161trukcii hydraulick\u00fdch valcov prvorad\u00e9. Za\u010dlenenie prvkov, ktor\u00e9 zabra\u0148uj\u00fa nadmern\u00e9mu natiahnutiu alebo nadmern\u00e9mu tlaku, je nevyhnutn\u00e9 na predch\u00e1dzanie katastrof\u00e1lnym poruch\u00e1m. Okrem toho, jednoduch\u00e1 \u00fadr\u017eba zohr\u00e1va k\u013e\u00fa\u010dov\u00fa \u00falohu pri zabezpe\u010dovan\u00ed dlhej \u017eivotnosti valca. Kon\u0161trukcia by mala umo\u017e\u0148ova\u0165 jednoduch\u00fd pr\u00edstup pri kontrol\u00e1ch a oprav\u00e1ch, \u010do by umo\u017e\u0148ovalo be\u017en\u00fa \u00fadr\u017ebu bez rozsiahlych prestojov.<\/p>\n<p><img decoding=\"async\" src=\"https:\/\/www.hydraulic-cylinders.net\/wp-content\/uploads\/2025\/04\/songte-oil-pipes-and-spare-parts.webp\" alt=\"Komponenty hydraulick\u00e9ho valca\"><\/p>\n<h2>Tesnenie a mazanie<\/h2>\n<p>\u00da\u010dinnos\u0165 hydraulick\u00e9ho valca do zna\u010dnej miery z\u00e1vis\u00ed od spr\u00e1vnych postupov tesnenia a mazania. R\u00f4zne tesniace komponenty, vr\u00e1tane tesnen\u00ed piestov a tesnen\u00ed ty\u010d\u00ed, s\u00fa k\u013e\u00fa\u010dov\u00e9 pre udr\u017eanie tlakovej integrity a prevenciu \u00faniku kvapaliny. Tesnenia vyroben\u00e9 z materi\u00e1lov odoln\u00fdch vo\u010di opotrebovaniu, ako je polyuret\u00e1n a nitrilov\u00e1 guma, zabezpe\u010duj\u00fa dlh\u00fa \u017eivotnos\u0165 a spo\u013eahlivos\u0165. Okrem toho s\u00fa teleso valca a z\u00e1vitov\u00e9 koncov\u00e9 povrchy prec\u00edzne opracovan\u00e9, aby sa zv\u00fd\u0161ila odolnos\u0165 vo\u010di drsn\u00fdm podmienkam.<\/p>\n<p>Pravideln\u00e9 mazanie je nevyhnutn\u00e9 pre plynul\u00fd chod. Je potrebn\u00e9 pravidelne dop\u013a\u0148a\u0165 hydraulick\u00fd olej, aby sa zn\u00ed\u017eilo trenie a opotrebovanie medzi pohybliv\u00fdmi \u010das\u0165ami. Tento postup nielen predl\u017euje \u017eivotnos\u0165 valca, ale tie\u017e optimalizuje jeho v\u00fdkon po\u010das prev\u00e1dzky. Zanedbanie mazania m\u00f4\u017ee vies\u0165 k zna\u010dn\u00fdm prev\u00e1dzkov\u00fdm probl\u00e9mom a n\u00e1kladn\u00fdm oprav\u00e1m.<\/p>\n<h2>Opatrenia prevent\u00edvnej \u00fadr\u017eby<\/h2>\n<ul>\n<li><strong>Pravideln\u00e9 kontroly:<\/strong> Pravideln\u00e9 kontroly hydraulick\u00e9ho syst\u00e9mu m\u00f4\u017eu odhali\u0165 potenci\u00e1lne probl\u00e9my sk\u00f4r, ako sa zhor\u0161ia. Po\u010das prev\u00e1dzky h\u013eadajte zn\u00e1mky opotrebovania, netesnost\u00ed alebo nezvy\u010dajn\u00fdch zvukov. V\u010dasn\u00e1 detekcia m\u00f4\u017ee zabr\u00e1ni\u0165 n\u00e1kladn\u00fdm poruch\u00e1m a zabezpe\u010di\u0165 optim\u00e1lnu funk\u010dnos\u0165.<\/li>\n<li><strong>Vhodn\u00e9 mazanie:<\/strong> Zabezpe\u010denie dostato\u010dn\u00e9ho mazania hydraulick\u00e9ho valca je k\u013e\u00fa\u010dov\u00e9 pre efekt\u00edvny v\u00fdkon. Pou\u017e\u00edvajte odpor\u00fa\u010dan\u00fd typ hydraulick\u00e9ho oleja a udr\u017eiavajte spr\u00e1vnu hladinu oleja, aby ste minimalizovali trenie a opotrebovanie komponentov.<\/li>\n<li><strong>V\u00fdmena tesnenia:<\/strong> Tesnenia sa \u010dasom m\u00f4\u017eu opotrebova\u0165 a je potrebn\u00e9 ich vymeni\u0165. Pravidelne kontrolujte stav tesnen\u00ed a v pr\u00edpade potreby ich vyme\u0148te, aby ste zachovali hydraulick\u00fa integritu a predi\u0161li \u00fanikom.<\/li>\n<\/ul>\n<h2>Pokyny pre spr\u00e1vnu in\u0161tal\u00e1ciu<\/h2>\n<p>Spr\u00e1vna in\u0161tal\u00e1cia valca v\u00fdlo\u017en\u00edka je nevyhnutn\u00e1 pre zabezpe\u010denie jeho optim\u00e1lneho v\u00fdkonu a dlhej \u017eivotnosti. Za\u010dnite spr\u00e1vnym zarovnan\u00edm valca s mont\u00e1\u017enymi bodmi na r\u00fdpadle. Na upevnenie valca na mieste pou\u017eite vhodn\u00e9 mont\u00e1\u017ene konzoly, aby ste predi\u0161li ak\u00e9muko\u013evek nespr\u00e1vnemu zarovnaniu po\u010das prev\u00e1dzky. Je nevyhnutn\u00e9 dodr\u017eiava\u0165 \u0161pecifik\u00e1cie v\u00fdrobcu t\u00fdkaj\u00face sa nastavenia kr\u00fatiaceho momentu a sp\u00f4sobov upevnenia, aby ste predi\u0161li nadmern\u00e9mu nam\u00e1haniu valca.<\/p>\n<p>Po\u010das in\u0161tal\u00e1cie sa uistite, \u017ee hydraulick\u00e9 pripojenia s\u00fa bezpe\u010dn\u00e9 a bez \u00fanikov. Skontrolujte v\u0161etky hadice a armat\u00fary, \u010di nevykazuj\u00fa zn\u00e1mky po\u0161kodenia alebo opotrebovania, a vyme\u0148te v\u0161etky komponenty, ktor\u00e9 nesp\u013a\u0148aj\u00fa bezpe\u010dnostn\u00e9 normy. Po in\u0161tal\u00e1cii vykonajte d\u00f4kladn\u00fa kontrolu syst\u00e9mu, aby ste sa uistili, \u017ee valec funguje hladko a efekt\u00edvne, a a\u017e potom uve\u010fte zariadenie do prev\u00e1dzky. Spr\u00e1vne zarovnanie a in\u0161tal\u00e1cia s\u00fa k\u013e\u00fa\u010dom k maximaliz\u00e1cii prev\u00e1dzkovej \u017eivotnosti valca ramena.<\/p>\n<p><img decoding=\"async\" src=\"https:\/\/www.hydraulic-cylinders.net\/wp-content\/uploads\/2025\/04\/songte-chushion-collar.webp\" alt=\"In\u0161tal\u00e1cia valca v\u00fdlo\u017en\u00edka\"><\/p>\n<h2>Bezpe\u010dnostn\u00e9 aspekty a faktory prostredia<\/h2>\n<p>Bezpe\u010dnos\u0165 je pri obsluhe hydraulick\u00fdch valcov prvorad\u00e1, najm\u00e4 v \u0165a\u017ek\u00fdch strojoch, ako s\u00fa bagre. Zavedenie bezpe\u010dnostn\u00fdch opatren\u00ed, ako je riadne \u0161kolenie obsluhy a pravideln\u00e9 bezpe\u010dnostn\u00e9 kontroly, m\u00f4\u017ee v\u00fdrazne zn\u00ed\u017ei\u0165 riziko neh\u00f4d. Obsluha by mala by\u0165 obozn\u00e1men\u00e1 s mo\u017enos\u0165ami a obmedzeniami hydraulick\u00e9ho syst\u00e9mu, aby sa predi\u0161lo pre\u0165a\u017eeniu a zabezpe\u010dila sa bezpe\u010dn\u00e1 prev\u00e1dzka.<\/p>\n<p>Environment\u00e1lne faktory tie\u017e zohr\u00e1vaj\u00fa k\u013e\u00fa\u010dov\u00fa \u00falohu v \u017eivotnosti a v\u00fdkonnosti hydraulick\u00fdch valcov. Vystavenie extr\u00e9mnym teplot\u00e1m, vlhkosti a koroz\u00edvnym l\u00e1tkam m\u00f4\u017ee oslabi\u0165 tesnenia a komponenty. V\u00fdber spr\u00e1vnych materi\u00e1lov a ochrann\u00fdch n\u00e1terov m\u00f4\u017ee tieto rizik\u00e1 zmierni\u0165 a zabezpe\u010di\u0165, aby valec zostal funk\u010dn\u00fd a spo\u013eahliv\u00fd aj napriek environment\u00e1lnym v\u00fdzvam.<\/p>\n<h2>Rie\u0161enie be\u017en\u00fdch probl\u00e9mov<\/h2>\n<ul>\n<li><strong>\u00daniky hydraulickej kvapaliny:<\/strong> K \u00fanikom m\u00f4\u017ee d\u00f4js\u0165 v d\u00f4sledku opotrebovan\u00fdch tesnen\u00ed alebo po\u0161koden\u00fdch had\u00edc. Pravidelne kontrolujte hydraulick\u00fd syst\u00e9m, \u010di nevykazuje zn\u00e1mky \u00fanikov, a v\u0161etky po\u0161koden\u00e9 komponenty ihne\u010f vyme\u0148te.<\/li>\n<li><strong>Pomal\u00fd pohyb valca:<\/strong> Ak valec reaguje pomaly, m\u00f4\u017ee to znamena\u0165 n\u00edzku hladinu hydraulickej kvapaliny alebo vzduch zachyten\u00fd v syst\u00e9me. Skontrolujte hladiny kvapal\u00edn a v pr\u00edpade potreby syst\u00e9m odvzdu\u0161nite, aby ste zabezpe\u010dili spr\u00e1vnu prev\u00e1dzku.<\/li>\n<li><strong>Nezvy\u010dajn\u00e9 zvuky:<\/strong> Hluky ako \u0161kr\u00edpanie alebo v\u0155zganie m\u00f4\u017eu nazna\u010dova\u0165 mechanick\u00e9 probl\u00e9my vo valci. Presk\u00famajte zdroj hluku a vykonajte potrebn\u00e9 opravy, aby ste predi\u0161li \u010fal\u0161iemu po\u0161kodeniu.<\/li>\n<\/ul>\n<h2>Tipy na efekt\u00edvne rie\u0161enie probl\u00e9mov<\/h2>\n<p>Pre efekt\u00edvnu diagnostiku a rie\u0161enie probl\u00e9mov s valcom ramena je nevyhnutn\u00e9 zavies\u0165 systematick\u00fd pr\u00edstup. Za\u010dnite identifik\u00e1ciou pr\u00edznakov a ich korel\u00e1ciou s potenci\u00e1lnymi pr\u00ed\u010dinami. Uchov\u00e1vajte si podrobn\u00fd z\u00e1znam o v\u0161etk\u00fdch probl\u00e9moch a vykonan\u00fdch oprav\u00e1ch, \u010do v\u00e1m m\u00f4\u017ee pom\u00f4c\u0165 pri bud\u00facom \u00fasil\u00ed o rie\u0161enie probl\u00e9mov.<\/p>\n<p>Pravideln\u00e1 \u00fadr\u017eba a kontroly m\u00f4\u017eu v\u00fdrazne zn\u00ed\u017ei\u0165 pravdepodobnos\u0165 vzniku probl\u00e9mov. Zav\u00e1dzajte prevent\u00edvne opatrenia, ako s\u00fa pravideln\u00e9 kontroly tesnen\u00ed, had\u00edc a hladiny kvapal\u00edn, aby ste udr\u017eali optim\u00e1lny v\u00fdkon. Okrem toho, \u0161kolenie oper\u00e1torov v rozpozn\u00e1van\u00ed v\u010dasn\u00fdch varovn\u00fdch sign\u00e1lov m\u00f4\u017ee pom\u00f4c\u0165 pri rie\u0161en\u00ed probl\u00e9mov sk\u00f4r, ako sa vyhrotia.<\/p>\n<p><img decoding=\"async\" src=\"https:\/\/www.hydraulic-cylinders.net\/wp-content\/uploads\/2025\/04\/songte-bushings-with-all-kinds-of-excavator-models.webp\" alt=\"\u010casti hydraulick\u00e9ho valca\"><\/p>\n<h2>O na\u0161ej spolo\u010dnosti<\/h2>\n<p>Sme popredn\u00fdm v\u00fdrobcom hydraulick\u00fdch valcov, \u0161pecializuj\u00facim sa na v\u00fdrobu vysokokvalitn\u00fdch n\u00e1hradn\u00fdch dielov pre r\u00f4zne \u0165a\u017ek\u00e9 stroje. N\u00e1\u0161 rozsiahly sortiment produktov n\u00e1s rad\u00ed medzi popredn\u00fdch v\u00fdrobcov a ve\u013ekoobchodn\u00fdch distrib\u00fatorov na dom\u00e1com aj medzin\u00e1rodnom trhu. Dodr\u017eiavame pr\u00edsne \u0161tandardy kvality, vyu\u017e\u00edvame prec\u00edzne v\u00fdrobn\u00e9 procesy a pokro\u010dil\u00e9 strat\u00e9gie riadenia v\u00fdroby.<\/p>\n<p>Na\u0161a spolo\u010dnos\u0165 sa p\u00fd\u0161i svojou technickou odbornos\u0165ou a vyu\u017e\u00edva najmodernej\u0161ie digit\u00e1lne v\u00fdrobn\u00e9 zariadenia a profesion\u00e1lne testovacie syst\u00e9my na zlep\u0161enie na\u0161ich v\u00fdrobn\u00fdch kapac\u00edt. Neust\u00e1le vylep\u0161ujeme na\u0161u v\u00fdrobn\u00fa platformu, aby sme zabezpe\u010dili vysok\u00fa efektivitu, presnos\u0165 a kvalitu a splnili tak rozmanit\u00e9 potreby na\u0161ich z\u00e1kazn\u00edkov s vynikaj\u00facou kvalitou.<\/p>\n<p>Pon\u00fakame rie\u0161enia na mieru prisp\u00f4soben\u00e9 \u0161pecifick\u00fdm po\u017eiadavk\u00e1m, ktor\u00e9 s\u00fa podlo\u017een\u00e9 medzin\u00e1rodn\u00fdmi certifik\u00e1ciami, ktor\u00e9 zaru\u010duj\u00fa spo\u013eahlivos\u0165 produktov. N\u00e1\u0161 robustn\u00fd popredajn\u00fd servis zais\u0165uje spokojnos\u0165 z\u00e1kazn\u00edkov a efekt\u00edvne rie\u0161i v\u0161etky ot\u00e1zky alebo obavy.<\/p>\n<p><img decoding=\"async\" src=\"https:\/\/www.hydraulic-cylinders.net\/wp-content\/uploads\/2025\/04\/songte-company-4.webp\" alt=\"Preh\u013ead spolo\u010dnosti\"><br \/>\n<img decoding=\"async\" src=\"https:\/\/www.hydraulic-cylinders.net\/wp-content\/uploads\/2025\/04\/songte-company-3.webp\" alt=\"Pokro\u010dil\u00e9 v\u00fdrobn\u00e9 zariadenie\"><\/p>\n<p>Autor: lyl<\/p>","protected":false},"excerpt":{"rendered":"<p>Boom Cylinder For Volwa Small Excavator DLS880-8B Product Overview The Boom Cylinder for Volwa Small Excavator DLS880-8B is a crucial hydraulic component designed to enhance the performance of excavators, specifically in controlling the movement of the boom. This hydraulic cylinder plays an essential role in various heavy machinery, such as excavators, backhoe loaders, and front-end [&hellip;]<\/p>","protected":false},"featured_media":17880,"comment_status":"open","ping_status":"closed","template":"","meta":{"_et_pb_use_builder":"","_et_pb_old_content":"","_et_gb_content_width":""},"product_brand":[],"product_cat":[1546],"product_tag":[1547,1496],"class_list":{"0":"post-19602","1":"product","2":"type-product","3":"status-publish","4":"has-post-thumbnail","6":"product_cat-boom-cylinders","7":"product_tag-boom-cylinders","8":"product_tag-hydraulic-cylinders","10":"first","11":"instock","12":"shipping-taxable","13":"product-type-simple"},"amp_enabled":true,"_links":{"self":[{"href":"https:\/\/www.hydraulic-cylinders.net\/sk\/wp-json\/wp\/v2\/product\/19602","targetHints":{"allow":["GET"]}}],"collection":[{"href":"https:\/\/www.hydraulic-cylinders.net\/sk\/wp-json\/wp\/v2\/product"}],"about":[{"href":"https:\/\/www.hydraulic-cylinders.net\/sk\/wp-json\/wp\/v2\/types\/product"}],"replies":[{"embeddable":true,"href":"https:\/\/www.hydraulic-cylinders.net\/sk\/wp-json\/wp\/v2\/comments?post=19602"}],"wp:featuredmedia":[{"embeddable":true,"href":"https:\/\/www.hydraulic-cylinders.net\/sk\/wp-json\/wp\/v2\/media\/17880"}],"wp:attachment":[{"href":"https:\/\/www.hydraulic-cylinders.net\/sk\/wp-json\/wp\/v2\/media?parent=19602"}],"wp:term":[{"taxonomy":"product_brand","embeddable":true,"href":"https:\/\/www.hydraulic-cylinders.net\/sk\/wp-json\/wp\/v2\/product_brand?post=19602"},{"taxonomy":"product_cat","embeddable":true,"href":"https:\/\/www.hydraulic-cylinders.net\/sk\/wp-json\/wp\/v2\/product_cat?post=19602"},{"taxonomy":"product_tag","embeddable":true,"href":"https:\/\/www.hydraulic-cylinders.net\/sk\/wp-json\/wp\/v2\/product_tag?post=19602"}],"curies":[{"name":"pracovn\u00fd list","href":"https:\/\/api.w.org\/{rel}","templated":true}]}}