{"id":19609,"date":"2025-04-07T06:57:14","date_gmt":"2025-04-07T06:57:14","guid":{"rendered":"https:\/\/www.hydraulic-cylinders.net\/product\/boom-cylinder-for-volwa-middle-excavator-dls220-8b\/"},"modified":"2025-04-07T06:57:16","modified_gmt":"2025-04-07T06:57:16","slug":"boom-cylinder-for-volwa-middle-excavator-dls220-8b","status":"publish","type":"product","link":"https:\/\/www.hydraulic-cylinders.net\/sk\/produkt\/boom-cylinder-for-volwa-middle-excavator-dls220-8b\/","title":{"rendered":"Valec v\u00fdlo\u017en\u00edka pre stredn\u00e9 r\u00fdpadlo Volwa DLS220-8B"},"content":{"rendered":"<h1>Valec v\u00fdlo\u017en\u00edka pre stredn\u00e9 r\u00fdpadlo Volwa DLS220-8B<\/h1>\n<h2>Preh\u013ead produktu<\/h2>\n<p>Hydraulick\u00fd valec v\u00fdlo\u017en\u00edka pre stredn\u00fd bager Volwa DLS220-8B je k\u013e\u00fa\u010dovou s\u00fa\u010das\u0165ou \u0165a\u017ek\u00fdch strojov, \u0161peci\u00e1lne navrhnut\u00fd na ovl\u00e1danie pohybu ly\u017eice v bagroch, r\u00fdpadlo-naklada\u010doch a \u010deln\u00fdch naklada\u010doch. Tento hydraulick\u00fd valec umo\u017e\u0148uje zdv\u00edhanie, sp\u00fa\u0161\u0165anie a nakl\u00e1\u0148anie ly\u017eice, v\u010faka \u010domu je nevyhnutn\u00fdm n\u00e1strojom pre manipul\u00e1ciu s materi\u00e1lom. Valec ly\u017eice pracuje v hydraulick\u00fdch syst\u00e9moch, kde tlakov\u00fd hydraulick\u00fd olej umo\u017e\u0148uje efekt\u00edvny pohyb a presn\u00e9 ovl\u00e1danie \u0165a\u017ek\u00fdch bremien. Jeho kon\u0161trukcia nielen zvy\u0161uje v\u00fdkon, ale zais\u0165uje aj odolnos\u0165 a spo\u013eahlivos\u0165 v extr\u00e9mnych pracovn\u00fdch podmienkach.<\/p>\n<p><img decoding=\"async\" src=\"https:\/\/www.hydraulic-cylinders.net\/wp-content\/uploads\/2025\/04\/songte-company-1.webp\" alt=\"Valec v\u00fdlo\u017en\u00edka pre bager\" \/><\/p>\n<h2>K\u013e\u00fa\u010dov\u00e9 vlastnosti<\/h2>\n<ul>\n<li><strong>Vysok\u00e1 pevnos\u0165 a odolnos\u0165:<\/strong> V\u00fdlo\u017en\u00edkov\u00fd valec je vyroben\u00fd z vysokopevnostnej ocele alebo hlin\u00edka a odol\u00e1 vysok\u00e9mu tlaku a \u0165a\u017ek\u00fdm za\u0165a\u017eeniam. Je navrhnut\u00fd tak, aby vydr\u017eal n\u00e1ro\u010dn\u00e9 pracovn\u00e9 prostredie so zameran\u00edm na odolnos\u0165 vo\u010di opotrebovaniu a ochranu proti kor\u00f3zii, \u010d\u00edm sa predl\u017euje jeho \u017eivotnos\u0165.<\/li>\n<li><strong>Efekt\u00edvna hydraulick\u00e1 prev\u00e1dzka:<\/strong> Vyu\u017eitie hydraulick\u00e9ho tlaku oleja umo\u017e\u0148uje plynul\u00e9 vys\u00favanie a zas\u00favanie, \u010do umo\u017e\u0148uje r\u00fdchlu reakciu na ovl\u00e1dacie povely a poskytuje zna\u010dn\u00e9 tla\u010dn\u00e9 a \u0165ahov\u00e9 sily vhodn\u00e9 na manipul\u00e1ciu s \u0165a\u017ek\u00fdmi predmetmi a zlo\u017eit\u00e9 \u00falohy.<\/li>\n<li><strong>R\u00f4zne typy:<\/strong> K dispoz\u00edcii s\u00fa v jedno\u010dinnom (hydraulick\u00fd pohon pou\u017e\u00edvan\u00fd v jednom smere) alebo dvoj\u010dinnom (hydraulick\u00fd pohon pou\u017e\u00edvan\u00fd v oboch smeroch) pre splnenie r\u00f4znych prev\u00e1dzkov\u00fdch potrieb. Niektor\u00e9 modely maj\u00fa teleskopick\u00fa kon\u0161trukciu, ktor\u00e1 umo\u017e\u0148uje v\u00e4\u010d\u0161ie vysunutie bez zv\u00e4\u010d\u0161enia vonkaj\u0161\u00edch rozmerov, ide\u00e1lne pre aplik\u00e1cie s obmedzen\u00fdm priestorom.<\/li>\n<li><strong>V\u00fdroba na mieru:<\/strong> Tento produkt dok\u00e1\u017eeme vyrobi\u0165 tak, aby dokonale nahradil existuj\u00face hydraulick\u00e9 valce, \u010d\u00edm zabezpe\u010d\u00edme kompatibilitu a spo\u013eahlivos\u0165.<\/li>\n<li><strong>Komplexn\u00e9 zabezpe\u010denie kvality:<\/strong> N\u00e1\u0161 v\u00fdrobn\u00fd proces sa riadi pr\u00edsnymi kontrolami kvality, \u010d\u00edm sa zabezpe\u010duje, \u017ee ka\u017ed\u00fd valec v\u00fdlo\u017en\u00edka sp\u013a\u0148a priemyseln\u00e9 \u0161tandardy pre v\u00fdkon a bezpe\u010dnos\u0165.<\/li>\n<\/ul>\n<p><img decoding=\"async\" src=\"https:\/\/www.hydraulic-cylinders.net\/wp-content\/uploads\/2025\/04\/songte-cylinder-head-with-all-kinds-excavator-models.webp\" alt=\"Valec bagra\" \/><\/p>\n<h2>Aplik\u00e1cie<\/h2>\n<h3>Stavebn\u00e9 stroje<\/h3>\n<p>V r\u00fdpadl\u00e1ch s\u00fa valce v\u00fdlo\u017en\u00edka nevyhnutn\u00e9 na kopanie, nakladanie a premiest\u0148ovanie zeminy alebo sutiny. U\u013eah\u010duj\u00fa nielen proces kopania, ale pom\u00e1haj\u00fa aj pri zdv\u00edhan\u00ed \u0165a\u017ek\u00fdch bremien, v\u010faka \u010domu s\u00fa nevyhnutn\u00e9 na stavenisk\u00e1ch, kde sa vy\u017eaduje efektivita a presnos\u0165.<\/p>\n<h3>Po\u013enohospod\u00e1rske stroje<\/h3>\n<p>V \u010deln\u00fdch naklada\u010doch hraj\u00fa tieto valce k\u013e\u00fa\u010dov\u00fa \u00falohu pri naberan\u00ed, zdv\u00edhan\u00ed a preprave p\u00f4dy, sena a in\u00fdch materi\u00e1lov. Ich schopnos\u0165 plynule fungova\u0165 za r\u00f4znych podmienok ich rob\u00ed nevyhnutn\u00fdmi pre po\u013enohospod\u00e1rske oper\u00e1cie, ktor\u00e9 vy\u017eaduj\u00fa spo\u013eahlivos\u0165 a v\u00fdkon.<\/p>\n<h3>R\u00fdpadl\u00e1<\/h3>\n<p>Valec v\u00fdlo\u017en\u00edka umo\u017e\u0148uje ly\u017eici efekt\u00edvne prenika\u0165 do zeme, \u010do umo\u017e\u0148uje hlbok\u00e9 kopanie. Jeho kon\u0161trukcia zabezpe\u010duje, \u017ee r\u00fdpadlo dok\u00e1\u017ee vykon\u00e1va\u0165 zlo\u017eit\u00e9 \u00falohy s \u013eahkos\u0165ou a efekt\u00edvnos\u0165ou, v\u010faka \u010domu je v tomto odvetv\u00ed preferovanou vo\u013ebou.<\/p>\n<h3>Naklada\u010de<\/h3>\n<p>V \u010deln\u00fdch naklada\u010doch pom\u00e1haj\u00fa valce v\u00fdlo\u017en\u00edka efekt\u00edvne zdv\u00edha\u0165 a vyklada\u0165 n\u00e1klad. Ich spo\u013eahliv\u00e1 funk\u010dnos\u0165 zabezpe\u010duje r\u00fdchly a bezpe\u010dn\u00fd pohyb materi\u00e1lov, \u010d\u00edm sa zvy\u0161uje produktivita na stavenisku.<\/p>\n<h2>\u00davahy o dizajne<\/h2>\n<h3>Nosnos\u0165<\/h3>\n<p>Nosnos\u0165 valca v\u00fdlo\u017en\u00edka je rozhoduj\u00faca pre zabezpe\u010denie toho, aby zvl\u00e1dol maxim\u00e1lnu hmotnos\u0165 materi\u00e1lov, s ktor\u00fdmi sa m\u00f4\u017ee stretn\u00fa\u0165 v r\u00f4znych aplik\u00e1ci\u00e1ch. Je nevyhnutn\u00e9 vybra\u0165 valec, ktor\u00fd zodpoved\u00e1 alebo prekra\u010duje o\u010dak\u00e1van\u00e9 limity za\u0165a\u017eenia, aby sa predi\u0161lo poruche po\u010das prev\u00e1dzky. Spo\u013eahliv\u00e9 pos\u00fadenie po\u017eiadaviek na za\u0165a\u017eenie pom\u00e1ha pri v\u00fdbere spr\u00e1vneho valca pre dan\u00fa pr\u00e1cu, \u010d\u00edm sa zabezpe\u010d\u00ed bezpe\u010dnos\u0165 a efekt\u00edvnos\u0165.<\/p>\n<h3>Tesnenie a trvanlivos\u0165<\/h3>\n<p>Tesnenie je nevyhnutn\u00e9 na zabr\u00e1nenie \u00faniku hydraulickej kvapaliny, ktor\u00fd m\u00f4\u017ee vies\u0165 k poruche syst\u00e9mu. Vysokokvalitn\u00e9 tesnenia s\u00fa navrhnut\u00e9 tak, aby odolali tlakom a podmienkam prostredia, s ktor\u00fdmi sa stret\u00e1vame v \u0165a\u017ek\u00fdch strojoch. Trvanlivos\u0165 tesnen\u00ed ovplyv\u0148uje celkov\u00fd v\u00fdkon a frekvenciu \u00fadr\u017eby hydraulick\u00e9ho syst\u00e9mu, \u010do z nich rob\u00ed k\u013e\u00fa\u010dov\u00fd faktor v procese n\u00e1vrhu.<\/p>\n<h3>Bezpe\u010dnostn\u00e9 prvky<\/h3>\n<p>Bezpe\u010dnostn\u00e9 prvky s\u00fa pri kon\u0161trukcii hydraulick\u00fdch valcov prvorad\u00e9, vr\u00e1tane pretlakov\u00fdch ventilov a bezpe\u010dnostn\u00fdch prvkov, ktor\u00e9 zabra\u0148uj\u00fa katastrofick\u00fdm poruch\u00e1m. Zaistenie bezpe\u010dnosti v kon\u0161trukcii pom\u00e1ha chr\u00e1ni\u0165 obsluhu a stroje, zni\u017euje riziko neh\u00f4d a zvy\u0161uje prev\u00e1dzkov\u00fa spo\u013eahlivos\u0165.<\/p>\n<h3>Pr\u00edstupnos\u0165 \u00fadr\u017eby<\/h3>\n<p>Navrhovanie pre jednoduch\u00fa \u00fadr\u017ebu je k\u013e\u00fa\u010dov\u00e9 pre dlh\u00fa \u017eivotnos\u0165 hydraulick\u00e9ho valca. Funkcie, ktor\u00e9 umo\u017e\u0148uj\u00fa jednoduch\u00fd pr\u00edstup k tesneniam, mazac\u00edm bodom a \u010fal\u0161\u00edm komponentom d\u00f4le\u017eit\u00fdm pre \u00fadr\u017ebu, zjednodu\u0161uj\u00fa proces \u00fadr\u017eby a zabezpe\u010duj\u00fa, \u017ee valec bude dlhodobo fungova\u0165 optim\u00e1lne.<\/p>\n<p><img decoding=\"async\" src=\"https:\/\/www.hydraulic-cylinders.net\/wp-content\/uploads\/2025\/04\/songte-oil-pipes-and-spare-parts.webp\" alt=\"\u010casti hydraulick\u00e9ho valca\" \/><\/p>\n<h2>Tesnenie a mazanie<\/h2>\n<p>Tesniaci mechanizmus valca v\u00fdlo\u017en\u00edka sa sklad\u00e1 z r\u00f4znych tesnen\u00ed vr\u00e1tane piestnych tesnen\u00ed a tesnen\u00ed ty\u010d\u00ed, vyroben\u00fdch z odoln\u00fdch materi\u00e1lov, ako je polyuret\u00e1n a nitrilov\u00e1 guma. Tieto materi\u00e1ly s\u00fa vybran\u00e9 pre svoju odolnos\u0165 vo\u010di opotrebovaniu a schopnos\u0165 odol\u00e1va\u0165 n\u00e1ro\u010dn\u00fdm prev\u00e1dzkov\u00fdm podmienkam. Teleso valca a z\u00e1vitov\u00e9 koncov\u00e9 povrchy s\u00fa jemne opracovan\u00e9, aby sa zv\u00fd\u0161ila odolnos\u0165 vo\u010di opotrebovaniu a zabezpe\u010dila sa dlh\u0161ia \u017eivotnos\u0165. Okrem toho je pravideln\u00e9 mazanie vhodn\u00fdm hydraulick\u00fdm olejom nevyhnutn\u00e9 pre udr\u017eanie plynul\u00e9ho chodu a zabr\u00e1nenie opotrebovaniu pohybliv\u00fdch \u010dast\u00ed, \u010do prispieva k celkovej \u00fa\u010dinnosti a funk\u010dnosti.<\/p>\n<h2>Opatrenia prevent\u00edvnej \u00fadr\u017eby<\/h2>\n<ul>\n<li><strong>Pravideln\u00e9 kontroly:<\/strong> Vykonajte vizu\u00e1lnu kontrolu valca, \u010di neobsahuje zn\u00e1mky netesnost\u00ed alebo po\u0161kodenia. Venujte zv\u00fd\u0161en\u00fa pozornos\u0165 tesneniam a spojovac\u00edm bodom, preto\u017ee v\u010dasn\u00e9 odhalenie probl\u00e9mov m\u00f4\u017ee zabr\u00e1ni\u0165 n\u00e1kladn\u00fdm oprav\u00e1m.<\/li>\n<li><strong>Spr\u00e1vne mazanie:<\/strong> Uistite sa, \u017ee valec je dostato\u010dne namazan\u00fd odpor\u00fa\u010dan\u00fdm hydraulick\u00fdm olejom. Pravidelne kontrolujte hladinu oleja a pod\u013ea potreby ho vyme\u0148te, aby ste udr\u017eali optim\u00e1lny v\u00fdkon.<\/li>\n<li><strong>V\u00fdmena tesnenia:<\/strong> Pravidelne kontrolujte stav tesnen\u00ed a vyme\u0148te ich pri prv\u00fdch zn\u00e1mkach opotrebenia, aby ste predi\u0161li \u00faniku hydraulickej kvapaliny a zabezpe\u010dili plynul\u00fd chod valca.<\/li>\n<\/ul>\n<h2>Pokyny na in\u0161tal\u00e1ciu<\/h2>\n<p>Pri in\u0161tal\u00e1cii valca ramena je nevyhnutn\u00e9 dodr\u017eiava\u0165 tieto pokyny:<\/p>\n<ul>\n<li>Uistite sa, \u017ee mont\u00e1\u017ene konzoly a ostatn\u00e9 komponenty s\u00fa spr\u00e1vne zarovnan\u00e9, aby sa predi\u0161lo nadmern\u00e9mu nam\u00e1haniu valca.<\/li>\n<li>Na upevnenie valca na mieste pou\u017eite vhodn\u00e9 mont\u00e1\u017ene podpery, ktor\u00e9 zabr\u00e1nia jeho pohybu po\u010das prev\u00e1dzky.<\/li>\n<li>Po in\u0161tal\u00e1cii skontrolujte tesnos\u0165 hydraulick\u00fdch spojov a uistite sa, \u017ee v\u0161etky tesnenia s\u00fa neporu\u0161en\u00e9 a funk\u010dn\u00e9.<\/li>\n<li>Pred pou\u017eit\u00edm v plnom rozsahu otestujte valec jeho prev\u00e1dzkou za kontrolovan\u00fdch podmienok, aby ste overili, \u010di funguje pod\u013ea o\u010dak\u00e1van\u00ed.<\/li>\n<\/ul>\n<h2>Be\u017en\u00e9 \u00falohy \u00fadr\u017eby<\/h2>\n<ul>\n<li><strong>Pravideln\u00e9 kontroly:<\/strong> Napl\u00e1nujte si pravideln\u00e9 kontroly, aby ste v\u010das odhalili ak\u00e9ko\u013evek probl\u00e9my a zabezpe\u010dili tak dlhodob\u00fd v\u00fdkon a spo\u013eahlivos\u0165.<\/li>\n<li><strong>Vhodn\u00e9 mazanie:<\/strong> Pre zabezpe\u010denie optim\u00e1lnej prev\u00e1dzky udr\u017eiavajte spr\u00e1vne hladiny mazania a pou\u017e\u00edvajte predp\u00edsan\u00fd hydraulick\u00fd olej.<\/li>\n<li><strong>V\u00fdmena a kalibr\u00e1cia tesnenia:<\/strong> Pravidelne vymie\u0148ajte tesnenia a kontrolujte zarovnanie a kalibr\u00e1ciu, aby ste zachovali presnos\u0165 prev\u00e1dzky. Spr\u00e1vne zarovnanie valca po\u010das in\u0161tal\u00e1cie je k\u013e\u00fa\u010dov\u00e9 pre zabr\u00e1nenie opotrebovaniu a pred\u013a\u017eenie \u017eivotnosti.<\/li>\n<\/ul>\n<p><img decoding=\"async\" src=\"https:\/\/www.hydraulic-cylinders.net\/wp-content\/uploads\/2025\/04\/songte-chushion-collar.webp\" alt=\"Vank\u00fa\u0161ov\u00fd golier\" \/><\/p>\n<h2>Bezpe\u010dnostn\u00e9 aspekty a faktory prostredia<\/h2>\n<p>Pri pr\u00e1ci s hydraulick\u00fdmi valcami je nevyhnutn\u00e9 zavies\u0165 bezpe\u010dnostn\u00e9 opatrenia na ochranu obsluhy aj \u017eivotn\u00e9ho prostredia. Spr\u00e1vne \u0161kolenie a dodr\u017eiavanie prev\u00e1dzkov\u00fdch pokynov s\u00fa k\u013e\u00fa\u010dov\u00e9 pre predch\u00e1dzanie nehod\u00e1m. Okrem toho, pou\u017e\u00edvanie ekologick\u00fdch hydraulick\u00fdch kvapal\u00edn m\u00f4\u017ee zmierni\u0165 rizik\u00e1 spojen\u00e9 s \u00fanikom, zabezpe\u010di\u0165 s\u00falad s environment\u00e1lnymi predpismi a podpori\u0165 udr\u017eate\u013en\u00e9 postupy.<\/p>\n<h2>Diagnostika por\u00fach a be\u017en\u00e9 probl\u00e9my<\/h2>\n<ul>\n<li><strong>\u00danik:<\/strong> \u00daniky, ktor\u00e9 sa be\u017ene pripisuj\u00fa opotrebovan\u00fdm tesneniam alebo nespr\u00e1vnej in\u0161tal\u00e1cii, m\u00f4\u017eu v\u00fdrazne zn\u00ed\u017ei\u0165 v\u00fdkon. Mali by sa vykon\u00e1va\u0165 pravideln\u00e9 kontroly, aby sa \u00faniky identifikovali a v\u010das odstr\u00e1nili.<\/li>\n<li><strong>Pomal\u00e1 prev\u00e1dzka:<\/strong> Tento probl\u00e9m m\u00f4\u017ee vznikn\u00fa\u0165 z d\u00f4vodu nedostato\u010dn\u00e9ho mno\u017estva hydraulickej kvapaliny alebo upchat\u00fdch filtrov, \u010do si vy\u017eaduje okam\u017eit\u00fa pozornos\u0165 na obnovenie optim\u00e1lnej funk\u010dnosti.<\/li>\n<li><strong>Nereaguj\u00face ovl\u00e1dacie prvky:<\/strong> M\u00f4\u017ee to nazna\u010dova\u0165 poruchu hydraulick\u00e9ho syst\u00e9mu, ktor\u00e1 si vy\u017eaduje d\u00f4kladn\u00fa kontrolu v\u0161etk\u00fdch komponentov na diagnostiku a odstr\u00e1nenie probl\u00e9mu.<\/li>\n<\/ul>\n<h2>Tipy na rie\u0161enie probl\u00e9mov<\/h2>\n<p>Na efekt\u00edvnu diagnostiku a rie\u0161enie probl\u00e9mov s valcom v\u00fdlo\u017en\u00edka:<\/p>\n<ul>\n<li>Vykon\u00e1vajte pravideln\u00e9 kontroly, aby ste identifikovali potenci\u00e1lne probl\u00e9my sk\u00f4r, ako sa vyhrotia. V\u010dasn\u00e9 odhalenie je k\u013e\u00fa\u010dom k udr\u017eaniu prev\u00e1dzkovej efekt\u00edvnosti.<\/li>\n<li>Pokyny na rie\u0161enie probl\u00e9mov n\u00e1jdete v \u0161pecifik\u00e1ci\u00e1ch v\u00fdrobcu a uistite sa, \u017ee v\u0161etky komponenty funguj\u00fa spr\u00e1vne.<\/li>\n<li>Zav\u00e1dzajte prevent\u00edvne opatrenia, ako je pravideln\u00e1 \u00fadr\u017eba, aby ste minimalizovali potenci\u00e1lne probl\u00e9my a pred\u013a\u017eili \u017eivotnos\u0165 hydraulick\u00e9ho valca.<\/li>\n<\/ul>\n<p><img decoding=\"async\" src=\"https:\/\/www.hydraulic-cylinders.net\/wp-content\/uploads\/2025\/04\/songte-bushings-with-all-kinds-of-excavator-models.webp\" alt=\"Puzdr\u00e1 bagerov\" \/><\/p>\n<h2>O na\u0161ej spolo\u010dnosti<\/h2>\n<p>Sme popredn\u00fdm v\u00fdrobcom n\u00e1hradn\u00fdch hydraulick\u00fdch valcov a poskytujeme komplexn\u00fd sortiment produktov pre dom\u00e1ci aj medzin\u00e1rodn\u00fd trh. N\u00e1\u0161 z\u00e1v\u00e4zok k excelentnosti je zrejm\u00fd v na\u0161ich prec\u00edznych v\u00fdrobn\u00fdch procesoch a strat\u00e9gi\u00e1ch riadenia priemyselnej v\u00fdroby. Neust\u00e1le vylep\u0161ujeme na\u0161u v\u00fdrobn\u00fa platformu vyu\u017e\u00edvan\u00edm kvalifikovan\u00e9ho technick\u00e9ho person\u00e1lu, najmodernej\u0161\u00edch digit\u00e1lnych v\u00fdrobn\u00fdch zariaden\u00ed a profesion\u00e1lnych testovac\u00edch syst\u00e9mov. Tento z\u00e1v\u00e4zok zabezpe\u010duje vysok\u00fa efektivitu, presnos\u0165 a kvalitu, \u010do n\u00e1m umo\u017e\u0148uje uspokoji\u0165 rozmanit\u00e9 potreby z\u00e1kazn\u00edkov.<\/p>\n<p><img decoding=\"async\" src=\"https:\/\/www.hydraulic-cylinders.net\/wp-content\/uploads\/2025\/04\/songte-company-4.webp\" alt=\"Preh\u013ead spolo\u010dnosti\" \/><br \/>\n<img decoding=\"async\" src=\"https:\/\/www.hydraulic-cylinders.net\/wp-content\/uploads\/2025\/04\/songte-company-3.webp\" alt=\"V\u00fdrobn\u00e9 zariadenia\" \/><\/p>\n<p>Na\u0161a spolo\u010dnos\u0165 sa p\u00fd\u0161i profesionalitou, medzin\u00e1rodn\u00fdmi certifik\u00e1ciami, z\u00e1kazkov\u00fdmi slu\u017ebami, modern\u00fdm v\u00fdrobn\u00fdm vybaven\u00edm a v\u00fdnimo\u010dnou popredajnou podporou. Na\u0161\u00edm cie\u013eom je poskytova\u0165 najlep\u0161ie hydraulick\u00e9 rie\u0161enia a zabezpe\u010di\u0165 spokojnos\u0165 z\u00e1kazn\u00edkov.<\/p>\n<p>Autor: lyl<\/p>","protected":false},"excerpt":{"rendered":"<p>Boom Cylinder For Volwa Middle Excavator DLS220-8B Product Overview The Boom Cylinder for Volwa Middle Excavator DLS220-8B is a crucial component in heavy machinery, specifically designed to control the motion of the bucket in excavators, backhoe loaders, and front loaders. This hydraulic cylinder allows for the lifting, lowering, and tilting of the bucket, making it [&hellip;]<\/p>","protected":false},"featured_media":17872,"comment_status":"open","ping_status":"closed","template":"","meta":{"_et_pb_use_builder":"","_et_pb_old_content":"","_et_gb_content_width":""},"product_brand":[],"product_cat":[1546],"product_tag":[1547,1496],"class_list":{"0":"post-19609","1":"product","2":"type-product","3":"status-publish","4":"has-post-thumbnail","6":"product_cat-boom-cylinders","7":"product_tag-boom-cylinders","8":"product_tag-hydraulic-cylinders","10":"first","11":"instock","12":"shipping-taxable","13":"product-type-simple"},"amp_enabled":true,"_links":{"self":[{"href":"https:\/\/www.hydraulic-cylinders.net\/sk\/wp-json\/wp\/v2\/product\/19609","targetHints":{"allow":["GET"]}}],"collection":[{"href":"https:\/\/www.hydraulic-cylinders.net\/sk\/wp-json\/wp\/v2\/product"}],"about":[{"href":"https:\/\/www.hydraulic-cylinders.net\/sk\/wp-json\/wp\/v2\/types\/product"}],"replies":[{"embeddable":true,"href":"https:\/\/www.hydraulic-cylinders.net\/sk\/wp-json\/wp\/v2\/comments?post=19609"}],"wp:featuredmedia":[{"embeddable":true,"href":"https:\/\/www.hydraulic-cylinders.net\/sk\/wp-json\/wp\/v2\/media\/17872"}],"wp:attachment":[{"href":"https:\/\/www.hydraulic-cylinders.net\/sk\/wp-json\/wp\/v2\/media?parent=19609"}],"wp:term":[{"taxonomy":"product_brand","embeddable":true,"href":"https:\/\/www.hydraulic-cylinders.net\/sk\/wp-json\/wp\/v2\/product_brand?post=19609"},{"taxonomy":"product_cat","embeddable":true,"href":"https:\/\/www.hydraulic-cylinders.net\/sk\/wp-json\/wp\/v2\/product_cat?post=19609"},{"taxonomy":"product_tag","embeddable":true,"href":"https:\/\/www.hydraulic-cylinders.net\/sk\/wp-json\/wp\/v2\/product_tag?post=19609"}],"curies":[{"name":"pracovn\u00fd list","href":"https:\/\/api.w.org\/{rel}","templated":true}]}}