{"id":19610,"date":"2025-04-07T06:57:16","date_gmt":"2025-04-07T06:57:16","guid":{"rendered":"https:\/\/www.hydraulic-cylinders.net\/product\/boom-cylinder-for-volwa-middle-excavator-dls260\/"},"modified":"2025-04-07T06:57:19","modified_gmt":"2025-04-07T06:57:19","slug":"boom-cylinder-for-volwa-middle-excavator-dls260","status":"publish","type":"product","link":"https:\/\/www.hydraulic-cylinders.net\/sk\/produkt\/boom-cylinder-for-volwa-middle-excavator-dls260\/","title":{"rendered":"Valec v\u00fdlo\u017en\u00edka pre stredn\u00e9 r\u00fdpadlo Volwa DLS260"},"content":{"rendered":"<h1>Valec v\u00fdlo\u017en\u00edka pre stredn\u00e9 r\u00fdpadlo Volwa DLS260<\/h1>\n<h2>Preh\u013ead produktu<\/h2>\n<p>Hydraulick\u00fd valec v\u00fdlo\u017en\u00edka pre stredn\u00fd bager Volwa DLS260 je k\u013e\u00fa\u010dovou s\u00fa\u010das\u0165ou modern\u00fdch hydraulick\u00fdch syst\u00e9mov pou\u017e\u00edvan\u00fdch v \u0165a\u017ek\u00fdch strojoch. Tento hydraulick\u00fd valec je \u0161peci\u00e1lne navrhnut\u00fd na ovl\u00e1danie pohybu ly\u017eice v r\u00f4znych \u0165a\u017ek\u00fdch zariadeniach, ako s\u00fa bagre, r\u00fdpadlo-naklada\u010de a \u010deln\u00e9 naklada\u010de. Umo\u017e\u0148uje ly\u017eici zdv\u00edha\u0165, sp\u00fa\u0161\u0165a\u0165 a nakl\u00e1\u0148a\u0165, \u010do u\u013eah\u010duje efekt\u00edvnu manipul\u00e1ciu s materi\u00e1lom.<\/p>\n<p>V podstate valec vedra funguje na princ\u00edpe hydraulick\u00e9ho tlaku, ktor\u00fd premie\u0148a energiu kvapaliny na mechanick\u00fa silu. T\u00e1to funkcia je nevyhnutn\u00e1 pre vykon\u00e1vanie \u00faloh, ako je kopanie, zdv\u00edhanie a preprava materi\u00e1lov, v\u010faka \u010domu je nevyhnutn\u00fdm n\u00e1strojom v stavebn\u00edctve, po\u013enohospod\u00e1rstve a ban\u00edctve.<\/p>\n<p><img decoding=\"async\" src=\"https:\/\/www.hydraulic-cylinders.net\/wp-content\/uploads\/2025\/04\/songte-company-1.webp\" alt=\"Obr\u00e1zok valca v\u00fdlo\u017en\u00edka\" \/><\/p>\n<h2>Vlastnosti valca v\u00fdlo\u017en\u00edka<\/h2>\n<ul>\n<li><strong>Vysok\u00e1 pevnos\u0165 a odolnos\u0165:<\/strong> Valec v\u00fdlo\u017en\u00edka je vyroben\u00fd z vysokopevnostnej ocele alebo hlin\u00edka a je navrhnut\u00fd tak, aby odolal vysok\u00e9mu tlaku a \u0165a\u017ek\u00e9mu za\u0165a\u017eeniu, v\u010faka \u010domu je vhodn\u00fd do n\u00e1ro\u010dn\u00fdch pracovn\u00fdch prostred\u00ed. Jeho kon\u0161trukcia kladie d\u00f4raz na odolnos\u0165 vo\u010di opotrebovaniu a kor\u00f3zii, \u010d\u00edm sa v\u00fdrazne predl\u017euje jeho \u017eivotnos\u0165.<\/li>\n<li><strong>Efekt\u00edvna hydraulick\u00e1 prev\u00e1dzka:<\/strong> Valec vyu\u017e\u00edva hydraulick\u00fd tlak oleja na dosiahnutie plynul\u00e9ho vys\u00favania a zas\u00favania, r\u00fdchlo reaguje na ovl\u00e1dacie povely a poskytuje zna\u010dn\u00fa tla\u010dn\u00fa a \u0165a\u017en\u00fa silu, ide\u00e1lnu na manipul\u00e1ciu s \u0165a\u017ek\u00fdmi predmetmi a zlo\u017eit\u00e9 \u00falohy.<\/li>\n<li><strong>R\u00f4zne typy:<\/strong> Valec v\u00fdlo\u017en\u00edka, ktor\u00fd je k dispoz\u00edcii v jedno\u010dinnej alebo dvoj\u010dinnej konfigur\u00e1cii, je mo\u017en\u00e9 prisp\u00f4sobi\u0165 r\u00f4znym prev\u00e1dzkov\u00fdm potreb\u00e1m. Niektor\u00e9 modely maj\u00fa teleskopick\u00e9 kon\u0161trukcie, ktor\u00e9 umo\u017e\u0148uj\u00fa v\u00e4\u010d\u0161ie vysunutie bez zv\u00e4\u010d\u0161enia vonkaj\u0161\u00edch rozmerov, \u010do je ide\u00e1lne pre aplik\u00e1cie s obmedzen\u00fdm priestorom.<\/li>\n<li><strong>Presn\u00e9 in\u017einierstvo:<\/strong> Ka\u017ed\u00fd valec je vyroben\u00fd s pr\u00edsnymi toleranciami, aby sa zabezpe\u010dil optim\u00e1lny v\u00fdkon, dlh\u00e1 \u017eivotnos\u0165 a spo\u013eahlivos\u0165 v n\u00e1ro\u010dn\u00fdch podmienkach.<\/li>\n<li><strong>Z\u00e1kazkov\u00e1 v\u00fdroba:<\/strong> \u0160pecializujeme sa na v\u00fdrobu tohto produktu, \u010d\u00edm zabezpe\u010dujeme, \u017ee na\u0161e hydraulick\u00e9 valce dokonale nahradia existuj\u00face modely a poskytn\u00fa bezprobl\u00e9mov\u00fa integr\u00e1ciu s r\u00f4znymi strojmi.<\/li>\n<\/ul>\n<p><img decoding=\"async\" src=\"https:\/\/www.hydraulic-cylinders.net\/wp-content\/uploads\/2025\/04\/songte-cylinder-head-with-all-kinds-excavator-models.webp\" alt=\"Obr\u00e1zok hlavy valcov\" \/><\/p>\n<h2>Aplik\u00e1cie valca v\u00fdlo\u017en\u00edka<\/h2>\n<h3>Stavebn\u00e9 stroje<\/h3>\n<p>V r\u00fdpadl\u00e1ch hr\u00e1 valec v\u00fdlo\u017en\u00edka k\u013e\u00fa\u010dov\u00fa \u00falohu pri kopan\u00ed, nakladan\u00ed a premiest\u0148ovan\u00ed zeminy alebo sutiny. Umo\u017e\u0148uje presn\u00e9 fungovanie ly\u017eice, \u010d\u00edm zabezpe\u010duje efekt\u00edvne vykop\u00e1vanie a prepravu materi\u00e1lov. V r\u00fdpadlo-naklada\u010doch valec ly\u017eice pom\u00e1ha nielen pri kopan\u00ed, ale aj pri zdv\u00edhan\u00ed, v\u010faka \u010domu je v\u0161estrann\u00fdm komponentom nevyhnutn\u00fdm pre stavebn\u00e9 pr\u00e1ce.<\/p>\n<h3>Po\u013enohospod\u00e1rske stroje<\/h3>\n<p>V \u010deln\u00fdch naklada\u010doch je valec v\u00fdlo\u017en\u00edka k\u013e\u00fa\u010dov\u00fd pre naberanie, zdv\u00edhanie a prepravu p\u00f4dy, sena a in\u00fdch materi\u00e1lov. Jeho spo\u013eahliv\u00fd v\u00fdkon zais\u0165uje efekt\u00edvne vykon\u00e1vanie \u00faloh, \u010d\u00edm sa zvy\u0161uje produktivita v po\u013enohospod\u00e1rskych oper\u00e1ci\u00e1ch. Bez spr\u00e1vne funguj\u00faceho valca by bola \u00fa\u010dinnos\u0165 t\u00fdchto strojov v\u00fdrazne zn\u00ed\u017een\u00e1.<\/p>\n<h3>R\u00fdpadl\u00e1<\/h3>\n<p>Valec v\u00fdlo\u017en\u00edka umo\u017e\u0148uje ly\u017eici efekt\u00edvne prenika\u0165 do zeme, \u010do u\u013eah\u010duje proces kopania. T\u00e1to funkcia je nevyhnutn\u00e1 v r\u00f4znych stavebn\u00fdch scen\u00e1roch, preto\u017ee umo\u017e\u0148uje obsluhe dosiahnu\u0165 po\u017eadovan\u00fa h\u013abku a odstr\u00e1nenie materi\u00e1lu s \u013eahkos\u0165ou a presnos\u0165ou.<\/p>\n<h3>Naklada\u010de<\/h3>\n<p>V \u010deln\u00fdch naklada\u010doch pom\u00e1haj\u00fa valce v\u00fdlo\u017en\u00edka pri efekt\u00edvnom zdv\u00edhan\u00ed a vysyp\u00e1van\u00ed materi\u00e1lov. T\u00e1to schopnos\u0165 je nevyhnutn\u00e1 pre \u00falohy, ako je nakladanie n\u00e1kladn\u00fdch vozidiel alebo premiest\u0148ovanie sypk\u00fdch materi\u00e1lov po pracovisk\u00e1ch, \u010do zd\u00f4raz\u0148uje d\u00f4le\u017eitos\u0165 spo\u013eahliv\u00fdch hydraulick\u00fdch syst\u00e9mov v ka\u017edodennej prev\u00e1dzke.<\/p>\n<h2>\u00davahy o dizajne a \u0161tandardy v\u00fdberu<\/h2>\n<h3>Nosnos\u0165<\/h3>\n<p>Nosnos\u0165 valca v\u00fdlo\u017en\u00edka je k\u013e\u00fa\u010dov\u00fdm faktorom pri jeho kon\u0161trukcii. Mus\u00ed by\u0165 schopn\u00fd zdvihn\u00fa\u0165 nielen hmotnos\u0165 materi\u00e1lov, ale aj znes\u00fava\u0165 dodato\u010dn\u00e9 nam\u00e1hanie po\u010das prev\u00e1dzky. Spr\u00e1vne v\u00fdpo\u010dty a v\u00fdber materi\u00e1lu s\u00fa nevyhnutn\u00e9 na zabezpe\u010denie toho, aby valec zvl\u00e1dol zam\u00fd\u0161\u013ean\u00e9 za\u0165a\u017eenie bez poruchy.<\/p>\n<h3>Tesnenie a trvanlivos\u0165<\/h3>\n<p>\u00da\u010dinn\u00e9 tesnenie je v hydraulick\u00fdch syst\u00e9moch nevyhnutn\u00e9, aby sa zabr\u00e1nilo \u00faniku kvapaliny a kontamin\u00e1cii. Kon\u0161trukcia valca v\u00fdlo\u017en\u00edka obsahuje vysoko kvalitn\u00e9 tesnenia vyroben\u00e9 z odoln\u00fdch materi\u00e1lov, ktor\u00e9 zais\u0165uj\u00fa dlh\u00fa \u017eivotnos\u0165 a spo\u013eahlivos\u0165. Pravideln\u00e1 kontrola a \u00fadr\u017eba tesnen\u00ed je nevyhnutn\u00e1 na udr\u017eanie v\u00fdkonu hydraulick\u00e9ho syst\u00e9mu.<\/p>\n<h3>Bezpe\u010dnostn\u00e9 prvky<\/h3>\n<p>Bezpe\u010dnos\u0165 je pri n\u00e1vrhu hydraulick\u00e9ho syst\u00e9mu prvorad\u00e1. Valce v\u00fdlo\u017en\u00edka s\u00fa vybaven\u00e9 bezpe\u010dnostn\u00fdmi prvkami, ktor\u00e9 zabra\u0148uj\u00fa nadmern\u00e9mu natiahnutiu a zais\u0165uj\u00fa bezpe\u010dn\u00fa prev\u00e1dzku pri za\u0165a\u017een\u00ed. Za\u010dlenenie bezpe\u010dnostn\u00fdch faktorov do n\u00e1vrhu pom\u00e1ha zmierni\u0165 rizik\u00e1 po\u010das prev\u00e1dzky a chr\u00e1ni zariadenie aj obsluhu.<\/p>\n<h3>Pr\u00edstupnos\u0165 \u00fadr\u017eby<\/h3>\n<p>Pri kon\u0161trukcii je potrebn\u00e9 zoh\u013eadni\u0165 aj pr\u00edstupnos\u0165 pre \u00fadr\u017ebu. Valce v\u00fdlo\u017en\u00edka by mali umo\u017e\u0148ova\u0165 jednoduch\u00fa kontrolu a servis, aby sa udr\u017eiavali v optim\u00e1lnom stave. Kon\u0161truk\u010dn\u00e9 prvky, ktor\u00e9 umo\u017e\u0148uj\u00fa r\u00fdchly pr\u00edstup ku kritick\u00fdm \u010dastiam, m\u00f4\u017eu v\u00fdrazne zn\u00ed\u017ei\u0165 prestoje a n\u00e1klady na \u00fadr\u017ebu.<\/p>\n<p><img decoding=\"async\" src=\"https:\/\/www.hydraulic-cylinders.net\/wp-content\/uploads\/2025\/04\/songte-oil-pipes-and-spare-parts.webp\" alt=\"Olejov\u00e9 potrubia a n\u00e1hradn\u00e9 diely\" \/><\/p>\n<h2>Tesnenie a mazanie<\/h2>\n<p>Tesniaci syst\u00e9m valca v\u00fdlo\u017en\u00edka je navrhnut\u00fd s pou\u017eit\u00edm r\u00f4znych tesnen\u00ed, ako s\u00fa tesnenia piestov a tesnenia ty\u010d\u00ed, vyroben\u00fdch z materi\u00e1lov odoln\u00fdch vo\u010di opotrebovaniu, ako je polyuret\u00e1n a nitrilov\u00fd kau\u010duk. Tieto tesnenia zohr\u00e1vaj\u00fa k\u013e\u00fa\u010dov\u00fa \u00falohu pri udr\u017eiavan\u00ed tlaku a predch\u00e1dzan\u00ed \u00faniku hydraulickej kvapaliny.<\/p>\n<p>Valec a z\u00e1vitov\u00e9 konce s\u00fa starostlivo opracovan\u00e9 pre zv\u00fd\u0161enie odolnosti proti opotrebovaniu a zaistenie spo\u013eahlivej prev\u00e1dzky po\u010das celej \u017eivotnosti valca. Pravideln\u00e9 mazanie hydraulick\u00fdm olejom je nevyhnutn\u00e9 pre udr\u017eanie hladk\u00e9ho chodu a zabr\u00e1nenie opotrebovaniu vn\u00fatorn\u00fdch komponentov.<\/p>\n<h2>Opatrenia prevent\u00edvnej \u00fadr\u017eby<\/h2>\n<ul>\n<li><strong>Pravideln\u00e9 kontroly:<\/strong> Pravideln\u00e9 kontroly valca ramena m\u00f4\u017eu pom\u00f4c\u0165 identifikova\u0165 opotrebovanie alebo po\u0161kodenie sk\u00f4r, ako poved\u00fa k poruch\u00e1m. Po\u010das prev\u00e1dzky h\u013eadajte zn\u00e1mky netesnost\u00ed, kor\u00f3zie a abnorm\u00e1lnych zvukov.<\/li>\n<li><strong>Spr\u00e1vne mazanie:<\/strong> Uistite sa, \u017ee hydraulick\u00fd olej je na spr\u00e1vnej hladine a \u017ee sa pou\u017e\u00edva spr\u00e1vny typ oleja. Pravideln\u00e9 mazanie je k\u013e\u00fa\u010dov\u00e9 pre udr\u017eanie funk\u010dnosti a \u017eivotnosti valca.<\/li>\n<li><strong>V\u00fdmena tesnenia:<\/strong> Tesnenia by sa mali vymie\u0148a\u0165 pod\u013ea odpor\u00fa\u010dan\u00ed v\u00fdrobcu. Opotrebovan\u00e9 alebo po\u0161koden\u00e9 tesnenia m\u00f4\u017eu vies\u0165 k \u00faniku hydraulickej kvapaliny, \u010do m\u00f4\u017ee zn\u00ed\u017ei\u0165 v\u00fdkon.<\/li>\n<\/ul>\n<h2>Pokyny na in\u0161tal\u00e1ciu<\/h2>\n<p>Spr\u00e1vna in\u0161tal\u00e1cia valca v\u00fdlo\u017en\u00edka je k\u013e\u00fa\u010dov\u00e1 pre optim\u00e1lny v\u00fdkon. Za\u010dnite t\u00fdm, \u017ee sa uist\u00edte, \u017ee m\u00e1te spr\u00e1vne n\u00e1stroje a vybavenie na in\u0161tal\u00e1ciu. Valec presne zarovnajte s mont\u00e1\u017enymi konzolami a uistite sa, \u017ee je bezpe\u010dne upevnen\u00fd na svojom mieste. Odpor\u00fa\u010da sa pou\u017ei\u0165 vhodn\u00e9 mont\u00e1\u017ene konzoly, aby sa zabezpe\u010dila stabilita a zabr\u00e1nilo sa nespr\u00e1vnemu zarovnaniu po\u010das prev\u00e1dzky.<\/p>\n<p>Po zarovnan\u00ed bezpe\u010dne dotiahnite v\u0161etky upev\u0148ovacie prvky pod\u013ea \u0161pecifik\u00e1ci\u00ed v\u00fdrobcu. Po in\u0161tal\u00e1cii vykonajte d\u00f4kladn\u00fa kontrolu a otestujte \u010dinnos\u0165 valca ramena bez za\u0165a\u017eenia, aby ste sa uistili, \u017ee v\u0161etko funguje spr\u00e1vne. Pred pou\u017eit\u00edm prev\u00e1dzkov\u00e9ho za\u0165a\u017eenia vykonajte potrebn\u00e9 nastavenia.<\/p>\n<h2>Be\u017en\u00e9 \u00falohy \u00fadr\u017eby<\/h2>\n<ul>\n<li><strong>Pravideln\u00e9 kontroly:<\/strong> Pravidelne kontrolujte valec ramena, \u010di nevykazuje zn\u00e1mky opotrebovania alebo netesnost\u00ed. Proakt\u00edvna \u00fadr\u017eba pom\u00e1ha predch\u00e1dza\u0165 neo\u010dak\u00e1van\u00fdm poruch\u00e1m.<\/li>\n<li><strong>Spr\u00e1vne mazanie:<\/strong> Zabezpe\u010dte, aby bol hydraulick\u00fd syst\u00e9m dostato\u010dne namazan\u00fd, aby sa zabezpe\u010dila hladk\u00e1 prev\u00e1dzka. To zah\u0155\u0148a pravideln\u00fa kontrolu hladiny a kvality oleja.<\/li>\n<li><strong>V\u00fdmena tesnenia:<\/strong> Monitorujte stav tesnen\u00ed a pod\u013ea potreby ich vymie\u0148ajte, aby ste udr\u017eali tlak a zabr\u00e1nili \u00fanikom. Spr\u00e1vne tesnenie je nevyhnutn\u00e9 pre efekt\u00edvnu hydraulick\u00fa prev\u00e1dzku.<\/li>\n<\/ul>\n<h2>Bezpe\u010dnostn\u00e9 aspekty a faktory prostredia<\/h2>\n<p>Pri obsluhe hydraulick\u00fdch syst\u00e9mov s\u00fa bezpe\u010dnostn\u00e9 opatrenia k\u013e\u00fa\u010dov\u00e9. Obsluha by mala by\u0165 vy\u0161kolen\u00e1, aby rozumela prev\u00e1dzkov\u00fdm limitom valca v\u00fdlo\u017en\u00edka vr\u00e1tane nosnost\u00ed a bezpe\u010dn\u00fdch postupov manipul\u00e1cie. Spr\u00e1vne bezpe\u010dnostn\u00e9 vybavenie a dodr\u017eiavanie bezpe\u010dnostn\u00fdch protokolov m\u00f4\u017eu minimalizova\u0165 riziko neh\u00f4d.<\/p>\n<h2>Rie\u0161enie probl\u00e9mov a be\u017en\u00e9 probl\u00e9my<\/h2>\n<ul>\n<li><strong>\u00danik:<\/strong> Jedn\u00fdm z be\u017en\u00fdch probl\u00e9mov je \u00fanik hydraulickej kvapaliny, ktor\u00fd je \u010dasto sp\u00f4soben\u00fd opotrebovan\u00fdmi tesneniami. Na vyrie\u0161enie tohto probl\u00e9mu skontrolujte tesnenia a v pr\u00edpade potreby ich vyme\u0148te, pri\u010dom sa uistite, \u017ee v\u0161etky spoje s\u00fa tesn\u00e9.<\/li>\n<li><strong>Zn\u00ed\u017een\u00fd v\u00fdkon:<\/strong> Ak valec ramena nereaguje pod\u013ea o\u010dak\u00e1vania, skontrolujte, \u010di nie s\u00fa hydraulick\u00e9 potrubia upchat\u00e9, a uistite sa, \u017ee hydraulick\u00e1 kvapalina m\u00e1 spr\u00e1vnu hladinu a kvalitu.<\/li>\n<li><strong>Zvl\u00e1\u0161tne zvuky:<\/strong> Nezvy\u010dajn\u00e9 zvuky po\u010das prev\u00e1dzky m\u00f4\u017eu nazna\u010dova\u0165 vn\u00fatorn\u00e9 po\u0161kodenie alebo nedostatok mazania. Okam\u017eite pre\u0161etrite probl\u00e9m a vykonajte potrebn\u00e9 opravy.<\/li>\n<\/ul>\n<h2>Diagnostika produktu a prevent\u00edvne opatrenia<\/h2>\n<p>Aby bolo mo\u017en\u00e9 efekt\u00edvne diagnostikova\u0165 probl\u00e9my s valcom ramena, oper\u00e1tori by mali by\u0165 po\u010das prev\u00e1dzky ostra\u017eit\u00ed a sledova\u0165 jeho v\u00fdkon. Pravidelne kontrolujte zn\u00e1mky opotrebovania a po\u010d\u00favajte ak\u00e9ko\u013evek nezvy\u010dajn\u00e9 zvuky. Prevent\u00edvne opatrenia, ako je pl\u00e1novan\u00e1 \u00fadr\u017eba a kontroly, m\u00f4\u017eu v\u00fdrazne zn\u00ed\u017ei\u0165 pravdepodobnos\u0165 neo\u010dak\u00e1van\u00fdch por\u00fach.<\/p>\n<p><img decoding=\"async\" src=\"https:\/\/www.hydraulic-cylinders.net\/wp-content\/uploads\/2025\/04\/songte-bushings-with-all-kinds-of-excavator-models.webp\" alt=\"Puzdr\u00e1 pre modely r\u00fdpadiel\" \/><\/p>\n<h2>O na\u0161ej spolo\u010dnosti<\/h2>\n<p>Sme v\u00fdrobca \u0161pecializuj\u00faci sa na hydraulick\u00e9 valce a pon\u00fakame komplexn\u00fd sortiment produktov, ktor\u00e9 uspokoja rozmanit\u00e9 potreby trhu. Ako popredn\u00fd v\u00fdrobca a ve\u013ekoobchodn\u00fd distrib\u00fator hydraulick\u00fdch valcov na dom\u00e1com aj medzin\u00e1rodnom trhu kladieme d\u00f4raz na vynikaj\u00facu kvalitu.<\/p>\n<p>Na\u0161e oper\u00e1cie sa spoliehaj\u00fa na prepracovan\u00e9 strat\u00e9gie riadenia v\u00fdroby, zamestn\u00e1vanie kvalifikovan\u00fdch technikov, pokro\u010dil\u00e9 digit\u00e1lne v\u00fdrobn\u00e9 zariadenia a profesion\u00e1lne testovacie syst\u00e9my. Tento z\u00e1v\u00e4zok k neust\u00e1lemu zlep\u0161ovaniu a inov\u00e1ci\u00e1m vylep\u0161uje na\u0161u v\u00fdrobn\u00fa platformu a zabezpe\u010duje vysok\u00fa efektivitu, presnos\u0165 a kvalitu, aby sme splnili rozmanit\u00e9 po\u017eiadavky na\u0161ich klientov.<\/p>\n<p>Taktie\u017e poskytujeme slu\u017eby na mieru, aby sme vyhoveli \u0161pecifick\u00fdm po\u017eiadavk\u00e1m klientov, a na\u0161e produkty maj\u00fa medzin\u00e1rodn\u00e9 certifik\u00e1ty, ktor\u00e9 zabezpe\u010duj\u00fa, \u017ee sp\u013a\u0148aj\u00fa glob\u00e1lne \u0161tandardy. N\u00e1\u0161 \u0161pecializovan\u00fd popredajn\u00fd servis pom\u00e1ha na\u0161im klientom maximalizova\u0165 \u017eivotnos\u0165 a v\u00fdkon na\u0161ich produktov.<\/p>\n<p><img decoding=\"async\" src=\"https:\/\/www.hydraulic-cylinders.net\/wp-content\/uploads\/2025\/04\/songte-company-4.webp\" alt=\"Preh\u013ead spolo\u010dnosti\" \/><br \/>\n<img decoding=\"async\" src=\"https:\/\/www.hydraulic-cylinders.net\/wp-content\/uploads\/2025\/04\/songte-company-3.webp\" alt=\"Zariadenia spolo\u010dnosti\" \/><\/p>\n<p>Autor: lyl<\/p>","protected":false},"excerpt":{"rendered":"<p>Boom Cylinder For Volwa Middle Excavator DLS260 Product Overview The Boom Cylinder for Volwa Middle Excavator DLS260 is a critical component in modern hydraulic systems used in heavy machinery. This hydraulic cylinder is specifically designed to control the movement of the bucket in various heavy-duty equipment such as excavators, backhoe loaders, and front loaders. It [&hellip;]<\/p>","protected":false},"featured_media":17873,"comment_status":"open","ping_status":"closed","template":"","meta":{"_et_pb_use_builder":"","_et_pb_old_content":"","_et_gb_content_width":""},"product_brand":[],"product_cat":[1546],"product_tag":[1547,1496],"class_list":{"0":"post-19610","1":"product","2":"type-product","3":"status-publish","4":"has-post-thumbnail","6":"product_cat-boom-cylinders","7":"product_tag-boom-cylinders","8":"product_tag-hydraulic-cylinders","10":"first","11":"instock","12":"shipping-taxable","13":"product-type-simple"},"amp_enabled":true,"_links":{"self":[{"href":"https:\/\/www.hydraulic-cylinders.net\/sk\/wp-json\/wp\/v2\/product\/19610","targetHints":{"allow":["GET"]}}],"collection":[{"href":"https:\/\/www.hydraulic-cylinders.net\/sk\/wp-json\/wp\/v2\/product"}],"about":[{"href":"https:\/\/www.hydraulic-cylinders.net\/sk\/wp-json\/wp\/v2\/types\/product"}],"replies":[{"embeddable":true,"href":"https:\/\/www.hydraulic-cylinders.net\/sk\/wp-json\/wp\/v2\/comments?post=19610"}],"wp:featuredmedia":[{"embeddable":true,"href":"https:\/\/www.hydraulic-cylinders.net\/sk\/wp-json\/wp\/v2\/media\/17873"}],"wp:attachment":[{"href":"https:\/\/www.hydraulic-cylinders.net\/sk\/wp-json\/wp\/v2\/media?parent=19610"}],"wp:term":[{"taxonomy":"product_brand","embeddable":true,"href":"https:\/\/www.hydraulic-cylinders.net\/sk\/wp-json\/wp\/v2\/product_brand?post=19610"},{"taxonomy":"product_cat","embeddable":true,"href":"https:\/\/www.hydraulic-cylinders.net\/sk\/wp-json\/wp\/v2\/product_cat?post=19610"},{"taxonomy":"product_tag","embeddable":true,"href":"https:\/\/www.hydraulic-cylinders.net\/sk\/wp-json\/wp\/v2\/product_tag?post=19610"}],"curies":[{"name":"pracovn\u00fd list","href":"https:\/\/api.w.org\/{rel}","templated":true}]}}