{"id":19611,"date":"2025-04-07T06:57:19","date_gmt":"2025-04-07T06:57:19","guid":{"rendered":"https:\/\/www.hydraulic-cylinders.net\/product\/boom-cylinder-for-volwa-middle-excavator-dls210-8b\/"},"modified":"2025-04-07T06:57:21","modified_gmt":"2025-04-07T06:57:21","slug":"boom-cylinder-for-volwa-middle-excavator-dls210-8b","status":"publish","type":"product","link":"https:\/\/www.hydraulic-cylinders.net\/sk\/produkt\/boom-cylinder-for-volwa-middle-excavator-dls210-8b\/","title":{"rendered":"Valec v\u00fdlo\u017en\u00edka pre stredn\u00e9 r\u00fdpadlo Volwa DLS210-8B"},"content":{"rendered":"<h1>Valec v\u00fdlo\u017en\u00edka pre stredn\u00e9 r\u00fdpadlo Volwa DLS210-8B<\/h1>\n<h2>Preh\u013ead produktu<\/h2>\n<p>Hydraulick\u00fd valec v\u00fdlo\u017en\u00edka pre stredn\u00fd bager Volwa DLS210-8B je z\u00e1kladnou s\u00fa\u010das\u0165ou hydraulick\u00fdch syst\u00e9mov, \u0161peci\u00e1lne navrhnut\u00fd na ovl\u00e1danie pohybu ramena bagra. Tento hydraulick\u00fd valec umo\u017e\u0148uje zdv\u00edhanie, sp\u00fa\u0161\u0165anie a nakl\u00e1\u0148anie ly\u017eice, \u010do u\u013eah\u010duje r\u00f4zne \u00falohy manipul\u00e1cie s materi\u00e1lom. Zohr\u00e1va d\u00f4le\u017eit\u00fa \u00falohu v \u0165a\u017ek\u00fdch strojoch, preto\u017ee umo\u017e\u0148uje obsluhe efekt\u00edvne vykon\u00e1va\u0165 v\u00fdkopov\u00e9 pr\u00e1ce, nakladanie a prepravu materi\u00e1lov.<\/p>\n<p><img decoding=\"async\" src=\"https:\/\/www.hydraulic-cylinders.net\/wp-content\/uploads\/2025\/04\/songte-company-1.webp\" alt=\"Valec v\u00fdlo\u017en\u00edka r\u00fdpadla\"><\/p>\n<h2>Vlastnosti valca v\u00fdlo\u017en\u00edka<\/h2>\n<ul>\n<li>\n<h3>Vysok\u00e1 pevnos\u0165 a odolnos\u0165<\/h3>\n<p>Valec v\u00fdlo\u017en\u00edka je vyroben\u00fd z vysokopevnostnej ocele alebo hlin\u00edka a je navrhnut\u00fd tak, aby odolal vysok\u00e9mu tlaku a \u0165a\u017ek\u00fdm za\u0165a\u017eeniam, v\u010faka \u010domu je vhodn\u00fd do n\u00e1ro\u010dn\u00fdch pracovn\u00fdch prostred\u00ed. Jeho kon\u0161trukcia zah\u0155\u0148a odolnos\u0165 vo\u010di opotrebovaniu a kor\u00f3zii, \u010d\u00edm sa predl\u017euje jeho \u017eivotnos\u0165.<\/p>\n<\/li>\n<li>\n<h3>Efekt\u00edvna hydraulick\u00e1 prev\u00e1dzka<\/h3>\n<p>Tento valec vyu\u017e\u00edva hydraulick\u00fd tlak oleja na dosiahnutie plynul\u00e9ho vys\u00favania a zas\u00favania. R\u00fdchlo reaguje na povely obsluhy a poskytuje p\u00f4sobiv\u00fa tla\u010dn\u00fa a \u0165a\u017en\u00fa silu, ide\u00e1lnu na manipul\u00e1ciu s \u0165a\u017ek\u00fdmi materi\u00e1lmi a zlo\u017eit\u00e9 \u00falohy.<\/p>\n<\/li>\n<li>\n<h3>R\u00f4zne dostupn\u00e9 typy<\/h3>\n<p>V z\u00e1vislosti od prev\u00e1dzkov\u00fdch potrieb si z\u00e1kazn\u00edci m\u00f4\u017eu vybra\u0165 medzi jedno\u010dinn\u00fdmi (vyu\u017e\u00edvaj\u00facimi hydraulick\u00fa silu v jednom smere) alebo dvoj\u010dinn\u00fdmi (vyu\u017e\u00edvaj\u00facimi hydraulick\u00fa silu v oboch smeroch) valcami. Niektor\u00e9 modely s\u00fa teleskopick\u00e9, \u010do umo\u017e\u0148uje dlh\u0161\u00ed dosah bez zv\u00e4\u010d\u0161enia vonkaj\u0161\u00edch rozmerov, v\u010faka \u010domu s\u00fa vhodn\u00e9 pre aplik\u00e1cie s obmedzen\u00fdm priestorom.<\/p>\n<\/li>\n<\/ul>\n<h2>V\u00fdrobn\u00e9 kapacity<\/h2>\n<p>\u0160pecializujeme sa na v\u00fdrobu valcov v\u00fdlo\u017en\u00edka, ktor\u00e9 dokonale nahr\u00e1dzaj\u00fa existuj\u00face hydraulick\u00e9 valce. Na\u0161e v\u00fdrobn\u00e9 techniky zabezpe\u010duj\u00fa kompatibilitu a spo\u013eahlivos\u0165 a poskytuj\u00fa vysokokvalitn\u00e9 alternat\u00edvy, ktor\u00e9 sp\u013a\u0148aj\u00fa po\u017eiadavky z\u00e1kazn\u00edkov.<\/p>\n<p><img decoding=\"async\" src=\"https:\/\/www.hydraulic-cylinders.net\/wp-content\/uploads\/2025\/04\/songte-cylinder-head-with-all-kinds-excavator-models.webp\" alt=\"V\u00fdroba hydraulick\u00fdch valcov\"><\/p>\n<h2>Aplik\u00e1cie valca v\u00fdlo\u017en\u00edka<\/h2>\n<ul>\n<li>\n<h3>Stavebn\u00e9 stroje<\/h3>\n<p>V r\u00fdpadl\u00e1ch s\u00fa valce v\u00fdlo\u017en\u00edka k\u013e\u00fa\u010dov\u00e9 pre kopanie, nakladanie a premiest\u0148ovanie zeminy alebo sutiny. Zvy\u0161uj\u00fa schopnos\u0165 stroja efekt\u00edvne vykon\u00e1va\u0165 r\u00f4zne \u00falohy a zabezpe\u010duj\u00fa produktivitu na stavenisk\u00e1ch.<\/p>\n<\/li>\n<li>\n<h3>Po\u013enohospod\u00e1rske stroje<\/h3>\n<p>V \u010deln\u00fdch naklada\u010doch s\u00fa valce v\u00fdlo\u017en\u00edka nevyhnutn\u00e9 na naberanie, zdv\u00edhanie a prepravu p\u00f4dy, sena a in\u00fdch materi\u00e1lov. Ich spo\u013eahlivos\u0165 a pevnos\u0165 podporuj\u00fa po\u013enohospod\u00e1rske oper\u00e1cie a pom\u00e1haj\u00fa zvy\u0161ova\u0165 produktivitu farmy.<\/p>\n<\/li>\n<li>\n<h3>R\u00fdpadl\u00e1<\/h3>\n<p>Valec v\u00fdlo\u017en\u00edka umo\u017e\u0148uje ly\u017eici prenikn\u00fa\u0165 do zeme, \u010do u\u013eah\u010duje v\u00fdkopov\u00e9 pr\u00e1ce. T\u00e1to funkcia je nevyhnutn\u00e1 v stavebn\u00edctve, ter\u00e9nnych \u00faprav\u00e1ch a bansk\u00fdch prev\u00e1dzkach, kde sa vy\u017eaduje presnos\u0165 a pevnos\u0165.<\/p>\n<\/li>\n<li>\n<h3>Naklada\u010de<\/h3>\n<p>V \u010deln\u00fdch naklada\u010doch pom\u00e1haj\u00fa valce v\u00fdlo\u017en\u00edka efekt\u00edvne zdv\u00edha\u0165 a vyklada\u0165 bremena. Ich kon\u0161trukcia maximalizuje nosnos\u0165, v\u010faka \u010domu s\u00fa nevyhnutn\u00e9 pri manipul\u00e1cii s materi\u00e1lom.<\/p>\n<\/li>\n<\/ul>\n<h2>\u00davahy o dizajne a krit\u00e9ri\u00e1 v\u00fdberu<\/h2>\n<ul>\n<li>\n<h3>Nosnos\u0165<\/h3>\n<p>Pri v\u00fdbere valca ramena je nevyhnutn\u00e9 zv\u00e1\u017ei\u0165 jeho nosnos\u0165. Valec mus\u00ed by\u0165 schopn\u00fd zvl\u00e1dnu\u0165 maxim\u00e1lne za\u0165a\u017eenie potrebn\u00e9 pre konkr\u00e9tne \u00falohy bez kompromisov vo v\u00fdkone alebo bezpe\u010dnosti. Spr\u00e1vne dimenzovan\u00e1 nosnos\u0165 zabra\u0148uje poruch\u00e1m, ktor\u00e9 by mohli vies\u0165 k nehod\u00e1m alebo po\u0161kodeniu zariadenia.<\/p>\n<\/li>\n<li>\n<h3>Tesniace vlastnosti<\/h3>\n<p>\u00da\u010dinn\u00e9 tesnenie je k\u013e\u00fa\u010dov\u00e9 pre zabr\u00e1nenie \u00faniku hydraulickej kvapaliny a udr\u017eanie tlaku v syst\u00e9me. Vysokokvalitn\u00e9 tesnenia zabezpe\u010duj\u00fa optim\u00e1lny v\u00fdkon a dlh\u00fa \u017eivotnos\u0165 hydraulick\u00e9ho valca. Je d\u00f4le\u017eit\u00e9 vybra\u0165 si valce s vynikaj\u00facimi technol\u00f3giami tesnenia, ktor\u00e9 dok\u00e1\u017eu odola\u0165 r\u00f4znym teplot\u00e1m a tlakom.<\/p>\n<\/li>\n<li>\n<h3>Trvanlivos\u0165<\/h3>\n<p>Trvanlivos\u0165 je k\u013e\u00fa\u010dov\u00fdm faktorom pri kon\u0161trukcii valcov v\u00fdlo\u017en\u00edka. Komponenty by mali by\u0165 vyroben\u00e9 tak, aby odol\u00e1vali opotrebovaniu a \u00fanave z opakovan\u00e9ho pou\u017e\u00edvania v n\u00e1ro\u010dn\u00fdch prostrediach. Odoln\u00e1 kon\u0161trukcia zni\u017euje n\u00e1klady na \u00fadr\u017ebu a predl\u017euje \u017eivotnos\u0165 hydraulick\u00e9ho syst\u00e9mu.<\/p>\n<\/li>\n<\/ul>\n<p><img decoding=\"async\" src=\"https:\/\/www.hydraulic-cylinders.net\/wp-content\/uploads\/2025\/04\/songte-oil-pipes-and-spare-parts.webp\" alt=\"\u010casti hydraulick\u00e9ho valca\"><\/p>\n<h2>Tesnenie a mazanie<\/h2>\n<p>Spr\u00e1vne tesnenie a mazanie s\u00fa nevyhnutn\u00e9 pre efekt\u00edvnu prev\u00e1dzku valcov v\u00fdlo\u017en\u00edka. R\u00f4zne tesnenia, ako s\u00fa piestne tesnenia a tesnenia ty\u010d\u00ed, vyroben\u00e9 z odoln\u00fdch materi\u00e1lov, ako je polyuret\u00e1n a nitrilov\u00fd kau\u010duk, zabezpe\u010duj\u00fa minim\u00e1lne opotrebenie a zabra\u0148uj\u00fa \u00fanikom. Teleso valca a z\u00e1vitov\u00e9 konce musia by\u0165 jemne opracovan\u00e9, aby sa zv\u00fd\u0161ila odolnos\u0165 proti opotrebovaniu. Pravideln\u00e9 mazanie hydraulick\u00fdm olejom je nevyhnutn\u00e9 na udr\u017eanie hladk\u00e9ho chodu a zabr\u00e1nenie degrad\u00e1cii komponentov.<\/p>\n<h2>Opatrenia prevent\u00edvnej \u00fadr\u017eby<\/h2>\n<ul>\n<li>\n<h3>Pravideln\u00e9 kontroly<\/h3>\n<p>Pravidelne vykon\u00e1vajte kontroly, aby ste identifikovali zn\u00e1mky opotrebovania, netesnost\u00ed alebo po\u0161kodenia. V\u010dasn\u00e9 odhalenie m\u00f4\u017ee zabr\u00e1ni\u0165 n\u00e1kladn\u00fdm oprav\u00e1m a pred\u013a\u017ei\u0165 \u017eivotnos\u0165 valca ramena.<\/p>\n<\/li>\n<li>\n<h3>Vhodn\u00e9 mazanie<\/h3>\n<p>Zabezpe\u010dte spr\u00e1vne mazanie v\u0161etk\u00fdch pohybliv\u00fdch \u010dast\u00ed. T\u00fdm sa zn\u00ed\u017ei trenie a opotrebovanie, \u010d\u00edm sa zabezpe\u010d\u00ed optim\u00e1lna funk\u010dnos\u0165 a predl\u017euje sa \u017eivotnos\u0165.<\/p>\n<\/li>\n<li>\n<h3>V\u00fdmena tesnenia<\/h3>\n<p>Pravidelne kontrolujte a pod\u013ea potreby vymie\u0148ajte tesnenia, aby ste predi\u0161li \u00faniku hydraulickej kvapaliny a udr\u017eali \u00fa\u010dinnos\u0165 syst\u00e9mu. Tesnenia s\u00fa kritick\u00e9 komponenty, ktor\u00e9 priamo ovplyv\u0148uj\u00fa v\u00fdkon hydraulick\u00e9ho valca.<\/p>\n<\/li>\n<\/ul>\n<h2>Pokyny na in\u0161tal\u00e1ciu<\/h2>\n<p>Pre spr\u00e1vnu in\u0161tal\u00e1ciu valca ramena postupujte pod\u013ea t\u00fdchto pokynov:<\/p>\n<ul>\n<li>Po\u010das in\u0161tal\u00e1cie dbajte na spr\u00e1vne zarovnanie valca, aby ste predi\u0161li nadmern\u00e9mu nam\u00e1haniu komponentov.<\/li>\n<li>Na bezpe\u010dn\u00e9 upevnenie valca pou\u017eite vhodn\u00e9 mont\u00e1\u017ene konzoly.<\/li>\n<li>Po in\u0161tal\u00e1cii a pred prev\u00e1dzkou skontrolujte tesnos\u0165 hydraulick\u00fdch spojov.<\/li>\n<li>Kalibrujte hydraulick\u00fd syst\u00e9m, aby ste zabezpe\u010dili optim\u00e1lny v\u00fdkon.<\/li>\n<\/ul>\n<h2>Be\u017en\u00e9 \u00falohy \u00fadr\u017eby<\/h2>\n<ul>\n<li>\n<h3>Pravideln\u00e9 kontroly<\/h3>\n<p>Pravideln\u00e9 kontroly hydraulick\u00e9ho syst\u00e9mu pom\u00e1haj\u00fa identifikova\u0165 potenci\u00e1lne probl\u00e9my sk\u00f4r, ako sa zhor\u0161ia. Patria sem monitorovanie hladiny kvapal\u00edn a kontrola \u00fanikov.<\/p>\n<\/li>\n<li>\n<h3>Spr\u00e1vne mazanie<\/h3>\n<p>Pravideln\u00e9 mazanie je nevyhnutn\u00e9 pre udr\u017eanie \u00fa\u010dinnosti. Zabezpe\u010dte, aby boli v\u0161etky pohybliv\u00e9 \u010dasti dostato\u010dne namazan\u00e9, aby sa zn\u00ed\u017eilo opotrebenie a zv\u00fd\u0161il prev\u00e1dzkov\u00fd v\u00fdkon.<\/p>\n<\/li>\n<li>\n<h3>V\u00fdmena a kalibr\u00e1cia tesnenia<\/h3>\n<p>V\u00fdmena opotrebovan\u00fdch tesnen\u00ed a kalibr\u00e1cia syst\u00e9mu je k\u013e\u00fa\u010dov\u00e1 pre udr\u017eanie integrity hydraulick\u00e9ho syst\u00e9mu. Spr\u00e1vna kalibr\u00e1cia zabezpe\u010duje, \u017ee syst\u00e9m pracuje v r\u00e1mci stanoven\u00fdch parametrov a predch\u00e1dza poruch\u00e1m.<\/p>\n<\/li>\n<\/ul>\n<p><img decoding=\"async\" src=\"https:\/\/www.hydraulic-cylinders.net\/wp-content\/uploads\/2025\/04\/songte-chushion-collar.webp\" alt=\"Obj\u00edmka vank\u00fa\u0161a hydraulick\u00e9ho valca\"><\/p>\n<h2>Bezpe\u010dnostn\u00e9 aspekty a faktory prostredia<\/h2>\n<p>Pri pr\u00e1ci s hydraulick\u00fdmi syst\u00e9mami s\u00fa bezpe\u010dnostn\u00e9 opatrenia prvorad\u00e9. Obsluha by mala by\u0165 vy\u0161kolen\u00e1 na zvl\u00e1danie hydraulick\u00e9ho tlaku a mala by ch\u00e1pa\u0165 d\u00f4le\u017eitos\u0165 pou\u017e\u00edvania vhodn\u00fdch bezpe\u010dnostn\u00fdch prostriedkov. Faktory prostredia, ako je teplota a vlhkos\u0165, m\u00f4\u017eu ovplyvni\u0165 v\u00fdkon hydraulickej kvapaliny, preto je monitorovanie podmienok nevyhnutn\u00e9 na zabezpe\u010denie bezpe\u010dnej prev\u00e1dzky.<\/p>\n<h2>Rie\u0161enie probl\u00e9mov a be\u017en\u00e9 probl\u00e9my<\/h2>\n<ul>\n<li>\n<h3>\u00danik<\/h3>\n<p>Jedn\u00fdm z be\u017en\u00fdch probl\u00e9mov je \u00fanik hydraulickej kvapaliny, ktor\u00fd mo\u017eno \u010dasto prip\u00edsa\u0165 opotrebovan\u00fdm tesneniam alebo nespr\u00e1vnej in\u0161tal\u00e1cii. Pravideln\u00e9 kontroly a \u00fadr\u017eba tesnen\u00ed m\u00f4\u017eu tento probl\u00e9m zmierni\u0165.<\/p>\n<\/li>\n<li>\n<h3>Pomal\u00e1 prev\u00e1dzka<\/h3>\n<p>Ak sa valec v\u00fdlo\u017en\u00edka ot\u00e1\u010da pomaly, m\u00f4\u017ee to signalizova\u0165 n\u00edzku hladinu hydraulickej kvapaliny alebo jej zne\u010distenie. Pre optim\u00e1lny v\u00fdkon s\u00fa potrebn\u00e9 pravideln\u00e9 kontroly a v\u00fdmeny kvapal\u00edn.<\/p>\n<\/li>\n<li>\n<h3>Nereaguj\u00face ovl\u00e1dacie prvky<\/h3>\n<p>Nereaguj\u00face ovl\u00e1dacie prvky m\u00f4\u017eu by\u0165 sp\u00f4soben\u00e9 vzduchom v hydraulickom syst\u00e9me alebo poruchou ventilov. Odvzdu\u0161nenie syst\u00e9mu a kontrola ventilov s\u00fa nevyhnutn\u00fdmi krokmi na vyrie\u0161enie tohto probl\u00e9mu.<\/p>\n<\/li>\n<\/ul>\n<p><img decoding=\"async\" src=\"https:\/\/www.hydraulic-cylinders.net\/wp-content\/uploads\/2025\/04\/songte-bushings-with-all-kinds-of-excavator-models.webp\" alt=\"Puzdr\u00e1 bagerov\"><\/p>\n<h2>Tipy na rie\u0161enie probl\u00e9mov<\/h2>\n<p>Pre efekt\u00edvnu diagnostiku a rie\u0161enie probl\u00e9mov s valcom v\u00fdlo\u017en\u00edka zv\u00e1\u017ete nasleduj\u00face tipy:<\/p>\n<ul>\n<li>Vykon\u00e1vajte d\u00f4kladn\u00e9 kontroly v pravideln\u00fdch intervaloch, aby ste v\u010das odhalili probl\u00e9my.<\/li>\n<li>Ve\u010fte si denn\u00edk \u00fadr\u017eby, aby ste mohli sledova\u0165 v\u00fdkon a probl\u00e9my v priebehu \u010dasu.<\/li>\n<li>Na rie\u0161enie be\u017en\u00fdch probl\u00e9mov a ich rie\u0161enia vyu\u017eite zdroje v\u00fdrobcu.<\/li>\n<\/ul>\n<h2>O na\u0161ej spolo\u010dnosti<\/h2>\n<p>Sme v\u00fdrobcom n\u00e1hradn\u00fdch hydraulick\u00fdch valcov a pon\u00fakame \u0161irok\u00fd sortiment produktov, aby sme sa stali jedn\u00fdm z popredn\u00fdch v\u00fdrobcov a ve\u013ekoobchodn\u00edkov s hydraulick\u00fdmi valcami na dom\u00e1com aj medzin\u00e1rodnom trhu. Dr\u017e\u00edme sa excelentnosti v kvalite, spoliehame sa na prepracovan\u00e9 v\u00fdrobn\u00e9 strat\u00e9gie a \u0161pi\u010dkov\u00e9 digit\u00e1lne zariadenia. N\u00e1\u0161 t\u00edm neust\u00e1le vylep\u0161uje v\u00fdrobn\u00fa platformu, \u010d\u00edm zabezpe\u010duje vysok\u00fa efektivitu, presnos\u0165 a kvalitu, aby sme splnili rozmanit\u00e9 potreby z\u00e1kazn\u00edkov.<\/p>\n<p><img decoding=\"async\" src=\"https:\/\/www.hydraulic-cylinders.net\/wp-content\/uploads\/2025\/04\/songte-company-4.webp\" alt=\"Preh\u013ead spolo\u010dnosti\"><br \/>\n<img decoding=\"async\" src=\"https:\/\/www.hydraulic-cylinders.net\/wp-content\/uploads\/2025\/04\/songte-company-3.webp\" alt=\"V\u00fdrobn\u00e9 zariadenie\"><\/p>\n<h2>Z\u00e1ver<\/h2>\n<p>N\u00e1\u0161 z\u00e1v\u00e4zok ku kvalite, prisp\u00f4sobovac\u00edm slu\u017eb\u00e1m, medzin\u00e1rodn\u00fdm certifik\u00e1ci\u00e1m a popredajnej podpore zaru\u010duje, \u017ee na\u0161e produkty sp\u013a\u0148aj\u00fa najvy\u0161\u0161ie \u0161tandardy. Sme odhodlan\u00ed poskytova\u0165 na\u0161im z\u00e1kazn\u00edkom v\u00fdnimo\u010dn\u00e9 hydraulick\u00e9 rie\u0161enia.<\/p>\n<p>Autor: lyl<\/p>","protected":false},"excerpt":{"rendered":"<p>Boom Cylinder For Volwa Middle Excavator DLS210-8B Product Overview The Boom Cylinder for the Volwa Middle Excavator DLS210-8B is an essential component in hydraulic systems, specifically designed to control the movement of the excavator&#8217;s arm. This hydraulic cylinder allows the bucket to lift, lower, and tilt, facilitating various material handling tasks. It plays a vital [&hellip;]<\/p>","protected":false},"featured_media":17874,"comment_status":"open","ping_status":"closed","template":"","meta":{"_et_pb_use_builder":"","_et_pb_old_content":"","_et_gb_content_width":""},"product_brand":[],"product_cat":[1546],"product_tag":[1547,1496],"class_list":{"0":"post-19611","1":"product","2":"type-product","3":"status-publish","4":"has-post-thumbnail","6":"product_cat-boom-cylinders","7":"product_tag-boom-cylinders","8":"product_tag-hydraulic-cylinders","10":"first","11":"instock","12":"shipping-taxable","13":"product-type-simple"},"amp_enabled":true,"_links":{"self":[{"href":"https:\/\/www.hydraulic-cylinders.net\/sk\/wp-json\/wp\/v2\/product\/19611","targetHints":{"allow":["GET"]}}],"collection":[{"href":"https:\/\/www.hydraulic-cylinders.net\/sk\/wp-json\/wp\/v2\/product"}],"about":[{"href":"https:\/\/www.hydraulic-cylinders.net\/sk\/wp-json\/wp\/v2\/types\/product"}],"replies":[{"embeddable":true,"href":"https:\/\/www.hydraulic-cylinders.net\/sk\/wp-json\/wp\/v2\/comments?post=19611"}],"wp:featuredmedia":[{"embeddable":true,"href":"https:\/\/www.hydraulic-cylinders.net\/sk\/wp-json\/wp\/v2\/media\/17874"}],"wp:attachment":[{"href":"https:\/\/www.hydraulic-cylinders.net\/sk\/wp-json\/wp\/v2\/media?parent=19611"}],"wp:term":[{"taxonomy":"product_brand","embeddable":true,"href":"https:\/\/www.hydraulic-cylinders.net\/sk\/wp-json\/wp\/v2\/product_brand?post=19611"},{"taxonomy":"product_cat","embeddable":true,"href":"https:\/\/www.hydraulic-cylinders.net\/sk\/wp-json\/wp\/v2\/product_cat?post=19611"},{"taxonomy":"product_tag","embeddable":true,"href":"https:\/\/www.hydraulic-cylinders.net\/sk\/wp-json\/wp\/v2\/product_tag?post=19611"}],"curies":[{"name":"pracovn\u00fd list","href":"https:\/\/api.w.org\/{rel}","templated":true}]}}