{"id":19613,"date":"2025-04-07T06:57:24","date_gmt":"2025-04-07T06:57:24","guid":{"rendered":"https:\/\/www.hydraulic-cylinders.net\/product\/boom-cylinder-for-volwa-middle-excavator-dls270-8b\/"},"modified":"2025-04-07T06:57:27","modified_gmt":"2025-04-07T06:57:27","slug":"boom-cylinder-for-volwa-middle-excavator-dls270-8b","status":"publish","type":"product","link":"https:\/\/www.hydraulic-cylinders.net\/sk\/produkt\/boom-cylinder-for-volwa-middle-excavator-dls270-8b\/","title":{"rendered":"Valec v\u00fdlo\u017en\u00edka pre stredn\u00e9 r\u00fdpadlo Volwa DLS270-8B"},"content":{"rendered":"<h1>Valec v\u00fdlo\u017en\u00edka pre stredn\u00e9 r\u00fdpadlo Volwa DLS270-8B<\/h1>\n<h2>Preh\u013ead produktu<\/h2>\n<p>Hydraulick\u00fd valec v\u00fdlo\u017en\u00edka pre stredn\u00e9 r\u00fdpadlo Volwa DLS270-8B je z\u00e1kladnou s\u00fa\u010das\u0165ou \u0165a\u017ek\u00fdch strojov, \u0161peci\u00e1lne navrhnut\u00fd na ovl\u00e1danie pohybu v\u00fdlo\u017en\u00edka na r\u00fdpadl\u00e1ch. Tento hydraulick\u00fd valec zohr\u00e1va k\u013e\u00fa\u010dov\u00fa \u00falohu pri prev\u00e1dzke r\u00f4znych \u0165a\u017ek\u00fdch zariaden\u00ed a zabezpe\u010duje efekt\u00edvnu manipul\u00e1ciu s materi\u00e1lmi pri stavebn\u00fdch a v\u00fdkopov\u00fdch pr\u00e1cach.<\/p>\n<p>Ako \u0161pecializovan\u00fd hydraulick\u00fd valec umo\u017e\u0148uje valec ly\u017eice zdv\u00edhanie, sp\u00fa\u0161\u0165anie a nakl\u00e1\u0148anie v\u00fdlo\u017en\u00edka, \u010do u\u013eah\u010duje r\u00f4zne oper\u00e1cie manipul\u00e1cie s materi\u00e1lom. T\u00e1to funkcia je nevyhnutn\u00e1 v aplik\u00e1ci\u00e1ch, ako je kopanie, nakladanie a premiest\u0148ovanie zeminy alebo sutiny. Hydraulick\u00fd syst\u00e9m vyu\u017e\u00edva tlakov\u00fa kvapalinu na vytvorenie pohybu, \u010do umo\u017e\u0148uje plynul\u00e9 a siln\u00e9 pohyby nevyhnutn\u00e9 pre n\u00e1ro\u010dn\u00e9 \u00falohy.<\/p>\n<p><img decoding=\"async\" src=\"https:\/\/www.hydraulic-cylinders.net\/wp-content\/uploads\/2025\/04\/songte-company-1.webp\" alt=\"Valec v\u00fdlo\u017en\u00edka\" \/><\/p>\n<h2>K\u013e\u00fa\u010dov\u00e9 vlastnosti<\/h2>\n<ul>\n<li><strong>Vysok\u00e1 pevnos\u0165 a odolnos\u0165:<\/strong> Tento valec je vyroben\u00fd z vysokopevnostnej ocele alebo hlin\u00edka a odol\u00e1 vysok\u00e9mu tlaku a \u0165a\u017ek\u00fdm za\u0165a\u017eeniam, v\u010faka \u010domu je vhodn\u00fd do n\u00e1ro\u010dn\u00fdch pracovn\u00fdch prostred\u00ed. Jeho kon\u0161trukcia zoh\u013ead\u0148uje odolnos\u0165 proti opotrebovaniu a kor\u00f3zii, \u010d\u00edm sa predl\u017euje jeho \u017eivotnos\u0165.<\/li>\n<li><strong>Efekt\u00edvna hydraulick\u00e1 prev\u00e1dzka:<\/strong> Vyu\u017e\u00edva tlak hydraulickej kvapaliny pre plynul\u00e9 vys\u00favanie a zas\u00favanie, r\u00fdchlo reaguje na prev\u00e1dzkov\u00e9 povely a poskytuje zna\u010dn\u00fa tla\u010dn\u00fa a \u0165a\u017en\u00fa silu, ide\u00e1lnu na zvl\u00e1dnutie \u0165a\u017ek\u00fdch a zlo\u017eit\u00fdch \u00faloh.<\/li>\n<li><strong>R\u00f4zne typy:<\/strong> K dispoz\u00edcii s\u00fa v jedno\u010dinnej (s hydraulick\u00fdm pohonom v jednom smere) alebo dvoj\u010dinnej (s hydraulick\u00fdm pohonom v oboch smeroch) konfigur\u00e1cii, prisp\u00f4soben\u00e9 r\u00f4znym prev\u00e1dzkov\u00fdm potreb\u00e1m, pri\u010dom niektor\u00e9 modely maj\u00fa teleskopick\u00fa kon\u0161trukciu pre v\u00e4\u010d\u0161ie vysunutie bez zv\u00e4\u010d\u0161enia vonkaj\u0161\u00edch rozmerov.<\/li>\n<\/ul>\n<p>Tento produkt vyr\u00e1bame a na\u0161e produkty dok\u00e1\u017eu dokonale nahradi\u0165 tieto hydraulick\u00e9 valce.<\/p>\n<p><img decoding=\"async\" src=\"https:\/\/www.hydraulic-cylinders.net\/wp-content\/uploads\/2025\/04\/songte-cylinder-head-with-all-kinds-excavator-models.webp\" alt=\"Modely bagrov\" \/><\/p>\n<h2>Aplik\u00e1cie<\/h2>\n<h3>Stavebn\u00e9 stroje<\/h3>\n<p>Valec v\u00fdlo\u017en\u00edka je neoddelite\u013enou s\u00fa\u010das\u0165ou r\u00fdpadiel a je k\u013e\u00fa\u010dov\u00fd pre kopanie, nakladanie a premiest\u0148ovanie zeminy alebo sutiny. V r\u00fdpadlov\u00fdch r\u00fdpadl\u00e1ch pom\u00e1ha valec lopaty pri kopan\u00ed aj zdv\u00edhan\u00ed, v\u010faka \u010domu je v\u0161estrann\u00fd pri stavebn\u00fdch \u00faloh\u00e1ch.<\/p>\n<h3>Po\u013enohospod\u00e1rske stroje<\/h3>\n<p>V \u010deln\u00fdch naklada\u010doch sa valec ly\u017eice pou\u017e\u00edva na naberanie, zdv\u00edhanie a prepravu p\u00f4dy, sena a in\u00fdch materi\u00e1lov. Jeho \u00fa\u010dinnos\u0165 v t\u00fdchto \u00faloh\u00e1ch zvy\u0161uje produktivitu v po\u013enohospod\u00e1rskom prostred\u00ed.<\/p>\n<h3>R\u00fdpadl\u00e1<\/h3>\n<p>Valec lopaty umo\u017e\u0148uje lopate r\u00fdpadla prenikn\u00fa\u0165 do p\u00f4dy, \u010do u\u013eah\u010duje efekt\u00edvne kopanie, ktor\u00e9 je nevyhnutn\u00e9 pre stavebn\u00e9 a pr\u00edpravn\u00e9 procesy na stavenisku.<\/p>\n<h3>Naklada\u010de<\/h3>\n<p>V \u010deln\u00fdch naklada\u010doch pom\u00e1haj\u00fa valce v\u00fdlo\u017en\u00edka efekt\u00edvne zdv\u00edha\u0165 a vyklada\u0165 bremena, \u010d\u00edm prispievaj\u00fa k efekt\u00edvnej manipul\u00e1cii s materi\u00e1lom a prev\u00e1dzkovej efekt\u00edvnosti v r\u00f4znych odvetviach.<\/p>\n<h2>\u00davahy o dizajne a krit\u00e9ri\u00e1 v\u00fdberu<\/h2>\n<h3>Nosnos\u0165<\/h3>\n<p>Vyhodnotenie nosnosti valca v\u00fdlo\u017en\u00edka je k\u013e\u00fa\u010dov\u00e9. Kon\u0161trukcia mus\u00ed unies\u0165 maxim\u00e1lnu hmotnos\u0165, ktor\u00fa r\u00fdpadlo zvl\u00e1dne, aby sa zabezpe\u010dila bezpe\u010dnos\u0165 a funk\u010dnos\u0165 po\u010das prev\u00e1dzky. Dobre navrhnut\u00fd hydraulick\u00fd valec zabr\u00e1ni poruch\u00e1m pod tlakom a umo\u017en\u00ed spo\u013eahliv\u00fd v\u00fdkon v priebehu \u010dasu.<\/p>\n<h3>Tesniaci v\u00fdkon<\/h3>\n<p>Tesnenie je nevyhnutn\u00e9 na udr\u017eanie hydraulick\u00e9ho tlaku a predch\u00e1dzanie \u00fanikom. Vysokokvalitn\u00e9 tesnenia, ako s\u00fa tesnenia piestov a ty\u010d\u00ed, vyroben\u00e9 z odoln\u00fdch materi\u00e1lov, ako je polyuret\u00e1n a nitrilov\u00e1 guma, zvy\u0161uj\u00fa v\u00fdkon a \u017eivotnos\u0165 valca. Spr\u00e1vne utesnen\u00e9 hydraulick\u00e9 valce prispievaj\u00fa k efekt\u00edvnej prev\u00e1dzke a zni\u017euj\u00fa potrebu \u00fadr\u017eby.<\/p>\n<h3>Trvanlivos\u0165<\/h3>\n<p>Trvanlivos\u0165 je k\u013e\u00fa\u010dov\u00fdm faktorom pri kon\u0161trukcii hydraulick\u00fdch valcov. Musia odol\u00e1va\u0165 extr\u00e9mnym podmienkam vr\u00e1tane vysok\u00e9ho tlaku a premenliv\u00fdch tepl\u00f4t. Materi\u00e1ly pou\u017eit\u00e9 pri v\u00fdrobe by mali by\u0165 odoln\u00e9 vo\u010di opotrebovaniu a kor\u00f3zii, \u010d\u00edm by sa zabezpe\u010dila dlhodob\u00e1 spo\u013eahlivos\u0165 a v\u00fdkon.<\/p>\n<h3>Bezpe\u010dnostn\u00e9 prvky<\/h3>\n<p>Za\u010dlenenie bezpe\u010dnostn\u00fdch prvkov do kon\u0161trukcie hydraulick\u00e9ho valca je nevyhnutn\u00e9 na predch\u00e1dzanie nehod\u00e1m po\u010das prev\u00e1dzky. Poistn\u00e9 ventily, ochrana proti pre\u0165a\u017eeniu a spr\u00e1vna mont\u00e1\u017e m\u00f4\u017eu minimalizova\u0165 rizik\u00e1 spojen\u00e9 s hydraulick\u00fdmi strojmi a podpori\u0165 bezpe\u010dn\u00e9 pou\u017e\u00edvanie v r\u00f4znych prostrediach.<\/p>\n<h3>Udr\u017eiavate\u013enos\u0165<\/h3>\n<p>Jednoduch\u00e1 \u00fadr\u017eba je pre hydraulick\u00e9 valce nevyhnutn\u00e1. Kon\u0161trukcie by mali umo\u017e\u0148ova\u0165 jednoduch\u00e9 kontroly, v\u00fdmenu tesnen\u00ed a mazanie. To zni\u017euje prestoje a zlep\u0161uje celkov\u00fa efektivitu prev\u00e1dzky zariadenia t\u00fdm, \u017ee zabezpe\u010duje r\u00fdchle rie\u0161enie ak\u00fdchko\u013evek probl\u00e9mov.<\/p>\n<p><img decoding=\"async\" src=\"https:\/\/www.hydraulic-cylinders.net\/wp-content\/uploads\/2025\/04\/songte-oil-pipes-and-spare-parts.webp\" alt=\"Hydraulick\u00e9 diely\" \/><\/p>\n<h2>Tesnenie a mazanie<\/h2>\n<p>Tesnenie a mazanie hydraulick\u00fdch valcov s\u00fa k\u013e\u00fa\u010dov\u00e9 pre ich v\u00fdkon. R\u00f4zne tesnenia, vr\u00e1tane tesnen\u00ed piestov a ty\u010d\u00ed, s\u00fa nevyhnutn\u00e9 na udr\u017eanie hydraulick\u00e9ho tlaku a zabr\u00e1nenie \u00fanikom. Tesnenia vyroben\u00e9 z materi\u00e1lov odoln\u00fdch vo\u010di opotrebovaniu, ako je polyuret\u00e1n a nitrilov\u00e1 guma, zais\u0165uj\u00fa dlh\u00fa \u017eivotnos\u0165 a spo\u013eahlivos\u0165.<\/p>\n<p>Teleso valca a z\u00e1vitov\u00e9 koncov\u00e9 plochy s\u00fa prec\u00edzne opracovan\u00e9, aby sa zv\u00fd\u0161ila odolnos\u0165 vo\u010di opotrebovaniu. Pravideln\u00e9 mazanie vhodn\u00fdm hydraulick\u00fdm olejom je nevyhnutn\u00e9 na udr\u017eanie optim\u00e1lnej funkcie, zn\u00ed\u017eenie trenia a opotrebenia pohybliv\u00fdch \u010dast\u00ed.<\/p>\n<h2>Opatrenia prevent\u00edvnej \u00fadr\u017eby<\/h2>\n<ul>\n<li><strong>Pravideln\u00e9 kontroly:<\/strong> Vykon\u00e1vanie pravideln\u00fdch kontrol hydraulick\u00fdch valcov je nevyhnutn\u00e9 na identifik\u00e1ciu opotrebenia a zabezpe\u010denie v\u010dasn\u00e9ho odhalenia potenci\u00e1lnych probl\u00e9mov sk\u00f4r, ako poved\u00fa k poruch\u00e1m.<\/li>\n<li><strong>Vhodn\u00e9 mazanie:<\/strong> Spr\u00e1vne mazanie minimalizuje trenie a opotrebovanie, \u010d\u00edm predl\u017euje \u017eivotnos\u0165 hydraulick\u00e9ho valca. Zabezpe\u010dte, aby ste pou\u017e\u00edvali spr\u00e1vny typ hydraulick\u00e9ho oleja a aplikovali ho v odpor\u00fa\u010dan\u00fdch intervaloch.<\/li>\n<li><strong>V\u00fdmena tesnenia:<\/strong> Pravidelne kontrolujte a vymie\u0148ajte tesnenia ako s\u00fa\u010das\u0165 \u00fadr\u017eby, aby ste udr\u017eali v\u00fdkon a predi\u0161li \u00fanikom, \u010d\u00edm zabezpe\u010d\u00edte dlh\u00fa \u017eivotnos\u0165 hydraulick\u00e9ho syst\u00e9mu.<\/li>\n<\/ul>\n<h2>In\u0161tala\u010dn\u00e1 pr\u00edru\u010dka<\/h2>\n<p>Spr\u00e1vna in\u0161tal\u00e1cia valca v\u00fdlo\u017en\u00edka je k\u013e\u00fa\u010dov\u00e1 pre optim\u00e1lny v\u00fdkon. Uistite sa, \u017ee miesto in\u0161tal\u00e1cie je \u010dist\u00e9 a bez ne\u010dist\u00f4t. Spr\u00e1vne zarovnajte hydraulick\u00fd valec s mont\u00e1\u017enymi konzolami a uistite sa, \u017ee v\u0161etky skrutky s\u00fa utiahnut\u00e9 pod\u013ea \u0161pecifik\u00e1ci\u00ed v\u00fdrobcu.<\/p>\n<p>Po\u010das in\u0161tal\u00e1cie pou\u017eite vhodn\u00e9 mont\u00e1\u017ene podpery na upevnenie valca. Pred dokon\u010den\u00edm mont\u00e1\u017ee je nevyhnutn\u00e9 skontrolova\u0165, \u010di je valec spr\u00e1vne zarovnan\u00fd, aby sa predi\u0161lo probl\u00e9mom s nespr\u00e1vnym zarovnan\u00edm, ktor\u00e9 by mohli ovplyvni\u0165 prev\u00e1dzku.<\/p>\n<p>Po in\u0161tal\u00e1cii skontrolujte tesnos\u0165 hydraulick\u00e9ho syst\u00e9mu a uistite sa, \u017ee sa valec vo\u013ene pohybuje bez prek\u00e1\u017eok. Pre ak\u00e9ko\u013evek \u0161pecifick\u00e9 po\u017eiadavky na in\u0161tal\u00e1ciu dodr\u017eiavajte pokyny v\u00fdrobcu.<\/p>\n<h2>\u00dalohy \u00fadr\u017eby<\/h2>\n<ul>\n<li><strong>Pravideln\u00e9 kontroly:<\/strong> Pravideln\u00e9 kontroly hydraulick\u00e9ho valca m\u00f4\u017eu pom\u00f4c\u0165 v\u010das odhali\u0165 probl\u00e9my. Po\u010das kontrol h\u013eadajte zn\u00e1mky opotrebovania, netesnost\u00ed alebo nespr\u00e1vneho zarovnania.<\/li>\n<li><strong>Spr\u00e1vne mazanie:<\/strong> Zabezpe\u010dte dop\u013a\u0148anie hydraulick\u00e9ho oleja v primeran\u00fdch intervaloch, aby sa zachovala funk\u010dnos\u0165 valca a pred\u013a\u017eila jeho \u017eivotnos\u0165.<\/li>\n<li><strong>V\u00fdmena tesnenia:<\/strong> Pravidelne kontrolujte tesnenia a pod\u013ea potreby ich vymie\u0148ajte, aby ste udr\u017eali hydraulick\u00fd tlak a predi\u0161li \u00fanikom.<\/li>\n<\/ul>\n<p>Spr\u00e1vna in\u0161tal\u00e1cia, mazanie a nastavenie s\u00fa k\u013e\u00fa\u010dov\u00e9 pre \u00fa\u010dinnos\u0165 hydraulick\u00fdch valcov. Po\u010das in\u0161tal\u00e1cie sa uistite, \u017ee je valec spr\u00e1vne zarovnan\u00fd. Na \u00fa\u010dinn\u00e9 upevnenie valca sa odpor\u00fa\u010da pou\u017ei\u0165 vhodn\u00e9 mont\u00e1\u017ene konzoly. Implement\u00e1cia programu pravideln\u00fdch kontrol, opr\u00e1v a v\u00fdmen pom\u00f4\u017ee udr\u017ea\u0165 v\u00fdkon valca a pred\u013a\u017ei\u0165 jeho \u017eivotnos\u0165.<\/p>\n<p><img decoding=\"async\" src=\"https:\/\/www.hydraulic-cylinders.net\/wp-content\/uploads\/2025\/04\/songte-chushion-collar.webp\" alt=\"Vank\u00fa\u0161ov\u00fd golier\" \/><\/p>\n<h2>Bezpe\u010dnostn\u00e9 aspekty a faktory prostredia<\/h2>\n<p>Pri pou\u017e\u00edvan\u00ed hydraulick\u00fdch valcov je nevyhnutn\u00e9 dodr\u017eiava\u0165 bezpe\u010dnostn\u00e9 opatrenia. Obsluha by mala by\u0165 vy\u0161kolen\u00e1, aby rozumela prev\u00e1dzkov\u00fdm limitom a bezpe\u010dnostn\u00fdm prvkom zariadenia. Zabezpe\u010denie dodr\u017eiavania bezpe\u010dnostn\u00fdch protokolov minimalizuje riziko neh\u00f4d a zranen\u00ed spojen\u00fdch s hydraulick\u00fdmi strojmi.<\/p>\n<h2>Diagnostika por\u00fach a be\u017en\u00e9 probl\u00e9my<\/h2>\n<ul>\n<li><strong>Hydraulick\u00e9 \u00faniky:<\/strong> \u00daniky, ktor\u00e9 s\u00fa be\u017en\u00e9 v hydraulick\u00fdch syst\u00e9moch, mo\u017eno \u010dasto vysledova\u0165 a\u017e k opotrebovan\u00fdm tesneniam alebo po\u0161koden\u00fdm hadiciam. V\u010dasn\u00e9 rie\u0161enie t\u00fdchto probl\u00e9mov je k\u013e\u00fa\u010dov\u00e9 pre udr\u017eanie \u00fa\u010dinnosti syst\u00e9mu.<\/li>\n<li><strong>Slab\u00e1 prev\u00e1dzka:<\/strong> Ak valec v\u00fdlo\u017en\u00edka nefunguje hladko, m\u00f4\u017ee to znamena\u0165 n\u00edzku hladinu hydraulickej kvapaliny alebo vn\u00fatorn\u00e9 po\u0161kodenie valca. Pravideln\u00e9 kontroly a \u00fadr\u017eba m\u00f4\u017eu t\u00fdmto probl\u00e9mom pred\u00eds\u0165.<\/li>\n<li><strong>Nezvy\u010dajn\u00e9 zvuky:<\/strong> Hluky po\u010das prev\u00e1dzky m\u00f4\u017eu signalizova\u0165 probl\u00e9my, ako je nedostato\u010dn\u00e9 mazanie alebo mechanick\u00e9 zlyhanie. V\u010dasn\u00e1 identifik\u00e1cia a rie\u0161enie t\u00fdchto zvukov m\u00f4\u017ee zn\u00ed\u017ei\u0165 riziko v\u00e1\u017eneho po\u0161kodenia.<\/li>\n<\/ul>\n<h2>Tipy na rie\u0161enie por\u00fach<\/h2>\n<p>Pre efekt\u00edvnu diagnostiku a rie\u0161enie probl\u00e9mov s hydraulick\u00fdmi valcami by oper\u00e1tori mali postupova\u0165 systematicky. Za\u010dnite identifik\u00e1ciou pr\u00edznakov, ako s\u00fa netesnosti, zl\u00e1 funkcia alebo zvl\u00e1\u0161tne zvuky. Skontrolujte hladiny hydraulickej kvapaliny a skontrolujte tesnenia a hadice, \u010di nie s\u00fa opotrebovan\u00e9 alebo po\u0161koden\u00e9. Ak probl\u00e9my pretrv\u00e1vaj\u00fa, pozrite si pokyny v\u00fdrobcu na rie\u0161enie konkr\u00e9tnych probl\u00e9mov.<\/p>\n<p>Prevent\u00edvne opatrenia, ako je pravideln\u00e1 \u00fadr\u017eba a v\u010dasn\u00e1 v\u00fdmena opotrebovan\u00fdch dielov, m\u00f4\u017eu v\u00fdrazne zn\u00ed\u017ei\u0165 pravdepodobnos\u0165 vzniku probl\u00e9mov a zabezpe\u010di\u0165 bezprobl\u00e9mov\u00fa prev\u00e1dzku hydraulick\u00e9ho syst\u00e9mu.<\/p>\n<p><img decoding=\"async\" src=\"https:\/\/www.hydraulic-cylinders.net\/wp-content\/uploads\/2025\/04\/songte-bushings-with-all-kinds-of-excavator-models.webp\" alt=\"Puzdr\u00e1\" \/><\/p>\n<h2>O na\u0161ej spolo\u010dnosti<\/h2>\n<p>Sme v\u00fdrobcom n\u00e1hradn\u00fdch hydraulick\u00fdch valcov a pon\u00fakame komplexn\u00fd sortiment produktov. Na\u0161a spolo\u010dnos\u0165 sa stala jedn\u00fdm z popredn\u00fdch v\u00fdrobcov a ve\u013ekoobchodn\u00edkov s hydraulick\u00fdmi valcami na dom\u00e1com aj medzin\u00e1rodnom trhu. Dodr\u017eiavame princ\u00edpy excelentnosti a opierame sa o prepracovan\u00fa strat\u00e9giu riadenia v\u00fdroby.<\/p>\n<p>N\u00e1\u0161 pr\u00edstup sa zameriava na vyu\u017e\u00edvanie kvalifikovan\u00fdch pracovn\u00edkov, pokro\u010dil\u00fdch digit\u00e1lnych v\u00fdrobn\u00fdch zariaden\u00ed a profesion\u00e1lnych testovac\u00edch syst\u00e9mov na zlep\u0161enie na\u0161ich v\u00fdrobn\u00fdch kapac\u00edt. Neust\u00e1le zlep\u0161ujeme na\u0161e v\u00fdrobn\u00e9 procesy, zabezpe\u010dujeme vysokokvalitn\u00e9 v\u00fdrobn\u00e9 postupy a robustn\u00e9 kreat\u00edvne mo\u017enosti na uspokojenie r\u00f4znorod\u00fdch potrieb z\u00e1kazn\u00edkov.<\/p>\n<p>V\u010faka z\u00e1v\u00e4zku k profesionalite, medzin\u00e1rodnej certifik\u00e1cii, slu\u017eb\u00e1m na mieru, modern\u00e9mu v\u00fdrobn\u00e9mu vybaveniu a komplexnej popredajnej podpore sa sna\u017e\u00edme poskytova\u0165 na\u0161im klientom tie najlep\u0161ie rie\u0161enia.<\/p>\n<p><img decoding=\"async\" src=\"https:\/\/www.hydraulic-cylinders.net\/wp-content\/uploads\/2025\/04\/songte-company-4.webp\" alt=\"Preh\u013ead spolo\u010dnosti\" \/><br \/>\n<img decoding=\"async\" src=\"https:\/\/www.hydraulic-cylinders.net\/wp-content\/uploads\/2025\/04\/songte-company-3.webp\" alt=\"Zariadenie spolo\u010dnosti\" \/><\/p>\n<p>Autor: lyl<\/p>","protected":false},"excerpt":{"rendered":"<p>Boom Cylinder For Volwa Middle Excavator DLS270-8B Product Overview The Boom Cylinder for Volwa Middle Excavator DLS270-8B is an essential component of heavy machinery, specifically designed to control the movement of the boom on excavators. This hydraulic cylinder plays a crucial role in the operation of various heavy equipment, ensuring efficient handling of materials in [&hellip;]<\/p>","protected":false},"featured_media":17876,"comment_status":"open","ping_status":"closed","template":"","meta":{"_et_pb_use_builder":"","_et_pb_old_content":"","_et_gb_content_width":""},"product_brand":[],"product_cat":[1546],"product_tag":[1547,1496],"class_list":{"0":"post-19613","1":"product","2":"type-product","3":"status-publish","4":"has-post-thumbnail","6":"product_cat-boom-cylinders","7":"product_tag-boom-cylinders","8":"product_tag-hydraulic-cylinders","10":"first","11":"instock","12":"shipping-taxable","13":"product-type-simple"},"amp_enabled":true,"_links":{"self":[{"href":"https:\/\/www.hydraulic-cylinders.net\/sk\/wp-json\/wp\/v2\/product\/19613","targetHints":{"allow":["GET"]}}],"collection":[{"href":"https:\/\/www.hydraulic-cylinders.net\/sk\/wp-json\/wp\/v2\/product"}],"about":[{"href":"https:\/\/www.hydraulic-cylinders.net\/sk\/wp-json\/wp\/v2\/types\/product"}],"replies":[{"embeddable":true,"href":"https:\/\/www.hydraulic-cylinders.net\/sk\/wp-json\/wp\/v2\/comments?post=19613"}],"wp:featuredmedia":[{"embeddable":true,"href":"https:\/\/www.hydraulic-cylinders.net\/sk\/wp-json\/wp\/v2\/media\/17876"}],"wp:attachment":[{"href":"https:\/\/www.hydraulic-cylinders.net\/sk\/wp-json\/wp\/v2\/media?parent=19613"}],"wp:term":[{"taxonomy":"product_brand","embeddable":true,"href":"https:\/\/www.hydraulic-cylinders.net\/sk\/wp-json\/wp\/v2\/product_brand?post=19613"},{"taxonomy":"product_cat","embeddable":true,"href":"https:\/\/www.hydraulic-cylinders.net\/sk\/wp-json\/wp\/v2\/product_cat?post=19613"},{"taxonomy":"product_tag","embeddable":true,"href":"https:\/\/www.hydraulic-cylinders.net\/sk\/wp-json\/wp\/v2\/product_tag?post=19613"}],"curies":[{"name":"pracovn\u00fd list","href":"https:\/\/api.w.org\/{rel}","templated":true}]}}