{"id":19616,"date":"2025-04-07T06:57:32","date_gmt":"2025-04-07T06:57:32","guid":{"rendered":"https:\/\/www.hydraulic-cylinders.net\/product\/boom-cylinder-for-volwa-large-excavator-dls450-8b\/"},"modified":"2025-04-07T06:57:34","modified_gmt":"2025-04-07T06:57:34","slug":"boom-cylinder-for-volwa-large-excavator-dls450-8b","status":"publish","type":"product","link":"https:\/\/www.hydraulic-cylinders.net\/sk\/produkt\/boom-cylinder-for-volwa-large-excavator-dls450-8b\/","title":{"rendered":"Valec v\u00fdlo\u017en\u00edka pre ve\u013ek\u00e9 r\u00fdpadlo Volwa DLS450-8B"},"content":{"rendered":"<h1>Valec v\u00fdlo\u017en\u00edka pre ve\u013ek\u00e9 r\u00fdpadlo Volwa DLS450-8B<\/h1>\n<h2>Preh\u013ead produktu<\/h2>\n<p>Ten\/T\u00e1\/To <strong>Valec v\u00fdlo\u017en\u00edka pre ve\u013ek\u00e9 r\u00fdpadlo Volwa DLS450-8B<\/strong> je k\u013e\u00fa\u010dovou s\u00fa\u010das\u0165ou hydraulick\u00fdch syst\u00e9mov \u0165a\u017ek\u00fdch strojov. Tento typ hydraulick\u00e9ho valca je \u0161peci\u00e1lne navrhnut\u00fd na ovl\u00e1danie pohybu ly\u017e\u00edc v r\u00f4znych \u0165a\u017ek\u00fdch zariadeniach, ako s\u00fa r\u00fdpadl\u00e1, r\u00fdpadlo-naklada\u010de a \u010deln\u00e9 naklada\u010de. Umo\u017e\u0148uje ly\u017eici zdv\u00edha\u0165, sp\u00fa\u0161\u0165a\u0165 a nakl\u00e1\u0148a\u0165, \u010do u\u013eah\u010duje efekt\u00edvnu manipul\u00e1ciu s materi\u00e1lom. Valec ly\u017eice je nevyhnutn\u00fd na zabezpe\u010denie potrebnej sily a pohybu potrebn\u00e9ho na efekt\u00edvnu prev\u00e1dzku t\u00fdchto strojov.<\/p>\n<p><img decoding=\"async\" src=\"https:\/\/www.hydraulic-cylinders.net\/wp-content\/uploads\/2025\/04\/songte-company-1.webp\" alt=\"Valec v\u00fdlo\u017en\u00edka\" \/><\/p>\n<h2>Vlastnosti valca v\u00fdlo\u017en\u00edka<\/h2>\n<ul>\n<li><strong>Vysok\u00e1 pevnos\u0165 a odolnos\u0165:<\/strong> Tento valec je vyroben\u00fd z vysokopevnostnej ocele alebo hlin\u00edka a odol\u00e1 vysok\u00e9mu tlaku a \u0165a\u017ek\u00fdm za\u0165a\u017eeniam, v\u010faka \u010domu je vhodn\u00fd do n\u00e1ro\u010dn\u00fdch pracovn\u00fdch prostred\u00ed. Jeho kon\u0161trukcia zoh\u013ead\u0148uje odolnos\u0165 vo\u010di opotrebovaniu a kor\u00f3zii, \u010do zais\u0165uje dlh\u0161iu \u017eivotnos\u0165.<\/li>\n<li><strong>Efekt\u00edvna hydraulick\u00e1 prev\u00e1dzka:<\/strong> V\u010faka hydraulick\u00e9mu tlaku oleja zabezpe\u010duje valec plynul\u00e9 vys\u00favanie a zas\u00favanie, \u010do umo\u017e\u0148uje r\u00fdchlu reakciu na ovl\u00e1dacie povely a poskytuje siln\u00e9 tla\u010dn\u00e9 a \u0165ahov\u00e9 sily na zvl\u00e1dnutie \u0165a\u017ek\u00fdch a zlo\u017eit\u00fdch \u00faloh.<\/li>\n<li><strong>R\u00f4zne typy:<\/strong> K dispoz\u00edcii s\u00fa jedno\u010dinn\u00e9 (hydraulick\u00e1 funkcia v jednom smere) alebo dvoj\u010dinn\u00e9 (hydraulick\u00e1 funkcia v oboch smeroch) varianty, aby vyhovovali r\u00f4znym prev\u00e1dzkov\u00fdm potreb\u00e1m. Niektor\u00e9 modely s\u00fa teleskopick\u00e9, \u010do umo\u017e\u0148uje v\u00e4\u010d\u0161ie vysunutie bez zv\u00e4\u010d\u0161enia vonkaj\u0161\u00edch rozmerov, ide\u00e1lne pre aplik\u00e1cie s obmedzen\u00fdm priestorom.<\/li>\n<li><strong>Prisp\u00f4sobite\u013en\u00e9 rie\u0161enia:<\/strong> Na\u0161e produkty dok\u00e1\u017eu dokonale nahradi\u0165 r\u00f4zne hydraulick\u00e9 valce a pon\u00fakaj\u00fa flexibilitu pri plnen\u00ed \u0161pecifick\u00fdch po\u017eiadaviek z\u00e1kazn\u00edkov.<\/li>\n<\/ul>\n<p><img decoding=\"async\" src=\"https:\/\/www.hydraulic-cylinders.net\/wp-content\/uploads\/2025\/04\/songte-cylinder-head-with-all-kinds-excavator-models.webp\" alt=\"Hlava valcov\" \/><\/p>\n<h2>Aplik\u00e1cie valca v\u00fdlo\u017en\u00edka<\/h2>\n<h3>Stavebn\u00e9 stroje<\/h3>\n<p>V r\u00fdpadl\u00e1ch s\u00fa valce v\u00fdlo\u017en\u00edka nevyhnutn\u00e9 na kopanie, nakladanie a premiest\u0148ovanie zeminy alebo sutiny. Pom\u00e1haj\u00fa zabezpe\u010di\u0165 potrebn\u00fa silu na preniknutie cez tvrd\u00e9 materi\u00e1ly, v\u010faka \u010domu s\u00fa nevyhnutn\u00e9 pre ak\u00fdko\u013evek stavebn\u00fd projekt.<\/p>\n<h3>Po\u013enohospod\u00e1rske stroje<\/h3>\n<p>V \u010deln\u00fdch naklada\u010doch zohr\u00e1vaj\u00fa valce v\u00fdlo\u017en\u00edka k\u013e\u00fa\u010dov\u00fa \u00falohu pri zdv\u00edhan\u00ed, naberan\u00ed a preprave p\u00f4dy, sena a in\u00fdch materi\u00e1lov. Ich \u00fa\u010dinnos\u0165 zvy\u0161uje produktivitu pri po\u013enohospod\u00e1rskych \u00faloh\u00e1ch, v\u010faka \u010domu s\u00fa k\u013e\u00fa\u010dovou s\u00fa\u010das\u0165ou po\u013enohospod\u00e1rskych oper\u00e1ci\u00ed.<\/p>\n<h3>R\u00fdpadl\u00e1<\/h3>\n<p>Pri v\u00fdkopov\u00fdch pr\u00e1cach umo\u017e\u0148uj\u00fa valce v\u00fdlo\u017en\u00edka efekt\u00edvne prenikanie ly\u017eice do p\u00f4dy, \u010do u\u013eah\u010duje v\u00fdkopov\u00e9 pr\u00e1ce. Ich kon\u0161trukcia zabezpe\u010duje, \u017ee dok\u00e1\u017eu zvl\u00e1dnu\u0165 nam\u00e1hanie spojen\u00e9 s t\u00fdmito procesmi, \u010d\u00edm sa zlep\u0161uje celkov\u00fd v\u00fdkon stroja.<\/p>\n<h3>Naklada\u010de<\/h3>\n<p>V \u010deln\u00fdch naklada\u010doch tieto valce pom\u00e1haj\u00fa pri efekt\u00edvnom zdv\u00edhan\u00ed a vykladan\u00ed bremien. Ich spo\u013eahliv\u00e1 prev\u00e1dzka zabezpe\u010duje, \u017ee materi\u00e1ly sa daj\u00fa premiest\u0148ova\u0165 r\u00fdchlo a presne, \u010do je nevyhnutn\u00e9 pre ak\u00fako\u013evek nakladaciu \u00falohu.<\/p>\n<h2>\u00davahy o dizajne a krit\u00e9ri\u00e1 v\u00fdberu<\/h2>\n<h3>Nosnos\u0165<\/h3>\n<p>Pri v\u00fdbere valca ramena je d\u00f4le\u017eit\u00e9 pos\u00fadi\u0165 jeho nosnos\u0165. Valec mus\u00ed by\u0165 schopn\u00fd zvl\u00e1dnu\u0165 maxim\u00e1lne za\u0165a\u017eenie, ktor\u00e9 bude po\u010das prev\u00e1dzky p\u00f4sobi\u0165. Spr\u00e1vne pos\u00fadenie menovit\u00e9ho za\u0165a\u017eenia zais\u0165uje bezpe\u010dn\u00e9 a efekt\u00edvne pou\u017e\u00edvanie a predch\u00e1dza potenci\u00e1lnym poruch\u00e1m, ktor\u00e9 by mohli vznikn\u00fa\u0165 v d\u00f4sledku pre\u0165a\u017eenia.<\/p>\n<h3>Tesniaci syst\u00e9m<\/h3>\n<p>Tesnenie je d\u00f4le\u017eit\u00fdm aspektom hydraulick\u00fdch valcov. Vysokokvalitn\u00e9 tesnenia zabra\u0148uj\u00fa \u00faniku hydraulickej kvapaliny, \u010do m\u00f4\u017ee vies\u0165 k zn\u00ed\u017eeniu v\u00fdkonu a zv\u00fd\u0161eniu n\u00e1kladov na \u00fadr\u017ebu. Spr\u00e1vne tesnenia pred\u013a\u017eia \u017eivotnos\u0165 valca a udr\u017eia jeho \u00fa\u010dinnos\u0165 v priebehu \u010dasu.<\/p>\n<h3>Trvanlivos\u0165<\/h3>\n<p>Trvanlivos\u0165 je k\u013e\u00fa\u010dov\u00fdm faktorom, najm\u00e4 v n\u00e1ro\u010dn\u00fdch pracovn\u00fdch prostrediach. V\u00fdber materi\u00e1lov, ktor\u00e9 odol\u00e1vaj\u00fa opotrebovaniu a kor\u00f3zii, m\u00f4\u017ee v\u00fdrazne pred\u013a\u017ei\u0165 \u017eivotnos\u0165 valca ramena. Pravideln\u00e9 kontroly integrity materi\u00e1lu tie\u017e pom\u00f4\u017eu prevent\u00edvne rie\u0161i\u0165 potenci\u00e1lne probl\u00e9my.<\/p>\n<h3>Bezpe\u010dnostn\u00e9 prvky<\/h3>\n<p>Bezpe\u010dnos\u0165 v kon\u0161trukcii by nikdy nemala by\u0165 ohrozen\u00e1. Za\u010dlenenie prvkov, ako s\u00fa pretlakov\u00e9 ventily, pom\u00e1ha predch\u00e1dza\u0165 poruche tlakov\u00fdch flia\u0161. Dodr\u017eiavanie bezpe\u010dnostn\u00fdch noriem prev\u00e1dzky chr\u00e1ni nielen zariadenie, ale aj obsluhu a okolit\u00fd person\u00e1l.<\/p>\n<h3>Udr\u017eiavate\u013enos\u0165<\/h3>\n<p>Nakoniec je k\u013e\u00fa\u010dov\u00e1 aj jednoduchos\u0165 \u00fadr\u017eby. Dobre navrhnut\u00fd valec by mal umo\u017e\u0148ova\u0165 jednoduch\u00e9 kontroly a servis. Jednoduch\u00fd pr\u00edstup ku komponentom, ako s\u00fa tesnenia a maziv\u00e1, umo\u017e\u0148uje pravideln\u00e9 kontroly \u00fadr\u017eby, \u010d\u00edm sa predl\u017euje \u017eivotnos\u0165 produktu.<\/p>\n<p><img decoding=\"async\" src=\"https:\/\/www.hydraulic-cylinders.net\/wp-content\/uploads\/2025\/04\/songte-oil-pipes-and-spare-parts.webp\" alt=\"Olejov\u00e9 potrubia a n\u00e1hradn\u00e9 diely\" \/><\/p>\n<h2>Tesnenie a mazanie<\/h2>\n<p>Pou\u017eitie r\u00f4znych tesniacich komponentov, ako s\u00fa tesnenia piestov a tesnenia ty\u010d\u00ed, je nevyhnutn\u00e9 na udr\u017eanie integrity hydraulick\u00e9ho valca. Tesnenia sa zvy\u010dajne vyr\u00e1baj\u00fa z materi\u00e1lov odoln\u00fdch vo\u010di opotrebovaniu, ako je polyuret\u00e1n a nitrilov\u00fd kau\u010duk, ktor\u00e9 s\u00fa vybran\u00e9 pre svoju trvanlivos\u0165 a schopnos\u0165 odol\u00e1va\u0165 vysok\u00fdm tlakom. Teleso valca a z\u00e1vitov\u00e9 konce sa presn\u00fdm obr\u00e1ban\u00edm zvy\u0161uj\u00fa, aby sa zv\u00fd\u0161ila odolnos\u0165 vo\u010di opotrebovaniu. Pravideln\u00e9 mazanie vhodn\u00fdm hydraulick\u00fdm olejom je nevyhnutn\u00e9 na zabezpe\u010denie plynul\u00e9ho chodu valca a minimaliz\u00e1ciu opotrebovania pohybliv\u00fdch \u010dast\u00ed.<\/p>\n<h2>Pravideln\u00e1 kontrola a prevent\u00edvna \u00fadr\u017eba<\/h2>\n<ul>\n<li><strong>Pravideln\u00e9 kontroly:<\/strong> Napl\u00e1nujte si pravideln\u00e9 vizu\u00e1lne a prev\u00e1dzkov\u00e9 kontroly, aby ste identifikovali ak\u00e9ko\u013evek zn\u00e1mky opotrebovania, \u00faniku alebo po\u0161kodenia. V\u010dasn\u00e9 odhalenie probl\u00e9mov m\u00f4\u017ee zabr\u00e1ni\u0165 n\u00e1kladn\u00fdm oprav\u00e1m v bud\u00facnosti.<\/li>\n<li><strong>Spr\u00e1vne mazanie:<\/strong> Zabezpe\u010dte udr\u017eiavanie hladiny hydraulick\u00e9ho oleja. Mazanie podporuje optim\u00e1lny v\u00fdkon a zni\u017euje trenie medzi pohybliv\u00fdmi \u010das\u0165ami, \u010d\u00edm minimalizuje opotrebenie.<\/li>\n<li><strong>V\u00fdmena tesnenia:<\/strong> Tesnenia sa m\u00f4\u017eu \u010dasom opotrebova\u0165 alebo p\u00f4sobi\u0165 vplyvom prostredia. Pravidelne kontrolujte a vymie\u0148ajte tesnenia, aby ste predi\u0161li \u00fanikom a zachovali ich \u00fa\u010dinnos\u0165.<\/li>\n<\/ul>\n<h2>Pokyny na in\u0161tal\u00e1ciu<\/h2>\n<p>Spr\u00e1vna in\u0161tal\u00e1cia valca v\u00fdlo\u017en\u00edka je k\u013e\u00fa\u010dov\u00e1 pre zabezpe\u010denie spo\u013eahliv\u00e9ho v\u00fdkonu. Za\u010dnite t\u00fdm, \u017ee sa uist\u00edte, \u017ee v\u0161etky komponenty s\u00fa \u010dist\u00e9 a bez ne\u010dist\u00f4t. Na upevnenie valca na mieste pou\u017eite vhodn\u00e9 mont\u00e1\u017ene konzoly a uistite sa, \u017ee je spr\u00e1vne zarovnan\u00fd s prev\u00e1dzkov\u00fdmi komponentmi stroja. Dodr\u017eiavajte \u0161pecifik\u00e1cie v\u00fdrobcu t\u00fdkaj\u00face sa nastavenia kr\u00fatiaceho momentu, aby ste predi\u0161li nadmern\u00e9mu utiahnutiu, ktor\u00e9 m\u00f4\u017ee po\u0161kodi\u0165 valec. Po in\u0161tal\u00e1cii d\u00f4kladne skontrolujte v\u0161etky spoje a pripojenia, aby ste sa uistili, \u017ee s\u00fa bezpe\u010dn\u00e9. Nakoniec pred plnou prev\u00e1dzkou otestujte syst\u00e9m pri n\u00edzkom tlaku, aby ste sa uistili, \u017ee v\u0161etko funguje spr\u00e1vne.<\/p>\n<p><img decoding=\"async\" src=\"https:\/\/www.hydraulic-cylinders.net\/wp-content\/uploads\/2025\/04\/songte-chushion-collar.webp\" alt=\"Vank\u00fa\u0161ov\u00fd golier\" \/><\/p>\n<h2>Bezpe\u010dnostn\u00e9 aspekty a faktory prostredia<\/h2>\n<p>Pri pou\u017e\u00edvan\u00ed hydraulick\u00fdch valcov v\u00fdlo\u017en\u00edka je nevyhnutn\u00e9 dodr\u017eiavanie bezpe\u010dnostn\u00fdch opatren\u00ed. Obsluha by mala by\u0165 vy\u0161kolen\u00e1 v spr\u00e1vnom pou\u017e\u00edvan\u00ed a manipul\u00e1cii s hydraulick\u00fdm zariaden\u00edm, aby sa zmiernili rizik\u00e1. Okrem toho by sa mali dodr\u017eiava\u0165 vhodn\u00e9 environment\u00e1lne postupy, aby sa predi\u0161lo \u00faniku hydraulickej kvapaliny, ktor\u00fd m\u00f4\u017ee po\u0161kodi\u0165 ekosyst\u00e9my. Pravideln\u00e9 \u0161kolenia o bezpe\u010dnostn\u00fdch protokoloch a postupoch \u00fadr\u017eby podporuj\u00fa kult\u00faru bezpe\u010dnosti a zodpovednosti medzi obsluhou.<\/p>\n<h2>Diagnostika por\u00fach a be\u017en\u00e9 probl\u00e9my<\/h2>\n<ul>\n<li><strong>\u00danik kvapaliny:<\/strong> Pravidelne kontrolujte tesnenia a spoje. Po\u0161koden\u00e9 tesnenia ihne\u010f vyme\u0148te, aby ste predi\u0161li \u00faniku hydraulickej kvapaliny, \u010do m\u00f4\u017ee vies\u0165 k zn\u00ed\u017eeniu v\u00fdkonu.<\/li>\n<li><strong>Hlu\u010dn\u00e1 prev\u00e1dzka:<\/strong> Nezvy\u010dajn\u00e9 zvuky m\u00f4\u017eu nazna\u010dova\u0165 nedostato\u010dn\u00e9 mazanie alebo opotrebovanie vn\u00fatorn\u00fdch komponentov. Skontrolujte hladiny maziva a zv\u00e1\u017ete d\u00f4kladn\u00fa kontrolu valca.<\/li>\n<li><strong>Nekonzistentn\u00fd pohyb:<\/strong> Ak sa valec nevys\u00fava alebo nezas\u00fava plynulo, m\u00f4\u017ee to by\u0165 sp\u00f4soben\u00e9 vzduchom v syst\u00e9me alebo nedostato\u010dnou hladinou hydraulickej kvapaliny. Odvzdu\u0161nite syst\u00e9m a v pr\u00edpade potreby dopl\u0148te hydraulick\u00fa kvapalinu.<\/li>\n<\/ul>\n<h2>Tipy na rie\u0161enie probl\u00e9mov<\/h2>\n<p>Pre efekt\u00edvnu diagnostiku a rie\u0161enie probl\u00e9mov je d\u00f4le\u017eit\u00e9 dodr\u017eiava\u0165 systematick\u00fd pr\u00edstup. Za\u010dnite vizu\u00e1lnou kontrolou, aby ste identifikovali ak\u00e9ko\u013evek zjavn\u00e9 zn\u00e1mky opotrebovania alebo po\u0161kodenia. Ve\u010fte si z\u00e1znamy o \u00fadr\u017eb\u00e1rskych \u010dinnostiach, aby ste sledovali v\u00fdkon a probl\u00e9my v priebehu \u010dasu. Zav\u00e1dzajte pravideln\u00fd prevent\u00edvnu \u00fadr\u017ebu, aby ste minimalizovali potenci\u00e1lne probl\u00e9my a zabezpe\u010dili optim\u00e1lnu funk\u010dnos\u0165. Nakoniec si pre\u0161tudujte pokyny v\u00fdrobcu, kde n\u00e1jdete konkr\u00e9tne postupy a odpor\u00fa\u010dania na rie\u0161enie probl\u00e9mov.<\/p>\n<p><img decoding=\"async\" src=\"https:\/\/www.hydraulic-cylinders.net\/wp-content\/uploads\/2025\/04\/songte-bushings-with-all-kinds-of-excavator-models.webp\" alt=\"Puzdr\u00e1\" \/><\/p>\n<h2>O na\u0161ej spolo\u010dnosti<\/h2>\n<p>Sme v\u00fdrobca \u0161pecializuj\u00faci sa na n\u00e1hradn\u00e9 hydraulick\u00e9 valce. V\u010faka n\u00e1\u0161mu rozsiahlemu sortimentu produktov sme sa stali jedn\u00fdm z popredn\u00fdch v\u00fdrobcov a ve\u013ekoobchodn\u00edkov s hydraulick\u00fdmi valcami na dom\u00e1com aj medzin\u00e1rodnom trhu. Riadime sa princ\u00edpom excelentnosti a pou\u017e\u00edvame detailn\u00fa strat\u00e9giu v\u00fdrobnej dielne. So zameran\u00edm na technologick\u00e9 talenty, \u0161pi\u010dkov\u00e9 digit\u00e1lne v\u00fdrobn\u00e9 zariadenia a \u0161pecializovan\u00e9 kontroln\u00e9 syst\u00e9my neust\u00e1le zlep\u0161ujeme na\u0161e v\u00fdrobn\u00e9 kapacity. N\u00e1\u0161 z\u00e1v\u00e4zok k vysokej efektivite, presnosti a kvalite zaru\u010duje, \u017ee sp\u013a\u0148ame rozmanit\u00e9 potreby na\u0161ich z\u00e1kazn\u00edkov.<\/p>\n<p><img decoding=\"async\" src=\"https:\/\/www.hydraulic-cylinders.net\/wp-content\/uploads\/2025\/04\/songte-company-4.webp\" alt=\"Preh\u013ead spolo\u010dnosti\" \/><br \/>\n<img decoding=\"async\" src=\"https:\/\/www.hydraulic-cylinders.net\/wp-content\/uploads\/2025\/04\/songte-company-3.webp\" alt=\"Zariadenia spolo\u010dnosti\" \/><\/p>\n<p>Autor: lyl<\/p>","protected":false},"excerpt":{"rendered":"<p>Boom Cylinder For Volwa Large Excavator DLS450-8B Product Overview The Boom Cylinder for Volwa Large Excavator DLS450-8B is a crucial component in the hydraulic systems of heavy machinery. This type of hydraulic cylinder is specifically designed to control the movement of buckets in various heavy equipment like excavators, backhoe loaders, and front-end loaders. It enables [&hellip;]<\/p>","protected":false},"featured_media":17879,"comment_status":"open","ping_status":"closed","template":"","meta":{"_et_pb_use_builder":"","_et_pb_old_content":"","_et_gb_content_width":""},"product_brand":[],"product_cat":[1546],"product_tag":[1547,1496],"class_list":{"0":"post-19616","1":"product","2":"type-product","3":"status-publish","4":"has-post-thumbnail","6":"product_cat-boom-cylinders","7":"product_tag-boom-cylinders","8":"product_tag-hydraulic-cylinders","10":"first","11":"instock","12":"shipping-taxable","13":"product-type-simple"},"amp_enabled":true,"_links":{"self":[{"href":"https:\/\/www.hydraulic-cylinders.net\/sk\/wp-json\/wp\/v2\/product\/19616","targetHints":{"allow":["GET"]}}],"collection":[{"href":"https:\/\/www.hydraulic-cylinders.net\/sk\/wp-json\/wp\/v2\/product"}],"about":[{"href":"https:\/\/www.hydraulic-cylinders.net\/sk\/wp-json\/wp\/v2\/types\/product"}],"replies":[{"embeddable":true,"href":"https:\/\/www.hydraulic-cylinders.net\/sk\/wp-json\/wp\/v2\/comments?post=19616"}],"wp:featuredmedia":[{"embeddable":true,"href":"https:\/\/www.hydraulic-cylinders.net\/sk\/wp-json\/wp\/v2\/media\/17879"}],"wp:attachment":[{"href":"https:\/\/www.hydraulic-cylinders.net\/sk\/wp-json\/wp\/v2\/media?parent=19616"}],"wp:term":[{"taxonomy":"product_brand","embeddable":true,"href":"https:\/\/www.hydraulic-cylinders.net\/sk\/wp-json\/wp\/v2\/product_brand?post=19616"},{"taxonomy":"product_cat","embeddable":true,"href":"https:\/\/www.hydraulic-cylinders.net\/sk\/wp-json\/wp\/v2\/product_cat?post=19616"},{"taxonomy":"product_tag","embeddable":true,"href":"https:\/\/www.hydraulic-cylinders.net\/sk\/wp-json\/wp\/v2\/product_tag?post=19616"}],"curies":[{"name":"pracovn\u00fd list","href":"https:\/\/api.w.org\/{rel}","templated":true}]}}