{"id":19623,"date":"2025-04-07T06:58:05","date_gmt":"2025-04-07T06:58:05","guid":{"rendered":"https:\/\/www.hydraulic-cylinders.net\/product\/boom-cylinder-for-volwa-cane-unloader-dls870-9m\/"},"modified":"2025-04-07T06:58:08","modified_gmt":"2025-04-07T06:58:08","slug":"boom-cylinder-for-volwa-cane-unloader-dls870-9m","status":"publish","type":"product","link":"https:\/\/www.hydraulic-cylinders.net\/sk\/produkt\/boom-cylinder-for-volwa-cane-unloader-dls870-9m\/","title":{"rendered":"Valec v\u00fdlo\u017en\u00edka pre vyklada\u010d cukrovej trstiny Volwa DLS870-9M"},"content":{"rendered":"<h1>Valec v\u00fdlo\u017en\u00edka pre vyklada\u010d cukrovej trstiny Volwa DLS870-9M<\/h1>\n<h2>\u00davod do valcov v\u00fdlo\u017en\u00edka<\/h2>\n<p>Hydraulick\u00fd valec v\u00fdlo\u017en\u00edka pre vyklada\u010d cukrovej trstiny Volwa DLS870-9M je z\u00e1kladnou s\u00fa\u010das\u0165ou hydraulick\u00fdch syst\u00e9mov \u0161peci\u00e1lne navrhnut\u00fdch na ovl\u00e1danie pohybu vedier \u0165a\u017ek\u00fdch strojov v aplik\u00e1ci\u00e1ch, ako s\u00fa r\u00fdpadl\u00e1, r\u00fdpadlo-naklada\u010de a \u010deln\u00e9 naklada\u010de. Tieto valce s\u00fa nevyhnutn\u00e9 pre zdv\u00edhanie, sp\u00fa\u0161\u0165anie a nakl\u00e1\u0148anie vedier, \u010do umo\u017e\u0148uje efekt\u00edvnu manipul\u00e1ciu s materi\u00e1lom. V hydraulick\u00fdch syst\u00e9moch valce v\u00fdlo\u017en\u00edka premie\u0148aj\u00fa hydraulick\u00fd tlak na mechanick\u00fa silu, \u010do umo\u017e\u0148uje presn\u00e9 pohyby potrebn\u00e9 pri n\u00e1ro\u010dn\u00fdch stavebn\u00fdch a po\u013enohospod\u00e1rskych \u00faloh\u00e1ch.<\/p>\n<p><img decoding=\"async\" src=\"https:\/\/www.hydraulic-cylinders.net\/wp-content\/uploads\/2025\/04\/songte-company-1.webp\" alt=\"Valec v\u00fdlo\u017en\u00edka\" \/><\/p>\n<h3>Preh\u013ead valcov s ko\u0161\u00edkom<\/h3>\n<p>Hydraulick\u00e9 valce kor\u010dekov s\u00fa \u0161peci\u00e1lne navrhnut\u00e9 na riadenie r\u00f4znych \u0165a\u017ek\u00fdch strojov. U\u013eah\u010duj\u00fa kritick\u00e9 pohyby, ako je kopanie, zdv\u00edhanie a preprava materi\u00e1lov. Kon\u0161trukcia zah\u0155\u0148a vysokopevnostn\u00e9 materi\u00e1ly, \u010do zais\u0165uje odolnos\u0165 a spo\u013eahlivos\u0165 v n\u00e1ro\u010dn\u00fdch pracovn\u00fdch podmienkach. Tieto valce sa vyzna\u010duj\u00fa schopnos\u0165ou efekt\u00edvne pracova\u0165 pod vysok\u00fdm tlakom, v\u010faka \u010domu s\u00fa neoddelite\u013enou s\u00fa\u010das\u0165ou strojov\u00fdch oper\u00e1ci\u00ed.<\/p>\n<h2>Vlastnosti valca v\u00fdlo\u017en\u00edka<\/h2>\n<ul>\n<li><strong>Vysok\u00e1 pevnos\u0165 a odolnos\u0165:<\/strong> Valce v\u00fdlo\u017en\u00edka, vyroben\u00e9 z vysokopevnostnej ocele alebo hlin\u00edka, s\u00fa navrhnut\u00e9 tak, aby odolali vysok\u00e9mu tlaku a \u0165a\u017ek\u00fdm za\u0165a\u017eeniam a z\u00e1rove\u0148 boli odoln\u00e9 v n\u00e1ro\u010dn\u00fdch pracovn\u00fdch podmienkach.<\/li>\n<li><strong>Efekt\u00edvna hydraulick\u00e1 prev\u00e1dzka:<\/strong> Tieto valce vyu\u017e\u00edvaj\u00fa hydraulick\u00fd tlak oleja pre plynul\u00e9 vys\u00favanie a zas\u00favanie, \u010d\u00edm zabezpe\u010duj\u00fa r\u00fdchlu odozvu na ovl\u00e1dacie povely a dosahuj\u00fa zna\u010dn\u00e9 tlakov\u00e9 a \u0165ahov\u00e9 sily.<\/li>\n<li><strong>R\u00f4zne typy:<\/strong> K dispoz\u00edcii s\u00fa jedno\u010dinn\u00e9 (vyu\u017e\u00edvaj\u00face hydraulick\u00fd tlak v jednom smere) alebo dvoj\u010dinn\u00e9 (vyu\u017e\u00edvaj\u00face hydraulick\u00fd tlak v oboch smeroch) valce, ktor\u00e9 sp\u013a\u0148aj\u00fa r\u00f4zne prev\u00e1dzkov\u00e9 potreby. Niektor\u00e9 modely s\u00fa teleskopick\u00e9, \u010do umo\u017e\u0148uje v\u00e4\u010d\u0161ie vysunutie bez zv\u00e4\u010d\u0161enia vonkaj\u0161\u00edch rozmerov.<\/li>\n<li><strong>Z\u00e1kazkov\u00e1 v\u00fdroba:<\/strong> \u0160pecializujeme sa na v\u00fdrobu t\u00fdchto produktov a pon\u00fakame perfektn\u00fa n\u00e1hradu za existuj\u00face hydraulick\u00e9 valce.<\/li>\n<li><strong>Aplik\u00e1cie v r\u00f4znych odvetviach:<\/strong> Vhodn\u00e9 pre r\u00f4zne aplik\u00e1cie, \u010do zais\u0165uje v\u0161estrannos\u0165 pri obsluhe strojov.<\/li>\n<\/ul>\n<p><img decoding=\"async\" src=\"https:\/\/www.hydraulic-cylinders.net\/wp-content\/uploads\/2025\/04\/songte-cylinder-head-with-all-kinds-excavator-models.webp\" alt=\"Hlava valcov\" \/><\/p>\n<h2>Aplik\u00e1cie valca v\u00fdlo\u017en\u00edka<\/h2>\n<h3>Stavebn\u00e9 stroje<\/h3>\n<p>V stavebn\u00fdch strojoch sa valce v\u00fdlo\u017en\u00edka nach\u00e1dzaj\u00fa v bagroch, kde hraj\u00fa k\u013e\u00fa\u010dov\u00fa \u00falohu pri kopan\u00ed, nakladan\u00ed a premiest\u0148ovan\u00ed zeminy alebo sutiny. Umo\u017e\u0148uj\u00fa ly\u017eici prenikn\u00fa\u0165 do zeme, \u010do u\u013eah\u010duje efekt\u00edvne v\u00fdkopov\u00e9 pr\u00e1ce. V r\u00fdpadlo-naklada\u010doch pom\u00e1haj\u00fa valce ly\u017eice pri kopan\u00ed aj zdv\u00edhan\u00ed, v\u010faka \u010domu s\u00fa nevyhnutn\u00e9 pri stavebn\u00fdch \u00faloh\u00e1ch.<\/p>\n<h3>Po\u013enohospod\u00e1rske stroje<\/h3>\n<p>V po\u013enohospod\u00e1rskych strojoch, ako s\u00fa \u010deln\u00e9 naklada\u010de, s\u00fa valce v\u00fdlo\u017en\u00edka nevyhnutn\u00e9 na naberanie, zdv\u00edhanie a prepravu materi\u00e1lov, ako je p\u00f4da, seno a in\u00e9 bremen\u00e1. Zvy\u0161uj\u00fa produktivitu t\u00fdm, \u017ee umo\u017e\u0148uj\u00fa plynul\u00fa a efekt\u00edvnu manipul\u00e1ciu s materi\u00e1lmi, \u010do je v po\u013enohospod\u00e1rskych oper\u00e1ci\u00e1ch nevyhnutn\u00e9.<\/p>\n<h3>R\u00fdpadl\u00e1<\/h3>\n<p>Valce lopaty umo\u017e\u0148uj\u00fa r\u00fdpadl\u00e1m efekt\u00edvne kopa\u0165 t\u00fdm, \u017ee umo\u017e\u0148uj\u00fa lopate prenikn\u00fa\u0165 do p\u00f4dy. Ich kon\u0161trukcia zabezpe\u010duje, \u017ee sila vyv\u00edjan\u00e1 po\u010das kopania je optimalizovan\u00e1 pre v\u00fdkon, v\u010faka \u010domu s\u00fa k\u013e\u00fa\u010dov\u00e9 pre \u00fa\u010dinnos\u0165 r\u00fdpadiel v r\u00f4znych ter\u00e9noch.<\/p>\n<h3>\u010celn\u00e9 naklada\u010de<\/h3>\n<p>V \u010deln\u00fdch naklada\u010doch pom\u00e1haj\u00fa valce v\u00fdlo\u017en\u00edka pri efekt\u00edvnom zdv\u00edhan\u00ed a vykladan\u00ed materi\u00e1lov. Hydraulick\u00fd v\u00fdkon umo\u017e\u0148uje obsluhe \u013eahko manipulova\u0165 s \u0165a\u017ek\u00fdmi bremenami, \u010d\u00edm sa zvy\u0161uje prev\u00e1dzkov\u00e1 efektivita a zni\u017euje fyzick\u00e1 n\u00e1maha potrebn\u00e1 pri manipul\u00e1cii s materi\u00e1lom.<\/p>\n<h2>\u00davahy o dizajne a krit\u00e9ri\u00e1 v\u00fdberu<\/h2>\n<h3>Nosnos\u0165<\/h3>\n<p>Nosnos\u0165 valca v\u00fdlo\u017en\u00edka je jedn\u00fdm z najd\u00f4le\u017eitej\u0161\u00edch faktorov, ktor\u00e9 treba zv\u00e1\u017ei\u0165 pri v\u00fdbere. Mus\u00ed by\u0165 dostato\u010dn\u00e1 na to, aby zvl\u00e1dla maxim\u00e1lnu hmotnos\u0165 materi\u00e1lov, ktor\u00e9 m\u00e1 stroj zdvihn\u00fa\u0165 alebo presun\u00fa\u0165. In\u017einieri musia vypo\u010d\u00edta\u0165 po\u017eadovan\u00fa nosnos\u0165 na z\u00e1klade konkr\u00e9tnej aplik\u00e1cie, aby zabezpe\u010dili bezpe\u010dnos\u0165 a funk\u010dnos\u0165. V\u00fdber valca s nedostato\u010dnou nosnos\u0165ou m\u00f4\u017ee vies\u0165 k poruch\u00e1m, ktor\u00e9 ohrozia stroj a predstavuj\u00fa riziko pre obsluhu.<\/p>\n<h3>Tesniace mechanizmy<\/h3>\n<p>\u00da\u010dinn\u00e9 tesnenie je k\u013e\u00fa\u010dov\u00e9 pre zabr\u00e1nenie \u00faniku hydraulickej kvapaliny a zabezpe\u010denie prev\u00e1dzkovej \u00fa\u010dinnosti valca ramena. Kon\u0161trukcia by mala obsahova\u0165 vysoko kvalitn\u00e9 tesnenia, ktor\u00e9 odol\u00e1vaj\u00fa tlakom a teplot\u00e1m, ktor\u00fdm sa vyskytuj\u00fa v hydraulick\u00fdch syst\u00e9moch. Optim\u00e1lne tesnenie nielen chr\u00e1ni hydraulick\u00fa kvapalinu, ale aj predl\u017euje \u017eivotnos\u0165 samotn\u00e9ho valca. Pravideln\u00e9 kontroly a \u00fadr\u017eba tesnen\u00ed s\u00fa nevyhnutn\u00e9, aby sa predi\u0161lo probl\u00e9mom s v\u00fdkonom a n\u00e1kladn\u00fdm oprav\u00e1m.<\/p>\n<h3>Trvanlivos\u0165<\/h3>\n<p>Trvanlivos\u0165 je pre valce ramena nevyhnutn\u00e1, najm\u00e4 v n\u00e1ro\u010dn\u00fdch prostrediach, kde s\u00fa vystaven\u00e9 drsn\u00fdm podmienkam. Materi\u00e1ly pou\u017eit\u00e9 pri v\u00fdrobe by mali by\u0165 odoln\u00e9 vo\u010di opotrebovaniu a z\u00e1rove\u0148 by mali by\u0165 odoln\u00e9 vo\u010di kor\u00f3zii. Dosiahnutie rovnov\u00e1hy medzi hmotnos\u0165ou a pevnos\u0165ou je k\u013e\u00fa\u010dov\u00e9, preto\u017ee pr\u00edli\u0161 \u0165a\u017ek\u00e9 valce m\u00f4\u017eu obmedzi\u0165 v\u00fdkon stroja. V\u00fdrobcovia \u010dasto pou\u017e\u00edvaj\u00fa pokro\u010dil\u00e9 materi\u00e1ly a n\u00e1tery na zv\u00fd\u0161enie odolnosti svojich v\u00fdrobkov.<\/p>\n<h3>Bezpe\u010dnostn\u00e9 prvky<\/h3>\n<p>Za\u010dlenenie bezpe\u010dnostn\u00fdch prvkov do kon\u0161trukcie valcov v\u00fdlo\u017en\u00edka je prvorad\u00e9. Medzi ne m\u00f4\u017eu patri\u0165 pretlakov\u00e9 ventily, ktor\u00e9 zabra\u0148uj\u00fa pre\u0165a\u017eeniu, a mechanizmy, ktor\u00e9 zabezpe\u010duj\u00fa plynul\u00fd chod valca bez rizika poruchy. Obsluha mus\u00ed by\u0165 vy\u0161kolen\u00e1 v rozpoznan\u00ed potenci\u00e1lnych nebezpe\u010denstiev spojen\u00fdch s hydraulick\u00fdm zariaden\u00edm a musia by\u0165 zaveden\u00e9 bezpe\u010dnostn\u00e9 opatrenia na zmiernenie riz\u00edk po\u010das prev\u00e1dzky.<\/p>\n<h3>\u00dadr\u017eba a prev\u00e1dzkyschopnos\u0165<\/h3>\n<p>Navrhovanie valcov v\u00fdlo\u017en\u00edka s oh\u013eadom na \u00fadr\u017ebu u\u013eah\u010d\u00ed servis a pred\u013a\u017ei \u017eivotnos\u0165 produktu. Funkcie, ako s\u00fa servisn\u00e9 otvory pre jednoduch\u00fd pr\u00edstup k hydraulickej kvapaline a vymenite\u013en\u00e9 tesnenia, m\u00f4\u017eu v\u00fdrazne skr\u00e1ti\u0165 prestoje sp\u00f4soben\u00e9 opravami. Mali by sa stanovi\u0165 pravideln\u00e9 pl\u00e1ny \u00fadr\u017eby, aby sa zabezpe\u010dilo, \u017ee v\u0161etky komponenty zostan\u00fa v dobrom prev\u00e1dzkovom stave, \u010d\u00edm sa v\u00fdrazne zv\u00fd\u0161i spo\u013eahlivos\u0165.<\/p>\n<p><img decoding=\"async\" src=\"https:\/\/www.hydraulic-cylinders.net\/wp-content\/uploads\/2025\/04\/songte-oil-pipes-and-spare-parts.webp\" alt=\"Olejov\u00e9 potrubia a n\u00e1hradn\u00e9 diely\" \/><\/p>\n<h2>Tesnenie a mazanie<\/h2>\n<p>\u00da\u010dinn\u00e9 tesnenie a mazanie s\u00fa k\u013e\u00fa\u010dov\u00e9 pre udr\u017eanie v\u00fdkonu a spo\u013eahlivosti valcov v\u00fdlo\u017en\u00edka. R\u00f4zne tesniace komponenty, vr\u00e1tane tesnen\u00ed piestov a tesnen\u00ed ty\u010d\u00ed, s\u00fa nevyhnutn\u00e9 na zabr\u00e1nenie \u00faniku hydraulickej kvapaliny. V\u00fdber materi\u00e1lov pre tesnenia, ako je polyuret\u00e1n a nitrilov\u00e1 guma, zohr\u00e1va v\u00fdznamn\u00fa \u00falohu v ich trvanlivosti a odolnosti vo\u010di opotrebovaniu.<\/p>\n<p>Teleso valca a z\u00e1vitov\u00e9 koncov\u00e9 plochy s\u00fa prec\u00edzne opracovan\u00e9, aby sa zv\u00fd\u0161ila odolnos\u0165 vo\u010di opotrebovaniu a zabezpe\u010dilo tesn\u00e9 ulo\u017eenie tesnen\u00ed. Okrem toho je pravideln\u00e9 mazanie vhodn\u00fdm hydraulick\u00fdm olejom nevyhnutn\u00e9 na udr\u017eanie plynul\u00e9ho chodu a zabr\u00e1nenie opotrebovaniu pohybliv\u00fdch \u010dast\u00ed. Pravideln\u00e9 kontroly hladiny a kvality oleja zabr\u00e1nia poruch\u00e1m hydraulick\u00e9ho syst\u00e9mu a pred\u013a\u017eia \u017eivotnos\u0165 valca v\u00fdlo\u017en\u00edka.<\/p>\n<h2>Kontroln\u00e9 a prevent\u00edvne \u00fadr\u017eb\u00e1rske opatrenia<\/h2>\n<ul>\n<li><strong>Pravideln\u00e9 kontroly:<\/strong> Vykon\u00e1vanie pravideln\u00fdch kontrol na zistenie ak\u00fdchko\u013evek zn\u00e1mok opotrebovania, netesnost\u00ed alebo po\u0161kodenia je k\u013e\u00fa\u010dov\u00e9 pre v\u010dasn\u00e9 odhalenie potenci\u00e1lnych probl\u00e9mov. Tento postup zabezpe\u010duje, \u017ee v\u0161etky potrebn\u00e9 opravy sa vykonaj\u00fa v\u010das, \u010d\u00edm sa zni\u017euje riziko neo\u010dak\u00e1van\u00fdch por\u00fach.<\/li>\n<li><strong>Spr\u00e1vne mazanie:<\/strong> Zabezpe\u010denie dostato\u010dn\u00e9ho mazania pohybliv\u00fdch \u010dast\u00ed zni\u017euje trenie a opotrebovanie. Obsluha by mala dodr\u017eiava\u0165 odpor\u00fa\u010dania v\u00fdrobcu t\u00fdkaj\u00face sa typu a frekvencie mazania, aby sa udr\u017eal optim\u00e1lny v\u00fdkon.<\/li>\n<li><strong>V\u00fdmena tesnenia:<\/strong> Monitorovanie a v\u00fdmena tesnen\u00ed v pr\u00edpade opotrebovania alebo po\u0161kodenia je nevyhnutn\u00e1 na zabr\u00e1nenie \u00faniku hydraulickej kvapaliny a zachovanie integrity syst\u00e9mu. Pravideln\u00e9 kontroly m\u00f4\u017eu pom\u00f4c\u0165 pri pl\u00e1novan\u00ed v\u010dasn\u00fdch v\u00fdmen.<\/li>\n<\/ul>\n<h2>Pokyny na in\u0161tal\u00e1ciu<\/h2>\n<p>Spr\u00e1vna in\u0161tal\u00e1cia valcov ramena je nevyhnutn\u00e1 pre zabezpe\u010denie efekt\u00edvnej prev\u00e1dzky a bezpe\u010dnosti. Je nevyhnutn\u00e9 dodr\u017eiava\u0165 tieto pokyny:<\/p>\n<ol>\n<li><strong>Zarovnanie:<\/strong> Uistite sa, \u017ee valec je spr\u00e1vne zarovnan\u00fd s mont\u00e1\u017enymi bodmi. Nespr\u00e1vne zarovnanie m\u00f4\u017ee vies\u0165 k nerovnomern\u00e9mu opotrebovaniu a potenci\u00e1lnej poruche.<\/li>\n<li><strong>Pou\u017eite vhodn\u00e9 mont\u00e1\u017ene konzoly:<\/strong> Na upevnenie valca na mieste pou\u017eite vhodn\u00e9 mont\u00e1\u017ene konzoly, ktor\u00e9 zabr\u00e1nia jeho posunutiu po\u010das prev\u00e1dzky.<\/li>\n<li><strong>Hydraulick\u00e9 pripojenia:<\/strong> Hydraulick\u00e9 potrubia pripojte pod\u013ea pokynov v\u00fdrobcu, aby ste zabezpe\u010dili utesnen\u00fd a \u00fa\u010dinn\u00fd hydraulick\u00fd okruh.<\/li>\n<li><strong>Skontrolujte \u00faniky:<\/strong> Po in\u0161tal\u00e1cii skontrolujte v\u0161etky spoje a tesnenia, \u010di nedoch\u00e1dza k \u00fanikom, a a\u017e potom vykonajte ak\u00e9ko\u013evek z\u00e1\u0165a\u017eov\u00e9 sk\u00fa\u0161ky.<\/li>\n<li><strong>Testovanie:<\/strong> Pred op\u00e4tovn\u00fdm uveden\u00edm stroja do be\u017en\u00e9ho pou\u017e\u00edvania vykonajte d\u00f4kladn\u00fa sk\u00fa\u0161ku prev\u00e1dzky valca.<\/li>\n<\/ol>\n<h2>\u00dalohy \u00fadr\u017eby<\/h2>\n<ul>\n<li><strong>Pravideln\u00e9 kontroly:<\/strong> Pravideln\u00e9 kontroly na v\u010dasn\u00e9 odhalenie ak\u00fdchko\u013evek probl\u00e9mov m\u00f4\u017eu z dlhodob\u00e9ho h\u013eadiska u\u0161etri\u0165 \u010das a peniaze. H\u013eadajte netesnosti, opotrebovanie alebo nezvy\u010dajn\u00e9 zvuky, ktor\u00e9 m\u00f4\u017eu nazna\u010dova\u0165 probl\u00e9m.<\/li>\n<li><strong>Spr\u00e1vne mazanie:<\/strong> Zabezpe\u010denie dostato\u010dn\u00e9ho mazania hydraulick\u00e9ho syst\u00e9mu zn\u00ed\u017ei trenie a opotrebovanie komponentov, \u010do povedie k zv\u00fd\u0161eniu \u017eivotnosti a spo\u013eahlivosti.<\/li>\n<li><strong>V\u00fdmena tesnenia a kontroly kalibr\u00e1cie:<\/strong> Pravidelne vymie\u0148ajte tesnenia, ktor\u00e9 vykazuj\u00fa zn\u00e1mky opotrebovania, a vykon\u00e1vajte kalibra\u010dn\u00e9 kontroly, aby ste zabezpe\u010dili, \u017ee v\u0161etky komponenty funguj\u00fa v r\u00e1mci ur\u010den\u00fdch parametrov.<\/li>\n<\/ul>\n<p>Spr\u00e1vne zarovnanie po\u010das in\u0161tal\u00e1cie je nevyhnutn\u00e9 na zabr\u00e1nenie nam\u00e1hania valca. Pou\u017eitie vhodn\u00fdch mont\u00e1\u017enych konzol m\u00f4\u017ee pom\u00f4c\u0165 bezpe\u010dne upevni\u0165 valec na mieste. Je nevyhnutn\u00e9 dodr\u017eiava\u0165 odpor\u00fa\u010dan\u00e9 postupy kontroly, opravy a v\u00fdmeny, aby sa zachovala prev\u00e1dzkov\u00e1 integrita a pred\u013a\u017eila \u017eivotnos\u0165 valca ramena.<\/p>\n<p><img decoding=\"async\" src=\"https:\/\/www.hydraulic-cylinders.net\/wp-content\/uploads\/2025\/04\/songte-chushion-collar.webp\" alt=\"Vank\u00fa\u0161ov\u00fd golier\" \/><\/p>\n<h2>Bezpe\u010dnostn\u00e9 aspekty a faktory prostredia<\/h2>\n<p>Pri manipul\u00e1cii s hydraulick\u00fdmi valcami s\u00fa nevyhnutn\u00e9 bezpe\u010dnostn\u00e9 opatrenia, preto\u017ee nespr\u00e1vna obsluha m\u00f4\u017ee vies\u0165 k nehod\u00e1m a zraneniam. Obsluha by mala by\u0165 vy\u0161kolen\u00e1 v bezpe\u010dn\u00fdch manipula\u010dn\u00fdch postupoch a mala by si by\u0165 vedom\u00e1 potenci\u00e1lnych nebezpe\u010denstiev spojen\u00fdch s hydraulick\u00fdmi syst\u00e9mami. Okrem toho by sa po\u010das prev\u00e1dzky a skladovania mali bra\u0165 do \u00favahy faktory prostredia, ako s\u00fa extr\u00e9mne teploty a vystavenie koroz\u00edvnym l\u00e1tkam, aby sa predi\u0161lo pred\u010dasn\u00e9mu po\u0161kodeniu valca.<\/p>\n<h2>Rie\u0161enie be\u017en\u00fdch probl\u00e9mov<\/h2>\n<ul>\n<li><strong>Netesn\u00fd valec:<\/strong> Be\u017en\u00fdm probl\u00e9mom, ktor\u00fd sa m\u00f4\u017ee vyskytn\u00fa\u0165, je \u00fanik hydraulickej kvapaliny z valca. M\u00f4\u017ee to by\u0165 sp\u00f4soben\u00e9 opotrebovan\u00fdmi tesneniami alebo po\u0161koden\u00fdmi komponentmi. Skontrolujte tesnenia a vyme\u0148te tie, ktor\u00e9 s\u00fa po\u0161koden\u00e9, aby ste predi\u0161li \u010fal\u0161\u00edm \u00fanikom.<\/li>\n<li><strong>Pomal\u00e1 prev\u00e1dzka:<\/strong> Ak valec pracuje pomaly, m\u00f4\u017ee to znamena\u0165 n\u00edzku hladinu hydraulickej kvapaliny alebo vzduch zachyten\u00fd v syst\u00e9me. Skontrolujte hladiny kvapal\u00edn a odvzdu\u0161nite syst\u00e9m, aby ste odstr\u00e1nili v\u0161etok zachyten\u00fd vzduch.<\/li>\n<li><strong>Nereaguj\u00faci valec:<\/strong> Nereaguj\u00faci valec m\u00f4\u017ee by\u0165 sp\u00f4soben\u00fd upchat\u00edm hydraulick\u00fdch potrub\u00ed alebo probl\u00e9mami s regula\u010dn\u00fdmi ventilmi. Skontrolujte a vy\u010distite hydraulick\u00e9 potrubia a uistite sa, \u017ee regula\u010dn\u00e9 ventily funguj\u00fa spr\u00e1vne.<\/li>\n<\/ul>\n<p>Pre efekt\u00edvne rie\u0161enie probl\u00e9mov by oper\u00e1tori mali by\u0165 obozn\u00e1men\u00ed s hydraulick\u00fdm syst\u00e9mom a rozumie\u0165 sign\u00e1lom, ktor\u00e9 nazna\u010duj\u00fa potenci\u00e1lne probl\u00e9my. Pravideln\u00e1 \u00fadr\u017eba a kontrola m\u00f4\u017eu pom\u00f4c\u0165 predch\u00e1dza\u0165 vzniku t\u00fdchto probl\u00e9mov.<\/p>\n<p><img decoding=\"async\" src=\"https:\/\/www.hydraulic-cylinders.net\/wp-content\/uploads\/2025\/04\/songte-bushings-with-all-kinds-of-excavator-models.webp\" alt=\"Puzdr\u00e1\" \/><\/p>\n<h2>Z\u00e1vere\u010dn\u00e9 my\u0161lienky o na\u0161ej spolo\u010dnosti<\/h2>\n<p>Sme popredn\u00fdm v\u00fdrobcom a ve\u013ekoobchodn\u00edkom hydraulick\u00fdch valcov, \u0161pecializuj\u00facim sa na vysoko kvalitn\u00e9 alternat\u00edvy k existuj\u00facim produktom. Na\u0161a rozsiahla produktov\u00e1 rada n\u00e1s etablovala ako popredn\u00e9ho hr\u00e1\u010da na dom\u00e1com aj medzin\u00e1rodnom trhu. Kladieme d\u00f4raz na vynikaj\u00facu kvalitu, vyu\u017e\u00edvame prepracovan\u00e9 strat\u00e9gie riadenia v\u00fdroby a pokro\u010dil\u00e9 v\u00fdrobn\u00e9 technol\u00f3gie na zlep\u0161enie na\u0161ich schopnost\u00ed.<\/p>\n<p>Na\u0161e odhodlanie inovova\u0165 je zrejm\u00e9 z invest\u00edci\u00ed do kvalifikovan\u00fdch odborn\u00edkov a najmodernej\u0161\u00edch zariaden\u00ed, \u010d\u00edm zabezpe\u010dujeme, \u017ee sp\u013a\u0148ame rozmanit\u00e9 potreby z\u00e1kazn\u00edkov s vysokou efektivitou, presnos\u0165ou a kvalitou. Na\u0161e certifik\u00e1cie a prisp\u00f4soben\u00e9 slu\u017eby \u010falej pod\u010diarkuj\u00fa n\u00e1\u0161 z\u00e1v\u00e4zok poskytova\u0165 \u0161pi\u010dkov\u00e9 produkty a v\u00fdnimo\u010dn\u00fa popredajn\u00fa podporu.<\/p>\n<p><img decoding=\"async\" src=\"https:\/\/www.hydraulic-cylinders.net\/wp-content\/uploads\/2025\/04\/songte-company-4.webp\" alt=\"Obr\u00e1zok spolo\u010dnosti 1\" \/><br \/>\n<img decoding=\"async\" src=\"https:\/\/www.hydraulic-cylinders.net\/wp-content\/uploads\/2025\/04\/songte-company-3.webp\" alt=\"Obr\u00e1zok spolo\u010dnosti 2\" \/><\/p>\n<p>Autor: lyl<\/p>","protected":false},"excerpt":{"rendered":"<p>Boom Cylinder For Volwa Cane Unloader DLS870-9M Introduction to Boom Cylinders The Boom Cylinder for Volwa Cane Unloader DLS870-9M is an essential component within hydraulic systems specifically designed to control the movement of heavy machinery buckets in applications such as excavators, backhoe loaders, and front-end loaders. These cylinders are vital for lifting, lowering, and tilting [&hellip;]<\/p>","protected":false},"featured_media":17871,"comment_status":"open","ping_status":"closed","template":"","meta":{"_et_pb_use_builder":"","_et_pb_old_content":"","_et_gb_content_width":""},"product_brand":[],"product_cat":[1546],"product_tag":[1547,1496],"class_list":{"0":"post-19623","1":"product","2":"type-product","3":"status-publish","4":"has-post-thumbnail","6":"product_cat-boom-cylinders","7":"product_tag-boom-cylinders","8":"product_tag-hydraulic-cylinders","10":"first","11":"instock","12":"shipping-taxable","13":"product-type-simple"},"amp_enabled":true,"_links":{"self":[{"href":"https:\/\/www.hydraulic-cylinders.net\/sk\/wp-json\/wp\/v2\/product\/19623","targetHints":{"allow":["GET"]}}],"collection":[{"href":"https:\/\/www.hydraulic-cylinders.net\/sk\/wp-json\/wp\/v2\/product"}],"about":[{"href":"https:\/\/www.hydraulic-cylinders.net\/sk\/wp-json\/wp\/v2\/types\/product"}],"replies":[{"embeddable":true,"href":"https:\/\/www.hydraulic-cylinders.net\/sk\/wp-json\/wp\/v2\/comments?post=19623"}],"wp:featuredmedia":[{"embeddable":true,"href":"https:\/\/www.hydraulic-cylinders.net\/sk\/wp-json\/wp\/v2\/media\/17871"}],"wp:attachment":[{"href":"https:\/\/www.hydraulic-cylinders.net\/sk\/wp-json\/wp\/v2\/media?parent=19623"}],"wp:term":[{"taxonomy":"product_brand","embeddable":true,"href":"https:\/\/www.hydraulic-cylinders.net\/sk\/wp-json\/wp\/v2\/product_brand?post=19623"},{"taxonomy":"product_cat","embeddable":true,"href":"https:\/\/www.hydraulic-cylinders.net\/sk\/wp-json\/wp\/v2\/product_cat?post=19623"},{"taxonomy":"product_tag","embeddable":true,"href":"https:\/\/www.hydraulic-cylinders.net\/sk\/wp-json\/wp\/v2\/product_tag?post=19623"}],"curies":[{"name":"pracovn\u00fd list","href":"https:\/\/api.w.org\/{rel}","templated":true}]}}