{"id":1963,"date":"2023-10-23T05:36:34","date_gmt":"2023-10-23T05:36:34","guid":{"rendered":"https:\/\/hydraulic-cylinders.net\/?post_type=product&#038;p=1963"},"modified":"2023-10-23T05:36:45","modified_gmt":"2023-10-23T05:36:45","slug":"v30d-series-axial-piston-variable-displacement-hydraulic-pump","status":"publish","type":"product","link":"https:\/\/www.hydraulic-cylinders.net\/sk\/produkt\/v30d-series-axial-piston-variable-displacement-hydraulic-pump\/","title":{"rendered":"Axi\u00e1lne piestov\u00e9 hydraulick\u00e9 \u010derpadlo s premenliv\u00fdm objemom s\u00e9rie V30D"},"content":{"rendered":"<h1 style=\"text-align: center;\"><strong>Axi\u00e1lne piestov\u00e9 hydraulick\u00e9 \u010derpadlo s premenliv\u00fdm objemom s\u00e9rie V30D<\/strong><\/h1>\n<p><img loading=\"lazy\" decoding=\"async\" class=\"aligncenter wp-image-1974\" src=\"https:\/\/hydraulic-cylinders.net\/wp-content\/uploads\/2023\/10\/v30d-series-axial-piston-variable-displacement-pump-1-300x300.webp\" alt=\"\" width=\"400\" height=\"400\" \/><\/p>\n<p>Axi\u00e1lne piestov\u00e9 hydraulick\u00e9 \u010derpadlo s premenliv\u00fdm objemom s\u00e9rie V30D je najmodernej\u0161ie rie\u0161enie navrhnut\u00e9 tak, aby poskytovalo v\u00fdnimo\u010dn\u00fd v\u00fdkon a \u00fa\u010dinnos\u0165 v r\u00f4znych hydraulick\u00fdch aplik\u00e1ci\u00e1ch. V\u010faka pokro\u010dil\u00e9mu in\u017einierstvu, v\u0161estrann\u00e9mu dizajnu a presn\u00e9mu ovl\u00e1daniu je toto hydraulick\u00e9 \u010derpadlo prelomov\u00fdm prvkom v tomto odvetv\u00ed.<\/p>\n<p>Axi\u00e1lne piestov\u00e9 hydraulick\u00e9 \u010derpadlo s premenliv\u00fdm objemom s\u00e9rie V30D nastavuje nov\u00fd \u0161tandard pre \u00fa\u010dinnos\u0165 a v\u00fdkon v hydraulick\u00fdch syst\u00e9moch. V\u010faka technol\u00f3gii premenliv\u00e9ho objemu, vysok\u00e9mu v\u00fdkonu a v\u0161estrannej kon\u0161trukcii pon\u00faka toto \u010derpadlo vynikaj\u00facu kontrolu a optimalizovan\u00e9 vyu\u017eitie energie. Dodr\u017eiavan\u00edm odpor\u00fa\u010dan\u00fdch met\u00f3d pou\u017e\u00edvania a pravideln\u00fdch postupov \u00fadr\u017eby bude \u010derpadlo s\u00e9rie V30D na\u010falej poskytova\u0165 v\u00fdnimo\u010dn\u00fa \u00fa\u010dinnos\u0165 a v\u00fdkon, \u010do prispeje k \u00faspechu r\u00f4znych priemyseln\u00fdch aplik\u00e1ci\u00ed. Vyu\u017eite silu a \u00fa\u010dinnos\u0165 axi\u00e1lneho piestov\u00e9ho hydraulick\u00e9ho \u010derpadla s premenliv\u00fdm objemom s\u00e9rie V30D na zv\u00fd\u0161enie v\u00fdkonu v\u00e1\u0161ho hydraulick\u00e9ho syst\u00e9mu.<\/p>\n<p>Axi\u00e1lne piestov\u00e9 hydraulick\u00e9 \u010derpadlo s premenliv\u00fdm objemom s\u00e9rie V30DK\u013e\u00fa\u010dov\u00e9 vlastnosti:<\/p>\n<ul>\n<li>Technol\u00f3gia variabiln\u00e9ho v\u00fdtlaku: \u010cerpadlo s\u00e9rie V30D je vybaven\u00e9 \u0161pi\u010dkovou technol\u00f3giou variabiln\u00e9ho v\u00fdtlaku, ktor\u00e1 umo\u017e\u0148uje upravova\u0165 v\u00fdkon \u010derpadla na z\u00e1klade po\u017eiadaviek syst\u00e9mu. T\u00e1to funkcia zais\u0165uje optim\u00e1lne vyu\u017eitie energie, \u010do vedie k zv\u00fd\u0161enej \u00fa\u010dinnosti a zn\u00ed\u017eenej spotrebe energie.<\/li>\n<li>Vysok\u00fd v\u00fdkon: Toto hydraulick\u00e9 \u010derpadlo stanovuje nov\u00e9 \u0161tandardy z h\u013eadiska v\u00fdkonu. V\u010faka \u0161irok\u00e9mu rozsahu prev\u00e1dzkov\u00fdch tlakov a r\u00fdchlost\u00ed poskytuje \u010derpadlo s\u00e9rie V30D presn\u00e9 ovl\u00e1danie a efekt\u00edvne dod\u00e1vanie v\u00fdkonu, \u010do umo\u017e\u0148uje vynikaj\u00faci v\u00fdkon a produktivitu syst\u00e9mu.<\/li>\n<li>V\u0161estrann\u00fd dizajn: \u010cerpadlo s\u00e9rie V30D je navrhnut\u00e9 tak, aby vyhovovalo r\u00f4znym hydraulick\u00fdm syst\u00e9mom a aplik\u00e1ci\u00e1m. Pon\u00faka flexibilitu v mo\u017enostiach mont\u00e1\u017ee, kompatibilite s kvapalinami a sp\u00f4soboch ovl\u00e1dania, v\u010faka \u010domu je vhodn\u00e9 pre \u0161irok\u00fa \u0161k\u00e1lu priemyseln\u00fdch odvetv\u00ed a strojov.<\/li>\n<li>\u00da\u010dinnos\u0165 pri akomko\u013evek za\u0165a\u017een\u00ed: \u010cerpadlo s\u00e9rie V30D zais\u0165uje \u00fa\u010dinnos\u0165 v \u0161irokom rozsahu za\u0165a\u017een\u00ed v\u010faka svojej funkcii variabiln\u00e9ho v\u00fdtlaku. Automaticky upravuje v\u00fdkon pod\u013ea po\u017eiadaviek syst\u00e9mu, \u010d\u00edm minimalizuje energetick\u00e9 straty a maximalizuje produktivitu.<\/li>\n<\/ul>\n<h2><strong>Parameter hydraulick\u00e9ho \u010derpadla s axi\u00e1lnym piestom a premenliv\u00fdm objemom s\u00e9rie V30D:<\/strong><\/h2>\n<table class=\"table table-bordered table-hover table-colored\">\n<tbody>\n<tr class=\"firstRow\">\n<td colspan=\"1\" rowspan=\"2\" align=\"center\" valign=\"middle\">Ve\u013ekos\u0165<\/td>\n<td rowspan=\"2\" align=\"center\" valign=\"middle\">Zdvihov\u00fd objem cm\u00b3\/ot.<\/td>\n<td colspan=\"2\" rowspan=\"1\" align=\"center\" valign=\"middle\">Tlakov\u00e1 ty\u010d<\/td>\n<td colspan=\"2\" rowspan=\"1\" align=\"center\" valign=\"middle\">R\u00fdchlos\u0165 ot\u00e1\u010dania ot\/min<\/td>\n<\/tr>\n<tr>\n<td align=\"center\" valign=\"middle\">Hodnoten\u00e9<\/td>\n<td align=\"center\" valign=\"middle\">Vrchol<\/td>\n<td align=\"center\" valign=\"middle\">Max. pre samonas\u00e1vanie<sup>*1<\/sup><\/td>\n<td align=\"center\" valign=\"middle\">Max<sup>*2<\/sup><\/td>\n<\/tr>\n<tr>\n<td align=\"center\" valign=\"middle\">\u00a0V30D45<\/td>\n<td align=\"center\" valign=\"middle\">45<\/td>\n<td align=\"center\" valign=\"middle\">350<\/td>\n<td align=\"center\" valign=\"middle\">420<\/td>\n<td align=\"center\" valign=\"middle\">2600<\/td>\n<td align=\"center\" valign=\"middle\">3600<\/td>\n<\/tr>\n<tr>\n<td align=\"center\" valign=\"middle\">\u00a0V30D75<\/td>\n<td align=\"center\" valign=\"middle\">75<\/td>\n<td align=\"center\" valign=\"middle\">350<\/td>\n<td align=\"center\" valign=\"middle\">420<\/td>\n<td align=\"center\" valign=\"middle\">2400<\/td>\n<td align=\"center\" valign=\"middle\">3200<\/td>\n<\/tr>\n<tr>\n<td align=\"center\" valign=\"middle\">\u00a0V30D95<\/td>\n<td align=\"center\" valign=\"middle\">96<\/td>\n<td align=\"center\" valign=\"middle\">350<\/td>\n<td align=\"center\" valign=\"middle\">420<\/td>\n<td align=\"center\" valign=\"middle\">2200<\/td>\n<td align=\"center\" valign=\"middle\">2900<\/td>\n<\/tr>\n<tr>\n<td align=\"center\" valign=\"middle\">\u00a0V30D115<\/td>\n<td align=\"center\" valign=\"middle\">115<\/td>\n<td align=\"center\" valign=\"middle\">250<\/td>\n<td align=\"center\" valign=\"middle\">300<\/td>\n<td align=\"center\" valign=\"middle\">2000<\/td>\n<td align=\"center\" valign=\"middle\">2800<\/td>\n<\/tr>\n<tr>\n<td align=\"center\" valign=\"middle\">\u00a0V30D140<\/td>\n<td align=\"center\" valign=\"middle\">142<\/td>\n<td align=\"center\" valign=\"middle\">350<\/td>\n<td align=\"center\" valign=\"middle\">420<\/td>\n<td align=\"center\" valign=\"middle\">2200<\/td>\n<td align=\"center\" valign=\"middle\">2600<\/td>\n<\/tr>\n<tr>\n<td align=\"center\" valign=\"middle\">\u00a0V30D160<\/td>\n<td align=\"center\" valign=\"middle\">164<\/td>\n<td align=\"center\" valign=\"middle\">250<\/td>\n<td align=\"center\" valign=\"middle\">300<\/td>\n<td align=\"center\" valign=\"middle\">1900<\/td>\n<td align=\"center\" valign=\"middle\">2500<\/td>\n<\/tr>\n<tr>\n<td align=\"center\" valign=\"middle\">\u00a0V30D250<\/td>\n<td align=\"center\" valign=\"middle\">250<\/td>\n<td align=\"center\" valign=\"middle\">350<\/td>\n<td align=\"center\" valign=\"middle\">420<\/td>\n<td align=\"center\" valign=\"middle\">1800<\/td>\n<td align=\"center\" valign=\"middle\">2000<\/td>\n<\/tr>\n<tr>\n<td align=\"center\" valign=\"middle\">V30D520<\/td>\n<td align=\"center\" valign=\"middle\">520<\/td>\n<td align=\"center\" valign=\"middle\">400<\/td>\n<td align=\"center\" valign=\"middle\">450<\/td>\n<td align=\"center\" valign=\"middle\">1500<\/td>\n<td align=\"center\" valign=\"middle\">1800<\/td>\n<\/tr>\n<\/tbody>\n<\/table>\n<h2><strong>V\u00fdhody hydraulick\u00e9ho \u010derpadla s axi\u00e1lnym piestom a premenliv\u00fdm objemom s\u00e9rie V30D:<\/strong><\/h2>\n<p>\u2022 Pou\u017e\u00edva sa v hydraulick\u00fdch syst\u00e9moch s otvoren\u00fdm okruhom<br \/>\n\u2022 N\u00edzka hlu\u010dnos\u0165<br \/>\n\u2022 Viacer\u00e9 riadiace moduly<br \/>\n\u2022 Poskytuje dostato\u010dn\u00fd kr\u00fatiaci moment pre zadn\u00e9 \u010derpadlo, ke\u010f je potrebn\u00e9 pou\u017ei\u0165 tandemov\u00e9 \u010derpadlo<\/p>\n<h2><strong>Axi\u00e1lne piestov\u00e9 hydraulick\u00e9 \u010derpadlo s premenliv\u00fdm objemom s\u00e9rie V30D <\/strong><strong>Aplik\u00e1cia:<\/strong><\/h2>\n<p><img loading=\"lazy\" decoding=\"async\" class=\"alignnone wp-image-1976 size-full\" src=\"https:\/\/hydraulic-cylinders.net\/wp-content\/uploads\/2023\/10\/v30d-series-axial-piston-variable-displacement-pump-2.webp\" alt=\"\" width=\"1144\" height=\"394\" srcset=\"https:\/\/hydraulic-cylinders.net\/wp-content\/uploads\/2023\/10\/v30d-series-axial-piston-variable-displacement-pump-2.webp 1144w, https:\/\/hydraulic-cylinders.net\/wp-content\/uploads\/2023\/10\/v30d-series-axial-piston-variable-displacement-pump-2-980x338.webp 980w, https:\/\/hydraulic-cylinders.net\/wp-content\/uploads\/2023\/10\/v30d-series-axial-piston-variable-displacement-pump-2-480x165.webp 480w\" sizes=\"(min-width: 0px) and (max-width: 480px) 480px, (min-width: 481px) and (max-width: 980px) 980px, (min-width: 981px) 1144px, 100vw\" \/><\/p>\n<h2><strong>Met\u00f3da pou\u017eitia hydraulick\u00e9ho \u010derpadla s axi\u00e1lnym piestom a premenliv\u00fdm objemom s\u00e9rie V30D<\/strong><strong>:<\/strong><\/h2>\n<ul>\n<li><strong>In\u0161tal\u00e1cia a integr\u00e1cia:<\/strong> Na in\u0161tal\u00e1ciu axi\u00e1lneho piestov\u00e9ho hydraulick\u00e9ho \u010derpadla s premenliv\u00fdm objemom s\u00e9rie V30D vyberte v hydraulickom syst\u00e9me vhodn\u00e9 miesto. Zabezpe\u010dte spr\u00e1vne zarovnanie a bezpe\u010dne namontujte \u010derpadlo pomocou vhodn\u00fdch konzol alebo pr\u00edslu\u0161enstva. Pripojte \u010derpadlo k hydraulick\u00e9mu syst\u00e9mu pomocou kompatibiln\u00fdch spojok a had\u00edc a zabezpe\u010dte bez\u00fate\u0161n\u00e9 spojenia.<\/li>\n<li><strong>Kompatibilita kvapal\u00edn:<\/strong> Overte, \u010di je hydraulick\u00e1 kvapalina pou\u017eit\u00e1 v syst\u00e9me kompatibiln\u00e1 s \u010derpadlom s\u00e9rie V30D. Pozrite si typ kvapaliny, viskozitu a teplotn\u00fd rozsah odpor\u00fa\u010dan\u00fd v\u00fdrobcom. Pravidelne monitorujte a udr\u017eiavajte hydraulick\u00fa kvapalinu, aby ste zabezpe\u010dili optim\u00e1lnu prev\u00e1dzku a dlh\u00fa \u017eivotnos\u0165 \u010derpadla.<\/li>\n<li><strong>Ovl\u00e1danie a nastavenie:<\/strong> Obozn\u00e1mte sa s mo\u017enos\u0165ami ovl\u00e1dania, ktor\u00e9 poskytuje \u010derpadlo s\u00e9rie V30D. V z\u00e1vislosti od konkr\u00e9tneho modelu m\u00f4\u017ee pon\u00faka\u0165 r\u00f4zne met\u00f3dy ovl\u00e1dania, ako napr\u00edklad manu\u00e1lne, proporcion\u00e1lne alebo elektronick\u00e9 ovl\u00e1danie. Pochopte odpor\u00fa\u010dan\u00e9 nastavenia ovl\u00e1dania a upravte ich pod\u013ea toho, aby ste optimalizovali v\u00fdkon \u010derpadla.<\/li>\n<li><strong>Optimaliz\u00e1cia syst\u00e9mu:<\/strong> \u010cerpadlo s\u00e9rie V30D umo\u017e\u0148uje optimaliz\u00e1ciu syst\u00e9mu nastaven\u00edm v\u00fdtlaku \u010derpadla tak, aby zodpovedal po\u017eiadavk\u00e1m na za\u0165a\u017eenie. Vyu\u017eite t\u00fato funkciu na maximaliz\u00e1ciu energetickej \u00fa\u010dinnosti a celkov\u00e9ho v\u00fdkonu syst\u00e9mu.<\/li>\n<\/ul>\n<h2><strong>Ako odvzdu\u0161ni\u0165 hydraulick\u00fd valec bez odvzdu\u0161\u0148ovacieho ventilu?<\/strong><\/h2>\n<p>Odvzdu\u0161nenie hydraulick\u00e9ho valca bez odvzdu\u0161\u0148ovacieho ventilu m\u00f4\u017ee by\u0165 trochu n\u00e1ro\u010dnej\u0161ie, ale st\u00e1le je to mo\u017en\u00e9. Tu je podrobn\u00fd n\u00e1vod, ako odvzdu\u0161ni\u0165 hydraulick\u00fd valec bez odvzdu\u0161\u0148ovacieho ventilu:<\/p>\n<ol>\n<li><strong>Bezpe\u010dnos\u0165 na prvom mieste:<\/strong> Pred pr\u00e1cou na hydraulickom valci sa uistite, \u017ee syst\u00e9m je bez tlaku. Vypnite nap\u00e1janie a uvo\u013enite zvy\u0161kov\u00fd tlak aktiv\u00e1ciou pretlakov\u00e9ho ventilu alebo prev\u00e1dzkou syst\u00e9mu do bodu maxim\u00e1lneho vysunutia alebo zasunutia.<\/li>\n<li><strong>Umiestnenie valca:<\/strong> Hydraulick\u00fd valec umiestnite do polohy, kde vzduchov\u00e9 bubliny m\u00f4\u017eu \u013eahko st\u00fapa\u0165 do najvy\u0161\u0161ieho bodu. To zvy\u010dajne znamen\u00e1, \u017ee valec je umiestnen\u00fd vertik\u00e1lne s ty\u010dou smeruj\u00facou nahor.<\/li>\n<li><strong>Odstr\u00e1\u0148te armat\u00faru:<\/strong> N\u00e1jdite spojku, ktor\u00e1 sp\u00e1ja hydraulick\u00e9 potrubie s valcom. Na odpojenie a demont\u00e1\u017e spojky pou\u017eite vhodn\u00e9 n\u00e1stroje. Pripravte sa na to, \u017ee po\u010das tohto procesu m\u00f4\u017ee unikn\u00fa\u0165 hydraulick\u00e1 kvapalina, preto si pripravte n\u00e1dobu alebo handry na zachytenie akejko\u013evek rozliatej kvapaliny.<\/li>\n<li><strong>Zdvihnite valec:<\/strong> Ak je to mo\u017en\u00e9, zdvihnite valec do maxim\u00e1lnej polohy. To pom\u00f4\u017ee minimalizova\u0165 mno\u017estvo vzduchu zachyten\u00e9ho vo vn\u00fatri valca.<\/li>\n<li><strong>Klepnite na valec:<\/strong> Jemne poklepte po bokoch valca gumen\u00fdm kladivom alebo kladivom s m\u00e4kkou plochou. Pom\u00f4\u017ee to uvo\u013eni\u0165 v\u0161etky vzduchov\u00e9 bubliny, ktor\u00e9 mohli by\u0165 zachyten\u00e9 vo vn\u00fatri valca. Za\u010dnite odspodu a postupujte smerom nahor, poklepk\u00e1vajte po obvode valca.<\/li>\n<li><strong>Cyklus valca:<\/strong> Spustite hydraulick\u00fd syst\u00e9m, aby sa valec nieko\u013ekokr\u00e1t prepol. Valec \u00faplne vysu\u0148te a zasu\u0148te, aby mohla hydraulick\u00e1 kvapalina preteka\u0165 a pr\u00edpadne vytla\u010di\u0165 vzduchov\u00e9 bubliny. Tento postup nieko\u013ekokr\u00e1t zopakujte, aby ste zabezpe\u010dili d\u00f4kladn\u00e9 odvzdu\u0161nenie.<\/li>\n<li><strong>Znovu pripojte armat\u00faru:<\/strong> Ke\u010f ste valec premie\u0161ali a c\u00edtite, \u017ee v\u00e4\u010d\u0161ina vzduchu bola vypusten\u00e1, znova pripojte spojku k hydraulick\u00e9mu potrubiu. Uistite sa, \u017ee je bezpe\u010dne utiahnut\u00e1, ale nie pr\u00edli\u0161, preto\u017ee by to mohlo po\u0161kodi\u0165 spojku alebo sp\u00f4sobi\u0165 netesnosti.<\/li>\n<li><strong>Otestujte valec:<\/strong> Po odvzdu\u0161nen\u00ed valca otestujte jeho funk\u010dnos\u0165 jeho \u00fapln\u00fdm vysunut\u00edm a zasunut\u00edm. Sledujte valec, \u010di neobsahuje vzduchov\u00e9 bubliny alebo abnorm\u00e1lne spr\u00e1vanie. Ak spozorujete ak\u00e9ko\u013evek probl\u00e9my, zopakujte proces odvzdu\u0161nenia alebo vyh\u013eadajte pomoc odborn\u00edka na hydrauliku.<\/li>\n<\/ol>\n<h2><strong>Schopnos\u0165 a kapacita tov\u00e1rne:<\/strong><\/h2>\n<h3>(1) Mont\u00e1\u017e<\/h3>\n<p>Disponujeme prvotriednou nez\u00e1vislou v\u00fdskumnou a v\u00fdvojovou mont\u00e1\u017enou platformou. Diel\u0148a na v\u00fdrobu hydraulick\u00fdch valcov m\u00e1 \u0161tyri poloautomatick\u00e9 mont\u00e1\u017ene linky zdv\u00edhac\u00edch valcov a jednu automatick\u00fa mont\u00e1\u017enu linku nakl\u00e1pac\u00edch valcov s projektovanou ro\u010dnou v\u00fdrobnou kapacitou 1 mili\u00f3n kusov. Diel\u0148a na v\u00fdrobu \u0161peci\u00e1lnych valcov je vybaven\u00e1 r\u00f4znymi \u0161pecifik\u00e1ciami poloautomatick\u00e9ho syst\u00e9mu \u010distenia a mont\u00e1\u017ee s projektovanou ro\u010dnou v\u00fdrobnou kapacitou 200 000 kusov a je vybaven\u00e1 zn\u00e1mym CNC obr\u00e1bac\u00edm zariaden\u00edm, obr\u00e1bac\u00edm centrom, \u0161peci\u00e1lnym zariaden\u00edm na vysoko presn\u00e9 spracovanie valcov, robotick\u00fdm zv\u00e1rac\u00edm strojom, automatick\u00fdm \u010distiacim strojom, automatick\u00fdm mont\u00e1\u017enym strojom valcov a automatickou lakovacou v\u00fdrobnou linkou. Existuj\u00face kritick\u00e9 zariadenia maj\u00fa viac ako 300 s\u00faprav (s\u00e1d). Optim\u00e1lne alokovanie a efekt\u00edvne vyu\u017e\u00edvanie zdrojov zariaden\u00ed zabezpe\u010duje po\u017eiadavky na presnos\u0165 v\u00fdrobkov a sp\u013a\u0148a po\u017eiadavky na vysok\u00fa kvalitu v\u00fdrobkov.<\/p>\n<p><img loading=\"lazy\" decoding=\"async\" class=\"alignnone wp-image-626\" src=\"https:\/\/hydraulic-cylinders.net\/wp-content\/uploads\/2023\/08\/hydraulic-cylinder-product-1-300x158.webp\" alt=\"\" width=\"495\" height=\"260\" srcset=\"https:\/\/hydraulic-cylinders.net\/wp-content\/uploads\/2023\/08\/hydraulic-cylinder-product-1-300x158.webp 495w, https:\/\/hydraulic-cylinders.net\/wp-content\/uploads\/2023\/08\/hydraulic-cylinder-product-1-480x252.webp 480w\" sizes=\"(min-width: 0px) and (max-width: 480px) 480px, (min-width: 481px) 495px, 100vw\" \/> <img loading=\"lazy\" decoding=\"async\" class=\"alignnone wp-image-627\" src=\"https:\/\/hydraulic-cylinders.net\/wp-content\/uploads\/2023\/08\/hydraulic-cylinder-product-2-300x189.webp\" alt=\"\" width=\"413\" height=\"260\" \/><\/p>\n<h3>(2) Obr\u00e1banie<\/h3>\n<p>Obr\u00e1bacia diel\u0148a je vybaven\u00e1 prisp\u00f4soben\u00fdm s\u00fastru\u017en\u00edckym centrom na \u0161ikm\u00e9 ko\u013eajnice, obr\u00e1bac\u00edm centrom, vysokor\u00fdchlostn\u00fdm honovac\u00edm strojom, zv\u00e1rac\u00edm robotom a \u010fal\u0161\u00edm s\u00favisiacim zariaden\u00edm, ktor\u00e9 dok\u00e1\u017ee spracova\u0165 valcov\u00e9 r\u00fary s maxim\u00e1lnym vn\u00fatorn\u00fdm priemerom 400 mm a maxim\u00e1lnou d\u013a\u017ekou 6 metrov.<\/p>\n<p><img loading=\"lazy\" decoding=\"async\" class=\"alignnone wp-image-628 size-large\" src=\"https:\/\/hydraulic-cylinders.net\/wp-content\/uploads\/2023\/08\/hydraulic-cylinder-product-3-1024x391.webp\" alt=\"\" width=\"1024\" height=\"391\" srcset=\"https:\/\/hydraulic-cylinders.net\/wp-content\/uploads\/2023\/08\/hydraulic-cylinder-product-3-980x374.webp 980w, https:\/\/hydraulic-cylinders.net\/wp-content\/uploads\/2023\/08\/hydraulic-cylinder-product-3-480x183.webp 480w\" sizes=\"(min-width: 0px) and (max-width: 480px) 480px, (min-width: 481px) and (max-width: 980px) 980px, (min-width: 981px) 1024px, 100vw\" \/><\/p>\n<h3>(3) Zv\u00e1ranie<\/h3>\n<p><img loading=\"lazy\" decoding=\"async\" class=\"alignnone wp-image-629 size-large\" src=\"https:\/\/hydraulic-cylinders.net\/wp-content\/uploads\/2023\/08\/hydraulic-cylinder-product-4-1024x510.webp\" alt=\"\" width=\"1024\" height=\"510\" srcset=\"https:\/\/hydraulic-cylinders.net\/wp-content\/uploads\/2023\/08\/hydraulic-cylinder-product-4-980x488.webp 980w, https:\/\/hydraulic-cylinders.net\/wp-content\/uploads\/2023\/08\/hydraulic-cylinder-product-4-480x239.webp 480w\" sizes=\"(min-width: 0px) and (max-width: 480px) 480px, (min-width: 481px) and (max-width: 980px) 980px, (min-width: 981px) 1024px, 100vw\" \/><\/p>\n<h3>(4) Ma\u013eovanie a natieranie<\/h3>\n<p>S mal\u00fdmi a stredne ve\u013ek\u00fdmi valcov\u00fdmi automatick\u00fdmi linkami na nan\u00e1\u0161anie farieb na vodnej b\u00e1ze, na dosiahnutie automatick\u00e9ho nakladania a vykladania robotmi a automatick\u00e9ho striekania, je projektovan\u00e1 kapacita 4000 kusov za smenu;<br \/>\nM\u00e1me tie\u017e poloautomatick\u00fa linku na v\u00fdrobu farieb pre ve\u013ek\u00e9 valce poh\u00e1\u0148an\u00e9 re\u0165azou s projektovanou kapacitou 60 kusov za smenu.<\/p>\n<p><img loading=\"lazy\" decoding=\"async\" class=\"alignnone wp-image-630\" src=\"https:\/\/hydraulic-cylinders.net\/wp-content\/uploads\/2023\/08\/hydraulic-cylinder-product-5-300x213.webp\" alt=\"\" width=\"366\" height=\"260\" \/> <img loading=\"lazy\" decoding=\"async\" class=\"alignnone wp-image-631\" src=\"https:\/\/hydraulic-cylinders.net\/wp-content\/uploads\/2023\/08\/hydraulic-cylinder-product-6-300x225.webp\" alt=\"\" width=\"347\" height=\"260\" \/><\/p>\n<h3>(5) Testovanie<\/h3>\n<p>Disponujeme prvotriednymi kontroln\u00fdmi zariadeniami a sk\u00fa\u0161obn\u00fdmi zariadeniami, ktor\u00e9 zabezpe\u010duj\u00fa, \u017ee v\u00fdkonnos\u0165 valca sp\u013a\u0148a po\u017eiadavky.<\/p>\n<p><img loading=\"lazy\" decoding=\"async\" class=\"alignnone wp-image-632\" src=\"https:\/\/hydraulic-cylinders.net\/wp-content\/uploads\/2023\/08\/hydraulic-cylinder-product-8-300x200.webp\" alt=\"\" width=\"389\" height=\"260\" \/><\/p>\n<p>&nbsp;<\/p>\n<p>&nbsp;<\/p>\n<p>Sme jedn\u00fdm z najlep\u0161\u00edch v\u00fdrobcov hydraulick\u00fdch valcov. Pon\u00fakame komplexn\u00e9 hydraulick\u00e9 valce. Poskytujeme aj zodpovedaj\u00face <a href=\"https:\/\/hzpt.com\/agricultural-pto-gearbox\/\" target=\"_blank\" rel=\"noopener\">po\u013enohospod\u00e1rske prevodovky<\/a>Na\u0161e produkty sme vyv\u00e1\u017eali klientom po celom svete a v\u010faka vynikaj\u00facej kvalite produktov a popredajn\u00e9mu servisu sme si z\u00edskali dobr\u00fa reput\u00e1ciu. V\u00edtame z\u00e1kazn\u00edkov doma aj v zahrani\u010d\u00ed, ktor\u00ed n\u00e1s kontaktuj\u00fa za \u00fa\u010delom rokovania o obchodn\u00fdch z\u00e1le\u017eitostiach, v\u00fdmeny inform\u00e1ci\u00ed a <a href=\"https:\/\/www.hydraulic-cylinders.net\/sk\/contact-us\/\">spolupracova\u0165 s nami<\/a>!<\/p>\n<p>&nbsp;<\/p>","protected":false},"excerpt":{"rendered":"<p>V30D Series Axial Piston Variable Displacement Hydraulic Pump The V30D series axial piston variable displacement hydraulic pump is a state-of-the-art solution designed to deliver exceptional performance and efficiency in various hydraulic applications. With its advanced engineering, versatile design, and precise control, this hydraulic pump is a game-changer in the industry. The V30D series axial piston [&hellip;]<\/p>","protected":false},"featured_media":1975,"comment_status":"open","ping_status":"closed","template":"","meta":{"_et_pb_use_builder":"","_et_pb_old_content":"","_et_gb_content_width":""},"product_brand":[],"product_cat":[1425],"product_tag":[1426],"class_list":{"0":"post-1963","1":"product","2":"type-product","3":"status-publish","4":"has-post-thumbnail","6":"product_cat-piston-pump","7":"product_tag-hydraulic-pump","9":"first","10":"instock","11":"shipping-taxable","12":"product-type-simple"},"amp_enabled":true,"_links":{"self":[{"href":"https:\/\/www.hydraulic-cylinders.net\/sk\/wp-json\/wp\/v2\/product\/1963","targetHints":{"allow":["GET"]}}],"collection":[{"href":"https:\/\/www.hydraulic-cylinders.net\/sk\/wp-json\/wp\/v2\/product"}],"about":[{"href":"https:\/\/www.hydraulic-cylinders.net\/sk\/wp-json\/wp\/v2\/types\/product"}],"replies":[{"embeddable":true,"href":"https:\/\/www.hydraulic-cylinders.net\/sk\/wp-json\/wp\/v2\/comments?post=1963"}],"wp:featuredmedia":[{"embeddable":true,"href":"https:\/\/www.hydraulic-cylinders.net\/sk\/wp-json\/wp\/v2\/media\/1975"}],"wp:attachment":[{"href":"https:\/\/www.hydraulic-cylinders.net\/sk\/wp-json\/wp\/v2\/media?parent=1963"}],"wp:term":[{"taxonomy":"product_brand","embeddable":true,"href":"https:\/\/www.hydraulic-cylinders.net\/sk\/wp-json\/wp\/v2\/product_brand?post=1963"},{"taxonomy":"product_cat","embeddable":true,"href":"https:\/\/www.hydraulic-cylinders.net\/sk\/wp-json\/wp\/v2\/product_cat?post=1963"},{"taxonomy":"product_tag","embeddable":true,"href":"https:\/\/www.hydraulic-cylinders.net\/sk\/wp-json\/wp\/v2\/product_tag?post=1963"}],"curies":[{"name":"pracovn\u00fd list","href":"https:\/\/api.w.org\/{rel}","templated":true}]}}