{"id":19630,"date":"2025-04-07T06:58:25","date_gmt":"2025-04-07T06:58:25","guid":{"rendered":"https:\/\/www.hydraulic-cylinders.net\/product\/boom-cylinder-for-wacker-e8003\/"},"modified":"2025-04-07T06:58:28","modified_gmt":"2025-04-07T06:58:28","slug":"boom-cylinder-for-wacker-e8003","status":"publish","type":"product","link":"https:\/\/www.hydraulic-cylinders.net\/sk\/produkt\/boom-cylinder-for-wacker-e8003\/","title":{"rendered":"Valec v\u00fdlo\u017en\u00edka pre Wacker E8003"},"content":{"rendered":"<h1>Valec v\u00fdlo\u017en\u00edka pre Wacker E8003<\/h1>\n<h2>Preh\u013ead produktu<\/h2>\n<p>Hydraulick\u00fd valec v\u00fdlo\u017en\u00edka pre Wacker E8003 je \u0161pecializovan\u00fd hydraulick\u00fd valec ur\u010den\u00fd na ovl\u00e1danie pohybu vedier \u0165a\u017ek\u00fdch strojov, ako s\u00fa tie, ktor\u00e9 sa nach\u00e1dzaj\u00fa v r\u00fdpadl\u00e1ch, r\u00fdpadlo-naklada\u010doch a \u010deln\u00fdch naklada\u010doch. Tieto valce s\u00fa nevyhnutn\u00e9 na u\u013eah\u010denie zdv\u00edhania, sp\u00fa\u0161\u0165ania a nakl\u00e1\u0148ania vedier, \u010d\u00edm sa zefekt\u00edv\u0148uj\u00fa \u00falohy manipul\u00e1cie s materi\u00e1lom v r\u00f4znych odvetviach.<\/p>\n<p><img decoding=\"async\" src=\"https:\/\/www.hydraulic-cylinders.net\/wp-content\/uploads\/2025\/04\/songte-company-1.webp\" alt=\"Valec v\u00fdlo\u017en\u00edka pre Wacker E8003\"><\/p>\n<h3>Defin\u00edcia a funkcia v hydraulick\u00fdch syst\u00e9moch<\/h3>\n<p>Hydraulick\u00fd valec ly\u017eice je typ hydraulick\u00e9ho valca, ktor\u00fd zohr\u00e1va k\u013e\u00fa\u010dov\u00fa \u00falohu pri prev\u00e1dzke \u0165a\u017ek\u00fdch strojov. Vyu\u017e\u00edva hydraulick\u00fa kvapalinu na generovanie sily, ktor\u00e1 sa potom premie\u0148a na pohyb na riadenie \u010dinnosti ly\u017eice. Tieto valce s\u00fa navrhnut\u00e9 tak, aby zvl\u00e1dali vysok\u00e9 tlaky a \u0165a\u017ek\u00e9 bremen\u00e1 a z\u00e1rove\u0148 zabezpe\u010dovali plynul\u00fd chod. Poskytovan\u00edm presnej kontroly nad pohybom ly\u017eice zvy\u0161uj\u00fa efektivitu r\u00f4znych \u00faloh, ako je kopanie, zdv\u00edhanie a preprava materi\u00e1lov. V\u00fdznam dobre funguj\u00faceho valca v\u00fdlo\u017en\u00edka nemo\u017eno prece\u0148ova\u0165, preto\u017ee priamo ovplyv\u0148uje v\u00fdkon a produktivitu zariadenia, ktor\u00e9mu sl\u00fa\u017ei.<\/p>\n<h2>K\u013e\u00fa\u010dov\u00e9 vlastnosti<\/h2>\n<ul>\n<li><strong>Vysok\u00e1 pevnos\u0165 a odolnos\u0165:<\/strong> Tieto valce s\u00fa vyroben\u00e9 z vysokopevnostnej ocele alebo hlin\u00edka, odol\u00e1vaj\u00fa vysok\u00e9mu tlaku a ve\u013ek\u00e9mu za\u0165a\u017eeniu, v\u010faka \u010domu s\u00fa vhodn\u00e9 do n\u00e1ro\u010dn\u00fdch pracovn\u00fdch prostred\u00ed. S\u00fa navrhnut\u00e9 s oh\u013eadom na odolnos\u0165 vo\u010di opotrebovaniu a kor\u00f3zii, \u010do predl\u017euje ich \u017eivotnos\u0165.<\/li>\n<li><strong>Efekt\u00edvna hydraulick\u00e1 prev\u00e1dzka:<\/strong> Valec pracuje plynulo v\u010faka tlaku hydraulick\u00e9ho oleja, \u010do umo\u017e\u0148uje r\u00fdchlu reakciu na ovl\u00e1dacie povely a poskytuje zna\u010dn\u00fa tla\u010dn\u00fa a \u0165a\u017en\u00fa silu na manipul\u00e1ciu s \u0165a\u017ek\u00fdmi materi\u00e1lmi.<\/li>\n<li><strong>R\u00f4zne typy:<\/strong> Dostupn\u00e9 ako jedno\u010dinn\u00e9 (pou\u017e\u00edvan\u00e9 v jednom smere) alebo dvoj\u010dinn\u00e9 (funguj\u00face v oboch smeroch) valce, ktor\u00e9 vyhovuj\u00fa r\u00f4znym prev\u00e1dzkov\u00fdm potreb\u00e1m. Niektor\u00e9 modely s\u00fa teleskopick\u00e9, \u010do umo\u017e\u0148uje v\u00e4\u010d\u0161ie vysunutie bez zv\u00e4\u010d\u0161enia vonkaj\u0161\u00edch rozmerov.<\/li>\n<li><strong>Kompatibilita:<\/strong> Na\u0161e produkty dok\u00e1\u017eu dokonale nahradi\u0165 existuj\u00face hydraulick\u00e9 valce a zabezpe\u010dia tak bezprobl\u00e9mov\u00fa integr\u00e1ciu s va\u0161imi strojmi.<\/li>\n<li><strong>Rie\u0161enia na mieru:<\/strong> Mo\u017enosti v\u00fdroby \u0161it\u00e9 na mieru pre splnenie \u0161pecifick\u00fdch po\u017eiadaviek, ktor\u00e9 poskytuj\u00fa flexibilitu v dizajne a funkcii.<\/li>\n<\/ul>\n<p><img decoding=\"async\" src=\"https:\/\/www.hydraulic-cylinders.net\/wp-content\/uploads\/2025\/04\/songte-cylinder-head-with-all-kinds-excavator-models.webp\" alt=\"Kompatibilita valcov v\u00fdlo\u017en\u00edka\"><\/p>\n<h2>Scen\u00e1re aplik\u00e1ci\u00ed<\/h2>\n<h3>Stavebn\u00e9 stroje<\/h3>\n<p>V stavebn\u00fdch strojoch s\u00fa valce v\u00fdlo\u017en\u00edka nevyhnutn\u00e9 pre r\u00fdpadl\u00e1, kde zohr\u00e1vaj\u00fa k\u013e\u00fa\u010dov\u00fa \u00falohu pri kopan\u00ed, nakladan\u00ed a preprave zeminy alebo sutiny. V\u00fdkon r\u00fdpadla do zna\u010dnej miery z\u00e1vis\u00ed od \u00fa\u010dinnosti jeho valca v\u00fdlo\u017en\u00edka, ktor\u00fd umo\u017e\u0148uje ly\u017eici prenikn\u00fa\u0165 do zeme a vykon\u00e1va\u0165 r\u00f4zne kopacie \u010dinnosti s presnos\u0165ou. Okrem toho v r\u00fdpadlo-naklada\u010doch valec v\u00fdlo\u017en\u00edka pom\u00e1ha nielen pri v\u00fdkopov\u00fdch pr\u00e1cach, ale aj pri zdv\u00edhan\u00ed \u0165a\u017ek\u00fdch bremien, v\u010faka \u010domu je nevyhnutn\u00fd pre stavebn\u00e9 a v\u00fdkopov\u00e9 pr\u00e1ce.<\/p>\n<h3>Po\u013enohospod\u00e1rske stroje<\/h3>\n<p>V po\u013enohospod\u00e1rskych strojoch sa hydraulick\u00e9 valce v\u00fdlo\u017en\u00edka pou\u017e\u00edvaj\u00fa v \u010deln\u00fdch naklada\u010doch na naberanie, zdv\u00edhanie a prepravu p\u00f4dy, sena a in\u00fdch materi\u00e1lov. Efektivita po\u013enohospod\u00e1rskych oper\u00e1ci\u00ed \u010dasto z\u00e1vis\u00ed od spo\u013eahlivosti t\u00fdchto hydraulick\u00fdch valcov, ktor\u00e9 dok\u00e1\u017eu vykon\u00e1va\u0165 opakuj\u00face sa \u00falohy s minim\u00e1lnymi prestojmi. Ich robustn\u00e1 kon\u0161trukcia a v\u00fdkonn\u00fd hydraulick\u00fd \u00fa\u010dinok u\u013eah\u010duj\u00fa r\u00f4zne po\u013enohospod\u00e1rske aplik\u00e1cie a zabezpe\u010duj\u00fa produktivitu na poli.<\/p>\n<h3>R\u00fdpadl\u00e1<\/h3>\n<p>R\u00fdpadl\u00e1 vyu\u017e\u00edvaj\u00fa valce v\u00fdlo\u017en\u00edka na dosiahnutie efekt\u00edvnych kopac\u00edch pohybov t\u00fdm, \u017ee umo\u017e\u0148uj\u00fa ly\u017eici prenikn\u00fa\u0165 do p\u00f4dy. Ich kon\u0161trukcia umo\u017e\u0148uje presn\u00e9 ovl\u00e1danie h\u013abky a uhla ly\u017eice, \u010do je nevyhnutn\u00e9 pre v\u00fdkopov\u00e9 projekty. Tento kontrolovan\u00fd pohyb nielen zvy\u0161uje efektivitu, ale tie\u017e zabezpe\u010duje, \u017ee pr\u00e1ca je dokon\u010den\u00e1 pod\u013ea presn\u00fdch \u0161pecifik\u00e1ci\u00ed, \u010d\u00edm sa zni\u017euje riziko ch\u00fdb pri ter\u00e9nnych \u00faprav\u00e1ch a h\u013aben\u00ed v\u00fdkopov.<\/p>\n<h3>Naklada\u010de<\/h3>\n<p>V \u010deln\u00fdch naklada\u010doch valce v\u00fdlo\u017en\u00edka \u00fa\u010dinne pom\u00e1haj\u00fa pri zdv\u00edhan\u00ed a vykladan\u00ed materi\u00e1lov. Hydraulick\u00fd syst\u00e9m umo\u017e\u0148uje plynul\u00fd chod, \u010do umo\u017e\u0148uje obsluhe \u013eahko zdv\u00edha\u0165 \u0165a\u017ek\u00e9 bremen\u00e1. T\u00e1to schopnos\u0165 je k\u013e\u00fa\u010dov\u00e1 pre \u00falohy, ako je nakladanie n\u00e1kladn\u00fdch vozidiel, premiest\u0148ovanie materi\u00e1lov a in\u00e9 stavebn\u00e9 \u010dinnosti, \u010do dokazuje d\u00f4le\u017eitos\u0165 spo\u013eahliv\u00fdch valcov v\u00fdlo\u017en\u00edka pre v\u00fdkon naklada\u010dov.<\/p>\n<h2>\u00davahy o dizajne a krit\u00e9ri\u00e1 v\u00fdberu<\/h2>\n<h3>Nosnos\u0165<\/h3>\n<p>Pri v\u00fdbere valca v\u00fdlo\u017en\u00edka je nosnos\u0165 jedn\u00fdm z najd\u00f4le\u017eitej\u0161\u00edch faktorov. Je nevyhnutn\u00e9 vybra\u0165 si valec, ktor\u00fd zvl\u00e1dne maxim\u00e1lne za\u0165a\u017eenie o\u010dak\u00e1van\u00e9 po\u010das prev\u00e1dzky. Nosnos\u0165 by sa mala pos\u00fadi\u0165 na z\u00e1klade \u0161pecifick\u00fdch po\u017eiadaviek stroja a \u00faloh, ktor\u00e9 bude vykon\u00e1va\u0165. Valec s pr\u00edli\u0161 n\u00edzkou nosnos\u0165ou m\u00f4\u017ee vies\u0165 ku katastrofickej poruche, zatia\u013e \u010do valec s nadmernou nosnos\u0165ou m\u00f4\u017ee vies\u0165 k neefekt\u00edvnemu vyu\u017e\u00edvaniu energie a zv\u00fd\u0161en\u00fdm prev\u00e1dzkov\u00fdm n\u00e1kladom. Preto je k\u013e\u00fa\u010dov\u00e9 pochopi\u0165 vz\u0165ah medzi \u0161pecifik\u00e1ciami valca a po\u017eiadavkami stroja.<\/p>\n<h3>Tesniaci v\u00fdkon<\/h3>\n<p>Tesniaci v\u00fdkon hydraulick\u00e9ho valca je nevyhnutn\u00fd pre udr\u017eanie optim\u00e1lnej funk\u010dnosti. Vysokokvalitn\u00e9 tesnenia zabra\u0148uj\u00fa \u00faniku hydraulickej kvapaliny, \u010do m\u00f4\u017ee vies\u0165 k zn\u00ed\u017eeniu \u00fa\u010dinnosti a mo\u017en\u00e9mu po\u0161kodeniu hydraulick\u00e9ho syst\u00e9mu. Pri v\u00fdbere valca ramena je d\u00f4le\u017eit\u00e9 zv\u00e1\u017ei\u0165 kvalitu pou\u017eit\u00fdch tesnen\u00ed, ako aj ich kompatibilitu s hydraulickou kvapalinou. Pravideln\u00e1 kontrola a \u00fadr\u017eba tesnen\u00ed je nevyhnutn\u00e1 pre zabezpe\u010denie dlhej \u017eivotnosti hydraulick\u00e9ho syst\u00e9mu a pre zabr\u00e1nenie n\u00e1kladn\u00fdm oprav\u00e1m.<\/p>\n<h3>Trvanlivos\u0165 a dlh\u00e1 \u017eivotnos\u0165<\/h3>\n<p>\u010eal\u0161\u00edm k\u013e\u00fa\u010dov\u00fdm faktorom pri kon\u0161trukcii valcov ramena je odolnos\u0165. Materi\u00e1ly pou\u017eit\u00e9 pri v\u00fdrobe valca by mali by\u0165 schopn\u00e9 odola\u0165 n\u00e1ro\u010dn\u00fdm podmienkam a opakovan\u00e9mu pou\u017e\u00edvaniu bez degrad\u00e1cie. Faktory, ako je odolnos\u0165 vo\u010di opotrebovaniu a kor\u00f3zii, s\u00fa k\u013e\u00fa\u010dov\u00e9 pre pred\u013a\u017eenie \u017eivotnosti hydraulick\u00fdch valcov. Odoln\u00fd valec ramena zni\u017euje frekvenciu opr\u00e1v a v\u00fdmen, \u010d\u00edm z dlhodob\u00e9ho h\u013eadiska \u0161etr\u00ed \u010das a peniaze.<\/p>\n<h3>Bezpe\u010dnostn\u00e9 prvky<\/h3>\n<p>Bezpe\u010dnos\u0165 by mala by\u0165 v\u017edy najvy\u0161\u0161ou prioritou pri navrhovan\u00ed hydraulick\u00fdch valcov. Funkcie, ako je ochrana proti pre\u0165a\u017eeniu a poistn\u00e9 ventily, m\u00f4\u017eu zabr\u00e1ni\u0165 nehod\u00e1m a po\u0161kodeniu zariaden\u00ed. Je nevyhnutn\u00e9 vyhodnoti\u0165 bezpe\u010dnostn\u00e9 opatrenia integrovan\u00e9 do kon\u0161trukcie valca v\u00fdlo\u017en\u00edka, preto\u017ee prispievaj\u00fa k celkovej spo\u013eahlivosti a bezpe\u010dnosti prev\u00e1dzky strojov. Zabezpe\u010denie t\u00fdchto funkci\u00ed m\u00f4\u017ee poskytn\u00fa\u0165 obsluhe pokoj a zn\u00ed\u017ei\u0165 riziko pracovn\u00fdch \u00farazov.<\/p>\n<h3>Pr\u00edstupnos\u0165 \u00fadr\u017eby<\/h3>\n<p>Pri v\u00fdbere valca v\u00fdlo\u017en\u00edka zv\u00e1\u017ete aj jednoduchos\u0165 \u00fadr\u017eby. Valce, ktor\u00e9 s\u00fa navrhnut\u00e9 pre \u013eahk\u00fd pr\u00edstup k tesneniam a vn\u00fatorn\u00fdm komponentom, umo\u017e\u0148uj\u00fa r\u00fdchlej\u0161ie kontroly a \u00fadr\u017eb\u00e1rske \u00falohy. Pravideln\u00e1 \u00fadr\u017eba je k\u013e\u00fa\u010dov\u00e1 pre zabezpe\u010denie optim\u00e1lneho v\u00fdkonu a kon\u0161trukcia, ktor\u00e1 umo\u017e\u0148uje jednoduch\u00fa \u00fadr\u017ebu, m\u00f4\u017ee v\u00fdrazne skr\u00e1ti\u0165 prestoje. Vyhodnotenie potrieb \u00fadr\u017eby hydraulick\u00fdch valcov je nevyhnutn\u00e9 pre zabezpe\u010denie ich maxim\u00e1lnej \u00fa\u010dinnosti po\u010das celej ich \u017eivotnosti.<\/p>\n<p><img decoding=\"async\" src=\"https:\/\/www.hydraulic-cylinders.net\/wp-content\/uploads\/2025\/04\/songte-oil-pipes-and-spare-parts.webp\" alt=\"Komponenty hydraulick\u00e9ho valca\"><\/p>\n<h2>Tesnenie a mazanie<\/h2>\n<p>\u00da\u010dinn\u00e9 tesnenie a mazanie s\u00fa k\u013e\u00fa\u010dov\u00e9 pre spr\u00e1vnu funkciu hydraulick\u00fdch valcov. Na zabr\u00e1nenie \u00faniku a udr\u017eanie tlaku vo valci sa pou\u017e\u00edvaj\u00fa r\u00f4zne tesniace komponenty, ako s\u00fa tesnenia piestov a tesnenia ty\u010d\u00ed. Medzi be\u017ene pou\u017e\u00edvan\u00e9 materi\u00e1ly na tesnenia patr\u00ed polyuret\u00e1n a nitrilov\u00fd kau\u010duk, ktor\u00e9 s\u00fa zn\u00e1me svojou odolnos\u0165ou a odolnos\u0165ou proti opotrebovaniu. Teleso valca a z\u00e1vitov\u00e9 koncov\u00e9 plochy musia by\u0165 presne opracovan\u00e9, aby sa zv\u00fd\u0161ila odolnos\u0165 proti opotrebovaniu a zabezpe\u010dilo tesn\u00e9 utesnenie.<\/p>\n<p>Pravideln\u00e9 mazanie je tie\u017e nevyhnutn\u00e9 pre optim\u00e1lny v\u00fdkon. Je d\u00f4le\u017eit\u00e9 pravidelne vstrekova\u0165 do valca primeran\u00e9 mno\u017estvo hydraulick\u00e9ho oleja, aby vn\u00fatorn\u00e9 komponenty fungovali hladko. Nedostatok mazania m\u00f4\u017ee vies\u0165 k zv\u00fd\u0161en\u00e9mu treniu, opotrebovaniu a potenci\u00e1lnemu zlyhaniu hydraulick\u00e9ho syst\u00e9mu. Dobre udr\u017eiavan\u00fd mazac\u00ed re\u017eim v\u00fdznamne prispieva k \u017eivotnosti a \u00fa\u010dinnosti valca v\u00fdlo\u017en\u00edka.<\/p>\n<h2>Opatrenia prevent\u00edvnej \u00fadr\u017eby<\/h2>\n<ul>\n<li><strong>Rutinn\u00e1 kontrola:<\/strong> Pravideln\u00e9 kontroly s\u00fa nevyhnutn\u00e9 na zistenie ak\u00fdchko\u013evek zn\u00e1mok opotrebovania alebo po\u0161kodenia. Obsluha by mala kontrolova\u0165 netesnosti, nezvy\u010dajn\u00e9 zvuky alebo zmeny v\u00fdkonu. V\u010dasn\u00e9 rie\u0161enie probl\u00e9mov m\u00f4\u017ee zabr\u00e1ni\u0165 n\u00e1kladn\u00fdm oprav\u00e1m a prestojom.<\/li>\n<li><strong>Pl\u00e1n mazania:<\/strong> Stanovte si pl\u00e1n mazania, aby ste zabezpe\u010dili dop\u013a\u0148anie hydraulick\u00e9ho oleja v pr\u00edslu\u0161n\u00fdch intervaloch. To pom\u00e1ha udr\u017eiava\u0165 optim\u00e1lny v\u00fdkon a predl\u017euje \u017eivotnos\u0165 valca.<\/li>\n<li><strong>V\u00fdmena tesnenia:<\/strong> Pravidelne kontrolujte tesnenia, \u010di nejavia zn\u00e1mky opotrebovania, a v pr\u00edpade potreby ich vyme\u0148te. Opotrebovan\u00e9 tesnenia m\u00f4\u017eu vies\u0165 k \u00faniku kvapaliny a zn\u00ed\u017eeniu \u00fa\u010dinnosti, preto je nevyhnutn\u00e9 rie\u0161i\u0165 tento aspekt \u00fadr\u017eby.<\/li>\n<\/ul>\n<h2>Pokyny pre spr\u00e1vnu in\u0161tal\u00e1ciu<\/h2>\n<p>Spr\u00e1vna in\u0161tal\u00e1cia hydraulick\u00fdch valcov je nevyhnutn\u00e1 pre zabezpe\u010denie optim\u00e1lneho v\u00fdkonu. Za\u010dnite d\u00f4kladn\u00fdm vy\u010disten\u00edm priestoru in\u0161tal\u00e1cie, aby ste odstr\u00e1nili v\u0161etky ne\u010distoty alebo ne\u010distoty, ktor\u00e9 by mohli ru\u0161i\u0165 \u010dinnos\u0165 valca. Pou\u017eite vhodn\u00e9 n\u00e1stroje na zarovnanie, aby ste zabezpe\u010dili spr\u00e1vnu polohu valca vzh\u013eadom na ostatn\u00e9 komponenty.<\/p>\n<p>Pri in\u0161tal\u00e1cii valca dodr\u017eiavajte \u0161pecifik\u00e1cie v\u00fdrobcu t\u00fdkaj\u00face sa kr\u00fatiaceho momentu a upevnenia. Je nevyhnutn\u00e9 pou\u017ei\u0165 vhodn\u00e9 mont\u00e1\u017ene konzoly na upevnenie valca na mieste, aby sa zabr\u00e1nilo jeho pohybu po\u010das prev\u00e1dzky. Po in\u0161tal\u00e1cii skontrolujte, \u010di nie s\u00fa \u017eiadne nespr\u00e1vne zarovnania alebo potenci\u00e1lne prek\u00e1\u017eky, ktor\u00e9 by mohli br\u00e1ni\u0165 v\u00fdkonu. Nakoniec spustite testovac\u00ed cyklus, aby ste sa uistili, \u017ee valec funguje hladko a efekt\u00edvne, a v pr\u00edpade potreby vykonajte \u00fapravy.<\/p>\n<h2>\u00dalohy \u00fadr\u017eby<\/h2>\n<ul>\n<li><strong>Pravideln\u00e9 kontroly:<\/strong> Vykon\u00e1vanie pravideln\u00fdch kontrol tesnost\u00ed, anom\u00e1li\u00ed vo v\u00fdkone a zn\u00e1mok opotrebenia zabezpe\u010duje optim\u00e1lne fungovanie hydraulick\u00e9ho syst\u00e9mu. V\u010dasn\u00e9 odhalenie probl\u00e9mov m\u00f4\u017ee u\u0161etri\u0165 \u010das a zdroje.<\/li>\n<li><strong>Spr\u00e1vne mazanie:<\/strong> D\u00f4sledn\u00e9 mazanie pohybliv\u00fdch \u010dast\u00ed je nevyhnutn\u00e9 na minimaliz\u00e1ciu trenia a pred\u013a\u017eenie \u017eivotnosti hydraulick\u00e9ho valca. Pou\u017eitie spr\u00e1vneho typu a mno\u017estva maziva je rozhoduj\u00face pre udr\u017eanie v\u00fdkonu.<\/li>\n<li><strong>V\u00fdmena tesnenia:<\/strong> Pravideln\u00e9 monitorovanie stavu tesnen\u00ed a ich v\u00fdmena pod\u013ea potreby zabra\u0148uje \u00fanikom kvapal\u00edn a udr\u017eiava hydraulick\u00fd tlak. To je k\u013e\u00fa\u010dov\u00e9 pre zabezpe\u010denie \u00fa\u010dinnosti a bezpe\u010dnosti hydraulick\u00e9ho syst\u00e9mu.<\/li>\n<\/ul>\n<p>Spr\u00e1vna in\u0161tal\u00e1cia, mazanie a nastavenie s\u00fa nevyhnutn\u00e9 pre maximaliz\u00e1ciu \u017eivotnosti hydraulick\u00fdch valcov. Po\u010das in\u0161tal\u00e1cie je d\u00f4le\u017eit\u00e9 valec presne zarovna\u0165, preto\u017ee nespr\u00e1vne zarovnanie m\u00f4\u017ee vies\u0165 k pred\u010dasn\u00e9mu opotrebovaniu a poruche. Okrem toho pou\u017eitie vhodn\u00fdch mont\u00e1\u017enych konzol pom\u00f4\u017ee zaisti\u0165 valec na mieste a zabr\u00e1ni\u0165 jeho pohybu. Pravideln\u00e1 kontrola a \u00fadr\u017eba \u010falej zv\u00fd\u0161ia spo\u013eahlivos\u0165 hydraulick\u00e9ho syst\u00e9mu.<\/p>\n<p><img decoding=\"async\" src=\"https:\/\/www.hydraulic-cylinders.net\/wp-content\/uploads\/2025\/04\/songte-chushion-collar.webp\" alt=\"Komponenty in\u0161tal\u00e1cie valca\"><\/p>\n<h2>Bezpe\u010dnostn\u00e9 aspekty a faktory prostredia<\/h2>\n<p>Pri pou\u017e\u00edvan\u00ed hydraulick\u00fdch valcov s\u00fa bezpe\u010dnostn\u00e9 opatrenia prvorad\u00e9. Obsluha by mala by\u0165 vy\u0161kolen\u00e1 v rozpoznan\u00ed potenci\u00e1lnych nebezpe\u010denstiev a dodr\u017eiavan\u00ed bezpe\u010dnostn\u00fdch protokolov pri obsluhe strojov. Zabezpe\u010denie spr\u00e1vneho fungovania bezpe\u010dnostn\u00fdch prvkov a monitorovanie prostredia z h\u013eadiska potenci\u00e1lnych riz\u00edk m\u00f4\u017ee v\u00fdrazne zn\u00ed\u017ei\u0165 pravdepodobnos\u0165 neh\u00f4d. Okrem toho by sa mala venova\u0165 pozornos\u0165 vplyvu hydraulick\u00fdch kvapal\u00edn na \u017eivotn\u00e9 prostredie. Pou\u017e\u00edvanie biologicky odb\u00farate\u013en\u00fdch hydraulick\u00fdch olejov m\u00f4\u017ee zmierni\u0165 environment\u00e1lne rizik\u00e1 spojen\u00e9 s \u00fanikmi alebo rozliatiami, \u010d\u00edm sa podpor\u00ed udr\u017eate\u013enos\u0165 prev\u00e1dzky zariaden\u00ed.<\/p>\n<h2>Diagnostika por\u00fach a be\u017en\u00e9 probl\u00e9my<\/h2>\n<ul>\n<li><strong>\u00daniky tekut\u00edn:<\/strong> Jedn\u00fdm z be\u017en\u00fdch probl\u00e9mov je \u00fanik hydraulickej kvapaliny, ktor\u00fd m\u00f4\u017ee prameni\u0165 z opotrebovan\u00fdch tesnen\u00ed alebo po\u0161koden\u00fdch komponentov. Pravideln\u00e9 kontroly m\u00f4\u017eu pom\u00f4c\u0165 v\u010das odhali\u0165 \u00faniky a zabr\u00e1ni\u0165 tak \u010fal\u0161iemu po\u0161kodeniu.<\/li>\n<li><strong>Nereaguj\u00faci valec:<\/strong> Ak valec nereaguje na povely, m\u00f4\u017ee to by\u0165 sp\u00f4soben\u00e9 n\u00edzkou hladinou hydraulickej kvapaliny alebo vzduchom zachyten\u00fdm v syst\u00e9me. Odvzdu\u0161nenie syst\u00e9mu a zabezpe\u010denie spr\u00e1vnej hladiny kvapaliny m\u00f4\u017ee tento probl\u00e9m vyrie\u0161i\u0165.<\/li>\n<li><strong>Nadmern\u00fd hluk:<\/strong> Nezvy\u010dajn\u00e9 zvuky po\u010das prev\u00e1dzky m\u00f4\u017eu nazna\u010dova\u0165 mechanick\u00e9 probl\u00e9my, ako s\u00fa opotrebovan\u00e9 lo\u017eisk\u00e1 alebo nespr\u00e1vne zarovnanie. Pre zachovanie integrity syst\u00e9mu je nevyhnutn\u00e9 v\u010dasn\u00e9 zistenie zdroja hluku.<\/li>\n<\/ul>\n<h2>Tipy na rie\u0161enie probl\u00e9mov<\/h2>\n<p>Pri diagnostikovan\u00ed probl\u00e9mov s hydraulick\u00fdmi valcami je nevyhnutn\u00e9 dodr\u017eiava\u0165 systematick\u00fd pr\u00edstup. Za\u010dnite kontrolou hladiny kvapal\u00edn a h\u013eadan\u00edm vidite\u013en\u00fdch zn\u00e1mok netesnost\u00ed. Ak valec nereaguje, skontrolujte, \u010di sa v hydraulickom syst\u00e9me nenach\u00e1dza vzduch, a v pr\u00edpade potreby ho odvzdu\u0161nite. V pr\u00edpade nadmern\u00e9ho hluku sa uistite, \u017ee s\u00fa komponenty spr\u00e1vne zarovnan\u00e9, a skontrolujte opotrebovanie pohybliv\u00fdch \u010dast\u00ed. Implement\u00e1cia prevent\u00edvnych opatren\u00ed, ako je pravideln\u00e1 \u00fadr\u017eba a kontroly, pom\u00f4\u017ee zmierni\u0165 potenci\u00e1lne probl\u00e9my sk\u00f4r, ako sa zhor\u0161ia.<\/p>\n<p><img decoding=\"async\" src=\"https:\/\/www.hydraulic-cylinders.net\/wp-content\/uploads\/2025\/04\/songte-bushings-with-all-kinds-of-excavator-models.webp\" alt=\"Be\u017en\u00e9 probl\u00e9my s hydraulick\u00fdm valcom\"><\/p>\n<h2>O na\u0161ej spolo\u010dnosti<\/h2>\n<p>Sme popredn\u00fdm v\u00fdrobcom n\u00e1hradn\u00fdch hydraulick\u00fdch valcov, zn\u00e1mym pre n\u00e1\u0161 rozsiahly sortiment produktov. N\u00e1\u0161 z\u00e1v\u00e4zok k dokonalosti n\u00e1s zaradil medzi popredn\u00fdch v\u00fdrobcov a ve\u013ekoobchodn\u00edkov na dom\u00e1com aj medzin\u00e1rodnom trhu. Dodr\u017eiavame najvy\u0161\u0161ie \u0161tandardy kvality a spoliehame sa na prepracovan\u00e9 v\u00fdrobn\u00e9 procesy, najmodernej\u0161ie vybavenie a kvalifikovan\u00fa pracovn\u00fa silu, aby sme dod\u00e1vali vynikaj\u00face produkty.<\/p>\n<p>Na\u0161e zameranie na inov\u00e1cie a kontrolu kvality zabezpe\u010duje, \u017ee sp\u013a\u0148ame rozmanit\u00e9 potreby na\u0161ich klientov. V\u010faka medzin\u00e1rodn\u00fdm certifik\u00e1ci\u00e1m a z\u00e1v\u00e4zku k spokojnosti z\u00e1kazn\u00edkov poskytujeme prisp\u00f4sobite\u013en\u00e9 rie\u0161enia, ktor\u00e9 zodpovedaj\u00fa \u0161pecifick\u00fdm prev\u00e1dzkov\u00fdm po\u017eiadavk\u00e1m. Na\u0161e komplexn\u00e9 popredajn\u00e9 slu\u017eby \u010falej posil\u0148uj\u00fa na\u0161e odhodlanie pre kvalitu a spo\u013eahlivos\u0165.<\/p>\n<p><img decoding=\"async\" src=\"https:\/\/www.hydraulic-cylinders.net\/wp-content\/uploads\/2025\/04\/songte-company-4.webp\" alt=\"Zabezpe\u010denie kvality spolo\u010dnosti\"><br \/>\n<img decoding=\"async\" src=\"https:\/\/www.hydraulic-cylinders.net\/wp-content\/uploads\/2025\/04\/songte-company-3.webp\" alt=\"V\u00fdrobn\u00e9 zariadenie spolo\u010dnosti\"><\/p>\n<p>Autor: lyl<\/p>","protected":false},"excerpt":{"rendered":"<p>Boom Cylinder For Wacker E8003 Product Overview The Boom Cylinder for Wacker E8003 is a specialized hydraulic cylinder designed for controlling the movement of heavy machinery buckets, such as those found in excavators, backhoe loaders, and front-end loaders. These cylinders are essential in facilitating the lifting, lowering, and tilting of buckets, streamlining material handling tasks [&hellip;]<\/p>","protected":false},"featured_media":17878,"comment_status":"open","ping_status":"closed","template":"","meta":{"_et_pb_use_builder":"","_et_pb_old_content":"","_et_gb_content_width":""},"product_brand":[],"product_cat":[1546],"product_tag":[1547,1496],"class_list":{"0":"post-19630","1":"product","2":"type-product","3":"status-publish","4":"has-post-thumbnail","6":"product_cat-boom-cylinders","7":"product_tag-boom-cylinders","8":"product_tag-hydraulic-cylinders","10":"first","11":"instock","12":"shipping-taxable","13":"product-type-simple"},"amp_enabled":true,"_links":{"self":[{"href":"https:\/\/www.hydraulic-cylinders.net\/sk\/wp-json\/wp\/v2\/product\/19630","targetHints":{"allow":["GET"]}}],"collection":[{"href":"https:\/\/www.hydraulic-cylinders.net\/sk\/wp-json\/wp\/v2\/product"}],"about":[{"href":"https:\/\/www.hydraulic-cylinders.net\/sk\/wp-json\/wp\/v2\/types\/product"}],"replies":[{"embeddable":true,"href":"https:\/\/www.hydraulic-cylinders.net\/sk\/wp-json\/wp\/v2\/comments?post=19630"}],"wp:featuredmedia":[{"embeddable":true,"href":"https:\/\/www.hydraulic-cylinders.net\/sk\/wp-json\/wp\/v2\/media\/17878"}],"wp:attachment":[{"href":"https:\/\/www.hydraulic-cylinders.net\/sk\/wp-json\/wp\/v2\/media?parent=19630"}],"wp:term":[{"taxonomy":"product_brand","embeddable":true,"href":"https:\/\/www.hydraulic-cylinders.net\/sk\/wp-json\/wp\/v2\/product_brand?post=19630"},{"taxonomy":"product_cat","embeddable":true,"href":"https:\/\/www.hydraulic-cylinders.net\/sk\/wp-json\/wp\/v2\/product_cat?post=19630"},{"taxonomy":"product_tag","embeddable":true,"href":"https:\/\/www.hydraulic-cylinders.net\/sk\/wp-json\/wp\/v2\/product_tag?post=19630"}],"curies":[{"name":"pracovn\u00fd list","href":"https:\/\/api.w.org\/{rel}","templated":true}]}}