{"id":19633,"date":"2025-04-07T06:58:34","date_gmt":"2025-04-07T06:58:34","guid":{"rendered":"https:\/\/www.hydraulic-cylinders.net\/product\/boom-cylinder-for-aotai-at80e-9\/"},"modified":"2025-04-07T06:58:37","modified_gmt":"2025-04-07T06:58:37","slug":"boom-cylinder-for-aotai-at80e-9","status":"publish","type":"product","link":"https:\/\/www.hydraulic-cylinders.net\/sk\/produkt\/boom-cylinder-for-aotai-at80e-9\/","title":{"rendered":"Valec v\u00fdlo\u017en\u00edka pre Aotai AT80E-9"},"content":{"rendered":"<h1>Valec v\u00fdlo\u017en\u00edka pre Aotai AT80E-9<\/h1>\n<h2>Preh\u013ead produktu<\/h2>\n<p>Hydraulick\u00fd valec v\u00fdlo\u017en\u00edka pre Aotai AT80E-9 je k\u013e\u00fa\u010dov\u00fd komponent navrhnut\u00fd \u0161peci\u00e1lne pre \u0165a\u017ek\u00e9 stroje. Tento hydraulick\u00fd valec ovl\u00e1da pohyb v\u00fdlo\u017en\u00edka a umo\u017e\u0148uje efekt\u00edvne zdv\u00edhanie, sp\u00fa\u0161\u0165anie a nakl\u00e1\u0148anie ly\u017eice. Tieto valce s\u00fa nevyhnutn\u00e9 pre efekt\u00edvne vykon\u00e1vanie \u00faloh manipul\u00e1cie s materi\u00e1lom v r\u00f4znych aplik\u00e1ci\u00e1ch, najm\u00e4 v stavebn\u00edctve a v\u00fdkopov\u00fdch pr\u00e1cach.<\/p>\n<p><img decoding=\"async\" src=\"https:\/\/www.hydraulic-cylinders.net\/wp-content\/uploads\/2025\/04\/songte-company-1.webp\" alt=\"Obr\u00e1zok valca v\u00fdlo\u017en\u00edka\"><\/p>\n<h3>Defin\u00edcia a funkcia<\/h3>\n<p>Hydraulick\u00fd valec ly\u017eice je typ hydraulick\u00e9ho valca \u0161peci\u00e1lne navrhnut\u00e9ho na riadenie pohybu ly\u017e\u00edc v \u0165a\u017ek\u00fdch strojoch, ako s\u00fa bagre, r\u00fdpadlo-naklada\u010de a \u010deln\u00e9 naklada\u010de. Jeho hlavnou funkciou je u\u013eah\u010di\u0165 zdv\u00edhanie, sp\u00fa\u0161\u0165anie a nakl\u00e1\u0148anie ly\u017eice, \u010do je nevyhnutn\u00e9 pre efekt\u00edvnu manipul\u00e1ciu s materi\u00e1lom. Tieto valce vyu\u017e\u00edvaj\u00fa hydraulick\u00fa kvapalinu na generovanie sily a pohybu, v\u010faka \u010domu s\u00fa v hydraulick\u00fdch syst\u00e9moch nevyhnutn\u00e9. Valec ly\u017eice premie\u0148a hydraulick\u00fa energiu na mechanick\u00fa energiu, \u010do umo\u017e\u0148uje presn\u00e9 ovl\u00e1danie pohybov ly\u017eice, \u010d\u00edm sa zvy\u0161uje produktivita a efektivita na pracovisk\u00e1ch.<\/p>\n<h2>Vlastnosti valca v\u00fdlo\u017en\u00edka<\/h2>\n<ul>\n<li><strong>Vysok\u00e1 pevnos\u0165 a odolnos\u0165:<\/strong> Tieto valce, vyroben\u00e9 z vysokopevnostnej ocele alebo hlin\u00edka, s\u00fa navrhnut\u00e9 tak, aby odolali vysok\u00e9mu tlaku a \u0165a\u017ek\u00e9mu za\u0165a\u017eeniu a z\u00e1rove\u0148 sa prisp\u00f4sobili n\u00e1ro\u010dn\u00fdm pracovn\u00fdm podmienkam. Ich kon\u0161trukcia zah\u0155\u0148a odolnos\u0165 vo\u010di opotrebovaniu a kor\u00f3zii, \u010do v\u00fdrazne predl\u017euje ich \u017eivotnos\u0165.<\/li>\n<li><strong>Efekt\u00edvna hydraulick\u00e1 prev\u00e1dzka:<\/strong> Valec efekt\u00edvne pracuje s vyu\u017eit\u00edm tlaku hydraulick\u00e9ho oleja, \u010do zabezpe\u010duje plynul\u00e9 vys\u00favanie a zas\u00favanie. R\u00fdchlo reaguje na ovl\u00e1dacie povely a poskytuje siln\u00fa tla\u010dn\u00fa a \u0165a\u017en\u00fa silu, v\u010faka \u010domu je vhodn\u00fd na manipul\u00e1ciu s \u0165a\u017ek\u00fdmi a zlo\u017eit\u00fdmi \u00falohami.<\/li>\n<li><strong>R\u00f4zne typy:<\/strong> Valec v\u00fdlo\u017en\u00edka sa dod\u00e1va v r\u00f4znych typoch, vr\u00e1tane jedno\u010dinn\u00fdch (vyu\u017e\u00edvaj\u00facich hydraulick\u00fa silu v jednom smere) a dvoj\u010dinn\u00fdch (vyu\u017e\u00edvaj\u00facich hydraulick\u00fa silu v oboch smeroch). Niektor\u00e9 verzie s\u00fa teleskopick\u00e9, \u010do umo\u017e\u0148uje v\u00e4\u010d\u0161ie vysunutie bez zv\u00e4\u010d\u0161enia vonkaj\u0161\u00edch rozmerov, v\u010faka \u010domu s\u00fa ide\u00e1lne pre kompaktn\u00e9 aplik\u00e1cie.<\/li>\n<li><strong>Jednoduch\u00e1 in\u0161tal\u00e1cia:<\/strong> Tieto valce s\u00fa navrhnut\u00e9 pre jednoduch\u00fa in\u0161tal\u00e1ciu, \u010do zais\u0165uje kompatibilitu s r\u00f4znymi modelmi \u0165a\u017ek\u00fdch strojov, v\u010faka \u010domu je v\u00fdmena a \u00fadr\u017eba bezprobl\u00e9mov\u00e1.<\/li>\n<li><strong>N\u00e1kladov\u00e1 efekt\u00edvnos\u0165:<\/strong> V\u00fdberom na\u0161ich valcov ramena m\u00f4\u017eu z\u00e1kazn\u00edci dosiahnu\u0165 zna\u010dn\u00e9 \u00faspory, pokia\u013e ide o opravy a v\u00fdmeny bez toho, aby obetovali v\u00fdkon alebo kvalitu.<\/li>\n<\/ul>\n<p>Vyr\u00e1bame tieto valce v\u00fdlo\u017en\u00edka, ktor\u00e9 poskytuj\u00fa perfektn\u00fa n\u00e1hradu za existuj\u00face hydraulick\u00e9 valce na trhu.<\/p>\n<p><img decoding=\"async\" src=\"https:\/\/www.hydraulic-cylinders.net\/wp-content\/uploads\/2025\/04\/songte-cylinder-head-with-all-kinds-excavator-models.webp\" alt=\"Modely bagrov\"><\/p>\n<h2>Aplik\u00e1cie valca v\u00fdlo\u017en\u00edka<\/h2>\n<h3>Stavebn\u00e9 stroje<\/h3>\n<p>V stavebn\u00fdch strojoch hr\u00e1 valec v\u00fdlo\u017en\u00edka v r\u00fdpadl\u00e1ch d\u00f4le\u017eit\u00fa \u00falohu pri kopan\u00ed, nakladan\u00ed a premiest\u0148ovan\u00ed zeminy alebo sutiny. Efekt\u00edvne riadi zdv\u00edhanie a sp\u00fa\u0161\u0165anie v\u00fdlo\u017en\u00edka, \u010do umo\u017e\u0148uje presn\u00e9 v\u00fdkopov\u00e9 \u010dinnosti. Schopnos\u0165 hydraulick\u00e9ho valca zdv\u00edha\u0165 \u0165a\u017ek\u00e9 bremen\u00e1 ho rob\u00ed nevyhnutn\u00fdm pre stavebn\u00e9 \u00falohy, kde s\u00fa efektivita a r\u00fdchlos\u0165 k\u013e\u00fa\u010dov\u00e9 pre \u010dasov\u00fd harmonogram projektu.<\/p>\n<h3>Po\u013enohospod\u00e1rske stroje<\/h3>\n<p>V po\u013enohospod\u00e1rstve sa valec v\u00fdlo\u017en\u00edka pou\u017e\u00edva v \u010deln\u00fdch naklada\u010doch na naberanie, zdv\u00edhanie a prepravu p\u00f4dy, sena a in\u00fdch materi\u00e1lov. Hydraulick\u00fd v\u00fdkon umo\u017e\u0148uje r\u00fdchlu a efekt\u00edvnu manipul\u00e1ciu s \u0165a\u017ek\u00fdmi bremenami, \u010do je nevyhnutn\u00e9 v po\u013enohospod\u00e1rskych oper\u00e1ci\u00e1ch, kde \u010das a efekt\u00edvnos\u0165 priamo ovplyv\u0148uj\u00fa produktivitu a v\u00fdnos.<\/p>\n<h3>R\u00fdpadl\u00e1<\/h3>\n<p>V r\u00fdpadl\u00e1ch u\u013eah\u010duje valec v\u00fdlo\u017en\u00edka kopanie t\u00fdm, \u017ee umo\u017e\u0148uje ly\u017eici efekt\u00edvne prenikn\u00fa\u0165 do p\u00f4dy. T\u00e1to schopnos\u0165 je k\u013e\u00fa\u010dov\u00e1 pre r\u00f4zne aplik\u00e1cie vr\u00e1tane h\u013abenia v\u00fdkopov a pr\u00edpravy staveniska, kde je presnos\u0165 potrebn\u00e1 na dosiahnutie po\u017eadovan\u00fdch v\u00fdsledkov bez po\u0161kodenia okolit\u00fdch oblast\u00ed.<\/p>\n<h3>Naklada\u010de<\/h3>\n<p>V \u010deln\u00fdch naklada\u010doch pom\u00e1haj\u00fa valce v\u00fdlo\u017en\u00edka pri efekt\u00edvnom zdv\u00edhan\u00ed a vykladan\u00ed materi\u00e1lov. Hydraulick\u00e9 valce poskytuj\u00fa potrebn\u00fa silu na zdv\u00edhanie \u0165a\u017ek\u00fdch bremien, \u010d\u00edm zabezpe\u010duj\u00fa presn\u00fa prepravu a umiestnenie materi\u00e1lov, \u010do je nevyhnutn\u00e9 v stavebn\u00edctve aj pri manipul\u00e1cii s materi\u00e1lom.<\/p>\n<h2>\u00davahy o dizajne a krit\u00e9ri\u00e1 v\u00fdberu<\/h2>\n<h3>Nosnos\u0165<\/h3>\n<p>Nosnos\u0165 valca v\u00fdlo\u017en\u00edka je kritick\u00fdm kon\u0161truk\u010dn\u00fdm faktorom. Mus\u00ed by\u0165 schopn\u00fd zvl\u00e1dnu\u0165 maxim\u00e1lnu hmotnos\u0165 bremien, s ktor\u00fdmi sa stret\u00e1vame v r\u00f4znych aplik\u00e1ci\u00e1ch. V\u00fdber valca s vhodnou nosnos\u0165ou zais\u0165uje bezpe\u010dnos\u0165 a \u00fa\u010dinnos\u0165 po\u010das prev\u00e1dzky. Poddimenzovan\u00fd valec m\u00f4\u017ee vies\u0165 k poruche alebo po\u0161kodeniu, zatia\u013e \u010do naddimenzovan\u00fd valec m\u00f4\u017ee zbyto\u010dne zv\u00fd\u0161i\u0165 n\u00e1klady.<\/p>\n<h3>Integrita tesnenia<\/h3>\n<p>\u00da\u010dinn\u00e9 tesnenie je v hydraulick\u00fdch valcoch prvorad\u00e9, aby sa zabr\u00e1nilo \u00faniku kvapaliny, \u010do m\u00f4\u017ee vies\u0165 k probl\u00e9mom s v\u00fdkonom a zv\u00fd\u0161en\u00fdm n\u00e1kladom na \u00fadr\u017ebu. Vysokokvalitn\u00e9 tesnenia vyroben\u00e9 z odoln\u00fdch materi\u00e1lov, ako je polyuret\u00e1n a nitrilov\u00e1 guma, s\u00fa nevyhnutn\u00e9 na zabezpe\u010denie dlhej \u017eivotnosti a spo\u013eahlivosti. Kon\u0161trukcia by mala umo\u017e\u0148ova\u0165 jednoduch\u00fa v\u00fdmenu tesnenia, aby sa u\u013eah\u010dila \u00fadr\u017eba.<\/p>\n<h3>Trvanlivos\u0165<\/h3>\n<p>Trvanlivos\u0165 je v\u00fdznamn\u00fdm faktorom pre hydraulick\u00e9 valce prev\u00e1dzkovan\u00e9 v n\u00e1ro\u010dn\u00fdch podmienkach. Materi\u00e1ly pou\u017eit\u00e9 pri v\u00fdrobe by mali by\u0165 odoln\u00e9 vo\u010di opotrebovaniu a kor\u00f3zii. Povrchov\u00e9 \u00fapravy a \u00fapravy aplikovan\u00e9 na telo valca m\u00f4\u017eu zv\u00fd\u0161i\u0165 odolnos\u0165, pred\u013a\u017ei\u0165 \u017eivotnos\u0165 produktu a zn\u00ed\u017ei\u0165 frekvenciu v\u00fdmen.<\/p>\n<h3>Bezpe\u010dnostn\u00e9 prvky<\/h3>\n<p>Bezpe\u010dnos\u0165 je pri kon\u0161trukcii hydraulick\u00fdch valcov prvorad\u00fdm krit\u00e9riom. Za\u010dlenenie prvkov, ako s\u00fa pretlakov\u00e9 ventily a blokovacie mechanizmy, m\u00f4\u017ee zv\u00fd\u0161i\u0165 bezpe\u010dnos\u0165 po\u010das prev\u00e1dzky. Tieto prvky zabra\u0148uj\u00fa nehod\u00e1m sp\u00f4soben\u00fdm neo\u010dak\u00e1van\u00fdmi tlakov\u00fdmi skokmi alebo poruchou valca, \u010d\u00edm zais\u0165uj\u00fa bezpe\u010dnos\u0165 obsluhy a strojov.<\/p>\n<h3>Pr\u00edstupnos\u0165 \u00fadr\u017eby<\/h3>\n<p>Navrhovanie hydraulick\u00fdch valcov pre jednoduch\u00fd pr\u00edstup pri \u00fadr\u017ebe je k\u013e\u00fa\u010dov\u00e9. \u00dalohy \u00fadr\u017eby, ako je mazanie a v\u00fdmena tesnen\u00ed, by mali by\u0165 jednoduch\u00e9, aby sa minimalizovali prestoje. Dobre navrhnut\u00fd valec m\u00f4\u017ee v\u00fdrazne zn\u00ed\u017ei\u0165 n\u00e1klady na \u00fadr\u017ebu a zlep\u0161i\u0165 prev\u00e1dzkov\u00fa efektivitu.<\/p>\n<p><img decoding=\"async\" src=\"https:\/\/www.hydraulic-cylinders.net\/wp-content\/uploads\/2025\/04\/songte-oil-pipes-and-spare-parts.webp\" alt=\"Olejov\u00e9 potrubia a n\u00e1hradn\u00e9 diely\"><\/p>\n<h2>Tesnenie a mazanie<\/h2>\n<p>\u00da\u010dinn\u00e9 tesnenie a mazanie s\u00fa k\u013e\u00fa\u010dov\u00e9 pre udr\u017eanie v\u00fdkonu hydraulick\u00fdch valcov. R\u00f4zne tesnenia, vr\u00e1tane tesnen\u00ed piestov a tesnen\u00ed ty\u010d\u00ed, s\u00fa nevyhnutn\u00e9 na zabr\u00e1nenie \u00faniku hydraulickej kvapaliny. V\u00fdber tesniacich materi\u00e1lov, ako je polyuret\u00e1n alebo nitrilov\u00e1 guma, zais\u0165uje odolnos\u0165 vo\u010di opotrebovaniu a podmienkam prostredia.<\/p>\n<p>Okrem toho, teleso valca a z\u00e1vitov\u00e9 konce prech\u00e1dzaj\u00fa presn\u00fdm obr\u00e1ban\u00edm, aby sa zv\u00fd\u0161ila odolnos\u0165 a v\u00fdkon. Pravideln\u00e9 mazanie vhodn\u00fdm hydraulick\u00fdm olejom je nevyhnutn\u00e9 na minimaliz\u00e1ciu trenia a opotrebenia pohybliv\u00fdch komponentov. Tento krok \u00fadr\u017eby pom\u00e1ha zabezpe\u010di\u0165 plynul\u00fd chod a predl\u017euje \u017eivotnos\u0165 hydraulick\u00e9ho valca.<\/p>\n<h2>Pravideln\u00e1 \u00fadr\u017eba a prevent\u00edvne opatrenia<\/h2>\n<ul>\n<li><strong>In\u0161pekcie:<\/strong> Pravideln\u00e9 kontroly by sa mali vykon\u00e1va\u0165 na zistenie opotrebenia alebo potenci\u00e1lnych probl\u00e9mov sk\u00f4r, ako sa zhor\u0161ia. Tento proakt\u00edvny pr\u00edstup m\u00f4\u017ee zabr\u00e1ni\u0165 n\u00e1kladn\u00fdm oprav\u00e1m a prestojom.<\/li>\n<li><strong>Mazanie:<\/strong> Zabezpe\u010denie dostato\u010dn\u00e9ho mazania hydraulick\u00fdch valcov je nevyhnutn\u00e9 pre hladk\u00fd chod. Pravideln\u00e1 kontrola a dop\u013a\u0148anie hydraulick\u00e9ho oleja m\u00f4\u017ee zabr\u00e1ni\u0165 nadmern\u00e9mu opotrebovaniu a pred\u013a\u017ei\u0165 \u017eivotnos\u0165 valca.<\/li>\n<li><strong>V\u00fdmena tesnenia:<\/strong> Tesnenia sa \u010dasom m\u00f4\u017eu opotrebova\u0165, \u010do vedie k netesnostiam. Pravideln\u00e9 monitorovanie a v\u010dasn\u00e1 v\u00fdmena opotrebovan\u00fdch tesnen\u00ed s\u00fa k\u013e\u00fa\u010dov\u00e9 pre udr\u017eanie v\u00fdkonu a prevenciu \u00faniku hydraulickej kvapaliny.<\/li>\n<\/ul>\n<h2>Pokyny na in\u0161tal\u00e1ciu<\/h2>\n<p>Spr\u00e1vna in\u0161tal\u00e1cia valca ramena je nevyhnutn\u00e1 pre optim\u00e1lny v\u00fdkon. Za\u010dnite t\u00fdm, \u017ee sa uist\u00edte, \u017ee v\u0161etky komponenty s\u00fa \u010dist\u00e9 a bez ne\u010dist\u00f4t. Valec presne zarovnajte s mont\u00e1\u017enymi konzolami, aby ste predi\u0161li nadmern\u00e9mu nam\u00e1haniu valca. Pou\u017eitie vhodn\u00fdch mont\u00e1\u017enych konzol je k\u013e\u00fa\u010dov\u00e9 pre upevnenie valca na mieste.<\/p>\n<p>Po zarovnan\u00ed dotiahnite v\u0161etky skrutky pod\u013ea \u0161pecifik\u00e1ci\u00ed v\u00fdrobcu, aby ste zabezpe\u010dili bezpe\u010dn\u00e9 ulo\u017eenie. Dvakr\u00e1t skontrolujte, \u010di s\u00fa hydraulick\u00e9 pripojenia pevn\u00e9 a bez \u00fanikov. Po in\u0161tal\u00e1cii postupne testujte \u010dinnos\u0165 valca a skontrolujte, \u010di nevyd\u00e1va nezvy\u010dajn\u00e9 zvuky alebo \u00faniky. Spr\u00e1vne zarovnanie a bezpe\u010dn\u00e1 in\u0161tal\u00e1cia m\u00f4\u017eu v\u00fdrazne zn\u00ed\u017ei\u0165 probl\u00e9my po\u010das prev\u00e1dzky.<\/p>\n<h2>Be\u017en\u00e9 \u00falohy \u00fadr\u017eby<\/h2>\n<h3>Pravideln\u00e9 kontroly<\/h3>\n<p>Pravideln\u00e9 kontroly hydraulick\u00fdch valcov s\u00fa k\u013e\u00fa\u010dov\u00e9 pre v\u010dasn\u00fa identifik\u00e1ciu potenci\u00e1lnych probl\u00e9mov. Skontrolujte valce, \u010di nejavia zn\u00e1mky opotrebovania, netesnost\u00ed alebo po\u0161kodenia. Tento proakt\u00edvny pr\u00edstup m\u00f4\u017ee pred\u00eds\u0165 neo\u010dak\u00e1van\u00fdm poruch\u00e1m a zv\u00fd\u0161i\u0165 spo\u013eahlivos\u0165 hydraulick\u00fdch syst\u00e9mov.<\/p>\n<h3>Spr\u00e1vne mazanie<\/h3>\n<p>Udr\u017eiavanie spr\u00e1vnej hladiny mazania je nevyhnutn\u00e9 na prevenciu opotrebenia a zabezpe\u010denie hladk\u00e9ho chodu. Pravidelne kontrolujte hladinu hydraulick\u00e9ho oleja a v pr\u00edpade potreby ho dopl\u0148ujte. Pou\u017eitie spr\u00e1vneho typu hydraulick\u00e9ho oleja je k\u013e\u00fa\u010dov\u00e9 pre optim\u00e1lny v\u00fdkon a dlh\u00fa \u017eivotnos\u0165 valca.<\/p>\n<h3>V\u00fdmena tesnenia a kontroly kalibr\u00e1cie<\/h3>\n<p>Pravidelne kontrolujte opotrebovanie tesnen\u00ed a pod\u013ea potreby ich vymie\u0148ajte, aby ste predi\u0161li \u00fanikom. Kalibra\u010dn\u00e9 kontroly zabezpe\u010duj\u00fa, \u017ee valec pracuje v r\u00e1mci stanoven\u00fdch parametrov. Spr\u00e1vne funguj\u00face tesnenia a kalibrovan\u00e9 valce zvy\u0161uj\u00fa prev\u00e1dzkov\u00fa \u00fa\u010dinnos\u0165 a bezpe\u010dnos\u0165.<\/p>\n<p><img decoding=\"async\" src=\"https:\/\/www.hydraulic-cylinders.net\/wp-content\/uploads\/2025\/04\/songte-chushion-collar.webp\" alt=\"Vank\u00fa\u0161ov\u00fd golier\"><\/p>\n<h2>Bezpe\u010dnostn\u00e9 aspekty a faktory prostredia<\/h2>\n<p>Pri pou\u017e\u00edvan\u00ed hydraulick\u00fdch valcov s\u00fa bezpe\u010dnostn\u00e9 opatrenia prvorad\u00e9. Obsluha mus\u00ed by\u0165 vy\u0161kolen\u00e1 v rozpoznan\u00ed potenci\u00e1lnych nebezpe\u010denstiev spojen\u00fdch s hydraulick\u00fdm zariaden\u00edm. Pri obsluhe strojov vybaven\u00fdch hydraulick\u00fdmi valcami by sa mali pou\u017e\u00edva\u0165 ochrann\u00e9 pom\u00f4cky a dodr\u017eiava\u0165 bezpe\u010dnostn\u00e9 protokoly. Pri n\u00e1vrhu a \u00fadr\u017ebe hydraulick\u00fdch valcov by sa mali zoh\u013eadni\u0165 aj faktory prostredia, ako s\u00fa kol\u00edsanie teploty a vystavenie koroz\u00edvnym l\u00e1tkam, aby sa zabezpe\u010dila spo\u013eahlivos\u0165 a dlh\u00e1 \u017eivotnos\u0165.<\/p>\n<h2>Rie\u0161enie probl\u00e9mov a be\u017en\u00e9 probl\u00e9my<\/h2>\n<ul>\n<li><strong>Nereaguj\u00faci valec:<\/strong> Ak valec nereaguje na ovl\u00e1dacie prvky, skontrolujte hladinu hydraulickej kvapaliny a pr\u00edpadn\u00e9 netesnosti v syst\u00e9me. Uistite sa, \u017ee hydraulick\u00e9 \u010derpadlo funguje spr\u00e1vne.<\/li>\n<li><strong>\u00daniky tekut\u00edn:<\/strong> \u00daniky kvapaliny m\u00f4\u017eu nazna\u010dova\u0165 opotrebovan\u00e9 tesnenia alebo po\u0161koden\u00e9 komponenty valca. Skontrolujte tesnenia, \u010di nie s\u00fa opotrebovan\u00e9, a v pr\u00edpade potreby ich vyme\u0148te, aby ste predi\u0161li \u00faniku kvapaliny.<\/li>\n<li><strong>Nezvy\u010dajn\u00e9 zvuky:<\/strong> Nezvy\u010dajn\u00e9 zvuky po\u010das prev\u00e1dzky m\u00f4\u017eu nazna\u010dova\u0165 vn\u00fatorn\u00e9 po\u0161kodenie alebo nedostato\u010dn\u00e9 mazanie. Vykonajte d\u00f4kladn\u00e9 kontroly, aby ste identifikovali a odstr\u00e1nili pr\u00ed\u010dinu.<\/li>\n<\/ul>\n<p>Prij\u00edmanie prevent\u00edvnych opatren\u00ed, ako je pravideln\u00e1 \u00fadr\u017eba a kontroly, m\u00f4\u017ee pom\u00f4c\u0165 minimalizova\u0165 potenci\u00e1lne probl\u00e9my a zv\u00fd\u0161i\u0165 spo\u013eahlivos\u0165 hydraulick\u00fdch syst\u00e9mov.<\/p>\n<p><img decoding=\"async\" src=\"https:\/\/www.hydraulic-cylinders.net\/wp-content\/uploads\/2025\/04\/songte-bushings-with-all-kinds-of-excavator-models.webp\" alt=\"Puzdro s modelmi bagrov\"><\/p>\n<h2>Predstavenie spolo\u010dnosti<\/h2>\n<p>Sme popredn\u00fdm v\u00fdrobcom n\u00e1hradn\u00fdch hydraulick\u00fdch valcov a pon\u00fakame \u0161irok\u00fa \u0161k\u00e1lu produktov, ktor\u00e9 uspokoja dom\u00e1ci aj medzin\u00e1rodn\u00fd trh. N\u00e1\u0161 z\u00e1v\u00e4zok k vynikaj\u00facej kvalite je podporen\u00fd prepracovan\u00fdmi v\u00fdrobn\u00fdmi procesmi a robustnou strat\u00e9giou riadenia v\u00fdroby. Vyu\u017e\u00edvame pokro\u010dil\u00e9 technol\u00f3gie, kvalifikovan\u00fd person\u00e1l a inovat\u00edvne testovacie syst\u00e9my na neust\u00e1le zlep\u0161ovanie na\u0161ej v\u00fdrobnej platformy.<\/p>\n<p>Na\u0161e v\u00fdrobn\u00e9 kapacity n\u00e1m umo\u017e\u0148uj\u00fa efekt\u00edvne uspokojova\u0165 rozmanit\u00e9 potreby z\u00e1kazn\u00edkov s d\u00f4razom na vysok\u00fa \u00fa\u010dinnos\u0165, presnos\u0165 a kvalitu. V\u010faka medzin\u00e1rodn\u00fdm certifik\u00e1ci\u00e1m a slu\u017eb\u00e1m na mieru zabezpe\u010dujeme, aby na\u0161e produkty sp\u013a\u0148ali najvy\u0161\u0161ie \u0161tandardy v\u00fdkonu a spo\u013eahlivosti. N\u00e1\u0161 popredajn\u00fd servis je navrhnut\u00fd tak, aby poskytoval nepretr\u017eit\u00fa podporu a pomoc a zabezpe\u010doval spokojnos\u0165 z\u00e1kazn\u00edkov s na\u0161imi hydraulick\u00fdmi rie\u0161eniami.<\/p>\n<p><img decoding=\"async\" src=\"https:\/\/www.hydraulic-cylinders.net\/wp-content\/uploads\/2025\/04\/songte-company-4.webp\" alt=\"Obr\u00e1zok spolo\u010dnosti 4\"><br \/>\n<img decoding=\"async\" src=\"https:\/\/www.hydraulic-cylinders.net\/wp-content\/uploads\/2025\/04\/songte-company-3.webp\" alt=\"Obr\u00e1zok spolo\u010dnosti 3\"><\/p>\n<p>Autor: lyl<\/p>","protected":false},"excerpt":{"rendered":"<p>Boom Cylinder For Aotai AT80E-9 Product Overview The Boom Cylinder for Aotai AT80E-9 is a crucial component designed specifically for heavy machinery. This hydraulic cylinder controls the movement of the boom, enabling the lifting, lowering, and tilting of the bucket effectively. These cylinders are essential for performing material handling tasks efficiently in various applications, particularly [&hellip;]<\/p>","protected":false},"featured_media":17881,"comment_status":"open","ping_status":"closed","template":"","meta":{"_et_pb_use_builder":"","_et_pb_old_content":"","_et_gb_content_width":""},"product_brand":[],"product_cat":[1546],"product_tag":[1547,1496],"class_list":{"0":"post-19633","1":"product","2":"type-product","3":"status-publish","4":"has-post-thumbnail","6":"product_cat-boom-cylinders","7":"product_tag-boom-cylinders","8":"product_tag-hydraulic-cylinders","10":"first","11":"instock","12":"shipping-taxable","13":"product-type-simple"},"amp_enabled":true,"_links":{"self":[{"href":"https:\/\/www.hydraulic-cylinders.net\/sk\/wp-json\/wp\/v2\/product\/19633","targetHints":{"allow":["GET"]}}],"collection":[{"href":"https:\/\/www.hydraulic-cylinders.net\/sk\/wp-json\/wp\/v2\/product"}],"about":[{"href":"https:\/\/www.hydraulic-cylinders.net\/sk\/wp-json\/wp\/v2\/types\/product"}],"replies":[{"embeddable":true,"href":"https:\/\/www.hydraulic-cylinders.net\/sk\/wp-json\/wp\/v2\/comments?post=19633"}],"wp:featuredmedia":[{"embeddable":true,"href":"https:\/\/www.hydraulic-cylinders.net\/sk\/wp-json\/wp\/v2\/media\/17881"}],"wp:attachment":[{"href":"https:\/\/www.hydraulic-cylinders.net\/sk\/wp-json\/wp\/v2\/media?parent=19633"}],"wp:term":[{"taxonomy":"product_brand","embeddable":true,"href":"https:\/\/www.hydraulic-cylinders.net\/sk\/wp-json\/wp\/v2\/product_brand?post=19633"},{"taxonomy":"product_cat","embeddable":true,"href":"https:\/\/www.hydraulic-cylinders.net\/sk\/wp-json\/wp\/v2\/product_cat?post=19633"},{"taxonomy":"product_tag","embeddable":true,"href":"https:\/\/www.hydraulic-cylinders.net\/sk\/wp-json\/wp\/v2\/product_tag?post=19633"}],"curies":[{"name":"pracovn\u00fd list","href":"https:\/\/api.w.org\/{rel}","templated":true}]}}