{"id":19634,"date":"2025-04-07T06:58:37","date_gmt":"2025-04-07T06:58:37","guid":{"rendered":"https:\/\/www.hydraulic-cylinders.net\/product\/boom-cylinder-for-aotai-at60e-9\/"},"modified":"2025-04-07T06:58:39","modified_gmt":"2025-04-07T06:58:39","slug":"boom-cylinder-for-aotai-at60e-9","status":"publish","type":"product","link":"https:\/\/www.hydraulic-cylinders.net\/sk\/produkt\/boom-cylinder-for-aotai-at60e-9\/","title":{"rendered":"Valec v\u00fdlo\u017en\u00edka pre Aotai AT60E-9"},"content":{"rendered":"<h1>Valec v\u00fdlo\u017en\u00edka pre Aotai AT60E-9<\/h1>\n<h2>Preh\u013ead produktu<\/h2>\n<p>Hydraulick\u00fd valec v\u00fdlo\u017en\u00edka pre Aotai AT60E-9 je z\u00e1kladn\u00fd hydraulick\u00fd komponent ur\u010den\u00fd na ovl\u00e1danie pohybu v\u00fdlo\u017en\u00edka v r\u00f4znych \u0165a\u017ek\u00fdch strojoch, ako s\u00fa bagre a \u010deln\u00e9 naklada\u010de. Tento hydraulick\u00fd valec je \u0161peci\u00e1lne navrhnut\u00fd tak, aby umo\u017e\u0148oval zdv\u00edhanie, sp\u00fa\u0161\u0165anie a nakl\u00e1\u0148anie v\u00fdlo\u017en\u00edka, \u010do u\u013eah\u010duje efekt\u00edvnu manipul\u00e1ciu s materi\u00e1lom. Vyu\u017eit\u00edm sily hydraulickej kvapaliny tento valec zais\u0165uje plynul\u00fd a presn\u00fd pohyb, \u010do je k\u013e\u00fa\u010dov\u00e9 v stavebn\u00edctve a bansk\u00fdch prev\u00e1dzkach.<\/p>\n<p><img decoding=\"async\" src=\"https:\/\/www.hydraulic-cylinders.net\/wp-content\/uploads\/2025\/04\/songte-company-1.webp\" alt=\"Preh\u013ead valcov v\u00fdlo\u017en\u00edka\"><\/p>\n<h3>Defin\u00edcia a funkcia<\/h3>\n<p>A bucket cylinder, sometimes referred to as a boom cylinder, is a type of hydraulic cylinder utilized in heavy machinery. Its primary function is to control the articulation of the boom. In excavators, for instance, the bucket cylinder plays a vital role in digging and lifting operations. The hydraulic pressure facilitates the extension and retraction of the cylinder, allowing for effective control over the boom&#8217;s position. This functionality is vital for tasks such as excavating soil, lifting heavy loads, and precise positioning of the bucket for material transfer.<\/p>\n<h2>Vlastnosti valca v\u00fdlo\u017en\u00edka<\/h2>\n<ul>\n<li><strong>Vysok\u00e1 pevnos\u0165 a odolnos\u0165:<\/strong> Tento valec, vyroben\u00fd z vysokopevnostnej ocele alebo hlin\u00edka, je navrhnut\u00fd tak, aby odolal vysok\u00e9mu tlaku a \u0165a\u017ek\u00fdm za\u0165a\u017eeniam a z\u00e1rove\u0148 sa prisp\u00f4sobil n\u00e1ro\u010dn\u00fdm pracovn\u00fdm podmienkam.<\/li>\n<li><strong>Efekt\u00edvna hydraulick\u00e1 prev\u00e1dzka:<\/strong> V\u010faka hydraulick\u00e9mu tlaku oleja pon\u00faka valec plynul\u00e9 vys\u00favanie a zas\u00favanie, \u010do umo\u017e\u0148uje r\u00fdchlu odozvu na ovl\u00e1dacie povely a dosahuje siln\u00e9 tlakov\u00e9 a \u0165ahov\u00e9 sily.<\/li>\n<li><strong>R\u00f4zne typy:<\/strong> K dispoz\u00edcii v jedno\u010dinnej (prev\u00e1dzkovej v jednom smere) alebo dvoj\u010dinnej (prev\u00e1dzkovej v dvoch smeroch) konfigur\u00e1cii, \u010do umo\u017e\u0148uje prisp\u00f4soben\u00e9 hydraulick\u00e9 rie\u0161enia pre r\u00f4zne aplik\u00e1cie.<\/li>\n<li><strong>Priestorovo efekt\u00edvny dizajn:<\/strong> Niektor\u00e9 modely maj\u00fa teleskopick\u00fd dizajn pre dlh\u0161\u00ed dosah bez zv\u00e4\u010d\u0161enia vonkaj\u0161\u00edch rozmerov, \u010do je ide\u00e1lne do stiesnen\u00fdch priestorov.<\/li>\n<li><strong>Odolnos\u0165 proti kor\u00f3zii:<\/strong> Na zv\u00fd\u0161enie odolnosti vo\u010di opotrebovaniu a kor\u00f3zii sa pou\u017e\u00edvaj\u00fa \u0161peci\u00e1lne povrchov\u00e9 \u00fapravy a materi\u00e1ly, \u010d\u00edm sa zabezpe\u010duje dlh\u00e1 \u017eivotnos\u0165 a spo\u013eahlivos\u0165.<\/li>\n<\/ul>\n<p>Tento produkt vyr\u00e1bame s presnos\u0165ou a na\u0161e verzie sl\u00fa\u017eia ako perfektn\u00e1 n\u00e1hrada za existuj\u00face hydraulick\u00e9 valce v r\u00f4znych strojoch.<\/p>\n<p><img decoding=\"async\" src=\"https:\/\/www.hydraulic-cylinders.net\/wp-content\/uploads\/2025\/04\/songte-cylinder-head-with-all-kinds-excavator-models.webp\" alt=\"Mo\u017enosti v\u00fdmeny valca\"><\/p>\n<h2>Aplik\u00e1cie valca v\u00fdlo\u017en\u00edka<\/h2>\n<h3>Stavebn\u00e9 stroje<\/h3>\n<p>V r\u00fdpadl\u00e1ch je valec v\u00fdlo\u017en\u00edka k\u013e\u00fa\u010dov\u00fd pre kopanie, nakladanie a premiest\u0148ovanie zeminy alebo sutiny. Pom\u00e1ha pri man\u00e9vrovan\u00ed s ly\u017eicou, aby sa efekt\u00edvne vykon\u00e1vali r\u00f4zne \u00falohy. Hydraulick\u00e1 sila generovan\u00e1 valcom v\u00fdlo\u017en\u00edka umo\u017e\u0148uje presn\u00e9 ovl\u00e1danie, ktor\u00e9 umo\u017e\u0148uje obsluhe kopa\u0165 hlboko do zeme alebo zdv\u00edha\u0165 \u0165a\u017ek\u00e9 bremen\u00e1 s minim\u00e1lnym \u00fasil\u00edm. V r\u00fdpadlo-naklada\u010doch valec ly\u017eice nielen pom\u00e1ha pri v\u00fdkopov\u00fdch pr\u00e1cach, ale tie\u017e pom\u00e1ha pri zdv\u00edhan\u00ed a preprave materi\u00e1lov na r\u00f4zne miesta.<\/p>\n<h3>Po\u013enohospod\u00e1rske stroje<\/h3>\n<p>Hydraulick\u00fd valec v\u00fdlo\u017en\u00edka, ktor\u00fd sa pou\u017e\u00edva v \u010deln\u00fdch naklada\u010doch, u\u013eah\u010duje proces naberania, zdv\u00edhania a prepravy p\u00f4dy, sena a in\u00fdch materi\u00e1lov. T\u00e1to v\u0161estrannos\u0165 je nevyhnutn\u00e1 pre po\u013enohospod\u00e1rske \u00falohy, kde efekt\u00edvna manipul\u00e1cia s materi\u00e1lom m\u00f4\u017ee v\u00fdrazne zv\u00fd\u0161i\u0165 produktivitu. Schopnos\u0165 hydraulick\u00e9ho valca zdv\u00edha\u0165 a nakl\u00e1\u0148a\u0165 ly\u017eicu umo\u017e\u0148uje farm\u00e1rom efekt\u00edvnej\u0161ie riadi\u0165 svoje oper\u00e1cie, \u010d\u00edm sa zni\u017euje \u010das a n\u00e1klady na pracovn\u00fa silu.<\/p>\n<h3>V\u00fdkopov\u00e9 pr\u00e1ce<\/h3>\n<p>Valec v\u00fdlo\u017en\u00edka umo\u017e\u0148uje r\u00fdpadl\u00e1m prenika\u0165 do zeme, \u010do umo\u017e\u0148uje efekt\u00edvne kopanie. Optimalizuje proces kopania, \u010d\u00edm zvy\u0161uje r\u00fdchlos\u0165 a efektivitu, s akou je mo\u017en\u00e9 vykopa\u0165 materi\u00e1ly. Umo\u017enen\u00edm hlbok\u00e9ho pohybu ly\u017eice do p\u00f4dy zabezpe\u010duje d\u00f4kladn\u00e9 v\u00fdkopy, v\u010faka \u010domu je d\u00f4le\u017eitou s\u00fa\u010das\u0165ou stavebn\u00fdch a zemn\u00fdch projektov.<\/p>\n<h3>Naklada\u010de<\/h3>\n<p>V \u010deln\u00fdch naklada\u010doch hr\u00e1 valec v\u00fdlo\u017en\u00edka k\u013e\u00fa\u010dov\u00fa \u00falohu pri zdv\u00edhan\u00ed a vykladan\u00ed materi\u00e1lov. Umo\u017e\u0148uje obsluhe zdvihn\u00fa\u0165 ly\u017eicu do po\u017eadovanej v\u00fd\u0161ky pre efekt\u00edvne vykladanie, \u010d\u00edm optimalizuje procesy prepravy materi\u00e1lu. Hydraulick\u00e1 asistencia poskytovan\u00e1 valcom v\u00fdlo\u017en\u00edka umo\u017e\u0148uje r\u00fdchlej\u0161ie a efekt\u00edvnej\u0161ie nakladanie a vykladanie, \u010d\u00edm sa v\u00fdrazne zvy\u0161uje produktivita v r\u00f4znych priemyseln\u00fdch aplik\u00e1ci\u00e1ch.<\/p>\n<h2>\u00davahy o dizajne a krit\u00e9ri\u00e1 v\u00fdberu<\/h2>\n<h3>Nosnos\u0165<\/h3>\n<p>Nosnos\u0165 valca v\u00fdlo\u017en\u00edka je kritick\u00fdm kon\u0161truk\u010dn\u00fdm faktorom. Mus\u00ed odola\u0165 hmotnosti zdv\u00edhan\u00fdch bremien a sil\u00e1m vyv\u00edjan\u00fdm po\u010das prev\u00e1dzky. V\u00fdrobcovia zabezpe\u010duj\u00fa, aby pou\u017eit\u00e9 materi\u00e1ly a kon\u0161truk\u010dn\u00e9 met\u00f3dy zvl\u00e1dli \u0161pecifikovan\u00e9 za\u0165a\u017eenie bez ohrozenia bezpe\u010dnosti alebo v\u00fdkonu.<\/p>\n<h3>Tesniace mechanizmy<\/h3>\n<p>\u00da\u010dinn\u00e9 tesnenie je nevyhnutn\u00e9 pre u\u013eah\u010denie hydraulick\u00fdch oper\u00e1ci\u00ed a z\u00e1rove\u0148 pre zabr\u00e1nenie \u00fanikom. Na zabezpe\u010denie integrity hydraulick\u00e9ho syst\u00e9mu sa musia pou\u017ei\u0165 vysokokvalitn\u00e9 tesnenia, ako s\u00fa tesnenia piestov a ty\u010d\u00ed. V\u00fdber odoln\u00fdch materi\u00e1lov, ako je polyuret\u00e1n a nitrilov\u00e1 guma, zvy\u0161uje tesniace schopnosti a celkov\u00fa \u00fa\u010dinnos\u0165.<\/p>\n<h3>Trvanlivos\u0165<\/h3>\n<p>Pri kon\u0161trukcii hydraulick\u00e9ho valca je prvorad\u00e1 odolnos\u0165. Valec mus\u00ed by\u0165 odoln\u00fd vo\u010di opotrebovaniu z nepretr\u017eitej prev\u00e1dzky v n\u00e1ro\u010dn\u00fdch prostrediach. V\u00fdrobcovia \u010dasto pou\u017e\u00edvaj\u00fa pokro\u010dil\u00e9 materi\u00e1ly a povrchov\u00e9 \u00fapravy na zv\u00fd\u0161enie odolnosti proti kor\u00f3zii a pred\u013a\u017eenie \u017eivotnosti valca, \u010d\u00edm zabezpe\u010duj\u00fa spo\u013eahliv\u00fd v\u00fdkon v priebehu \u010dasu.<\/p>\n<h3>Bezpe\u010dnostn\u00e9 prvky<\/h3>\n<p>Bezpe\u010dnos\u0165 je pri navrhovan\u00ed hydraulick\u00fdch valcov najvy\u0161\u0161ou prioritou. Za\u010dlenenie prvkov, ako s\u00fa pretlakov\u00e9 ventily a mechanizmy ochrany proti pre\u0165a\u017eeniu, m\u00f4\u017ee pom\u00f4c\u0165 predch\u00e1dza\u0165 nehod\u00e1m a poruch\u00e1m zariaden\u00ed. Tieto bezpe\u010dnostn\u00e9 opatrenia s\u00fa nevyhnutn\u00e9 na ochranu zariadenia aj obsluhy po\u010das prev\u00e1dzky.<\/p>\n<h3>\u00davahy o \u00fadr\u017ebe a oprav\u00e1ch<\/h3>\n<p>Navrhovanie valca s oh\u013eadom na jednoduch\u00fa \u00fadr\u017ebu je k\u013e\u00fa\u010dov\u00e9. Pr\u00edstupn\u00e9 komponenty a \u0161tandardizovan\u00e9 diely u\u013eah\u010duj\u00fa v\u010dasn\u00e9 opravy a skracuj\u00fa prestoje. Pravideln\u00e9 postupy \u00fadr\u017eby vr\u00e1tane kontrol a v\u00fdmeny dielov by sa mali da\u0165 \u013eahko vykon\u00e1va\u0165, aby sa zabezpe\u010dil optim\u00e1lny v\u00fdkon.<\/p>\n<p><img decoding=\"async\" src=\"https:\/\/www.hydraulic-cylinders.net\/wp-content\/uploads\/2025\/04\/songte-oil-pipes-and-spare-parts.webp\" alt=\"\u00dadr\u017eba hydraulick\u00e9ho valca\"><\/p>\n<h2>Tesnenie a mazanie<\/h2>\n<p>Tesnenie a mazanie s\u00fa k\u013e\u00fa\u010dov\u00fdmi aspektmi udr\u017eiavania v\u00fdkonu hydraulick\u00fdch valcov. Na zabr\u00e1nenie \u00faniku a kontamin\u00e1cie hydraulickej kvapaliny sa musia pou\u017e\u00edva\u0165 r\u00f4zne tesnenia, ako s\u00fa tesnenia piestov a tesnenia ty\u010d\u00ed. Pou\u017eitie materi\u00e1lov odoln\u00fdch vo\u010di opotrebovaniu, ako je polyuret\u00e1n a nitrilov\u00fd kau\u010duk, zais\u0165uje dlh\u00fa \u017eivotnos\u0165 t\u00fdchto tesnen\u00ed. Teleso valca a z\u00e1vitov\u00e9 koncov\u00e9 povrchy s\u00fa jemne opracovan\u00e9, aby sa zv\u00fd\u0161ila odolnos\u0165 vo\u010di opotrebovaniu. Okrem toho je pravideln\u00e9 mazanie hydraulick\u00fdm olejom nevyhnutn\u00e9 na udr\u017eanie plynul\u00e9ho chodu a zabr\u00e1nenie nadmern\u00e9mu treniu, ktor\u00e9 m\u00f4\u017ee vies\u0165 k pred\u010dasn\u00e9mu opotrebovaniu a poruche.<\/p>\n<h2>Opatrenia prevent\u00edvnej \u00fadr\u017eby<\/h2>\n<ul>\n<li><strong>Pravideln\u00e9 kontroly:<\/strong> Vykon\u00e1vanie pravideln\u00fdch kontrol zn\u00e1mok opotrebovania, netesnost\u00ed a po\u0161kodenia je k\u013e\u00fa\u010dov\u00e9 pre identifik\u00e1ciu potenci\u00e1lnych probl\u00e9mov sk\u00f4r, ako sa zhor\u0161ia.<\/li>\n<li><strong>Vhodn\u00e9 mazanie:<\/strong> Zabezpe\u010denie spr\u00e1vnej hladiny a dobr\u00e9ho stavu hydraulickej kvapaliny pred\u013a\u017ei \u017eivotnos\u0165 valca a zlep\u0161\u00ed jeho v\u00fdkon.<\/li>\n<li><strong>V\u00fdmena tesnenia:<\/strong> Pravideln\u00e1 v\u00fdmena tesnen\u00ed m\u00f4\u017ee zabr\u00e1ni\u0165 \u00fanikom a udr\u017ea\u0165 \u00fa\u010dinnos\u0165 hydraulick\u00e9ho syst\u00e9mu.<\/li>\n<\/ul>\n<h2>Pokyny na in\u0161tal\u00e1ciu<\/h2>\n<p>Proper installation of the boom cylinder is essential for optimal performance. Begin by ensuring that the mounting brackets are securely attached and aligned with the cylinder. Use appropriate tools to tighten all connections, avoiding excessive force that could damage the cylinder. Ensure that hydraulic lines are properly connected and that there are no leaks. It is advisable to refer to the manufacturer&#8217;s installation manual for specific instructions tailored to the model being installed. After installation, test the cylinder&#8217;s operation at a low pressure before gradually increasing to the operational level to ensure everything functions smoothly.<\/p>\n<h2>Be\u017en\u00e9 \u00falohy \u00fadr\u017eby<\/h2>\n<ul>\n<li><strong>Pravideln\u00e9 kontroly:<\/strong> \u010cast\u00e9 kontroly pom\u00e1haj\u00fa identifikova\u0165 opotrebovanie a predch\u00e1dza\u0165 neo\u010dak\u00e1van\u00fdm poruch\u00e1m.<\/li>\n<li><strong>Vhodn\u00e9 mazanie:<\/strong> Zabezpe\u010denie dostato\u010dn\u00e9ho mazania valca m\u00f4\u017ee udr\u017ea\u0165 prev\u00e1dzkov\u00fa \u00fa\u010dinnos\u0165 a pred\u013a\u017ei\u0165 jeho \u017eivotnos\u0165.<\/li>\n<li><strong>V\u00fdmena tesnenia:<\/strong> Pravideln\u00e9 monitorovanie a v\u00fdmena tesnen\u00ed pod\u013ea potreby je nevyhnutn\u00e1 na zabr\u00e1nenie \u00fanikom a udr\u017eanie v\u00fdkonu.<\/li>\n<\/ul>\n<p>Spr\u00e1vna in\u0161tal\u00e1cia zabezpe\u010d\u00ed spr\u00e1vne zarovnanie valca a dostato\u010dn\u00e9 mazanie zabezpe\u010d\u00ed plynul\u00fd chod. Je nevyhnutn\u00e9 ma\u0165 spr\u00e1vne n\u00e1stroje na nastavenie a dodr\u017eiava\u0165 odpor\u00fa\u010dan\u00e9 postupy kontroly, opravy a v\u00fdmeny dielov, aby sa maximalizovala \u017eivotnos\u0165 hydraulick\u00e9ho valca.<\/p>\n<p><img decoding=\"async\" src=\"https:\/\/www.hydraulic-cylinders.net\/wp-content\/uploads\/2025\/04\/songte-chushion-collar.webp\" alt=\"In\u0161tal\u00e1cia valca\"><\/p>\n<h2>Bezpe\u010dnostn\u00e9 aspekty a faktory prostredia<\/h2>\n<p>Pri pou\u017e\u00edvan\u00ed hydraulick\u00fdch valcov je implement\u00e1cia bezpe\u010dnostn\u00fdch opatren\u00ed nevyhnutn\u00e1 na ochranu obsluhy a zariadenia. V\u017edy dodr\u017eiavajte hmotnostn\u00e9 limity a po\u010das prev\u00e1dzky sa vyh\u00fdbajte nadmernej sile. Pravideln\u00e9 \u0161kolenia o spr\u00e1vnom pou\u017e\u00edvan\u00ed strojov m\u00f4\u017eu zv\u00fd\u0161i\u0165 bezpe\u010dnos\u0165. Okrem toho s\u00fa environment\u00e1lne aspekty, ako je spr\u00e1vna likvid\u00e1cia kvapal\u00edn a minimaliz\u00e1cia \u00fanikov, nevyhnutn\u00e9 na dodr\u017eiavanie predpisov a zni\u017eovanie vplyvu na \u017eivotn\u00e9 prostredie.<\/p>\n<h2>Rie\u0161enie be\u017en\u00fdch probl\u00e9mov<\/h2>\n<ul>\n<li><strong>\u00danik:<\/strong> Ak unik\u00e1 hydraulick\u00e1 kvapalina, skontrolujte tesnenia a armat\u00fary, \u010di nie s\u00fa po\u0161koden\u00e9 alebo opotrebovan\u00e9.<\/li>\n<li><strong>Zn\u00ed\u017een\u00fd v\u00fdkon:<\/strong> Ak valec nereaguje dostato\u010dne, skontrolujte, \u010di s\u00fa hladiny kvapaliny dostato\u010dn\u00e9 a \u010di nie s\u00fa hydraulick\u00e9 potrubia upchat\u00e9.<\/li>\n<li><strong>Nezvy\u010dajn\u00e9 zvuky:<\/strong> \u0160krabkav\u00e9 alebo rin\u010dav\u00e9 zvuky m\u00f4\u017eu nazna\u010dova\u0165 vn\u00fatorn\u00e9 po\u0161kodenie; je potrebn\u00e1 okam\u017eit\u00e1 kontrola a oprava.<\/li>\n<\/ul>\n<h2>Tipy na rie\u0161enie probl\u00e9mov<\/h2>\n<p>Pre efekt\u00edvnu diagnostiku a rie\u0161enie probl\u00e9mov si vedte \u0161trukt\u00farovan\u00fd kontroln\u00fd zoznam pre kontroly. Pravideln\u00e1 \u00fadr\u017eba a spr\u00e1vne mazanie m\u00f4\u017eu pom\u00f4c\u0165 zn\u00ed\u017ei\u0165 pravdepodobnos\u0165 probl\u00e9mov. Potenci\u00e1lne probl\u00e9my m\u00f4\u017ee minimalizova\u0165 aj implement\u00e1cia prevent\u00edvnych opatren\u00ed, ako je \u0161kolenie obsluhy o spr\u00e1vnom pou\u017e\u00edvan\u00ed strojov.<\/p>\n<p><img decoding=\"async\" src=\"https:\/\/www.hydraulic-cylinders.net\/wp-content\/uploads\/2025\/04\/songte-bushings-with-all-kinds-of-excavator-models.webp\" alt=\"Rie\u0161enie probl\u00e9mov a \u00fadr\u017eba\"><\/p>\n<h2>O na\u0161ej spolo\u010dnosti<\/h2>\n<p>Sme popredn\u00fdm v\u00fdrobcom n\u00e1hradn\u00fdch hydraulick\u00fdch valcov a pon\u00fakame komplexn\u00fd sortiment produktov, ktor\u00e9 uspokoja r\u00f4zne potreby trhu. N\u00e1\u0161 z\u00e1v\u00e4zok k excelentnosti je poh\u00e1\u0148an\u00fd pokro\u010dil\u00fdmi v\u00fdrobn\u00fdmi strat\u00e9giami, vyu\u017e\u00edvan\u00edm kvalifikovan\u00fdch technikov, \u0161pi\u010dkov\u00fdch digit\u00e1lnych zariaden\u00ed a profesion\u00e1lnych testovac\u00edch syst\u00e9mov. Neust\u00e1le vylep\u0161ujeme na\u0161u v\u00fdrobn\u00fa platformu, aby sme zabezpe\u010dili vysok\u00fa efektivitu, presnos\u0165 a kvalitu a splnili tak rozmanit\u00e9 po\u017eiadavky z\u00e1kazn\u00edkov. Na\u0161e slu\u017eby zah\u0155\u0148aj\u00fa rie\u0161enia na mieru, medzin\u00e1rodn\u00e9 certifik\u00e1cie a komplexn\u00fa popredajn\u00fa podporu.<\/p>\n<p><img decoding=\"async\" src=\"https:\/\/www.hydraulic-cylinders.net\/wp-content\/uploads\/2025\/04\/songte-company-4.webp\" alt=\"Preh\u013ead spolo\u010dnosti\"><br \/>\n<img decoding=\"async\" src=\"https:\/\/www.hydraulic-cylinders.net\/wp-content\/uploads\/2025\/04\/songte-company-3.webp\" alt=\"V\u00fdrobn\u00e9 zariadenie\"><\/p>\n<p>Autor: lyl<\/p>","protected":false},"excerpt":{"rendered":"<p>Boom Cylinder For Aotai AT60E-9 Product Overview The Boom Cylinder for Aotai AT60E-9 is an essential hydraulic component designed to control the movement of the boom in various heavy machinery, such as excavators and front loaders. This hydraulic cylinder is specifically engineered to enable the boom to lift, lower, and tilt, facilitating efficient material handling [&hellip;]<\/p>","protected":false},"featured_media":17867,"comment_status":"open","ping_status":"closed","template":"","meta":{"_et_pb_use_builder":"","_et_pb_old_content":"","_et_gb_content_width":""},"product_brand":[],"product_cat":[1546],"product_tag":[1547,1496],"class_list":{"0":"post-19634","1":"product","2":"type-product","3":"status-publish","4":"has-post-thumbnail","6":"product_cat-boom-cylinders","7":"product_tag-boom-cylinders","8":"product_tag-hydraulic-cylinders","10":"first","11":"instock","12":"shipping-taxable","13":"product-type-simple"},"amp_enabled":true,"_links":{"self":[{"href":"https:\/\/www.hydraulic-cylinders.net\/sk\/wp-json\/wp\/v2\/product\/19634","targetHints":{"allow":["GET"]}}],"collection":[{"href":"https:\/\/www.hydraulic-cylinders.net\/sk\/wp-json\/wp\/v2\/product"}],"about":[{"href":"https:\/\/www.hydraulic-cylinders.net\/sk\/wp-json\/wp\/v2\/types\/product"}],"replies":[{"embeddable":true,"href":"https:\/\/www.hydraulic-cylinders.net\/sk\/wp-json\/wp\/v2\/comments?post=19634"}],"wp:featuredmedia":[{"embeddable":true,"href":"https:\/\/www.hydraulic-cylinders.net\/sk\/wp-json\/wp\/v2\/media\/17867"}],"wp:attachment":[{"href":"https:\/\/www.hydraulic-cylinders.net\/sk\/wp-json\/wp\/v2\/media?parent=19634"}],"wp:term":[{"taxonomy":"product_brand","embeddable":true,"href":"https:\/\/www.hydraulic-cylinders.net\/sk\/wp-json\/wp\/v2\/product_brand?post=19634"},{"taxonomy":"product_cat","embeddable":true,"href":"https:\/\/www.hydraulic-cylinders.net\/sk\/wp-json\/wp\/v2\/product_cat?post=19634"},{"taxonomy":"product_tag","embeddable":true,"href":"https:\/\/www.hydraulic-cylinders.net\/sk\/wp-json\/wp\/v2\/product_tag?post=19634"}],"curies":[{"name":"pracovn\u00fd list","href":"https:\/\/api.w.org\/{rel}","templated":true}]}}