{"id":19635,"date":"2025-04-07T06:58:40","date_gmt":"2025-04-07T06:58:40","guid":{"rendered":"https:\/\/www.hydraulic-cylinders.net\/product\/boom-cylinder-for-aotai-at150e-9\/"},"modified":"2025-04-07T06:58:51","modified_gmt":"2025-04-07T06:58:51","slug":"boom-cylinder-for-aotai-at150e-9","status":"publish","type":"product","link":"https:\/\/www.hydraulic-cylinders.net\/sk\/produkt\/boom-cylinder-for-aotai-at150e-9\/","title":{"rendered":"Valec v\u00fdlo\u017en\u00edka pre Aotai AT150E-9"},"content":{"rendered":"<h1>Valec v\u00fdlo\u017en\u00edka pre Aotai AT150E-9<\/h1>\n<h2>Preh\u013ead produktu<\/h2>\n<p>Hydraulick\u00fd valec v\u00fdlo\u017en\u00edka pre Aotai AT150E-9 je \u0161pecializovan\u00fd hydraulick\u00fd valec ur\u010den\u00fd na ovl\u00e1danie pohybu vedier v r\u00f4znych aplik\u00e1ci\u00e1ch \u0165a\u017ek\u00fdch strojov. Tento valec hr\u00e1 k\u013e\u00fa\u010dov\u00fa \u00falohu v hydraulick\u00fdch syst\u00e9moch, umo\u017e\u0148uje zdv\u00edhanie, sp\u00fa\u0161\u0165anie a nakl\u00e1\u0148anie vedier, \u010do u\u013eah\u010duje \u00falohy manipul\u00e1cie s materi\u00e1lom. Valce vedier s\u00fa z\u00e1kladn\u00fdmi komponentmi v r\u00fdpadl\u00e1ch, r\u00fdpadlo-naklada\u010doch a \u010deln\u00fdch naklada\u010doch, \u010do umo\u017e\u0148uje t\u00fdmto strojom efekt\u00edvne vykon\u00e1va\u0165 stavebn\u00e9, po\u013enohospod\u00e1rske a priemyseln\u00e9 \u00falohy.<\/p>\n<p><img decoding=\"async\" src=\"https:\/\/www.hydraulic-cylinders.net\/wp-content\/uploads\/2025\/04\/songte-company-1.webp\" alt=\"Valec v\u00fdlo\u017en\u00edka pre Aotai AT150E-9\" \/><\/p>\n<h3>Defin\u00edcia a preh\u013ead<\/h3>\n<p>Valce ly\u017e\u00edc, \u0161peci\u00e1lne navrhnut\u00e9 na ovl\u00e1danie pohybu ly\u017e\u00edc, vyu\u017e\u00edvaj\u00fa hydraulick\u00fd tlak na zabezpe\u010denie potrebnej sily pre r\u00f4zne oper\u00e1cie. Tieto valce s\u00fa neoddelite\u013enou s\u00fa\u010das\u0165ou funk\u010dnosti zariaden\u00ed a umo\u017e\u0148uj\u00fa presn\u00e9 pohyby potrebn\u00e9 pri n\u00e1ro\u010dn\u00fdch \u00faloh\u00e1ch. Premenou hydraulickej energie na mechanick\u00fa energiu umo\u017e\u0148uj\u00fa valce ly\u017e\u00edc obsluhe \u013eahko a presne manipulova\u0165 s polohou ly\u017eice.<\/p>\n<h2>Vlastnosti valca v\u00fdlo\u017en\u00edka<\/h2>\n<ul>\n<li><strong>Vysok\u00e1 pevnos\u0165 a odolnos\u0165:<\/strong> Vyroben\u00e9 z vysokopevnostnej ocele alebo hlin\u00edka, schopn\u00e9 odol\u00e1va\u0165 vysok\u00e9mu tlaku a \u0165a\u017ek\u00e9mu za\u0165a\u017eeniu, navrhnut\u00e9 tak, aby odolali n\u00e1ro\u010dn\u00fdm pracovn\u00fdm podmienkam so zv\u00fd\u0161enou odolnos\u0165ou proti opotrebovaniu a ochranou proti kor\u00f3zii.<\/li>\n<li><strong>Efekt\u00edvna hydraulick\u00e1 prev\u00e1dzka:<\/strong> Vyu\u017e\u00edva hydraulick\u00fd tlak pre plynul\u00e9 vys\u00favanie a zas\u00favanie, \u010d\u00edm poskytuje r\u00fdchlu odozvu na povely oper\u00e1tora a dosahuje siln\u00e9 tlakov\u00e9 a \u0165ahov\u00e9 sily vhodn\u00e9 pre \u0165a\u017ek\u00e9 a zlo\u017eit\u00e9 \u00falohy.<\/li>\n<li><strong>R\u00f4zne typy:<\/strong> K dispoz\u00edcii s\u00fa v jedno\u010dinnej (hydraulika v jednom smere) alebo dvoj\u010dinnej (hydraulika v oboch smeroch) konfigur\u00e1cii, ktor\u00e9 sp\u013a\u0148aj\u00fa r\u00f4zne prev\u00e1dzkov\u00e9 potreby. Niektor\u00e9 modely maj\u00fa teleskopick\u00fa kon\u0161trukciu pre dlh\u0161\u00ed dosah bez zv\u00e4\u010d\u0161enia vonkaj\u0161\u00edch rozmerov, ide\u00e1lne pre stiesnen\u00e9 priestory.<\/li>\n<li><strong>Prisp\u00f4sobite\u013en\u00e9 mo\u017enosti:<\/strong> Mo\u017eno prisp\u00f4sobi\u0165 \u0161pecifick\u00fdm po\u017eiadavk\u00e1m strojov, \u010d\u00edm sa zabezpe\u010d\u00ed kompatibilita a optim\u00e1lny v\u00fdkon v r\u00f4znych aplik\u00e1ci\u00e1ch.<\/li>\n<li><strong>Vylep\u0161en\u00e9 bezpe\u010dnostn\u00e9 funkcie:<\/strong> Obsahuje zabudovan\u00e9 bezpe\u010dnostn\u00e9 mechanizmy na predch\u00e1dzanie poruch\u00e1m a zabezpe\u010denie spo\u013eahlivej prev\u00e1dzky, \u010d\u00edm chr\u00e1ni zariadenie aj obsluhu.<\/li>\n<\/ul>\n<p>Tento produkt vieme vyrobi\u0165 a na\u0161e valce s\u00fa navrhnut\u00e9 tak, aby dokonale nahradili existuj\u00face hydraulick\u00e9 valce.<\/p>\n<p><img decoding=\"async\" src=\"https:\/\/www.hydraulic-cylinders.net\/wp-content\/uploads\/2025\/04\/songte-cylinder-head-with-all-kinds-excavator-models.webp\" alt=\"V\u00fdmena hydraulick\u00e9ho valca\" \/><\/p>\n<h2>Aplik\u00e1cie valca v\u00fdlo\u017en\u00edka<\/h2>\n<h3>Stavebn\u00e9 stroje<\/h3>\n<p>V oblasti stavebn\u00fdch strojov sa valce v\u00fdlo\u017en\u00edka nach\u00e1dzaj\u00fa v bagroch, kde zohr\u00e1vaj\u00fa d\u00f4le\u017eit\u00fa \u00falohu pri kopan\u00ed, nakladan\u00ed a preprave zeminy alebo sutiny. Hydraulick\u00fd \u00fa\u010dinok valca v\u00fdlo\u017en\u00edka umo\u017e\u0148uje presn\u00e9 ovl\u00e1danie polohy ly\u017eice, \u010do umo\u017e\u0148uje obsluhe vykon\u00e1va\u0165 zlo\u017eit\u00e9 man\u00e9vre potrebn\u00e9 pre v\u00fdkopov\u00e9 pr\u00e1ce. T\u00e1to funkcia je k\u013e\u00fa\u010dov\u00e1 v stavebn\u00fdch projektoch, kde efekt\u00edvnos\u0165 a presnos\u0165 priamo ovplyv\u0148uj\u00fa produktivitu a bezpe\u010dnos\u0165.<\/p>\n<h3>Po\u013enohospod\u00e1rske stroje<\/h3>\n<p>V po\u013enohospod\u00e1rskych strojoch, ako s\u00fa \u010deln\u00e9 naklada\u010de, sa valce v\u00fdlo\u017en\u00edka pou\u017e\u00edvaj\u00fa na naberanie, zdv\u00edhanie a prepravu p\u00f4dy, sena a in\u00fdch materi\u00e1lov. V\u010faka svojej schopnosti \u013eahko manipulova\u0165 s \u0165a\u017ek\u00fdmi bremenami s\u00fa nevyhnutn\u00e9 pre po\u013enohospod\u00e1rske oper\u00e1cie. Hydraulick\u00fd syst\u00e9m valcov v\u00fdlo\u017en\u00edka pom\u00e1ha optimalizova\u0165 pracovn\u00fd postup, zni\u017eova\u0165 manu\u00e1lnu pr\u00e1cu a zvy\u0161ova\u0165 celkov\u00fa efektivitu po\u013enohospod\u00e1rskych \u00faloh, \u010do je nevyhnutn\u00e9 pre modern\u00e9 po\u013enohospod\u00e1rske postupy.<\/p>\n<h3>R\u00fdpadl\u00e1<\/h3>\n<p>Hydraulick\u00fd valec v\u00fdlo\u017en\u00edka v r\u00fdpadl\u00e1ch u\u013eah\u010duje kopanie t\u00fdm, \u017ee umo\u017e\u0148uje ly\u017eici efekt\u00edvne prenika\u0165 do p\u00f4dy. T\u00e1to schopnos\u0165 je pre v\u00fdkopov\u00e9 pr\u00e1ce nevyhnutn\u00e1, preto\u017ee umo\u017e\u0148uje obsluhe presne dosiahnu\u0165 hlb\u0161ie vrstvy zeminy. Hydraulick\u00e1 sila generovan\u00e1 valcom v\u00fdlo\u017en\u00edka zais\u0165uje, \u017ee r\u00fdpadlo dok\u00e1\u017ee zvl\u00e1dnu\u0165 r\u00f4zne typy p\u00f4dy a ter\u00e9nne podmienky, \u010d\u00edm sa zvy\u0161uje jeho v\u0161estrannos\u0165 na r\u00f4znych pracovisk\u00e1ch.<\/p>\n<h3>Naklada\u010de<\/h3>\n<p>V \u010deln\u00fdch naklada\u010doch pom\u00e1haj\u00fa valce v\u00fdlo\u017en\u00edka efekt\u00edvne zdv\u00edha\u0165 a vyklada\u0165 bremen\u00e1. Hydraulick\u00fd syst\u00e9m umo\u017e\u0148uje plynul\u00fa prev\u00e1dzku a zabezpe\u010duje, \u017ee naklada\u010d dok\u00e1\u017ee manipulova\u0165 s \u0165a\u017ek\u00fdmi materi\u00e1lmi bez kompromisov v oblasti bezpe\u010dnosti alebo v\u00fdkonu. T\u00e1to aplik\u00e1cia je obzvl\u00e1\u0161\u0165 d\u00f4le\u017eit\u00e1 v stavebn\u00edctve a ter\u00e9nnych \u00faprav\u00e1ch, kde je v\u010dasn\u00e1 manipul\u00e1cia s materi\u00e1lom k\u013e\u00fa\u010dov\u00e1 pre \u00faspech projektu.<\/p>\n<h2>\u00davahy o dizajne a krit\u00e9ri\u00e1 v\u00fdberu<\/h2>\n<h3>Nosnos\u0165<\/h3>\n<p>Pri v\u00fdbere valca v\u00fdlo\u017en\u00edka je jedn\u00fdm z hlavn\u00fdch krit\u00e9ri\u00ed jeho nosnos\u0165. Mus\u00ed by\u0165 schopn\u00fd zvl\u00e1dnu\u0165 maxim\u00e1lne za\u0165a\u017eenie, ktor\u00e9mu bude zariadenie po\u010das prev\u00e1dzky vystaven\u00e9. Kon\u0161trukcia valca by mala odr\u00e1\u017ea\u0165 zam\u00fd\u0161\u013ean\u00e9 pou\u017eitie a mala by zabezpe\u010di\u0165, aby bezpe\u010dne uniesol hmotnos\u0165 bez rizika poruchy. V\u00fdpo\u010det po\u017eiadaviek na za\u0165a\u017eenie zah\u0155\u0148a pos\u00fadenie typov manipulovan\u00fdch materi\u00e1lov a prev\u00e1dzkov\u00fdch po\u017eiadaviek kladen\u00fdch na stroj. Spr\u00e1vne dimenzovan\u00fd valec zais\u0165uje nielen efekt\u00edvny v\u00fdkon, ale aj bezpe\u010dnos\u0165 zariadenia a obsluhy.<\/p>\n<h3>Tesniaci v\u00fdkon<\/h3>\n<p>Tesnenie je \u010fal\u0161\u00edm k\u013e\u00fa\u010dov\u00fdm aspektom kon\u0161trukcie hydraulick\u00e9ho valca. \u00da\u010dinn\u00e9 tesnenie zabra\u0148uje \u00faniku hydraulickej kvapaliny a udr\u017eiava tlak potrebn\u00fd pre plynul\u00fd chod. Kon\u0161trukcia by mala obsahova\u0165 vysoko kvalitn\u00e9 tesnenia, ktor\u00e9 odol\u00e1vaj\u00fa prev\u00e1dzkov\u00fdm podmienkam vr\u00e1tane kol\u00edsania teploty a vystavenia sa kontaminantom. V\u00fdber tesnen\u00ed vyroben\u00fdch z odoln\u00fdch materi\u00e1lov, ako je polyuret\u00e1n alebo nitrilov\u00fd kau\u010duk, zvy\u0161uje \u017eivotnos\u0165 valca a minimalizuje potrebu \u00fadr\u017eby, \u010d\u00edm zabezpe\u010duje optim\u00e1lne fungovanie hydraulick\u00e9ho syst\u00e9mu v priebehu \u010dasu.<\/p>\n<h3>Trvanlivos\u0165<\/h3>\n<p>Pre hydraulick\u00e9 valce prev\u00e1dzkovan\u00e9 v n\u00e1ro\u010dn\u00fdch prostrediach je prvorad\u00e1 odolnos\u0165. Materi\u00e1ly pou\u017eit\u00e9 pri v\u00fdrobe musia odol\u00e1va\u0165 opotrebovaniu a kor\u00f3zii, \u010d\u00edm sa predl\u017euje \u017eivotnos\u0165 valca. V\u00fdrobcovia \u010dasto pou\u017e\u00edvaj\u00fa pokro\u010dil\u00e9 n\u00e1tery a \u00fapravy na zv\u00fd\u0161enie odolnosti tela valca a jeho komponentov. Pri v\u00fdbere valca, ktor\u00fd vydr\u017e\u00ed n\u00e1ro\u010dn\u00e9 pou\u017e\u00edvanie a z\u00e1rove\u0148 poskytuje spo\u013eahliv\u00fd v\u00fdkon, je nevyhnutn\u00e9 vyhodnoti\u0165 o\u010dak\u00e1van\u00fa \u017eivotnos\u0165 a frekvenciu \u00fadr\u017eby.<\/p>\n<h3>Bezpe\u010dnostn\u00e9 prvky<\/h3>\n<p>Za\u010dlenenie bezpe\u010dnostn\u00fdch prvkov do kon\u0161trukcie valca v\u00fdlo\u017en\u00edka je k\u013e\u00fa\u010dov\u00e9 pre predch\u00e1dzanie nehod\u00e1m a po\u0161kodeniu zariaden\u00ed. Patria sem implement\u00e1cie mechanizmov, ako s\u00fa pretlakov\u00e9 ventily a syst\u00e9my ochrany proti pre\u0165a\u017eeniu. Tieto prvky pom\u00e1haj\u00fa zvl\u00e1da\u0165 neo\u010dak\u00e1van\u00e9 n\u00e1rasty hydraulick\u00e9ho tlaku, \u010d\u00edm zni\u017euj\u00fa pravdepodobnos\u0165 katastrofick\u00fdch por\u00fach. Okrem toho by sa oper\u00e1tori mali obozn\u00e1mi\u0165 s bezpe\u010dnostn\u00fdmi pokynmi spojen\u00fdmi s valcom, aby sa po\u010das prev\u00e1dzky dodr\u017eiavali spr\u00e1vne protokoly.<\/p>\n<h3>Udr\u017eiavate\u013enos\u0165<\/h3>\n<p>\u00dadr\u017eba by mala by\u0165 k\u013e\u00fa\u010dov\u00fdm faktorom pri v\u00fdbere valca v\u00fdlo\u017en\u00edka. Kon\u0161trukcia, ktor\u00e1 umo\u017e\u0148uje jednoduch\u00fd pr\u00edstup ku komponentom, u\u013eah\u010duje be\u017en\u00e9 kontroly a opravy. Patria sem funkcie, ako s\u00fa odn\u00edmate\u013en\u00e9 koncov\u00e9 kryty, pr\u00edstupn\u00e9 tesnenia a priamo\u010diare mazacie body. Pravideln\u00e1 \u00fadr\u017eba je nevyhnutn\u00e1 pre zabezpe\u010denie optim\u00e1lneho v\u00fdkonu a dlhej \u017eivotnosti, zatia\u013e \u010do kon\u0161trukcia, ktor\u00e1 zjednodu\u0161uje \u00falohy \u00fadr\u017eby, m\u00f4\u017ee vies\u0165 k \u00faspore n\u00e1kladov a skr\u00e1teniu prestojov.<\/p>\n<p><img decoding=\"async\" src=\"https:\/\/www.hydraulic-cylinders.net\/wp-content\/uploads\/2025\/04\/songte-oil-pipes-and-spare-parts.webp\" alt=\"Hydraulick\u00e9 diely\" \/><\/p>\n<h2>Tesnenie a mazanie valca<\/h2>\n<p>Tesnenie a mazanie s\u00fa k\u013e\u00fa\u010dov\u00e9 pre funk\u010dnos\u0165 a \u017eivotnos\u0165 hydraulick\u00fdch valcov. Na udr\u017eanie hydraulick\u00e9ho tlaku a zabr\u00e1nenie \u00faniku sa pou\u017e\u00edvaj\u00fa r\u00f4zne tesniace prvky, ako s\u00fa tesnenia piestov a tesnenia ty\u010d\u00ed. V\u00fdber tesnen\u00ed vyroben\u00fdch z materi\u00e1lov odoln\u00fdch vo\u010di opotrebovaniu, ako je polyuret\u00e1n alebo nitrilov\u00e1 guma, zais\u0165uje odolnos\u0165 a v\u00fdkon. Okrem toho sa teleso valca a z\u00e1vitov\u00e9 koncov\u00e9 plochy jemne obr\u00e1baj\u00fa, aby sa zv\u00fd\u0161ila odolnos\u0165 vo\u010di opotrebovaniu.<\/p>\n<p>Pravideln\u00e9 mazanie je nevyhnutn\u00e9 na udr\u017eanie \u00fa\u010dinnosti hydraulick\u00e9ho syst\u00e9mu. Valec by sa mal pravidelne plni\u0165 primeran\u00fdm mno\u017estvom hydraulick\u00e9ho oleja, aby sa zabezpe\u010dil plynul\u00fd pohyb a zabr\u00e1nilo sa vn\u00fatorn\u00e9mu opotrebovaniu. Stanovenie pravideln\u00e9ho harmonogramu \u00fadr\u017eby mazania pom\u00e1ha zabezpe\u010di\u0165 efekt\u00edvnu prev\u00e1dzku valca a zni\u017euje riziko po\u0161kodenia alebo poruchy v priebehu \u010dasu.<\/p>\n<h2>Pravideln\u00e1 kontrola a opatrenia prevent\u00edvnej \u00fadr\u017eby<\/h2>\n<ul>\n<li><strong>Pravideln\u00e9 kontroly:<\/strong> Vykon\u00e1vanie pravideln\u00fdch kontrol hydraulick\u00e9ho valca je nevyhnutn\u00e9 na v\u010dasn\u00e9 odhalenie ak\u00fdchko\u013evek zn\u00e1mok opotrebovania alebo po\u0161kodenia. Obsluha by mala kontrolova\u0165 \u00faniky kvapal\u00edn, nezvy\u010dajn\u00e9 zvuky alebo zmeny v\u00fdkonu a ak\u00e9ko\u013evek probl\u00e9my by mala okam\u017eite rie\u0161i\u0165, aby sa predi\u0161lo \u010fal\u0161\u00edm komplik\u00e1ci\u00e1m.<\/li>\n<li><strong>Vhodn\u00e9 mazanie:<\/strong> Zabezpe\u010denie dostato\u010dn\u00e9ho mazania valca zni\u017euje trenie a opotrebovanie vn\u00fatorn\u00fdch komponentov. Obsluha by mala dodr\u017eiava\u0165 odpor\u00fa\u010dania v\u00fdrobcu t\u00fdkaj\u00face sa typu maziva a intervalov, aby sa udr\u017eiavali optim\u00e1lne prev\u00e1dzkov\u00e9 podmienky.<\/li>\n<li><strong>V\u00fdmena tesnenia:<\/strong> Tesnenia sa \u010dasom m\u00f4\u017eu opotrebova\u0165 a strati\u0165 \u00fa\u010dinnos\u0165. Pravideln\u00e1 kontrola a v\u00fdmena tesnen\u00ed pod\u013ea potreby m\u00f4\u017ee zabr\u00e1ni\u0165 \u00faniku hydraulickej kvapaliny a udr\u017ea\u0165 v\u00fdkon, \u010d\u00edm sa zabezpe\u010d\u00ed dlh\u00e1 \u017eivotnos\u0165 valca.<\/li>\n<\/ul>\n<h2>Pokyny na in\u0161tal\u00e1ciu<\/h2>\n<p>Spr\u00e1vna in\u0161tal\u00e1cia valca ramena je nevyhnutn\u00e1 pre optim\u00e1lny v\u00fdkon a bezpe\u010dnos\u0165. Za\u010dnite t\u00fdm, \u017ee sa uist\u00edte, \u017ee mont\u00e1\u017ene povrchy s\u00fa \u010dist\u00e9 a bez ne\u010dist\u00f4t, ktor\u00e9 by mohli nar\u00fa\u0161a\u0165 zarovnanie. Na upevnenie valca pou\u017eite vhodn\u00e9 n\u00e1stroje a uistite sa, \u017ee je spr\u00e1vne zarovnan\u00fd s pr\u00edslu\u0161n\u00fdmi mechanick\u00fdmi komponentmi. Na bezpe\u010dn\u00e9 upevnenie valca na mieste sa odpor\u00fa\u010da pou\u017ei\u0165 vhodn\u00e9 mont\u00e1\u017ene konzoly.<\/p>\n<p>Po\u010das in\u0161tal\u00e1cie dvakr\u00e1t skontrolujte, \u010di s\u00fa v\u0161etky hydraulick\u00e9 pripojenia tesn\u00e9 a \u010di netesnia. Zabr\u00e1\u0148te nadmern\u00e9mu utiahnutiu, ktor\u00e9 m\u00f4\u017ee vies\u0165 k po\u0161kodeniu. Po \u00favodnej in\u0161tal\u00e1cii nechajte valec prev\u00e1dzkova\u0165 pod n\u00edzkym tlakom, aby ste sa uistili, \u017ee funguje spr\u00e1vne, a a\u017e potom ho vystavte pln\u00e9mu prev\u00e1dzkov\u00e9mu za\u0165a\u017eeniu. Dodr\u017eiavanie t\u00fdchto pokynov zabezpe\u010d\u00ed, \u017ee valec ramena bude spr\u00e1vne nain\u0161talovan\u00fd a bude fungova\u0165 pod\u013ea pl\u00e1nu.<\/p>\n<h2>Be\u017en\u00e9 \u00falohy \u00fadr\u017eby<\/h2>\n<ul>\n<li><strong>Pravideln\u00e9 kontroly:<\/strong> Pravideln\u00e9 kontroly s\u00fa nevyhnutn\u00e9 na v\u010dasn\u00e9 odhalenie ak\u00fdchko\u013evek potenci\u00e1lnych probl\u00e9mov. Obsluha by mala skontrolova\u0165 tlakov\u00fa f\u013ea\u0161u, \u010di nedoch\u00e1dza k \u00fanikom, po\u0161kodeniu alebo opotrebovaniu. Spr\u00e1vna \u00fadr\u017eba zabezpe\u010duje, \u017ee ak\u00e9ko\u013evek probl\u00e9my sa vyrie\u0161ia sk\u00f4r, ako sa vyhrotia, \u010do podporuje dlhotrvaj\u00facu prev\u00e1dzku.<\/li>\n<li><strong>Vhodn\u00e9 mazanie:<\/strong> D\u00f4sledn\u00e9 mazanie je nevyhnutn\u00e9 na udr\u017eanie \u00fa\u010dinnosti hydraulick\u00e9ho syst\u00e9mu. Obsluha by mala dodr\u017eiava\u0165 pokyny t\u00fdkaj\u00face sa typu a frekvencie mazania, preto\u017ee spr\u00e1vne mazanie zni\u017euje opotrebenie a zvy\u0161uje v\u00fdkon.<\/li>\n<li><strong>V\u00fdmena tesnenia a kontroly kalibr\u00e1cie:<\/strong> Pravideln\u00e1 kontrola a v\u00fdmena tesnen\u00ed je nevyhnutn\u00e1 na zabr\u00e1nenie \u00faniku kvapaliny. Kalibra\u010dn\u00e9 kontroly zabezpe\u010duj\u00fa, \u017ee valec pracuje v r\u00e1mci stanoven\u00fdch limitov a zachov\u00e1va presnos\u0165 svojich funkci\u00ed.<\/li>\n<\/ul>\n<p>Spr\u00e1vna in\u0161tal\u00e1cia, mazanie a nastavenie s\u00fa k\u013e\u00fa\u010dov\u00e9 pre zabezpe\u010denie dlhej \u017eivotnosti valca ramena. Obsluha by mala po\u010das in\u0161tal\u00e1cie dba\u0165 na presn\u00e9 zarovnanie valca a pou\u017e\u00edva\u0165 vhodn\u00e9 mont\u00e1\u017ene konzoly. Dodr\u017eiavanie odpor\u00fa\u010dan\u00fdch postupov kontroly, opravy a v\u00fdmeny \u010falej pred\u013a\u017ei \u017eivotnos\u0165 valca a zlep\u0161\u00ed jeho v\u00fdkon.<\/p>\n<p><img decoding=\"async\" src=\"https:\/\/www.hydraulic-cylinders.net\/wp-content\/uploads\/2025\/04\/songte-chushion-collar.webp\" alt=\"Vank\u00fa\u0161ov\u00fd golier\" \/><\/p>\n<h2>Bezpe\u010dnostn\u00e9 aspekty a faktory prostredia<\/h2>\n<p>Bezpe\u010dnostn\u00e9 opatrenia s\u00fa pri pr\u00e1ci s hydraulick\u00fdmi valcami prvorad\u00e9. Obsluha mus\u00ed dodr\u017eiava\u0165 zaveden\u00e9 bezpe\u010dnostn\u00e9 protokoly, aby minimalizovala rizik\u00e1 spojen\u00e9 s poruchami hydraulick\u00e9ho tlaku. Je nevyhnutn\u00e9 si by\u0165 vedom\u00e1 potenci\u00e1lnych nebezpe\u010denstiev a zabezpe\u010di\u0165, aby v\u0161etky bezpe\u010dnostn\u00e9 prvky fungovali spr\u00e1vne. Pravideln\u00e9 bezpe\u010dnostn\u00e9 \u0161kolenia pre obsluhu m\u00f4\u017ee v\u00fdrazne zn\u00ed\u017ei\u0165 pravdepodobnos\u0165 neh\u00f4d a podpori\u0165 bezpe\u010dn\u00e9 pracovn\u00e9 prostredie.<\/p>\n<h2>Diagnostika por\u00fach a be\u017en\u00e9 probl\u00e9my<\/h2>\n<ul>\n<li><strong>Probl\u00e9my s \u00fanikom:<\/strong> \u00daniky kvapaliny m\u00f4\u017eu nazna\u010dova\u0165 opotrebovan\u00e9 tesnenia alebo po\u0161koden\u00e9 komponenty. Obsluha by mala pravidelne kontrolova\u0165 \u00faniky, aby sa udr\u017eal spr\u00e1vny hydraulick\u00fd tlak.<\/li>\n<li><strong>Zaseknutie valca:<\/strong> Ak sa valec nevys\u00fava alebo nezas\u00fava plynulo, m\u00f4\u017ee to by\u0165 sp\u00f4soben\u00e9 prek\u00e1\u017ekami alebo vn\u00fatorn\u00fdm po\u0161koden\u00edm. Identifik\u00e1cia a rie\u0161enie t\u00fdchto probl\u00e9mov je k\u013e\u00fa\u010dov\u00e9 pre bezpe\u010dn\u00fa prev\u00e1dzku.<\/li>\n<li><strong>Strata tlaku:<\/strong> N\u00e1hla strata tlaku m\u00f4\u017ee nazna\u010dova\u0165 vn\u00fatorn\u00e9 netesnosti alebo upchatie v hydraulickom syst\u00e9me. Okam\u017eit\u00e1 diagnostika a odstr\u00e1nenie probl\u00e9mov s tlakom zabezpe\u010d\u00ed efekt\u00edvnu prev\u00e1dzku syst\u00e9mu.<\/li>\n<\/ul>\n<h2>Tipy a rie\u0161enia probl\u00e9mov<\/h2>\n<p>Aby sa efekt\u00edvne diagnostikovali a vyrie\u0161ili probl\u00e9my s valcom ramena, oper\u00e1tori by mali najprv vykona\u0165 vizu\u00e1lnu kontrolu, aby identifikovali ak\u00e9ko\u013evek zjavn\u00e9 netesnosti alebo po\u0161kodenia. V pr\u00edpade netesnost\u00ed m\u00f4\u017ee probl\u00e9m \u010dasto vyrie\u0161i\u0165 v\u00fdmena opotrebovan\u00fdch tesnen\u00ed a zabezpe\u010denie pevn\u00fdch spojov. Ak je valec zaseknut\u00fd, d\u00f4kladn\u00e9 presk\u00famanie vn\u00fatorn\u00fdch mechanizmov a odstr\u00e1nenie ak\u00fdchko\u013evek prek\u00e1\u017eok pom\u00f4\u017ee obnovi\u0165 funk\u010dnos\u0165.<\/p>\n<p>V pr\u00edpade straty tlaku je nevyhnutn\u00e9 skontrolova\u0165 netesnosti v hydraulick\u00fdch potrubiach a skontrolova\u0165 tesnenia, \u010di nie s\u00fa opotrebovan\u00e9. Pravideln\u00e9 \u00fadr\u017eb\u00e1rske postupy, ako s\u00fa pl\u00e1novan\u00e9 kontroly a spr\u00e1vne mazanie, m\u00f4\u017eu v\u00fdrazne zn\u00ed\u017ei\u0165 pravdepodobnos\u0165 v\u00fdskytu t\u00fdchto probl\u00e9mov a umo\u017eni\u0165 trval\u00fa a efekt\u00edvnu prev\u00e1dzku.<\/p>\n<p><img decoding=\"async\" src=\"https:\/\/www.hydraulic-cylinders.net\/wp-content\/uploads\/2025\/04\/songte-bushings-with-all-kinds-of-excavator-models.webp\" alt=\"Puzdr\u00e1 pre bagre\" \/><\/p>\n<h2>Preh\u013ead spolo\u010dnosti<\/h2>\n<p>Sme popredn\u00fdm v\u00fdrobcom n\u00e1hradn\u00fdch hydraulick\u00fdch valcov a pon\u00fakame komplexn\u00fd sortiment produktov, v\u010faka ktor\u00fdm sme sa etablovali ako k\u013e\u00fa\u010dov\u00fd hr\u00e1\u010d na dom\u00e1com aj medzin\u00e1rodnom trhu. N\u00e1\u0161 z\u00e1v\u00e4zok k excelentnosti a prepracovan\u00e9 v\u00fdrobn\u00e9 strat\u00e9gie n\u00e1m umo\u017e\u0148uj\u00fa vyr\u00e1ba\u0165 vysoko kvalitn\u00e9 hydraulick\u00e9 valce, ktor\u00e9 uspokoja rozmanit\u00e9 potreby z\u00e1kazn\u00edkov.<\/p>\n<p>Na\u0161e v\u00fdrobn\u00e9 kapacity vyu\u017e\u00edvaj\u00fa pokro\u010dil\u00e9 technol\u00f3gie, kvalifikovan\u00fd person\u00e1l a robustn\u00fd syst\u00e9m kontroly kvality, ktor\u00fd n\u00e1m umo\u017e\u0148uje zabezpe\u010di\u0165, aby ka\u017ed\u00fd produkt sp\u013a\u0148al najvy\u0161\u0161ie \u0161tandardy. So zameran\u00edm na efekt\u00edvnos\u0165, presnos\u0165 a kvalitu sa sna\u017e\u00edme splni\u0165 rozmanit\u00e9 po\u017eiadavky na\u0161ich klientov.<\/p>\n<p><img decoding=\"async\" src=\"https:\/\/www.hydraulic-cylinders.net\/wp-content\/uploads\/2025\/04\/songte-company-4.webp\" alt=\"Preh\u013ead spolo\u010dnosti\" \/><br \/>\n<img decoding=\"async\" src=\"https:\/\/www.hydraulic-cylinders.net\/wp-content\/uploads\/2025\/04\/songte-company-3.webp\" alt=\"V\u00fdrobn\u00e9 zariadenie\" \/><\/p>\n<h3>Profesionalita a prisp\u00f4sobenie<\/h3>\n<p>Na\u0161a profesionalita sa odr\u00e1\u017ea v odbornosti n\u00e1\u0161ho t\u00edmu a na\u0161om z\u00e1v\u00e4zku k spokojnosti z\u00e1kazn\u00edkov. Pon\u00fakame slu\u017eby na mieru prisp\u00f4soben\u00e9 \u0161pecifick\u00fdm po\u017eiadavk\u00e1m a zabezpe\u010dujeme, aby na\u0161e produkty zodpovedali jedine\u010dn\u00fdm potreb\u00e1m ka\u017ed\u00e9ho klienta.<\/p>\n<h3>Medzin\u00e1rodn\u00e9 certifik\u00e1cie<\/h3>\n<p>Vlastn\u00edme r\u00f4zne medzin\u00e1rodn\u00e9 certifik\u00e1ty, ktor\u00e9 zd\u00f4raz\u0148uj\u00fa na\u0161e odhodlanie ku kvalite a dodr\u017eiavaniu pr\u00edsnych v\u00fdrobn\u00fdch noriem. Na\u0161e certifik\u00e1ty poskytuj\u00fa na\u0161im klientom istotu v spo\u013eahlivosti a bezpe\u010dnosti na\u0161ich produktov.<\/p>\n<h3>V\u00fdrobn\u00e9 zariadenia<\/h3>\n<p>Na\u0161e najmodernej\u0161ie v\u00fdrobn\u00e9 zariadenia n\u00e1m umo\u017e\u0148uj\u00fa vyr\u00e1ba\u0165 hydraulick\u00e9 valce s vysokou presnos\u0165ou a \u00fa\u010dinnos\u0165ou. Neust\u00e1le investujeme do modern\u00fdch technol\u00f3gi\u00ed, aby sme zlep\u0161ili na\u0161e v\u00fdrobn\u00e9 kapacity a splnili po\u017eiadavky odvetvia.<\/p>\n<h3>Popredajn\u00fd servis<\/h3>\n<p>Ver\u00edme v budovanie trval\u00fdch vz\u0165ahov s na\u0161imi z\u00e1kazn\u00edkmi prostredn\u00edctvom v\u00fdnimo\u010dn\u00e9ho popredajn\u00e9ho servisu. N\u00e1\u0161 t\u00edm podpory je v\u00e1m k dispoz\u00edcii, aby pomohol klientom s ak\u00fdmiko\u013evek ot\u00e1zkami a zabezpe\u010dil bezprobl\u00e9mov\u00fd priebeh od n\u00e1kupu a\u017e po priebe\u017en\u00fa \u00fadr\u017ebu.<\/p>\n<p>Autor lyl<\/p>","protected":false},"excerpt":{"rendered":"<p>Boom Cylinder For Aotai AT150E-9 Product Overview The Boom Cylinder for Aotai AT150E-9 is a specialized hydraulic cylinder designed to control the movement of buckets in various heavy machinery applications. This cylinder plays a crucial role in hydraulic systems, enabling the lifting, lowering, and tilting of buckets, which facilitates material handling tasks. Bucket cylinders are [&hellip;]<\/p>","protected":false},"featured_media":17868,"comment_status":"open","ping_status":"closed","template":"","meta":{"_et_pb_use_builder":"","_et_pb_old_content":"","_et_gb_content_width":""},"product_brand":[],"product_cat":[1546],"product_tag":[1547,1496],"class_list":{"0":"post-19635","1":"product","2":"type-product","3":"status-publish","4":"has-post-thumbnail","6":"product_cat-boom-cylinders","7":"product_tag-boom-cylinders","8":"product_tag-hydraulic-cylinders","10":"first","11":"instock","12":"shipping-taxable","13":"product-type-simple"},"amp_enabled":true,"_links":{"self":[{"href":"https:\/\/www.hydraulic-cylinders.net\/sk\/wp-json\/wp\/v2\/product\/19635","targetHints":{"allow":["GET"]}}],"collection":[{"href":"https:\/\/www.hydraulic-cylinders.net\/sk\/wp-json\/wp\/v2\/product"}],"about":[{"href":"https:\/\/www.hydraulic-cylinders.net\/sk\/wp-json\/wp\/v2\/types\/product"}],"replies":[{"embeddable":true,"href":"https:\/\/www.hydraulic-cylinders.net\/sk\/wp-json\/wp\/v2\/comments?post=19635"}],"wp:featuredmedia":[{"embeddable":true,"href":"https:\/\/www.hydraulic-cylinders.net\/sk\/wp-json\/wp\/v2\/media\/17868"}],"wp:attachment":[{"href":"https:\/\/www.hydraulic-cylinders.net\/sk\/wp-json\/wp\/v2\/media?parent=19635"}],"wp:term":[{"taxonomy":"product_brand","embeddable":true,"href":"https:\/\/www.hydraulic-cylinders.net\/sk\/wp-json\/wp\/v2\/product_brand?post=19635"},{"taxonomy":"product_cat","embeddable":true,"href":"https:\/\/www.hydraulic-cylinders.net\/sk\/wp-json\/wp\/v2\/product_cat?post=19635"},{"taxonomy":"product_tag","embeddable":true,"href":"https:\/\/www.hydraulic-cylinders.net\/sk\/wp-json\/wp\/v2\/product_tag?post=19635"}],"curies":[{"name":"pracovn\u00fd list","href":"https:\/\/api.w.org\/{rel}","templated":true}]}}