{"id":19639,"date":"2025-04-07T06:59:01","date_gmt":"2025-04-07T06:59:01","guid":{"rendered":"https:\/\/www.hydraulic-cylinders.net\/product\/boom-cylinder-for-atlas-2006lc\/"},"modified":"2025-04-07T06:59:04","modified_gmt":"2025-04-07T06:59:04","slug":"boom-cylinder-for-atlas-2006lc","status":"publish","type":"product","link":"https:\/\/www.hydraulic-cylinders.net\/sk\/produkt\/boom-cylinder-for-atlas-2006lc\/","title":{"rendered":"Valec v\u00fdlo\u017en\u00edka pre Atlas 2006LC"},"content":{"rendered":"<h1>Valec v\u00fdlo\u017en\u00edka pre Atlas 2006LC<\/h1>\n<h2>\u00davod do valca v\u00fdlo\u017en\u00edka<\/h2>\n<p>Hydraulick\u00fd valec v\u00fdlo\u017en\u00edka pre Atlas 2006LC je \u0161pecializovan\u00fd hydraulick\u00fd valec ur\u010den\u00fd na ovl\u00e1danie pohybu r\u00f4znych \u0165a\u017ek\u00fdch strojov vr\u00e1tane r\u00fdpadiel, r\u00fdpadiel-naklada\u010dov a \u010deln\u00fdch naklada\u010dov. Tento z\u00e1kladn\u00fd komponent umo\u017e\u0148uje zdv\u00edhanie, sp\u00fa\u0161\u0165anie a nakl\u00e1\u0148anie ly\u017eice, \u010do u\u013eah\u010duje efekt\u00edvnu manipul\u00e1ciu s materi\u00e1lom. Tieto hydraulick\u00e9 valce s\u00fa k\u013e\u00fa\u010dov\u00e9 v hydraulick\u00fdch syst\u00e9moch, preto\u017ee umo\u017e\u0148uj\u00fa presn\u00fa obsluhu zariaden\u00ed premenou hydraulickej energie na mechanick\u00fa silu. V\u010faka svojej schopnosti odol\u00e1va\u0165 vysok\u00fdm tlakom a za\u0165a\u017eeniam s\u00fa valce v\u00fdlo\u017en\u00edka nevyhnutn\u00e9 pre n\u00e1ro\u010dn\u00e9 aplik\u00e1cie v stavebn\u00edctve, po\u013enohospod\u00e1rstve a priemyselnom sektore.<\/p>\n<p><img decoding=\"async\" src=\"https:\/\/www.hydraulic-cylinders.net\/wp-content\/uploads\/2025\/04\/songte-company-1.webp\" alt=\"Obr\u00e1zok valca v\u00fdlo\u017en\u00edka\"><\/p>\n<h2>Vlastnosti valca v\u00fdlo\u017en\u00edka<\/h2>\n<ul>\n<li><strong>Vysok\u00e1 pevnos\u0165 a odolnos\u0165:<\/strong> Tieto valce s\u00fa vyroben\u00e9 z vysokopevnostnej ocele alebo hlin\u00edka a odol\u00e1vaj\u00fa vysok\u00e9mu tlaku a \u0165a\u017ek\u00fdm za\u0165a\u017eeniam, v\u010faka \u010domu s\u00fa vhodn\u00e9 do n\u00e1ro\u010dn\u00fdch pracovn\u00fdch prostred\u00ed.<\/li>\n<li><strong>Efekt\u00edvna hydraulick\u00e1 prev\u00e1dzka:<\/strong> V\u010faka hydraulick\u00e9mu tlaku oleja pon\u00faka valec v\u00fdlo\u017en\u00edka plynul\u00e9 vys\u00favanie a zas\u00favanie, \u010d\u00edm poskytuje siln\u00fa tla\u010dn\u00fa a \u0165a\u017en\u00fa silu na zvl\u00e1dnutie \u0165a\u017ek\u00fdch a zlo\u017eit\u00fdch \u00faloh.<\/li>\n<li><strong>R\u00f4zne typy:<\/strong> K dispoz\u00edcii s\u00fa v jedno\u010dinnom (prev\u00e1dzkovom v jednom smere) aj dvoj\u010dinnom (prev\u00e1dzkovom v dvoch smeroch) preveden\u00ed, aby sp\u013a\u0148ali r\u00f4zne prev\u00e1dzkov\u00e9 potreby. Niektor\u00e9 modely maj\u00fa teleskopick\u00e9 prevedenie pre dlh\u0161\u00ed dosah bez zv\u00e4\u010d\u0161enia vonkaj\u0161\u00edch rozmerov.<\/li>\n<\/ul>\n<p>\u0160pecializujeme sa na v\u00fdrobu valcov v\u00fdlo\u017en\u00edka, ktor\u00e9 dokonale nahr\u00e1dzaj\u00fa existuj\u00face hydraulick\u00e9 valce, \u010d\u00edm zabezpe\u010dujeme kompatibilitu a v\u00fdkon.<\/p>\n<p><img decoding=\"async\" src=\"https:\/\/www.hydraulic-cylinders.net\/wp-content\/uploads\/2025\/04\/songte-cylinder-head-with-all-kinds-excavator-models.webp\" alt=\"Modely bagrov\"><\/p>\n<h2>Aplik\u00e1cie valca v\u00fdlo\u017en\u00edka<\/h2>\n<h3>Stavebn\u00e9 stroje<\/h3>\n<p>In excavators, boom cylinders play a vital role in digging, loading, and moving dirt or debris. These cylinders enable precise control over the bucket&#8217;s movement, allowing operators to efficiently excavate and transport materials.<\/p>\n<h3>Po\u013enohospod\u00e1rske stroje<\/h3>\n<p>V \u010deln\u00fdch naklada\u010doch s\u00fa valce v\u00fdlo\u017en\u00edka nevyhnutn\u00e9 na naberanie, zdv\u00edhanie a prepravu p\u00f4dy, sena a in\u00fdch materi\u00e1lov. Zvy\u0161uj\u00fa prev\u00e1dzkov\u00fa efektivitu po\u013enohospod\u00e1rskych strojov, \u010d\u00edm u\u013eah\u010duj\u00fa a zr\u00fdch\u013euj\u00fa \u00falohy, ako je pr\u00edprava po\u013ea a premiest\u0148ovanie materi\u00e1lu.<\/p>\n<h3>R\u00fdpadl\u00e1<\/h3>\n<p>Valec v\u00fdlo\u017en\u00edka umo\u017e\u0148uje ly\u017eici efekt\u00edvne prenika\u0165 do p\u00f4dy, \u010do u\u013eah\u010duje kopanie. T\u00e1to schopnos\u0165 je k\u013e\u00fa\u010dov\u00e1 pre stavebn\u00e9 a krajin\u00e1rske projekty, kde sa vy\u017eaduje presn\u00fd v\u00fdkop.<\/p>\n<h3>Naklada\u010de<\/h3>\n<p>V \u010deln\u00fdch naklada\u010doch pom\u00e1haj\u00fa valce v\u00fdlo\u017en\u00edka efekt\u00edvne zdv\u00edha\u0165 a vyklada\u0165 bremen\u00e1. Ich v\u00fdkonn\u00fd hydraulick\u00fd \u00fa\u010dinok zabezpe\u010duje, \u017ee obsluha m\u00f4\u017ee \u013eahko a presne manipulova\u0165 s \u0165a\u017ek\u00fdmi materi\u00e1lmi.<\/p>\n<h2>\u00davahy o dizajne a krit\u00e9ri\u00e1 v\u00fdberu<\/h2>\n<h3>Nosnos\u0165<\/h3>\n<p>Nosnos\u0165 valca v\u00fdlo\u017en\u00edka je pri v\u00fdbere spr\u00e1vneho valca pre konkr\u00e9tne strojov\u00e9 zariadenie prvorad\u00e1. Mus\u00ed by\u0165 schopn\u00fd zvl\u00e1dnu\u0165 maxim\u00e1lne za\u0165a\u017eenie bez poruchy, \u010d\u00edm sa zabezpe\u010d\u00ed bezpe\u010dnos\u0165 aj v\u00fdkon. Na v\u00fdber valca, ktor\u00fd sp\u013a\u0148a alebo prekra\u010duje tieto po\u017eiadavky, je potrebn\u00e9 d\u00f4kladn\u00e9 pochopenie prev\u00e1dzkov\u00e9ho za\u0165a\u017eenia v r\u00f4znych aplik\u00e1ci\u00e1ch.<\/p>\n<h3>Tesniaci v\u00fdkon<\/h3>\n<p>\u00da\u010dinn\u00e9 tesnenie je k\u013e\u00fa\u010dov\u00e9 pre zabr\u00e1nenie \u00faniku hydraulickej kvapaliny, \u010do by mohlo vies\u0165 k strate tlaku a v kone\u010dnom d\u00f4sledku k poruche zariadenia. V\u00fdber vysokokvalitn\u00fdch tesnen\u00ed vyroben\u00fdch z odoln\u00fdch materi\u00e1lov zaru\u010duje dlh\u00fa \u017eivotnos\u0165 a spo\u013eahlivos\u0165, \u010d\u00edm sa zni\u017euje frekvencia \u00fadr\u017eby a opr\u00e1v.<\/p>\n<h3>Trvanlivos\u0165<\/h3>\n<p>Trvanlivos\u0165 je k\u013e\u00fa\u010dov\u00fdm faktorom pri kon\u0161trukcii valcov v\u00fdlo\u017en\u00edka, preto\u017ee s\u00fa \u010dasto vystaven\u00e9 n\u00e1ro\u010dn\u00fdm pracovn\u00fdm podmienkam. Materi\u00e1ly musia by\u0165 odoln\u00e9 vo\u010di opotrebovaniu a kor\u00f3zii, aby sa zabezpe\u010dilo, \u017ee valec odol\u00e1 extr\u00e9mnym podmienkam a z\u00e1rove\u0148 si zachov\u00e1 optim\u00e1lny v\u00fdkon v priebehu \u010dasu.<\/p>\n<h3>Bezpe\u010dnostn\u00e9 prvky<\/h3>\n<p>Pri v\u00fdbere hydraulick\u00e9ho valca ramena s\u00fa bezpe\u010dnostn\u00e9 aspekty nevyhnutn\u00e9. Funkcie, ako s\u00fa pretlakov\u00e9 ventily a bezpe\u010dnostn\u00e9 z\u00e1mky, m\u00f4\u017eu zabr\u00e1ni\u0165 nehod\u00e1m s\u00favisiacim s hydraulick\u00fdmi poruchami. Implement\u00e1cia t\u00fdchto bezpe\u010dnostn\u00fdch opatren\u00ed je nevyhnutn\u00e1 pre ochranu obsluhy aj zariadenia.<\/p>\n<h3>Pr\u00edstupnos\u0165 \u00fadr\u017eby<\/h3>\n<p>Navrhovanie valcov v\u00fdlo\u017en\u00edka s oh\u013eadom na pr\u00edstupnos\u0165 umo\u017e\u0148uje jednoduch\u0161iu \u00fadr\u017ebu a opravy. Toto zoh\u013eadnenie m\u00f4\u017ee v\u00fdrazne skr\u00e1ti\u0165 prestoje a zlep\u0161i\u0165 celkov\u00fa efektivitu prev\u00e1dzky. Komponenty, ktor\u00e9 sa daj\u00fa \u013eahko servisova\u0165 alebo vymie\u0148a\u0165, prispej\u00fa k dlhej \u017eivotnosti zariadenia.<\/p>\n<p><img decoding=\"async\" src=\"https:\/\/www.hydraulic-cylinders.net\/wp-content\/uploads\/2025\/04\/songte-oil-pipes-and-spare-parts.webp\" alt=\"Olejov\u00e9 potrubia a n\u00e1hradn\u00e9 diely\"><\/p>\n<h2>Utesnenie a mazanie valca v\u00fdlo\u017en\u00edka<\/h2>\n<p>Tesnenie a mazanie valcov v\u00fdlo\u017en\u00edka s\u00fa nevyhnutn\u00e9 pre udr\u017eanie ich funk\u010dnosti a dlhej \u017eivotnosti. Na zabr\u00e1nenie \u00faniku hydraulickej kvapaliny sa pou\u017e\u00edvaj\u00fa r\u00f4zne tesnenia vr\u00e1tane tesnen\u00ed piestov a tesnen\u00ed ty\u010d\u00ed. Tesnenia vyroben\u00e9 z materi\u00e1lov odoln\u00fdch vo\u010di opotrebovaniu, ako je polyuret\u00e1n a nitrilov\u00e1 guma, zvy\u0161uj\u00fa odolnos\u0165 a v\u00fdkon.<\/p>\n<p>Teleso valca a z\u00e1vitov\u00e9 konce by mali by\u0165 presne opracovan\u00e9, aby sa zlep\u0161ila odolnos\u0165 vo\u010di opotrebovaniu a \u00fa\u010dinnos\u0165 tesnenia. Pravideln\u00e9 mazanie vhodn\u00fdm hydraulick\u00fdm olejom je nevyhnutn\u00e9 na zabezpe\u010denie plynul\u00e9ho chodu a zn\u00ed\u017eenie trenia, ktor\u00e9 m\u00f4\u017ee vies\u0165 k pred\u010dasn\u00e9mu opotrebovaniu.<\/p>\n<h2>Pravideln\u00e1 kontrola a opatrenia prevent\u00edvnej \u00fadr\u017eby<\/h2>\n<ul>\n<li><strong>Pravideln\u00e9 kontroly:<\/strong> Vykon\u00e1vajte pravideln\u00e9 kontroly, \u010di sa neobjavia zn\u00e1mky netesnost\u00ed alebo opotrebovania. Pravideln\u00e9 kontroly m\u00f4\u017eu pom\u00f4c\u0165 identifikova\u0165 potenci\u00e1lne probl\u00e9my sk\u00f4r, ako sa premenia na z\u00e1va\u017en\u00e9 probl\u00e9my.<\/li>\n<li><strong>Spr\u00e1vne mazanie:<\/strong> Uistite sa, \u017ee hladina hydraulick\u00e9ho oleja je dostato\u010dn\u00e1 a \u017ee olej je \u010dist\u00fd. Spr\u00e1vne mazanie minimalizuje trenie a opotrebovanie, \u010d\u00edm sa zvy\u0161uje v\u00fdkon a \u017eivotnos\u0165 valca.<\/li>\n<li><strong>V\u00fdmena tesnenia:<\/strong> Sledujte tesnenia, \u010di nevykazuj\u00fa zn\u00e1mky opotrebenia, a v pr\u00edpade potreby ich vyme\u0148te. \u00da\u010dinn\u00e9 tesnenie je k\u013e\u00fa\u010dov\u00e9 pre udr\u017eanie tlaku a zabr\u00e1nenie \u00faniku hydraulickej kvapaliny.<\/li>\n<\/ul>\n<h2>Pokyny na in\u0161tal\u00e1ciu<\/h2>\n<p>Spr\u00e1vna in\u0161tal\u00e1cia valca ramena je nevyhnutn\u00e1 pre optim\u00e1lny v\u00fdkon. Po\u010das in\u0161tal\u00e1cie sa uistite, \u017ee je valec spr\u00e1vne zarovnan\u00fd, aby ste predi\u0161li nadmern\u00e9mu nam\u00e1haniu komponentov. Pou\u017eitie vhodn\u00fdch mont\u00e1\u017enych konzol zaist\u00ed valec na mieste a zabr\u00e1ni jeho pohybu po\u010das prev\u00e1dzky.<\/p>\n<p>Follow the manufacturer&#8217;s specifications for torque settings and connector fittings to ensure a leak-free assembly. After installation, perform a thorough inspection to check for any misalignments or potential points of failure.<\/p>\n<h2>Be\u017en\u00e9 \u00falohy \u00fadr\u017eby<\/h2>\n<ul>\n<li><strong>Pravideln\u00e9 kontroly:<\/strong> Pravideln\u00e9 kontroly vidite\u013en\u00fdch zn\u00e1mok opotrebovania alebo \u00faniku s\u00fa nevyhnutn\u00e9. Po\u010das prev\u00e1dzky h\u013eadajte ak\u00e9ko\u013evek abnorm\u00e1lne zvuky alebo pohyby. Pravideln\u00e9 kontroly m\u00f4\u017eu zabr\u00e1ni\u0165 vzniku v\u00e4\u010d\u0161\u00edch probl\u00e9mov.<\/li>\n<li><strong>Vhodn\u00e9 mazanie:<\/strong> Uistite sa, \u017ee pou\u017eit\u00fd hydraulick\u00fd olej m\u00e1 spr\u00e1vne \u0161pecifik\u00e1cie a je pridan\u00fd v spr\u00e1vnom mno\u017estve. Spr\u00e1vne mazanie je nevyhnutn\u00e9 pre efekt\u00edvne fungovanie valca v\u00fdlo\u017en\u00edka.<\/li>\n<li><strong>V\u00fdmena tesnenia:<\/strong> Tesnenia pozorne sledujte, \u010di nevykazuj\u00fa zn\u00e1mky opotrebovania. Vyme\u0148te tesnenia pod\u013ea odpor\u00fa\u010dan\u00ed v\u00fdrobcu, aby ste zachovali hydraulick\u00fa integritu a predi\u0161li \u00fanikom.<\/li>\n<\/ul>\n<p>Po\u010das in\u0161tal\u00e1cie sa uistite, \u017ee je valec spr\u00e1vne zarovnan\u00fd, aby sa predi\u0161lo jeho zaseknutiu a opotrebovaniu. Pou\u017eitie vhodn\u00fdch mont\u00e1\u017enych podpier pom\u00f4\u017ee valec \u00fa\u010dinne zaisti\u0165. Zave\u010fte postup kontroly a kalibr\u00e1cie syst\u00e9mu, aby syst\u00e9m fungoval hladko.<\/p>\n<p><img decoding=\"async\" src=\"https:\/\/www.hydraulic-cylinders.net\/wp-content\/uploads\/2025\/04\/songte-chushion-collar.webp\" alt=\"Vank\u00fa\u0161ov\u00fd golier\"><\/p>\n<h2>Bezpe\u010dnostn\u00e9 aspekty a faktory prostredia<\/h2>\n<p>Pri pr\u00e1ci s hydraulick\u00fdmi syst\u00e9mami je pochopenie bezpe\u010dnostn\u00fdch opatren\u00ed prvorad\u00e9. Obsluha mus\u00ed by\u0165 vy\u0161kolen\u00e1 v rozpoznan\u00ed potenci\u00e1lnych nebezpe\u010denstiev spojen\u00fdch s hydraulick\u00fdmi syst\u00e9mami, ako je vysok\u00fd tlak a \u00faniky kvapal\u00edn. Dodr\u017eiavanie bezpe\u010dnostn\u00fdch protokolov chr\u00e1ni nielen obsluhu, ale aj zariadenie a \u017eivotn\u00e9 prostredie.<\/p>\n<h2>Diagnostika por\u00fach a be\u017en\u00e9 probl\u00e9my<\/h2>\n<ul>\n<li><strong>\u00daniky hydraulickej kvapaliny:<\/strong> Pravidelne kontrolujte tesnenia a spoje, \u010di nevykazuj\u00fa zn\u00e1mky netesnost\u00ed. Netesnosti m\u00f4\u017eu vies\u0165 k strate tlaku a poruche syst\u00e9mu.<\/li>\n<li><strong>Slab\u00fd v\u00fdkon valca:<\/strong> Ak sa valec nevys\u00fava alebo nezas\u00fava plynulo, m\u00f4\u017ee to znamena\u0165 n\u00edzku hladinu hydraulickej kvapaliny alebo po\u0161koden\u00e9 tesnenia.<\/li>\n<li><strong>Nezvy\u010dajn\u00e9 zvuky:<\/strong> Po\u010das prev\u00e1dzky po\u010d\u00favajte ak\u00e9ko\u013evek \u0161kr\u00edpav\u00e9 alebo klepav\u00e9 zvuky, ktor\u00e9 m\u00f4\u017eu nazna\u010dova\u0165 mechanick\u00e9 probl\u00e9my vo valci.<\/li>\n<\/ul>\n<p>Na rie\u0161enie t\u00fdchto probl\u00e9mov je potrebn\u00fd okam\u017eit\u00fd z\u00e1sah. Pravideln\u00e1 \u00fadr\u017eba a spr\u00e1vne kontroly m\u00f4\u017eu pom\u00f4c\u0165 predch\u00e1dza\u0165 mnoh\u00fdm be\u017en\u00fdm probl\u00e9mom. Pou\u017e\u00edvanie kvalitn\u00fdch n\u00e1hradn\u00fdch dielov zais\u0165uje spo\u013eahlivos\u0165 a \u00fa\u010dinnos\u0165 valca ramena.<\/p>\n<p><img decoding=\"async\" src=\"https:\/\/www.hydraulic-cylinders.net\/wp-content\/uploads\/2025\/04\/songte-bushings-with-all-kinds-of-excavator-models.webp\" alt=\"Puzdr\u00e1 s modelmi bagrov\"><\/p>\n<h2>Profil spolo\u010dnosti<\/h2>\n<p>Sme popredn\u00fdm v\u00fdrobcom a ve\u013ekoobchodn\u00edkom hydraulick\u00fdch valcov a pon\u00fakame \u0161irok\u00fa \u0161k\u00e1lu produktov, ktor\u00e9 sp\u013a\u0148aj\u00fa po\u017eiadavky dom\u00e1ceho aj medzin\u00e1rodn\u00e9ho trhu. N\u00e1\u0161 z\u00e1v\u00e4zok k dokonalosti n\u00e1s vedie k implement\u00e1cii prepracovanej strat\u00e9gie riadenia v\u00fdroby so zameran\u00edm na kvalitu a efekt\u00edvnos\u0165. Vyu\u017e\u00edvan\u00edm pokro\u010dil\u00fdch v\u00fdrobn\u00fdch technol\u00f3gi\u00ed, kvalifikovan\u00fdch odborn\u00edkov a pr\u00edsnych testovac\u00edch syst\u00e9mov neust\u00e1le zlep\u0161ujeme na\u0161e v\u00fdrobn\u00e9 kapacity.<\/p>\n<p>Na\u0161e slu\u017eby zah\u0155\u0148aj\u00fa rie\u0161enia na mieru prisp\u00f4soben\u00e9 \u0161pecifick\u00fdm po\u017eiadavk\u00e1m klientov, podlo\u017een\u00e9 medzin\u00e1rodn\u00fdmi certifik\u00e1ciami, ktor\u00e9 zaru\u010duj\u00fa kvalitu a spo\u013eahlivos\u0165 na\u0161ich produktov. Sme hrd\u00ed na n\u00e1\u0161 popredajn\u00fd servis, ktor\u00fd poskytuje podporu a \u00fadr\u017ebu, aby sme zabezpe\u010dili optim\u00e1lny v\u00fdkon na\u0161ich produktov po\u010das celej ich \u017eivotnosti.<\/p>\n<p><img decoding=\"async\" src=\"https:\/\/www.hydraulic-cylinders.net\/wp-content\/uploads\/2025\/04\/songte-company-4.webp\" alt=\"Obr\u00e1zok spolo\u010dnosti 4\"><br \/>\n<img decoding=\"async\" src=\"https:\/\/www.hydraulic-cylinders.net\/wp-content\/uploads\/2025\/04\/songte-company-3.webp\" alt=\"Obr\u00e1zok spolo\u010dnosti 3\"><\/p>\n<p>Autor: lyl<\/p>","protected":false},"excerpt":{"rendered":"<p>Boom Cylinder For Atlas 2006LC Introduction to Boom Cylinder The Boom Cylinder for Atlas 2006LC is a specialized hydraulic cylinder designed to control the movement of various heavy machinery, including excavators, backhoe loaders, and front loaders. This essential component allows the bucket to lift, lower, and tilt, facilitating efficient material handling tasks. These hydraulic cylinders [&hellip;]<\/p>","protected":false},"featured_media":17872,"comment_status":"open","ping_status":"closed","template":"","meta":{"_et_pb_use_builder":"","_et_pb_old_content":"","_et_gb_content_width":""},"product_brand":[],"product_cat":[1546],"product_tag":[1547,1496],"class_list":{"0":"post-19639","1":"product","2":"type-product","3":"status-publish","4":"has-post-thumbnail","6":"product_cat-boom-cylinders","7":"product_tag-boom-cylinders","8":"product_tag-hydraulic-cylinders","10":"first","11":"instock","12":"shipping-taxable","13":"product-type-simple"},"amp_enabled":true,"_links":{"self":[{"href":"https:\/\/www.hydraulic-cylinders.net\/sk\/wp-json\/wp\/v2\/product\/19639","targetHints":{"allow":["GET"]}}],"collection":[{"href":"https:\/\/www.hydraulic-cylinders.net\/sk\/wp-json\/wp\/v2\/product"}],"about":[{"href":"https:\/\/www.hydraulic-cylinders.net\/sk\/wp-json\/wp\/v2\/types\/product"}],"replies":[{"embeddable":true,"href":"https:\/\/www.hydraulic-cylinders.net\/sk\/wp-json\/wp\/v2\/comments?post=19639"}],"wp:featuredmedia":[{"embeddable":true,"href":"https:\/\/www.hydraulic-cylinders.net\/sk\/wp-json\/wp\/v2\/media\/17872"}],"wp:attachment":[{"href":"https:\/\/www.hydraulic-cylinders.net\/sk\/wp-json\/wp\/v2\/media?parent=19639"}],"wp:term":[{"taxonomy":"product_brand","embeddable":true,"href":"https:\/\/www.hydraulic-cylinders.net\/sk\/wp-json\/wp\/v2\/product_brand?post=19639"},{"taxonomy":"product_cat","embeddable":true,"href":"https:\/\/www.hydraulic-cylinders.net\/sk\/wp-json\/wp\/v2\/product_cat?post=19639"},{"taxonomy":"product_tag","embeddable":true,"href":"https:\/\/www.hydraulic-cylinders.net\/sk\/wp-json\/wp\/v2\/product_tag?post=19639"}],"curies":[{"name":"pracovn\u00fd list","href":"https:\/\/api.w.org\/{rel}","templated":true}]}}