{"id":19640,"date":"2025-04-07T06:59:04","date_gmt":"2025-04-07T06:59:04","guid":{"rendered":"https:\/\/www.hydraulic-cylinders.net\/product\/boom-cylinder-for-atlas-2306lc\/"},"modified":"2025-04-07T06:59:07","modified_gmt":"2025-04-07T06:59:07","slug":"boom-cylinder-for-atlas-2306lc","status":"publish","type":"product","link":"https:\/\/www.hydraulic-cylinders.net\/sk\/produkt\/boom-cylinder-for-atlas-2306lc\/","title":{"rendered":"Valec v\u00fdlo\u017en\u00edka pre Atlas 2306LC"},"content":{"rendered":"<h1>Valec v\u00fdlo\u017en\u00edka pre Atlas 2306LC<\/h1>\n<h2>\u00davod do valca v\u00fdlo\u017en\u00edka<\/h2>\n<p>Hydraulick\u00fd valec v\u00fdlo\u017en\u00edka je z\u00e1kladn\u00fd komponent navrhnut\u00fd \u0161peci\u00e1lne pre \u0165a\u017ek\u00e9 stroje, ako s\u00fa r\u00fdpadl\u00e1, r\u00fdpadlo-naklada\u010de a \u010deln\u00e9 naklada\u010de. Tento hydraulick\u00fd valec je k\u013e\u00fa\u010dov\u00fd pre ovl\u00e1danie pohybu ly\u017eice, \u010do umo\u017e\u0148uje jej efekt\u00edvne zdv\u00edhanie, sp\u00fa\u0161\u0165anie a nakl\u00e1\u0148anie, \u010do je nevyhnutn\u00e9 pre \u00falohy manipul\u00e1cie s materi\u00e1lom. V hydraulick\u00fdch syst\u00e9moch tieto valce premie\u0148aj\u00fa hydraulick\u00fd tlak na mechanick\u00fa silu, \u010do umo\u017e\u0148uje obsluhe vykon\u00e1va\u0165 zlo\u017eit\u00e9 \u00falohy s presnos\u0165ou a \u013eahkos\u0165ou.<\/p>\n<p><img decoding=\"async\" src=\"https:\/\/www.hydraulic-cylinders.net\/wp-content\/uploads\/2025\/04\/songte-company-1.webp\" alt=\"Valec v\u00fdlo\u017en\u00edka\" \/><\/p>\n<h2>Vlastnosti valca v\u00fdlo\u017en\u00edka<\/h2>\n<ul>\n<li><strong>Vysok\u00e1 pevnos\u0165 a odolnos\u0165:<\/strong> Vyroben\u00e9 z vysokopevnostnej ocele alebo hlin\u00edka, navrhnut\u00e9 tak, aby odolali vysok\u00e9mu tlaku a \u0165a\u017ek\u00e9mu za\u0165a\u017eeniu a z\u00e1rove\u0148 sa prisp\u00f4sobili n\u00e1ro\u010dn\u00fdm pracovn\u00fdm podmienkam. Odolnos\u0165 proti opotrebovaniu a kor\u00f3zii s\u00fa k\u013e\u00fa\u010dov\u00e9 vlastnosti, ktor\u00e9 predl\u017euj\u00fa \u017eivotnos\u0165 produktu.<\/li>\n<li><strong>Efekt\u00edvna hydraulick\u00e1 prev\u00e1dzka:<\/strong> Vyu\u017e\u00edva hydraulick\u00fd tlak oleja pre plynul\u00e9 vys\u00favanie a zas\u00favanie, r\u00fdchlo reaguje na povely obsluhy a poskytuje zna\u010dn\u00fa tla\u010dn\u00fa a \u0165a\u017en\u00fa silu, ide\u00e1lnu na manipul\u00e1ciu s \u0165a\u017ek\u00fdmi materi\u00e1lmi a zlo\u017eit\u00fdmi \u00falohami.<\/li>\n<li><strong>R\u00f4zne typy:<\/strong> K dispoz\u00edcii s jedno\u010dinn\u00fdmi (pracuj\u00facimi v jednom smere) alebo dvoj\u010dinn\u00fdmi (pracuj\u00facimi v oboch smeroch) valcami, ktor\u00e9 vyhovuj\u00fa r\u00f4znym prev\u00e1dzkov\u00fdm potreb\u00e1m. Niektor\u00e9 modely s\u00fa teleskopick\u00e9, \u010do umo\u017e\u0148uje v\u00e4\u010d\u0161ie vysunutie bez zv\u00e4\u010d\u0161enia vonkaj\u0161\u00edch rozmerov, vhodn\u00e9 pre aplik\u00e1cie s obmedzen\u00fdm priestorom.<\/li>\n<li><strong>Z\u00e1kazkov\u00e1 v\u00fdroba:<\/strong> Na\u0161e produkty dok\u00e1\u017eu dokonale nahradi\u0165 r\u00f4zne hydraulick\u00e9 valce, \u010d\u00edm zabezpe\u010duj\u00fa kompatibilitu a v\u00fdkon.<\/li>\n<\/ul>\n<p><img decoding=\"async\" src=\"https:\/\/www.hydraulic-cylinders.net\/wp-content\/uploads\/2025\/04\/songte-cylinder-head-with-all-kinds-excavator-models.webp\" alt=\"Hlava valcov\" \/><\/p>\n<h2>Aplik\u00e1cie valca v\u00fdlo\u017en\u00edka<\/h2>\n<h3>Stavebn\u00e9 stroje<\/h3>\n<p>V r\u00fdpadl\u00e1ch s\u00fa valce v\u00fdlo\u017en\u00edka nevyhnutn\u00e9 na kopanie, nakladanie a premiest\u0148ovanie zeminy alebo sutiny. Poskytuj\u00fa potrebn\u00fa silu na zapustenie ly\u017eice do zeme a zdvihnutie n\u00e1kladu na prepravu. V r\u00fdpadlo-naklada\u010doch pom\u00e1ha valec ly\u017eice nielen pri kopan\u00ed, ale aj pri zdv\u00edhan\u00ed materi\u00e1lov z jedn\u00e9ho miesta na druh\u00e9, v\u010faka \u010domu je nepostr\u00e1date\u013en\u00fdm n\u00e1strojom na stavenisk\u00e1ch.<\/p>\n<h3>Po\u013enohospod\u00e1rske stroje<\/h3>\n<p>V \u010deln\u00fdch naklada\u010doch s\u00fa tieto valce nevyhnutn\u00e9 na naberanie, zdv\u00edhanie a prepravu p\u00f4dy, sena a in\u00fdch materi\u00e1lov. Schopnos\u0165 valca v\u00fdlo\u017en\u00edka efekt\u00edvne zdv\u00edha\u0165 a sp\u00fa\u0161\u0165a\u0165 ly\u017eicu zvy\u0161uje produktivitu v po\u013enohospod\u00e1rskych oper\u00e1ci\u00e1ch, ako je nakladanie obilia alebo preprava hnoj\u00edv a in\u00fdch z\u00e1sob.<\/p>\n<h3>R\u00fdpadl\u00e1<\/h3>\n<p>Valec ly\u017eice v r\u00fdpadl\u00e1ch umo\u017e\u0148uje ly\u017eici efekt\u00edvne prenika\u0165 do p\u00f4dy, \u010do u\u013eah\u010duje kopanie. T\u00e1to schopnos\u0165 je k\u013e\u00fa\u010dov\u00e1 pri v\u00fdkopov\u00fdch \u00faloh\u00e1ch, kde je potrebn\u00e1 presnos\u0165 a v\u00fdkon na efekt\u00edvne odstr\u00e1nenie zeminy a in\u00fdch materi\u00e1lov.<\/p>\n<h3>Naklada\u010de<\/h3>\n<p>V \u010deln\u00fdch naklada\u010doch pom\u00e1haj\u00fa valce v\u00fdlo\u017en\u00edka efekt\u00edvne zdv\u00edha\u0165 a vyklada\u0165 bremen\u00e1. Ich kon\u0161trukcia zabezpe\u010duje, \u017ee oper\u00e1tori m\u00f4\u017eu \u013eahko manipulova\u0165 s \u0165a\u017ek\u00fdmi materi\u00e1lmi, \u010d\u00edm sa zvy\u0161uje celkov\u00e1 prev\u00e1dzkov\u00e1 efektivita na pracovisk\u00e1ch.<\/p>\n<h2>\u00davahy o dizajne a krit\u00e9ri\u00e1 v\u00fdberu<\/h2>\n<h3>Nosnos\u0165<\/h3>\n<p>Nosnos\u0165 je kritick\u00fdm faktorom pri kon\u0161trukcii valcov v\u00fdlo\u017en\u00edka. Vz\u0165ahuje sa na to, ak\u00fa hmotnos\u0165 dok\u00e1\u017ee valec bezpe\u010dne zdvihn\u00fa\u0165 a s ktorou m\u00f4\u017ee man\u00e9vrova\u0165. V\u00fdber valca s vhodnou nosnos\u0165ou zais\u0165uje prev\u00e1dzkov\u00fa bezpe\u010dnos\u0165 a zabra\u0148uje pred\u010dasn\u00e9mu opotrebovaniu alebo poruche. Medzi faktory ovplyv\u0148uj\u00face nosnos\u0165 patr\u00ed pevnos\u0165 materi\u00e1lu, kon\u0161truk\u010dn\u00e1 geometria a vlastnosti hydraulickej kvapaliny.<\/p>\n<h3>Tesnenie<\/h3>\n<p>Tesniace schopnosti zohr\u00e1vaj\u00fa k\u013e\u00fa\u010dov\u00fa \u00falohu v \u017eivotnosti a v\u00fdkone hydraulick\u00fdch valcov. Vysokokvalitn\u00e9 tesnenia zabra\u0148uj\u00fa \u00faniku hydraulickej kvapaliny, \u010d\u00edm zabezpe\u010duj\u00fa efekt\u00edvnu prev\u00e1dzku a minimalizuj\u00fa vplyv na \u017eivotn\u00e9 prostredie. Tesnenia vyroben\u00e9 z materi\u00e1lov ako polyuret\u00e1n a nitrilov\u00fd kau\u010duk s\u00fa uprednost\u0148ovan\u00e9 pre svoju trvanlivos\u0165 a odolnos\u0165 vo\u010di opotrebovaniu. Spr\u00e1vne navrhnut\u00e9 tesniace syst\u00e9my tie\u017e zni\u017euj\u00fa potrebu \u00fadr\u017eby a prev\u00e1dzkov\u00e9 prestoje.<\/p>\n<h3>Trvanlivos\u0165<\/h3>\n<p>Trvanlivos\u0165 zah\u0155\u0148a nieko\u013eko aspektov vr\u00e1tane v\u00fdberu materi\u00e1lu, odolnosti vo\u010di opotrebovaniu a kor\u00f3zii a schopnosti odol\u00e1va\u0165 n\u00e1rokom n\u00e1ro\u010dnej prev\u00e1dzky. Dobre navrhnut\u00fd hydraulick\u00fd valec by mal by\u0165 vyroben\u00fd z robustn\u00fdch materi\u00e1lov, ktor\u00e9 vydr\u017eia n\u00e1ro\u010dn\u00e9 podmienky, \u010d\u00edm sa zabezpe\u010d\u00ed dlh\u0161ia \u017eivotnos\u0165 a spo\u013eahliv\u00fd v\u00fdkon v priebehu \u010dasu.<\/p>\n<h3>Bezpe\u010dnos\u0165<\/h3>\n<p>Bezpe\u010dnos\u0165 je pri navrhovan\u00ed valcov ramena prvorad\u00e1. Funkcie, ako je ochrana proti pre\u0165a\u017eeniu, spr\u00e1vne syst\u00e9my na zn\u00ed\u017eenie tlaku a robustn\u00e1 \u0161truktur\u00e1lna integrita, s\u00fa nevyhnutn\u00e9 na predch\u00e1dzanie nehod\u00e1m. Kon\u0161trukcia valca by mala by\u0165 tie\u017e v s\u00falade s pr\u00edslu\u0161n\u00fdmi bezpe\u010dnostn\u00fdmi normami a predpismi, aby sa zabezpe\u010dila jeho bezpe\u010dn\u00e1 prev\u00e1dzka v r\u00e1mci stanoven\u00fdch limitov.<\/p>\n<h3>Udr\u017eiavate\u013enos\u0165<\/h3>\n<p>\u00dadr\u017eba sa vz\u0165ahuje na to, ak\u00e9 \u013eahk\u00e9 je vykon\u00e1va\u0165 servis a opravy hydraulick\u00e9ho valca. Funkcie, ako s\u00fa pr\u00edstupn\u00e9 tesniace syst\u00e9my, vymenite\u013en\u00e9 komponenty a jednoduch\u00fd dizajn, prispievaj\u00fa k efekt\u00edvnym postupom \u00fadr\u017eby. Pravideln\u00e1 \u00fadr\u017eba umo\u017e\u0148uje v\u010dasn\u00e9 odhalenie probl\u00e9mov, minimalizuje prestoje a predl\u017euje prev\u00e1dzkov\u00fa \u017eivotnos\u0165 valca.<\/p>\n<p><img decoding=\"async\" src=\"https:\/\/www.hydraulic-cylinders.net\/wp-content\/uploads\/2025\/04\/songte-oil-pipes-and-spare-parts.webp\" alt=\"Olejov\u00e9 potrubia a n\u00e1hradn\u00e9 diely\" \/><\/p>\n<h2>Tesnenie a mazanie<\/h2>\n<p>Tesnenie a mazanie valcov v\u00fdlo\u017en\u00edka s\u00fa nevyhnutn\u00e9 pre udr\u017eanie optim\u00e1lneho v\u00fdkonu. R\u00f4zne tesniace komponenty, ako s\u00fa tesnenia piestov a tesnenia ty\u010d\u00ed, s\u00fa k\u013e\u00fa\u010dov\u00e9 pre zabr\u00e1nenie \u00faniku hydraulickej kvapaliny. Tesnenia vyroben\u00e9 z materi\u00e1lov odoln\u00fdch vo\u010di opotrebovaniu, ako je polyuret\u00e1n a nitrilov\u00fd kau\u010duk, zais\u0165uj\u00fa dlh\u00fa \u017eivotnos\u0165 a \u00fa\u010dinnos\u0165. Okrem toho, teleso valca a z\u00e1vitov\u00e9 konce prech\u00e1dzaj\u00fa jemn\u00fdm spracovan\u00edm, aby sa zv\u00fd\u0161ila odolnos\u0165 vo\u010di opotrebovaniu. Pravideln\u00e9 mazanie hydraulick\u00fdm olejom je nevyhnutn\u00e9 pre udr\u017eanie hladk\u00e9ho chodu a zabr\u00e1nenie opotrebovaniu.<\/p>\n<h2>Opatrenia prevent\u00edvnej \u00fadr\u017eby<\/h2>\n<ul>\n<li><strong>Pravideln\u00e9 kontroly:<\/strong> Pravideln\u00e9 kontroly pom\u00e1haj\u00fa identifikova\u0165 opotrebovanie sk\u00f4r, ako sa z neho stan\u00fa z\u00e1va\u017en\u00e9 probl\u00e9my. Skontrolujte, \u010di sa nevyskytuj\u00fa zn\u00e1mky \u00faniku, nespr\u00e1vneho zarovnania alebo fyzick\u00e9ho po\u0161kodenia, a tieto probl\u00e9my okam\u017eite rie\u0161te.<\/li>\n<li><strong>Vhodn\u00e9 mazanie:<\/strong> Uistite sa, \u017ee hydraulick\u00fd valec je dostato\u010dne mazan\u00fd spr\u00e1vnym typom hydraulickej kvapaliny. Pravideln\u00e1 kontrola a dop\u013a\u0148anie hydraulick\u00e9ho oleja zabr\u00e1ni nadmern\u00e9mu opotrebovaniu a udr\u017e\u00ed v\u00fdkon.<\/li>\n<li><strong>V\u00fdmena tesnenia:<\/strong> Tesnenia sa \u010dasom opotreb\u00favaj\u00fa v d\u00f4sledku neust\u00e1leho tlaku a pohybu. Pravidelne kontrolujte tesnenia, \u010di nevykazuj\u00fa zn\u00e1mky po\u0161kodenia alebo opotrebovania, a v pr\u00edpade potreby ich vyme\u0148te, aby ste predi\u0161li \u00fanikom a zachovali ich \u00fa\u010dinnos\u0165.<\/li>\n<\/ul>\n<h2>Pokyny na in\u0161tal\u00e1ciu<\/h2>\n<p>Spr\u00e1vna in\u0161tal\u00e1cia valca v\u00fdlo\u017en\u00edka je k\u013e\u00fa\u010dov\u00e1 pre jeho v\u00fdkon a dlh\u00fa \u017eivotnos\u0165. Za\u010dnite t\u00fdm, \u017ee sa uist\u00edte, \u017ee v\u0161etky komponenty s\u00fa kompatibiln\u00e9 a bez ne\u010dist\u00f4t. Valec spr\u00e1vne zarovnajte s mont\u00e1\u017enymi konzolami, aby ste predi\u0161li nadmern\u00e9mu nam\u00e1haniu. Na zaistenie presn\u00e9ho umiestnenia po\u010das in\u0161tal\u00e1cie pou\u017eite vhodn\u00e9 mont\u00e1\u017ene pr\u00edpravky. Valec zaistite pomocou spr\u00e1vnych upev\u0148ovac\u00edch prvkov a nastaven\u00ed kr\u00fatiaceho momentu pod\u013ea pokynov v\u00fdrobcu. Po in\u0161tal\u00e1cii otestujte hydraulick\u00fd syst\u00e9m, aby ste sa uistili, \u017ee funguje hladko, bez \u00fanikov alebo prek\u00e1\u017eok.<\/p>\n<h2>Be\u017en\u00e9 \u00falohy \u00fadr\u017eby<\/h2>\n<ul>\n<li><strong>Pravideln\u00e1 kontrola:<\/strong> Skontrolujte, \u010di nie s\u00fa \u017eiadne fyzick\u00e9 po\u0161kodenia, netesnosti alebo zn\u00e1mky opotrebovania. V\u010dasn\u00e9 odhalenie probl\u00e9mov m\u00f4\u017ee pred\u00eds\u0165 v\u00e4\u010d\u0161\u00edm probl\u00e9mom v bud\u00facnosti.<\/li>\n<li><strong>Spr\u00e1vne mazanie:<\/strong> Uistite sa, \u017ee v\u0161etky pohybliv\u00e9 \u010dasti s\u00fa dostato\u010dne namazan\u00e9 spr\u00e1vnou hydraulickou kvapalinou. Tento krok je k\u013e\u00fa\u010dov\u00fd pre efekt\u00edvnu prev\u00e1dzku a zn\u00ed\u017eenie opotrebenia.<\/li>\n<li><strong>V\u00fdmena tesnenia:<\/strong> Sledujte stav tesnen\u00ed a pod\u013ea potreby ich vyme\u0148te, aby ste predi\u0161li \u00faniku hydraulickej kvapaliny, \u010do m\u00f4\u017ee ovplyvni\u0165 v\u00fdkon a bezpe\u010dnos\u0165 syst\u00e9mu.<\/li>\n<\/ul>\n<p>Po\u010das in\u0161tal\u00e1cie je nevyhnutn\u00e9 zachova\u0165 spr\u00e1vne zarovnanie, aby sa predi\u0161lo pred\u010dasn\u00e9mu zlyhaniu. Na upevnenie valca pou\u017eite vhodn\u00e9 mont\u00e1\u017ene konzoly a uistite sa, \u017ee v\u0161etky spoje s\u00fa utiahnut\u00e9 pod\u013ea \u0161pecifik\u00e1ci\u00ed. Pravidelne kontrolujte svoj pl\u00e1n \u00fadr\u017eby, aby ste do\u0148 zahrnuli postupy kontroly a v\u00fdmeny, ako aj slu\u017eby repase, aby ste pred\u013a\u017eili \u017eivotnos\u0165 valca ramena.<\/p>\n<p><img decoding=\"async\" src=\"https:\/\/www.hydraulic-cylinders.net\/wp-content\/uploads\/2025\/04\/songte-chushion-collar.webp\" alt=\"Vank\u00fa\u0161ov\u00fd golier\" \/><\/p>\n<h2>Bezpe\u010dnostn\u00e9 aspekty a faktory prostredia<\/h2>\n<p>Pri pou\u017e\u00edvan\u00ed hydraulick\u00fdch valcov s\u00fa bezpe\u010dnostn\u00e9 opatrenia k\u013e\u00fa\u010dov\u00e9. Obsluha by mala by\u0165 vy\u0161kolen\u00e1 o spr\u00e1vnom fungovan\u00ed a obmedzeniach zariadenia. Je tie\u017e nevyhnutn\u00e9 zavies\u0165 ochrann\u00e9 opatrenia, ako s\u00fa pretlakov\u00e9 ventily a ochrana proti pre\u0165a\u017eeniu, aby sa predi\u0161lo nehod\u00e1m. Medzi environment\u00e1lne aspekty patr\u00ed spr\u00e1vna likvid\u00e1cia hydraulick\u00fdch kvapal\u00edn a dodr\u017eiavanie predpisov t\u00fdkaj\u00facich sa emisi\u00ed a noriem environment\u00e1lnej bezpe\u010dnosti.<\/p>\n<h2>Rie\u0161enie probl\u00e9mov a be\u017en\u00e9 probl\u00e9my<\/h2>\n<ul>\n<li><strong>\u00danik:<\/strong> \u00danik je be\u017en\u00fd probl\u00e9m, ktor\u00fd m\u00f4\u017ee vznikn\u00fa\u0165 v d\u00f4sledku opotrebovan\u00fdch tesnen\u00ed alebo nespr\u00e1vnej in\u0161tal\u00e1cie. Pravideln\u00e1 kontrola \u00fanikov a v\u00fdmena tesnen\u00ed m\u00f4\u017ee tento probl\u00e9m zmierni\u0165.<\/li>\n<li><strong>Strata energie:<\/strong> Ak valec nefunguje efekt\u00edvne, m\u00f4\u017ee to by\u0165 sp\u00f4soben\u00e9 nedostato\u010dn\u00fdm mno\u017estvom hydraulickej kvapaliny alebo upchat\u00edm hydraulick\u00fdch potrub\u00ed. Pravideln\u00e1 \u00fadr\u017eba zabezpe\u010duje dostato\u010dn\u00fa hladinu kvapal\u00edn a priechodnos\u0165 potrub\u00ed.<\/li>\n<li><strong>Hlu\u010dn\u00e1 prev\u00e1dzka:<\/strong> Nezvy\u010dajn\u00e9 zvuky po\u010das prev\u00e1dzky m\u00f4\u017eu nazna\u010dova\u0165 vn\u00fatorn\u00e9 po\u0161kodenie alebo potrebu mazania. V\u010dasn\u00e9 zistenie zdroja hluku m\u00f4\u017ee zabr\u00e1ni\u0165 \u010fal\u0161iemu po\u0161kodeniu.<\/li>\n<\/ul>\n<h2>Tipy na rie\u0161enie probl\u00e9mov<\/h2>\n<p>Pre efekt\u00edvnu diagnostiku probl\u00e9mov vykonajte d\u00f4kladn\u00fa kontrolu hydraulick\u00e9ho syst\u00e9mu, skontrolujte netesnosti, upchatia a spr\u00e1vnu hladinu kvapal\u00edn. Uistite sa, \u017ee tesnenia s\u00fa neporu\u0161en\u00e9 a valec je spr\u00e1vne zarovnan\u00fd. Zave\u010fte prevent\u00edvne opatrenia, ako s\u00fa pravideln\u00e9 kontroly \u00fadr\u017eby a v\u010dasn\u00e1 v\u00fdmena opotrebovan\u00fdch komponentov, aby ste zn\u00ed\u017eili riziko opakovan\u00fdch probl\u00e9mov. V\u010dasn\u00fdm rie\u0161en\u00edm probl\u00e9mov m\u00f4\u017eete minimalizova\u0165 prestoje a zlep\u0161i\u0165 v\u00fdkon valca v\u00fdlo\u017en\u00edka.<\/p>\n<p><img decoding=\"async\" src=\"https:\/\/www.hydraulic-cylinders.net\/wp-content\/uploads\/2025\/04\/songte-bushings-with-all-kinds-of-excavator-models.webp\" alt=\"Puzdr\u00e1 pre bagre\" \/><\/p>\n<h2>O na\u0161ej spolo\u010dnosti<\/h2>\n<p>Sme popredn\u00fdm v\u00fdrobcom a ve\u013ekoobchodn\u00edkom n\u00e1hradn\u00fdch hydraulick\u00fdch valcov s komplexn\u00fdm sortimentom produktov. N\u00e1\u0161 z\u00e1v\u00e4zok ku kvalite z n\u00e1s urobil popredn\u00e9ho hr\u00e1\u010da na dom\u00e1com aj medzin\u00e1rodnom trhu. Dodr\u017eiavame excelentnos\u0165 vo v\u00fdrobe, ktor\u00fa podporujeme prepracovan\u00fdmi strat\u00e9giami riadenia v\u00fdroby. Na\u0161e technick\u00e9 znalosti, modern\u00e9 v\u00fdrobn\u00e9 zariadenia a profesion\u00e1lne testovacie syst\u00e9my neust\u00e1le zlep\u0161uj\u00fa na\u0161e v\u00fdrobn\u00e9 kapacity. So zameran\u00edm na vysok\u00fa efektivitu, presnos\u0165 a kvalitu sa sna\u017e\u00edme uspokoji\u0165 rozmanit\u00e9 potreby na\u0161ich z\u00e1kazn\u00edkov.<\/p>\n<p><img decoding=\"async\" src=\"https:\/\/www.hydraulic-cylinders.net\/wp-content\/uploads\/2025\/04\/songte-company-4.webp\" alt=\"Preh\u013ead spolo\u010dnosti 1\" \/><br \/>\n<img decoding=\"async\" src=\"https:\/\/www.hydraulic-cylinders.net\/wp-content\/uploads\/2025\/04\/songte-company-3.webp\" alt=\"Preh\u013ead spolo\u010dnosti 2\" \/><\/p>\n<p>Na\u0161e siln\u00e9 str\u00e1nky spo\u010d\u00edvaj\u00fa v profesionalite, medzin\u00e1rodn\u00fdch certifik\u00e1ci\u00e1ch, slu\u017eb\u00e1ch na mieru, najmodernej\u0161\u00edch v\u00fdrobn\u00fdch zariadeniach a robustnej popredajnej podpore.<\/p>\n<p>Autor: lyl<\/p>","protected":false},"excerpt":{"rendered":"<p>Boom Cylinder For Atlas 2306LC Introduction to Boom Cylinder The Boom Cylinder is an essential component designed specifically for heavy machinery like excavators, backhoe loaders, and front loaders. This hydraulic cylinder is crucial for controlling the movement of the bucket, enabling it to lift, lower, and tilt efficiently, which is vital for material handling tasks. [&hellip;]<\/p>","protected":false},"featured_media":17873,"comment_status":"open","ping_status":"closed","template":"","meta":{"_et_pb_use_builder":"","_et_pb_old_content":"","_et_gb_content_width":""},"product_brand":[],"product_cat":[1546],"product_tag":[1547,1496],"class_list":{"0":"post-19640","1":"product","2":"type-product","3":"status-publish","4":"has-post-thumbnail","6":"product_cat-boom-cylinders","7":"product_tag-boom-cylinders","8":"product_tag-hydraulic-cylinders","10":"first","11":"instock","12":"shipping-taxable","13":"product-type-simple"},"amp_enabled":true,"_links":{"self":[{"href":"https:\/\/www.hydraulic-cylinders.net\/sk\/wp-json\/wp\/v2\/product\/19640","targetHints":{"allow":["GET"]}}],"collection":[{"href":"https:\/\/www.hydraulic-cylinders.net\/sk\/wp-json\/wp\/v2\/product"}],"about":[{"href":"https:\/\/www.hydraulic-cylinders.net\/sk\/wp-json\/wp\/v2\/types\/product"}],"replies":[{"embeddable":true,"href":"https:\/\/www.hydraulic-cylinders.net\/sk\/wp-json\/wp\/v2\/comments?post=19640"}],"wp:featuredmedia":[{"embeddable":true,"href":"https:\/\/www.hydraulic-cylinders.net\/sk\/wp-json\/wp\/v2\/media\/17873"}],"wp:attachment":[{"href":"https:\/\/www.hydraulic-cylinders.net\/sk\/wp-json\/wp\/v2\/media?parent=19640"}],"wp:term":[{"taxonomy":"product_brand","embeddable":true,"href":"https:\/\/www.hydraulic-cylinders.net\/sk\/wp-json\/wp\/v2\/product_brand?post=19640"},{"taxonomy":"product_cat","embeddable":true,"href":"https:\/\/www.hydraulic-cylinders.net\/sk\/wp-json\/wp\/v2\/product_cat?post=19640"},{"taxonomy":"product_tag","embeddable":true,"href":"https:\/\/www.hydraulic-cylinders.net\/sk\/wp-json\/wp\/v2\/product_tag?post=19640"}],"curies":[{"name":"pracovn\u00fd list","href":"https:\/\/api.w.org\/{rel}","templated":true}]}}