{"id":19641,"date":"2025-04-07T06:59:07","date_gmt":"2025-04-07T06:59:07","guid":{"rendered":"https:\/\/www.hydraulic-cylinders.net\/product\/boom-cylinder-for-atlas-3608lc\/"},"modified":"2025-04-07T06:59:10","modified_gmt":"2025-04-07T06:59:10","slug":"boom-cylinder-for-atlas-3608lc","status":"publish","type":"product","link":"https:\/\/www.hydraulic-cylinders.net\/sk\/produkt\/boom-cylinder-for-atlas-3608lc\/","title":{"rendered":"Valec v\u00fdlo\u017en\u00edka pre Atlas 3608LC"},"content":{"rendered":"<h1>Valec v\u00fdlo\u017en\u00edka pre Atlas 3608LC<\/h1>\n<h2>Preh\u013ead produktu<\/h2>\n<p>Hydraulick\u00fd valec v\u00fdlo\u017en\u00edka pre Atlas 3608LC je k\u013e\u00fa\u010dov\u00fdm komponentom hydraulick\u00fdch syst\u00e9mov, \u0161peci\u00e1lne navrhnut\u00fd na ovl\u00e1danie pohybu \u0165a\u017ek\u00fdch strojov, ako s\u00fa r\u00fdpadl\u00e1, r\u00fdpadlo-naklada\u010de a \u010deln\u00e9 naklada\u010de. Tento hydraulick\u00fd valec umo\u017e\u0148uje zdv\u00edhanie, sp\u00fa\u0161\u0165anie a nakl\u00e1\u0148anie v\u00fdlo\u017en\u00edka, \u010do u\u013eah\u010duje efekt\u00edvnu manipul\u00e1ciu s materi\u00e1lom. Valec ly\u017eice je skon\u0161truovan\u00fd tak, aby odolal vysok\u00e9mu tlaku a \u0165a\u017ek\u00fdm n\u00e1kladom, v\u010faka \u010domu je nevyhnutn\u00fd pre r\u00f4zne stavebn\u00e9 a priemyseln\u00e9 aplik\u00e1cie.<\/p>\n<p><img decoding=\"async\" src=\"https:\/\/www.hydraulic-cylinders.net\/wp-content\/uploads\/2025\/04\/songte-company-1.webp\" alt=\"Obr\u00e1zok valca v\u00fdlo\u017en\u00edka\" \/><\/p>\n<h2>K\u013e\u00fa\u010dov\u00e9 vlastnosti<\/h2>\n<ul>\n<li><strong>Vysok\u00e1 pevnos\u0165 a odolnos\u0165:<\/strong> Vyroben\u00fd z vysokopevnostnej ocele alebo hlin\u00edka, odol\u00e1 vysok\u00e9mu tlaku a \u0165a\u017ek\u00fdm za\u0165a\u017eeniam, v\u010faka \u010domu je vhodn\u00fd do n\u00e1ro\u010dn\u00fdch pracovn\u00fdch prostred\u00ed. Kon\u0161trukcia zoh\u013ead\u0148uje odolnos\u0165 vo\u010di opotrebovaniu a kor\u00f3zii, \u010d\u00edm sa predl\u017euje jeho \u017eivotnos\u0165.<\/li>\n<li><strong>Efekt\u00edvna hydraulick\u00e1 prev\u00e1dzka:<\/strong> Vyu\u017e\u00edva tlak hydraulick\u00e9ho oleja pre plynul\u00fd teleskopick\u00fd pohyb, \u010do umo\u017e\u0148uje r\u00fdchlu reakciu na ovl\u00e1dacie povely a poskytuje siln\u00e9 tla\u010dn\u00e9 a \u0165ahov\u00e9 sily, ide\u00e1lne na manipul\u00e1ciu s \u0165a\u017ek\u00fdmi predmetmi a zlo\u017eit\u00e9 \u00falohy.<\/li>\n<li><strong>R\u00f4zne typy:<\/strong> K dispoz\u00edcii s\u00fa s jedno\u010dinn\u00fdmi (hydraulicky ovl\u00e1dan\u00e9 iba v jednom smere) alebo dvoj\u010dinn\u00fdmi (hydraulicky ovl\u00e1dan\u00e9 v oboch smeroch) valcami, aby sp\u013a\u0148ali r\u00f4zne prev\u00e1dzkov\u00e9 potreby. Niektor\u00e9 modely s\u00fa teleskopick\u00e9, \u010do umo\u017e\u0148uje v\u00e4\u010d\u0161ie vysunutie bez zv\u00e4\u010d\u0161enia vonkaj\u0161\u00edch rozmerov, vhodn\u00e9 pre aplik\u00e1cie s obmedzen\u00fdm priestorom.<\/li>\n<li><strong>Z\u00e1kazkov\u00e1 v\u00fdroba:<\/strong> Tento produkt vieme vyrobi\u0165 na mieru pod\u013ea va\u0161ich \u0161pecifik\u00e1ci\u00ed, \u010d\u00edm zabezpe\u010d\u00edme perfektn\u00fa n\u00e1hradu za r\u00f4zne hydraulick\u00e9 valce.<\/li>\n<\/ul>\n<p><img decoding=\"async\" src=\"https:\/\/www.hydraulic-cylinders.net\/wp-content\/uploads\/2025\/04\/songte-cylinder-head-with-all-kinds-excavator-models.webp\" alt=\"Hlava valcov pre bagre\" \/><\/p>\n<h2>Aplik\u00e1cie<\/h2>\n<h3>Stavebn\u00e9 stroje<\/h3>\n<p>V r\u00fdpadl\u00e1ch s\u00fa valce v\u00fdlo\u017en\u00edka k\u013e\u00fa\u010dov\u00e9 pre kopanie, nakladanie a premiest\u0148ovanie zeminy alebo sutiny. Poskytuj\u00fa potrebn\u00fd v\u00fdkon na efekt\u00edvne vykon\u00e1vanie t\u00fdchto \u00faloh. V r\u00fdpadlo-naklada\u010doch valec v\u00fdlo\u017en\u00edka pom\u00e1ha pri v\u00fdkopov\u00fdch aj zdv\u00edhac\u00edch oper\u00e1ci\u00e1ch, \u010do umo\u017e\u0148uje obsluhe plynule prep\u00edna\u0165 medzi \u00falohami.<\/p>\n<h3>Po\u013enohospod\u00e1rske stroje<\/h3>\n<p>Valce v\u00fdlo\u017en\u00edka, ktor\u00e9 sa pou\u017e\u00edvaj\u00fa v \u010deln\u00fdch naklada\u010doch, s\u00fa nevyhnutn\u00e9 na naberanie, zdv\u00edhanie a prepravu p\u00f4dy, sena a in\u00fdch materi\u00e1lov. Zvy\u0161uj\u00fa efektivitu po\u013enohospod\u00e1rskych \u00faloh t\u00fdm, \u017ee poskytuj\u00fa v\u00fdkon potrebn\u00fd na efekt\u00edvne man\u00e9vrovanie s \u0165a\u017ek\u00fdmi bremenami.<\/p>\n<h3>R\u00fdpadl\u00e1<\/h3>\n<p>V r\u00fdpadl\u00e1ch umo\u017e\u0148uje valec v\u00fdlo\u017en\u00edka prenikn\u00fa\u0165 do p\u00f4dy, \u010do u\u013eah\u010duje proces kopania. Jeho kon\u0161trukcia zabezpe\u010duje, \u017ee obsluha m\u00f4\u017ee dosiahnu\u0165 po\u017eadovan\u00fa h\u013abku a uhol, \u010d\u00edm sa zvy\u0161uje produktivita na mieste.<\/p>\n<h3>Naklada\u010de<\/h3>\n<p>V \u010deln\u00fdch naklada\u010doch tieto valce \u00fa\u010dinne pom\u00e1haj\u00fa pri zdv\u00edhan\u00ed a vysyp\u00e1van\u00ed materi\u00e1lov. Ich spo\u013eahliv\u00fd v\u00fdkon zabezpe\u010duje, \u017ee oper\u00e1cie, ako je preprava a vysyp\u00e1vanie, sa vykon\u00e1vaj\u00fa hladko a efekt\u00edvne.<\/p>\n<h2>\u00davahy o dizajne<\/h2>\n<h3>Nosnos\u0165<\/h3>\n<p>Nosnos\u0165 valca ramena je kritick\u00fdm kon\u0161truk\u010dn\u00fdm faktorom, ktor\u00fd ur\u010duje, ak\u00fa hmotnos\u0165 dok\u00e1\u017ee bezpe\u010dne zdvihn\u00fa\u0165. Pochopenie limitov nosnosti pom\u00e1ha zabezpe\u010di\u0165, aby sa valec pou\u017e\u00edval v r\u00e1mci navrhnut\u00fdch parametrov, \u010d\u00edm sa predch\u00e1dza poruch\u00e1m a pred\u013a\u017ei sa jeho \u017eivotnos\u0165.<\/p>\n<h3>Tesniaci syst\u00e9m<\/h3>\n<p>Robustn\u00fd tesniaci syst\u00e9m je nevyhnutn\u00fd pre udr\u017eanie hydraulick\u00e9ho tlaku a zabr\u00e1nenie \u00fanikom. Vysokokvalitn\u00e9 tesnenia zabra\u0148uj\u00fa kontamin\u00e1cii a zabezpe\u010duj\u00fa optim\u00e1lny v\u00fdkon, \u010do je k\u013e\u00fa\u010dov\u00e9 pre spo\u013eahlivos\u0165 hydraulick\u00fdch syst\u00e9mov.<\/p>\n<h3>Trvanlivos\u0165<\/h3>\n<p>Trvanlivos\u0165 valca v\u00fdlo\u017en\u00edka je nevyhnutn\u00e1 pre jeho v\u00fdkon v n\u00e1ro\u010dn\u00fdch prostrediach. Kon\u0161truk\u010dn\u00e9 prvky, ako s\u00fa materi\u00e1ly odoln\u00e9 vo\u010di opotrebovaniu a ochrann\u00e9 n\u00e1tery, prispievaj\u00fa k dlhej \u017eivotnosti a spo\u013eahlivosti valca a zni\u017euj\u00fa potrebu \u00fadr\u017eby.<\/p>\n<h3>Bezpe\u010dnostn\u00e9 prvky<\/h3>\n<p>Bezpe\u010dnos\u0165 je pri kon\u0161trukcii hydraulick\u00fdch valcov prvorad\u00e1. Funkcie, ako s\u00fa pretlakov\u00e9 ventily a bezpe\u010dnostn\u00e9 prvky, s\u00fa nevyhnutn\u00e9 na predch\u00e1dzanie nehod\u00e1m a zabezpe\u010denie bezpe\u010dnej prev\u00e1dzky po\u010das zdv\u00edhania \u0165a\u017ek\u00fdch bremien.<\/p>\n<h3>Pou\u017eite\u013enos\u0165<\/h3>\n<p>Jednoduch\u00e1 \u00fadr\u017eba je \u010fal\u0161\u00edm k\u013e\u00fa\u010dov\u00fdm kon\u0161truk\u010dn\u00fdm krit\u00e9riom. Hydraulick\u00e9 valce by mali by\u0165 navrhnut\u00e9 tak, aby mali \u013eahk\u00fd pr\u00edstup ku komponentom, \u010do by umo\u017e\u0148ovalo r\u00fdchle opravy a v\u00fdmeny pod\u013ea potreby a zabezpe\u010dovalo minim\u00e1lne prestoje strojov.<\/p>\n<p><img decoding=\"async\" src=\"https:\/\/www.hydraulic-cylinders.net\/wp-content\/uploads\/2025\/04\/songte-oil-pipes-and-spare-parts.webp\" alt=\"Olejov\u00e9 potrubia a n\u00e1hradn\u00e9 diely\" \/><\/p>\n<h2>Tesnenie a mazanie<\/h2>\n<p>Tesniaci syst\u00e9m vo valci v\u00fdlo\u017en\u00edka vyu\u017e\u00edva r\u00f4zne tesnenia vr\u00e1tane piestnych tesnen\u00ed a tesnen\u00ed ty\u010d\u00ed, vyroben\u00e9 z materi\u00e1lov odoln\u00fdch vo\u010di oderu, ako je polyuret\u00e1n a nitrilov\u00fd kau\u010duk. Teleso valca a z\u00e1vitov\u00e9 koncov\u00e9 plochy s\u00fa jemne opracovan\u00e9 pre zv\u00fd\u0161enie odolnosti vo\u010di opotrebovaniu. Pravideln\u00e9 mazanie hydraulick\u00fdm olejom je nevyhnutn\u00e9 pre zabezpe\u010denie hladk\u00e9ho chodu a prevenciu opotrebovania.<\/p>\n<h2>Opatrenia prevent\u00edvnej \u00fadr\u017eby<\/h2>\n<ul>\n<li><strong>Pravideln\u00e9 kontroly:<\/strong> Vykon\u00e1vajte pravideln\u00e9 kontroly, aby ste identifikovali ak\u00e9ko\u013evek zn\u00e1mky opotrebovania alebo po\u0161kodenia. V\u010dasn\u00e9 odhalenie probl\u00e9mov m\u00f4\u017ee zabr\u00e1ni\u0165 z\u00e1va\u017en\u00fdm poruch\u00e1m.<\/li>\n<li><strong>Vhodn\u00e9 mazanie:<\/strong> Uistite sa, \u017ee hydraulick\u00fd olej je na spr\u00e1vnej hladine a pravidelne ho dop\u013a\u0148ajte, aby ste udr\u017eali optim\u00e1lny v\u00fdkon.<\/li>\n<li><strong>V\u00fdmena tesnenia:<\/strong> Vyme\u0148te tesnenia pri prv\u00fdch zn\u00e1mkach opotrebenia, aby ste predi\u0161li \u00fanikom a udr\u017eali hydraulick\u00fd tlak.<\/li>\n<\/ul>\n<h2>Pokyny na in\u0161tal\u00e1ciu<\/h2>\n<p>Spr\u00e1vna in\u0161tal\u00e1cia je k\u013e\u00fa\u010dov\u00e1 pre v\u00fdkon a dlh\u00fa \u017eivotnos\u0165 valca ramena. Za\u010dnite t\u00fdm, \u017ee sa uist\u00edte, \u017ee v\u0161etky komponenty s\u00fa \u010dist\u00e9 a bez ne\u010dist\u00f4t. Na presn\u00e9 umiestnenie valca pou\u017eite vhodn\u00e9 zarovn\u00e1vacie n\u00e1stroje a zaistite ho vhodn\u00fdmi mont\u00e1\u017enymi konzolami. Dodr\u017eiavajte \u0161pecifik\u00e1cie v\u00fdrobcu t\u00fdkaj\u00face sa hydraulick\u00fdch pripojen\u00ed a nastavenia kr\u00fatiaceho momentu. Po in\u0161tal\u00e1cii vykonajte funk\u010dn\u00e9 testy, aby ste sa uistili, \u017ee v\u0161etko funguje hladko.<\/p>\n<h2>Be\u017en\u00e9 \u00falohy \u00fadr\u017eby<\/h2>\n<ul>\n<li><strong>Pravideln\u00e9 kontroly:<\/strong> Vykon\u00e1vajte pravideln\u00e9 kontroly hydraulick\u00e9ho syst\u00e9mu, aby ste identifikovali ak\u00e9ko\u013evek netesnosti alebo nezrovnalosti vo v\u00fdkone. V\u010dasn\u00e9 rie\u0161enie probl\u00e9mov m\u00f4\u017ee pred\u00eds\u0165 z\u00e1va\u017enej\u0161\u00edm probl\u00e9mom.<\/li>\n<li><strong>Spr\u00e1vne mazanie:<\/strong> Uistite sa, \u017ee valec v\u00fdlo\u017en\u00edka je spr\u00e1vne namazan\u00fd pod\u013ea odpor\u00fa\u010dan\u00ed v\u00fdrobcu. Dostato\u010dn\u00e9 mazanie minimalizuje trenie a opotrebovanie.<\/li>\n<li><strong>V\u00fdmena tesnenia:<\/strong> Pravidelne sledujte stav tesnen\u00ed. V\u00fdmena opotrebovan\u00fdch tesnen\u00ed je nevyhnutn\u00e1 pre udr\u017eanie hydraulick\u00e9ho tlaku a prevenciu \u00fanikov.<\/li>\n<\/ul>\n<h2>Bezpe\u010dnostn\u00e9 aspekty a faktory prostredia<\/h2>\n<p>Pri pou\u017e\u00edvan\u00ed hydraulick\u00fdch valcov musia by\u0165 bezpe\u010dnostn\u00e9 opatrenia uprednost\u0148ovan\u00e9. Obsluha by mala by\u0165 vy\u0161kolen\u00e1 o spr\u00e1vnom pou\u017e\u00edvan\u00ed a potenci\u00e1lnych nebezpe\u010denstv\u00e1ch spojen\u00fdch so zariaden\u00edm. Mali by sa nosi\u0165 ochrann\u00e9 pom\u00f4cky a pracovn\u00fd priestor by mal by\u0165 zbaven\u00fd nepotrebn\u00fdch os\u00f4b a prek\u00e1\u017eok, aby sa minimalizovali rizik\u00e1. Medzi environment\u00e1lne aspekty patr\u00ed spr\u00e1vna likvid\u00e1cia hydraulick\u00fdch kvapal\u00edn a zabezpe\u010denie udr\u017eate\u013en\u00e9ho z\u00edskavania v\u0161etk\u00fdch komponentov.<\/p>\n<h2>Diagnostika por\u00fach a be\u017en\u00e9 probl\u00e9my<\/h2>\n<ul>\n<li><strong>Probl\u00e9my s \u00fanikom:<\/strong> \u00daniky hydraulickej kvapaliny m\u00f4\u017eu nazna\u010dova\u0165 poruchu tesnenia alebo uvo\u013enen\u00e9 spoje. Skontrolujte tesnenia a spoje, \u010di nevykazuj\u00fa zn\u00e1mky opotrebovania alebo po\u0161kodenia, a v pr\u00edpade potreby ich vyme\u0148te.<\/li>\n<li><strong>Pomal\u00e1 prev\u00e1dzka:<\/strong> Ak sa valec v\u00fdlo\u017en\u00edka ot\u00e1\u010da pomaly, m\u00f4\u017ee to signalizova\u0165 n\u00edzku hladinu hydraulickej kvapaliny alebo vzduch v syst\u00e9me. Skontrolujte hladiny kvapal\u00edn a v pr\u00edpade potreby syst\u00e9m odvzdu\u0161nite.<\/li>\n<li><strong>Nekontrolovan\u00e9 pohyby:<\/strong> M\u00f4\u017ee to by\u0165 sp\u00f4soben\u00e9 poruchami pretlakov\u00e9ho ventilu alebo probl\u00e9mami s regula\u010dn\u00fdm ventilom. Skontrolujte tieto komponenty a v pr\u00edpade potreby ich vyme\u0148te alebo opravte.<\/li>\n<\/ul>\n<h2>Tipy na rie\u0161enie probl\u00e9mov<\/h2>\n<p>Pre efekt\u00edvne rie\u0161enie probl\u00e9mov sa v\u017edy ria\u010fte pokynmi v\u00fdrobcu. Pravideln\u00e1 \u00fadr\u017eba m\u00f4\u017ee pred\u00eds\u0165 v\u00e4\u010d\u0161ine probl\u00e9mov. Ak sa vyskytn\u00fa probl\u00e9my, za\u010dnite kontrolou hladiny hydraulickej kvapaliny, kontrolou opotrebovania tesnen\u00ed a skontrolujte pr\u00edpadn\u00e9 vidite\u013en\u00e9 netesnosti. Vedenie denn\u00edka \u00fadr\u017eby m\u00f4\u017ee pom\u00f4c\u0165 pri identifik\u00e1cii opakuj\u00facich sa probl\u00e9mov a pom\u00f4c\u0165 predch\u00e1dza\u0165 potenci\u00e1lnym probl\u00e9mom.<\/p>\n<p><img decoding=\"async\" src=\"https:\/\/www.hydraulic-cylinders.net\/wp-content\/uploads\/2025\/04\/songte-bushings-with-all-kinds-of-excavator-models.webp\" alt=\"Puzdr\u00e1 pre bagre\" \/><\/p>\n<h2>O na\u0161ej spolo\u010dnosti<\/h2>\n<p>Sme popredn\u00fdm v\u00fdrobcom n\u00e1hradn\u00fdch hydraulick\u00fdch valcov a pon\u00fakame komplexn\u00fd sortiment produktov, v\u010faka ktor\u00fdm sme sa stali jedn\u00fdm z popredn\u00fdch dod\u00e1vate\u013eov na dom\u00e1com aj medzin\u00e1rodnom trhu. Dodr\u017eiavame pr\u00edsne normy kvality, ktor\u00e9 podporujeme prepracovanou strat\u00e9giou riadenia priemyselnej v\u00fdroby. Na\u0161e zameranie na technol\u00f3gie, modern\u00e9 v\u00fdrobn\u00e9 zariadenia a profesion\u00e1lne testovacie syst\u00e9my zvy\u0161uje na\u0161e v\u00fdrobn\u00e9 mo\u017enosti, \u010do n\u00e1m umo\u017e\u0148uje uspokojova\u0165 rozmanit\u00e9 potreby z\u00e1kazn\u00edkov s vysokou efektivitou, presnos\u0165ou a kvalitou.<\/p>\n<p><img decoding=\"async\" src=\"https:\/\/www.hydraulic-cylinders.net\/wp-content\/uploads\/2025\/04\/songte-company-4.webp\" alt=\"Obr\u00e1zok spolo\u010dnosti 1\" \/><br \/>\n<img decoding=\"async\" src=\"https:\/\/www.hydraulic-cylinders.net\/wp-content\/uploads\/2025\/04\/songte-company-3.webp\" alt=\"Obr\u00e1zok spolo\u010dnosti 2\" \/><\/p>\n<p>Na trhu n\u00e1s odli\u0161uje n\u00e1\u0161 z\u00e1v\u00e4zok k profesionalite, medzin\u00e1rodn\u00fdm certifik\u00e1ci\u00e1m, slu\u017eb\u00e1m na mieru, modern\u00fdm v\u00fdrobn\u00fdm zariadeniam a v\u00fdnimo\u010dnej popredajnej podpore.<\/p>\n<p>Autor: lyl<\/p>","protected":false},"excerpt":{"rendered":"<p>Boom Cylinder For Atlas 3608LC Product Overview The Boom Cylinder for Atlas 3608LC is a pivotal component in hydraulic systems, specifically designed for controlling the movement of heavy machinery such as excavators, backhoe loaders, and front loaders. This hydraulic cylinder enables the boom to lift, lower, and tilt, facilitating efficient material handling tasks. The bucket [&hellip;]<\/p>","protected":false},"featured_media":17874,"comment_status":"open","ping_status":"closed","template":"","meta":{"_et_pb_use_builder":"","_et_pb_old_content":"","_et_gb_content_width":""},"product_brand":[],"product_cat":[1546],"product_tag":[1547,1496],"class_list":{"0":"post-19641","1":"product","2":"type-product","3":"status-publish","4":"has-post-thumbnail","6":"product_cat-boom-cylinders","7":"product_tag-boom-cylinders","8":"product_tag-hydraulic-cylinders","10":"first","11":"instock","12":"shipping-taxable","13":"product-type-simple"},"amp_enabled":true,"_links":{"self":[{"href":"https:\/\/www.hydraulic-cylinders.net\/sk\/wp-json\/wp\/v2\/product\/19641","targetHints":{"allow":["GET"]}}],"collection":[{"href":"https:\/\/www.hydraulic-cylinders.net\/sk\/wp-json\/wp\/v2\/product"}],"about":[{"href":"https:\/\/www.hydraulic-cylinders.net\/sk\/wp-json\/wp\/v2\/types\/product"}],"replies":[{"embeddable":true,"href":"https:\/\/www.hydraulic-cylinders.net\/sk\/wp-json\/wp\/v2\/comments?post=19641"}],"wp:featuredmedia":[{"embeddable":true,"href":"https:\/\/www.hydraulic-cylinders.net\/sk\/wp-json\/wp\/v2\/media\/17874"}],"wp:attachment":[{"href":"https:\/\/www.hydraulic-cylinders.net\/sk\/wp-json\/wp\/v2\/media?parent=19641"}],"wp:term":[{"taxonomy":"product_brand","embeddable":true,"href":"https:\/\/www.hydraulic-cylinders.net\/sk\/wp-json\/wp\/v2\/product_brand?post=19641"},{"taxonomy":"product_cat","embeddable":true,"href":"https:\/\/www.hydraulic-cylinders.net\/sk\/wp-json\/wp\/v2\/product_cat?post=19641"},{"taxonomy":"product_tag","embeddable":true,"href":"https:\/\/www.hydraulic-cylinders.net\/sk\/wp-json\/wp\/v2\/product_tag?post=19641"}],"curies":[{"name":"pracovn\u00fd list","href":"https:\/\/api.w.org\/{rel}","templated":true}]}}