{"id":19649,"date":"2025-04-07T06:59:31","date_gmt":"2025-04-07T06:59:31","guid":{"rendered":"https:\/\/www.hydraulic-cylinders.net\/product\/boom-cylinder-for-bonny-ce1000-7\/"},"modified":"2025-04-07T06:59:33","modified_gmt":"2025-04-07T06:59:33","slug":"boom-cylinder-for-bonny-ce1000-7","status":"publish","type":"product","link":"https:\/\/www.hydraulic-cylinders.net\/sk\/produkt\/boom-cylinder-for-bonny-ce1000-7\/","title":{"rendered":"Valec v\u00fdlo\u017en\u00edka pre Bonny CE1000-7"},"content":{"rendered":"<h1>Valec v\u00fdlo\u017en\u00edka pre Bonny CE1000-7<\/h1>\n<h2>Pochopenie valca v\u00fdlo\u017en\u00edka<\/h2>\n<p>Hydraulick\u00fd valec v\u00fdlo\u017en\u00edka je d\u00f4le\u017eit\u00fdm hydraulick\u00fdm komponentom pou\u017e\u00edvan\u00fdm v r\u00f4znych \u0165a\u017ek\u00fdch strojoch. Je \u0161peci\u00e1lne navrhnut\u00fd na ovl\u00e1danie pohybu ly\u017eice v bagroch, r\u00fdpadl\u00e1ch a \u010deln\u00fdch naklada\u010doch a umo\u017e\u0148uje ly\u017eici zdv\u00edha\u0165, sp\u00fa\u0161\u0165a\u0165 a nakl\u00e1\u0148a\u0165, \u010d\u00edm sa manipul\u00e1cia s materi\u00e1lom zefekt\u00edv\u0148uje a zefekt\u00edv\u0148uje.<\/p>\n<p>Ako typ hydraulick\u00e9ho valca funguje valec v\u00fdlo\u017en\u00edka na princ\u00edpe vyu\u017eitia tlaku hydraulickej kvapaliny na vytvorenie pohybu. T\u00e1to funkcia je k\u013e\u00fa\u010dov\u00e1 v stavebn\u00edctve a po\u013enohospod\u00e1rstve, kde je potrebn\u00e1 presn\u00e1 kontrola nad \u0165a\u017ek\u00fdmi bremenami. Hydraulick\u00fd syst\u00e9m vyu\u017e\u00edva silu mechaniky tekut\u00edn, \u010do umo\u017e\u0148uje valcu v\u00fdlo\u017en\u00edka bezprobl\u00e9movo vykon\u00e1va\u0165 svoje \u00falohy, \u010d\u00edm sa zvy\u0161uje produktivita.<\/p>\n<p><img decoding=\"async\" src=\"https:\/\/www.hydraulic-cylinders.net\/wp-content\/uploads\/2025\/04\/songte-company-1.webp\" alt=\"Valec v\u00fdlo\u017en\u00edka\"><\/p>\n<h2>K\u013e\u00fa\u010dov\u00e9 vlastnosti valca v\u00fdlo\u017en\u00edka<\/h2>\n<ul>\n<li><strong>Vysok\u00e1 pevnos\u0165 a odolnos\u0165:<\/strong> Valec v\u00fdlo\u017en\u00edka, zvy\u010dajne vyroben\u00fd z vysokopevnostnej ocele alebo hlin\u00edka, odol\u00e1 vysok\u00e9mu tlaku a \u0165a\u017ek\u00fdm za\u0165a\u017eeniam. Jeho kon\u0161trukcia zah\u0155\u0148a odolnos\u0165 vo\u010di opotrebovaniu a kor\u00f3zii, \u010d\u00edm sa predl\u017euje jeho \u017eivotnos\u0165 aj v n\u00e1ro\u010dn\u00fdch pracovn\u00fdch podmienkach.<\/li>\n<li><strong>Efekt\u00edvna hydraulick\u00e1 prev\u00e1dzka:<\/strong> Valec vyu\u017e\u00edva tlak hydraulickej kvapaliny pre plynul\u00e9 vys\u00favanie a zas\u00favanie, r\u00fdchlo reaguje na povely oper\u00e1tora a poskytuje siln\u00fa tla\u010dn\u00fa a \u0165a\u017en\u00fa silu, vhodn\u00fa na manipul\u00e1ciu s \u0165a\u017ek\u00fdmi a zlo\u017eit\u00fdmi \u00falohami.<\/li>\n<li><strong>R\u00f4zne typy:<\/strong> Valec v\u00fdlo\u017en\u00edka je k dispoz\u00edcii v jedno\u010dinnej (vyu\u017e\u00edva hydraulick\u00fd tlak v jednom smere) alebo dvoj\u010dinnej (vyu\u017e\u00edva hydraulick\u00fd tlak v oboch smeroch) konfigur\u00e1cii a je mo\u017en\u00e9 ho prisp\u00f4sobi\u0165 r\u00f4znym prev\u00e1dzkov\u00fdm potreb\u00e1m. Niektor\u00e9 modely s\u00fa teleskopick\u00e9, \u010do umo\u017e\u0148uje v\u00e4\u010d\u0161ie vysunutie bez zv\u00e4\u010d\u0161enia vonkaj\u0161\u00edch rozmerov, \u010do je ide\u00e1lne pre aplik\u00e1cie s obmedzen\u00fdm priestorom.<\/li>\n<li><strong>Z\u00e1kazkov\u00e1 v\u00fdroba:<\/strong> Sme schopn\u00ed vyrobi\u0165 tento produkt, v\u010faka \u010domu s\u00fa na\u0161e valce perfektnou n\u00e1hradou pre va\u0161e hydraulick\u00e9 potreby.<\/li>\n<li><strong>\u0160irok\u00fd rozsah aplik\u00e1ci\u00ed:<\/strong> V\u010faka tejto v\u0161estrannosti je valec v\u00fdlo\u017en\u00edka vhodn\u00fd pre r\u00f4zne \u0165a\u017ek\u00e9 stroje a prev\u00e1dzkov\u00e9 kontexty.<\/li>\n<\/ul>\n<p><img decoding=\"async\" src=\"https:\/\/www.hydraulic-cylinders.net\/wp-content\/uploads\/2025\/04\/songte-cylinder-head-with-all-kinds-excavator-models.webp\" alt=\"Modely bagrov\"><\/p>\n<h2>Aplik\u00e1cie valca v\u00fdlo\u017en\u00edka<\/h2>\n<h3>Stavebn\u00e9 stroje<\/h3>\n<p>Valec v\u00fdlo\u017en\u00edka sa prominentne pou\u017e\u00edva v r\u00fdpadl\u00e1ch, kde je k\u013e\u00fa\u010dov\u00fd pre kopanie, nakladanie a premiest\u0148ovanie zeminy alebo sutiny. Jeho presn\u00e9 ovl\u00e1danie umo\u017e\u0148uje obsluhe vykon\u00e1va\u0165 presn\u00e9 pohyby, \u010do u\u013eah\u010duje r\u00f4zne stavebn\u00e9 \u00falohy. V r\u00fdpadlo-naklada\u010doch valec v\u00fdlo\u017en\u00edka nielen pom\u00e1ha pri v\u00fdkopov\u00fdch pr\u00e1cach, ale aj pri zdv\u00edhan\u00ed materi\u00e1lov, v\u010faka \u010domu je z\u00e1kladnou s\u00fa\u010das\u0165ou t\u00fdchto strojov.<\/p>\n<h3>Po\u013enohospod\u00e1rske stroje<\/h3>\n<p>V \u010deln\u00fdch naklada\u010doch sa valce v\u00fdlo\u017en\u00edka pou\u017e\u00edvaj\u00fa na naberanie, zdv\u00edhanie a prepravu p\u00f4dy, sena a in\u00fdch materi\u00e1lov. Ich robustn\u00e1 kon\u0161trukcia zabezpe\u010duje, \u017ee zvl\u00e1dnu n\u00e1ro\u010dn\u00e9 po\u013enohospod\u00e1rske pr\u00e1ce, \u010d\u00edm sa zvy\u0161uje efektivita a produktivita pri po\u013enohospod\u00e1rskych \u00faloh\u00e1ch.<\/p>\n<h3>R\u00fdpadl\u00e1<\/h3>\n<p>Valec v\u00fdlo\u017en\u00edka umo\u017e\u0148uje ly\u017eici efekt\u00edvne prenika\u0165 do zeme, \u010do u\u013eah\u010duje proces kopania. T\u00e1to funkcia je k\u013e\u00fa\u010dov\u00e1 v stavebn\u00edctve, ter\u00e9nnych \u00faprav\u00e1ch a v\u00fdkopov\u00fdch projektoch, kde s\u00fa potrebn\u00e9 presn\u00e9 zemn\u00e9 pr\u00e1ce.<\/p>\n<h3>Naklada\u010de<\/h3>\n<p>V \u010deln\u00fdch naklada\u010doch valce v\u00fdlo\u017en\u00edka pom\u00e1haj\u00fa pri efekt\u00edvnom zdv\u00edhan\u00ed a skl\u00e1pan\u00ed bremien. T\u00e1to schopnos\u0165 je nevyhnutn\u00e1 pre prepravu materi\u00e1lov na stavenisk\u00e1ch a zabezpe\u010duje r\u00fdchle a bezpe\u010dn\u00e9 dokon\u010denie \u00faloh.<\/p>\n<h2>\u00davahy o dizajne a krit\u00e9ri\u00e1 v\u00fdberu<\/h2>\n<h3>Nosnos\u0165<\/h3>\n<p>Nosnos\u0165 valca v\u00fdlo\u017en\u00edka je kritick\u00fdm aspektom, ktor\u00fd ur\u010duje, ak\u00fa hmotnos\u0165 dok\u00e1\u017ee valec bezpe\u010dne zdvihn\u00fa\u0165 a s ktorou m\u00f4\u017ee man\u00e9vrova\u0165. Spr\u00e1vne pos\u00fadenie nosnosti zabezpe\u010d\u00ed, \u017ee valec zvl\u00e1dne \u0161pecifick\u00e9 po\u017eadovan\u00e9 \u00falohy bez rizika poruchy alebo po\u0161kodenia.<\/p>\n<h3>Integrita tesnenia<\/h3>\n<p>\u00da\u010dinn\u00e9 tesnenie je nevyhnutn\u00e9 pre v\u00fdkon a dlh\u00fa \u017eivotnos\u0165 valca v\u00fdlo\u017en\u00edka. Vysokokvalitn\u00e9 tesnenia zabra\u0148uj\u00fa \u00faniku hydraulickej kvapaliny, \u010d\u00edm zabezpe\u010duj\u00fa optim\u00e1lnu prev\u00e1dzku a zni\u017euj\u00fa riziko kontamin\u00e1cie \u017eivotn\u00e9ho prostredia. Je potrebn\u00e9 zvoli\u0165 vhodn\u00e9 tesniace materi\u00e1ly a technol\u00f3gie, ktor\u00e9 zodpovedaj\u00fa pracovn\u00fdm podmienkam.<\/p>\n<h3>Trvanlivos\u0165<\/h3>\n<p>Trvanlivos\u0165 zah\u0155\u0148a schopnos\u0165 valca v\u00fdlo\u017en\u00edka odol\u00e1va\u0165 opotrebovaniu v priebehu \u010dasu. Patria sem odolnos\u0165 vo\u010di oderu, kor\u00f3zii a \u00fanave materi\u00e1lu. V\u00fdber materi\u00e1lov a povrchov\u00fdch \u00faprav, ktor\u00e9 zvy\u0161uj\u00fa odolnos\u0165, zabezpe\u010d\u00ed, \u017ee hydraulick\u00fd valec bude spo\u013eahlivo fungova\u0165 v n\u00e1ro\u010dn\u00fdch prostrediach.<\/p>\n<h3>Bezpe\u010dnostn\u00e9 prvky<\/h3>\n<p>Bezpe\u010dnos\u0165 je pri navrhovan\u00ed hydraulick\u00fdch valcov prvorad\u00e1. Za\u010dlenenie prvkov, ako je ochrana proti pre\u0165a\u017eeniu a poistn\u00e9 ventily, m\u00f4\u017ee zabr\u00e1ni\u0165 nehod\u00e1m a poruch\u00e1m zariaden\u00ed, \u010d\u00edm chr\u00e1ni obsluhu aj stroje. Pochopenie bezpe\u010dnostn\u00fdch po\u017eiadaviek a predpisov je k\u013e\u00fa\u010dov\u00e9 pre s\u00falad n\u00e1vrhu s predpismi.<\/p>\n<h3>\u00davahy o \u00fadr\u017ebe<\/h3>\n<p>Navrhovanie s oh\u013eadom na \u00fadr\u017ebu znamen\u00e1 zv\u00e1\u017eenie, ako \u013eahko sa d\u00e1 valec v\u00fdlo\u017en\u00edka servisova\u0165 alebo opravova\u0165. Funkcie, ako s\u00fa pr\u00edstupn\u00e9 tesnenia, vymenite\u013en\u00e9 komponenty a jasn\u00e9 pokyny na \u00fadr\u017ebu, prispievaj\u00fa k efekt\u00edvnej \u00fadr\u017ebe, minimalizuj\u00fa prestoje a prev\u00e1dzkov\u00e9 n\u00e1klady.<\/p>\n<p><img decoding=\"async\" src=\"https:\/\/www.hydraulic-cylinders.net\/wp-content\/uploads\/2025\/04\/songte-oil-pipes-and-spare-parts.webp\" alt=\"Olejov\u00e9 potrubia a n\u00e1hradn\u00e9 diely\"><\/p>\n<h2>Tesnenie a mazanie<\/h2>\n<p>\u00da\u010dinn\u00e9 tesnenie a mazanie s\u00fa nevyhnutn\u00e9 pre optim\u00e1lny v\u00fdkon valca v\u00fdlo\u017en\u00edka. R\u00f4zne tesnenia, ako s\u00fa tesnenia piestov a tesnenia ty\u010d\u00ed, zohr\u00e1vaj\u00fa k\u013e\u00fa\u010dov\u00fa \u00falohu pri udr\u017eiavan\u00ed hydraulick\u00e9ho tlaku a predch\u00e1dzan\u00ed \u00fanikom. Tesnenia vyroben\u00e9 z odoln\u00fdch materi\u00e1lov, ako je polyuret\u00e1n a nitrilov\u00e1 guma, zvy\u0161uj\u00fa odolnos\u0165 proti opotrebovaniu.<\/p>\n<p>Povrchy telesa valca a z\u00e1vitov\u00fdch koncov s\u00fa jemne opracovan\u00e9, aby sa zv\u00fd\u0161ila ich odolnos\u0165 vo\u010di opotrebovaniu. Okrem toho je nevyhnutn\u00e9 pravidelne vstrekova\u0165 vhodn\u00fd hydraulick\u00fd olej na mazanie, \u010d\u00edm sa zabezpe\u010d\u00ed hladk\u00fd chod v\u0161etk\u00fdch pohybliv\u00fdch \u010dast\u00ed a zn\u00ed\u017ei sa trenie.<\/p>\n<h2>Pravideln\u00e9 kontroly a prevent\u00edvna \u00fadr\u017eba<\/h2>\n<ul>\n<li><strong>Rutinn\u00e1 kontrola:<\/strong> Pravidelne kontrolujte valec ramena, \u010di nevykazuje zn\u00e1mky opotrebovania, netesnost\u00ed alebo po\u0161kodenia. V\u010dasn\u00e9 odhalenie probl\u00e9mov m\u00f4\u017ee zabr\u00e1ni\u0165 z\u00e1va\u017enej\u0161\u00edm probl\u00e9mom a n\u00e1kladn\u00fdm oprav\u00e1m.<\/li>\n<li><strong>Vhodn\u00e9 mazanie:<\/strong> Uistite sa, \u017ee hydraulick\u00fd olej je na spr\u00e1vnej hladine a \u017ee mazanie sa vykon\u00e1va pod\u013ea pokynov v\u00fdrobcu. T\u00fdm sa zv\u00fd\u0161i v\u00fdkon a pred\u013a\u017ei \u017eivotnos\u0165 hydraulick\u00e9ho valca.<\/li>\n<li><strong>V\u00fdmena tesnenia:<\/strong> Tesnenia by sa mali vymie\u0148a\u0165 v r\u00e1mci pravideln\u00e9ho pl\u00e1nu \u00fadr\u017eby, aby sa predi\u0161lo \u00fanikom a udr\u017eala sa \u00fa\u010dinnos\u0165 syst\u00e9mu. Spr\u00e1vny v\u00fdber n\u00e1hradn\u00fdch tesnen\u00ed je k\u013e\u00fa\u010dov\u00fd pre zachovanie integrity hydraulick\u00e9ho syst\u00e9mu.<\/li>\n<\/ul>\n<h2>Pokyny na in\u0161tal\u00e1ciu<\/h2>\n<p>Pri in\u0161tal\u00e1cii valca ramena je nevyhnutn\u00e9 dodr\u017eiava\u0165 tieto pokyny, aby sa zabezpe\u010dila spr\u00e1vna funk\u010dnos\u0165 a dlh\u00e1 \u017eivotnos\u0165:<\/p>\n<ul>\n<li><strong>Zarovnanie:<\/strong> Valec spr\u00e1vne zarovnajte s mont\u00e1\u017enymi bodmi, aby ste predi\u0161li probl\u00e9mom s nam\u00e1han\u00edm a nespr\u00e1vnym zarovnan\u00edm po\u010das prev\u00e1dzky. Na dosiahnutie spr\u00e1vneho umiestnenia pou\u017eite pod\u013ea potreby podlo\u017eky alebo di\u0161tan\u010dn\u00e9 podlo\u017eky.<\/li>\n<li><strong>Bezpe\u010dn\u00e1 mont\u00e1\u017e:<\/strong> Utilize appropriate mounting brackets and hardware to secure the cylinder in place. Ensure that all fasteners are tightened to the manufacturer&#8217;s specifications to prevent movement during operation.<\/li>\n<li><strong>Hydraulick\u00e9 pripojenia:<\/strong> Hydraulick\u00e9 potrubia prip\u00e1jajte opatrne, aby ste predi\u0161li \u00fanikom. Uistite sa, \u017ee v\u0161etky spoje s\u00fa utesnen\u00e9 a utiahnut\u00e9 pod\u013ea \u0161pecifik\u00e1ci\u00ed v\u00fdrobcu, aby sa zachovala integrita syst\u00e9mu.<\/li>\n<li><strong>Testovanie:<\/strong> Po in\u0161tal\u00e1cii vykonajte d\u00f4kladn\u00fa sk\u00fa\u0161ku hydraulick\u00e9ho syst\u00e9mu, aby ste zabezpe\u010dili jeho spr\u00e1vnu prev\u00e1dzku. Sledujte pr\u00edpadn\u00e9 netesnosti, nezvy\u010dajn\u00e9 zvuky alebo probl\u00e9my s v\u00fdkonom.<\/li>\n<\/ul>\n<p><img decoding=\"async\" src=\"https:\/\/www.hydraulic-cylinders.net\/wp-content\/uploads\/2025\/04\/songte-chushion-collar.webp\" alt=\"Vank\u00fa\u0161ov\u00fd golier\"><\/p>\n<h2>Bezpe\u010dnostn\u00e9 aspekty a faktory prostredia<\/h2>\n<p>Pri pou\u017e\u00edvan\u00ed hydraulick\u00fdch valcov je nevyhnutn\u00e9 uprednostni\u0165 bezpe\u010dnostn\u00e9 opatrenia. Obsluha by mala by\u0165 vy\u0161kolen\u00e1, aby rozumela fungovaniu hydraulick\u00fdch syst\u00e9mov a d\u00f4le\u017eitosti dodr\u017eiavania bezpe\u010dnostn\u00fdch protokolov po\u010das prev\u00e1dzky a \u00fadr\u017eby. Pravideln\u00e9 bezpe\u010dnostn\u00e9 audity a \u0161kolenia m\u00f4\u017eu zmierni\u0165 rizik\u00e1 spojen\u00e9 s hydraulick\u00fdmi zariadeniami.<\/p>\n<h2>Rie\u0161enie probl\u00e9mov a be\u017en\u00e9 probl\u00e9my<\/h2>\n<ul>\n<li><strong>\u00danik:<\/strong> \u010casto sp\u00f4soben\u00e9 opotrebovan\u00fdmi tesneniami alebo uvo\u013enen\u00fdmi spojmi. Skontrolujte v\u0161etky hydraulick\u00e9 spoje a tesnenia, \u010di nie s\u00fa po\u0161koden\u00e9, a v pr\u00edpade potreby ich opravte alebo vyme\u0148te.<\/li>\n<li><strong>Pomal\u00e1 prev\u00e1dzka:<\/strong> M\u00f4\u017ee to signalizova\u0165 n\u00edzku hladinu hydraulickej kvapaliny alebo vzduch v syst\u00e9me. Skontrolujte hladiny kvapal\u00edn a odvzdu\u0161nite syst\u00e9m, aby ste odstr\u00e1nili v\u0161etok zachyten\u00fd vzduch.<\/li>\n<li><strong>Nadmern\u00fd hluk:<\/strong> \u010casto je to znak vn\u00fatorn\u00e9ho opotrebenia alebo kavit\u00e1cie. Presk\u00famajte valec a hydraulick\u00fd syst\u00e9m, \u010di nevykazuj\u00fa mo\u017en\u00e9 poruchy, a ihne\u010f ich odstr\u00e1\u0148te.<\/li>\n<\/ul>\n<p>Pochopen\u00edm t\u00fdchto be\u017en\u00fdch probl\u00e9mov m\u00f4\u017eu oper\u00e1tori efekt\u00edvne diagnostikova\u0165 a rie\u0161i\u0165 probl\u00e9my, \u010d\u00edm zabezpe\u010dia konzistentn\u00fd v\u00fdkon.<\/p>\n<p><img decoding=\"async\" src=\"https:\/\/www.hydraulic-cylinders.net\/wp-content\/uploads\/2025\/04\/songte-bushings-with-all-kinds-of-excavator-models.webp\" alt=\"Puzdr\u00e1 s modelmi bagrov\"><\/p>\n<h2>Z\u00e1ver<\/h2>\n<p>Sme popredn\u00fdm v\u00fdrobcom n\u00e1hradn\u00fdch hydraulick\u00fdch valcov a pon\u00fakame komplexn\u00fd sortiment produktov, ktor\u00e9 uspokoja dom\u00e1ci aj medzin\u00e1rodn\u00fd trh. N\u00e1\u0161 z\u00e1v\u00e4zok k excelentnosti a prec\u00edzne strat\u00e9gie riadenia v\u00fdroby n\u00e1s stavaj\u00fa medzi popredn\u00fdch v\u00fdrobcov a ve\u013ekoobchodn\u00fdch distrib\u00fatorov hydraulick\u00fdch valcov.<\/p>\n<p>Uprednost\u0148ujeme kvalitu prostredn\u00edctvom modern\u00fdch v\u00fdrobn\u00fdch zariaden\u00ed a procesov, vyu\u017e\u00edvame kvalifikovan\u00fdch pracovn\u00edkov a najmodernej\u0161ie digit\u00e1lne vybavenie. Na\u0161e zameranie na zabezpe\u010denie kvality v spojen\u00ed s na\u0161ou schopnos\u0165ou prisp\u00f4sobi\u0165 rie\u0161enia zabezpe\u010duje, \u017ee efekt\u00edvne uspokojujeme rozmanit\u00e9 potreby z\u00e1kazn\u00edkov.<\/p>\n<p><img decoding=\"async\" src=\"https:\/\/www.hydraulic-cylinders.net\/wp-content\/uploads\/2025\/04\/songte-company-4.webp\" alt=\"Preh\u013ead spolo\u010dnosti\"><br \/>\n<img decoding=\"async\" src=\"https:\/\/www.hydraulic-cylinders.net\/wp-content\/uploads\/2025\/04\/songte-company-3.webp\" alt=\"V\u00fdrobn\u00e9 zariadenie\"><\/p>\n<p>Autor: lyl<\/p>","protected":false},"excerpt":{"rendered":"<p>Boom Cylinder For Bonny CE1000-7 Understanding the Boom Cylinder The boom cylinder is a vital hydraulic component used in various heavy machinery. Specifically designed for controlling the movement of the bucket in excavators, backhoes, and front loaders, it allows the bucket to lift, lower, and tilt, making material handling tasks efficient and effective. As a [&hellip;]<\/p>","protected":false},"featured_media":17867,"comment_status":"open","ping_status":"closed","template":"","meta":{"_et_pb_use_builder":"","_et_pb_old_content":"","_et_gb_content_width":""},"product_brand":[],"product_cat":[1546],"product_tag":[1547,1496],"class_list":{"0":"post-19649","1":"product","2":"type-product","3":"status-publish","4":"has-post-thumbnail","6":"product_cat-boom-cylinders","7":"product_tag-boom-cylinders","8":"product_tag-hydraulic-cylinders","10":"first","11":"instock","12":"shipping-taxable","13":"product-type-simple"},"amp_enabled":true,"_links":{"self":[{"href":"https:\/\/www.hydraulic-cylinders.net\/sk\/wp-json\/wp\/v2\/product\/19649","targetHints":{"allow":["GET"]}}],"collection":[{"href":"https:\/\/www.hydraulic-cylinders.net\/sk\/wp-json\/wp\/v2\/product"}],"about":[{"href":"https:\/\/www.hydraulic-cylinders.net\/sk\/wp-json\/wp\/v2\/types\/product"}],"replies":[{"embeddable":true,"href":"https:\/\/www.hydraulic-cylinders.net\/sk\/wp-json\/wp\/v2\/comments?post=19649"}],"wp:featuredmedia":[{"embeddable":true,"href":"https:\/\/www.hydraulic-cylinders.net\/sk\/wp-json\/wp\/v2\/media\/17867"}],"wp:attachment":[{"href":"https:\/\/www.hydraulic-cylinders.net\/sk\/wp-json\/wp\/v2\/media?parent=19649"}],"wp:term":[{"taxonomy":"product_brand","embeddable":true,"href":"https:\/\/www.hydraulic-cylinders.net\/sk\/wp-json\/wp\/v2\/product_brand?post=19649"},{"taxonomy":"product_cat","embeddable":true,"href":"https:\/\/www.hydraulic-cylinders.net\/sk\/wp-json\/wp\/v2\/product_cat?post=19649"},{"taxonomy":"product_tag","embeddable":true,"href":"https:\/\/www.hydraulic-cylinders.net\/sk\/wp-json\/wp\/v2\/product_tag?post=19649"}],"curies":[{"name":"pracovn\u00fd list","href":"https:\/\/api.w.org\/{rel}","templated":true}]}}