{"id":1965,"date":"2023-10-23T07:41:13","date_gmt":"2023-10-23T07:41:13","guid":{"rendered":"https:\/\/hydraulic-cylinders.net\/?post_type=product&#038;p=1965"},"modified":"2023-10-23T07:58:39","modified_gmt":"2023-10-23T07:58:39","slug":"v80m-series-axial-piston-variable-displacement-hydraulic-pump","status":"publish","type":"product","link":"https:\/\/www.hydraulic-cylinders.net\/sk\/produkt\/v80m-series-axial-piston-variable-displacement-hydraulic-pump\/","title":{"rendered":"Axi\u00e1lne piestov\u00e9 hydraulick\u00e9 \u010derpadlo s premenliv\u00fdm objemom s\u00e9rie V80M"},"content":{"rendered":"<h1 style=\"text-align: center;\"><strong>Axi\u00e1lne piestov\u00e9 hydraulick\u00e9 \u010derpadlo s premenliv\u00fdm objemom s\u00e9rie V80M<\/strong><\/h1>\n<p><img loading=\"lazy\" decoding=\"async\" class=\"aligncenter wp-image-1979\" src=\"https:\/\/hydraulic-cylinders.net\/wp-content\/uploads\/2023\/10\/v80m-series-axial-piston-variable-displacement-pump-1-300x300.webp\" alt=\"\" width=\"400\" height=\"400\" \/><\/p>\n<p>Axi\u00e1lne piestov\u00e9 hydraulick\u00e9 \u010derpadlo s premenliv\u00fdm objemom s\u00e9rie V80M je \u0161pi\u010dkov\u00e9 rie\u0161enie navrhnut\u00e9 tak, aby zrevolucionizovalo v\u00fdkon a \u00fa\u010dinnos\u0165 hydraulick\u00fdch syst\u00e9mov. V\u010faka svojim pokro\u010dil\u00fdm funkci\u00e1m, presn\u00e9mu ovl\u00e1daniu a robustnej kon\u0161trukcii toto hydraulick\u00e9 \u010derpadlo stanovuje nov\u00fd \u0161tandard v tomto odvetv\u00ed.<\/p>\n<p>Axi\u00e1lne piestov\u00e9 hydraulick\u00e9 \u010derpadlo s premenliv\u00fdm objemom s\u00e9rie V80M predstavuje prelomov\u00fa zmenu v hydraulick\u00fdch syst\u00e9moch. Jeho schopnos\u0165 premenliv\u00e9ho objemu, vysok\u00fd v\u00fdkon a v\u0161estrann\u00e1 kon\u0161trukcia pon\u00fakaj\u00fa presn\u00e9 ovl\u00e1danie, zv\u00fd\u0161en\u00fa \u00fa\u010dinnos\u0165 a v\u00fdnimo\u010dn\u00fd prenos v\u00fdkonu. Dodr\u017eiavan\u00edm odpor\u00fa\u010dan\u00fdch met\u00f3d pou\u017e\u00edvania a pravideln\u00fdch postupov \u00fadr\u017eby bude \u010derpadlo s\u00e9rie V80M na\u010falej poskytova\u0165 vynikaj\u00faci v\u00fdkon, \u00fa\u010dinnos\u0165 a spo\u013eahlivos\u0165. Vyu\u017eite silu a \u00fa\u010dinnos\u0165 axi\u00e1lneho piestov\u00e9ho hydraulick\u00e9ho \u010derpadla s premenliv\u00fdm objemom s\u00e9rie V80m a odomknite pln\u00fd potenci\u00e1l v\u00e1\u0161ho hydraulick\u00e9ho syst\u00e9mu.<\/p>\n<p>Axi\u00e1lne piestov\u00e9 hydraulick\u00e9 \u010derpadlo s premenliv\u00fdm objemom s\u00e9rie V80M K\u013e\u00fa\u010dov\u00e9 vlastnosti:<\/p>\n<ul>\n<li>Variable Displacement Capability: The V80M series pump incorporates state-of-the-art variable displacement technology, allowing it to adjust the pump&#8217;s output based on system demand. This feature ensures optimal energy utilization, enhancing efficiency and reducing power consumption.<\/li>\n<li>Vysok\u00fd v\u00fdkon a sila: V\u010faka v\u00fdnimo\u010dn\u00e9mu dizajnu a kon\u0161trukcii poskytuje \u010derpadlo s\u00e9rie V80M vynikaj\u00faci v\u00fdkon a sila. Pracuje plynule pri r\u00f4znych tlakoch a r\u00fdchlostiach, \u010d\u00edm poskytuje presn\u00e9 ovl\u00e1danie a efekt\u00edvne dod\u00e1vanie energie pre vynikaj\u00faci v\u00fdkon syst\u00e9mu.<\/li>\n<li>V\u0161estrann\u00fd dizajn pre r\u00f4zne aplik\u00e1cie: \u010cerpadlo s\u00e9rie V80M je navrhnut\u00e9 tak, aby sa prisp\u00f4sobilo r\u00f4znym hydraulick\u00fdm syst\u00e9mom a aplik\u00e1ci\u00e1m. Pon\u00faka v\u0161estrann\u00e9 mo\u017enosti mont\u00e1\u017ee, kompatibilitu s kvapalinami a sp\u00f4soby ovl\u00e1dania, v\u010faka \u010domu je vhodn\u00e9 pre r\u00f4zne odvetvia a stroje.<\/li>\n<li>Enhanced Efficiency at Any Load: The variable displacement feature of the V80M series pump ensures efficiency across a broad range of loads. It minimizes energy losses and productivity, even under varying operating conditions by automatically adjusting the output to match the system&#8217;s requirements.<\/li>\n<\/ul>\n<h2><strong>Parameter hydraulick\u00e9ho \u010derpadla s axi\u00e1lnym piestom a premenliv\u00fdm objemom s\u00e9rie V80M:<\/strong><\/h2>\n<table class=\"table table-bordered table-hover table-colored\">\n<tbody>\n<tr class=\"firstRow\">\n<td colspan=\"1\" rowspan=\"2\" align=\"center\" valign=\"middle\">Ve\u013ekos\u0165<\/td>\n<td rowspan=\"2\" align=\"center\" valign=\"middle\">Zdvihov\u00fd objem cm\u00b3\/ot.<\/td>\n<td colspan=\"2\" rowspan=\"1\" align=\"center\" valign=\"middle\">Tlakov\u00e1 ty\u010d<\/td>\n<td colspan=\"2\" rowspan=\"1\" align=\"center\" valign=\"middle\">R\u00fdchlos\u0165 ot\u00e1\u010dania ot\/min<\/td>\n<\/tr>\n<tr>\n<td align=\"center\" valign=\"middle\">Hodnoten\u00e9<\/td>\n<td align=\"center\" valign=\"middle\">Vrchol<\/td>\n<td align=\"center\" valign=\"middle\">Max. pre samonas\u00e1vanie<sup>*1<\/sup><\/td>\n<td align=\"center\" valign=\"middle\">Max<sup>*2<\/sup><\/td>\n<\/tr>\n<tr>\n<td align=\"center\" valign=\"middle\">V80ML200<\/td>\n<td align=\"center\" valign=\"middle\">202<\/td>\n<td align=\"center\" valign=\"middle\">400<\/td>\n<td align=\"center\" valign=\"middle\">450<\/td>\n<td align=\"center\" valign=\"middle\">2150<\/td>\n<td align=\"center\" valign=\"middle\">2550<\/td>\n<\/tr>\n<\/tbody>\n<\/table>\n<h2><strong>V\u00fdhody hydraulick\u00e9ho \u010derpadla s axi\u00e1lnym piestom a premenliv\u00fdm objemom s\u00e9rie V80M:<\/strong><\/h2>\n<p>\u2022 Pou\u017e\u00edva sa v hydraulick\u00fdch syst\u00e9moch s otvoren\u00fdm okruhom<br \/>\n\u2022 Sacie potrubie oleja je k dispoz\u00edcii s re\u017eimom posilnenia<br \/>\n\u2022 Vysok\u00e1 r\u00fdchlos\u0165 ot\u00e1\u010dania<br \/>\n\u2022 Vysok\u00fd nomin\u00e1lny tlak<br \/>\n\u2022 Kompaktn\u00e1 kon\u0161trukcia, jednoduch\u00e1 in\u0161tal\u00e1cia<br \/>\n\u2022 Zabezpe\u010dte dostato\u010dn\u00fd kr\u00fatiaci moment pre zadn\u00e9 \u010derpadlo, ke\u010f je potrebn\u00e9 pou\u017ei\u0165 tandemov\u00e9 \u010derpadlo<\/p>\n<h2><strong>Axi\u00e1lne piestov\u00e9 hydraulick\u00e9 \u010derpadlo s premenliv\u00fdm objemom s\u00e9rie V80M <\/strong><strong>Aplik\u00e1cia:<\/strong><\/h2>\n<p><img loading=\"lazy\" decoding=\"async\" class=\"alignnone wp-image-1985 size-large\" src=\"https:\/\/hydraulic-cylinders.net\/wp-content\/uploads\/2023\/10\/v80m-series-axial-piston-variable-displacement-pump-2-1024x346.webp\" alt=\"\" width=\"1024\" height=\"346\" srcset=\"https:\/\/hydraulic-cylinders.net\/wp-content\/uploads\/2023\/10\/v80m-series-axial-piston-variable-displacement-pump-2-1024x346.webp 1024w, https:\/\/hydraulic-cylinders.net\/wp-content\/uploads\/2023\/10\/v80m-series-axial-piston-variable-displacement-pump-2-980x331.webp 980w, https:\/\/hydraulic-cylinders.net\/wp-content\/uploads\/2023\/10\/v80m-series-axial-piston-variable-displacement-pump-2-480x162.webp 480w\" sizes=\"(min-width: 0px) and (max-width: 480px) 480px, (min-width: 481px) and (max-width: 980px) 980px, (min-width: 981px) 1024px, 100vw\" \/><\/p>\n<h2><strong>Met\u00f3da pou\u017eitia hydraulick\u00e9ho \u010derpadla s axi\u00e1lnym piestom a premenliv\u00fdm objemom s\u00e9rie V80M<\/strong><strong>:<\/strong><\/h2>\n<ul>\n<li><strong>In\u0161tal\u00e1cia a integr\u00e1cia:<\/strong> Vyberte v hydraulickom syst\u00e9me vhodn\u00e9 miesto na in\u0161tal\u00e1ciu axi\u00e1lneho piestov\u00e9ho hydraulick\u00e9ho \u010derpadla s premenliv\u00fdm objemom s\u00e9rie V80M. Zabezpe\u010dte spr\u00e1vne zarovnanie a bezpe\u010dne namontujte \u010derpadlo pomocou vhodn\u00fdch konzol alebo pr\u00edslu\u0161enstva. Pripojte \u010derpadlo k hydraulick\u00e9mu syst\u00e9mu pomocou kompatibiln\u00fdch spojok a had\u00edc a zabezpe\u010dte bez\u00fate\u0161n\u00e9 spojenia.<\/li>\n<li><strong>Kompatibilita kvapal\u00edn:<\/strong> Verify that the hydraulic fluid used in the system is compatible with the V80M series pump. Refer to the manufacturer&#8217;s recommended fluid type, viscosity, and temperature range. Regularly monitor and maintain the hydraulic fluid to ensure optimal pump operation and longevity.<\/li>\n<li><strong>Ovl\u00e1danie a nastavenie:<\/strong> Obozn\u00e1mte sa s mo\u017enos\u0165ami ovl\u00e1dania, ktor\u00e9 poskytuje \u010derpadlo s\u00e9rie V80M. V z\u00e1vislosti od konkr\u00e9tneho modelu m\u00f4\u017ee pon\u00faka\u0165 r\u00f4zne sp\u00f4soby ovl\u00e1dania, ako napr\u00edklad manu\u00e1lne, proporcion\u00e1lne alebo elektronick\u00e9 ovl\u00e1danie. Pochopte odpor\u00fa\u010dan\u00e9 nastavenia ovl\u00e1dania a upravte ich pod\u013ea toho, aby ste optimalizovali v\u00fdkon \u010derpadla.<\/li>\n<li><strong>Optimaliz\u00e1cia syst\u00e9mu:<\/strong> The V80M Series Pump allows system optimization by adjusting the pump&#8217;s displacement to match the load requirements. Take advantage of this feature to maximize energy efficiency and overall system performance.<\/li>\n<\/ul>\n<h2><strong>Ako opravi\u0165 hydraulick\u00fd valec?<\/strong><\/h2>\n<p>Oprava hydraulick\u00e9ho valca si vy\u017eaduje starostliv\u00e9 pos\u00fadenie, identifik\u00e1ciu probl\u00e9mu a vhodn\u00e9 kroky na jeho rie\u0161enie. Tu je v\u0161eobecn\u00fd n\u00e1vod, ktor\u00fd v\u00e1m pom\u00f4\u017ee opravi\u0165 hydraulick\u00fd valec:<\/p>\n<ol>\n<li><strong>Bezpe\u010dnos\u0165 na prvom mieste:<\/strong> Pred za\u010dat\u00edm ak\u00fdchko\u013evek opravn\u00fdch pr\u00e1c sa uistite, \u017ee hydraulick\u00fd syst\u00e9m je bez tlaku a hydraulick\u00e1 kvapalina je \u00faplne vypusten\u00e1. Na ochranu pred nebezpe\u010denstvom noste vhodn\u00e9 osobn\u00e9 ochrann\u00e9 prostriedky (OOP), ako s\u00fa rukavice a ochrann\u00e9 okuliare.<\/li>\n<li><strong>Identifikujte probl\u00e9m:<\/strong> D\u00f4kladne skontrolujte hydraulick\u00fd valec, aby ste identifikovali konkr\u00e9tny probl\u00e9m alebo po\u0161kodenie. Medzi be\u017en\u00e9 probl\u00e9my patria netesn\u00e9 tesnenia, po\u0161koden\u00e9 ty\u010de, opotrebovan\u00e9 lo\u017eisk\u00e1 alebo ryhy na otvore valca. Pochopenie probl\u00e9mu v\u00e1m pom\u00f4\u017ee ur\u010di\u0165 potrebn\u00e9 kroky opravy.<\/li>\n<li><strong>Zhroma\u017edite n\u00e1stroje a n\u00e1hradn\u00e9 diely:<\/strong> Pripravte si potrebn\u00e9 n\u00e1stroje a n\u00e1hradn\u00e9 diely na z\u00e1klade identifikovan\u00e9ho probl\u00e9mu. M\u00f4\u017ee \u00eds\u0165 o k\u013e\u00fa\u010de, obj\u00edmky, klie\u0161te, sadu tesnen\u00ed, nov\u00e9 lo\u017eisk\u00e1, honovac\u00ed n\u00e1stroj a mikrometer. Uistite sa, \u017ee m\u00e1te spr\u00e1vne diely, ktor\u00e9 zodpovedaj\u00fa \u0161pecifik\u00e1ci\u00e1m v\u00e1\u0161ho hydraulick\u00e9ho valca.<\/li>\n<li><strong>Demont\u00e1\u017e valca:<\/strong> Postupujte pod\u013ea krokov uveden\u00fdch v predch\u00e1dzaj\u00facej odpovedi o demont\u00e1\u017ei hydraulick\u00e9ho valca. Opatrne odstr\u00e1\u0148te koncov\u00e9 uz\u00e1very, piest, zostavu ty\u010de a v\u0161etky ostatn\u00e9 komponenty, aby ste z\u00edskali pr\u00edstup k po\u0161koden\u00fdm alebo chybn\u00fdm \u010dastiam.<\/li>\n<li><strong>V\u00fdmena tesnen\u00ed a lo\u017e\u00edsk:<\/strong> If the issue is leaking or worn-out bearings, carefully remove the old seals and bearings from their respective locations. Clean the seal and bearing grooves thoroughly to remove any debris or buildup. Install new seals and bearings according to the manufacturer&#8217;s instructions, ensuring proper alignment and lubrication. Use appropriate tools to press the seals and bearings into place.<\/li>\n<li><strong>Oprava po\u0161kodenej ty\u010de alebo otvoru valca:<\/strong> Ak je po\u0161koden\u00fd ojnica alebo otvor valca, m\u00f4\u017ee by\u0165 potrebn\u00e1 oprava alebo v\u00fdmena. Drobn\u00e9 \u0161krabance alebo ryhy na ojnici sa \u010dasto daj\u00fa opravi\u0165 honovan\u00edm povrchu honovac\u00edm n\u00e1strojom. Priemer ojnice zmerajte mikrometrom, aby ste sa uistili, \u017ee zost\u00e1va v r\u00e1mci stanoven\u00fdch toleranci\u00ed. Ak je po\u0161kodenie v\u00e1\u017ene alebo presahuje povolen\u00e9 limity, ojnicu m\u00f4\u017ee by\u0165 potrebn\u00e9 vymeni\u0165.<\/li>\n<\/ol>\n<p>Pora\u010fte sa s profesion\u00e1lnym servisom hydraulick\u00fdch syst\u00e9mov alebo v\u00fdrobcom, kde v\u00e1m poskytn\u00fa pokyny na opravu otvoru valca. M\u00f4\u017eu v\u00e1m odporu\u010di\u0165 honovanie alebo v niektor\u00fdch pr\u00edpadoch op\u00e4tovn\u00e9 nasadenie obj\u00edmky do otvoru valca, ak je po\u0161kodenie rozsiahle.<\/p>\n<ol start=\"7\">\n<li><strong>Znovu zmontujte valec:<\/strong> Pri op\u00e4tovnej mont\u00e1\u017ei hydraulick\u00e9ho valca postupujte v opa\u010dnom porad\u00ed ako pri demont\u00e1\u017ei. Uistite sa, \u017ee v\u0161etky komponenty s\u00fa spr\u00e1vne zarovnan\u00e9 a upevnen\u00e9. Pre zabezpe\u010denie hladk\u00e9ho chodu nama\u017ete tesnenia a diely hydraulickou kvapalinou.<\/li>\n<li><strong>Testovanie a kontrola:<\/strong> After reassembly, thoroughly inspect the repaired hydraulic cylinder. Pressurize the system gradually and check for any leaks or abnormal operations. Monitor the cylinder&#8217;s performance to ensure it functions as expected.<\/li>\n<li><strong>Pravideln\u00e1 \u00fadr\u017eba:<\/strong> Establish a regular maintenance schedule to prolong the repaired hydraulic cylinder&#8217;s life. This may include periodic inspections, lubrication of seals, and monitoring fluid levels and quality. Adhering to preventive maintenance practices will help prevent future issues and maximize the cylinder&#8217;s lifespan.<\/li>\n<\/ol>\n<h2><strong>Schopnos\u0165 a kapacita tov\u00e1rne:<\/strong><\/h2>\n<h3>(1) Mont\u00e1\u017e<\/h3>\n<p>Disponujeme prvotriednou nez\u00e1vislou v\u00fdskumnou a v\u00fdvojovou mont\u00e1\u017enou platformou. Diel\u0148a na v\u00fdrobu hydraulick\u00fdch valcov m\u00e1 \u0161tyri poloautomatick\u00e9 mont\u00e1\u017ene linky zdv\u00edhac\u00edch valcov a jednu automatick\u00fa mont\u00e1\u017enu linku nakl\u00e1pac\u00edch valcov s projektovanou ro\u010dnou v\u00fdrobnou kapacitou 1 mili\u00f3n kusov. Diel\u0148a na v\u00fdrobu \u0161peci\u00e1lnych valcov je vybaven\u00e1 r\u00f4znymi \u0161pecifik\u00e1ciami poloautomatick\u00e9ho syst\u00e9mu \u010distenia a mont\u00e1\u017ee s projektovanou ro\u010dnou v\u00fdrobnou kapacitou 200 000 kusov a je vybaven\u00e1 zn\u00e1mym CNC obr\u00e1bac\u00edm zariaden\u00edm, obr\u00e1bac\u00edm centrom, \u0161peci\u00e1lnym zariaden\u00edm na vysoko presn\u00e9 spracovanie valcov, robotick\u00fdm zv\u00e1rac\u00edm strojom, automatick\u00fdm \u010distiacim strojom, automatick\u00fdm mont\u00e1\u017enym strojom valcov a automatickou lakovacou v\u00fdrobnou linkou. Existuj\u00face kritick\u00e9 zariadenia maj\u00fa viac ako 300 s\u00faprav (s\u00e1d). Optim\u00e1lne alokovanie a efekt\u00edvne vyu\u017e\u00edvanie zdrojov zariaden\u00ed zabezpe\u010duje po\u017eiadavky na presnos\u0165 v\u00fdrobkov a sp\u013a\u0148a po\u017eiadavky na vysok\u00fa kvalitu v\u00fdrobkov.<\/p>\n<p><img loading=\"lazy\" decoding=\"async\" class=\"alignnone wp-image-626\" src=\"https:\/\/hydraulic-cylinders.net\/wp-content\/uploads\/2023\/08\/hydraulic-cylinder-product-1-300x158.webp\" alt=\"\" width=\"495\" height=\"260\" srcset=\"https:\/\/hydraulic-cylinders.net\/wp-content\/uploads\/2023\/08\/hydraulic-cylinder-product-1-300x158.webp 495w, https:\/\/hydraulic-cylinders.net\/wp-content\/uploads\/2023\/08\/hydraulic-cylinder-product-1-480x252.webp 480w\" sizes=\"(min-width: 0px) and (max-width: 480px) 480px, (min-width: 481px) 495px, 100vw\" \/> <img loading=\"lazy\" decoding=\"async\" class=\"alignnone wp-image-627\" src=\"https:\/\/hydraulic-cylinders.net\/wp-content\/uploads\/2023\/08\/hydraulic-cylinder-product-2-300x189.webp\" alt=\"\" width=\"413\" height=\"260\" \/><\/p>\n<h3>(2) Obr\u00e1banie<\/h3>\n<p>Obr\u00e1bacia diel\u0148a je vybaven\u00e1 prisp\u00f4soben\u00fdm s\u00fastru\u017en\u00edckym centrom na \u0161ikm\u00e9 ko\u013eajnice, obr\u00e1bac\u00edm centrom, vysokor\u00fdchlostn\u00fdm honovac\u00edm strojom, zv\u00e1rac\u00edm robotom a \u010fal\u0161\u00edm s\u00favisiacim zariaden\u00edm, ktor\u00e9 dok\u00e1\u017ee spracova\u0165 valcov\u00e9 r\u00fary s maxim\u00e1lnym vn\u00fatorn\u00fdm priemerom 400 mm a maxim\u00e1lnou d\u013a\u017ekou 6 metrov.<\/p>\n<p><img loading=\"lazy\" decoding=\"async\" class=\"alignnone wp-image-628 size-large\" src=\"https:\/\/hydraulic-cylinders.net\/wp-content\/uploads\/2023\/08\/hydraulic-cylinder-product-3-1024x391.webp\" alt=\"\" width=\"1024\" height=\"391\" srcset=\"https:\/\/hydraulic-cylinders.net\/wp-content\/uploads\/2023\/08\/hydraulic-cylinder-product-3-980x374.webp 980w, https:\/\/hydraulic-cylinders.net\/wp-content\/uploads\/2023\/08\/hydraulic-cylinder-product-3-480x183.webp 480w\" sizes=\"(min-width: 0px) and (max-width: 480px) 480px, (min-width: 481px) and (max-width: 980px) 980px, (min-width: 981px) 1024px, 100vw\" \/><\/p>\n<h3>(3) Zv\u00e1ranie<\/h3>\n<p><img loading=\"lazy\" decoding=\"async\" class=\"alignnone wp-image-629 size-large\" src=\"https:\/\/hydraulic-cylinders.net\/wp-content\/uploads\/2023\/08\/hydraulic-cylinder-product-4-1024x510.webp\" alt=\"\" width=\"1024\" height=\"510\" srcset=\"https:\/\/hydraulic-cylinders.net\/wp-content\/uploads\/2023\/08\/hydraulic-cylinder-product-4-980x488.webp 980w, https:\/\/hydraulic-cylinders.net\/wp-content\/uploads\/2023\/08\/hydraulic-cylinder-product-4-480x239.webp 480w\" sizes=\"(min-width: 0px) and (max-width: 480px) 480px, (min-width: 481px) and (max-width: 980px) 980px, (min-width: 981px) 1024px, 100vw\" \/><\/p>\n<h3>(4) Ma\u013eovanie a natieranie<\/h3>\n<p>S mal\u00fdmi a stredne ve\u013ek\u00fdmi valcov\u00fdmi automatick\u00fdmi linkami na nan\u00e1\u0161anie farieb na vodnej b\u00e1ze, na dosiahnutie automatick\u00e9ho nakladania a vykladania robotmi a automatick\u00e9ho striekania, je projektovan\u00e1 kapacita 4000 kusov za smenu;<br \/>\nM\u00e1me tie\u017e poloautomatick\u00fa linku na v\u00fdrobu farieb pre ve\u013ek\u00e9 valce poh\u00e1\u0148an\u00e9 re\u0165azou s projektovanou kapacitou 60 kusov za smenu.<\/p>\n<p><img loading=\"lazy\" decoding=\"async\" class=\"alignnone wp-image-630\" src=\"https:\/\/hydraulic-cylinders.net\/wp-content\/uploads\/2023\/08\/hydraulic-cylinder-product-5-300x213.webp\" alt=\"\" width=\"366\" height=\"260\" \/> <img loading=\"lazy\" decoding=\"async\" class=\"alignnone wp-image-631\" src=\"https:\/\/hydraulic-cylinders.net\/wp-content\/uploads\/2023\/08\/hydraulic-cylinder-product-6-300x225.webp\" alt=\"\" width=\"347\" height=\"260\" \/><\/p>\n<h3>(5) Testovanie<\/h3>\n<p>Disponujeme prvotriednymi kontroln\u00fdmi zariadeniami a sk\u00fa\u0161obn\u00fdmi zariadeniami, ktor\u00e9 zabezpe\u010duj\u00fa, \u017ee v\u00fdkonnos\u0165 valca sp\u013a\u0148a po\u017eiadavky.<\/p>\n<p><img loading=\"lazy\" decoding=\"async\" class=\"alignnone wp-image-632\" src=\"https:\/\/hydraulic-cylinders.net\/wp-content\/uploads\/2023\/08\/hydraulic-cylinder-product-8-300x200.webp\" alt=\"\" width=\"389\" height=\"260\" \/><\/p>\n<p>&nbsp;<\/p>\n<p>&nbsp;<\/p>\n<p>Sme jedn\u00fdm z najlep\u0161\u00edch v\u00fdrobcov hydraulick\u00fdch valcov. Pon\u00fakame komplexn\u00e9 hydraulick\u00e9 valce. Poskytujeme aj zodpovedaj\u00face <a href=\"https:\/\/hzpt.com\/agricultural-pto-gearbox\/\" target=\"_blank\" rel=\"noopener\">po\u013enohospod\u00e1rske prevodovky<\/a>Na\u0161e produkty sme vyv\u00e1\u017eali klientom po celom svete a v\u010faka vynikaj\u00facej kvalite produktov a popredajn\u00e9mu servisu sme si z\u00edskali dobr\u00fa reput\u00e1ciu. V\u00edtame z\u00e1kazn\u00edkov doma aj v zahrani\u010d\u00ed, ktor\u00ed n\u00e1s kontaktuj\u00fa za \u00fa\u010delom rokovania o obchodn\u00fdch z\u00e1le\u017eitostiach, v\u00fdmeny inform\u00e1ci\u00ed a <a href=\"https:\/\/www.hydraulic-cylinders.net\/sk\/contact-us\/\">spolupracova\u0165 s nami<\/a>!<\/p>\n<p>&nbsp;<\/p>","protected":false},"excerpt":{"rendered":"<p>V80M Series Axial Piston Variable Displacement Hydraulic Pump The V80M series axial piston variable displacement hydraulic pump is a cutting-edge solution designed to revolutionize the performance and efficiency of hydraulic systems. With its advanced features, precise control, and robust construction, this hydraulic pump sets a new standard in the industry. The V80M series axial piston [&hellip;]<\/p>","protected":false},"featured_media":1980,"comment_status":"open","ping_status":"closed","template":"","meta":{"_et_pb_use_builder":"","_et_pb_old_content":"","_et_gb_content_width":""},"product_brand":[],"product_cat":[1425],"product_tag":[1426],"class_list":{"0":"post-1965","1":"product","2":"type-product","3":"status-publish","4":"has-post-thumbnail","6":"product_cat-piston-pump","7":"product_tag-hydraulic-pump","9":"first","10":"instock","11":"shipping-taxable","12":"product-type-simple"},"amp_enabled":true,"_links":{"self":[{"href":"https:\/\/www.hydraulic-cylinders.net\/sk\/wp-json\/wp\/v2\/product\/1965","targetHints":{"allow":["GET"]}}],"collection":[{"href":"https:\/\/www.hydraulic-cylinders.net\/sk\/wp-json\/wp\/v2\/product"}],"about":[{"href":"https:\/\/www.hydraulic-cylinders.net\/sk\/wp-json\/wp\/v2\/types\/product"}],"replies":[{"embeddable":true,"href":"https:\/\/www.hydraulic-cylinders.net\/sk\/wp-json\/wp\/v2\/comments?post=1965"}],"wp:featuredmedia":[{"embeddable":true,"href":"https:\/\/www.hydraulic-cylinders.net\/sk\/wp-json\/wp\/v2\/media\/1980"}],"wp:attachment":[{"href":"https:\/\/www.hydraulic-cylinders.net\/sk\/wp-json\/wp\/v2\/media?parent=1965"}],"wp:term":[{"taxonomy":"product_brand","embeddable":true,"href":"https:\/\/www.hydraulic-cylinders.net\/sk\/wp-json\/wp\/v2\/product_brand?post=1965"},{"taxonomy":"product_cat","embeddable":true,"href":"https:\/\/www.hydraulic-cylinders.net\/sk\/wp-json\/wp\/v2\/product_cat?post=1965"},{"taxonomy":"product_tag","embeddable":true,"href":"https:\/\/www.hydraulic-cylinders.net\/sk\/wp-json\/wp\/v2\/product_tag?post=1965"}],"curies":[{"name":"pracovn\u00fd list","href":"https:\/\/api.w.org\/{rel}","templated":true}]}}