{"id":19650,"date":"2025-04-07T06:59:33","date_gmt":"2025-04-07T06:59:33","guid":{"rendered":"https:\/\/www.hydraulic-cylinders.net\/product\/boom-cylinder-for-bonny-ce400-5-400-7\/"},"modified":"2025-04-07T06:59:36","modified_gmt":"2025-04-07T06:59:36","slug":"boom-cylinder-for-bonny-ce400-5-400-7","status":"publish","type":"product","link":"https:\/\/www.hydraulic-cylinders.net\/sk\/produkt\/boom-cylinder-for-bonny-ce400-5-400-7\/","title":{"rendered":"Valec v\u00fdlo\u017en\u00edka pre Bonny CE400-5\/400-7"},"content":{"rendered":"<h1>Valec v\u00fdlo\u017en\u00edka pre Bonny CE400-5\/400-7<\/h1>\n<h2>\u00davod do valca v\u00fdlo\u017en\u00edka<\/h2>\n<p>Hydraulick\u00fd valec v\u00fdlo\u017en\u00edka, \u0161peci\u00e1lne navrhnut\u00fd pre modely Bonny CE400-5 a CE400-7, zohr\u00e1va k\u013e\u00fa\u010dov\u00fa \u00falohu v hydraulick\u00fdch syst\u00e9moch pou\u017e\u00edvan\u00fdch v \u0165a\u017ek\u00fdch strojoch. Tento hydraulick\u00fd valec je nevyhnutn\u00fd na ovl\u00e1danie pohybu ly\u017eice v r\u00f4znych zariadeniach, ako s\u00fa r\u00fdpadl\u00e1, r\u00fdpadlo-naklada\u010de a \u010deln\u00e9 naklada\u010de. Umo\u017e\u0148uje ly\u017eici zdv\u00edha\u0165, sp\u00fa\u0161\u0165a\u0165 a nakl\u00e1\u0148a\u0165, \u010do u\u013eah\u010duje efekt\u00edvnu manipul\u00e1ciu s materi\u00e1lom.<\/p>\n<p><img decoding=\"async\" src=\"https:\/\/www.hydraulic-cylinders.net\/wp-content\/uploads\/2025\/04\/songte-company-1.webp\" alt=\"Valec v\u00fdlo\u017en\u00edka\" \/><\/p>\n<h3>Defin\u00edcia a preh\u013ead<\/h3>\n<p>Hydraulick\u00fd valec ly\u017eice je typ hydraulick\u00e9ho valca \u0161peci\u00e1lne navrhnut\u00e9ho na ovl\u00e1danie ly\u017eice na \u0165a\u017ek\u00fdch strojoch. Je nevyhnutn\u00fd pre \u00falohy, ako je kopanie, zdv\u00edhanie a preprava materi\u00e1lov. Hydraulick\u00fd mechanizmus umo\u017e\u0148uje plynul\u00e9 a siln\u00e9 pohyby, \u010d\u00edm zvy\u0161uje produktivitu a efektivitu na stavenisk\u00e1ch a in\u00fdch aplik\u00e1ci\u00e1ch. Kon\u0161trukcia t\u00fdchto valcov zabezpe\u010duje, \u017ee odol\u00e1vaj\u00fa vysok\u00e9mu tlaku a \u0165a\u017ek\u00fdm za\u0165a\u017eeniam, v\u010faka \u010domu s\u00fa nevyhnutn\u00e9 v stavebn\u00edctve a po\u013enohospod\u00e1rstve.<\/p>\n<h2>Vlastnosti valca v\u00fdlo\u017en\u00edka<\/h2>\n<ul>\n<li><strong>Vysok\u00e1 pevnos\u0165 a odolnos\u0165:<\/strong> Tieto valce s\u00fa vyroben\u00e9 z vysokopevnostnej ocele alebo hlin\u00edka, znes\u00fa vysok\u00fd tlak a \u0165a\u017ek\u00e9 za\u0165a\u017eenie, s\u00fa vhodn\u00e9 do n\u00e1ro\u010dn\u00fdch pracovn\u00fdch prostred\u00ed a s kon\u0161truk\u010dn\u00fdmi prvkami odoln\u00fdmi vo\u010di opotrebovaniu a ochranou proti kor\u00f3zii, aby sa pred\u013a\u017eila ich \u017eivotnos\u0165.<\/li>\n<li><strong>Efekt\u00edvna hydraulick\u00e1 prev\u00e1dzka:<\/strong> Vyu\u017e\u00edva hydraulick\u00fd tlak oleja pre plynul\u00e9 vys\u00favanie a zas\u00favanie, \u010d\u00edm zabezpe\u010duje r\u00fdchlu odozvu na ovl\u00e1dacie povely a dosahuje siln\u00e9 tla\u010dn\u00e9 a \u0165a\u017en\u00e9 sily, ide\u00e1lne na manipul\u00e1ciu s \u0165a\u017ek\u00fdmi materi\u00e1lmi a zlo\u017eit\u00fdmi \u00falohami.<\/li>\n<li><strong>R\u00f4zne typy:<\/strong> K dispoz\u00edcii s\u00fa v jedno\u010dinnom (hydraulick\u00fd pohon pou\u017e\u00edvan\u00fd v jednom smere) alebo dvoj\u010dinnom (hydraulick\u00fd pohon pou\u017e\u00edvan\u00fd v oboch smeroch) pre splnenie r\u00f4znych prev\u00e1dzkov\u00fdch potrieb. Niektor\u00e9 modely s\u00fa teleskopick\u00e9, \u010do umo\u017e\u0148uje v\u00e4\u010d\u0161ie vysunutie bez zv\u00e4\u010d\u0161enia vonkaj\u0161\u00edch rozmerov, ide\u00e1lne pre aplik\u00e1cie s obmedzen\u00fdm priestorom.<\/li>\n<li><strong>Prisp\u00f4sobite\u013en\u00e9 mo\u017enosti:<\/strong> Na\u0161e v\u00fdrobn\u00e9 kapacity umo\u017e\u0148uj\u00fa rie\u0161enia na mieru prisp\u00f4soben\u00e9 \u0161pecifick\u00fdm po\u017eiadavk\u00e1m strojov a prev\u00e1dzky, \u010d\u00edm sa zabezpe\u010d\u00ed optim\u00e1lny v\u00fdkon a integr\u00e1cia s existuj\u00facimi syst\u00e9mami.<\/li>\n<li><strong>Komplexn\u00e9 rie\u0161enia v\u00fdmeny:<\/strong> Na\u0161e produkty sl\u00fa\u017eia ako perfektn\u00e1 n\u00e1hrada za existuj\u00face hydraulick\u00e9 valce, \u010d\u00edm zabezpe\u010duj\u00fa kompatibilitu a spo\u013eahlivos\u0165.<\/li>\n<\/ul>\n<p><img decoding=\"async\" src=\"https:\/\/www.hydraulic-cylinders.net\/wp-content\/uploads\/2025\/04\/songte-cylinder-head-with-all-kinds-excavator-models.webp\" alt=\"Modely hydraulick\u00fdch valcov\" \/><\/p>\n<h2>Aplik\u00e1cie valca v\u00fdlo\u017en\u00edka<\/h2>\n<h3>Stavebn\u00e9 stroje<\/h3>\n<p>V r\u00fdpadl\u00e1ch s\u00fa valce v\u00fdlo\u017en\u00edka k\u013e\u00fa\u010dov\u00e9 pre kopanie, nakladanie a premiest\u0148ovanie zeminy alebo sutiny. Ich schopnos\u0165 presne ovl\u00e1da\u0165 umo\u017e\u0148uje obsluhe efekt\u00edvne vykon\u00e1va\u0165 \u00falohy, maximalizova\u0165 produktivitu a minimalizova\u0165 prestoje. V\u00fdkon t\u00fdchto valcov im umo\u017e\u0148uje manipulova\u0165 s r\u00f4znymi materi\u00e1lmi, v\u010faka \u010domu s\u00fa nevyhnutn\u00e9 pre stavebn\u00e9 projekty.<\/p>\n<h3>Po\u013enohospod\u00e1rske stroje<\/h3>\n<p>V \u010deln\u00fdch naklada\u010doch sa valce v\u00fdlo\u017en\u00edka pou\u017e\u00edvaj\u00fa na naberanie, zdv\u00edhanie a prepravu p\u00f4dy, sena a in\u00fdch materi\u00e1lov. Ich robustn\u00e1 kon\u0161trukcia zabezpe\u010duje, \u017ee zvl\u00e1dnu n\u00e1roky po\u013enohospod\u00e1rskej pr\u00e1ce a poskytuj\u00fa spo\u013eahliv\u00fd v\u00fdkon farm\u00e1rom, ktor\u00ed s\u00fa na tieto stroje z\u00e1visl\u00ed pri ka\u017edodennej prev\u00e1dzke.<\/p>\n<h3>R\u00fdpadl\u00e1<\/h3>\n<p>R\u00fdpadl\u00e1 sa pri kopan\u00ed spoliehaj\u00fa na valce v\u00fdlo\u017en\u00edka, ktor\u00e9 im umo\u017e\u0148uj\u00fa hlbok\u00fd v\u00fdkop, \u010do obsluhe umo\u017e\u0148uje efekt\u00edvne dosiahnu\u0165 potrebn\u00fa h\u013abku. Presnos\u0165 a pevnos\u0165 t\u00fdchto hydraulick\u00fdch komponentov s\u00fa k\u013e\u00fa\u010dov\u00e9 pre \u00faspe\u0161n\u00e9 v\u00fdkopov\u00e9 pr\u00e1ce.<\/p>\n<h3>Naklada\u010de<\/h3>\n<p>V \u010deln\u00fdch naklada\u010doch pom\u00e1haj\u00fa valce v\u00fdlo\u017en\u00edka efekt\u00edvne zdv\u00edha\u0165 a vyklada\u0165 bremena. Ich schopnos\u0165 poskytn\u00fa\u0165 zna\u010dn\u00fa zdv\u00edhaciu silu zabezpe\u010duje, \u017ee obsluha m\u00f4\u017ee vykon\u00e1va\u0165 svoju pr\u00e1cu s \u013eahkos\u0165ou, \u010d\u00edm sa zlep\u0161uje celkov\u00e1 prev\u00e1dzkov\u00e1 efektivita.<\/p>\n<h2>\u00davahy o dizajne a krit\u00e9ri\u00e1 v\u00fdberu<\/h2>\n<h3>Nosnos\u0165<\/h3>\n<p>Pri v\u00fdbere valca v\u00fdlo\u017en\u00edka je nevyhnutn\u00e9 pochopi\u0165 jeho nosnos\u0165. Valec mus\u00ed by\u0165 schopn\u00fd zvl\u00e1dnu\u0165 maxim\u00e1lne za\u0165a\u017eenie o\u010dak\u00e1van\u00e9 po\u010das prev\u00e1dzky bez ohrozenia bezpe\u010dnosti alebo v\u00fdkonu. Pre\u0165a\u017eenie m\u00f4\u017ee vies\u0165 k poruche valca, \u010do m\u00f4\u017ee sp\u00f4sobi\u0165 po\u0161kodenie zariadenia aj obsluhy.<\/p>\n<h3>Tesnenie<\/h3>\n<p>\u00da\u010dinn\u00e9 tesnenie je k\u013e\u00fa\u010dov\u00e9 pre udr\u017eanie hydraulick\u00e9ho tlaku a prevenciu \u00fanikov. Vysokokvalitn\u00e9 tesnenia zabezpe\u010duj\u00fa, \u017ee hydraulick\u00fd olej zostane vo valci, \u010d\u00edm sa maximalizuje \u00fa\u010dinnos\u0165 a minimalizuje potreba \u010dastej \u00fadr\u017eby. Tesnenia sa musia vybera\u0165 na z\u00e1klade ich kompatibility s hydraulick\u00fdmi kvapalinami a ich schopnosti odol\u00e1va\u0165 opotrebovaniu.<\/p>\n<h3>Trvanlivos\u0165<\/h3>\n<p>Trvanlivos\u0165 je k\u013e\u00fa\u010dov\u00fdm faktorom pri kon\u0161trukcii valcov v\u00fdlo\u017en\u00edka. Musia by\u0165 schopn\u00e9 odol\u00e1va\u0165 opotrebovaniu z neust\u00e1lej prev\u00e1dzky v n\u00e1ro\u010dn\u00fdch prostrediach. Materi\u00e1ly pou\u017eit\u00e9 pri v\u00fdrobe by mali by\u0165 vysoko kvalitn\u00e9 a o\u0161etren\u00e9 tak, aby sa pred\u013a\u017eila ich \u017eivotnos\u0165 proti kor\u00f3zii a in\u00fdm \u0161kodliv\u00fdm faktorom.<\/p>\n<h3>Bezpe\u010dnos\u0165<\/h3>\n<p>Bezpe\u010dnos\u0165 je pri kon\u0161trukcii hydraulick\u00fdch valcov prvorad\u00e1. Funkcie, ako je ochrana proti pre\u0165a\u017eeniu a mechanizmy n\u00fadzov\u00e9ho zastavenia, s\u00fa nevyhnutn\u00e9 na predch\u00e1dzanie nehod\u00e1m po\u010das prev\u00e1dzky. Pravideln\u00e9 bezpe\u010dnostn\u00e9 audity a dodr\u017eiavanie priemyseln\u00fdch noriem zohr\u00e1vaj\u00fa v\u00fdznamn\u00fa \u00falohu pri zabezpe\u010dovan\u00ed bezpe\u010dnosti obsluhy.<\/p>\n<h3>\u00dadr\u017eba<\/h3>\n<p>\u00dadr\u017eba je nevyhnutn\u00e1 pre dlh\u00fa \u017eivotnos\u0165 valcov v\u00fdlo\u017en\u00edka. Kon\u0161trukcia, ktor\u00e1 umo\u017e\u0148uje jednoduch\u00fd pr\u00edstup ku komponentom pre pravideln\u00e9 kontroly a servis, m\u00f4\u017ee v\u00fdrazne skr\u00e1ti\u0165 prestoje. Starostliv\u00e9 pl\u00e1novanie pl\u00e1nov \u00fadr\u017eby pom\u00e1ha predch\u00e1dza\u0165 n\u00e1hlym poruch\u00e1m.<\/p>\n<p><img decoding=\"async\" src=\"https:\/\/www.hydraulic-cylinders.net\/wp-content\/uploads\/2025\/04\/songte-oil-pipes-and-spare-parts.webp\" alt=\"Hydraulick\u00e9 komponenty\" \/><\/p>\n<h2>Tesnenie a mazanie<\/h2>\n<p>Spr\u00e1vne tesnenie a mazanie s\u00fa rozhoduj\u00face pre v\u00fdkon valcov v\u00fdlo\u017en\u00edka. R\u00f4zne tesnenia, ako s\u00fa piestne tesnenia a tesnenia ty\u010d\u00ed, s\u00fa navrhnut\u00e9 tak, aby zabr\u00e1nili \u00faniku a udr\u017eiavali tlak. V\u00fdber materi\u00e1lov, ako je polyuret\u00e1n a nitrilov\u00e1 guma, zvy\u0161uje odolnos\u0165 vo\u010di opotrebovaniu. Presn\u00e9 opracovanie tela valca a z\u00e1vitov\u00fdch koncov zlep\u0161uje odolnos\u0165 proti opotrebovaniu, \u010d\u00edm zabezpe\u010duje dlh\u0161iu \u017eivotnos\u0165. Pravideln\u00e9 mazanie hydraulick\u00fdm olejom je nevyhnutn\u00e9 na zn\u00ed\u017eenie trenia a opotrebenia pohybliv\u00fdch \u010dast\u00ed, \u010d\u00edm sa zvy\u0161uje \u00fa\u010dinnos\u0165 a funk\u010dnos\u0165 valca.<\/p>\n<h2>Opatrenia prevent\u00edvnej \u00fadr\u017eby<\/h2>\n<ul>\n<li><strong>Pravideln\u00e9 kontroly:<\/strong> Vykon\u00e1vanie \u010dast\u00fdch kontrol pom\u00e1ha v\u010das identifikova\u0165 potenci\u00e1lne probl\u00e9my, \u010d\u00edm sa predch\u00e1dza n\u00e1kladn\u00fdm oprav\u00e1m a prestojom. H\u013eadajte zn\u00e1mky opotrebovania, netesnost\u00ed alebo in\u00fdch abnormal\u00edt.<\/li>\n<li><strong>Vhodn\u00e9 mazanie:<\/strong> Ensure that hydraulic oil levels are adequate and that the oil is of the right quality. This reduces friction and wear, extending the cylinder&#8217;s lifespan.<\/li>\n<li><strong>V\u00fdmena tesnenia:<\/strong> Pravidelne kontrolujte opotrebovanie tesnen\u00ed a v pr\u00edpade potreby ich vyme\u0148te, aby ste udr\u017eali hydraulick\u00fd tlak a predi\u0161li \u00fanikom.<\/li>\n<\/ul>\n<h2>Pokyny na in\u0161tal\u00e1ciu<\/h2>\n<p>Spr\u00e1vna in\u0161tal\u00e1cia valcov v\u00fdlo\u017en\u00edka je k\u013e\u00fa\u010dov\u00e1 pre optim\u00e1lny v\u00fdkon. Za\u010dnite t\u00fdm, \u017ee sa uist\u00edte, \u017ee mont\u00e1\u017ene body na valci aj na stroji s\u00fa \u010dist\u00e9 a bez ne\u010dist\u00f4t. Pou\u017eite vhodn\u00e9 zarovn\u00e1vacie n\u00e1stroje, aby ste zabezpe\u010dili, \u017ee valec je dokonale zarovnan\u00fd s mont\u00e1\u017enymi konzolami. Pou\u017eite potrebn\u00fd hardv\u00e9r na bezpe\u010dn\u00e9 upevnenie valca na mieste a zabezpe\u010dte, aby bol po\u010das prev\u00e1dzky dobre podopret\u00fd. Po in\u0161tal\u00e1cii skontrolujte spr\u00e1vne hydraulick\u00e9 pripojenia a napl\u0148te syst\u00e9m hydraulick\u00fdm olejom pod\u013ea \u0161pecifik\u00e1ci\u00ed v\u00fdrobcu. Nakoniec vykonajte sk\u00fa\u0161obn\u00fa jazdu, aby ste overili, \u010di valec funguje hladko a bez \u00fanikov.<\/p>\n<p><img decoding=\"async\" src=\"https:\/\/www.hydraulic-cylinders.net\/wp-content\/uploads\/2025\/04\/songte-chushion-collar.webp\" alt=\"Vank\u00fa\u0161ov\u00fd golier\" \/><\/p>\n<h2>\u00dalohy \u00fadr\u017eby<\/h2>\n<ul>\n<li><strong>Pravideln\u00e9 kontroly:<\/strong> Pravideln\u00e9 kontroly pom\u00e1haj\u00fa identifikova\u0165 opotrebovanie a potenci\u00e1lne poruchy. Kontrola netesnost\u00ed alebo kor\u00f3zie m\u00f4\u017ee zabr\u00e1ni\u0165 neo\u010dak\u00e1van\u00fdm prestojom. Napl\u00e1nujte si kontroly pod\u013ea pou\u017e\u00edvania, aby ste zabezpe\u010dili primeran\u00e9 monitorovanie.<\/li>\n<li><strong>Spr\u00e1vne mazanie:<\/strong> Mazanie pohybliv\u00fdch \u010dast\u00ed zni\u017euje trenie a opotrebovanie, \u010d\u00edm sa zvy\u0161uje \u017eivotnos\u0165 valca v\u00fdlo\u017en\u00edka. Pou\u017e\u00edvajte odpor\u00fa\u010dan\u00fd hydraulick\u00fd olej a dodr\u017eiavajte pokyny v\u00fdrobcu t\u00fdkaj\u00face sa intervalov mazania.<\/li>\n<li><strong>V\u00fdmena tesnenia:<\/strong> Pravidelne kontrolujte tesnenia, \u010di nie s\u00fa opotrebovan\u00e9. V\u010dasn\u00e1 v\u00fdmena opotrebovan\u00fdch tesnen\u00ed udr\u017eiava hydraulick\u00fd tlak a zabra\u0148uje \u00fanikom, \u010d\u00edm zabezpe\u010duje plynul\u00fa prev\u00e1dzku.<\/li>\n<\/ul>\n<h2>Bezpe\u010dnostn\u00e9 aspekty a faktory prostredia<\/h2>\n<p>Dodr\u017eiavanie bezpe\u010dnostn\u00fdch opatren\u00ed po\u010das pou\u017e\u00edvania hydraulick\u00fdch valcov v\u00fdlo\u017en\u00edka je nevyhnutn\u00e9. Obsluha by mala by\u0165 vy\u0161kolen\u00e1, aby rozumela obmedzeniam zariadenia a dodr\u017eiavala nosnos\u0165. Aby sa predi\u0161lo nehod\u00e1m, je potrebn\u00e9 pr\u00edsne dodr\u017eiava\u0165 bezpe\u010dnostn\u00e9 vybavenie a pokyny. Z environment\u00e1lneho h\u013eadiska je nevyhnutn\u00e9 riadi\u0165 \u00faniky a \u00faniky hydraulick\u00e9ho oleja, aby sa minimalizoval dopad. Pou\u017e\u00edvanie ekologick\u00fdch hydraulick\u00fdch kvapal\u00edn m\u00f4\u017ee tie\u017e zn\u00ed\u017ei\u0165 environment\u00e1lne rizik\u00e1 spojen\u00e9 s hydraulick\u00fdmi strojmi.<\/p>\n<h2>Rie\u0161enie probl\u00e9mov a be\u017en\u00e9 probl\u00e9my<\/h2>\n<ul>\n<li><strong>\u00daniky:<\/strong> K \u00fanikom m\u00f4\u017ee d\u00f4js\u0165 v d\u00f4sledku opotrebovan\u00fdch tesnen\u00ed alebo po\u0161koden\u00fdch had\u00edc. Skontrolujte, \u010di sa pod zariaden\u00edm nenach\u00e1dzaj\u00fa olejov\u00e9 \u0161kvrny a tesnenia, \u010di nejavia zn\u00e1mky opotrebovania.<\/li>\n<li><strong>Nereaguj\u00faci valec:<\/strong> Ak valec nereaguje, skontrolujte hladinu hydraulickej kvapaliny a uistite sa, \u017ee hydraulick\u00e9 potrubia nie s\u00fa upchat\u00e9.<\/li>\n<li><strong>Nadmern\u00fd hluk:<\/strong> Nezvy\u010dajn\u00e9 zvuky m\u00f4\u017eu nazna\u010dova\u0165, \u017ee v hydraulickom syst\u00e9me je zachyten\u00fd vzduch. Odvzdu\u0161nite syst\u00e9m, aby ste uvo\u013enili zachyten\u00fd vzduch a zabezpe\u010dili plynul\u00fd chod.<\/li>\n<\/ul>\n<h2>Tipy na rie\u0161enie probl\u00e9mov<\/h2>\n<p>Pre efekt\u00edvnu diagnostiku a rie\u0161enie probl\u00e9mov s valcom ramena za\u010dnite kontrolou hladiny hydraulickej kvapaliny a h\u013eadan\u00edm netesnost\u00ed. Uistite sa, \u017ee spoje s\u00fa tesn\u00e9 a bez opotrebenia. Pravideln\u00e1 prevent\u00edvna \u00fadr\u017eba m\u00f4\u017ee zmierni\u0165 be\u017en\u00e9 probl\u00e9my. Ak probl\u00e9my pretrv\u00e1vaj\u00fa, pora\u010fte sa s odborn\u00edkom, aby vykonal d\u00f4kladn\u00fa kontrolu a opravu. Vedenie z\u00e1znamov o \u010dinnostiach \u00fadr\u017eby a pozorovaniach m\u00f4\u017ee pom\u00f4c\u0165 identifikova\u0165 vzorce a predch\u00e1dza\u0165 bud\u00facim probl\u00e9mom.<\/p>\n<p><img decoding=\"async\" src=\"https:\/\/www.hydraulic-cylinders.net\/wp-content\/uploads\/2025\/04\/songte-bushings-with-all-kinds-of-excavator-models.webp\" alt=\"Modely puzdier\" \/><\/p>\n<h2>O na\u0161ej spolo\u010dnosti<\/h2>\n<p>Sme popredn\u00fdm v\u00fdrobcom a distrib\u00fatorom n\u00e1hradn\u00fdch hydraulick\u00fdch valcov a poskytujeme komplexn\u00fd sortiment produktov na dom\u00e1cich aj medzin\u00e1rodn\u00fdch trhoch. N\u00e1\u0161 z\u00e1v\u00e4zok k excelentnosti je pod\u010diarknut\u00fd na\u0161imi prepracovan\u00fdmi v\u00fdrobn\u00fdmi strat\u00e9giami a integr\u00e1ciou pokro\u010dil\u00fdch technol\u00f3gi\u00ed. Vyu\u017e\u00edvame kvalifikovan\u00fdch odborn\u00edkov, \u0161pi\u010dkov\u00e9 digit\u00e1lne v\u00fdrobn\u00e9 zariadenia a \u0161pecializovan\u00e9 testovacie syst\u00e9my, aby sme neust\u00e1le zlep\u0161ovali na\u0161e v\u00fdrobn\u00e9 kapacity a zlep\u0161ovali kvalitu produktov. Na\u0161e zameranie na efekt\u00edvnos\u0165, presnos\u0165 a vysok\u00fa kvalitu n\u00e1m umo\u017e\u0148uje uspokojova\u0165 rozmanit\u00e9 potreby z\u00e1kazn\u00edkov.<\/p>\n<p><img decoding=\"async\" src=\"https:\/\/www.hydraulic-cylinders.net\/wp-content\/uploads\/2025\/04\/songte-company-4.webp\" alt=\"Preh\u013ead spolo\u010dnosti\" \/><br \/>\n<img decoding=\"async\" src=\"https:\/\/www.hydraulic-cylinders.net\/wp-content\/uploads\/2025\/04\/songte-company-3.webp\" alt=\"V\u00fdrobn\u00fd proces\" \/><\/p>\n<p>Sme hrd\u00ed na n\u00e1\u0161 profesion\u00e1lny pr\u00edstup, medzin\u00e1rodn\u00e9 certifik\u00e1cie a slu\u017eby prisp\u00f4sobenia. Na\u0161e v\u00fdrobn\u00e9 zariadenia s\u00fa vybaven\u00e9 modern\u00fdmi strojmi, ktor\u00e9 zabezpe\u010duj\u00fa vysoko kvalitn\u00fa produkciu, zatia\u013e \u010do n\u00e1\u0161 popredajn\u00fd servis zaru\u010duje spokojnos\u0165 a podporu z\u00e1kazn\u00edkov.<\/p>\n<p>Autor: lyl<\/p>","protected":false},"excerpt":{"rendered":"<p>Boom Cylinder For Bonny CE400-5\/400-7 Introduction to Boom Cylinder The Boom Cylinder, specifically designed for the Bonny CE400-5 and CE400-7 models, plays a crucial role in hydraulic systems used in heavy machinery. This hydraulic cylinder is essential for controlling the movement of a bucket in various equipment such as excavators, backhoe loaders, and front loaders. [&hellip;]<\/p>","protected":false},"featured_media":17868,"comment_status":"open","ping_status":"closed","template":"","meta":{"_et_pb_use_builder":"","_et_pb_old_content":"","_et_gb_content_width":""},"product_brand":[],"product_cat":[1546],"product_tag":[1547,1496],"class_list":{"0":"post-19650","1":"product","2":"type-product","3":"status-publish","4":"has-post-thumbnail","6":"product_cat-boom-cylinders","7":"product_tag-boom-cylinders","8":"product_tag-hydraulic-cylinders","10":"first","11":"instock","12":"shipping-taxable","13":"product-type-simple"},"amp_enabled":true,"_links":{"self":[{"href":"https:\/\/www.hydraulic-cylinders.net\/sk\/wp-json\/wp\/v2\/product\/19650","targetHints":{"allow":["GET"]}}],"collection":[{"href":"https:\/\/www.hydraulic-cylinders.net\/sk\/wp-json\/wp\/v2\/product"}],"about":[{"href":"https:\/\/www.hydraulic-cylinders.net\/sk\/wp-json\/wp\/v2\/types\/product"}],"replies":[{"embeddable":true,"href":"https:\/\/www.hydraulic-cylinders.net\/sk\/wp-json\/wp\/v2\/comments?post=19650"}],"wp:featuredmedia":[{"embeddable":true,"href":"https:\/\/www.hydraulic-cylinders.net\/sk\/wp-json\/wp\/v2\/media\/17868"}],"wp:attachment":[{"href":"https:\/\/www.hydraulic-cylinders.net\/sk\/wp-json\/wp\/v2\/media?parent=19650"}],"wp:term":[{"taxonomy":"product_brand","embeddable":true,"href":"https:\/\/www.hydraulic-cylinders.net\/sk\/wp-json\/wp\/v2\/product_brand?post=19650"},{"taxonomy":"product_cat","embeddable":true,"href":"https:\/\/www.hydraulic-cylinders.net\/sk\/wp-json\/wp\/v2\/product_cat?post=19650"},{"taxonomy":"product_tag","embeddable":true,"href":"https:\/\/www.hydraulic-cylinders.net\/sk\/wp-json\/wp\/v2\/product_tag?post=19650"}],"curies":[{"name":"pracovn\u00fd list","href":"https:\/\/api.w.org\/{rel}","templated":true}]}}