{"id":19651,"date":"2025-04-07T06:59:37","date_gmt":"2025-04-07T06:59:37","guid":{"rendered":"https:\/\/www.hydraulic-cylinders.net\/product\/boom-cylinder-for-bonny-wy160ahd\/"},"modified":"2025-04-07T06:59:40","modified_gmt":"2025-04-07T06:59:40","slug":"boom-cylinder-for-bonny-wy160ahd","status":"publish","type":"product","link":"https:\/\/www.hydraulic-cylinders.net\/sk\/produkt\/boom-cylinder-for-bonny-wy160ahd\/","title":{"rendered":"Valec v\u00fdlo\u017en\u00edka pre Bonny WY160AHD"},"content":{"rendered":"<h1>Valec v\u00fdlo\u017en\u00edka pre Bonny WY160AHD<\/h1>\n<h2>Preh\u013ead produktu<\/h2>\n<p>Hydraulick\u00fd valec v\u00fdlo\u017en\u00edka pre Bonny WY160AHD je \u0161pecializovan\u00fd hydraulick\u00fd valec ur\u010den\u00fd na ovl\u00e1danie pohybu v\u00fdlo\u017en\u00edka v r\u00f4znych \u0165a\u017ek\u00fdch strojoch, ako s\u00fa r\u00fdpadl\u00e1, r\u00fdpadlo-naklada\u010de a \u010deln\u00e9 naklada\u010de. Tieto valce umo\u017e\u0148uj\u00fa zdv\u00edhanie, sp\u00fa\u0161\u0165anie a nakl\u00e1\u0148anie v\u00fdlo\u017en\u00edka, \u010do u\u013eah\u010duje a presne vykon\u00e1va\u0165 \u00falohy manipul\u00e1cie s materi\u00e1lom. Valec ly\u017eice zohr\u00e1va k\u013e\u00fa\u010dov\u00fa \u00falohu v hydraulick\u00fdch syst\u00e9moch, preto\u017ee poskytuje potrebn\u00fa silu a ovl\u00e1danie pre efekt\u00edvnu prev\u00e1dzku v n\u00e1ro\u010dn\u00fdch prostrediach.<\/p>\n<p><img decoding=\"async\" src=\"https:\/\/www.hydraulic-cylinders.net\/wp-content\/uploads\/2025\/04\/songte-company-1.webp\" alt=\"Valec v\u00fdlo\u017en\u00edka pre Bonny WY160AHD\"><\/p>\n<h3>Defin\u00edcia a funk\u010dnos\u0165<\/h3>\n<p>Hydraulick\u00fd valec ly\u017eice je typ hydraulick\u00e9ho valca \u0161peci\u00e1lne navrhnut\u00e9ho na riadenie \u010dinnosti ly\u017eice pri \u0165a\u017ek\u00fdch strojoch. V r\u00fdpadl\u00e1ch umo\u017e\u0148uje presn\u00e9 kopanie, zdv\u00edhanie a nakl\u00e1\u0148anie ly\u017eice, \u010do umo\u017e\u0148uje efekt\u00edvne v\u00fdkopov\u00e9 pr\u00e1ce a prepravu materi\u00e1lu. Kon\u0161trukcia t\u00fdchto valcov zvy\u010dajne zabezpe\u010duje vysok\u00fa odolnos\u0165 a spo\u013eahlivos\u0165, \u010d\u00edm zabezpe\u010duje optim\u00e1lny v\u00fdkon za podmienok vysok\u00e9ho tlaku.<\/p>\n<h2>Vlastnosti valca v\u00fdlo\u017en\u00edka<\/h2>\n<ul>\n<li><strong>Vysok\u00e1 pevnos\u0165 a odolnos\u0165:<\/strong> Tieto valce, vyroben\u00e9 z vysokopevnostnej ocele alebo hlin\u00edka, odol\u00e1vaj\u00fa vysok\u00e9mu tlaku a ve\u013ek\u00e9mu za\u0165a\u017eeniu, v\u010faka \u010domu s\u00fa vhodn\u00e9 do n\u00e1ro\u010dn\u00fdch pracovn\u00fdch prostred\u00ed. Ich kon\u0161trukcia zoh\u013ead\u0148uje odolnos\u0165 proti opotrebovaniu a ochranu proti kor\u00f3zii, aby sa pred\u013a\u017eila ich \u017eivotnos\u0165.<\/li>\n<li><strong>Efekt\u00edvna hydraulick\u00e1 prev\u00e1dzka:<\/strong> V\u010faka hydraulick\u00e9mu tlaku oleja pre plynul\u00e9 vys\u00favanie a zas\u00favanie tieto valce r\u00fdchlo reaguj\u00fa na ovl\u00e1dacie povely a poskytuj\u00fa zna\u010dn\u00fa tla\u010dn\u00fa a \u0165a\u017en\u00fa silu, ide\u00e1lnu na zvl\u00e1dnutie \u0165a\u017ek\u00fdch a zlo\u017eit\u00fdch \u00faloh.<\/li>\n<li><strong>R\u00f4zne typy:<\/strong> Mo\u017enosti zah\u0155\u0148aj\u00fa jedno\u010dinn\u00e9 (pracuj\u00face v jednom smere) a dvoj\u010dinn\u00e9 (pracuj\u00face v oboch smeroch) valce, ktor\u00e9 sp\u013a\u0148aj\u00fa r\u00f4zne prev\u00e1dzkov\u00e9 po\u017eiadavky. Niektor\u00e9 modely s\u00fa teleskopick\u00e9, \u010do umo\u017e\u0148uje v\u00e4\u010d\u0161ie vysunutie bez zv\u00e4\u010d\u0161enia vonkaj\u0161\u00edch rozmerov, a s\u00fa vhodn\u00e9 pre aplik\u00e1cie s obmedzen\u00fdm priestorom.<\/li>\n<li><strong>Prisp\u00f4sobite\u013en\u00e9 rie\u0161enia:<\/strong> Na\u0161e v\u00fdrobn\u00e9 kapacity n\u00e1m umo\u017e\u0148uj\u00fa vyr\u00e1ba\u0165 valce, ktor\u00e9 dokonale nahradia existuj\u00face hydraulick\u00e9 valce a zabezpe\u010dia tak bezprobl\u00e9mov\u00fa integr\u00e1ciu do v\u00e1\u0161ho zariadenia.<\/li>\n<li><strong>Robustn\u00fd dizajn:<\/strong> Pri kon\u0161trukcii t\u00fdchto valcov sa zoh\u013ead\u0148uj\u00fa faktory ako nosnos\u0165, tesnenie, odolnos\u0165, bezpe\u010dnos\u0165 a \u00fadr\u017eba, \u010d\u00edm sa zabezpe\u010duje spo\u013eahliv\u00fd v\u00fdkon vo v\u0161etk\u00fdch aplik\u00e1ci\u00e1ch.<\/li>\n<\/ul>\n<p><img decoding=\"async\" src=\"https:\/\/www.hydraulic-cylinders.net\/wp-content\/uploads\/2025\/04\/songte-cylinder-head-with-all-kinds-excavator-models.webp\" alt=\"Hlava valcov pre bagre\"><\/p>\n<h2>Aplik\u00e1cie valca ramena<\/h2>\n<h3>Stavebn\u00e9 stroje<\/h3>\n<p>V r\u00fdpadl\u00e1ch s\u00fa valce v\u00fdlo\u017en\u00edka nevyhnutn\u00e9 na kopanie, nakladanie a premiest\u0148ovanie zeminy alebo sutiny. Poskytuj\u00fa potrebn\u00fa silu na efekt\u00edvnu manipul\u00e1ciu s v\u00fdlo\u017en\u00edkom, \u010do umo\u017e\u0148uje obsluhe vykon\u00e1va\u0165 cel\u00fd rad \u00faloh s presnos\u0165ou. Schopnos\u0165 v\u00fdlo\u017en\u00edka zdv\u00edha\u0165 \u0165a\u017ek\u00e9 bremen\u00e1 je v stavebn\u00fdch projektoch k\u013e\u00fa\u010dov\u00e1, preto\u017ee zabezpe\u010duje efekt\u00edvnos\u0165 a produktivitu.<\/p>\n<h3>Po\u013enohospod\u00e1rske stroje<\/h3>\n<p>Valce v\u00fdlo\u017en\u00edka, ktor\u00e9 sa pou\u017e\u00edvaj\u00fa v \u010deln\u00fdch naklada\u010doch, u\u013eah\u010duj\u00fa naberanie, zdv\u00edhanie a prepravu materi\u00e1lov, ako je p\u00f4da a seno. Ich robustn\u00e1 kon\u0161trukcia zais\u0165uje spo\u013eahliv\u00fa prev\u00e1dzku pri r\u00f4znych po\u013enohospod\u00e1rskych \u00faloh\u00e1ch, \u010d\u00edm v\u00fdrazne zvy\u0161uje produktivitu na farm\u00e1ch.<\/p>\n<h3>R\u00fdpadl\u00e1<\/h3>\n<p>V r\u00fdpadl\u00e1ch umo\u017e\u0148uj\u00fa valce v\u00fdlo\u017en\u00edka kopanie t\u00fdm, \u017ee umo\u017e\u0148uj\u00fa ly\u017eici prenikn\u00fa\u0165 do p\u00f4dy. Ich kon\u0161trukcia maximalizuje hydraulick\u00fa \u00fa\u010dinnos\u0165 a poskytuje v\u00fdkon potrebn\u00fd na efekt\u00edvne v\u00fdkopov\u00e9 pr\u00e1ce s materi\u00e1lmi, \u010d\u00edm sa zlep\u0161uje celkov\u00fd v\u00fdkon stroja.<\/p>\n<h3>Naklada\u010de<\/h3>\n<p>V \u010deln\u00fdch naklada\u010doch pom\u00e1haj\u00fa valce v\u00fdlo\u017en\u00edka efekt\u00edvne zdv\u00edha\u0165 a vyklada\u0165 n\u00e1klad. V\u010faka svojej schopnosti manipulova\u0165 s \u0165a\u017ek\u00fdmi materi\u00e1lmi s\u00fa nevyhnutn\u00e9 v stavebn\u00edctve a manipul\u00e1cii s materi\u00e1lom, \u010do zabezpe\u010duje r\u00fdchle a efekt\u00edvne dokon\u010denie \u00faloh.<\/p>\n<h2>\u00davahy o dizajne a krit\u00e9ri\u00e1 v\u00fdberu<\/h2>\n<h3>Nosnos\u0165<\/h3>\n<p>Pri v\u00fdbere valca v\u00fdlo\u017en\u00edka je nosnos\u0165 kritick\u00fdm aspektom. Valec mus\u00ed by\u0165 schopn\u00fd zvl\u00e1dnu\u0165 maxim\u00e1lne za\u0165a\u017eenie, ktor\u00e9mu bude stroj \u010deli\u0165. To si vy\u017eaduje starostliv\u00e9 kon\u0161truk\u010dn\u00e9 rie\u0161enie, aby sa zabezpe\u010dilo, \u017ee pou\u017eit\u00e9 materi\u00e1ly odol\u00e1vaj\u00fa sil\u00e1m p\u00f4sobiacim po\u010das prev\u00e1dzky bez deform\u00e1cie alebo poruchy.<\/p>\n<h3>Tesnenie<\/h3>\n<p>Tesnenie je \u010fal\u0161\u00edm d\u00f4le\u017eit\u00fdm faktorom. \u00da\u010dinn\u00e9 tesnenia zabra\u0148uj\u00fa \u00faniku a kontamin\u00e1cii hydraulickej kvapaliny, \u010do m\u00f4\u017ee ohrozi\u0165 v\u00fdkon a bezpe\u010dnos\u0165. Vysokokvalitn\u00e9 tesnenia vyroben\u00e9 z materi\u00e1lov ako polyuret\u00e1n alebo nitrilov\u00fd kau\u010duk s\u00fa k\u013e\u00fa\u010dov\u00e9 pre udr\u017eanie integrity hydraulick\u00e9ho syst\u00e9mu.<\/p>\n<h3>Trvanlivos\u0165<\/h3>\n<p>Trvanlivos\u0165 valca v\u00fdlo\u017en\u00edka je nevyhnutn\u00e1, najm\u00e4 v n\u00e1ro\u010dn\u00fdch prostrediach. Mal by odol\u00e1va\u0165 opotrebovaniu sp\u00f4soben\u00e9mu neust\u00e1lym pou\u017e\u00edvan\u00edm a vystaven\u00edm drsn\u00fdm podmienkam. Patria sem oderu od ne\u010dist\u00f4t a \u00falomkov, ako aj kor\u00f3zii sp\u00f4sobenej vlhkos\u0165ou a chemik\u00e1liami.<\/p>\n<h3>Bezpe\u010dnos\u0165<\/h3>\n<p>Bezpe\u010dnostn\u00e9 prvky musia by\u0165 integrovan\u00e9 do kon\u0161trukcie valcov v\u00fdlo\u017en\u00edka, aby sa predi\u0161lo nehod\u00e1m. Patria sem mechanizmy ochrany proti pre\u0165a\u017eeniu a bezpe\u010dnostn\u00e9 ventily, ktor\u00e9 m\u00f4\u017eu zabr\u00e1ni\u0165 prekro\u010deniu bezpe\u010dn\u00fdch prev\u00e1dzkov\u00fdch limitov syst\u00e9mu, \u010d\u00edm sa zabezpe\u010d\u00ed bezpe\u010dnos\u0165 obsluhy aj dlh\u00e1 \u017eivotnos\u0165 zariadenia.<\/p>\n<h3>Udr\u017eiavate\u013enos\u0165<\/h3>\n<p>Nakoniec, d\u00f4le\u017eit\u00fdm faktorom je jednoduchos\u0165 \u00fadr\u017eby. Kon\u0161trukcia, ktor\u00e1 zjednodu\u0161uje kontroly, mazanie a v\u00fdmenu tesnen\u00ed, povedie k ni\u017e\u0161\u00edm prestojom a n\u00e1kladom na \u00fadr\u017ebu. V\u00fdrobcovia by mali uprednost\u0148ova\u0165 kon\u0161trukcie, ktor\u00e9 umo\u017e\u0148uj\u00fa jednoduch\u00fd pr\u00edstup ku kritick\u00fdm komponentom.<\/p>\n<p><img decoding=\"async\" src=\"https:\/\/www.hydraulic-cylinders.net\/wp-content\/uploads\/2025\/04\/songte-oil-pipes-and-spare-parts.webp\" alt=\"Hydraulick\u00e9 komponenty\"><\/p>\n<h2>Tesnenie a mazanie<\/h2>\n<p>\u00da\u010dinnos\u0165 valcov v\u00fdlo\u017en\u00edka vo ve\u013ekej miere z\u00e1vis\u00ed od spr\u00e1vneho tesnenia a mazania. R\u00f4zne tesniace komponenty, ako s\u00fa tesnenia piestov a tesnenia ty\u010d\u00ed, s\u00fa k\u013e\u00fa\u010dov\u00e9 pre udr\u017eiavanie hydraulick\u00e9ho tlaku a prevenciu \u00fanikov. Tesnenia s\u00fa zvy\u010dajne vyroben\u00e9 z materi\u00e1lov odoln\u00fdch vo\u010di opotrebovaniu, ako je polyuret\u00e1n alebo nitrilov\u00e1 guma, ktor\u00e9 pon\u00fakaj\u00fa vynikaj\u00facu odolnos\u0165 vo\u010di n\u00e1ro\u010dn\u00fdm prev\u00e1dzkov\u00fdm podmienkam, ktor\u00fdm hydraulick\u00e9 valce \u010dasto \u010delia. Okrem toho s\u00fa povrchy telesa valca a z\u00e1vitov\u00fdch koncov jemne opracovan\u00e9, aby sa zv\u00fd\u0161ila odolnos\u0165 vo\u010di opotrebovaniu, \u010do prispieva k celkovej spo\u013eahlivosti valca.<\/p>\n<p>Pravideln\u00e9 mazanie je tie\u017e nevyhnutn\u00e9. Obsluhe sa odpor\u00fa\u010da pravidelne plni\u0165 hydraulick\u00fd syst\u00e9m vhodn\u00fdm hydraulick\u00fdm olejom, aby sa zabezpe\u010dila hladk\u00e1 funkcia v\u0161etk\u00fdch pohybliv\u00fdch \u010dast\u00ed a minimalizovalo sa trenie. Tento postup predl\u017euje \u017eivotnos\u0165 valca a udr\u017eiava optim\u00e1lny v\u00fdkon.<\/p>\n<h2>Opatrenia prevent\u00edvnej \u00fadr\u017eby<\/h2>\n<ul>\n<li><strong>Pravideln\u00e9 kontroly:<\/strong> Napl\u00e1nujte si \u010dast\u00e9 kontroly, aby ste identifikovali ak\u00e9ko\u013evek zn\u00e1mky opotrebovania, \u00faniku alebo po\u0161kodenia. V\u010dasn\u00e9 odhalenie probl\u00e9mov m\u00f4\u017ee zabr\u00e1ni\u0165 vzniku z\u00e1va\u017enej\u0161\u00edch probl\u00e9mov.<\/li>\n<li><strong>Vhodn\u00e9 mazanie:<\/strong> Zabezpe\u010dte udr\u017eiavanie hladiny hydraulickej kvapaliny a pravideln\u00e9 mazanie syst\u00e9mu, aby sa zn\u00ed\u017eilo trenie a opotrebovanie pohybliv\u00fdch \u010dast\u00ed.<\/li>\n<li><strong>V\u00fdmena tesnenia:<\/strong> Sledujte stav tesnen\u00ed a pod\u013ea potreby ich vyme\u0148te, aby ste predi\u0161li \u00fanikom a zachovali hydraulick\u00fa \u00fa\u010dinnos\u0165.<\/li>\n<\/ul>\n<h2>Pokyny na in\u0161tal\u00e1ciu<\/h2>\n<p>Spr\u00e1vna in\u0161tal\u00e1cia valca v\u00fdlo\u017en\u00edka je k\u013e\u00fa\u010dov\u00e1 pre optim\u00e1lnu prev\u00e1dzku a dlh\u00fa \u017eivotnos\u0165. Za\u010dnite t\u00fdm, \u017ee sa uist\u00edte, \u017ee mont\u00e1\u017ene body na stroji s\u00fa \u010dist\u00e9 a bez ne\u010dist\u00f4t. Valec starostlivo zarovnajte a dbajte na to, aby bol rovn\u00fd, aby ste predi\u0161li ak\u00e9muko\u013evek nespr\u00e1vnemu zarovnaniu, ktor\u00e9 by mohlo vies\u0165 k pred\u010dasn\u00e9mu opotrebovaniu alebo poruche. Na upevnenie valca na mieste pou\u017eite vhodn\u00e9 mont\u00e1\u017ene konzoly a zabezpe\u010dte pevn\u00e9 upevnenie.<\/p>\n<p>V\u017edy sa ria\u010fte \u0161pecifik\u00e1ciami v\u00fdrobcu, pokia\u013e ide o nastavenie kr\u00fatiaceho momentu a ak\u00e9ko\u013evek \u0161pecifick\u00e9 po\u017eiadavky na in\u0161tal\u00e1ciu. Po in\u0161tal\u00e1cii vykonajte testy, aby ste sa uistili, \u017ee valec funguje hladko a bez \u00fanikov. Nakoniec zdokumentujte proces in\u0161tal\u00e1cie a v\u0161etky vykonan\u00e9 \u00fapravy pre bud\u00face pou\u017eitie.<\/p>\n<h2>Be\u017en\u00e9 \u00falohy \u00fadr\u017eby<\/h2>\n<h3>Pravideln\u00e9 kontroly<\/h3>\n<p>Vykon\u00e1vanie pravideln\u00fdch kontrol je nevyhnutn\u00e9 na identifik\u00e1ciu potenci\u00e1lnych probl\u00e9mov sk\u00f4r, ako sa stan\u00fa v\u00e1\u017enymi. H\u013eadajte zn\u00e1mky opotrebovania, ako s\u00fa praskliny alebo deform\u00e1cie vo valci, a kontrolujte hladiny hydraulickej kvapaliny, aby ste sa uistili, \u017ee s\u00fa v odpor\u00fa\u010danom rozsahu. Kontroly by sa mali vykon\u00e1va\u0165 v pravideln\u00fdch intervaloch, aby sa zachovala integrita a v\u00fdkon valca v\u00fdlo\u017en\u00edka.<\/p>\n<h3>Vhodn\u00e9 mazanie<\/h3>\n<p>Spr\u00e1vne mazanie je nevyhnutn\u00e9 pre pred\u013a\u017eenie \u017eivotnosti valca v\u00fdlo\u017en\u00edka. Zabezpe\u010dte dostato\u010dn\u00fa hladinu hydraulick\u00e9ho oleja a pravideln\u00fa \u00fadr\u017ebu mazac\u00edch bodov. Mus\u00ed sa pou\u017e\u00edva\u0165 spr\u00e1vny typ hydraulick\u00e9ho oleja a obsluha by mala dodr\u017eiava\u0165 odpor\u00fa\u010dania v\u00fdrobcu, aby sa predi\u0161lo po\u0161kodeniu a zabezpe\u010dila sa plynul\u00e1 prev\u00e1dzka.<\/p>\n<h3>V\u00fdmena tesnenia<\/h3>\n<p>Tesnenia s\u00fa k\u013e\u00fa\u010dov\u00e9 pre udr\u017eiavanie hydraulick\u00e9ho tlaku a prevenciu \u00fanikov. Pravidelne kontrolujte tesnenia, \u010di nejavia zn\u00e1mky opotrebovania alebo po\u0161kodenia, a v pr\u00edpade potreby ich vyme\u0148te. To pom\u00f4\u017ee udr\u017ea\u0165 \u00fa\u010dinnos\u0165 hydraulick\u00e9ho syst\u00e9mu a pred\u00eds\u0165 n\u00e1kladn\u00fdm oprav\u00e1m v d\u00f4sledku \u00fanikov kvapal\u00edn. Vedenie z\u00e1znamov o v\u00fdmen\u00e1ch tesnen\u00ed pom\u00f4\u017ee pri sledovan\u00ed \u00fasilia o \u00fadr\u017ebu.<\/p>\n<p><img decoding=\"async\" src=\"https:\/\/www.hydraulic-cylinders.net\/wp-content\/uploads\/2025\/04\/songte-chushion-collar.webp\" alt=\"Vank\u00fa\u0161ov\u00fd golier\"><\/p>\n<h2>Bezpe\u010dnostn\u00e9 aspekty a faktory prostredia<\/h2>\n<p>Pri obsluhe hydraulick\u00fdch syst\u00e9mov s\u00fa bezpe\u010dnostn\u00e9 opatrenia prvorad\u00e9. Obsluha by mala v\u017edy dodr\u017eiava\u0165 bezpe\u010dnostn\u00e9 protokoly vr\u00e1tane nosenia vhodn\u00fdch osobn\u00fdch ochrann\u00fdch prostriedkov (OOP) a zabezpe\u010di\u0165, aby v\u0161etci zamestnanci poznali prev\u00e1dzkov\u00e9 postupy. Spr\u00e1vne \u0161kolenie je nevyhnutn\u00e9 na predch\u00e1dzanie nehod\u00e1m a zabezpe\u010denie bezpe\u010dnej prev\u00e1dzky strojov vybaven\u00fdch valcami v\u00fdlo\u017en\u00edka.<\/p>\n<p>Faktory prostredia tie\u017e zohr\u00e1vaj\u00fa v\u00fdznamn\u00fa \u00falohu v prev\u00e1dzke a \u017eivotnosti hydraulick\u00fdch valcov. Obsluha mus\u00ed zv\u00e1\u017ei\u0165 teplotn\u00e9 extr\u00e9my, vystavenie vlhkosti a potenci\u00e1lne kontaminanty v prev\u00e1dzkovom prostred\u00ed. Zavedenie ochrann\u00fdch opatren\u00ed, ako je pou\u017e\u00edvanie krytov alebo v\u00fdber vhodn\u00fdch materi\u00e1lov, m\u00f4\u017ee tieto rizik\u00e1 zmierni\u0165.<\/p>\n<h2>Diagnostika por\u00fach a be\u017en\u00e9 probl\u00e9my<\/h2>\n<ul>\n<li><strong>\u00danik:<\/strong> Ak unik\u00e1 hydraulick\u00e1 kvapalina, skontrolujte tesnenia a spoje, \u010di nie s\u00fa po\u0161koden\u00e9. Vyme\u0148te v\u0161etky chybn\u00e9 komponenty, aby ste obnovili integritu syst\u00e9mu.<\/li>\n<li><strong>Nekonzistentn\u00e1 prev\u00e1dzka:<\/strong> Ak sa valec nevys\u00fava alebo nezas\u00fava plynulo, skontrolujte, \u010di nie s\u00fa hydraulick\u00e9 potrubia upchat\u00e9 a \u010di je v syst\u00e9me dostatok hydraulickej kvapaliny.<\/li>\n<li><strong>Nezvy\u010dajn\u00e9 zvuky:<\/strong> Zvuky podobn\u00e9 \u0161kr\u00edpaniu alebo rin\u010daniu m\u00f4\u017eu nazna\u010dova\u0165 vn\u00fatorn\u00e9 po\u0161kodenie alebo opotrebovanie. Skontrolujte valec, \u010di nevykazuje zn\u00e1mky mechanick\u00e9ho po\u0161kodenia alebo opotrebovania.<\/li>\n<\/ul>\n<h2>Tipy na rie\u0161enie probl\u00e9mov<\/h2>\n<p>Aby oper\u00e1tori mohli efekt\u00edvne diagnostikova\u0165 a rie\u0161i\u0165 probl\u00e9my, mali by zachova\u0165 systematick\u00fd pr\u00edstup. Za\u010dnite vizu\u00e1lnou kontrolou hydraulick\u00e9ho syst\u00e9mu a h\u013eadajte netesnosti alebo zjavn\u00e9 po\u0161kodenia. Ak sa zist\u00ed probl\u00e9m, pozrite si pokyny v\u00fdrobcu t\u00fdkaj\u00face sa postupov rie\u0161enia probl\u00e9mov a opravy. Pravideln\u00e9 \u0161kolenie o be\u017en\u00fdch probl\u00e9moch a ich rie\u0161eniach m\u00f4\u017ee oper\u00e1torom pom\u00f4c\u0165 zvl\u00e1dnu\u0165 men\u0161ie probl\u00e9my sk\u00f4r, ako sa premenia na v\u00e4\u010d\u0161ie opravy.<\/p>\n<p>Zavedenie prevent\u00edvnych opatren\u00ed, ako je pl\u00e1novan\u00e1 \u00fadr\u017eba a pravideln\u00e9 kontroly, m\u00f4\u017ee pom\u00f4c\u0165 minimalizova\u0165 potenci\u00e1lne probl\u00e9my a zabezpe\u010di\u0165 plynul\u00fd chod valca v\u00fdlo\u017en\u00edka.<\/p>\n<p><img decoding=\"async\" src=\"https:\/\/www.hydraulic-cylinders.net\/wp-content\/uploads\/2025\/04\/songte-bushings-with-all-kinds-of-excavator-models.webp\" alt=\"Puzdr\u00e1 pre bagre\"><\/p>\n<h2>O na\u0161ej spolo\u010dnosti<\/h2>\n<p>Sme popredn\u00fdm v\u00fdrobcom a ve\u013ekoobchodn\u00fdm distrib\u00fatorom n\u00e1hradn\u00fdch hydraulick\u00fdch valcov s komplexn\u00fdm sortimentom produktov. N\u00e1\u0161 z\u00e1v\u00e4zok k v\u00fdnimo\u010dnej kvalite n\u00e1s etabloval ako popredn\u00e9ho hr\u00e1\u010da na dom\u00e1com aj medzin\u00e1rodnom trhu. Dodr\u017eiavame prepracovan\u00fa, industrializovan\u00fa strat\u00e9giu riadenia v\u00fdroby, ktor\u00e1 sa zameriava na excelentnos\u0165 a efekt\u00edvnos\u0165.<\/p>\n<p>N\u00e1\u0161 t\u00edm tvoria kvalifikovan\u00ed profesion\u00e1li vybaven\u00ed pokro\u010dil\u00fdmi technol\u00f3giami digit\u00e1lnej v\u00fdroby a profesion\u00e1lnymi testovac\u00edmi syst\u00e9mami. To zabezpe\u010duje, \u017ee neust\u00e1le vylep\u0161ujeme na\u0161u v\u00fdrobn\u00fa platformu a zdokona\u013eujeme v\u00fdrobn\u00e9 postupy zameran\u00e9 na kvalitu na\u0161ich produktov. Na\u0161e robustn\u00e9 kreat\u00edvne schopnosti n\u00e1m umo\u017e\u0148uj\u00fa uspokojova\u0165 rozmanit\u00e9 po\u017eiadavky z\u00e1kazn\u00edkov s vysokou efektivitou, presnos\u0165ou a kvalitou.<\/p>\n<p><img decoding=\"async\" src=\"https:\/\/www.hydraulic-cylinders.net\/wp-content\/uploads\/2025\/04\/songte-company-4.webp\" alt=\"Preh\u013ead spolo\u010dnosti\"><br \/>\n<img decoding=\"async\" src=\"https:\/\/www.hydraulic-cylinders.net\/wp-content\/uploads\/2025\/04\/songte-company-3.webp\" alt=\"V\u00fdrobn\u00e9 zariadenie\"><\/p>\n<p>Pon\u00fakame \u0161pecializovan\u00e9 slu\u017eby vr\u00e1tane rie\u0161en\u00ed na mieru, ktor\u00e9 s\u00fa podlo\u017een\u00e9 medzin\u00e1rodn\u00fdmi certifik\u00e1ciami, ktor\u00e9 potvrdzuj\u00fa n\u00e1\u0161 z\u00e1v\u00e4zok ku kvalite a bezpe\u010dnosti. Na\u0161e najmodernej\u0161ie v\u00fdrobn\u00e9 zariadenia zabezpe\u010duj\u00fa, \u017ee ka\u017ed\u00fd produkt sp\u013a\u0148a pr\u00edsne priemyseln\u00e9 \u0161tandardy, zatia\u013e \u010do n\u00e1\u0161 \u0161pecializovan\u00fd popredajn\u00fd servis zaru\u010duje spokojnos\u0165 a podporu z\u00e1kazn\u00edkov.<\/p>\n<p>Autor: lyl<\/p>","protected":false},"excerpt":{"rendered":"<p>Boom Cylinder For Bonny WY160AHD Product Overview The Boom Cylinder for Bonny WY160AHD is a specialized hydraulic cylinder designed to control the movement of the boom in various heavy machinery such as excavators, backhoe loaders, and front loaders. These cylinders enable the boom to lift, lower, and tilt, facilitating material handling tasks with ease and [&hellip;]<\/p>","protected":false},"featured_media":17869,"comment_status":"open","ping_status":"closed","template":"","meta":{"_et_pb_use_builder":"","_et_pb_old_content":"","_et_gb_content_width":""},"product_brand":[],"product_cat":[1546],"product_tag":[1547,1496],"class_list":{"0":"post-19651","1":"product","2":"type-product","3":"status-publish","4":"has-post-thumbnail","6":"product_cat-boom-cylinders","7":"product_tag-boom-cylinders","8":"product_tag-hydraulic-cylinders","10":"first","11":"instock","12":"shipping-taxable","13":"product-type-simple"},"amp_enabled":true,"_links":{"self":[{"href":"https:\/\/www.hydraulic-cylinders.net\/sk\/wp-json\/wp\/v2\/product\/19651","targetHints":{"allow":["GET"]}}],"collection":[{"href":"https:\/\/www.hydraulic-cylinders.net\/sk\/wp-json\/wp\/v2\/product"}],"about":[{"href":"https:\/\/www.hydraulic-cylinders.net\/sk\/wp-json\/wp\/v2\/types\/product"}],"replies":[{"embeddable":true,"href":"https:\/\/www.hydraulic-cylinders.net\/sk\/wp-json\/wp\/v2\/comments?post=19651"}],"wp:featuredmedia":[{"embeddable":true,"href":"https:\/\/www.hydraulic-cylinders.net\/sk\/wp-json\/wp\/v2\/media\/17869"}],"wp:attachment":[{"href":"https:\/\/www.hydraulic-cylinders.net\/sk\/wp-json\/wp\/v2\/media?parent=19651"}],"wp:term":[{"taxonomy":"product_brand","embeddable":true,"href":"https:\/\/www.hydraulic-cylinders.net\/sk\/wp-json\/wp\/v2\/product_brand?post=19651"},{"taxonomy":"product_cat","embeddable":true,"href":"https:\/\/www.hydraulic-cylinders.net\/sk\/wp-json\/wp\/v2\/product_cat?post=19651"},{"taxonomy":"product_tag","embeddable":true,"href":"https:\/\/www.hydraulic-cylinders.net\/sk\/wp-json\/wp\/v2\/product_tag?post=19651"}],"curies":[{"name":"pracovn\u00fd list","href":"https:\/\/api.w.org\/{rel}","templated":true}]}}