{"id":19654,"date":"2025-04-07T06:59:59","date_gmt":"2025-04-07T06:59:59","guid":{"rendered":"https:\/\/www.hydraulic-cylinders.net\/product\/boom-cylinder-for-bonny-wzyd18-6\/"},"modified":"2025-04-07T07:00:01","modified_gmt":"2025-04-07T07:00:01","slug":"boom-cylinder-for-bonny-wzyd18-6","status":"publish","type":"product","link":"https:\/\/www.hydraulic-cylinders.net\/sk\/produkt\/boom-cylinder-for-bonny-wzyd18-6\/","title":{"rendered":"Valec v\u00fdlo\u017en\u00edka pre Bonny WZYD18-6"},"content":{"rendered":"<h1>Valec v\u00fdlo\u017en\u00edka pre Bonny WZYD18-6<\/h1>\n<h2>Preh\u013ead produktu<\/h2>\n<p>Hydraulick\u00fd valec v\u00fdlo\u017en\u00edka pre Bonny WZYD18-6 je z\u00e1kladnou s\u00fa\u010das\u0165ou r\u00f4znych \u0165a\u017ek\u00fdch strojov, \u0161peci\u00e1lne navrhnut\u00fd na ovl\u00e1danie pohybu vedier. Tento hydraulick\u00fd valec hr\u00e1 k\u013e\u00fa\u010dov\u00fa \u00falohu v hydraulick\u00fdch syst\u00e9moch, ktor\u00e9 umo\u017e\u0148uj\u00fa zdv\u00edhanie, sp\u00fa\u0161\u0165anie a nakl\u00e1\u0148anie vedier na r\u00fdpadl\u00e1ch, r\u00fdpadlo-naklada\u010doch a \u010deln\u00fdch naklada\u010doch. Umo\u017enen\u00edm presnej kontroly nad pohybom v\u00fdrazne zvy\u0161uje efektivitu \u00faloh manipul\u00e1cie s materi\u00e1lom.<\/p>\n<p><img decoding=\"async\" src=\"https:\/\/www.hydraulic-cylinders.net\/wp-content\/uploads\/2025\/04\/songte-company-1.webp\" alt=\"Valec v\u00fdlo\u017en\u00edka\" \/><\/p>\n<h3>Pochopenie valcov vedra<\/h3>\n<p>Hydraulick\u00fd valec ly\u017eice je \u0161pecializovan\u00fd hydraulick\u00fd valec pou\u017e\u00edvan\u00fd v \u0165a\u017ek\u00fdch zariadeniach na riadenie prev\u00e1dzky ly\u017eice. Umo\u017e\u0148uje kritick\u00e9 pohyby potrebn\u00e9 pre r\u00f4zne \u00falohy vr\u00e1tane v\u00fdkopov\u00fdch pr\u00e1c, zdv\u00edhania a prepravy materi\u00e1lu. Hydraulick\u00fd syst\u00e9m vyu\u017e\u00edva tlakov\u00fa kvapalinu na vytvorenie pohybu, \u010do umo\u017e\u0148uje r\u00fdchle a responz\u00edvne pohyby, ktor\u00e9 s\u00fa k\u013e\u00fa\u010dov\u00e9 v stavebn\u00edctve a po\u013enohospod\u00e1rstve.<\/p>\n<h2>K\u013e\u00fa\u010dov\u00e9 vlastnosti valca v\u00fdlo\u017en\u00edka<\/h2>\n<ul>\n<li><strong>Vysok\u00e1 pevnos\u0165 a odolnos\u0165:<\/strong> T\u00e1to f\u013ea\u0161a je vyroben\u00e1 z vysokopevnostnej ocele alebo hlin\u00edka a je navrhnut\u00e1 tak, aby odolala vysok\u00e9mu tlaku a \u0165a\u017ek\u00fdm za\u0165a\u017eeniam, v\u010faka \u010domu je vhodn\u00e1 do n\u00e1ro\u010dn\u00fdch pracovn\u00fdch prostred\u00ed.<\/li>\n<li><strong>Efekt\u00edvna hydraulick\u00e1 prev\u00e1dzka:<\/strong> V\u010faka hydraulick\u00e9mu tlaku oleja zais\u0165uje plynul\u00e9 vys\u00favanie a zas\u00favanie, \u010d\u00edm poskytuje v\u00fdkonn\u00e9 push-pull funkcie, ide\u00e1lne pre \u0165a\u017ek\u00e9 a zlo\u017eit\u00e9 \u00falohy.<\/li>\n<li><strong>R\u00f4zne typy:<\/strong> K dispoz\u00edcii s\u00fa mo\u017enosti pre jedno\u010dinn\u00e9 (vyu\u017e\u00edvaj\u00face hydraulick\u00fd tlak v jednom smere) alebo dvoj\u010dinn\u00e9 valce (vyu\u017e\u00edvaj\u00face hydraulick\u00fd tlak v oboch smeroch), ktor\u00e9 vyhovuj\u00fa r\u00f4znym prev\u00e1dzkov\u00fdm potreb\u00e1m.<\/li>\n<li><strong>Kompaktn\u00fd dizajn:<\/strong> Niektor\u00e9 modely maj\u00fa teleskopick\u00fa kon\u0161trukciu, ktor\u00e1 umo\u017e\u0148uje v\u00e4\u010d\u0161ie vysunutie bez zv\u00e4\u010d\u0161enia vonkaj\u0161\u00edch rozmerov, v\u010faka \u010domu s\u00fa ide\u00e1lne pre aplik\u00e1cie s obmedzen\u00fdm priestorom.<\/li>\n<li><strong>Pred\u013a\u017een\u00e1 \u017eivotnos\u0165:<\/strong> Tieto valce, navrhnut\u00e9 s oh\u013eadom na odolnos\u0165 proti opotrebovaniu a kor\u00f3zii, pon\u00fakaj\u00fa pred\u013a\u017een\u00fa \u017eivotnos\u0165 aj v n\u00e1ro\u010dn\u00fdch podmienkach.<\/li>\n<\/ul>\n<p>Na\u0161e produkty dokonale nahr\u00e1dzaj\u00fa r\u00f4zne hydraulick\u00e9 valce pou\u017e\u00edvan\u00e9 v priemysle.<\/p>\n<p><img decoding=\"async\" src=\"https:\/\/www.hydraulic-cylinders.net\/wp-content\/uploads\/2025\/04\/songte-cylinder-head-with-all-kinds-excavator-models.webp\" alt=\"Hlava hydraulick\u00e9ho valca\" \/><\/p>\n<h2>Scen\u00e1re aplik\u00e1ci\u00ed<\/h2>\n<h3>Stavebn\u00e9 stroje<\/h3>\n<p>V stavebn\u00fdch strojoch s\u00fa valce v\u00fdlo\u017en\u00edka neoddelite\u013enou s\u00fa\u010das\u0165ou r\u00fdpadiel a pom\u00e1haj\u00fa pri kopan\u00ed, nakladan\u00ed a premiest\u0148ovan\u00ed zeminy alebo sutiny. Poskytuj\u00fa potrebn\u00fa silu na manipul\u00e1ciu s ly\u017eicou, \u010d\u00edm zabezpe\u010duj\u00fa efekt\u00edvnu prev\u00e1dzku na stavenisk\u00e1ch.<\/p>\n<h3>Po\u013enohospod\u00e1rske stroje<\/h3>\n<p>V \u010deln\u00fdch naklada\u010doch sa tieto valce pou\u017e\u00edvaj\u00fa na naberanie, zdv\u00edhanie a prepravu p\u00f4dy, sena a in\u00fdch materi\u00e1lov. V\u010faka svojej spo\u013eahlivosti a pevnosti s\u00fa nevyhnutn\u00e9 pre po\u013enohospod\u00e1rske \u00falohy a zvy\u0161uj\u00fa produktivitu v po\u013enohospod\u00e1rskych prev\u00e1dzkach.<\/p>\n<h3>R\u00fdpadl\u00e1<\/h3>\n<p>V pr\u00edpade r\u00fdpadiel umo\u017e\u0148uj\u00fa valce ly\u017eice efekt\u00edvne prenikanie ly\u017eice do zeme, \u010d\u00edm sa zlep\u0161uje proces kopania. Ich hydraulick\u00fd v\u00fdkon umo\u017e\u0148uje zna\u010dn\u00fd kopac\u00ed v\u00fdkon, v\u010faka \u010domu s\u00fa nevyhnutn\u00e9 v stavebn\u00edctve a ter\u00e9nnych \u00faprav\u00e1ch.<\/p>\n<h3>Naklada\u010de<\/h3>\n<p>V \u010deln\u00fdch naklada\u010doch tieto valce pom\u00e1haj\u00fa efekt\u00edvne zdv\u00edha\u0165 a vyklada\u0165 n\u00e1klad. Ich kon\u0161trukcia zais\u0165uje \u013eahk\u00fa prepravu \u0165a\u017ek\u00fdch materi\u00e1lov, \u010d\u00edm sa zlep\u0161uje celkov\u00e1 prev\u00e1dzkov\u00e1 efektivita v r\u00f4znych odvetviach.<\/p>\n<h2>\u00davahy o dizajne a krit\u00e9ri\u00e1 v\u00fdberu<\/h2>\n<ul>\n<li><strong>Nosnos\u0165:<\/strong> Nosnos\u0165 je k\u013e\u00fa\u010dov\u00e1, preto\u017ee ur\u010duje mno\u017estvo hmotnosti, ktor\u00e9 valec dok\u00e1\u017ee bezpe\u010dne unies\u0165. Je nevyhnutn\u00e9 vybra\u0165 valec, ktor\u00fd sp\u013a\u0148a alebo prekra\u010duje po\u017eiadavky na za\u0165a\u017eenie stroja, v ktorom bude nain\u0161talovan\u00fd.<\/li>\n<li><strong>Tesniaci v\u00fdkon:<\/strong> \u00da\u010dinn\u00e9 tesnenie zabra\u0148uje \u00faniku hydraulickej kvapaliny a zais\u0165uje optim\u00e1lny v\u00fdkon. Vysokokvalitn\u00e9 tesnenia vyroben\u00e9 z odoln\u00fdch materi\u00e1lov zvy\u0161uj\u00fa \u017eivotnos\u0165 a \u00fa\u010dinnos\u0165 hydraulick\u00fdch valcov.<\/li>\n<li><strong>Trvanlivos\u0165:<\/strong> Materi\u00e1ly pou\u017e\u00edvan\u00e9 v stavebn\u00edctve musia odol\u00e1va\u0165 n\u00e1ro\u010dn\u00fdm podmienkam vr\u00e1tane extr\u00e9mnych tepl\u00f4t a koroz\u00edvneho prostredia. Kon\u0161trukcia by mala obsahova\u0165 prvky, ktor\u00e9 zmier\u0148uj\u00fa opotrebovanie v priebehu \u010dasu.<\/li>\n<li><strong>Bezpe\u010dnostn\u00e9 normy:<\/strong> F\u013ea\u0161e musia sp\u013a\u0148a\u0165 bezpe\u010dnostn\u00e9 predpisy a normy, aby sa zabezpe\u010dila bezpe\u010dn\u00e1 prev\u00e1dzka. Patria sem prvky, ako s\u00fa pretlakov\u00e9 ventily a in\u00e9 bezpe\u010dnostn\u00e9 mechanizmy na predch\u00e1dzanie nehod\u00e1m.<\/li>\n<li><strong>Jednoduch\u00e1 \u00fadr\u017eba:<\/strong> Dobre navrhnut\u00fd valec by mal umo\u017e\u0148ova\u0165 jednoduch\u00fd pr\u00edstup ku komponentom pre pravideln\u00fa \u00fadr\u017ebu. Zoh\u013eadnenie vymenite\u013en\u00fdch dielov a jednoduch\u00e1 mont\u00e1\u017e m\u00f4\u017eu u\u0161etri\u0165 \u010das a skr\u00e1ti\u0165 prestoje.<\/li>\n<\/ul>\n<p><img decoding=\"async\" src=\"https:\/\/www.hydraulic-cylinders.net\/wp-content\/uploads\/2025\/04\/songte-oil-pipes-and-spare-parts.webp\" alt=\"Olejov\u00e9 potrubia a n\u00e1hradn\u00e9 diely\" \/><\/p>\n<h2>Tesnenie a mazanie<\/h2>\n<p>Spr\u00e1vne tesnenie a mazanie s\u00fa nevyhnutn\u00e9 pre funk\u010dnos\u0165 a dlh\u00fa \u017eivotnos\u0165 hydraulick\u00fdch valcov. Na zabr\u00e1nenie \u00faniku kvapaliny sa pou\u017e\u00edvaj\u00fa r\u00f4zne tesnenia, ako s\u00fa tesnenia piestov a tesnenia ty\u010d\u00ed. Tesnenia vyroben\u00e9 z materi\u00e1lov odoln\u00fdch vo\u010di opotrebovaniu, ako je polyuret\u00e1n a nitrilov\u00fd kau\u010duk, zais\u0165uj\u00fa odolnos\u0165 pod tlakom. Teleso valca a z\u00e1vitov\u00e9 koncov\u00e9 povrchy prech\u00e1dzaj\u00fa jemnou \u00fapravou na zv\u00fd\u0161enie odolnosti vo\u010di opotrebovaniu, zatia\u013e \u010do pravideln\u00e9 mazanie hydraulick\u00fdm olejom je nevyhnutn\u00e9 pre hladk\u00fd chod syst\u00e9mu.<\/p>\n<h2>Pravideln\u00e1 kontrola a prevent\u00edvna \u00fadr\u017eba<\/h2>\n<ul>\n<li><strong>Rutinn\u00e1 kontrola:<\/strong> Pravideln\u00e9 kontroly pom\u00e1haj\u00fa identifikova\u0165 opotrebovanie sk\u00f4r, ako povedie k v\u00fdznamn\u00fdm poruch\u00e1m. H\u013eadajte zn\u00e1mky netesnost\u00ed, opotrebovania tesnen\u00ed a celkov\u00e9ho stavu.<\/li>\n<li><strong>Spr\u00e1vne mazanie:<\/strong> Zabezpe\u010dte v\u010dasn\u00e9 mazanie pohybliv\u00fdch \u010dast\u00ed, aby sa zn\u00ed\u017eilo trenie a opotrebovanie. T\u00e1to \u00fadr\u017eba je k\u013e\u00fa\u010dov\u00e1 pre udr\u017eanie optim\u00e1lneho v\u00fdkonu.<\/li>\n<li><strong>V\u00fdmena tesnenia:<\/strong> Pravidelne kontrolujte tesnenia, \u010di nevykazuj\u00fa zn\u00e1mky opotrebovania. V\u00fdmena opotrebovan\u00fdch tesnen\u00ed zabezpe\u010duje efekt\u00edvnu prev\u00e1dzku hydraulick\u00e9ho syst\u00e9mu a zabra\u0148uje \u00fanikom a strate tlaku.<\/li>\n<\/ul>\n<h2>Pokyny na in\u0161tal\u00e1ciu<\/h2>\n<p>When installing the boom cylinder, it is essential to follow the manufacturer&#8217;s guidelines meticulously. Begin by ensuring that the mounting brackets are secure and correctly aligned with the cylinder. Use appropriate tools to tighten bolts, ensuring a snug fit without over-tightening. Proper alignment of the cylinder is crucial to prevent undue stress and potential failure. After installation, check for hydraulic leaks and ensure smooth operation through the entire range of motion. It is recommended to consult with a professional if any issues arise during installation.<\/p>\n<h2>Be\u017en\u00e9 \u00falohy \u00fadr\u017eby<\/h2>\n<ul>\n<li><strong>Pravideln\u00e9 kontroly:<\/strong> Vykon\u00e1vajte pravideln\u00e9 kontroly v\u00fdkonu a integrity valcov, aby ste v\u010das odhalili probl\u00e9my.<\/li>\n<li><strong>Vhodn\u00e9 mazanie:<\/strong> Dodr\u017eiavajte pravideln\u00fd pl\u00e1n mazania a pou\u017e\u00edvajte vysokokvalitn\u00fd hydraulick\u00fd olej.<\/li>\n<li><strong>V\u00fdmena a kalibr\u00e1cia tesnenia:<\/strong> Zabezpe\u010dte v\u00fdmenu tesnen\u00ed pri opotrebovan\u00ed a pravideln\u00fa kontrolu kalibr\u00e1cie, aby sa zachoval optim\u00e1lny v\u00fdkon.<\/li>\n<\/ul>\n<p>Spr\u00e1vne zarovnanie valca pri in\u0161tal\u00e1cii je nevyhnutn\u00e9 a pou\u017eitie vhodn\u00fdch mont\u00e1\u017enych konzol zv\u00fd\u0161i stabilitu. Pravideln\u00e9 kontroly, opravy a v\u00fdmeny s\u00fa nevyhnutn\u00e9 na pred\u013a\u017eenie \u017eivotnosti valca.<\/p>\n<p><img decoding=\"async\" src=\"https:\/\/www.hydraulic-cylinders.net\/wp-content\/uploads\/2025\/04\/songte-chushion-collar.webp\" alt=\"Vank\u00fa\u0161ov\u00fd golier\" \/><\/p>\n<h2>Bezpe\u010dnostn\u00e9 aspekty a faktory prostredia<\/h2>\n<p>Pri pr\u00e1ci s hydraulick\u00fdmi valcami s\u00fa bezpe\u010dnostn\u00e9 opatrenia prvorad\u00e9. Obsluha by mala by\u0165 vy\u0161kolen\u00e1 v bezpe\u010dnej manipul\u00e1cii so zariadeniami a mala by rozumie\u0165 potenci\u00e1lnym nebezpe\u010denstv\u00e1m spojen\u00fdm s hydraulick\u00fdm tlakom. Pravideln\u00e9 \u0161kolenie a dodr\u017eiavanie bezpe\u010dnostn\u00fdch protokolov m\u00f4\u017ee v\u00fdrazne zn\u00ed\u017ei\u0165 riziko neh\u00f4d.<\/p>\n<h2>Rie\u0161enie probl\u00e9mov a be\u017en\u00e9 probl\u00e9my<\/h2>\n<ul>\n<li><strong>Strata tlaku:<\/strong> Ak valec nereaguje spr\u00e1vne, skontrolujte hladinu hydraulickej kvapaliny a pr\u00edpadn\u00e9 netesnosti v syst\u00e9me.<\/li>\n<li><strong>Nerovnomern\u00fd pohyb:<\/strong> M\u00f4\u017ee to nazna\u010dova\u0165 probl\u00e9my s tesneniami alebo vn\u00fatorn\u00fdmi komponentmi. Skontrolujte tesnenia a zv\u00e1\u017ete op\u00e4tovn\u00fa kalibr\u00e1ciu syst\u00e9mu.<\/li>\n<li><strong>Nezvy\u010dajn\u00e9 zvuky:<\/strong> Hluky po\u010das prev\u00e1dzky m\u00f4\u017eu signalizova\u0165, \u017ee je potrebn\u00e1 \u00fadr\u017eba. Presk\u00famajte potenci\u00e1lne probl\u00e9my s mazan\u00edm alebo opotrebovan\u00fdmi dielmi.<\/li>\n<\/ul>\n<p>Pre efekt\u00edvnu diagnostiku a rie\u0161enie probl\u00e9mov dodr\u017eiavajte systematick\u00fd pr\u00edstup k odstra\u0148ovaniu probl\u00e9mov. Pravideln\u00e9 prevent\u00edvne opatrenia vr\u00e1tane kontrol netesnost\u00ed a hladiny kvapal\u00edn minimalizuj\u00fa potenci\u00e1lne probl\u00e9my v hydraulickom syst\u00e9me.<\/p>\n<p><img decoding=\"async\" src=\"https:\/\/www.hydraulic-cylinders.net\/wp-content\/uploads\/2025\/04\/songte-bushings-with-all-kinds-of-excavator-models.webp\" alt=\"Puzdr\u00e1 s modelmi bagrov\" \/><\/p>\n<h2>Preh\u013ead spolo\u010dnosti<\/h2>\n<p>Sme popredn\u00fdm v\u00fdrobcom a distrib\u00fatorom n\u00e1hradn\u00fdch hydraulick\u00fdch valcov a pon\u00fakame \u0161irok\u00fd sortiment produktov vhodn\u00fdch pre dom\u00e1ci aj medzin\u00e1rodn\u00fd trh. N\u00e1\u0161 z\u00e1v\u00e4zok k excelentnosti je podporen\u00fd prepracovanou v\u00fdrobnou strat\u00e9giou, ktor\u00e1 vyu\u017e\u00edva pokro\u010dil\u00e9 technol\u00f3gie a kvalifikovan\u00fd person\u00e1l. Neust\u00e1le zlep\u0161ujeme na\u0161e v\u00fdrobn\u00e9 procesy s cie\u013eom zlep\u0161i\u0165 kvalitu a efekt\u00edvnos\u0165 produktov a zabezpe\u010di\u0165, aby sme sp\u013a\u0148ali rozmanit\u00e9 potreby z\u00e1kazn\u00edkov s vysokou presnos\u0165ou a spo\u013eahlivos\u0165ou.<\/p>\n<p>Na\u0161a spolo\u010dnos\u0165 sa p\u00fd\u0161i profesionalitou, medzin\u00e1rodn\u00fdmi certifik\u00e1ciami, z\u00e1kazkov\u00fdmi slu\u017ebami, modern\u00fdm v\u00fdrobn\u00fdm vybaven\u00edm a komplexnou popredajnou podporou.<\/p>\n<p><img decoding=\"async\" src=\"https:\/\/www.hydraulic-cylinders.net\/wp-content\/uploads\/2025\/04\/songte-company-4.webp\" alt=\"Obr\u00e1zok spolo\u010dnosti 4\" \/><br \/>\n<img decoding=\"async\" src=\"https:\/\/www.hydraulic-cylinders.net\/wp-content\/uploads\/2025\/04\/songte-company-3.webp\" alt=\"Obr\u00e1zok spolo\u010dnosti 3\" \/><\/p>\n<p>Autor: lyl<\/p>","protected":false},"excerpt":{"rendered":"<p>Boom Cylinder For Bonny WZYD18-6 Product Overview The Boom Cylinder for Bonny WZYD18-6 is an essential component in various heavy machinery, specifically designed to control the movement of buckets. This hydraulic cylinder plays a critical role in hydraulic systems, enabling the lifting, lowering, and tilting of buckets on excavators, backhoe loaders, and front-end loaders. By [&hellip;]<\/p>","protected":false},"featured_media":17872,"comment_status":"open","ping_status":"closed","template":"","meta":{"_et_pb_use_builder":"","_et_pb_old_content":"","_et_gb_content_width":""},"product_brand":[],"product_cat":[1546],"product_tag":[1547,1496],"class_list":{"0":"post-19654","1":"product","2":"type-product","3":"status-publish","4":"has-post-thumbnail","6":"product_cat-boom-cylinders","7":"product_tag-boom-cylinders","8":"product_tag-hydraulic-cylinders","10":"first","11":"instock","12":"shipping-taxable","13":"product-type-simple"},"amp_enabled":true,"_links":{"self":[{"href":"https:\/\/www.hydraulic-cylinders.net\/sk\/wp-json\/wp\/v2\/product\/19654","targetHints":{"allow":["GET"]}}],"collection":[{"href":"https:\/\/www.hydraulic-cylinders.net\/sk\/wp-json\/wp\/v2\/product"}],"about":[{"href":"https:\/\/www.hydraulic-cylinders.net\/sk\/wp-json\/wp\/v2\/types\/product"}],"replies":[{"embeddable":true,"href":"https:\/\/www.hydraulic-cylinders.net\/sk\/wp-json\/wp\/v2\/comments?post=19654"}],"wp:featuredmedia":[{"embeddable":true,"href":"https:\/\/www.hydraulic-cylinders.net\/sk\/wp-json\/wp\/v2\/media\/17872"}],"wp:attachment":[{"href":"https:\/\/www.hydraulic-cylinders.net\/sk\/wp-json\/wp\/v2\/media?parent=19654"}],"wp:term":[{"taxonomy":"product_brand","embeddable":true,"href":"https:\/\/www.hydraulic-cylinders.net\/sk\/wp-json\/wp\/v2\/product_brand?post=19654"},{"taxonomy":"product_cat","embeddable":true,"href":"https:\/\/www.hydraulic-cylinders.net\/sk\/wp-json\/wp\/v2\/product_cat?post=19654"},{"taxonomy":"product_tag","embeddable":true,"href":"https:\/\/www.hydraulic-cylinders.net\/sk\/wp-json\/wp\/v2\/product_tag?post=19654"}],"curies":[{"name":"pracovn\u00fd list","href":"https:\/\/api.w.org\/{rel}","templated":true}]}}